{"id":29203,"date":"2025-09-07T11:01:28","date_gmt":"2025-09-07T03:01:28","guid":{"rendered":"https:\/\/www.eco-leather.com\/product\/0-6mm-ultra-wear-resistant-pvc-leather-fabric-for-electronics-cover\/"},"modified":"2025-09-07T11:01:30","modified_gmt":"2025-09-07T03:01:30","slug":"0-6mm-ultra-wear-resistant-pvc-leather-fabric-for-electronics-cover","status":"publish","type":"product","link":"https:\/\/www.eco-leather.com\/es\/0-6mm-ultra-wear-resistant-pvc-leather-fabric-for-electronics-cover\/","title":{"rendered":"Tejido de cuero de PVC ultrarresistente de 0,6 mm para fundas de aparatos electr\u00f3nicos"},"content":{"rendered":"<h2>Microfibra de cuero para tapicer\u00eda de autom\u00f3viles<\/h2>\n<p><main><\/p>\n<section id=\"product-overview\">\n<h2>Descripci\u00f3n del producto<\/h2>\n<p>producto <strong>Pvc Leather Material Customized<\/strong> descripci\u00f3n<\/p>\n<p>Antiest\u00e1tico <strong>Cajas de piel sint\u00e9tica China<\/strong> Oil-resistant<\/p>\n<p>Fabricados con materiales de microfibra de alta calidad, nuestros guantes de piel sint\u00e9tica de microfibra Ultrasuede de 0,7 mm son la elecci\u00f3n perfecta para el ciclismo. Equilibra flexibilidad y resistencia, y ofrece una transpirabilidad excepcional y propiedades de evacuaci\u00f3n de la humedad para mantener las manos frescas y secas durante salidas intensas.<\/p>\n<p>Tanto si eres un ciclista profesional como si te dedicas al ocio, la piel de microfibra este material proporciona una comodidad y una protecci\u00f3n insuperables. Su gran resistencia a las abrasiones y los desgarros garantiza un rendimiento duradero, mientras que su elegante dise\u00f1o a\u00f1ade un toque sofisticado a cualquier conjunto ciclista.<\/p>\n<\/section>\n<section id=\"specifications\">\n<h2>Par\u00e1metros t\u00e9cnicos<\/h2>\n<ul class_=\"parameters-list\">\n<li><span class=\"param-name\">par\u00e1metro <strong>Piel importada<\/strong> Material:<\/span> microfibra + PU. color: colores personalizados. Espesor Normalmente 1.2mm, tambi\u00e9n 0.6mm, 0.8mm, 1mm, 1.4mm, 1.6mm.O Espesor personalizado Cantidad m\u00ednima de pedido: 300 metros lineales.<\/li>\n<li><span class=\"param-name\">Longitud del rollo:<\/span> 20-30m\/rollo plazo de entrega: 15-20 d\u00edas. anchura: 54 , 137cm capacidad de producci\u00f3n: 1.000.000 metros mensuales.<\/li>\n<\/ul>\n<p><img decoding=\"async\" alt=\"Piel sint\u00e9tica de microfibra de 0,7 mm Ultrasuede para guantes de ciclismo - Especificaci\u00f3n del material\" class=\"product-image\" src=\"\/wp-content\/uploads\/2025\/08\/07mm-ultrasuede-microfiber-faux-leather-for-cycling-gloves--37881.jpg\"\/><\/p>\n<h3>Par\u00e1metros del producto<\/h3>\n<ul class=\"parameters-list\">\n<li><span class=\"param-name\">Material:<\/span> Microfibra + PU<\/li>\n<li><span class=\"param-name\">Color:<\/span> Negro, gris, beige (colores personalizados disponibles)<\/li>\n<li><span class=\"param-name\">Grosor:<\/span> 0,6 mm, 0,7 mm, 0,8 mm, 1 mm<\/li>\n<li><span class=\"param-name\">Cantidad m\u00ednima de pedido:<\/span> 300 metros lineales<\/li>\n<li><span class=\"param-name\">Longitud del rollo:<\/span> 20-30 m\/rollo<\/li>\n<li><span class=\"param-name\">Plazo de entrega:<\/span> 15-20 d\u00edas<\/li>\n<li><span class=\"param-name\">Anchura:<\/span> 54\u2033, 137cm<\/li>\n<li><span class=\"param-name\">Capacidad de producci\u00f3n:<\/span> 1.000.000 de metros mensuales<\/li>\n<\/ul>\n<\/section>\n<section id=\"features\">\n<h2>Caracter\u00edsticas del producto<\/h2>\n<div class=\"feature-item\">\n<img decoding=\"async\" alt=\"ThisWaterproof Sofa Fabric Exporter0\" class=\"feature-image left\" src=\"\/wp-content\/uploads\/2025\/08\/06mm-ultra-wear-resistant-pvc-leather-fabric-for-electronics-cover-31899.jpg\"\/><\/p>\n<h3>Este <strong>Exportador de telas impermeables para sof\u00e1s<\/strong> 0<\/h3>\n<p>Este <strong>Exportador de telas impermeables para sof\u00e1s<\/strong> 0.6mm high-density PVC leather features enhanced surface coating technology for ultra-wear resistance (Taber test  10,000 cycles), weatherproof (-20  to 80 ), scratch resistance, and flexibility.<\/p>\n<div class=\"clear\"><\/div>\n<\/div>\n<div class=\"feature-item\">\n<img decoding=\"async\" alt=\"DesignedWaterproof Leather Fabric Odmhsasfor electronic device covers, it supports B2B customization in size, texture, and color, complies with RoHS\/REACH standards, and suits automated cutting lines\" class=\"feature-image left\" src=\"\/wp-content\/uploads\/2025\/08\/06mm-ultra-wear-resistant-pvc-leather-fabric-for-electronics-cover-31900.jpg\"\/><\/p>\n<h3>Dise\u00f1ado <strong>Piel Impermeable Tejido Odmhsas<\/strong> for electronic device covers, it supports B2B customization in size, texture, and color, complies with RoHS\/REACH standards, and suits automated cutting lines<\/h3>\n<p>Dise\u00f1ado <strong>Piel Impermeable Tejido Odmhsas<\/strong> for electronic device covers, it supports B2B customization in size, texture, and color, complies with RoHS\/REACH standards, and suits automated cutting lines.<\/p>\n<div class=\"clear\"><\/div>\n<\/div>\n<div class=\"feature-item\">\n<img decoding=\"async\" alt=\"ProductDurable Sofa Fabric Traderdetails and features Our leather material for electronic packaging features an antistatic property, achieved through the integration of conductive additives or surface treatments, ensuring the safe handling and protection of sensitive electronic components by dissipating static charges effectively\" class=\"feature-image left\" src=\"\/wp-content\/uploads\/2025\/08\/06mm-ultra-wear-resistant-pvc-leather-fabric-for-electronics-cover-31901.jpg\"\/><\/p>\n<h3>Producto <strong>Durable Sof\u00e1 Tela Trader<\/strong> detalles y caracter\u00edsticas Nuestro material de cuero para embalajes electr\u00f3nicos posee propiedades antiest\u00e1ticas, conseguidas mediante la integraci\u00f3n de aditivos conductores o tratamientos superficiales, que garantizan la manipulaci\u00f3n segura y la protecci\u00f3n de componentes electr\u00f3nicos sensibles disipando eficazmente las cargas est\u00e1ticas.<\/h3>\n<p>Producto <strong>Durable Sof\u00e1 Tela Trader<\/strong> detalles y caracter\u00edsticas Nuestro material de cuero para embalajes electr\u00f3nicos presenta una propiedad antiest\u00e1tica, conseguida mediante la integraci\u00f3n de aditivos conductores o tratamientos superficiales, que garantiza la manipulaci\u00f3n segura y la protecci\u00f3n de componentes electr\u00f3nicos sensibles al disipar eficazmente las cargas est\u00e1ticas.<\/p>\n<div class=\"clear\"><\/div>\n<\/div>\n<div class=\"feature-item\">\n<img decoding=\"async\" alt=\"Alta resistencia al desgarro - Ultrasuede Microfibra Faux Leather para guantes de ciclismo\" class=\"feature-image left\" src=\"\/wp-content\/uploads\/2025\/08\/07mm-ultrasuede-microfiber-faux-leather-for-cycling-gloves--37882.jpg\"\/><\/p>\n<h3>Alta resistencia al desgarro<\/h3>\n<p>Nuestra piel de microfibra Ultrasuede presenta una excepcional resistencia al desgarro, lo que garantiza que no se romper\u00e1 ni deformar\u00e1 f\u00e1cilmente bajo tensi\u00f3n. Esto la hace ideal para productos que requieren durabilidad y rendimiento a largo plazo.<\/p>\n<div class=\"clear\"><\/div>\n<\/div>\n<div class=\"feature-item\">\n<img decoding=\"async\" alt=\"Retenci\u00f3n de la forma - Piel sint\u00e9tica de microfibra Ultrasuede para guantes de ciclismo\" class=\"feature-image right\" src=\"\/wp-content\/uploads\/2025\/08\/07mm-ultrasuede-microfiber-faux-leather-for-cycling-gloves--37883.jpg\"\/><\/p>\n<h3>No es f\u00e1cil de deformar<\/h3>\n<p>Especialmente tratado para mantener su forma original, este material ofrece una excelente elasticidad y estabilidad. Resiste la deformaci\u00f3n por presi\u00f3n externa o estiramiento, manteniendo los productos intactos y atractivos a lo largo del tiempo.<\/p>\n<div class=\"clear\"><\/div>\n<\/div>\n<div class=\"feature-item\">\n<img decoding=\"async\" alt=\"Durabilidad - Piel sint\u00e9tica de microfibra Ultrasuede para guantes de ciclismo\" class=\"feature-image left\" src=\"\/wp-content\/uploads\/2025\/08\/07mm-ultrasuede-microfiber-faux-leather-for-cycling-gloves--37884.jpg\"\/><\/p>\n<h3>Durabilidad<\/h3>\n<p>Extremadamente resistente a la abrasi\u00f3n, los desgarros y los pinchazos, este material garantiza que los guantes se mantengan en \u00f3ptimas condiciones incluso con un uso prolongado. Tambi\u00e9n mantiene una excelente destreza y resistencia para art\u00edculos de piel de alta calidad.<\/p>\n<div class=\"clear\"><\/div>\n<\/div>\n<\/section>\n<p><\/main><\/p>\n<section id=\"inquiry\">\n<h2 style=\"text-align: center;\">Esperamos su consulta.<\/h2>\n<p style=\"text-align: center;\">P\u00f3ngase en contacto con nosotros hoy mismo para obtener m\u00e1s informaci\u00f3n sobre nuestros productos y realizar su pedido.<\/p>\n<\/section>\n\n    <div class=\"xs_social_share_widget xs_share_url after_content \t\tmain_content  wslu-style-1 wslu-share-box-shaped wslu-fill-colored wslu-none wslu-share-horizontal wslu-theme-font-no wslu-main_content\">\n\n\t\t\n        <ul>\n\t\t\t        <\/ul>\n    <\/div>","protected":false},"excerpt":{"rendered":"<div class=\"product-short-description\">Faux Leather for Electronic Devices Covering 0.6mm Ultra-wear Resistant PVC Leather Fabric For Electronics Cover WINIW 0.6mm Ultra-wear Resistant PVC Leather Fabric For Electronics Cover Key features include.Ideal for those seeking quality and reliability.<\/p>\n<p>Como f\u00e1brica directa, fabricante y mayorista, podemos controlar estrictamente el proceso de producci\u00f3n para garantizar la calidad del producto y, al mismo tiempo, ofrecerle los precios m\u00e1s favorables. Contamos con equipos de producci\u00f3n avanzados y un equipo t\u00e9cnico profesional para satisfacer sus necesidades de pedidos a gran escala y garantizar una entrega puntual.<\/p>\n<\/div>","protected":false},"featured_media":5080,"template":"","meta":[],"product_brand":[],"product_cat":[316],"product_tag":[19045],"class_list":{"0":"post-29203","1":"product","2":"type-product","3":"status-publish","4":"has-post-thumbnail","6":"product_cat-faux-leather-for-electronic-devices-covering","7":"product_tag-pvc-leather-fabric-factorypvc-leather-fabric-exporterpvc-leather-fabric-companypvc-leather-fabric-retailerpvc-leather-fabric-oempvc-leather-fabric-bulk","9":"first","10":"instock","11":"product-type-simple"},"_links":{"self":[{"href":"https:\/\/www.eco-leather.com\/es\/wp-json\/wp\/v2\/product\/29203","targetHints":{"allow":["GET"]}}],"collection":[{"href":"https:\/\/www.eco-leather.com\/es\/wp-json\/wp\/v2\/product"}],"about":[{"href":"https:\/\/www.eco-leather.com\/es\/wp-json\/wp\/v2\/types\/product"}],"wp:featuredmedia":[{"embeddable":true,"href":"https:\/\/www.eco-leather.com\/es\/wp-json\/wp\/v2\/media\/5080"}],"wp:attachment":[{"href":"https:\/\/www.eco-leather.com\/es\/wp-json\/wp\/v2\/media?parent=29203"}],"wp:term":[{"taxonomy":"product_brand","embeddable":true,"href":"https:\/\/www.eco-leather.com\/es\/wp-json\/wp\/v2\/product_brand?post=29203"},{"taxonomy":"product_cat","embeddable":true,"href":"https:\/\/www.eco-leather.com\/es\/wp-json\/wp\/v2\/product_cat?post=29203"},{"taxonomy":"product_tag","embeddable":true,"href":"https:\/\/www.eco-leather.com\/es\/wp-json\/wp\/v2\/product_tag?post=29203"}],"curies":[{"name":"wp","href":"https:\/\/api.w.org\/{rel}","templated":true}]}}