{"id":29198,"date":"2025-09-07T11:01:28","date_gmt":"2025-09-07T03:01:28","guid":{"rendered":"https:\/\/www.eco-leather.com\/product\/0-6mm-microfiber-pu-suede-artificial-leather-fabric-for-jewelry-box\/"},"modified":"2025-09-07T11:01:29","modified_gmt":"2025-09-07T03:01:29","slug":"0-6mm-microfibra-pu-gamuza-tela-de-cuero-artificial-para-joyero","status":"publish","type":"product","link":"https:\/\/www.eco-leather.com\/es\/0-6mm-microfibra-pu-gamuza-tela-de-cuero-artificial-para-joyero\/","title":{"rendered":"0.6mm Microfibra PU Gamuza Cuero Artificial Tela Para Joyero"},"content":{"rendered":"<h2>Venta de material duradero - Distribuidores de tejido para bolsas<\/h2>\n<p><main><\/p>\n<section id=\"product-overview\">\n<h2>Descripci\u00f3n del producto<\/h2>\n<p>0,6 mm <strong>Fabricantes de cuero artificial<\/strong> Microfibra PU Gamuza Cuero Artificial Tela Para Joyero 01-Especificaciones y Descripciones<\/p>\n<p>Producto <strong>Cajas de piel sint\u00e9tica China<\/strong> Informaci\u00f3n El 0,6 mm de microfibra de gamuza PU tela de cuero artificial para la caja de joyer\u00eda es el material perfecto para la creaci\u00f3n de cajas de joyas elegante y lujoso.<\/p>\n<p>Este tejido tiene una textura suave y lisa que parece y se siente como el ante aut\u00e9ntico, a la vez que es resistente y duradero. Utilizaci\u00f3n de <strong>Automotive LeatherSeats Service Dog<\/strong> esta tela para crear un joyero a\u00f1ade un toque de sofisticaci\u00f3n y clase a su soluci\u00f3n de almacenamiento, convirti\u00e9ndolo en una hermosa pieza para exhibir en su tocador o tocador.<\/p>\n<p>Tanto si desea crear una caja sencilla pero elegante como una obra maestra \u00fanica, esta tela es la elecci\u00f3n perfecta.<\/p>\n<p>Fabricados con materiales de microfibra de alta calidad, nuestros guantes de piel sint\u00e9tica de microfibra Ultrasuede de 0,7 mm son la elecci\u00f3n perfecta para el ciclismo. Equilibra flexibilidad y resistencia, y ofrece una transpirabilidad excepcional y propiedades de evacuaci\u00f3n de la humedad para mantener las manos frescas y secas durante salidas intensas.<\/p>\n<p>Tanto si eres un ciclista profesional como si te dedicas al ocio, la piel de microfibra este material proporciona una comodidad y una protecci\u00f3n insuperables. Su gran resistencia a las abrasiones y los desgarros garantiza un rendimiento duradero, mientras que su elegante dise\u00f1o a\u00f1ade un toque sofisticado a cualquier conjunto ciclista.<\/p>\n<\/section>\n<section id=\"specifications\">\n<h2>Par\u00e1metros t\u00e9cnicos<\/h2>\n<p>Par\u00e1metro <strong>Piel importada<\/strong> Detalle Textura Liso Ancho 54 , 137cm Color Negro, Blanco, Rojo, Azul, Verde, Amarillo, Rosa, Beige, Colores Personalizados Caracter\u00edstica Ecol\u00f3gico, Antimoho, Antiest\u00e1tico, Etc.<\/p>\n<p>Uso Decoraci\u00f3n de Expositores, Joyeros, Expositores, Vitrinas, Cajas, Cajas de Relojes Grosor 0.4mm-0.8mm<\/p>\n<p><img decoding=\"async\" alt=\"Piel sint\u00e9tica de microfibra de 0,7 mm Ultrasuede para guantes de ciclismo - Especificaci\u00f3n del material\" class=\"product-image\" src=\"\/wp-content\/uploads\/2025\/08\/07mm-ultrasuede-microfiber-faux-leather-for-cycling-gloves--37881.jpg\"\/><\/p>\n<h3>Par\u00e1metros del producto<\/h3>\n<ul class=\"parameters-list\">\n<li><span class=\"param-name\">Material:<\/span> Microfibra + PU<\/li>\n<li><span class=\"param-name\">Color:<\/span> Negro, gris, beige (colores personalizados disponibles)<\/li>\n<li><span class=\"param-name\">Grosor:<\/span> 0,6 mm, 0,7 mm, 0,8 mm, 1 mm<\/li>\n<li><span class=\"param-name\">Cantidad m\u00ednima de pedido:<\/span> 300 metros lineales<\/li>\n<li><span class=\"param-name\">Longitud del rollo:<\/span> 20-30 m\/rollo<\/li>\n<li><span class=\"param-name\">Plazo de entrega:<\/span> 15-20 d\u00edas<\/li>\n<li><span class=\"param-name\">Anchura:<\/span> 54\u2033, 137cm<\/li>\n<li><span class=\"param-name\">Capacidad de producci\u00f3n:<\/span> 1.000.000 de metros mensuales<\/li>\n<\/ul>\n<\/section>\n<section id=\"features\">\n<h2>Caracter\u00edsticas del producto<\/h2>\n<div class=\"feature-item\">\n<img decoding=\"async\" alt=\"Lo que hace que este tejido sea tan especial es su composici\u00f3n de microfibra, que le confiere una combinaci\u00f3n \u00fanica de resistencia y suavidad.\" class=\"feature-image left\" src=\"\/wp-content\/uploads\/2025\/08\/06mm-microfiber-pu-suede-artificial-leather-fabric-for-jewelry-box-31830.png\"\/><\/p>\n<h3>Qu\u00e9 <strong>Spray Impermeable Piel de Ante<\/strong> lo que hace tan especial a este tejido es su composici\u00f3n de microfibra, que le confiere una combinaci\u00f3n \u00fanica de resistencia y suavidad<\/h3>\n<p>Qu\u00e9 <strong>Spray Impermeable Piel de Ante<\/strong> Lo que hace tan especial a este tejido es su composici\u00f3n de microfibra, que le confiere una combinaci\u00f3n \u00fanica de resistencia y suavidad. Adem\u00e1s, es ligero y f\u00e1cil de trabajar, lo que lo convierte en una gran opci\u00f3n para proyectos de bricolaje.<\/p>\n<div class=\"clear\"><\/div>\n<\/div>\n<div class=\"feature-item\">\n<img decoding=\"async\" alt=\"Alta resistencia al desgarro - Ultrasuede Microfibra Faux Leather para guantes de ciclismo\" class=\"feature-image left\" src=\"\/wp-content\/uploads\/2025\/08\/07mm-ultrasuede-microfiber-faux-leather-for-cycling-gloves--37882.jpg\"\/><\/p>\n<h3>Alta resistencia al desgarro<\/h3>\n<p>Nuestra piel de microfibra Ultrasuede presenta una excepcional resistencia al desgarro, lo que garantiza que no se romper\u00e1 ni deformar\u00e1 f\u00e1cilmente bajo tensi\u00f3n. Esto la hace ideal para productos que requieren durabilidad y rendimiento a largo plazo.<\/p>\n<div class=\"clear\"><\/div>\n<\/div>\n<div class=\"feature-item\">\n<img decoding=\"async\" alt=\"Retenci\u00f3n de la forma - Piel sint\u00e9tica de microfibra Ultrasuede para guantes de ciclismo\" class=\"feature-image right\" src=\"\/wp-content\/uploads\/2025\/08\/07mm-ultrasuede-microfiber-faux-leather-for-cycling-gloves--37883.jpg\"\/><\/p>\n<h3>No es f\u00e1cil de deformar<\/h3>\n<p>Especialmente tratado para mantener su forma original, este material ofrece una excelente elasticidad y estabilidad. Resiste la deformaci\u00f3n por presi\u00f3n externa o estiramiento, manteniendo los productos intactos y atractivos a lo largo del tiempo.<\/p>\n<div class=\"clear\"><\/div>\n<\/div>\n<div class=\"feature-item\">\n<img decoding=\"async\" alt=\"Durabilidad - Piel sint\u00e9tica de microfibra Ultrasuede para guantes de ciclismo\" class=\"feature-image left\" src=\"\/wp-content\/uploads\/2025\/08\/07mm-ultrasuede-microfiber-faux-leather-for-cycling-gloves--37884.jpg\"\/><\/p>\n<h3>Durabilidad<\/h3>\n<p>Extremadamente resistente a la abrasi\u00f3n, los desgarros y los pinchazos, este material garantiza que los guantes se mantengan en \u00f3ptimas condiciones incluso con un uso prolongado. Tambi\u00e9n mantiene una excelente destreza y resistencia para art\u00edculos de piel de alta calidad.<\/p>\n<div class=\"clear\"><\/div>\n<\/div>\n<\/section>\n<section id=\"why-choose-us\">\n<h2>Por qu\u00e9 elegir WINIW<\/h2>\n<div class=\"advantage-item\">\n<h3>As\u00ed que si buscas un material de alta calidad para crear tu joyero, no busques m\u00e1s: el 0<\/h3>\n<p>As\u00ed que si est\u00e1 buscando un material de alta calidad para crear su joyero, no busque m\u00e1s que el Tejido de Piel Artificial de Ante de Microfibra PU de 0,6 mm. Es la elecci\u00f3n perfecta para cualquiera que quiera a\u00f1adir un toque de lujo a sus soluciones de almacenamiento sin arruinarse.<\/p>\n<\/div>\n<div class=\"advantage-item\">\n<h3>Garant\u00eda de calidad<\/h3>\n<p>Aplicamos un estricto control de calidad en toda la cadena de producci\u00f3n y suministro, cumpliendo las normas ISO9001. Desde la selecci\u00f3n de materias primas hasta la inspecci\u00f3n final, damos prioridad a los intereses del cliente.<\/p>\n<\/div>\n<div class=\"advantage-item\">\n<h3>Equipo t\u00e9cnico profesional<\/h3>\n<p>Nuestro equipo t\u00e9cnico especializado est\u00e1 formado por profesionales con experiencia en diversos campos, dedicados a suministrar productos de alta calidad y soluciones a medida.<\/p>\n<\/div>\n<div class=\"advantage-item\">\n<h3>Amplia gama de aplicaciones<\/h3>\n<p>Nuestros materiales se utilizan ampliamente en calzado, ropa, maletas, interiores de autom\u00f3viles, muebles de sof\u00e1, etc.<\/p>\n<\/div>\n<div class=\"advantage-item\">\n<h3>Una rica experiencia<\/h3>\n<p>Quanzhou WINIW Import &amp; Export Co., Ltd. cuenta con m\u00e1s de 20 a\u00f1os de experiencia en producci\u00f3n, ofreciendo soluciones perfectas para clientes de todo el mundo.<\/p>\n<\/div>\n<div class=\"advantage-item\">\n<h3>Precio asequible<\/h3>\n<p>Ofrecemos precios competitivos y un excelente servicio de atenci\u00f3n al cliente. Solicite un cat\u00e1logo o visite nuestra f\u00e1brica para explorar nuestros productos.<\/p>\n<\/div>\n<div class=\"advantage-item\">\n<h3>Servicio de atenci\u00f3n al cliente en l\u00ednea 24 horas<\/h3>\n<p>Nuestro equipo est\u00e1 disponible 24 horas al d\u00eda, 7 d\u00edas a la semana, para responder a las consultas y atender los comentarios con prontitud.<\/p>\n<\/div>\n<p><img decoding=\"async\" alt=\"Planta de producci\u00f3n WINIW - Proceso de fabricaci\u00f3n de piel de microfibra Ultrasuede\" class=\"product-image\" src=\"\/wp-content\/uploads\/2025\/08\/07mm-ultrasuede-microfiber-faux-leather-for-cycling-gloves--37888.jpg\"\/><br \/>\n<\/section>\n<p><\/main><\/p>\n<section id=\"inquiry\">\n<h2 style=\"text-align: center;\">Esperamos su consulta.<\/h2>\n<p style=\"text-align: center;\">P\u00f3ngase en contacto con nosotros hoy mismo para obtener m\u00e1s informaci\u00f3n sobre nuestros productos y realizar su pedido.<\/p>\n<\/section>\n\n    <div class=\"xs_social_share_widget xs_share_url after_content \t\tmain_content  wslu-style-1 wslu-share-box-shaped wslu-fill-colored wslu-none wslu-share-horizontal wslu-theme-font-no wslu-main_content\">\n\n\t\t\n        <ul>\n\t\t\t        <\/ul>\n    <\/div>","protected":false},"excerpt":{"rendered":"<div class=\"product-short-description\">Microsuede para la exhibici\u00f3n de la joyer\u00eda 0.6mm Microfibra PU Suede Cuero Artificial Tela Para Caja de joyer\u00eda WINIW 0.6mm Microfibra PU Suede Cuero Artificial Tela Para Caja de joyer\u00eda Las caracter\u00edsticas clave incluyen.Ideal para aquellos que buscan calidad y fiabilidad.<\/p>\n<p>Como f\u00e1brica directa, fabricante y mayorista, podemos controlar estrictamente el proceso de producci\u00f3n para garantizar la calidad del producto y, al mismo tiempo, ofrecerle los precios m\u00e1s favorables. Contamos con equipos de producci\u00f3n avanzados y un equipo t\u00e9cnico profesional para satisfacer sus necesidades de pedidos a gran escala y garantizar una entrega puntual.<\/p>\n<\/div>","protected":false},"featured_media":4864,"template":"","meta":[],"product_brand":[],"product_cat":[294],"product_tag":[19041],"class_list":{"0":"post-29198","1":"product","2":"type-product","3":"status-publish","4":"has-post-thumbnail","6":"product_cat-microsuede-for-jewelry-display","7":"product_tag-suede-artificial-leather-diningsuede-artificial-leather-furniturefaux-suede-artificial-leathersuede-artificial-leather-fabricsuede-artificial-leather-sofasuede-artificial-leather-pants","9":"first","10":"instock","11":"product-type-simple"},"_links":{"self":[{"href":"https:\/\/www.eco-leather.com\/es\/wp-json\/wp\/v2\/product\/29198","targetHints":{"allow":["GET"]}}],"collection":[{"href":"https:\/\/www.eco-leather.com\/es\/wp-json\/wp\/v2\/product"}],"about":[{"href":"https:\/\/www.eco-leather.com\/es\/wp-json\/wp\/v2\/types\/product"}],"wp:featuredmedia":[{"embeddable":true,"href":"https:\/\/www.eco-leather.com\/es\/wp-json\/wp\/v2\/media\/4864"}],"wp:attachment":[{"href":"https:\/\/www.eco-leather.com\/es\/wp-json\/wp\/v2\/media?parent=29198"}],"wp:term":[{"taxonomy":"product_brand","embeddable":true,"href":"https:\/\/www.eco-leather.com\/es\/wp-json\/wp\/v2\/product_brand?post=29198"},{"taxonomy":"product_cat","embeddable":true,"href":"https:\/\/www.eco-leather.com\/es\/wp-json\/wp\/v2\/product_cat?post=29198"},{"taxonomy":"product_tag","embeddable":true,"href":"https:\/\/www.eco-leather.com\/es\/wp-json\/wp\/v2\/product_tag?post=29198"}],"curies":[{"name":"wp","href":"https:\/\/api.w.org\/{rel}","templated":true}]}}