{"id":29180,"date":"2025-09-07T11:01:18","date_gmt":"2025-09-07T03:01:18","guid":{"rendered":"https:\/\/www.eco-leather.com\/product\/lightweight-ultrasuede-imitation-pu-suede-material-for-orthotic-shoes\/"},"modified":"2025-09-07T11:01:20","modified_gmt":"2025-09-07T03:01:20","slug":"material-ligero-ultrasuede-imitacion-ante-pu-para-calzado-ortopedico","status":"publish","type":"product","link":"https:\/\/www.eco-leather.com\/es\/material-ligero-ultrasuede-imitacion-ante-pu-para-calzado-ortopedico\/","title":{"rendered":"Ultrasuede Ligero Imitaci\u00f3n PU Material De Gamuza Para Zapatos Ortop\u00e9dicos"},"content":{"rendered":"<h2>Material de piel microgamuza<\/h2>\n<p><main><\/p>\n<section id=\"product-overview\">\n<h2>Descripci\u00f3n del producto<\/h2>\n<p><strong>Soluci\u00f3n material para asientos de coche<\/strong> Presentaciones<\/p>\n<p>Producto <strong>Material del forro del calzado<\/strong> Im\u00e1genes Qu\u00e9 es la imitaci\u00f3n de ante<\/p>\n<p>Fabricados con materiales de microfibra de alta calidad, nuestros guantes de piel sint\u00e9tica de microfibra Ultrasuede de 0,7 mm son la elecci\u00f3n perfecta para el ciclismo. Equilibra flexibilidad y resistencia, y ofrece una transpirabilidad excepcional y propiedades de evacuaci\u00f3n de la humedad para mantener las manos frescas y secas durante salidas intensas.<\/p>\n<p>Tanto si eres un ciclista profesional como si te dedicas al ocio, la piel de microfibra este material proporciona una comodidad y una protecci\u00f3n insuperables. Su gran resistencia a las abrasiones y los desgarros garantiza un rendimiento duradero, mientras que su elegante dise\u00f1o a\u00f1ade un toque sofisticado a cualquier conjunto ciclista.<\/p>\n<\/section>\n<section id=\"specifications\">\n<h2>Par\u00e1metros t\u00e9cnicos<\/h2>\n<p><strong>Zapatos Material Puro<\/strong> Especificaciones<\/p>\n<p><img decoding=\"async\" alt=\"Piel sint\u00e9tica de microfibra de 0,7 mm Ultrasuede para guantes de ciclismo - Especificaci\u00f3n del material\" class=\"product-image\" src=\"\/wp-content\/uploads\/2025\/08\/07mm-ultrasuede-microfiber-faux-leather-for-cycling-gloves--37881.jpg\"\/><\/p>\n<h3>Par\u00e1metros del producto<\/h3>\n<ul class=\"parameters-list\">\n<li><span class=\"param-name\">Material:<\/span> Microfibra + PU<\/li>\n<li><span class=\"param-name\">Color:<\/span> Negro, gris, beige (colores personalizados disponibles)<\/li>\n<li><span class=\"param-name\">Grosor:<\/span> 0,6 mm, 0,7 mm, 0,8 mm, 1 mm<\/li>\n<li><span class=\"param-name\">Cantidad m\u00ednima de pedido:<\/span> 300 metros lineales<\/li>\n<li><span class=\"param-name\">Longitud del rollo:<\/span> 20-30 m\/rollo<\/li>\n<li><span class=\"param-name\">Plazo de entrega:<\/span> 15-20 d\u00edas<\/li>\n<li><span class=\"param-name\">Anchura:<\/span> 54\u2033, 137cm<\/li>\n<li><span class=\"param-name\">Capacidad de producci\u00f3n:<\/span> 1.000.000 de metros mensuales<\/li>\n<\/ul>\n<\/section>\n<section id=\"features\">\n<h2>Caracter\u00edsticas del producto<\/h2>\n<div class=\"feature-item\">\n<img decoding=\"async\" alt=\"WINIWaterproof Sof\u00e1 Material DealersCompany F\u00e1brica al por mayor de material de PU Manufacturersimitation materiales de gamuza PU se hacen con el m\u00e1ximo cuidado de las materias primas de alta calidad\" class=\"feature-image left\" src=\"\/wp-content\/uploads\/2025\/08\/lightweight-ultrasuede-imitation-pu-suede-material-for-orthotic-shoes-31739.jpg\"\/><\/p>\n<h3>WINIW <strong>Distribuidores de material impermeable para sof\u00e1s<\/strong> Empresa F\u00e1brica Venta al por mayor Material PU Fabricantesimitaci\u00f3n de materiales de gamuza PU se hacen con el m\u00e1ximo cuidado a partir de materias primas de alta calidad<\/h3>\n<p>WINIW <strong>Distribuidores de material impermeable para sof\u00e1s<\/strong> Empresa F\u00e1brica de venta al por mayor de materiales de PU Fabricantesimitaci\u00f3n de materiales de PU ante se hacen con el m\u00e1ximo cuidado a partir de materias primas de alta calidad. Se <strong>Material impermeable para sof\u00e1s Cerca<\/strong> tiene una excelente durabilidad y propiedades de absorci\u00f3n del sudor, lo que garantiza que sus zapatos ortop\u00e9dicos sean duraderos y puedan soportar una amplia gama de condiciones ambientales.<\/p>\n<div class=\"clear\"><\/div>\n<\/div>\n<div class=\"feature-item\">\n<img decoding=\"async\" alt=\"Caracter\u00edstica principal\" class=\"feature-image left\" src=\"\/wp-content\/uploads\/2025\/08\/lightweight-ultrasuede-imitation-pu-suede-material-for-orthotic-shoes-31740.jpg\"\/><\/p>\n<h3>Caracter\u00edstica principal<\/h3>\n<p>Caracter\u00edsticas<\/p>\n<div class=\"clear\"><\/div>\n<\/div>\n<div class=\"feature-item\">\n<img decoding=\"async\" alt=\"Alta resistencia al desgarro - Ultrasuede Microfibra Faux Leather para guantes de ciclismo\" class=\"feature-image left\" src=\"\/wp-content\/uploads\/2025\/08\/07mm-ultrasuede-microfiber-faux-leather-for-cycling-gloves--37882.jpg\"\/><\/p>\n<h3>Alta resistencia al desgarro<\/h3>\n<p>Nuestra piel de microfibra Ultrasuede presenta una excepcional resistencia al desgarro, lo que garantiza que no se romper\u00e1 ni deformar\u00e1 f\u00e1cilmente bajo tensi\u00f3n. Esto la hace ideal para productos que requieren durabilidad y rendimiento a largo plazo.<\/p>\n<div class=\"clear\"><\/div>\n<\/div>\n<div class=\"feature-item\">\n<img decoding=\"async\" alt=\"Retenci\u00f3n de la forma - Piel sint\u00e9tica de microfibra Ultrasuede para guantes de ciclismo\" class=\"feature-image right\" src=\"\/wp-content\/uploads\/2025\/08\/07mm-ultrasuede-microfiber-faux-leather-for-cycling-gloves--37883.jpg\"\/><\/p>\n<h3>No es f\u00e1cil de deformar<\/h3>\n<p>Especialmente tratado para mantener su forma original, este material ofrece una excelente elasticidad y estabilidad. Resiste la deformaci\u00f3n por presi\u00f3n externa o estiramiento, manteniendo los productos intactos y atractivos a lo largo del tiempo.<\/p>\n<div class=\"clear\"><\/div>\n<\/div>\n<div class=\"feature-item\">\n<img decoding=\"async\" alt=\"Durabilidad - Piel sint\u00e9tica de microfibra Ultrasuede para guantes de ciclismo\" class=\"feature-image left\" src=\"\/wp-content\/uploads\/2025\/08\/07mm-ultrasuede-microfiber-faux-leather-for-cycling-gloves--37884.jpg\"\/><\/p>\n<h3>Durabilidad<\/h3>\n<p>Extremadamente resistente a la abrasi\u00f3n, los desgarros y los pinchazos, este material garantiza que los guantes se mantengan en \u00f3ptimas condiciones incluso con un uso prolongado. Tambi\u00e9n mantiene una excelente destreza y resistencia para art\u00edculos de piel de alta calidad.<\/p>\n<div class=\"clear\"><\/div>\n<\/div>\n<\/section>\n<section id=\"usage\">\n<h2>Uso y aplicaciones<\/h2>\n<p><img fetchpriority=\"high\" decoding=\"async\" alt=\"Micro ante\" height=\"343\" src=\"\/wp-content\/uploads\/2025\/08\/lightweight-ultrasuede-imitation-pu-suede-material-for-orthotic-shoes-31741.jpg\" width=\"343\"\/><\/p>\n<div class=\"usage-point\">\n<h3>Marca <strong>Bolsa Material Pu Empresas<\/strong> Nombre Empresa WINIW F\u00e1brica Mayorista de Material PU FabricantesMaterial Empresa WINIW F\u00e1brica Mayorista de Material PU FabricantesImitaci\u00f3n PU Gamuza Material Composici\u00f3n 55% Nylon + 45% Poliuretano Grosor 2<\/h3>\n<p>Marca <strong>Bolsa Material Pu Empresas<\/strong> Nombre Empresa WINIW F\u00e1brica Mayorista de Material PU FabricantesMaterial Empresa WINIW F\u00e1brica Mayorista de Material PU FabricantesImitaci\u00f3n Gamuza PU Material Composici\u00f3n 55% Nylon + 45% Poliuretano Grosor 2.4mm, 2mm, 1.8mm, 1.6mm, 1.4mm, 1.2mm, 1.0mm, 0.8mm Ancho 54 Color Gris, colores personalizados Pedido M\u00ednimo 300 metros lineales Tiempo de entrega 15-20 d\u00edas Capacidad de Producci\u00f3n 1,000,000 metrospor mes Uso Zapatos ortop\u00e9dicos Lugar de Origen Quanzhou, Fujian, China Aplicaciones<\/p>\n<\/div>\n<div class=\"usage-point\">\n<h3>C\u00f3modo y transpirable<\/h3>\n<p>Suave, c\u00f3modo y muy transpirable, este material es perfecto para guantes de ciclismo y otros productos que se utilizan durante periodos prolongados. Mantiene las manos frescas y secas durante actividades extenuantes.<\/p>\n<\/div>\n<div class=\"usage-point\">\n<h3>Ecol\u00f3gico y sostenible<\/h3>\n<p>Nuestra piel sint\u00e9tica de microfibra Ultrasuede incluye opciones respetuosas con el medio ambiente, como las variantes fabricadas con PET reciclado y materiales de origen vegetal, que reducen el impacto medioambiental a la vez que ofrecen diversas texturas.<\/p>\n<\/div>\n<div class=\"usage-point\">\n<h3>Protecci\u00f3n antibacterias y antipolvo<\/h3>\n<p>Las variantes seleccionadas presentan propiedades antibacterianas y resistentes al polvo, por lo que cumplen elevadas normas de higiene ideales para guantes que requieren estrictos controles de calidad y seguridad.<\/p>\n<\/div>\n<div class=\"usage-point\">\n<h3>Diversos escenarios de aplicaci\u00f3n<\/h3>\n<p>Adem\u00e1s de guantes de ciclismo, es adecuado para guantes de dedos, guantes de seguridad y otros tipos de guantes, as\u00ed como calzado, ropa y accesorios.<\/p>\n<\/div>\n<p><img decoding=\"async\" alt=\"Aplicaciones de la piel sint\u00e9tica de microfibra Ultrasuede de 0,7 mm en diversos productos\" class=\"product-image\" src=\"\/wp-content\/uploads\/2025\/08\/07mm-ultrasuede-microfiber-faux-leather-for-cycling-gloves--37885.jpg\"\/><br \/>\n<img decoding=\"async\" alt=\"Guantes de ciclismo de piel de microfibra Ultrasuede - ejemplo de producto\" class=\"product-image\" src=\"\/wp-content\/uploads\/2025\/08\/07mm-ultrasuede-microfiber-faux-leather-for-cycling-gloves--37886.jpg\"\/><br \/>\n<\/section>\n<p><\/main><\/p>\n<section id=\"inquiry\">\n<h2 style=\"text-align: center;\">Esperamos su consulta.<\/h2>\n<p style=\"text-align: center;\">P\u00f3ngase en contacto con nosotros hoy mismo para obtener m\u00e1s informaci\u00f3n sobre nuestros productos y realizar su pedido.<\/p>\n<\/section>\n\n    <div class=\"xs_social_share_widget xs_share_url after_content \t\tmain_content  wslu-style-1 wslu-share-box-shaped wslu-fill-colored wslu-none wslu-share-horizontal wslu-theme-font-no wslu-main_content\">\n\n\t\t\n        <ul>\n\t\t\t        <\/ul>\n    <\/div>","protected":false},"excerpt":{"rendered":"<div class=\"product-short-description\">Piel sint\u00e9tica Ultrasuede para calzado ortop\u00e9dico Ultrasuede ligero Imitaci\u00f3n PU Suede Material para zapatos ortop\u00e9dicos WINIW Ultrasuede ligero Imitaci\u00f3n PU Suede Material para zapatos ortop\u00e9dicos Las caracter\u00edsticas principales incluyen WINIW, Composici\u00f3n, 55% Nylon + 45% Poliuretano.Ideal para aquellos que buscan calidad y fiabilidad.<\/p>\n<p>Como f\u00e1brica directa, fabricante y mayorista, podemos controlar estrictamente el proceso de producci\u00f3n para garantizar la calidad del producto y, al mismo tiempo, ofrecerle los precios m\u00e1s favorables. Contamos con equipos de producci\u00f3n avanzados y un equipo t\u00e9cnico profesional para satisfacer sus necesidades de pedidos a gran escala y garantizar una entrega puntual.<\/p>\n<\/div>","protected":false},"featured_media":5889,"template":"","meta":[],"product_brand":[],"product_cat":[348],"product_tag":[19029],"class_list":{"0":"post-29180","1":"product","2":"type-product","3":"status-publish","4":"has-post-thumbnail","6":"product_cat-faux-ultrasuede-leather-for-orthopedic-footwear","7":"product_tag-best-suede-headliner-materialgrey-suede-headliner-materialsuede-car-seat-materialheadliner-suede-materialsuede-material-for-carssuede-upper-material","9":"first","10":"instock","11":"product-type-simple"},"_links":{"self":[{"href":"https:\/\/www.eco-leather.com\/es\/wp-json\/wp\/v2\/product\/29180","targetHints":{"allow":["GET"]}}],"collection":[{"href":"https:\/\/www.eco-leather.com\/es\/wp-json\/wp\/v2\/product"}],"about":[{"href":"https:\/\/www.eco-leather.com\/es\/wp-json\/wp\/v2\/types\/product"}],"wp:featuredmedia":[{"embeddable":true,"href":"https:\/\/www.eco-leather.com\/es\/wp-json\/wp\/v2\/media\/5889"}],"wp:attachment":[{"href":"https:\/\/www.eco-leather.com\/es\/wp-json\/wp\/v2\/media?parent=29180"}],"wp:term":[{"taxonomy":"product_brand","embeddable":true,"href":"https:\/\/www.eco-leather.com\/es\/wp-json\/wp\/v2\/product_brand?post=29180"},{"taxonomy":"product_cat","embeddable":true,"href":"https:\/\/www.eco-leather.com\/es\/wp-json\/wp\/v2\/product_cat?post=29180"},{"taxonomy":"product_tag","embeddable":true,"href":"https:\/\/www.eco-leather.com\/es\/wp-json\/wp\/v2\/product_tag?post=29180"}],"curies":[{"name":"wp","href":"https:\/\/api.w.org\/{rel}","templated":true}]}}