{"id":29143,"date":"2025-09-07T11:00:57","date_gmt":"2025-09-07T03:00:57","guid":{"rendered":"https:\/\/www.eco-leather.com\/product\/uv-resistance-microfiber-synthetic-suede-boots-leather-material\/"},"modified":"2025-09-07T11:01:00","modified_gmt":"2025-09-07T03:01:00","slug":"resistencia-uv-microfibra-botas-de-ante-sintetico-material-de-cuero","status":"publish","type":"product","link":"https:\/\/www.eco-leather.com\/es\/resistencia-uv-microfibra-botas-de-ante-sintetico-material-de-cuero\/","title":{"rendered":"Resistencia a los rayos UV Microfibra Sint\u00e9tica Botas de ante Material de cuero"},"content":{"rendered":"<h2>Resistencia a los rayos UV Microfibra Sint\u00e9tica Botas de ante Piel Detalles del material<\/h2>\n<p><main><\/p>\n<section id=\"product-overview\">\n<h2>Descripci\u00f3n del producto<\/h2>\n<p><strong>Empresa de material para asientos de coche<\/strong>  Presentaciones <\/p>\n<p> Qu\u00e9 <strong>Cajas de piel sint\u00e9tica China<\/strong> es el ante sint\u00e9tico El ante sint\u00e9tico, tambi\u00e9n conocido como ante de imitaci\u00f3n o microsuede, es un tipo de tejido fabricado para imitar el aspecto y el tacto del ante aut\u00e9ntico. Suele estar compuesto de poli\u00e9ster o de una mezcla de poli\u00e9ster y poliuretano (PU).<\/p>\n<p>Fabricados con materiales de microfibra de alta calidad, nuestros guantes de piel sint\u00e9tica de microfibra Ultrasuede de 0,7 mm son la elecci\u00f3n perfecta para el ciclismo. Equilibra flexibilidad y resistencia, y ofrece una transpirabilidad excepcional y propiedades de evacuaci\u00f3n de la humedad para mantener las manos frescas y secas durante salidas intensas.<\/p>\n<p>Tanto si eres un ciclista profesional como si te dedicas al ocio, la piel de microfibra este material proporciona una comodidad y una protecci\u00f3n insuperables. Su gran resistencia a las abrasiones y los desgarros garantiza un rendimiento duradero, mientras que su elegante dise\u00f1o a\u00f1ade un toque sofisticado a cualquier conjunto ciclista.<\/p>\n<\/section>\n<section id=\"specifications\">\n<h2>Par\u00e1metros t\u00e9cnicos<\/h2>\n<p><strong>Piel importada<\/strong>  Especificaciones <\/p>\n<p><img decoding=\"async\" alt=\"Piel sint\u00e9tica de microfibra de 0,7 mm Ultrasuede para guantes de ciclismo - Especificaci\u00f3n del material\" class=\"product-image\" src=\"\/wp-content\/uploads\/2025\/08\/07mm-ultrasuede-microfiber-faux-leather-for-cycling-gloves--37881.jpg\"\/><\/p>\n<h3>Par\u00e1metros del producto<\/h3>\n<ul class=\"parameters-list\">\n<li><span class=\"param-name\">Material:<\/span> Microfibra + PU<\/li>\n<li><span class=\"param-name\">Color:<\/span> Negro, gris, beige (colores personalizados disponibles)<\/li>\n<li><span class=\"param-name\">Grosor:<\/span> 0,6 mm, 0,7 mm, 0,8 mm, 1 mm<\/li>\n<li><span class=\"param-name\">Cantidad m\u00ednima de pedido:<\/span> 300 metros lineales<\/li>\n<li><span class=\"param-name\">Longitud del rollo:<\/span> 20-30 m\/rollo<\/li>\n<li><span class=\"param-name\">Plazo de entrega:<\/span> 15-20 d\u00edas<\/li>\n<li><span class=\"param-name\">Anchura:<\/span> 54\u2033, 137cm<\/li>\n<li><span class=\"param-name\">Capacidad de producci\u00f3n:<\/span> 1.000.000 de metros mensuales<\/li>\n<\/ul>\n<\/section>\n<section id=\"features\">\n<h2>Caracter\u00edsticas del producto<\/h2>\n<div class=\"feature-item\">\n<img decoding=\"async\" class=\"feature-image left\" src=\"\/wp-content\/uploads\/2025\/08\/uv-resistance-microfiber-synthetic-suede-boots-leather-material-31554.jpg\"\/>\" alt=\"WINIW <strong>Leatherman de imitaci\u00f3n impermeable<\/strong> Company Factory Wholesale Fabric Manufacturersmicrofibra de gamuza sint\u00e9tica cueros est\u00e1n hechos de materias primas de alta calidad y procesados con exquisita artesan\u00eda para mostrar un tacto suave y c\u00f3modo, y tienen una excelente abrasi\u00f3n, manchas y anti-permeabilidad propiedades, que satisfagan las necesidades de los clientes para la comodidad y durabilidad \"&gt;<\/p>\n<h3>WINIW <strong>Leatherman de imitaci\u00f3n impermeable<\/strong> Empresa de f\u00e1brica al por mayor de tela Manufacturersmicrofiber pieles de ante sint\u00e9tico est\u00e1n hechos de materias primas de alta calidad y procesados con la artesan\u00eda exquisita para mostrar un tacto suave y c\u00f3modo, y tienen una excelente abrasi\u00f3n, manchas y propiedades anti-permeaci\u00f3n, que satisfagan las necesidades de los clientes para la comodidad y durabilidad<\/h3>\n<p>WINIW <strong>Leatherman de imitaci\u00f3n impermeable<\/strong> Company Factory Wholesale Fabric Manufacturersmicrofibra de gamuza sint\u00e9tica cueros est\u00e1n hechos de materias primas de alta calidad y procesados con exquisita artesan\u00eda para mostrar un tacto suave y c\u00f3modo, y tienen una excelente abrasi\u00f3n, manchas y anti-permeabilidad propiedades, que satisfagan las necesidades de los clientes para la comodidad y durabilidad.<\/p>\n<div class=\"clear\"><\/div>\n<\/div>\n<div class=\"feature-item\">\n<img decoding=\"async\" class=\"feature-image left\" src=\"\/wp-content\/uploads\/2025\/08\/uv-resistance-microfiber-synthetic-suede-boots-leather-material-31555.jpg\"\/>\" alt=\"Caracter\u00edstica clave\"&gt;<\/p>\n<h3>Caracter\u00edstica principal<\/h3>\n<p> Caracter\u00edsticas <\/p>\n<div class=\"clear\"><\/div>\n<\/div>\n<div class=\"feature-item\">\n<img decoding=\"async\" alt=\"Alta resistencia al desgarro - Ultrasuede Microfibra Faux Leather para guantes de ciclismo\" class=\"feature-image left\" src=\"\/wp-content\/uploads\/2025\/08\/07mm-ultrasuede-microfiber-faux-leather-for-cycling-gloves--37882.jpg\"\/><\/p>\n<h3>Alta resistencia al desgarro<\/h3>\n<p>Nuestra piel de microfibra Ultrasuede presenta una excepcional resistencia al desgarro, lo que garantiza que no se romper\u00e1 ni deformar\u00e1 f\u00e1cilmente bajo tensi\u00f3n. Esto la hace ideal para productos que requieren durabilidad y rendimiento a largo plazo.<\/p>\n<div class=\"clear\"><\/div>\n<\/div>\n<div class=\"feature-item\">\n<img decoding=\"async\" alt=\"Retenci\u00f3n de la forma - Piel sint\u00e9tica de microfibra Ultrasuede para guantes de ciclismo\" class=\"feature-image right\" src=\"\/wp-content\/uploads\/2025\/08\/07mm-ultrasuede-microfiber-faux-leather-for-cycling-gloves--37883.jpg\"\/><\/p>\n<h3>No es f\u00e1cil de deformar<\/h3>\n<p>Especialmente tratado para mantener su forma original, este material ofrece una excelente elasticidad y estabilidad. Resiste la deformaci\u00f3n por presi\u00f3n externa o estiramiento, manteniendo los productos intactos y atractivos a lo largo del tiempo.<\/p>\n<div class=\"clear\"><\/div>\n<\/div>\n<div class=\"feature-item\">\n<img decoding=\"async\" alt=\"Durabilidad - Piel sint\u00e9tica de microfibra Ultrasuede para guantes de ciclismo\" class=\"feature-image left\" src=\"\/wp-content\/uploads\/2025\/08\/07mm-ultrasuede-microfiber-faux-leather-for-cycling-gloves--37884.jpg\"\/><\/p>\n<h3>Durabilidad<\/h3>\n<p>Extremadamente resistente a la abrasi\u00f3n, los desgarros y los pinchazos, este material garantiza que los guantes se mantengan en \u00f3ptimas condiciones incluso con un uso prolongado. Tambi\u00e9n mantiene una excelente destreza y resistencia para art\u00edculos de piel de alta calidad.<\/p>\n<div class=\"clear\"><\/div>\n<\/div>\n<\/section>\n<section id=\"usage\">\n<h2>Uso y aplicaciones<\/h2>\n<p><img decoding=\"async\" alt=\"Resistencia a los rayos UV Microfibra Sint\u00e9tica Botas de ante Material de cuero fabricaci\u00f3n\" src=\"\/wp-content\/uploads\/2025\/08\/uv-resistance-microfiber-synthetic-suede-boots-leather-material-31556.jpg\"\/><\/p>\n<div class=\"usage-point\">\n<h3>Marca <strong>Bolsos de piel vegana de primera calidad<\/strong> Nombre WINIW Compa\u00f1\u00eda F\u00e1brica Mayorista de Tejidos FabricantesMaterial WINIW Compa\u00f1\u00eda F\u00e1brica Mayorista de Tejidos FabricantesMicrofibra sint\u00e9tica de gamuza Composici\u00f3n 50% Nylon + 50% Poliuretano Espesor 1<\/h3>\n<p>Marca <strong>Bolsos de piel vegana de primera calidad<\/strong> Nombre WINIW Empresa F\u00e1brica Mayorista de Tejidos FabricantesMaterial WINIW Empresa F\u00e1brica Mayorista de Tejidos FabricantesMicrofibra de Gamuza Sint\u00e9tica Composici\u00f3n 50% Nylon + 50% Poliuretano Espesor 1.2mm, 1.4mm, 1.6mm, 1.8mm, 2mm Ancho 54 , 1.37 m Color Marr\u00f3n, colores personalizados Cantidad M\u00ednima de Pedido 300 metros lineales Tiempo de Entrega 15-20 d\u00edas Capacidad de Producci\u00f3n 1mill\u00f3n de metrospor mes Uso Botas Lugar de Origen Quanzhou, Fujian, China Aplicaciones <\/p>\n<\/div>\n<div class=\"usage-point\">\n<h3>C\u00f3modo y transpirable<\/h3>\n<p>Suave, c\u00f3modo y muy transpirable, este material es perfecto para guantes de ciclismo y otros productos que se utilizan durante periodos prolongados. Mantiene las manos frescas y secas durante actividades extenuantes.<\/p>\n<\/div>\n<div class=\"usage-point\">\n<h3>Ecol\u00f3gico y sostenible<\/h3>\n<p>Nuestra piel sint\u00e9tica de microfibra Ultrasuede incluye opciones respetuosas con el medio ambiente, como las variantes fabricadas con PET reciclado y materiales de origen vegetal, que reducen el impacto medioambiental a la vez que ofrecen diversas texturas.<\/p>\n<\/div>\n<div class=\"usage-point\">\n<h3>Protecci\u00f3n antibacterias y antipolvo<\/h3>\n<p>Las variantes seleccionadas presentan propiedades antibacterianas y resistentes al polvo, por lo que cumplen elevadas normas de higiene ideales para guantes que requieren estrictos controles de calidad y seguridad.<\/p>\n<\/div>\n<div class=\"usage-point\">\n<h3>Diversos escenarios de aplicaci\u00f3n<\/h3>\n<p>Adem\u00e1s de guantes de ciclismo, es adecuado para guantes de dedos, guantes de seguridad y otros tipos de guantes, as\u00ed como calzado, ropa y accesorios.<\/p>\n<\/div>\n<p><img decoding=\"async\" alt=\"Aplicaciones de la piel sint\u00e9tica de microfibra Ultrasuede de 0,7 mm en diversos productos\" class=\"product-image\" src=\"\/wp-content\/uploads\/2025\/08\/07mm-ultrasuede-microfiber-faux-leather-for-cycling-gloves--37885.jpg\"\/><br \/>\n<img decoding=\"async\" alt=\"Guantes de ciclismo de piel de microfibra Ultrasuede - ejemplo de producto\" class=\"product-image\" src=\"\/wp-content\/uploads\/2025\/08\/07mm-ultrasuede-microfiber-faux-leather-for-cycling-gloves--37886.jpg\"\/><br \/>\n<\/section>\n<p><\/main><\/p>\n<section id=\"inquiry\">\n<h2 style=\"text-align: center;\">Esperamos su consulta.<\/h2>\n<p style=\"text-align: center;\">P\u00f3ngase en contacto con nosotros hoy mismo para obtener m\u00e1s informaci\u00f3n sobre nuestros productos y realizar su pedido.<\/p>\n<\/section>\n\n    <div class=\"xs_social_share_widget xs_share_url after_content \t\tmain_content  wslu-style-1 wslu-share-box-shaped wslu-fill-colored wslu-none wslu-share-horizontal wslu-theme-font-no wslu-main_content\">\n\n\t\t\n        <ul>\n\t\t\t        <\/ul>\n    <\/div>","protected":false},"excerpt":{"rendered":"<div class=\"product-short-description\">Microfibra zapato superior de cuero Resistencia UV Microfibra sint\u00e9tica botas de ante Material de cuero WINIW Resistencia UV Microfibra sint\u00e9tica botas de ante Material de cuero Las caracter\u00edsticas clave incluyen.Ideal para aquellos que buscan calidad y fiabilidad.<\/p>\n<p>Como f\u00e1brica directa, fabricante y mayorista, podemos controlar estrictamente el proceso de producci\u00f3n para garantizar la calidad del producto y, al mismo tiempo, ofrecerle los precios m\u00e1s favorables. Contamos con equipos de producci\u00f3n avanzados y un equipo t\u00e9cnico profesional para satisfacer sus necesidades de pedidos a gran escala y garantizar una entrega puntual.<\/p>\n<\/div>","protected":false},"featured_media":5764,"template":"","meta":[],"product_brand":[],"product_cat":[341],"product_tag":[19010],"class_list":{"0":"post-29143","1":"product","2":"type-product","3":"status-publish","4":"has-post-thumbnail","6":"product_cat-microfiber-shoe-upper-leather","7":"product_tag-faux-leather-material-sourcingfaux-leather-material-tradersfaux-leather-material-exportersfaux-leather-material-exportfaux-leather-material-chinafaux-leather-material-distributor","9":"first","10":"instock","11":"product-type-simple"},"_links":{"self":[{"href":"https:\/\/www.eco-leather.com\/es\/wp-json\/wp\/v2\/product\/29143","targetHints":{"allow":["GET"]}}],"collection":[{"href":"https:\/\/www.eco-leather.com\/es\/wp-json\/wp\/v2\/product"}],"about":[{"href":"https:\/\/www.eco-leather.com\/es\/wp-json\/wp\/v2\/types\/product"}],"wp:featuredmedia":[{"embeddable":true,"href":"https:\/\/www.eco-leather.com\/es\/wp-json\/wp\/v2\/media\/5764"}],"wp:attachment":[{"href":"https:\/\/www.eco-leather.com\/es\/wp-json\/wp\/v2\/media?parent=29143"}],"wp:term":[{"taxonomy":"product_brand","embeddable":true,"href":"https:\/\/www.eco-leather.com\/es\/wp-json\/wp\/v2\/product_brand?post=29143"},{"taxonomy":"product_cat","embeddable":true,"href":"https:\/\/www.eco-leather.com\/es\/wp-json\/wp\/v2\/product_cat?post=29143"},{"taxonomy":"product_tag","embeddable":true,"href":"https:\/\/www.eco-leather.com\/es\/wp-json\/wp\/v2\/product_tag?post=29143"}],"curies":[{"name":"wp","href":"https:\/\/api.w.org\/{rel}","templated":true}]}}