{"id":29100,"date":"2025-09-07T11:00:35","date_gmt":"2025-09-07T03:00:35","guid":{"rendered":"https:\/\/www.eco-leather.com\/product\/0-6mm-easy-to-customize-synthetic-boots-lining-microfiber-leather\/"},"modified":"2025-09-07T11:00:37","modified_gmt":"2025-09-07T03:00:37","slug":"0-6mm-easy-to-customize-synthetic-boots-lining-microfiber-leather","status":"publish","type":"product","link":"https:\/\/www.eco-leather.com\/es\/0-6mm-easy-to-customize-synthetic-boots-lining-microfiber-leather\/","title":{"rendered":"0.6mm Easy To Customize Synthetic Boots Lining Microfiber Leather"},"content":{"rendered":"<h2>Piel sint\u00e9tica de microfibra impermeable<\/h2>\n<p><main><\/p>\n<section id=\"product-overview\">\n<h2>Descripci\u00f3n del producto<\/h2>\n<p>Producto <strong>Suela de piel sint\u00e9tica<\/strong> Introducci\u00f3n<\/p>\n<p>Fabricados con materiales de microfibra de alta calidad, nuestros guantes de piel sint\u00e9tica de microfibra Ultrasuede de 0,7 mm son la elecci\u00f3n perfecta para el ciclismo. Equilibra flexibilidad y resistencia, y ofrece una transpirabilidad excepcional y propiedades de evacuaci\u00f3n de la humedad para mantener las manos frescas y secas durante salidas intensas.<\/p>\n<p>Tanto si eres un ciclista profesional como si te dedicas al ocio, la piel de microfibra este material proporciona una comodidad y una protecci\u00f3n insuperables. Su gran resistencia a las abrasiones y los desgarros garantiza un rendimiento duradero, mientras que su elegante dise\u00f1o a\u00f1ade un toque sofisticado a cualquier conjunto ciclista.<\/p>\n<\/section>\n<section id=\"specifications\">\n<h2>Par\u00e1metros t\u00e9cnicos<\/h2>\n<ul class_=\"parameters-list\">\n<li><span class=\"param-name\">WINIW <strong>Piel importada<\/strong> Company Factory Wholesale Vegan Leather Manufacturersfactory, a leading manufacturer in the leather industry, presents its latest innovation:<\/span> the Easy To Customize Synthetic Microfiber Leather, specifically designed for the lining of Chukka boots.<\/li>\n<p>This microfiber leather material embodies the pinnacle of versatility and adaptability, catering to the diverse needs of footwear designers and manufacturers. Unlike traditional leather, our synthetic microfiber offers a wide range of customization options, enabling brands to tailor the material to their exact specifications.<\/p>\n<p>En <strong>Bolsos de piel de segunda mano<\/strong> WINIW Company Factory Wholesale Vegan Leather Manufacturersmanufacturer&#8217;s expertise in material science and processing ensures that each batch of microfiber leather is of the highest quality, ready to be transformed into luxurious, comfortable linings for Chukka boots.<\/p>\n<li><span class=\"param-name\">Whether it&#8217;s color, texture, or finish, the possibilities are endless, making this material an ideal choice for those seeking to create unique and standout footwear designs . Product Specification WINIW Company Factory Wholesale Vegan Leather ManufacturersCustomizable Synthetic Leather:<\/span> Elegancia, durabilidad y variedad de colores.<\/li>\n<\/ul>\n<p><img decoding=\"async\" alt=\"Piel sint\u00e9tica de microfibra de 0,7 mm Ultrasuede para guantes de ciclismo - Especificaci\u00f3n del material\" class=\"product-image\" src=\"\/wp-content\/uploads\/2025\/08\/07mm-ultrasuede-microfiber-faux-leather-for-cycling-gloves--37881.jpg\"\/><\/p>\n<h3>Par\u00e1metros del producto<\/h3>\n<ul class=\"parameters-list\">\n<li><span class=\"param-name\">Material:<\/span> Microfibra + PU<\/li>\n<li><span class=\"param-name\">Color:<\/span> Negro, gris, beige (colores personalizados disponibles)<\/li>\n<li><span class=\"param-name\">Grosor:<\/span> 0,6 mm, 0,7 mm, 0,8 mm, 1 mm<\/li>\n<li><span class=\"param-name\">Cantidad m\u00ednima de pedido:<\/span> 300 metros lineales<\/li>\n<li><span class=\"param-name\">Longitud del rollo:<\/span> 20-30 m\/rollo<\/li>\n<li><span class=\"param-name\">Plazo de entrega:<\/span> 15-20 d\u00edas<\/li>\n<li><span class=\"param-name\">Anchura:<\/span> 54\u2033, 137cm<\/li>\n<li><span class=\"param-name\">Capacidad de producci\u00f3n:<\/span> 1.000.000 de metros mensuales<\/li>\n<\/ul>\n<\/section>\n<section id=\"features\">\n<h2>Caracter\u00edsticas del producto<\/h2>\n<div class=\"feature-item\">\n<img decoding=\"async\" alt=\"MaterialWaterproof Leather Material ServiceMicrofiberLeather Brand Name WINIW Company Factory Wholesale Vegan Leather ManufacturersWidth 54\" class=\"feature-image left\" src=\"\/wp-content\/uploads\/2025\/08\/06mm-easy-to-customize-synthetic-boots-lining-microfiber-leather--31303.jpg\"\/><\/p>\n<h3>Material <strong>Servicio de material de cuero impermeable<\/strong> MicrofibraPiel Marca de f\u00e1brica WINIW empresa fabricantes de cuero vegano al por mayorAncho 54\u2033; 1<\/h3>\n<p>Material <strong>Servicio de material de cuero impermeable<\/strong> MicrofibraPiel Marca WINIW Empresa F\u00e1brica Mayorista de cuero vegano FabricantesAncho 54\u2033; 1.37m Color Rojo, Negro, Marr\u00f3n, Verde, aceptar personalizar Caracter\u00edstica Resistente al desgaste, Impermeable, Antimoho, Flexible Espesor 0.6mm-2.0mm Lugar de Origen China Personalizado S\u00ed Plazo de entrega Normalmente dentro de 15 - 25 d\u00edas.<\/p>\n<div class=\"clear\"><\/div>\n<\/div>\n<div class=\"feature-item\">\n<img decoding=\"async\" alt=\"MOQ 300 metros Detalles de embalaje 30\/50 metros por rollo\" class=\"feature-image left\" src=\"\/wp-content\/uploads\/2025\/08\/06mm-easy-to-customize-synthetic-boots-lining-microfiber-leather--31304.jpg\"\/><\/p>\n<h3>MOQ 300 metros Detalles de embalaje 30\/50 metros por rollo<\/h3>\n<p>MOQ 300 metros Detalles de embalaje 30\/50 metros por rollo. O <strong>Piel Impermeable Tejido Odmhsas<\/strong> customized Production Capacity 1,000,000 meters monthly Product Feature The Easy To Customize Synthetic Microfiber Leather from WINIW Company Factory Wholesale Vegan Leather Manufacturersfactory is characterized by its exceptional durability, flexibility, and ease of customization.<\/p>\n<div class=\"clear\"><\/div>\n<\/div>\n<div class=\"feature-item\">\n<img decoding=\"async\" alt=\"Crafted using advanced synthetic fibers, this material boasts a robust structure that can withstand the rigors of daily wear and tear while maintaining its shape and appearance\" class=\"feature-image left\" src=\"\/wp-content\/uploads\/2025\/08\/06mm-easy-to-customize-synthetic-boots-lining-microfiber-leather--31305.jpg\"\/><\/p>\n<h3>Crafted using advanced synthetic fibers, this material boasts a robust structure that can withstand the rigors of daily wear and tear while maintaining its shape and appearance<\/h3>\n<p>Crafted using advanced synthetic fibers, this material boasts a robust structure that can withstand the rigors of daily wear and tear while maintaining its shape and appearance. Its microfiber composition ensures superior breathability and moisture management, keeping feet cool and dry throughout the day.<\/p>\n<div class=\"clear\"><\/div>\n<\/div>\n<div class=\"feature-item\">\n<img decoding=\"async\" alt=\"TheWaterproof Faux Leather Customizecustomizable nature of the material allows for endless design possibilities, from subtle textures to bold patterns, making it a versatile option for a variety of Chukka boot designs\" class=\"feature-image left\" src=\"\/wp-content\/uploads\/2025\/08\/06mm-easy-to-customize-synthetic-boots-lining-microfiber-leather--31306.jpg\"\/><\/p>\n<h3>En <strong>Piel sint\u00e9tica impermeable Personalizar<\/strong> customizable nature of the material allows for endless design possibilities, from subtle textures to bold patterns, making it a versatile option for a variety of Chukka boot designs<\/h3>\n<p>En <strong>Piel sint\u00e9tica impermeable Personalizar<\/strong> customizable nature of the material allows for endless design possibilities, from subtle textures to bold patterns, making it a versatile option for a variety of Chukka boot designs.<\/p>\n<div class=\"clear\"><\/div>\n<\/div>\n<div class=\"feature-item\">\n<img decoding=\"async\" alt=\"Furthermore, the WINIW Company Factory Wholesale Vegan Leather Manufacturersmanufacturer's commitment to sustainability means that this microfiber leather is produced using eco-friendly processes, reducing its environmental impact\" class=\"feature-image left\" src=\"\/wp-content\/uploads\/2025\/08\/06mm-easy-to-customize-synthetic-boots-lining-microfiber-leather--31307.jpg\"\/><\/p>\n<h3>Furthermore, the WINIW Company Factory Wholesale Vegan Leather Manufacturersmanufacturer&#8217;s commitment to sustainability means that this microfiber leather is produced using eco-friendly processes, reducing its environmental impact<\/h3>\n<p>Furthermore, the WINIW Company Factory Wholesale Vegan Leather Manufacturersmanufacturer&#8217;s commitment to sustainability means that this microfiber leather is produced using eco-friendly processes, reducing its environmental impact.<\/p>\n<div class=\"clear\"><\/div>\n<\/div>\n<div class=\"feature-item\">\n<h3>Its lightweight yet sturdy construction ensures that it doesn&#8217;t add unnecessary bulk to the boots, maintaining a sleek and streamlined profile <\/h3>\n<p>Its lightweight yet sturdy construction ensures that it doesn&#8217;t add unnecessary bulk to the boots, maintaining a sleek and streamlined profile .<\/p>\n<div class=\"clear\"><\/div>\n<\/div>\n<div class=\"feature-item\">\n<img decoding=\"async\" alt=\"Alta resistencia al desgarro - Ultrasuede Microfibra Faux Leather para guantes de ciclismo\" class=\"feature-image left\" src=\"\/wp-content\/uploads\/2025\/08\/07mm-ultrasuede-microfiber-faux-leather-for-cycling-gloves--37882.jpg\"\/><\/p>\n<h3>Alta resistencia al desgarro<\/h3>\n<p>Nuestra piel de microfibra Ultrasuede presenta una excepcional resistencia al desgarro, lo que garantiza que no se romper\u00e1 ni deformar\u00e1 f\u00e1cilmente bajo tensi\u00f3n. Esto la hace ideal para productos que requieren durabilidad y rendimiento a largo plazo.<\/p>\n<div class=\"clear\"><\/div>\n<\/div>\n<div class=\"feature-item\">\n<img decoding=\"async\" alt=\"Retenci\u00f3n de la forma - Piel sint\u00e9tica de microfibra Ultrasuede para guantes de ciclismo\" class=\"feature-image right\" src=\"\/wp-content\/uploads\/2025\/08\/07mm-ultrasuede-microfiber-faux-leather-for-cycling-gloves--37883.jpg\"\/><\/p>\n<h3>No es f\u00e1cil de deformar<\/h3>\n<p>Especialmente tratado para mantener su forma original, este material ofrece una excelente elasticidad y estabilidad. Resiste la deformaci\u00f3n por presi\u00f3n externa o estiramiento, manteniendo los productos intactos y atractivos a lo largo del tiempo.<\/p>\n<div class=\"clear\"><\/div>\n<\/div>\n<div class=\"feature-item\">\n<img decoding=\"async\" alt=\"Durabilidad - Piel sint\u00e9tica de microfibra Ultrasuede para guantes de ciclismo\" class=\"feature-image left\" src=\"\/wp-content\/uploads\/2025\/08\/07mm-ultrasuede-microfiber-faux-leather-for-cycling-gloves--37884.jpg\"\/><\/p>\n<h3>Durabilidad<\/h3>\n<p>Extremadamente resistente a la abrasi\u00f3n, los desgarros y los pinchazos, este material garantiza que los guantes se mantengan en \u00f3ptimas condiciones incluso con un uso prolongado. Tambi\u00e9n mantiene una excelente destreza y resistencia para art\u00edculos de piel de alta calidad.<\/p>\n<div class=\"clear\"><\/div>\n<\/div>\n<\/section>\n<section id=\"why-choose-us\">\n<h2>Por qu\u00e9 elegir WINIW<\/h2>\n<div class=\"advantage-item\">\n<h3>Nuestras ventajas<\/h3>\n<p>WINIW Company F\u00e1brica al por mayor de cuero vegano ManufacturersFactory escaparate de productos<\/p>\n<\/div>\n<div class=\"advantage-item\">\n<h3>Garant\u00eda de calidad<\/h3>\n<p>Aplicamos un estricto control de calidad en toda la cadena de producci\u00f3n y suministro, cumpliendo las normas ISO9001. Desde la selecci\u00f3n de materias primas hasta la inspecci\u00f3n final, damos prioridad a los intereses del cliente.<\/p>\n<\/div>\n<div class=\"advantage-item\">\n<h3>Equipo t\u00e9cnico profesional<\/h3>\n<p>Nuestro equipo t\u00e9cnico especializado est\u00e1 formado por profesionales con experiencia en diversos campos, dedicados a suministrar productos de alta calidad y soluciones a medida.<\/p>\n<\/div>\n<div class=\"advantage-item\">\n<h3>Amplia gama de aplicaciones<\/h3>\n<p>Nuestros materiales se utilizan ampliamente en calzado, ropa, maletas, interiores de autom\u00f3viles, muebles de sof\u00e1, etc.<\/p>\n<\/div>\n<div class=\"advantage-item\">\n<h3>Una rica experiencia<\/h3>\n<p>Quanzhou WINIW Import &amp; Export Co., Ltd. cuenta con m\u00e1s de 20 a\u00f1os de experiencia en producci\u00f3n, ofreciendo soluciones perfectas para clientes de todo el mundo.<\/p>\n<\/div>\n<div class=\"advantage-item\">\n<h3>Precio asequible<\/h3>\n<p>Ofrecemos precios competitivos y un excelente servicio de atenci\u00f3n al cliente. Solicite un cat\u00e1logo o visite nuestra f\u00e1brica para explorar nuestros productos.<\/p>\n<\/div>\n<div class=\"advantage-item\">\n<h3>Servicio de atenci\u00f3n al cliente en l\u00ednea 24 horas<\/h3>\n<p>Nuestro equipo est\u00e1 disponible 24 horas al d\u00eda, 7 d\u00edas a la semana, para responder a las consultas y atender los comentarios con prontitud.<\/p>\n<\/div>\n<p><img decoding=\"async\" alt=\"Planta de producci\u00f3n WINIW - Proceso de fabricaci\u00f3n de piel de microfibra Ultrasuede\" class=\"product-image\" src=\"\/wp-content\/uploads\/2025\/08\/07mm-ultrasuede-microfiber-faux-leather-for-cycling-gloves--37888.jpg\"\/><br \/>\n<\/section>\n<p><\/main><\/p>\n<section id=\"inquiry\">\n<h2 style=\"text-align: center;\">Esperamos su consulta.<\/h2>\n<p style=\"text-align: center;\">P\u00f3ngase en contacto con nosotros hoy mismo para obtener m\u00e1s informaci\u00f3n sobre nuestros productos y realizar su pedido.<\/p>\n<\/section>\n\n    <div class=\"xs_social_share_widget xs_share_url after_content \t\tmain_content  wslu-style-1 wslu-share-box-shaped wslu-fill-colored wslu-none wslu-share-horizontal wslu-theme-font-no wslu-main_content\">\n\n\t\t\n        <ul>\n\t\t\t        <\/ul>\n    <\/div>","protected":false},"excerpt":{"rendered":"<div class=\"product-short-description\">Microfiber Shoe Lining Leather 0.6mm Easy To Customize Synthetic Boots Lining Microfiber Leather  WINIW 0.6mm Easy To Customize Synthetic Boots Lining Microfiber Leather  Key features include MicrofiberLeather, WINIW, Width.Ideal for those seeking quality and reliability.<\/p>\n<p>Como f\u00e1brica directa, fabricante y mayorista, podemos controlar estrictamente el proceso de producci\u00f3n para garantizar la calidad del producto y, al mismo tiempo, ofrecerle los precios m\u00e1s favorables. Contamos con equipos de producci\u00f3n avanzados y un equipo t\u00e9cnico profesional para satisfacer sus necesidades de pedidos a gran escala y garantizar una entrega puntual.<\/p>\n<\/div>","protected":false},"featured_media":4499,"template":"","meta":[],"product_brand":[],"product_cat":[210],"product_tag":[],"class_list":{"0":"post-29100","1":"product","2":"type-product","3":"status-publish","4":"has-post-thumbnail","6":"product_cat-microfiber-shoe-lining-leather","8":"first","9":"instock","10":"product-type-simple"},"_links":{"self":[{"href":"https:\/\/www.eco-leather.com\/es\/wp-json\/wp\/v2\/product\/29100","targetHints":{"allow":["GET"]}}],"collection":[{"href":"https:\/\/www.eco-leather.com\/es\/wp-json\/wp\/v2\/product"}],"about":[{"href":"https:\/\/www.eco-leather.com\/es\/wp-json\/wp\/v2\/types\/product"}],"wp:featuredmedia":[{"embeddable":true,"href":"https:\/\/www.eco-leather.com\/es\/wp-json\/wp\/v2\/media\/4499"}],"wp:attachment":[{"href":"https:\/\/www.eco-leather.com\/es\/wp-json\/wp\/v2\/media?parent=29100"}],"wp:term":[{"taxonomy":"product_brand","embeddable":true,"href":"https:\/\/www.eco-leather.com\/es\/wp-json\/wp\/v2\/product_brand?post=29100"},{"taxonomy":"product_cat","embeddable":true,"href":"https:\/\/www.eco-leather.com\/es\/wp-json\/wp\/v2\/product_cat?post=29100"},{"taxonomy":"product_tag","embeddable":true,"href":"https:\/\/www.eco-leather.com\/es\/wp-json\/wp\/v2\/product_tag?post=29100"}],"curies":[{"name":"wp","href":"https:\/\/api.w.org\/{rel}","templated":true}]}}