{"id":29065,"date":"2025-09-07T11:00:13","date_gmt":"2025-09-07T03:00:13","guid":{"rendered":"https:\/\/www.eco-leather.com\/product\/0-7mm-numerous-colors-vegan-micro-fiber-leather-casual-footwear-lining\/"},"modified":"2025-09-07T11:00:17","modified_gmt":"2025-09-07T03:00:17","slug":"0-7mm-numerous-colors-vegan-micro-fiber-leather-casual-footwear-lining","status":"publish","type":"product","link":"https:\/\/www.eco-leather.com\/es\/0-7mm-numerous-colors-vegan-micro-fiber-leather-casual-footwear-lining\/","title":{"rendered":"0.7mm Numerous Colors Vegan Micro fiber Leather Casual Footwear Lining"},"content":{"rendered":"<h2>Piel de microfibra para forro de calzado<\/h2>\n<p><main><\/p>\n<section id=\"product-overview\">\n<h2>Descripci\u00f3n del producto<\/h2>\n<p>Producto <strong>Piel sint\u00e9tica Spandex<\/strong> Introducci\u00f3n<\/p>\n<p>Fabricados con materiales de microfibra de alta calidad, nuestros guantes de piel sint\u00e9tica de microfibra Ultrasuede de 0,7 mm son la elecci\u00f3n perfecta para el ciclismo. Equilibra flexibilidad y resistencia, y ofrece una transpirabilidad excepcional y propiedades de evacuaci\u00f3n de la humedad para mantener las manos frescas y secas durante salidas intensas.<\/p>\n<p>Tanto si eres un ciclista profesional como si te dedicas al ocio, la piel de microfibra este material proporciona una comodidad y una protecci\u00f3n insuperables. Su gran resistencia a las abrasiones y los desgarros garantiza un rendimiento duradero, mientras que su elegante dise\u00f1o a\u00f1ade un toque sofisticado a cualquier conjunto ciclista.<\/p>\n<\/section>\n<section id=\"specifications\">\n<h2>Par\u00e1metros t\u00e9cnicos<\/h2>\n<ul class_=\"parameters-list\">\n<li><span class=\"param-name\">Producto <strong>Cajas de piel sint\u00e9tica China<\/strong> Especificaci\u00f3n WINIW Company F\u00e1brica al por mayor de cuero de microfibra ManufacturersCustomizable cuero sint\u00e9tico:<\/span> Elegancia, durabilidad y variedad de colores.<\/li>\n<\/ul>\n<p><img decoding=\"async\" alt=\"Piel sint\u00e9tica de microfibra de 0,7 mm Ultrasuede para guantes de ciclismo - Especificaci\u00f3n del material\" class=\"product-image\" src=\"\/wp-content\/uploads\/2025\/08\/07mm-ultrasuede-microfiber-faux-leather-for-cycling-gloves--37881.jpg\"\/><\/p>\n<h3>Par\u00e1metros del producto<\/h3>\n<ul class=\"parameters-list\">\n<li><span class=\"param-name\">Material:<\/span> Microfibra + PU<\/li>\n<li><span class=\"param-name\">Color:<\/span> Negro, gris, beige (colores personalizados disponibles)<\/li>\n<li><span class=\"param-name\">Grosor:<\/span> 0,6 mm, 0,7 mm, 0,8 mm, 1 mm<\/li>\n<li><span class=\"param-name\">Cantidad m\u00ednima de pedido:<\/span> 300 metros lineales<\/li>\n<li><span class=\"param-name\">Longitud del rollo:<\/span> 20-30 m\/rollo<\/li>\n<li><span class=\"param-name\">Plazo de entrega:<\/span> 15-20 d\u00edas<\/li>\n<li><span class=\"param-name\">Anchura:<\/span> 54\u2033, 137cm<\/li>\n<li><span class=\"param-name\">Capacidad de producci\u00f3n:<\/span> 1.000.000 de metros mensuales<\/li>\n<\/ul>\n<\/section>\n<section id=\"features\">\n<h2>Caracter\u00edsticas del producto<\/h2>\n<div class=\"feature-item\">\n<img decoding=\"async\" alt=\"TheWaterproof Faux Leather CustomizeNumerous Color Synthetic Microfiber Leather crafted by WINIW Company Factory Wholesale Microfiber Leather Manufacturersfactory, a reputable manufacturer in the leather industry, represents a cutting-edge solution for casual footwear lining\" class=\"feature-image left\" src=\"\/wp-content\/uploads\/2025\/08\/07mm-numerous-colors-vegan-micro-fiber-leather-casual-footwear-lining-31023.jpg\"\/><\/p>\n<h3>En <strong>Piel sint\u00e9tica impermeable Personalizar<\/strong> Numerous Color Synthetic Microfiber Leather crafted by WINIW Company Factory Wholesale Microfiber Leather Manufacturersfactory, a reputable manufacturer in the leather industry, represents a cutting-edge solution for casual footwear lining<\/h3>\n<p>En <strong>Piel sint\u00e9tica impermeable Personalizar<\/strong> Numerous Color Synthetic Microfiber Leather crafted by WINIW Company Factory Wholesale Microfiber Leather Manufacturersfactory, a reputable manufacturer in the leather industry, represents a cutting-edge solution for casual footwear lining.<\/p>\n<div class=\"clear\"><\/div>\n<\/div>\n<div class=\"feature-item\">\n<img decoding=\"async\" alt=\"This microfiber leather is meticulously engineered to meet the diverse demands of modern footwear manufacturers, blending style, comfort, and durability in every square inch\" class=\"feature-image left\" src=\"\/wp-content\/uploads\/2025\/08\/07mm-numerous-colors-vegan-micro-fiber-leather-casual-footwear-lining-31024.jpg\"\/><\/p>\n<h3>This microfiber leather is meticulously engineered to meet the diverse demands of modern footwear manufacturers, blending style, comfort, and durability in every square inch<\/h3>\n<p>This microfiber leather is meticulously engineered to meet the diverse demands of modern footwear manufacturers, blending style, comfort, and durability in every square inch. Unlike traditional leather materials, our synthetic microfiber leather offers a broader color palette, ensuring that every shoe design can be complemented with the perfect lining hue.<\/p>\n<div class=\"clear\"><\/div>\n<\/div>\n<div class=\"feature-item\">\n<img decoding=\"async\" alt=\"From subtle pastels to bold, vibrant shades, WINIW Company Factory Wholesale Microfiber Leather Manufacturersmicrofiber leather ensures that casual footwear not only feels great but also looks stunning, making it a favorite among designers and consumers alike\" class=\"feature-image left\" src=\"\/wp-content\/uploads\/2025\/08\/07mm-numerous-colors-vegan-micro-fiber-leather-casual-footwear-lining-31025.jpg\"\/><\/p>\n<h3>From subtle pastels to bold, vibrant shades, WINIW Company Factory Wholesale Microfiber Leather Manufacturersmicrofiber leather ensures that casual footwear not only feels great but also looks stunning, making it a favorite among designers and consumers alike<\/h3>\n<p>From subtle pastels to bold, vibrant shades, WINIW Company Factory Wholesale Microfiber Leather Manufacturersmicrofiber leather ensures that casual footwear not only feels great but also looks stunning, making it a favorite among designers and consumers alike.<\/p>\n<div class=\"clear\"><\/div>\n<\/div>\n<div class=\"feature-item\">\n<img decoding=\"async\" alt=\"AsSuede Leather Waterproof Importa WINIW Company Factory Wholesale Microfiber Leather Manufacturersmanufacturer, we pride ourselves on delivering consistent quality and innovation, ensuring that each roll of our microfiber leather meets the highest standards in the industry \" class=\"feature-image left\" src=\"\/wp-content\/uploads\/2025\/08\/07mm-numerous-colors-vegan-micro-fiber-leather-casual-footwear-lining-31026.jpg\"\/><\/p>\n<h3>En <strong>Ante Piel Impermeable Importaci\u00f3n<\/strong> a WINIW Company Factory Wholesale Microfiber Leather Manufacturersmanufacturer, we pride ourselves on delivering consistent quality and innovation, ensuring that each roll of our microfiber leather meets the highest standards in the industry <\/h3>\n<p>En <strong>Ante Piel Impermeable Importaci\u00f3n<\/strong> a WINIW Company Factory Wholesale Microfiber Leather Manufacturersmanufacturer, we pride ourselves on delivering consistent quality and innovation, ensuring that each roll of our microfiber leather meets the highest standards in the industry .<\/p>\n<div class=\"clear\"><\/div>\n<\/div>\n<div class=\"feature-item\">\n<img decoding=\"async\" alt=\"Material MicrofiberLeather Brand Name WINIW Company Factory Wholesale Microfiber Leather ManufacturersWidth 54\" class=\"feature-image left\" src=\"\/wp-content\/uploads\/2025\/08\/07mm-numerous-colors-vegan-micro-fiber-leather-casual-footwear-lining-31027.jpg\"\/><\/p>\n<h3>Material MicrofiberLeather Brand Name WINIW Company Factory Wholesale Microfiber Leather ManufacturersWidth 54&#8243;; 1<\/h3>\n<p>Material MicrofiberLeather Brand Name WINIW Company Factory Wholesale Microfiber Leather ManufacturersWidth 54&#8243;; 1.37m Color Red, Black,Brown, Green,accept customize Feature Wear resistant, Waterproof, Anti-Mildew, Flexible Thickness 0.6mm-2.0mm Place of Origin China Customized Yes Delivery time Usually within 15 &#8211; 25 days.<\/p>\n<div class=\"clear\"><\/div>\n<\/div>\n<div class=\"feature-item\">\n<h3>MOQ 300 metros Detalles de embalaje 30\/50 metros por rollo<\/h3>\n<p>MOQ 300 metros Detalles de embalaje 30\/50 metros por rollo. O <strong>Piel Impermeable Tejido Odmhsas<\/strong> customized Production Capacity 1,000,000 meters monthly Product Feature WINIW Company Factory Wholesale Microfiber Leather ManufacturersNumerous Color Synthetic Microfiber Leather for casual footwear lining stands out for its exceptional characteristics that set it apart from other lining materials.<\/p>\n<div class=\"clear\"><\/div>\n<\/div>\n<div class=\"feature-item\">\n<h3>First and foremost, its microfiber composition ensures unparalleled breathability, allowing for optimal air circulation within the shoe, which is crucial for maintaining a dry and comfortable foot environment<\/h3>\n<p>First and foremost, its microfiber composition ensures unparalleled breathability, allowing for optimal air circulation within the shoe, which is crucial for maintaining a dry and comfortable foot environment.<\/p>\n<div class=\"clear\"><\/div>\n<\/div>\n<div class=\"feature-item\">\n<h3>The material is also designed to be lightweight yet robust, providing excellent support without adding unnecessary bulk to the footwear<\/h3>\n<p>The material is also designed to be lightweight yet robust, providing excellent support without adding unnecessary bulk to the footwear. Its resistance to wear and tear ensures long-lasting performance, even with frequent use, making it a cost-effective solution for manufacturers.<\/p>\n<div class=\"clear\"><\/div>\n<\/div>\n<div class=\"feature-item\">\n<h3>Additionally, WINIW Company Factory Wholesale Microfiber Leather Manufacturersmicrofiber leather is easy to clean and maintain, reducing the overall lifecycle cost for footwear retailers<\/h3>\n<p>Additionally, WINIW Company Factory Wholesale Microfiber Leather Manufacturersmicrofiber leather is easy to clean and maintain, reducing the overall lifecycle cost for footwear retailers. As a WINIW Company Factory Wholesale Microfiber Leather Manufacturersfactory, we employ advanced manufacturing techniques and eco-friendly processes to produce this high-quality microfiber leather, minimizing environmental impact while maximizing product performance .<\/p>\n<div class=\"clear\"><\/div>\n<\/div>\n<div class=\"feature-item\">\n<img decoding=\"async\" alt=\"Alta resistencia al desgarro - Ultrasuede Microfibra Faux Leather para guantes de ciclismo\" class=\"feature-image left\" src=\"\/wp-content\/uploads\/2025\/08\/07mm-ultrasuede-microfiber-faux-leather-for-cycling-gloves--37882.jpg\"\/><\/p>\n<h3>Alta resistencia al desgarro<\/h3>\n<p>Nuestra piel de microfibra Ultrasuede presenta una excepcional resistencia al desgarro, lo que garantiza que no se romper\u00e1 ni deformar\u00e1 f\u00e1cilmente bajo tensi\u00f3n. Esto la hace ideal para productos que requieren durabilidad y rendimiento a largo plazo.<\/p>\n<div class=\"clear\"><\/div>\n<\/div>\n<div class=\"feature-item\">\n<img decoding=\"async\" alt=\"Retenci\u00f3n de la forma - Piel sint\u00e9tica de microfibra Ultrasuede para guantes de ciclismo\" class=\"feature-image right\" src=\"\/wp-content\/uploads\/2025\/08\/07mm-ultrasuede-microfiber-faux-leather-for-cycling-gloves--37883.jpg\"\/><\/p>\n<h3>No es f\u00e1cil de deformar<\/h3>\n<p>Especialmente tratado para mantener su forma original, este material ofrece una excelente elasticidad y estabilidad. Resiste la deformaci\u00f3n por presi\u00f3n externa o estiramiento, manteniendo los productos intactos y atractivos a lo largo del tiempo.<\/p>\n<div class=\"clear\"><\/div>\n<\/div>\n<div class=\"feature-item\">\n<img decoding=\"async\" alt=\"Durabilidad - Piel sint\u00e9tica de microfibra Ultrasuede para guantes de ciclismo\" class=\"feature-image left\" src=\"\/wp-content\/uploads\/2025\/08\/07mm-ultrasuede-microfiber-faux-leather-for-cycling-gloves--37884.jpg\"\/><\/p>\n<h3>Durabilidad<\/h3>\n<p>Extremadamente resistente a la abrasi\u00f3n, los desgarros y los pinchazos, este material garantiza que los guantes se mantengan en \u00f3ptimas condiciones incluso con un uso prolongado. Tambi\u00e9n mantiene una excelente destreza y resistencia para art\u00edculos de piel de alta calidad.<\/p>\n<div class=\"clear\"><\/div>\n<\/div>\n<\/section>\n<section id=\"why-choose-us\">\n<h2>Por qu\u00e9 elegir WINIW<\/h2>\n<div class=\"advantage-item\">\n<h3>Nuestras ventajas<\/h3>\n<p>WINIW Company F\u00e1brica al por mayor de microfibra de cuero ManufacturersFactory escaparate de productos<\/p>\n<\/div>\n<div class=\"advantage-item\">\n<h3>Garant\u00eda de calidad<\/h3>\n<p>Aplicamos un estricto control de calidad en toda la cadena de producci\u00f3n y suministro, cumpliendo las normas ISO9001. Desde la selecci\u00f3n de materias primas hasta la inspecci\u00f3n final, damos prioridad a los intereses del cliente.<\/p>\n<\/div>\n<div class=\"advantage-item\">\n<h3>Equipo t\u00e9cnico profesional<\/h3>\n<p>Nuestro equipo t\u00e9cnico especializado est\u00e1 formado por profesionales con experiencia en diversos campos, dedicados a suministrar productos de alta calidad y soluciones a medida.<\/p>\n<\/div>\n<div class=\"advantage-item\">\n<h3>Amplia gama de aplicaciones<\/h3>\n<p>Nuestros materiales se utilizan ampliamente en calzado, ropa, maletas, interiores de autom\u00f3viles, muebles de sof\u00e1, etc.<\/p>\n<\/div>\n<div class=\"advantage-item\">\n<h3>Una rica experiencia<\/h3>\n<p>Quanzhou WINIW Import &amp; Export Co., Ltd. cuenta con m\u00e1s de 20 a\u00f1os de experiencia en producci\u00f3n, ofreciendo soluciones perfectas para clientes de todo el mundo.<\/p>\n<\/div>\n<div class=\"advantage-item\">\n<h3>Precio asequible<\/h3>\n<p>Ofrecemos precios competitivos y un excelente servicio de atenci\u00f3n al cliente. Solicite un cat\u00e1logo o visite nuestra f\u00e1brica para explorar nuestros productos.<\/p>\n<\/div>\n<div class=\"advantage-item\">\n<h3>Servicio de atenci\u00f3n al cliente en l\u00ednea 24 horas<\/h3>\n<p>Nuestro equipo est\u00e1 disponible 24 horas al d\u00eda, 7 d\u00edas a la semana, para responder a las consultas y atender los comentarios con prontitud.<\/p>\n<\/div>\n<p><img decoding=\"async\" alt=\"Planta de producci\u00f3n WINIW - Proceso de fabricaci\u00f3n de piel de microfibra Ultrasuede\" class=\"product-image\" src=\"\/wp-content\/uploads\/2025\/08\/07mm-ultrasuede-microfiber-faux-leather-for-cycling-gloves--37888.jpg\"\/><br \/>\n<\/section>\n<p><\/main><\/p>\n<section id=\"inquiry\">\n<h2 style=\"text-align: center;\">Esperamos su consulta.<\/h2>\n<p style=\"text-align: center;\">P\u00f3ngase en contacto con nosotros hoy mismo para obtener m\u00e1s informaci\u00f3n sobre nuestros productos y realizar su pedido.<\/p>\n<\/section>\n\n    <div class=\"xs_social_share_widget xs_share_url after_content \t\tmain_content  wslu-style-1 wslu-share-box-shaped wslu-fill-colored wslu-none wslu-share-horizontal wslu-theme-font-no wslu-main_content\">\n\n\t\t\n        <ul>\n\t\t\t        <\/ul>\n    <\/div>","protected":false},"excerpt":{"rendered":"<div class=\"product-short-description\">Microfiber Shoe Lining Leather 0.7mm Numerous Colors Vegan Micro fiber Leather Casual Footwear Lining WINIW 0.7mm Numerous Colors Vegan Micro fiber Leather Casual Footwear Lining Key features include MicrofiberLeather, WINIW, Width.Ideal for those seeking quality and reliability.<\/p>\n<p>Como f\u00e1brica directa, fabricante y mayorista, podemos controlar estrictamente el proceso de producci\u00f3n para garantizar la calidad del producto y, al mismo tiempo, ofrecerle los precios m\u00e1s favorables. Contamos con equipos de producci\u00f3n avanzados y un equipo t\u00e9cnico profesional para satisfacer sus necesidades de pedidos a gran escala y garantizar una entrega puntual.<\/p>\n<\/div>","protected":false},"featured_media":4219,"template":"","meta":[],"product_brand":[],"product_cat":[210],"product_tag":[],"class_list":{"0":"post-29065","1":"product","2":"type-product","3":"status-publish","4":"has-post-thumbnail","6":"product_cat-microfiber-shoe-lining-leather","8":"first","9":"instock","10":"product-type-simple"},"_links":{"self":[{"href":"https:\/\/www.eco-leather.com\/es\/wp-json\/wp\/v2\/product\/29065","targetHints":{"allow":["GET"]}}],"collection":[{"href":"https:\/\/www.eco-leather.com\/es\/wp-json\/wp\/v2\/product"}],"about":[{"href":"https:\/\/www.eco-leather.com\/es\/wp-json\/wp\/v2\/types\/product"}],"wp:featuredmedia":[{"embeddable":true,"href":"https:\/\/www.eco-leather.com\/es\/wp-json\/wp\/v2\/media\/4219"}],"wp:attachment":[{"href":"https:\/\/www.eco-leather.com\/es\/wp-json\/wp\/v2\/media?parent=29065"}],"wp:term":[{"taxonomy":"product_brand","embeddable":true,"href":"https:\/\/www.eco-leather.com\/es\/wp-json\/wp\/v2\/product_brand?post=29065"},{"taxonomy":"product_cat","embeddable":true,"href":"https:\/\/www.eco-leather.com\/es\/wp-json\/wp\/v2\/product_cat?post=29065"},{"taxonomy":"product_tag","embeddable":true,"href":"https:\/\/www.eco-leather.com\/es\/wp-json\/wp\/v2\/product_tag?post=29065"}],"curies":[{"name":"wp","href":"https:\/\/api.w.org\/{rel}","templated":true}]}}