{"id":28978,"date":"2025-09-07T10:59:28","date_gmt":"2025-09-07T02:59:28","guid":{"rendered":"https:\/\/www.eco-leather.com\/product\/fine-synthetic-pore-microfiber-leather-for-dress-boot-shoe-lining\/"},"modified":"2025-09-07T10:59:29","modified_gmt":"2025-09-07T02:59:29","slug":"fina-piel-de-microfibra-de-poro-sintetico-para-forro-de-zapato-de-bota-de-vestir","status":"publish","type":"product","link":"https:\/\/www.eco-leather.com\/es\/fina-piel-de-microfibra-de-poro-sintetico-para-forro-de-zapato-de-bota-de-vestir\/","title":{"rendered":"Microfibra sint\u00e9tica de poro fino para forro de zapato de vestir"},"content":{"rendered":"<h2>Piel de microfibra para forro de calzado<\/h2>\n<p><main><\/p>\n<section id=\"product-overview\">\n<h2>Descripci\u00f3n del producto<\/h2>\n<p>Producto <strong>Piel sint\u00e9tica Spandex<\/strong> Introducci\u00f3n<\/p>\n<p>Fabricados con materiales de microfibra de alta calidad, nuestros guantes de piel sint\u00e9tica de microfibra Ultrasuede de 0,7 mm son la elecci\u00f3n perfecta para el ciclismo. Equilibra flexibilidad y resistencia, y ofrece una transpirabilidad excepcional y propiedades de evacuaci\u00f3n de la humedad para mantener las manos frescas y secas durante salidas intensas.<\/p>\n<p>Tanto si eres un ciclista profesional como si te dedicas al ocio, la piel de microfibra este material proporciona una comodidad y una protecci\u00f3n insuperables. Su gran resistencia a las abrasiones y los desgarros garantiza un rendimiento duradero, mientras que su elegante dise\u00f1o a\u00f1ade un toque sofisticado a cualquier conjunto ciclista.<\/p>\n<\/section>\n<section id=\"specifications\">\n<h2>Par\u00e1metros t\u00e9cnicos<\/h2>\n<ul class_=\"parameters-list\">\n<li><span class=\"param-name\">Producto <strong>Cajas de piel sint\u00e9tica China<\/strong> Especificaci\u00f3n WINIW Company F\u00e1brica al por mayor de microfibra de PU ManufacturersCustomizable cuero sint\u00e9tico:<\/span> Elegancia, durabilidad y variedad de colores.<\/li>\n<\/ul>\n<p><img decoding=\"async\" alt=\"Piel sint\u00e9tica de microfibra de 0,7 mm Ultrasuede para guantes de ciclismo - Especificaci\u00f3n del material\" class=\"product-image\" src=\"\/wp-content\/uploads\/2025\/08\/07mm-ultrasuede-microfiber-faux-leather-for-cycling-gloves--37881.jpg\"\/><\/p>\n<h3>Par\u00e1metros del producto<\/h3>\n<ul class=\"parameters-list\">\n<li><span class=\"param-name\">Material:<\/span> Microfibra + PU<\/li>\n<li><span class=\"param-name\">Color:<\/span> Negro, gris, beige (colores personalizados disponibles)<\/li>\n<li><span class=\"param-name\">Grosor:<\/span> 0,6 mm, 0,7 mm, 0,8 mm, 1 mm<\/li>\n<li><span class=\"param-name\">Cantidad m\u00ednima de pedido:<\/span> 300 metros lineales<\/li>\n<li><span class=\"param-name\">Longitud del rollo:<\/span> 20-30 m\/rollo<\/li>\n<li><span class=\"param-name\">Plazo de entrega:<\/span> 15-20 d\u00edas<\/li>\n<li><span class=\"param-name\">Anchura:<\/span> 54\u2033, 137cm<\/li>\n<li><span class=\"param-name\">Capacidad de producci\u00f3n:<\/span> 1.000.000 de metros mensuales<\/li>\n<\/ul>\n<\/section>\n<section id=\"features\">\n<h2>Caracter\u00edsticas del producto<\/h2>\n<div class=\"feature-item\">\n<img decoding=\"async\" alt=\"MaterialPiel de ante Impermeable SprayMicrofibraPiel Marca WINIW Empresa F\u00e1brica Mayorista PU Microfibra FabricantesAncho 54\" class=\"feature-image left\" src=\"\/wp-content\/uploads\/2025\/08\/fine-synthetic-pore-microfiber-leather-for-dress-boot-shoe-lining-30328.jpg\"\/><\/p>\n<h3>Material <strong>Spray Impermeable Piel de Ante<\/strong> MicrofibraPiel Marca de f\u00e1brica WINIW empresa fabricantes de microfibra PU al por mayorAncho 54\u2033; 1<\/h3>\n<p>Material <strong>Spray Impermeable Piel de Ante<\/strong> MicrofibraPiel Marca WINIW Empresa F\u00e1brica Venta al por mayor PU Microfibra FabricantesAncho 54\u2033; 1.37m Color Rojo, Negro, Marr\u00f3n, Verde, aceptar personalizar Caracter\u00edstica Resistente al desgaste, Impermeable, Anti Moho, Flexible Espesor 0.6mm-2.0mm Lugar de Origen China Personalizado S\u00ed Plazo de entrega Generalmente dentro de 15 - 25 d\u00edas.<\/p>\n<div class=\"clear\"><\/div>\n<\/div>\n<div class=\"feature-item\">\n<img decoding=\"async\" alt=\"MOQ 300 metros Detalles de embalaje 30\/50 metros por rollo\" class=\"feature-image left\" src=\"\/wp-content\/uploads\/2025\/08\/fine-synthetic-pore-microfiber-leather-for-dress-boot-shoe-lining-30329.jpg\"\/><\/p>\n<h3>MOQ 300 metros Detalles de embalaje 30\/50 metros por rollo<\/h3>\n<p>MOQ 300 metros Detalles de embalaje 30\/50 metros por rollo. O a medida Capacidad de producci\u00f3n 1.000.000 de metros mensuales Caracter\u00edsticas del producto Nuestro cuero de microfibra sint\u00e9tica de poro fino destaca por su gran variedad de impresionantes caracter\u00edsticas que lo diferencian de los materiales tradicionales.<\/p>\n<div class=\"clear\"><\/div>\n<\/div>\n<div class=\"feature-item\">\n<img decoding=\"async\" alt=\"Como una empresa WINIW f\u00e1brica al por mayor de microfibra de PU Manufacturersmanufacturer, damos prioridad a la innovaci\u00f3n y la calidad, y este cuero no es una excepci\u00f3n\" class=\"feature-image left\" src=\"\/wp-content\/uploads\/2025\/08\/fine-synthetic-pore-microfiber-leather-for-dress-boot-shoe-lining-30330.jpg\"\/><\/p>\n<h3>Como una empresa WINIW f\u00e1brica al por mayor de microfibra de PU Manufacturersmanufacturer, damos prioridad a la innovaci\u00f3n y la calidad, y este cuero no es una excepci\u00f3n<\/h3>\n<p>Como una empresa WINIW f\u00e1brica de microfibra de PU al por mayor Manufacturersmanufacturer, damos prioridad a la innovaci\u00f3n y la calidad, y este cuero no es una excepci\u00f3n. Es <strong>Leatherman de imitaci\u00f3n impermeable<\/strong> cuenta con una estructura sint\u00e9tica duradera y flexible que la hace resistente al desgaste, al tiempo que mantiene un tacto suave y flexible.<\/p>\n<div class=\"clear\"><\/div>\n<\/div>\n<div class=\"feature-item\">\n<img decoding=\"async\" alt=\"Los poros de la piel sint\u00e9tica se han dise\u00f1ado meticulosamente para imitar las imperfecciones naturales de la piel aut\u00e9ntica, lo que aumenta su autenticidad.\" class=\"feature-image left\" src=\"\/wp-content\/uploads\/2025\/08\/fine-synthetic-pore-microfiber-leather-for-dress-boot-shoe-lining-30331.jpg\"\/><\/p>\n<h3>Los poros de la piel sint\u00e9tica se han dise\u00f1ado meticulosamente para imitar las imperfecciones naturales de la piel aut\u00e9ntica, lo que aumenta su autenticidad.<\/h3>\n<p>Los poros de la piel sint\u00e9tica se han dise\u00f1ado meticulosamente para imitar las imperfecciones naturales de la piel aut\u00e9ntica, lo que aumenta su autenticidad. Adem\u00e1s, su composici\u00f3n vegana satisface al creciente mercado de consumidores con conciencia ecol\u00f3gica que buscan alternativas con estilo sin da\u00f1ar a los animales.<\/p>\n<div class=\"clear\"><\/div>\n<\/div>\n<div class=\"feature-item\">\n<h3>Gracias a su naturaleza sint\u00e9tica, tambi\u00e9n es m\u00e1s f\u00e1cil de limpiar y mantener, por lo que conserva su aspecto impecable durante m\u00e1s tiempo.<\/h3>\n<p>Su naturaleza sint\u00e9tica tambi\u00e9n significa que es m\u00e1s f\u00e1cil de limpiar y mantener, lo que garantiza que conserve su aspecto impecable durante m\u00e1s tiempo. En general, nuestra piel de microfibra con poro sint\u00e9tico fino ofrece una combinaci\u00f3n de est\u00e9tica, rendimiento y sostenibilidad dif\u00edcil de encontrar en otro lugar....<\/p>\n<div class=\"clear\"><\/div>\n<\/div>\n<div class=\"feature-item\">\n<img decoding=\"async\" alt=\"Alta resistencia al desgarro - Ultrasuede Microfibra Faux Leather para guantes de ciclismo\" class=\"feature-image left\" src=\"\/wp-content\/uploads\/2025\/08\/07mm-ultrasuede-microfiber-faux-leather-for-cycling-gloves--37882.jpg\"\/><\/p>\n<h3>Alta resistencia al desgarro<\/h3>\n<p>Nuestra piel de microfibra Ultrasuede presenta una excepcional resistencia al desgarro, lo que garantiza que no se romper\u00e1 ni deformar\u00e1 f\u00e1cilmente bajo tensi\u00f3n. Esto la hace ideal para productos que requieren durabilidad y rendimiento a largo plazo.<\/p>\n<div class=\"clear\"><\/div>\n<\/div>\n<div class=\"feature-item\">\n<img decoding=\"async\" alt=\"Retenci\u00f3n de la forma - Piel sint\u00e9tica de microfibra Ultrasuede para guantes de ciclismo\" class=\"feature-image right\" src=\"\/wp-content\/uploads\/2025\/08\/07mm-ultrasuede-microfiber-faux-leather-for-cycling-gloves--37883.jpg\"\/><\/p>\n<h3>No es f\u00e1cil de deformar<\/h3>\n<p>Especialmente tratado para mantener su forma original, este material ofrece una excelente elasticidad y estabilidad. Resiste la deformaci\u00f3n por presi\u00f3n externa o estiramiento, manteniendo los productos intactos y atractivos a lo largo del tiempo.<\/p>\n<div class=\"clear\"><\/div>\n<\/div>\n<div class=\"feature-item\">\n<img decoding=\"async\" alt=\"Durabilidad - Piel sint\u00e9tica de microfibra Ultrasuede para guantes de ciclismo\" class=\"feature-image left\" src=\"\/wp-content\/uploads\/2025\/08\/07mm-ultrasuede-microfiber-faux-leather-for-cycling-gloves--37884.jpg\"\/><\/p>\n<h3>Durabilidad<\/h3>\n<p>Extremadamente resistente a la abrasi\u00f3n, los desgarros y los pinchazos, este material garantiza que los guantes se mantengan en \u00f3ptimas condiciones incluso con un uso prolongado. Tambi\u00e9n mantiene una excelente destreza y resistencia para art\u00edculos de piel de alta calidad.<\/p>\n<div class=\"clear\"><\/div>\n<\/div>\n<\/section>\n<section id=\"usage\">\n<h2>Uso y aplicaciones<\/h2>\n<p><img fetchpriority=\"high\" decoding=\"async\" alt=\"Piel de microfibra para forro de calzado\" height=\"421\" src=\"\/wp-content\/uploads\/2025\/08\/fine-synthetic-pore-microfiber-leather-for-dress-boot-shoe-lining-30327.jpg\" width=\"1411\"\/><\/p>\n<div class=\"usage-point\">\n<h3>Descubra <strong>Bolsos de piel vegana de primera calidad<\/strong> la elegancia y la sofisticaci\u00f3n de nuestra fina microfibra sint\u00e9tica poros de cuero, meticulosamente elaborado por los expertos en la empresa WINIW f\u00e1brica al por mayor de microfibra PU Manufacturersfactory<\/h3>\n<p>Descubra <strong>Bolsos de piel vegana de primera calidad<\/strong> la elegancia y la sofisticaci\u00f3n de nuestra fina microfibra sint\u00e9tica poros de cuero, meticulosamente elaborado por los expertos de la empresa WINIW f\u00e1brica al por mayor de microfibra PU Manufacturersfactory.<\/p>\n<\/div>\n<div class=\"usage-point\">\n<h3>Como una empresa l\u00edder WINIW f\u00e1brica al por mayor de microfibra de PU Manufacturersmanufacturer especializada en materiales veganos y respetuosos del medio ambiente, estamos orgullosos de presentar este innovador cuero de microfibra que imita el aspecto y el tacto de cuero genuino, mientras que la adhesi\u00f3n a las pr\u00e1cticas sostenibles<\/h3>\n<p>Como empresa l\u00edder WINIW f\u00e1brica al por mayor de microfibra PU Manufacturersmanufacturer especializada en materiales veganos y respetuosos del medio ambiente, estamos orgullosos de presentar este innovador cuero de microfibra que imita el aspecto y la sensaci\u00f3n de cuero genuino, mientras que la adhesi\u00f3n a las pr\u00e1cticas sostenibles.<\/p>\n<\/div>\n<div class=\"usage-point\">\n<h3>Nuestra <strong>Bolsos de piel de segunda mano<\/strong> La piel de microfibra sint\u00e9tica de poro fino est\u00e1 dise\u00f1ada espec\u00edficamente para su uso en forros de botas y zapatos de vestir, ofreciendo un toque lujoso a su calzado sin comprometer la comodidad ni el estilo.<\/h3>\n<p>Nuestra <strong>Bolsos de piel de segunda mano<\/strong> La piel fina de microfibra de poro sint\u00e9tico est\u00e1 dise\u00f1ada espec\u00edficamente para su uso en forros de botas y zapatos de vestir, ofreciendo un toque lujoso a su calzado sin renunciar a la comodidad ni al estilo.<\/p>\n<\/div>\n<div class=\"usage-point\">\n<h3>La meticulosa atenci\u00f3n al detalle en sus poros y textura garantiza que combine a la perfecci\u00f3n con dise\u00f1os de alta gama, lo que la convierte en una opci\u00f3n ideal para clientes exigentes que aprecian la calidad y la artesan\u00eda. <\/h3>\n<p>La meticulosa atenci\u00f3n al detalle en sus poros y textura garantiza que combine a la perfecci\u00f3n con dise\u00f1os de alta gama, lo que la convierte en una opci\u00f3n ideal para clientes exigentes que aprecian la calidad y la artesan\u00eda .<\/p>\n<\/div>\n<div class=\"usage-point\">\n<h3>C\u00f3modo y transpirable<\/h3>\n<p>Suave, c\u00f3modo y muy transpirable, este material es perfecto para guantes de ciclismo y otros productos que se utilizan durante periodos prolongados. Mantiene las manos frescas y secas durante actividades extenuantes.<\/p>\n<\/div>\n<div class=\"usage-point\">\n<h3>Ecol\u00f3gico y sostenible<\/h3>\n<p>Nuestra piel sint\u00e9tica de microfibra Ultrasuede incluye opciones respetuosas con el medio ambiente, como las variantes fabricadas con PET reciclado y materiales de origen vegetal, que reducen el impacto medioambiental a la vez que ofrecen diversas texturas.<\/p>\n<\/div>\n<div class=\"usage-point\">\n<h3>Protecci\u00f3n antibacterias y antipolvo<\/h3>\n<p>Las variantes seleccionadas presentan propiedades antibacterianas y resistentes al polvo, por lo que cumplen elevadas normas de higiene ideales para guantes que requieren estrictos controles de calidad y seguridad.<\/p>\n<\/div>\n<div class=\"usage-point\">\n<h3>Diversos escenarios de aplicaci\u00f3n<\/h3>\n<p>Adem\u00e1s de guantes de ciclismo, es adecuado para guantes de dedos, guantes de seguridad y otros tipos de guantes, as\u00ed como calzado, ropa y accesorios.<\/p>\n<\/div>\n<p><img decoding=\"async\" alt=\"Aplicaciones de la piel sint\u00e9tica de microfibra Ultrasuede de 0,7 mm en diversos productos\" class=\"product-image\" src=\"\/wp-content\/uploads\/2025\/08\/07mm-ultrasuede-microfiber-faux-leather-for-cycling-gloves--37885.jpg\"\/><br \/>\n<img decoding=\"async\" alt=\"Guantes de ciclismo de piel de microfibra Ultrasuede - ejemplo de producto\" class=\"product-image\" src=\"\/wp-content\/uploads\/2025\/08\/07mm-ultrasuede-microfiber-faux-leather-for-cycling-gloves--37886.jpg\"\/><br \/>\n<\/section>\n<section id=\"why-choose-us\">\n<h2>Por qu\u00e9 elegir WINIW<\/h2>\n<div class=\"advantage-item\">\n<h3>Nuestras ventajas<\/h3>\n<p>WINIW Company F\u00e1brica al por mayor de microfibra de PU ManufacturersFactory escaparate de productos<\/p>\n<\/div>\n<div class=\"advantage-item\">\n<h3>Garant\u00eda de calidad<\/h3>\n<p>Aplicamos un estricto control de calidad en toda la cadena de producci\u00f3n y suministro, cumpliendo las normas ISO9001. Desde la selecci\u00f3n de materias primas hasta la inspecci\u00f3n final, damos prioridad a los intereses del cliente.<\/p>\n<\/div>\n<div class=\"advantage-item\">\n<h3>Equipo t\u00e9cnico profesional<\/h3>\n<p>Nuestro equipo t\u00e9cnico especializado est\u00e1 formado por profesionales con experiencia en diversos campos, dedicados a suministrar productos de alta calidad y soluciones a medida.<\/p>\n<\/div>\n<div class=\"advantage-item\">\n<h3>Amplia gama de aplicaciones<\/h3>\n<p>Nuestros materiales se utilizan ampliamente en calzado, ropa, maletas, interiores de autom\u00f3viles, muebles de sof\u00e1, etc.<\/p>\n<\/div>\n<div class=\"advantage-item\">\n<h3>Una rica experiencia<\/h3>\n<p>Quanzhou WINIW Import &amp; Export Co., Ltd. cuenta con m\u00e1s de 20 a\u00f1os de experiencia en producci\u00f3n, ofreciendo soluciones perfectas para clientes de todo el mundo.<\/p>\n<\/div>\n<div class=\"advantage-item\">\n<h3>Precio asequible<\/h3>\n<p>Ofrecemos precios competitivos y un excelente servicio de atenci\u00f3n al cliente. Solicite un cat\u00e1logo o visite nuestra f\u00e1brica para explorar nuestros productos.<\/p>\n<\/div>\n<div class=\"advantage-item\">\n<h3>Servicio de atenci\u00f3n al cliente en l\u00ednea 24 horas<\/h3>\n<p>Nuestro equipo est\u00e1 disponible 24 horas al d\u00eda, 7 d\u00edas a la semana, para responder a las consultas y atender los comentarios con prontitud.<\/p>\n<\/div>\n<p><img decoding=\"async\" alt=\"Planta de producci\u00f3n WINIW - Proceso de fabricaci\u00f3n de piel de microfibra Ultrasuede\" class=\"product-image\" src=\"\/wp-content\/uploads\/2025\/08\/07mm-ultrasuede-microfiber-faux-leather-for-cycling-gloves--37888.jpg\"\/><br \/>\n<\/section>\n<p><\/main><\/p>\n<section id=\"inquiry\">\n<h2 style=\"text-align: center;\">Esperamos su consulta.<\/h2>\n<p style=\"text-align: center;\">P\u00f3ngase en contacto con nosotros hoy mismo para obtener m\u00e1s informaci\u00f3n sobre nuestros productos y realizar su pedido.<\/p>\n<\/section>\n\n    <div class=\"xs_social_share_widget xs_share_url after_content \t\tmain_content  wslu-style-1 wslu-share-box-shaped wslu-fill-colored wslu-none wslu-share-horizontal wslu-theme-font-no wslu-main_content\">\n\n\t\t\n        <ul>\n\t\t\t        <\/ul>\n    <\/div>","protected":false},"excerpt":{"rendered":"<div class=\"product-short-description\">Microfibra forro de zapatos de cuero fino poro sint\u00e9tico Microfibra de cuero para botas de vestir forro de zapatos WINIW fino poro sint\u00e9tico Microfibra de cuero para botas de vestir forro de zapatos Las caracter\u00edsticas principales incluyen MicrofibraPiel, WINIW, Ancho.Ideal para aquellos que buscan calidad y fiabilidad.<\/p>\n<p>Como f\u00e1brica directa, fabricante y mayorista, podemos controlar estrictamente el proceso de producci\u00f3n para garantizar la calidad del producto y, al mismo tiempo, ofrecerle los precios m\u00e1s favorables. Contamos con equipos de producci\u00f3n avanzados y un equipo t\u00e9cnico profesional para satisfacer sus necesidades de pedidos a gran escala y garantizar una entrega puntual.<\/p>\n<\/div>","protected":false},"featured_media":3537,"template":"","meta":[],"product_brand":[],"product_cat":[210],"product_tag":[18965],"class_list":{"0":"post-28978","1":"product","2":"type-product","3":"status-publish","4":"has-post-thumbnail","6":"product_cat-microfiber-shoe-lining-leather","7":"product_tag-faux-leather-dress-suppliersfaux-leather-dress-factoryfaux-leather-dress-wholesalepu-leather-dress-wholesalepu-leather-dress-solutionpu-leather-dress-manufacturers","9":"first","10":"instock","11":"product-type-simple"},"_links":{"self":[{"href":"https:\/\/www.eco-leather.com\/es\/wp-json\/wp\/v2\/product\/28978","targetHints":{"allow":["GET"]}}],"collection":[{"href":"https:\/\/www.eco-leather.com\/es\/wp-json\/wp\/v2\/product"}],"about":[{"href":"https:\/\/www.eco-leather.com\/es\/wp-json\/wp\/v2\/types\/product"}],"wp:featuredmedia":[{"embeddable":true,"href":"https:\/\/www.eco-leather.com\/es\/wp-json\/wp\/v2\/media\/3537"}],"wp:attachment":[{"href":"https:\/\/www.eco-leather.com\/es\/wp-json\/wp\/v2\/media?parent=28978"}],"wp:term":[{"taxonomy":"product_brand","embeddable":true,"href":"https:\/\/www.eco-leather.com\/es\/wp-json\/wp\/v2\/product_brand?post=28978"},{"taxonomy":"product_cat","embeddable":true,"href":"https:\/\/www.eco-leather.com\/es\/wp-json\/wp\/v2\/product_cat?post=28978"},{"taxonomy":"product_tag","embeddable":true,"href":"https:\/\/www.eco-leather.com\/es\/wp-json\/wp\/v2\/product_tag?post=28978"}],"curies":[{"name":"wp","href":"https:\/\/api.w.org\/{rel}","templated":true}]}}