{"id":28963,"date":"2025-09-07T10:59:17","date_gmt":"2025-09-07T02:59:17","guid":{"rendered":"https:\/\/www.eco-leather.com\/product\/pfas-free-pu-imitation-suede-leather-for-safety-shoes\/"},"modified":"2025-09-07T10:59:19","modified_gmt":"2025-09-07T02:59:19","slug":"pfas-free-pu-imitacion-de-ante-para-calzado-de-seguridad","status":"publish","type":"product","link":"https:\/\/www.eco-leather.com\/es\/pfas-free-pu-imitacion-de-ante-para-calzado-de-seguridad\/","title":{"rendered":"PFAS Free PU Imitaci\u00f3n de piel de ante para calzado de seguridad"},"content":{"rendered":"<h2>Piel de microfibra para forro de calzado<\/h2>\n<p><main><\/p>\n<section id=\"product-overview\">\n<h2>Descripci\u00f3n del producto<\/h2>\n<p>Producto <strong>Suela de piel sint\u00e9tica<\/strong> Introducci\u00f3n<\/p>\n<p>Llama <strong>Automotive LeatherSeats Service Dog<\/strong> Retardancia Rendimiento impermeable<\/p>\n<p>Fabricados con materiales de microfibra de alta calidad, nuestros guantes de piel sint\u00e9tica de microfibra Ultrasuede de 0,7 mm son la elecci\u00f3n perfecta para el ciclismo. Equilibra flexibilidad y resistencia, y ofrece una transpirabilidad excepcional y propiedades de evacuaci\u00f3n de la humedad para mantener las manos frescas y secas durante salidas intensas.<\/p>\n<p>Tanto si eres un ciclista profesional como si te dedicas al ocio, la piel de microfibra este material proporciona una comodidad y una protecci\u00f3n insuperables. Su gran resistencia a las abrasiones y los desgarros garantiza un rendimiento duradero, mientras que su elegante dise\u00f1o a\u00f1ade un toque sofisticado a cualquier conjunto ciclista.<\/p>\n<\/section>\n<section id=\"specifications\">\n<h2>Par\u00e1metros t\u00e9cnicos<\/h2>\n<p>Producto <strong>Piel importada<\/strong> Especificaci\u00f3n<\/p>\n<p><img decoding=\"async\" alt=\"Piel sint\u00e9tica de microfibra de 0,7 mm Ultrasuede para guantes de ciclismo - Especificaci\u00f3n del material\" class=\"product-image\" src=\"\/wp-content\/uploads\/2025\/08\/07mm-ultrasuede-microfiber-faux-leather-for-cycling-gloves--37881.jpg\"\/><\/p>\n<h3>Par\u00e1metros del producto<\/h3>\n<ul class=\"parameters-list\">\n<li><span class=\"param-name\">Material:<\/span> Microfibra + PU<\/li>\n<li><span class=\"param-name\">Color:<\/span> Negro, gris, beige (colores personalizados disponibles)<\/li>\n<li><span class=\"param-name\">Grosor:<\/span> 0,6 mm, 0,7 mm, 0,8 mm, 1 mm<\/li>\n<li><span class=\"param-name\">Cantidad m\u00ednima de pedido:<\/span> 300 metros lineales<\/li>\n<li><span class=\"param-name\">Longitud del rollo:<\/span> 20-30 m\/rollo<\/li>\n<li><span class=\"param-name\">Plazo de entrega:<\/span> 15-20 d\u00edas<\/li>\n<li><span class=\"param-name\">Anchura:<\/span> 54\u2033, 137cm<\/li>\n<li><span class=\"param-name\">Capacidad de producci\u00f3n:<\/span> 1.000.000 de metros mensuales<\/li>\n<\/ul>\n<\/section>\n<section id=\"features\">\n<h2>Caracter\u00edsticas del producto<\/h2>\n<div class=\"feature-item\">\n<img decoding=\"async\" alt=\"WINIServicio de material de cuero impermeableEmpresa de fabricantes de tejidos al por mayorEl cuero de imitaci\u00f3n de ante PU sin PFA ofrece protecci\u00f3n de resistencia industrial con un acabado elegante y sint\u00e9tico\" class=\"feature-image left\" src=\"\/wp-content\/uploads\/2025\/08\/pfas-free-pu-imitation-suede-leather-for-safety-shoes-30207.jpg\"\/><\/p>\n<h3>WINIW <strong>Servicio de material de cuero impermeable<\/strong> F\u00e1brica de la empresa Fabricantes de tejidos al por mayorLa piel de ante imitaci\u00f3n PU sin PFA ofrece una protecci\u00f3n de resistencia industrial con un acabado sint\u00e9tico y elegante<\/h3>\n<p>WINIW <strong>Servicio de material de cuero impermeable<\/strong> F\u00e1brica de la empresa Fabricantes de tejidos al por mayorLa piel de ante imitaci\u00f3n PU sin PFA ofrece una protecci\u00f3n de resistencia industrial con un elegante acabado sint\u00e9tico.<\/p>\n<div class=\"clear\"><\/div>\n<\/div>\n<div class=\"feature-item\">\n<img decoding=\"async\" alt=\"Dise\u00f1ado para el calzado de seguridad, este material imita la textura natural del ante y ofrece una resistencia superior al agua y a los productos qu\u00edmicos.\" class=\"feature-image left\" src=\"\/wp-content\/uploads\/2025\/08\/pfas-free-pu-imitation-suede-leather-for-safety-shoes-30208.jpg\"\/><\/p>\n<h3>Dise\u00f1ado para el calzado de seguridad, este material imita la textura natural del ante y ofrece una resistencia superior al agua y a los productos qu\u00edmicos.<\/h3>\n<p>Dise\u00f1ado para calzado de seguridad, este material imita la textura del ante natural y ofrece una resistencia superior al agua y a los productos qu\u00edmicos. Su n\u00facleo de PU reforzado absorbe los impactos durante el trabajo pesado, por lo que es ideal para entornos de construcci\u00f3n o almacenes.<\/p>\n<div class=\"clear\"><\/div>\n<\/div>\n<div class=\"feature-item\">\n<img decoding=\"async\" alt=\"Sin PFAS nocivos, combina el respeto por el medio ambiente con un alto rendimiento.\" class=\"feature-image left\" src=\"\/wp-content\/uploads\/2025\/08\/pfas-free-pu-imitation-suede-leather-for-safety-shoes-30209.jpg\"\/><\/p>\n<h3>Sin PFAS nocivos, combina el respeto por el medio ambiente con un alto rendimiento.<\/h3>\n<p>Sin PFAS nocivos, combina el respeto por el medio ambiente con un alto rendimiento. WINIW <strong>Spray Impermeable Piel de Ante<\/strong> Empresa Fabricantes de tejidos al por mayorLa imitaci\u00f3n de ante PU sin FAS es una alternativa rentable al ante tradicional.<\/p>\n<div class=\"clear\"><\/div>\n<\/div>\n<div class=\"feature-item\">\n<img decoding=\"async\" alt=\"La estructura de doble capa combina una base acolchada de PU para la absorci\u00f3n de impactos con una capa superior inspirada en el nobuk para el agarre.\" class=\"feature-image left\" src=\"\/wp-content\/uploads\/2025\/08\/pfas-free-pu-imitation-suede-leather-for-safety-shoes-30210.jpg\"\/><\/p>\n<h3>La estructura de doble capa combina una base acolchada de PU para la absorci\u00f3n de impactos con una capa superior inspirada en el nobuk para el agarre.<\/h3>\n<p>La estructura de doble capa combina una base acolchada de PU para la absorci\u00f3n de impactos con una capa superior inspirada en el nobuk para el agarre. Sometido a pruebas de resistencia al deslizamiento en superficies mojadas, resiste el aceite, los disolventes y las abrasiones. Ligero y flexible, es perfecto para botas de seguridad que requieren agilidad y durabilidad.<\/p>\n<div class=\"clear\"><\/div>\n<\/div>\n<div class=\"feature-item\">\n<img decoding=\"async\" alt=\"MaterialTejido de cuero impermeable OdmhsasMicrofibraPiel Marca WINIW Company Factory Wholesale Fabric ManufacturersAncho 54\" class=\"feature-image left\" src=\"\/wp-content\/uploads\/2025\/08\/pfas-free-pu-imitation-suede-leather-for-safety-shoes-30211.jpg\"\/><\/p>\n<h3>Material <strong>Piel Impermeable Tejido Odmhsas<\/strong> MicrofibraPiel Marca de f\u00e1brica WINIW empresa fabricantes de tela al por mayorAncho 54\u2033; 1<\/h3>\n<p>Material <strong>Piel Impermeable Tejido Odmhsas<\/strong> MicrofibraPiel Marca WINIW Empresa F\u00e1brica Fabricantes de Tela al por mayorAncho 54\u2033; 1.37m Color Rojo, Negro, Marr\u00f3n, Verde, aceptar personalizar Caracter\u00edstica Resistente al desgaste, Impermeable, Antimoho, Flexible Espesor 0.6mm-2.0mm Lugar de Origen China Personalizado S\u00ed Plazo de entrega Generalmente dentro de 15 - 25 d\u00edas.<\/p>\n<div class=\"clear\"><\/div>\n<\/div>\n<div class=\"feature-item\">\n<h3>MOQ 300 metros Detalles de embalaje 30\/50 metros por rollo<\/h3>\n<p>MOQ 300 metros Detalles del embalaje 30\/50 metros por rollo. O personalizado Capacidad de producci\u00f3n 1.000.000 metros mensuales Caracter\u00edsticas del producto<\/p>\n<div class=\"clear\"><\/div>\n<\/div>\n<div class=\"feature-item\">\n<img decoding=\"async\" alt=\"Alta resistencia al desgarro - Ultrasuede Microfibra Faux Leather para guantes de ciclismo\" class=\"feature-image left\" src=\"\/wp-content\/uploads\/2025\/08\/07mm-ultrasuede-microfiber-faux-leather-for-cycling-gloves--37882.jpg\"\/><\/p>\n<h3>Alta resistencia al desgarro<\/h3>\n<p>Nuestra piel de microfibra Ultrasuede presenta una excepcional resistencia al desgarro, lo que garantiza que no se romper\u00e1 ni deformar\u00e1 f\u00e1cilmente bajo tensi\u00f3n. Esto la hace ideal para productos que requieren durabilidad y rendimiento a largo plazo.<\/p>\n<div class=\"clear\"><\/div>\n<\/div>\n<div class=\"feature-item\">\n<img decoding=\"async\" alt=\"Retenci\u00f3n de la forma - Piel sint\u00e9tica de microfibra Ultrasuede para guantes de ciclismo\" class=\"feature-image right\" src=\"\/wp-content\/uploads\/2025\/08\/07mm-ultrasuede-microfiber-faux-leather-for-cycling-gloves--37883.jpg\"\/><\/p>\n<h3>No es f\u00e1cil de deformar<\/h3>\n<p>Especialmente tratado para mantener su forma original, este material ofrece una excelente elasticidad y estabilidad. Resiste la deformaci\u00f3n por presi\u00f3n externa o estiramiento, manteniendo los productos intactos y atractivos a lo largo del tiempo.<\/p>\n<div class=\"clear\"><\/div>\n<\/div>\n<div class=\"feature-item\">\n<img decoding=\"async\" alt=\"Durabilidad - Piel sint\u00e9tica de microfibra Ultrasuede para guantes de ciclismo\" class=\"feature-image left\" src=\"\/wp-content\/uploads\/2025\/08\/07mm-ultrasuede-microfiber-faux-leather-for-cycling-gloves--37884.jpg\"\/><\/p>\n<h3>Durabilidad<\/h3>\n<p>Extremadamente resistente a la abrasi\u00f3n, los desgarros y los pinchazos, este material garantiza que los guantes se mantengan en \u00f3ptimas condiciones incluso con un uso prolongado. Tambi\u00e9n mantiene una excelente destreza y resistencia para art\u00edculos de piel de alta calidad.<\/p>\n<div class=\"clear\"><\/div>\n<\/div>\n<\/section>\n<p><\/main><\/p>\n<section id=\"inquiry\">\n<h2 style=\"text-align: center;\">Esperamos su consulta.<\/h2>\n<p style=\"text-align: center;\">P\u00f3ngase en contacto con nosotros hoy mismo para obtener m\u00e1s informaci\u00f3n sobre nuestros productos y realizar su pedido.<\/p>\n<\/section>\n\n    <div class=\"xs_social_share_widget xs_share_url after_content \t\tmain_content  wslu-style-1 wslu-share-box-shaped wslu-fill-colored wslu-none wslu-share-horizontal wslu-theme-font-no wslu-main_content\">\n\n\t\t\n        <ul>\n\t\t\t        <\/ul>\n    <\/div>","protected":false},"excerpt":{"rendered":"<div class=\"product-short-description\">Zapato de cuero PFAS Free PU Imitaci\u00f3n de gamuza para zapatos de seguridad WINIW PFAS Free PU Imitaci\u00f3n de gamuza para zapatos de seguridad Las caracter\u00edsticas clave incluyen MicrofiberLeather, WINIW, Width.Ideal para aquellos que buscan calidad y fiabilidad.<\/p>\n<p>Como f\u00e1brica directa, fabricante y mayorista, podemos controlar estrictamente el proceso de producci\u00f3n para garantizar la calidad del producto y, al mismo tiempo, ofrecerle los precios m\u00e1s favorables. Contamos con equipos de producci\u00f3n avanzados y un equipo t\u00e9cnico profesional para satisfacer sus necesidades de pedidos a gran escala y garantizar una entrega puntual.<\/p>\n<\/div>","protected":false},"featured_media":3417,"template":"","meta":[],"product_brand":[],"product_cat":[204],"product_tag":[18957],"class_list":{"0":"post-28963","1":"product","2":"type-product","3":"status-publish","4":"has-post-thumbnail","6":"product_cat-shoe-leather","7":"product_tag-imitation-suede-leathernubuck-leather-safety-shoesnubuck-tumble-leather-safety-shoesnubuck-leather-safety-shoes-suppliernubuck-leather-safety-shoes-suppliersnubuck-leather-safety-shoes-factory","9":"first","10":"instock","11":"product-type-simple"},"_links":{"self":[{"href":"https:\/\/www.eco-leather.com\/es\/wp-json\/wp\/v2\/product\/28963","targetHints":{"allow":["GET"]}}],"collection":[{"href":"https:\/\/www.eco-leather.com\/es\/wp-json\/wp\/v2\/product"}],"about":[{"href":"https:\/\/www.eco-leather.com\/es\/wp-json\/wp\/v2\/types\/product"}],"wp:featuredmedia":[{"embeddable":true,"href":"https:\/\/www.eco-leather.com\/es\/wp-json\/wp\/v2\/media\/3417"}],"wp:attachment":[{"href":"https:\/\/www.eco-leather.com\/es\/wp-json\/wp\/v2\/media?parent=28963"}],"wp:term":[{"taxonomy":"product_brand","embeddable":true,"href":"https:\/\/www.eco-leather.com\/es\/wp-json\/wp\/v2\/product_brand?post=28963"},{"taxonomy":"product_cat","embeddable":true,"href":"https:\/\/www.eco-leather.com\/es\/wp-json\/wp\/v2\/product_cat?post=28963"},{"taxonomy":"product_tag","embeddable":true,"href":"https:\/\/www.eco-leather.com\/es\/wp-json\/wp\/v2\/product_tag?post=28963"}],"curies":[{"name":"wp","href":"https:\/\/api.w.org\/{rel}","templated":true}]}}