{"id":28962,"date":"2025-09-07T10:59:17","date_gmt":"2025-09-07T02:59:17","guid":{"rendered":"https:\/\/www.eco-leather.com\/product\/orange-color-fine-synthetic-pore-microfiber-dress-boot-lining-leather\/"},"modified":"2025-09-07T10:59:19","modified_gmt":"2025-09-07T02:59:19","slug":"color-naranja-microfibra-sintetica-de-poro-fino-bota-de-vestir-forro-de-cuero","status":"publish","type":"product","link":"https:\/\/www.eco-leather.com\/es\/color-naranja-microfibra-sintetica-de-poro-fino-bota-de-vestir-forro-de-cuero\/","title":{"rendered":"Color Naranja Microfibra Sint\u00e9tica de Poro Fino Forro Bota de Vestir Piel"},"content":{"rendered":"<h2>Piel de microfibra para forro de calzado<\/h2>\n<p><main><\/p>\n<section id=\"product-overview\">\n<h2>Descripci\u00f3n del producto<\/h2>\n<p>Producto <strong>Piel sint\u00e9tica Spandex<\/strong> Introducci\u00f3n<\/p>\n<p>Fabricados con materiales de microfibra de alta calidad, nuestros guantes de piel sint\u00e9tica de microfibra Ultrasuede de 0,7 mm son la elecci\u00f3n perfecta para el ciclismo. Equilibra flexibilidad y resistencia, y ofrece una transpirabilidad excepcional y propiedades de evacuaci\u00f3n de la humedad para mantener las manos frescas y secas durante salidas intensas.<\/p>\n<p>Tanto si eres un ciclista profesional como si te dedicas al ocio, la piel de microfibra este material proporciona una comodidad y una protecci\u00f3n insuperables. Su gran resistencia a las abrasiones y los desgarros garantiza un rendimiento duradero, mientras que su elegante dise\u00f1o a\u00f1ade un toque sofisticado a cualquier conjunto ciclista.<\/p>\n<\/section>\n<section id=\"specifications\">\n<h2>Par\u00e1metros t\u00e9cnicos<\/h2>\n<ul class_=\"parameters-list\">\n<li><span class=\"param-name\">WINIW <strong>Automotive LeatherSeats Service Dog<\/strong> Company Factory Wholesale PVC Leather Manufacturers, fabricante l\u00edder en el campo del cuero artificial, presenta un producto excepcional adaptado a las exigentes necesidades de la industria del calzado:<\/span> la fina piel sint\u00e9tica de microfibra porosa para el forro de zapatos de vestir.<\/li>\n<p>Hecho a mano con la precisi\u00f3n y la innovaci\u00f3n, este cuero de microfibra se erige como un testimonio de la empresa WINIW f\u00e1brica de cuero de PVC al por mayor Manufacturersfactory el compromiso de ofrecer vegana, alternativas ecol\u00f3gicas que rivalizan con la elegancia y durabilidad de los cueros tradicionales.<\/p>\n<p>Nuestra <strong>Cajas de piel sint\u00e9tica China<\/strong> en la ciencia de los materiales sint\u00e9ticos ha culminado en un producto que no s\u00f3lo cumple las expectativas de los dise\u00f1adores y fabricantes que buscan soluciones de piel sint\u00e9tica de alta calidad, sino que las supera.<\/p>\n<li><span class=\"param-name\">Especificaci\u00f3n del producto WINIW Company F\u00e1brica de cuero de PVC al por mayor ManufacturersCustomizable cuero sint\u00e9tico:<\/span> Elegancia, durabilidad y variedad de colores.<\/li>\n<\/ul>\n<p><img decoding=\"async\" alt=\"Piel sint\u00e9tica de microfibra de 0,7 mm Ultrasuede para guantes de ciclismo - Especificaci\u00f3n del material\" class=\"product-image\" src=\"\/wp-content\/uploads\/2025\/08\/07mm-ultrasuede-microfiber-faux-leather-for-cycling-gloves--37881.jpg\"\/><\/p>\n<h3>Par\u00e1metros del producto<\/h3>\n<ul class=\"parameters-list\">\n<li><span class=\"param-name\">Material:<\/span> Microfibra + PU<\/li>\n<li><span class=\"param-name\">Color:<\/span> Negro, gris, beige (colores personalizados disponibles)<\/li>\n<li><span class=\"param-name\">Grosor:<\/span> 0,6 mm, 0,7 mm, 0,8 mm, 1 mm<\/li>\n<li><span class=\"param-name\">Cantidad m\u00ednima de pedido:<\/span> 300 metros lineales<\/li>\n<li><span class=\"param-name\">Longitud del rollo:<\/span> 20-30 m\/rollo<\/li>\n<li><span class=\"param-name\">Plazo de entrega:<\/span> 15-20 d\u00edas<\/li>\n<li><span class=\"param-name\">Anchura:<\/span> 54\u2033, 137cm<\/li>\n<li><span class=\"param-name\">Capacidad de producci\u00f3n:<\/span> 1.000.000 de metros mensuales<\/li>\n<\/ul>\n<\/section>\n<section id=\"features\">\n<h2>Caracter\u00edsticas del producto<\/h2>\n<div class=\"feature-item\">\n<img decoding=\"async\" alt=\"MaterialImpermeable Faux LeathermanMicrofibraPiel Marca WINIW Company Factory Wholesale PVC Leather ManufacturersAncho 54\" class=\"feature-image left\" src=\"\/wp-content\/uploads\/2025\/08\/orange-color-fine-synthetic-pore-microfiber-dress-boot-lining-leather--30199.jpg\"\/><\/p>\n<h3>Material <strong>Leatherman de imitaci\u00f3n impermeable<\/strong> MicrofibraPiel Marca de f\u00e1brica WINIW empresa fabricantes de cuero de PVC al por mayorAncho 54\u2033; 1<\/h3>\n<p>Material <strong>Leatherman de imitaci\u00f3n impermeable<\/strong> MicrofibraPiel Marca WINIW Empresa F\u00e1brica de cuero de PVC al por mayor FabricantesAncho 54\u2033; 1.37m Color Rojo, Negro, Marr\u00f3n, Verde, aceptar personalizar Caracter\u00edstica Resistente al desgaste, Impermeable, Anti-Mildew, Espesor Flexible 0.6mm-2.0mm Lugar de Origen China Personalizado S\u00ed Plazo de entrega Generalmente dentro de 15 - 25 d\u00edas.<\/p>\n<div class=\"clear\"><\/div>\n<\/div>\n<div class=\"feature-item\">\n<img decoding=\"async\" alt=\"MOQMaterial de cuero impermeable Servicio300 metros Detalles de embalaje 30\/50 metros por rollo\" class=\"feature-image left\" src=\"\/wp-content\/uploads\/2025\/08\/orange-color-fine-synthetic-pore-microfiber-dress-boot-lining-leather--30200.jpg\"\/><\/p>\n<h3>MOQ <strong>Servicio de material de cuero impermeable<\/strong> 300 metros Detalles de embalaje 30\/50 metros por rollo<\/h3>\n<p>MOQ <strong>Servicio de material de cuero impermeable<\/strong> 300 metros Detalles de embalaje 30\/50 metros por rollo. O a medida Capacidad de producci\u00f3n 1.000.000 de metros mensuales Caracter\u00edstica del producto La piel de microfibra de poro sint\u00e9tico fino presenta una serie de caracter\u00edsticas que la convierten en la opci\u00f3n ideal para forros de calzado.<\/p>\n<div class=\"clear\"><\/div>\n<\/div>\n<div class=\"feature-item\">\n<img decoding=\"async\" alt=\"EngineeredSuede Leather Waterproof Import Utilizando una avanzada tecnolog\u00eda de microfibra, imita la textura y el aspecto de la piel aut\u00e9ntica con un realismo notable, presentando poros finamente grabados que realzan su atractivo est\u00e9tico.\" class=\"feature-image left\" src=\"\/wp-content\/uploads\/2025\/08\/orange-color-fine-synthetic-pore-microfiber-dress-boot-lining-leather--30201.jpg\"\/><\/p>\n<h3>Dise\u00f1ado <strong>Ante Piel Impermeable Importaci\u00f3n<\/strong> gracias a su avanzada tecnolog\u00eda de microfibra, imita la textura y el aspecto de la piel aut\u00e9ntica con un realismo extraordinario, con poros finamente grabados que realzan su atractivo est\u00e9tico<\/h3>\n<p>Dise\u00f1ado <strong>Ante Piel Impermeable Importaci\u00f3n<\/strong> Gracias a su avanzada tecnolog\u00eda de microfibra, imita con notable realismo la textura y el aspecto de la piel aut\u00e9ntica, con poros finamente grabados que realzan su atractivo est\u00e9tico.<\/p>\n<div class=\"clear\"><\/div>\n<\/div>\n<div class=\"feature-item\">\n<img decoding=\"async\" alt=\"Su composici\u00f3n vegana garantiza que se ajuste a las normas \u00e9ticas de los consumidores modernos que dan prioridad a la sostenibilidad sin renunciar al estilo.\" class=\"feature-image left\" src=\"\/wp-content\/uploads\/2025\/08\/orange-color-fine-synthetic-pore-microfiber-dress-boot-lining-leather--30202.jpg\"\/><\/p>\n<h3>Su composici\u00f3n vegana garantiza que se ajuste a las normas \u00e9ticas de los consumidores modernos que dan prioridad a la sostenibilidad sin renunciar al estilo.<\/h3>\n<p>Su composici\u00f3n vegana garantiza que se ajuste a las normas \u00e9ticas de los consumidores modernos que dan prioridad a la sostenibilidad sin renunciar al estilo. El material de microfibra tambi\u00e9n ofrece una transpirabilidad y un confort excepcionales, garantizando una agradable experiencia de uso.<\/p>\n<div class=\"clear\"><\/div>\n<\/div>\n<div class=\"feature-item\">\n<img decoding=\"async\" alt=\"Adem\u00e1s, WINIW Company F\u00e1brica de cuero de PVC al por mayor Manufacturersmanufacturer&#039;s rigurosos procesos de control de calidad garantizan que cada rollo de este cuero mantiene un acabado consistente, solidez del color, y durabilidad, por lo que es una opci\u00f3n fiable para botas de vestir de gama alta y forros de zapatos \" class=\"feature-image left\" src=\"\/wp-content\/uploads\/2025\/08\/orange-color-fine-synthetic-pore-microfiber-dress-boot-lining-leather--30203.jpg\"\/><\/p>\n<h3>Adem\u00e1s, WINIW Company F\u00e1brica de cuero de PVC al por mayor Manufacturersmanufacturer's rigurosos procesos de control de calidad garantizan que cada rollo de este cuero mantiene un acabado consistente, solidez del color, y durabilidad, por lo que es una opci\u00f3n fiable para botas de vestir de gama alta y forros de zapatos <\/h3>\n<p>Adem\u00e1s, la empresa WINIW f\u00e1brica de cuero de PVC al por mayor Manufacturersmanufacturer rigurosos procesos de control de calidad garantizan que cada rollo de este cuero mantiene un acabado uniforme, solidez del color y durabilidad, por lo que es una opci\u00f3n fiable para botas de vestir de gama alta y forros de zapatos.<\/p>\n<div class=\"clear\"><\/div>\n<\/div>\n<div class=\"feature-item\">\n<img decoding=\"async\" alt=\"Alta resistencia al desgarro - Ultrasuede Microfibra Faux Leather para guantes de ciclismo\" class=\"feature-image left\" src=\"\/wp-content\/uploads\/2025\/08\/07mm-ultrasuede-microfiber-faux-leather-for-cycling-gloves--37882.jpg\"\/><\/p>\n<h3>Alta resistencia al desgarro<\/h3>\n<p>Nuestra piel de microfibra Ultrasuede presenta una excepcional resistencia al desgarro, lo que garantiza que no se romper\u00e1 ni deformar\u00e1 f\u00e1cilmente bajo tensi\u00f3n. Esto la hace ideal para productos que requieren durabilidad y rendimiento a largo plazo.<\/p>\n<div class=\"clear\"><\/div>\n<\/div>\n<div class=\"feature-item\">\n<img decoding=\"async\" alt=\"Retenci\u00f3n de la forma - Piel sint\u00e9tica de microfibra Ultrasuede para guantes de ciclismo\" class=\"feature-image right\" src=\"\/wp-content\/uploads\/2025\/08\/07mm-ultrasuede-microfiber-faux-leather-for-cycling-gloves--37883.jpg\"\/><\/p>\n<h3>No es f\u00e1cil de deformar<\/h3>\n<p>Especialmente tratado para mantener su forma original, este material ofrece una excelente elasticidad y estabilidad. Resiste la deformaci\u00f3n por presi\u00f3n externa o estiramiento, manteniendo los productos intactos y atractivos a lo largo del tiempo.<\/p>\n<div class=\"clear\"><\/div>\n<\/div>\n<div class=\"feature-item\">\n<img decoding=\"async\" alt=\"Durabilidad - Piel sint\u00e9tica de microfibra Ultrasuede para guantes de ciclismo\" class=\"feature-image left\" src=\"\/wp-content\/uploads\/2025\/08\/07mm-ultrasuede-microfiber-faux-leather-for-cycling-gloves--37884.jpg\"\/><\/p>\n<h3>Durabilidad<\/h3>\n<p>Extremadamente resistente a la abrasi\u00f3n, los desgarros y los pinchazos, este material garantiza que los guantes se mantengan en \u00f3ptimas condiciones incluso con un uso prolongado. Tambi\u00e9n mantiene una excelente destreza y resistencia para art\u00edculos de piel de alta calidad.<\/p>\n<div class=\"clear\"><\/div>\n<\/div>\n<\/section>\n<section id=\"why-choose-us\">\n<h2>Por qu\u00e9 elegir WINIW<\/h2>\n<div class=\"advantage-item\">\n<h3>Nuestras ventajas<\/h3>\n<p>WINIW Company Factory Venta al por mayor de cuero de PVC ManufacturersFactory escaparate de productos<\/p>\n<\/div>\n<div class=\"advantage-item\">\n<h3>Garant\u00eda de calidad<\/h3>\n<p>Aplicamos un estricto control de calidad en toda la cadena de producci\u00f3n y suministro, cumpliendo las normas ISO9001. Desde la selecci\u00f3n de materias primas hasta la inspecci\u00f3n final, damos prioridad a los intereses del cliente.<\/p>\n<\/div>\n<div class=\"advantage-item\">\n<h3>Equipo t\u00e9cnico profesional<\/h3>\n<p>Nuestro equipo t\u00e9cnico especializado est\u00e1 formado por profesionales con experiencia en diversos campos, dedicados a suministrar productos de alta calidad y soluciones a medida.<\/p>\n<\/div>\n<div class=\"advantage-item\">\n<h3>Amplia gama de aplicaciones<\/h3>\n<p>Nuestros materiales se utilizan ampliamente en calzado, ropa, maletas, interiores de autom\u00f3viles, muebles de sof\u00e1, etc.<\/p>\n<\/div>\n<div class=\"advantage-item\">\n<h3>Una rica experiencia<\/h3>\n<p>Quanzhou WINIW Import &amp; Export Co., Ltd. cuenta con m\u00e1s de 20 a\u00f1os de experiencia en producci\u00f3n, ofreciendo soluciones perfectas para clientes de todo el mundo.<\/p>\n<\/div>\n<div class=\"advantage-item\">\n<h3>Precio asequible<\/h3>\n<p>Ofrecemos precios competitivos y un excelente servicio de atenci\u00f3n al cliente. Solicite un cat\u00e1logo o visite nuestra f\u00e1brica para explorar nuestros productos.<\/p>\n<\/div>\n<div class=\"advantage-item\">\n<h3>Servicio de atenci\u00f3n al cliente en l\u00ednea 24 horas<\/h3>\n<p>Nuestro equipo est\u00e1 disponible 24 horas al d\u00eda, 7 d\u00edas a la semana, para responder a las consultas y atender los comentarios con prontitud.<\/p>\n<\/div>\n<p><img decoding=\"async\" alt=\"Planta de producci\u00f3n WINIW - Proceso de fabricaci\u00f3n de piel de microfibra Ultrasuede\" class=\"product-image\" src=\"\/wp-content\/uploads\/2025\/08\/07mm-ultrasuede-microfiber-faux-leather-for-cycling-gloves--37888.jpg\"\/><br \/>\n<\/section>\n<p><\/main><\/p>\n<section id=\"inquiry\">\n<h2 style=\"text-align: center;\">Esperamos su consulta.<\/h2>\n<p style=\"text-align: center;\">P\u00f3ngase en contacto con nosotros hoy mismo para obtener m\u00e1s informaci\u00f3n sobre nuestros productos y realizar su pedido.<\/p>\n<\/section>\n\n    <div class=\"xs_social_share_widget xs_share_url after_content \t\tmain_content  wslu-style-1 wslu-share-box-shaped wslu-fill-colored wslu-none wslu-share-horizontal wslu-theme-font-no wslu-main_content\">\n\n\t\t\n        <ul>\n\t\t\t        <\/ul>\n    <\/div>","protected":false},"excerpt":{"rendered":"<div class=\"product-short-description\">Microfibra Zapato Forro Piel Color Naranja Sint\u00e9tico Fino Poro Microfibra Vestido Bota Forro Piel WINIW Color Naranja Sint\u00e9tico Fino Poro Microfibra Vestido Bota Forro Piel Las principales caracter\u00edsticas incluyen MicrofibraPiel, WINIW, Ancho.Ideal para aquellos que buscan calidad y fiabilidad.<\/p>\n<p>Como f\u00e1brica directa, fabricante y mayorista, podemos controlar estrictamente el proceso de producci\u00f3n para garantizar la calidad del producto y, al mismo tiempo, ofrecerle los precios m\u00e1s favorables. Contamos con equipos de producci\u00f3n avanzados y un equipo t\u00e9cnico profesional para satisfacer sus necesidades de pedidos a gran escala y garantizar una entrega puntual.<\/p>\n<\/div>","protected":false},"featured_media":3413,"template":"","meta":[],"product_brand":[],"product_cat":[210],"product_tag":[],"class_list":{"0":"post-28962","1":"product","2":"type-product","3":"status-publish","4":"has-post-thumbnail","6":"product_cat-microfiber-shoe-lining-leather","8":"first","9":"instock","10":"product-type-simple"},"_links":{"self":[{"href":"https:\/\/www.eco-leather.com\/es\/wp-json\/wp\/v2\/product\/28962","targetHints":{"allow":["GET"]}}],"collection":[{"href":"https:\/\/www.eco-leather.com\/es\/wp-json\/wp\/v2\/product"}],"about":[{"href":"https:\/\/www.eco-leather.com\/es\/wp-json\/wp\/v2\/types\/product"}],"wp:featuredmedia":[{"embeddable":true,"href":"https:\/\/www.eco-leather.com\/es\/wp-json\/wp\/v2\/media\/3413"}],"wp:attachment":[{"href":"https:\/\/www.eco-leather.com\/es\/wp-json\/wp\/v2\/media?parent=28962"}],"wp:term":[{"taxonomy":"product_brand","embeddable":true,"href":"https:\/\/www.eco-leather.com\/es\/wp-json\/wp\/v2\/product_brand?post=28962"},{"taxonomy":"product_cat","embeddable":true,"href":"https:\/\/www.eco-leather.com\/es\/wp-json\/wp\/v2\/product_cat?post=28962"},{"taxonomy":"product_tag","embeddable":true,"href":"https:\/\/www.eco-leather.com\/es\/wp-json\/wp\/v2\/product_tag?post=28962"}],"curies":[{"name":"wp","href":"https:\/\/api.w.org\/{rel}","templated":true}]}}