{"id":28958,"date":"2025-09-07T10:59:17","date_gmt":"2025-09-07T02:59:17","guid":{"rendered":"https:\/\/www.eco-leather.com\/product\/soild-color-vegan-microfiber-leather-for-mary-janes-shoe-lining\/"},"modified":"2025-09-07T10:59:18","modified_gmt":"2025-09-07T02:59:18","slug":"microfibra-vegana-de-color-suave-para-forro-de-zapato-mary-janes","status":"publish","type":"product","link":"https:\/\/www.eco-leather.com\/es\/microfibra-vegana-de-color-suave-para-forro-de-zapato-mary-janes\/","title":{"rendered":"Forro de microfibra vegana de color suave para zapatos Mary Janes"},"content":{"rendered":"<h2>Piel de microfibra para forro de calzado<\/h2>\n<p><main><\/p>\n<section id=\"product-overview\">\n<h2>Descripci\u00f3n del producto<\/h2>\n<p>Producto <strong>Piel sint\u00e9tica Spandex<\/strong> Introducci\u00f3n<\/p>\n<p>Fabricados con materiales de microfibra de alta calidad, nuestros guantes de piel sint\u00e9tica de microfibra Ultrasuede de 0,7 mm son la elecci\u00f3n perfecta para el ciclismo. Equilibra flexibilidad y resistencia, y ofrece una transpirabilidad excepcional y propiedades de evacuaci\u00f3n de la humedad para mantener las manos frescas y secas durante salidas intensas.<\/p>\n<p>Tanto si eres un ciclista profesional como si te dedicas al ocio, la piel de microfibra este material proporciona una comodidad y una protecci\u00f3n insuperables. Su gran resistencia a las abrasiones y los desgarros garantiza un rendimiento duradero, mientras que su elegante dise\u00f1o a\u00f1ade un toque sofisticado a cualquier conjunto ciclista.<\/p>\n<\/section>\n<section id=\"specifications\">\n<h2>Par\u00e1metros t\u00e9cnicos<\/h2>\n<ul class_=\"parameters-list\">\n<li><span class=\"param-name\">Producto <strong>Piel importada<\/strong> Especificaci\u00f3n WINIW Company F\u00e1brica de cuero de PVC al por mayor ManufacturersCustomizable cuero sint\u00e9tico:<\/span> Elegancia, durabilidad y variedad de colores.<\/li>\n<\/ul>\n<p><img decoding=\"async\" alt=\"Piel sint\u00e9tica de microfibra de 0,7 mm Ultrasuede para guantes de ciclismo - Especificaci\u00f3n del material\" class=\"product-image\" src=\"\/wp-content\/uploads\/2025\/08\/07mm-ultrasuede-microfiber-faux-leather-for-cycling-gloves--37881.jpg\"\/><\/p>\n<h3>Par\u00e1metros del producto<\/h3>\n<ul class=\"parameters-list\">\n<li><span class=\"param-name\">Material:<\/span> Microfibra + PU<\/li>\n<li><span class=\"param-name\">Color:<\/span> Negro, gris, beige (colores personalizados disponibles)<\/li>\n<li><span class=\"param-name\">Grosor:<\/span> 0,6 mm, 0,7 mm, 0,8 mm, 1 mm<\/li>\n<li><span class=\"param-name\">Cantidad m\u00ednima de pedido:<\/span> 300 metros lineales<\/li>\n<li><span class=\"param-name\">Longitud del rollo:<\/span> 20-30 m\/rollo<\/li>\n<li><span class=\"param-name\">Plazo de entrega:<\/span> 15-20 d\u00edas<\/li>\n<li><span class=\"param-name\">Anchura:<\/span> 54\u2033, 137cm<\/li>\n<li><span class=\"param-name\">Capacidad de producci\u00f3n:<\/span> 1.000.000 de metros mensuales<\/li>\n<\/ul>\n<\/section>\n<section id=\"features\">\n<h2>Caracter\u00edsticas del producto<\/h2>\n<div class=\"feature-item\">\n<img decoding=\"async\" alt=\"MaterialPiel de gamuza Impermeable SprayMicrofibraPiel Marca WINIW Empresa F\u00e1brica de cuero de PVC al por mayor FabricantesAncho 54\" class=\"feature-image left\" src=\"\/wp-content\/uploads\/2025\/08\/soild-color-vegan-microfiber-leather-for-mary-janes-shoe-lining-30168.jpg\"\/><\/p>\n<h3>Material <strong>Spray Impermeable Piel de Ante<\/strong> MicrofibraPiel Marca de f\u00e1brica WINIW empresa fabricantes de cuero de PVC al por mayorAncho 54\u2033; 1<\/h3>\n<p>Material <strong>Spray Impermeable Piel de Ante<\/strong> MicrofibraPiel Marca WINIW Empresa F\u00e1brica de cuero de PVC al por mayor FabricantesAncho 54\u2033; 1.37m Color Rojo, Negro, Marr\u00f3n, Verde, aceptar personalizar Caracter\u00edstica Resistente al desgaste, Impermeable, Anti-Mildew, Espesor Flexible 0.6mm-2.0mm Lugar de Origen China Personalizado S\u00ed Plazo de entrega Generalmente dentro de 15 - 25 d\u00edas.<\/p>\n<div class=\"clear\"><\/div>\n<\/div>\n<div class=\"feature-item\">\n<img decoding=\"async\" alt=\"MOQ 300 metros Detalles de embalaje 30\/50 metros por rollo\" class=\"feature-image left\" src=\"\/wp-content\/uploads\/2025\/08\/soild-color-vegan-microfiber-leather-for-mary-janes-shoe-lining-30169.jpg\"\/><\/p>\n<h3>MOQ 300 metros Detalles de embalaje 30\/50 metros por rollo<\/h3>\n<p>MOQ 300 metros Detalles de embalaje 30\/50 metros por rollo. O modificado para requisitos particulares Capacidad de producci\u00f3n 1.000.000 metros mensuales Caracter\u00edstica del producto Las caracter\u00edsticas que definen nuestro color Soild Vegan Microfibra de cuero para Mary Janes forro de zapatos resaltar WINIW Empresa F\u00e1brica de cuero de PVC al por mayor Manufacturersfactory la experiencia en la creaci\u00f3n de alta calidad, materiales sostenibles.<\/p>\n<div class=\"clear\"><\/div>\n<\/div>\n<div class=\"feature-item\">\n<img decoding=\"async\" alt=\"Nuestra piel de microfibra ofrece una transpirabilidad excepcional, lo que permite una gesti\u00f3n eficaz de la humedad y mantiene los pies frescos y secos durante todo el d\u00eda.\" class=\"feature-image left\" src=\"\/wp-content\/uploads\/2025\/08\/soild-color-vegan-microfiber-leather-for-mary-janes-shoe-lining-30170.jpg\"\/><\/p>\n<h3>Nuestra piel de microfibra ofrece una transpirabilidad excepcional, lo que permite una gesti\u00f3n eficaz de la humedad y mantiene los pies frescos y secos durante todo el d\u00eda.<\/h3>\n<p>Nuestra piel de microfibra cuenta con una transpirabilidad excepcional, lo que permite una gesti\u00f3n eficaz de la humedad y mantiene los pies frescos y secos durante todo el d\u00eda. Su <strong>Piel Impermeable Tejido Odmhsas<\/strong> El tacto ultrasuave se consigue mediante un meticuloso proceso de acabado, que mejora la experiencia general de uso.<\/p>\n<div class=\"clear\"><\/div>\n<\/div>\n<div class=\"feature-item\">\n<img decoding=\"async\" alt=\"Adem\u00e1s, este material es muy duradero, capaz de soportar los rigores del uso diario sin comprometer la flexibilidad ni la comodidad.\" class=\"feature-image left\" src=\"\/wp-content\/uploads\/2025\/08\/soild-color-vegan-microfiber-leather-for-mary-janes-shoe-lining-30171.jpg\"\/><\/p>\n<h3>Adem\u00e1s, este material es muy duradero, capaz de soportar los rigores del uso diario sin comprometer la flexibilidad ni la comodidad.<\/h3>\n<p>Adem\u00e1s, este material es muy duradero, capaz de soportar los rigores del desgaste diario sin comprometer la flexibilidad o comodidad. WINIW Company Factory Wholesale PVC Leather Manufacturersmanufacturer's dedication to precision ensures that each batch meets rigorous standards of consistency in thickness, texture, and color vibrancy.<\/p>\n<div class=\"clear\"><\/div>\n<\/div>\n<div class=\"feature-item\">\n<h3>Adem\u00e1s, nuestra piel de microfibra vegana es ecol\u00f3gica y se produce sin da\u00f1ar a los animales ni al medio ambiente, lo que la convierte en una elecci\u00f3n consciente tanto para las marcas como para los consumidores.<\/h3>\n<p>Adem\u00e1s, nuestra piel de microfibra vegana es ecol\u00f3gica y se produce sin da\u00f1ar a los animales ni al medio ambiente, lo que la convierte en una elecci\u00f3n consciente tanto para las marcas como para los consumidores. Su ligereza tambi\u00e9n contribuye a reducir los costes de env\u00edo y el impacto medioambiental, en l\u00ednea con las demandas actuales de moda sostenible.<\/p>\n<div class=\"clear\"><\/div>\n<\/div>\n<div class=\"feature-item\">\n<img decoding=\"async\" alt=\"Alta resistencia al desgarro - Ultrasuede Microfibra Faux Leather para guantes de ciclismo\" class=\"feature-image left\" src=\"\/wp-content\/uploads\/2025\/08\/07mm-ultrasuede-microfiber-faux-leather-for-cycling-gloves--37882.jpg\"\/><\/p>\n<h3>Alta resistencia al desgarro<\/h3>\n<p>Nuestra piel de microfibra Ultrasuede presenta una excepcional resistencia al desgarro, lo que garantiza que no se romper\u00e1 ni deformar\u00e1 f\u00e1cilmente bajo tensi\u00f3n. Esto la hace ideal para productos que requieren durabilidad y rendimiento a largo plazo.<\/p>\n<div class=\"clear\"><\/div>\n<\/div>\n<div class=\"feature-item\">\n<img decoding=\"async\" alt=\"Retenci\u00f3n de la forma - Piel sint\u00e9tica de microfibra Ultrasuede para guantes de ciclismo\" class=\"feature-image right\" src=\"\/wp-content\/uploads\/2025\/08\/07mm-ultrasuede-microfiber-faux-leather-for-cycling-gloves--37883.jpg\"\/><\/p>\n<h3>No es f\u00e1cil de deformar<\/h3>\n<p>Especialmente tratado para mantener su forma original, este material ofrece una excelente elasticidad y estabilidad. Resiste la deformaci\u00f3n por presi\u00f3n externa o estiramiento, manteniendo los productos intactos y atractivos a lo largo del tiempo.<\/p>\n<div class=\"clear\"><\/div>\n<\/div>\n<div class=\"feature-item\">\n<img decoding=\"async\" alt=\"Durabilidad - Piel sint\u00e9tica de microfibra Ultrasuede para guantes de ciclismo\" class=\"feature-image left\" src=\"\/wp-content\/uploads\/2025\/08\/07mm-ultrasuede-microfiber-faux-leather-for-cycling-gloves--37884.jpg\"\/><\/p>\n<h3>Durabilidad<\/h3>\n<p>Extremadamente resistente a la abrasi\u00f3n, los desgarros y los pinchazos, este material garantiza que los guantes se mantengan en \u00f3ptimas condiciones incluso con un uso prolongado. Tambi\u00e9n mantiene una excelente destreza y resistencia para art\u00edculos de piel de alta calidad.<\/p>\n<div class=\"clear\"><\/div>\n<\/div>\n<\/section>\n<section id=\"usage\">\n<h2>Uso y aplicaciones<\/h2>\n<p><img fetchpriority=\"high\" decoding=\"async\" alt=\"Piel de microfibra para forro de calzado\" height=\"423\" src=\"\/wp-content\/uploads\/2025\/08\/soild-color-vegan-microfiber-leather-for-mary-janes-shoe-lining-30167.jpg\" width=\"1418\"\/><\/p>\n<div class=\"usage-point\">\n<h3>En <strong>Bolsos de piel de segunda mano<\/strong> Soild Color Vegan Microfibra de cuero hecho a mano por la empresa WINIW F\u00e1brica de cuero de PVC al por mayor Manufacturersfactory es un testimonio de nuestro compromiso con la innovaci\u00f3n y la sostenibilidad en la industria del cuero<\/h3>\n<p>En <strong>Bolsos de piel de segunda mano<\/strong> Soild Color Vegan Microfibra de cuero hecho a mano por la empresa WINIW F\u00e1brica de cuero de PVC al por mayor Manufacturersfactory es un testimonio de nuestro compromiso con la innovaci\u00f3n y la sostenibilidad en la industria del cuero.<\/p>\n<\/div>\n<div class=\"usage-point\">\n<h3>Como empresa l\u00edder WINIW f\u00e1brica de cuero de PVC al por mayor Manufacturersmanufacturer, que meticulosamente la ingenier\u00eda de este material para emular la textura y la elegancia de cuero tradicional, mientras que la adhesi\u00f3n a los principios veganos<\/h3>\n<p>Como empresa l\u00edder WINIW F\u00e1brica de cuero de PVC al por mayor Manufacturersmanufacturer, que meticulosamente la ingenier\u00eda de este material para emular la textura y la elegancia de cuero tradicional, mientras que la adhesi\u00f3n a los principios veganos.<\/p>\n<\/div>\n<div class=\"usage-point\">\n<h3>Nuestra <strong>Bolsos de piel vegana de primera calidad<\/strong> la piel de microfibra est\u00e1 dise\u00f1ada espec\u00edficamente para su uso en forros de calzado, ofreciendo un tacto lujoso y una comodidad sin igual a los usuarios<\/h3>\n<p>Nuestra <strong>Bolsos de piel vegana de primera calidad<\/strong> est\u00e1 dise\u00f1ada espec\u00edficamente para su uso en forros de zapatos, ofreciendo un tacto lujoso y una comodidad sin igual a los usuarios. Cada rollo est\u00e1 meticulosamente te\u00f1ido en colores s\u00f3lidos y vibrantes resistentes a la decoloraci\u00f3n, lo que garantiza que sus zapatos Mary Janes conserven su aspecto fresco y atractivo con el paso del tiempo.<\/p>\n<\/div>\n<div class=\"usage-point\">\n<h3>La perfecta integraci\u00f3n de tecnolog\u00eda punta y pr\u00e1cticas respetuosas con el medio ambiente hace de nuestra piel de microfibra una opci\u00f3n ideal para las marcas y dise\u00f1adores de moda que buscan combinar estilo y responsabilidad. <\/h3>\n<p>La perfecta integraci\u00f3n de tecnolog\u00eda punta y pr\u00e1cticas respetuosas con el medio ambiente hace de nuestra piel de microfibra una opci\u00f3n ideal para las marcas y dise\u00f1adores de moda que buscan combinar estilo y responsabilidad.<\/p>\n<\/div>\n<div class=\"usage-point\">\n<h3>C\u00f3modo y transpirable<\/h3>\n<p>Suave, c\u00f3modo y muy transpirable, este material es perfecto para guantes de ciclismo y otros productos que se utilizan durante periodos prolongados. Mantiene las manos frescas y secas durante actividades extenuantes.<\/p>\n<\/div>\n<div class=\"usage-point\">\n<h3>Ecol\u00f3gico y sostenible<\/h3>\n<p>Nuestra piel sint\u00e9tica de microfibra Ultrasuede incluye opciones respetuosas con el medio ambiente, como las variantes fabricadas con PET reciclado y materiales de origen vegetal, que reducen el impacto medioambiental a la vez que ofrecen diversas texturas.<\/p>\n<\/div>\n<div class=\"usage-point\">\n<h3>Protecci\u00f3n antibacterias y antipolvo<\/h3>\n<p>Las variantes seleccionadas presentan propiedades antibacterianas y resistentes al polvo, por lo que cumplen elevadas normas de higiene ideales para guantes que requieren estrictos controles de calidad y seguridad.<\/p>\n<\/div>\n<div class=\"usage-point\">\n<h3>Diversos escenarios de aplicaci\u00f3n<\/h3>\n<p>Adem\u00e1s de guantes de ciclismo, es adecuado para guantes de dedos, guantes de seguridad y otros tipos de guantes, as\u00ed como calzado, ropa y accesorios.<\/p>\n<\/div>\n<p><img decoding=\"async\" alt=\"Aplicaciones de la piel sint\u00e9tica de microfibra Ultrasuede de 0,7 mm en diversos productos\" class=\"product-image\" src=\"\/wp-content\/uploads\/2025\/08\/07mm-ultrasuede-microfiber-faux-leather-for-cycling-gloves--37885.jpg\"\/><br \/>\n<img decoding=\"async\" alt=\"Guantes de ciclismo de piel de microfibra Ultrasuede - ejemplo de producto\" class=\"product-image\" src=\"\/wp-content\/uploads\/2025\/08\/07mm-ultrasuede-microfiber-faux-leather-for-cycling-gloves--37886.jpg\"\/><br \/>\n<\/section>\n<section id=\"why-choose-us\">\n<h2>Por qu\u00e9 elegir WINIW<\/h2>\n<div class=\"advantage-item\">\n<h3>Nuestras ventajas<\/h3>\n<p>WINIW Company Factory Venta al por mayor de cuero de PVC ManufacturersFactory escaparate de productos<\/p>\n<\/div>\n<div class=\"advantage-item\">\n<h3>Garant\u00eda de calidad<\/h3>\n<p>Aplicamos un estricto control de calidad en toda la cadena de producci\u00f3n y suministro, cumpliendo las normas ISO9001. Desde la selecci\u00f3n de materias primas hasta la inspecci\u00f3n final, damos prioridad a los intereses del cliente.<\/p>\n<\/div>\n<div class=\"advantage-item\">\n<h3>Equipo t\u00e9cnico profesional<\/h3>\n<p>Nuestro equipo t\u00e9cnico especializado est\u00e1 formado por profesionales con experiencia en diversos campos, dedicados a suministrar productos de alta calidad y soluciones a medida.<\/p>\n<\/div>\n<div class=\"advantage-item\">\n<h3>Amplia gama de aplicaciones<\/h3>\n<p>Nuestros materiales se utilizan ampliamente en calzado, ropa, maletas, interiores de autom\u00f3viles, muebles de sof\u00e1, etc.<\/p>\n<\/div>\n<div class=\"advantage-item\">\n<h3>Una rica experiencia<\/h3>\n<p>Quanzhou WINIW Import &amp; Export Co., Ltd. cuenta con m\u00e1s de 20 a\u00f1os de experiencia en producci\u00f3n, ofreciendo soluciones perfectas para clientes de todo el mundo.<\/p>\n<\/div>\n<div class=\"advantage-item\">\n<h3>Precio asequible<\/h3>\n<p>Ofrecemos precios competitivos y un excelente servicio de atenci\u00f3n al cliente. Solicite un cat\u00e1logo o visite nuestra f\u00e1brica para explorar nuestros productos.<\/p>\n<\/div>\n<div class=\"advantage-item\">\n<h3>Servicio de atenci\u00f3n al cliente en l\u00ednea 24 horas<\/h3>\n<p>Nuestro equipo est\u00e1 disponible 24 horas al d\u00eda, 7 d\u00edas a la semana, para responder a las consultas y atender los comentarios con prontitud.<\/p>\n<\/div>\n<p><img decoding=\"async\" alt=\"Planta de producci\u00f3n WINIW - Proceso de fabricaci\u00f3n de piel de microfibra Ultrasuede\" class=\"product-image\" src=\"\/wp-content\/uploads\/2025\/08\/07mm-ultrasuede-microfiber-faux-leather-for-cycling-gloves--37888.jpg\"\/><br \/>\n<\/section>\n<p><\/main><\/p>\n<section id=\"inquiry\">\n<h2 style=\"text-align: center;\">Esperamos su consulta.<\/h2>\n<p style=\"text-align: center;\">P\u00f3ngase en contacto con nosotros hoy mismo para obtener m\u00e1s informaci\u00f3n sobre nuestros productos y realizar su pedido.<\/p>\n<\/section>\n\n    <div class=\"xs_social_share_widget xs_share_url after_content \t\tmain_content  wslu-style-1 wslu-share-box-shaped wslu-fill-colored wslu-none wslu-share-horizontal wslu-theme-font-no wslu-main_content\">\n\n\t\t\n        <ul>\n\t\t\t        <\/ul>\n    <\/div>","protected":false},"excerpt":{"rendered":"<div class=\"product-short-description\">Microfibra forro de zapatos de cuero de color suave Vegan Microfibra de cuero para Mary Janes forro de zapatos WINIW de color suave Vegan Microfibra de cuero para Mary Janes forro de zapatos Las caracter\u00edsticas principales incluyen MicrofibraPiel, WINIW, Width.Ideal para aquellos que buscan calidad y fiabilidad.<\/p>\n<p>Como f\u00e1brica directa, fabricante y mayorista, podemos controlar estrictamente el proceso de producci\u00f3n para garantizar la calidad del producto y, al mismo tiempo, ofrecerle los precios m\u00e1s favorables. Contamos con equipos de producci\u00f3n avanzados y un equipo t\u00e9cnico profesional para satisfacer sus necesidades de pedidos a gran escala y garantizar una entrega puntual.<\/p>\n<\/div>","protected":false},"featured_media":3383,"template":"","meta":[],"product_brand":[],"product_cat":[210],"product_tag":[],"class_list":{"0":"post-28958","1":"product","2":"type-product","3":"status-publish","4":"has-post-thumbnail","6":"product_cat-microfiber-shoe-lining-leather","8":"first","9":"instock","10":"product-type-simple"},"_links":{"self":[{"href":"https:\/\/www.eco-leather.com\/es\/wp-json\/wp\/v2\/product\/28958","targetHints":{"allow":["GET"]}}],"collection":[{"href":"https:\/\/www.eco-leather.com\/es\/wp-json\/wp\/v2\/product"}],"about":[{"href":"https:\/\/www.eco-leather.com\/es\/wp-json\/wp\/v2\/types\/product"}],"wp:featuredmedia":[{"embeddable":true,"href":"https:\/\/www.eco-leather.com\/es\/wp-json\/wp\/v2\/media\/3383"}],"wp:attachment":[{"href":"https:\/\/www.eco-leather.com\/es\/wp-json\/wp\/v2\/media?parent=28958"}],"wp:term":[{"taxonomy":"product_brand","embeddable":true,"href":"https:\/\/www.eco-leather.com\/es\/wp-json\/wp\/v2\/product_brand?post=28958"},{"taxonomy":"product_cat","embeddable":true,"href":"https:\/\/www.eco-leather.com\/es\/wp-json\/wp\/v2\/product_cat?post=28958"},{"taxonomy":"product_tag","embeddable":true,"href":"https:\/\/www.eco-leather.com\/es\/wp-json\/wp\/v2\/product_tag?post=28958"}],"curies":[{"name":"wp","href":"https:\/\/api.w.org\/{rel}","templated":true}]}}