{"id":28957,"date":"2025-09-07T10:59:17","date_gmt":"2025-09-07T02:59:17","guid":{"rendered":"https:\/\/www.eco-leather.com\/product\/pink-anti-aging-designing-espadrilles-shoe-lining-microfiber-leather\/"},"modified":"2025-09-07T10:59:17","modified_gmt":"2025-09-07T02:59:17","slug":"rosa-antienvejecimiento-diseno-alpargatas-zapato-forro-de-microfibra-de-cuero","status":"publish","type":"product","link":"https:\/\/www.eco-leather.com\/es\/rosa-antienvejecimiento-diseno-alpargatas-zapato-forro-de-microfibra-de-cuero\/","title":{"rendered":"Alpargatas de dise\u00f1o antienvejecimiento rosa Forro de microfibra Piel"},"content":{"rendered":"<h2>Piel de microfibra para forro de calzado<\/h2>\n<p><main><\/p>\n<section id=\"product-overview\">\n<h2>Descripci\u00f3n del producto<\/h2>\n<p>Producto <strong>Suela de piel sint\u00e9tica<\/strong> Introducci\u00f3n<\/p>\n<p>Fabricados con materiales de microfibra de alta calidad, nuestros guantes de piel sint\u00e9tica de microfibra Ultrasuede de 0,7 mm son la elecci\u00f3n perfecta para el ciclismo. Equilibra flexibilidad y resistencia, y ofrece una transpirabilidad excepcional y propiedades de evacuaci\u00f3n de la humedad para mantener las manos frescas y secas durante salidas intensas.<\/p>\n<p>Tanto si eres un ciclista profesional como si te dedicas al ocio, la piel de microfibra este material proporciona una comodidad y una protecci\u00f3n insuperables. Su gran resistencia a las abrasiones y los desgarros garantiza un rendimiento duradero, mientras que su elegante dise\u00f1o a\u00f1ade un toque sofisticado a cualquier conjunto ciclista.<\/p>\n<\/section>\n<section id=\"specifications\">\n<h2>Par\u00e1metros t\u00e9cnicos<\/h2>\n<ul class_=\"parameters-list\">\n<li><span class=\"param-name\">Producto <strong>Cajas de piel sint\u00e9tica China<\/strong> Especificaci\u00f3n WINIW Company F\u00e1brica de cuero de PVC al por mayor ManufacturersCustomizable cuero sint\u00e9tico:<\/span> Elegancia, durabilidad y variedad de colores.<\/li>\n<\/ul>\n<p><img decoding=\"async\" alt=\"Piel sint\u00e9tica de microfibra de 0,7 mm Ultrasuede para guantes de ciclismo - Especificaci\u00f3n del material\" class=\"product-image\" src=\"\/wp-content\/uploads\/2025\/08\/07mm-ultrasuede-microfiber-faux-leather-for-cycling-gloves--37881.jpg\"\/><\/p>\n<h3>Par\u00e1metros del producto<\/h3>\n<ul class=\"parameters-list\">\n<li><span class=\"param-name\">Material:<\/span> Microfibra + PU<\/li>\n<li><span class=\"param-name\">Color:<\/span> Negro, gris, beige (colores personalizados disponibles)<\/li>\n<li><span class=\"param-name\">Grosor:<\/span> 0,6 mm, 0,7 mm, 0,8 mm, 1 mm<\/li>\n<li><span class=\"param-name\">Cantidad m\u00ednima de pedido:<\/span> 300 metros lineales<\/li>\n<li><span class=\"param-name\">Longitud del rollo:<\/span> 20-30 m\/rollo<\/li>\n<li><span class=\"param-name\">Plazo de entrega:<\/span> 15-20 d\u00edas<\/li>\n<li><span class=\"param-name\">Anchura:<\/span> 54\u2033, 137cm<\/li>\n<li><span class=\"param-name\">Capacidad de producci\u00f3n:<\/span> 1.000.000 de metros mensuales<\/li>\n<\/ul>\n<\/section>\n<section id=\"features\">\n<h2>Caracter\u00edsticas del producto<\/h2>\n<div class=\"feature-item\">\n<img decoding=\"async\" alt=\"RevolucionandoSuede cuero impermeable Sprayla industria del calzado con la innovaci\u00f3n y la excelencia, la empresa WINIW F\u00e1brica de cuero de PVC al por mayor Manufacturersfactory presenta con orgullo nuestra Anti-Envejecimiento de imitaci\u00f3n de cuero de microfibra, dise\u00f1ado espec\u00edficamente para alpargatas forros de zapatos\" class=\"feature-image left\" src=\"\/wp-content\/uploads\/2025\/08\/pink-anti-aging-designing-espadrilles-shoe-lining-microfiber-leather-30159.jpg\"\/><\/p>\n<h3>Revolucionando <strong>Spray Impermeable Piel de Ante<\/strong> la industria del calzado con la innovaci\u00f3n y la excelencia, la empresa WINIW F\u00e1brica al por mayor de cuero de PVC Manufacturersfactory presenta con orgullo nuestro Anti-Envejecimiento de imitaci\u00f3n de cuero de microfibra, dise\u00f1ado espec\u00edficamente para alpargatas forros de zapatos<\/h3>\n<p>Revolucionando <strong>Spray Impermeable Piel de Ante<\/strong> la industria del calzado con la innovaci\u00f3n y la excelencia, WINIW empresa de f\u00e1brica al por mayor de cuero de PVC Manufacturersfactory presenta con orgullo nuestro Anti-Envejecimiento de imitaci\u00f3n de cuero de microfibra, espec\u00edficamente adaptados para alpargatas forros de zapatos.<\/p>\n<div class=\"clear\"><\/div>\n<\/div>\n<div class=\"feature-item\">\n<img decoding=\"async\" alt=\"Hecho a mano con precisi\u00f3n y un ojo para el detalle, este cuero de microfibra se erige como un testimonio de la empresa WINIW f\u00e1brica de cuero de PVC al por mayor Manufacturersmanufacturer&#039;s compromiso con la calidad y la sostenibilidad\" class=\"feature-image left\" src=\"\/wp-content\/uploads\/2025\/08\/pink-anti-aging-designing-espadrilles-shoe-lining-microfiber-leather-30160.jpg\"\/><\/p>\n<h3>Hecho a mano con precisi\u00f3n y un ojo para el detalle, este cuero de microfibra se erige como un testimonio de la empresa WINIW f\u00e1brica de cuero de PVC al por mayor Manufacturersmanufacturer's compromiso con la calidad y la sostenibilidad<\/h3>\n<p>Hecho a mano con precisi\u00f3n y un ojo para el detalle, este cuero de microfibra se erige como un testimonio de la empresa WINIW f\u00e1brica de cuero de PVC al por mayor Manufacturersmanufacturer's compromiso con la calidad y la sostenibilidad.<\/p>\n<div class=\"clear\"><\/div>\n<\/div>\n<div class=\"feature-item\">\n<img decoding=\"async\" alt=\"A diferencia de los materiales tradicionales, nuestra piel de microfibra combina el tacto lujoso de la piel aut\u00e9ntica con la durabilidad y el respeto por el medio ambiente de los materiales sint\u00e9ticos modernos.\" class=\"feature-image left\" src=\"\/wp-content\/uploads\/2025\/08\/pink-anti-aging-designing-espadrilles-shoe-lining-microfiber-leather-30161.jpg\"\/><\/p>\n<h3>A diferencia de los materiales tradicionales, nuestra piel de microfibra combina el tacto lujoso de la piel aut\u00e9ntica con la durabilidad y el respeto por el medio ambiente de los materiales sint\u00e9ticos modernos.<\/h3>\n<p>A diferencia de los materiales tradicionales, nuestra piel de microfibra combina el tacto lujoso de la piel aut\u00e9ntica con la durabilidad y el respeto por el medio ambiente de los materiales sint\u00e9ticos modernos. Dise\u00f1ado para resistir el envejecimiento, este material mantiene su suavidad, viveza de color e integridad estructural durante largos periodos de tiempo, garantizando que cada par de alpargatas forradas con nuestra piel siga siendo una obra maestra atemporal.<\/p>\n<div class=\"clear\"><\/div>\n<\/div>\n<div class=\"feature-item\">\n<img decoding=\"async\" alt=\"WINIWaterproof Faux LeathermanCompany Factory Venta al por mayor de cuero de PVC Manufacturersfactory&#039;s estado de los procesos de producci\u00f3n de arte garantizan un acabado sin costuras, por lo que este cuero de microfibra una opci\u00f3n ideal para los dise\u00f1adores y fabricantes de calzado m\u00e1s exigentes \" class=\"feature-image left\" src=\"\/wp-content\/uploads\/2025\/08\/pink-anti-aging-designing-espadrilles-shoe-lining-microfiber-leather-30162.jpg\"\/><\/p>\n<h3>WINIW <strong>Leatherman de imitaci\u00f3n impermeable<\/strong> Los procesos de producci\u00f3n de vanguardia de Company Factory Wholesale PVC Leather Manufacturersfactory garantizan un acabado sin costuras, lo que convierte a esta piel de microfibra en la opci\u00f3n ideal para los dise\u00f1adores y fabricantes de calzado m\u00e1s exigentes. <\/h3>\n<p>WINIW <strong>Leatherman de imitaci\u00f3n impermeable<\/strong> Empresa F\u00e1brica de cuero de PVC al por mayor Manufacturersfactory's estado de los procesos de producci\u00f3n de arte garantizan un acabado sin costuras, por lo que este cuero de microfibra una opci\u00f3n ideal para los dise\u00f1adores y fabricantes de calzado m\u00e1s exigentes .<\/p>\n<div class=\"clear\"><\/div>\n<\/div>\n<div class=\"feature-item\">\n<img decoding=\"async\" alt=\"Material MicrofibraPiel Marca WINIW Empresa F\u00e1brica Mayorista de PVC Fabricantes de cueroAncho 54\" class=\"feature-image left\" src=\"\/wp-content\/uploads\/2025\/08\/pink-anti-aging-designing-espadrilles-shoe-lining-microfiber-leather-30163.jpg\"\/><\/p>\n<h3>Material MicrofibraPiel Marca WINIW Empresa F\u00e1brica de fabricantes de cuero de PVC al por mayorAncho 54\u2033; 1<\/h3>\n<p>Material MicrofibraPiel Marca WINIW Empresa F\u00e1brica Venta al por mayor de cuero de PVC FabricantesAncho 54\u2033; 1.37m Color Rojo, Negro, Marr\u00f3n, Verde, aceptar personalizar Caracter\u00edstica Resistente al desgaste, Impermeable, Antimoho, Flexible Espesor 0.6mm-2.0mm Lugar de Origen China Personalizado S\u00ed Plazo de entrega Generalmente dentro de 15 - 25 d\u00edas.<\/p>\n<div class=\"clear\"><\/div>\n<\/div>\n<div class=\"feature-item\">\n<h3>MOQ 300 metros Detalles de embalaje 30\/50 metros por rollo<\/h3>\n<p>MOQ 300 metros Detalles de embalaje 30\/50 metros por rollo. O <strong>Piel Impermeable Tejido Odmhsas<\/strong> personalizado Capacidad de producci\u00f3n 1.000.000 metros mensuales Caracter\u00edstica del producto Distinguirse a trav\u00e9s de una mezcla de sofisticaci\u00f3n y funcionalidad, la lucha contra el envejecimiento de imitaci\u00f3n de cuero de microfibra de la empresa WINIW f\u00e1brica de venta al por mayor de cuero de PVC Manufacturersmanufacturer ofrece una serie de caracter\u00edsticas notables.<\/p>\n<div class=\"clear\"><\/div>\n<\/div>\n<div class=\"feature-item\">\n<h3>Sus propiedades antienvejecimiento garantizan que la piel conserve su textura y aspecto originales, defendi\u00e9ndola de los estragos del tiempo y de factores ambientales como los rayos UV y la humedad.<\/h3>\n<p>Sus propiedades antienvejecimiento garantizan que la piel conserve su textura y aspecto originales, defendi\u00e9ndose de los estragos del tiempo y de factores ambientales como los rayos UV y la humedad. La composici\u00f3n de microfibra proporciona una transpirabilidad excepcional, por lo que es perfecta para forros de calzado, ya que mejora la comodidad al permitir la circulaci\u00f3n del aire, manteniendo los pies frescos y secos.<\/p>\n<div class=\"clear\"><\/div>\n<\/div>\n<div class=\"feature-item\">\n<h3>Adem\u00e1s, este material es ligero pero robusto, y ofrece un equilibrio entre flexibilidad y resistencia que resulta crucial para las alpargatas, que a menudo requieren una delicada mezcla de elegancia informal y soporte estructural.<\/h3>\n<p>Adem\u00e1s, este material es ligero pero robusto, y ofrece un equilibrio entre flexibilidad y resistencia que resulta crucial para las alpargatas, que a menudo requieren una delicada mezcla de elegancia informal y soporte estructural.<\/p>\n<div class=\"clear\"><\/div>\n<\/div>\n<div class=\"feature-item\">\n<h3>WINIW Company F\u00e1brica al por mayor de cuero de PVC Manufacturersfactory's dedicaci\u00f3n a la utilizaci\u00f3n de m\u00e9todos de producci\u00f3n respetuosos con el medio ambiente garantiza que este cuero de microfibra no s\u00f3lo cumple con los est\u00e1ndares de la industria, sino que tambi\u00e9n se alinea con la creciente demanda de los consumidores para la moda sostenible<\/h3>\n<p>La dedicaci\u00f3n de WINIW Company Factory Wholesale PVC Leather Manufacturersfactory a la utilizaci\u00f3n de m\u00e9todos de producci\u00f3n respetuosos con el medio ambiente garantiza que este cuero de microfibra no s\u00f3lo cumpla las normas del sector, sino que tambi\u00e9n se ajuste a la creciente demanda de moda sostenible por parte de los consumidores.<\/p>\n<div class=\"clear\"><\/div>\n<\/div>\n<div class=\"feature-item\">\n<h3>La facilidad de mantenimiento, incluida la resistencia a manchas y ara\u00f1azos, subraya a\u00fan m\u00e1s su idoneidad para aplicaciones de calzado de gama alta. <\/h3>\n<p>La facilidad de mantenimiento, incluida la resistencia a manchas y ara\u00f1azos, subraya a\u00fan m\u00e1s su idoneidad para aplicaciones de calzado de gama alta .<\/p>\n<div class=\"clear\"><\/div>\n<\/div>\n<div class=\"feature-item\">\n<img decoding=\"async\" alt=\"Alta resistencia al desgarro - Ultrasuede Microfibra Faux Leather para guantes de ciclismo\" class=\"feature-image left\" src=\"\/wp-content\/uploads\/2025\/08\/07mm-ultrasuede-microfiber-faux-leather-for-cycling-gloves--37882.jpg\"\/><\/p>\n<h3>Alta resistencia al desgarro<\/h3>\n<p>Nuestra piel de microfibra Ultrasuede presenta una excepcional resistencia al desgarro, lo que garantiza que no se romper\u00e1 ni deformar\u00e1 f\u00e1cilmente bajo tensi\u00f3n. Esto la hace ideal para productos que requieren durabilidad y rendimiento a largo plazo.<\/p>\n<div class=\"clear\"><\/div>\n<\/div>\n<div class=\"feature-item\">\n<img decoding=\"async\" alt=\"Retenci\u00f3n de la forma - Piel sint\u00e9tica de microfibra Ultrasuede para guantes de ciclismo\" class=\"feature-image right\" src=\"\/wp-content\/uploads\/2025\/08\/07mm-ultrasuede-microfiber-faux-leather-for-cycling-gloves--37883.jpg\"\/><\/p>\n<h3>No es f\u00e1cil de deformar<\/h3>\n<p>Especialmente tratado para mantener su forma original, este material ofrece una excelente elasticidad y estabilidad. Resiste la deformaci\u00f3n por presi\u00f3n externa o estiramiento, manteniendo los productos intactos y atractivos a lo largo del tiempo.<\/p>\n<div class=\"clear\"><\/div>\n<\/div>\n<div class=\"feature-item\">\n<img decoding=\"async\" alt=\"Durabilidad - Piel sint\u00e9tica de microfibra Ultrasuede para guantes de ciclismo\" class=\"feature-image left\" src=\"\/wp-content\/uploads\/2025\/08\/07mm-ultrasuede-microfiber-faux-leather-for-cycling-gloves--37884.jpg\"\/><\/p>\n<h3>Durabilidad<\/h3>\n<p>Extremadamente resistente a la abrasi\u00f3n, los desgarros y los pinchazos, este material garantiza que los guantes se mantengan en \u00f3ptimas condiciones incluso con un uso prolongado. Tambi\u00e9n mantiene una excelente destreza y resistencia para art\u00edculos de piel de alta calidad.<\/p>\n<div class=\"clear\"><\/div>\n<\/div>\n<\/section>\n<section id=\"why-choose-us\">\n<h2>Por qu\u00e9 elegir WINIW<\/h2>\n<div class=\"advantage-item\">\n<h3>Nuestras ventajas<\/h3>\n<p>WINIW Company Factory Venta al por mayor de cuero de PVC ManufacturersFactory escaparate de productos<\/p>\n<\/div>\n<div class=\"advantage-item\">\n<h3>Garant\u00eda de calidad<\/h3>\n<p>Aplicamos un estricto control de calidad en toda la cadena de producci\u00f3n y suministro, cumpliendo las normas ISO9001. Desde la selecci\u00f3n de materias primas hasta la inspecci\u00f3n final, damos prioridad a los intereses del cliente.<\/p>\n<\/div>\n<div class=\"advantage-item\">\n<h3>Equipo t\u00e9cnico profesional<\/h3>\n<p>Nuestro equipo t\u00e9cnico especializado est\u00e1 formado por profesionales con experiencia en diversos campos, dedicados a suministrar productos de alta calidad y soluciones a medida.<\/p>\n<\/div>\n<div class=\"advantage-item\">\n<h3>Amplia gama de aplicaciones<\/h3>\n<p>Nuestros materiales se utilizan ampliamente en calzado, ropa, maletas, interiores de autom\u00f3viles, muebles de sof\u00e1, etc.<\/p>\n<\/div>\n<div class=\"advantage-item\">\n<h3>Una rica experiencia<\/h3>\n<p>Quanzhou WINIW Import &amp; Export Co., Ltd. cuenta con m\u00e1s de 20 a\u00f1os de experiencia en producci\u00f3n, ofreciendo soluciones perfectas para clientes de todo el mundo.<\/p>\n<\/div>\n<div class=\"advantage-item\">\n<h3>Precio asequible<\/h3>\n<p>Ofrecemos precios competitivos y un excelente servicio de atenci\u00f3n al cliente. Solicite un cat\u00e1logo o visite nuestra f\u00e1brica para explorar nuestros productos.<\/p>\n<\/div>\n<div class=\"advantage-item\">\n<h3>Servicio de atenci\u00f3n al cliente en l\u00ednea 24 horas<\/h3>\n<p>Nuestro equipo est\u00e1 disponible 24 horas al d\u00eda, 7 d\u00edas a la semana, para responder a las consultas y atender los comentarios con prontitud.<\/p>\n<\/div>\n<p><img decoding=\"async\" alt=\"Planta de producci\u00f3n WINIW - Proceso de fabricaci\u00f3n de piel de microfibra Ultrasuede\" class=\"product-image\" src=\"\/wp-content\/uploads\/2025\/08\/07mm-ultrasuede-microfiber-faux-leather-for-cycling-gloves--37888.jpg\"\/><br \/>\n<\/section>\n<p><\/main><\/p>\n<section id=\"inquiry\">\n<h2 style=\"text-align: center;\">Esperamos su consulta.<\/h2>\n<p style=\"text-align: center;\">P\u00f3ngase en contacto con nosotros hoy mismo para obtener m\u00e1s informaci\u00f3n sobre nuestros productos y realizar su pedido.<\/p>\n<\/section>\n\n    <div class=\"xs_social_share_widget xs_share_url after_content \t\tmain_content  wslu-style-1 wslu-share-box-shaped wslu-fill-colored wslu-none wslu-share-horizontal wslu-theme-font-no wslu-main_content\">\n\n\t\t\n        <ul>\n\t\t\t        <\/ul>\n    <\/div>","protected":false},"excerpt":{"rendered":"<div class=\"product-short-description\">Microfibra Calzado Forro Piel Rosa Antienvejecimiento Dise\u00f1o Alpargatas Calzado Forro Microfibra Piel WINIW Rosa Antienvejecimiento Dise\u00f1o Alpargatas Forro Microfibra Piel Las caracter\u00edsticas principales incluyen MicrofibraPiel, WINIW, Ancho.Ideal para aquellos que buscan calidad y fiabilidad.<\/p>\n<p>Como f\u00e1brica directa, fabricante y mayorista, podemos controlar estrictamente el proceso de producci\u00f3n para garantizar la calidad del producto y, al mismo tiempo, ofrecerle los precios m\u00e1s favorables. Contamos con equipos de producci\u00f3n avanzados y un equipo t\u00e9cnico profesional para satisfacer sus necesidades de pedidos a gran escala y garantizar una entrega puntual.<\/p>\n<\/div>","protected":false},"featured_media":3375,"template":"","meta":[],"product_brand":[],"product_cat":[210],"product_tag":[],"class_list":{"0":"post-28957","1":"product","2":"type-product","3":"status-publish","4":"has-post-thumbnail","6":"product_cat-microfiber-shoe-lining-leather","8":"first","9":"instock","10":"product-type-simple"},"_links":{"self":[{"href":"https:\/\/www.eco-leather.com\/es\/wp-json\/wp\/v2\/product\/28957","targetHints":{"allow":["GET"]}}],"collection":[{"href":"https:\/\/www.eco-leather.com\/es\/wp-json\/wp\/v2\/product"}],"about":[{"href":"https:\/\/www.eco-leather.com\/es\/wp-json\/wp\/v2\/types\/product"}],"wp:featuredmedia":[{"embeddable":true,"href":"https:\/\/www.eco-leather.com\/es\/wp-json\/wp\/v2\/media\/3375"}],"wp:attachment":[{"href":"https:\/\/www.eco-leather.com\/es\/wp-json\/wp\/v2\/media?parent=28957"}],"wp:term":[{"taxonomy":"product_brand","embeddable":true,"href":"https:\/\/www.eco-leather.com\/es\/wp-json\/wp\/v2\/product_brand?post=28957"},{"taxonomy":"product_cat","embeddable":true,"href":"https:\/\/www.eco-leather.com\/es\/wp-json\/wp\/v2\/product_cat?post=28957"},{"taxonomy":"product_tag","embeddable":true,"href":"https:\/\/www.eco-leather.com\/es\/wp-json\/wp\/v2\/product_tag?post=28957"}],"curies":[{"name":"wp","href":"https:\/\/api.w.org\/{rel}","templated":true}]}}