{"id":28950,"date":"2025-09-07T10:59:07","date_gmt":"2025-09-07T02:59:07","guid":{"rendered":"https:\/\/www.eco-leather.com\/product\/1-6-bright-appearance-synthetic-microfiber-material-for-back-to-school-shoes\/"},"modified":"2025-09-07T10:59:11","modified_gmt":"2025-09-07T02:59:11","slug":"1-6-aspecto-brillante-material-de-microfibra-sintetica-para-la-vuelta-al-cole-zapatos","status":"publish","type":"product","link":"https:\/\/www.eco-leather.com\/es\/1-6-aspecto-brillante-material-de-microfibra-sintetica-para-la-vuelta-al-cole-zapatos\/","title":{"rendered":"1.6 Aspecto brillante Material de microfibra sint\u00e9tica para zapatos de vuelta al cole"},"content":{"rendered":"<h2>Piel artificial (22).jpg<\/h2>\n<p><main><\/p>\n<section id=\"product-overview\">\n<h2>Descripci\u00f3n del producto<\/h2>\n<p>Producto <strong>Soluci\u00f3n material para asientos de coche<\/strong> Introducci\u00f3n<\/p>\n<p>Este <strong>Vestido Blanco Material Meesho<\/strong> combina un acabado brillante con pigmentos estabilizados a los rayos UV para fijar la intensidad del color. La superficie lisa refleja la luz para ofrecer un aspecto de primera calidad, mientras que las fibras el\u00e1sticas subyacentes aportan flexibilidad.<\/p>\n<p>Disponible en acentos de ne\u00f3n, brillos met\u00e1licos y tonos brillantes s\u00f3lidos, atiende a dise\u00f1os de calzado escolar modernos y cl\u00e1sicos. 1. Los pigmentos resistentes a los rayos UV conservan el brillo incluso tras una exposici\u00f3n prolongada al sol.<\/p>\n<p>2. Est\u00e9tica elegante y moderna El acabado brillante eleva el atractivo visual del calzado escolar.<\/p>\n<p>Fabricados con materiales de microfibra de alta calidad, nuestros guantes de piel sint\u00e9tica de microfibra Ultrasuede de 0,7 mm son la elecci\u00f3n perfecta para el ciclismo. Equilibra flexibilidad y resistencia, y ofrece una transpirabilidad excepcional y propiedades de evacuaci\u00f3n de la humedad para mantener las manos frescas y secas durante salidas intensas.<\/p>\n<p>Tanto si eres un ciclista profesional como si te dedicas al ocio, la piel de microfibra este material proporciona una comodidad y una protecci\u00f3n insuperables. Su gran resistencia a las abrasiones y los desgarros garantiza un rendimiento duradero, mientras que su elegante dise\u00f1o a\u00f1ade un toque sofisticado a cualquier conjunto ciclista.<\/p>\n<\/section>\n<section id=\"specifications\">\n<h2>Par\u00e1metros t\u00e9cnicos<\/h2>\n<p>Producto <strong>Material del forro del calzado<\/strong> Especificaci\u00f3n<\/p>\n<p><img decoding=\"async\" alt=\"Piel sint\u00e9tica de microfibra de 0,7 mm Ultrasuede para guantes de ciclismo - Especificaci\u00f3n del material\" class=\"product-image\" src=\"\/wp-content\/uploads\/2025\/08\/07mm-ultrasuede-microfiber-faux-leather-for-cycling-gloves--37881.jpg\"\/><\/p>\n<h3>Par\u00e1metros del producto<\/h3>\n<ul class=\"parameters-list\">\n<li><span class=\"param-name\">Material:<\/span> Microfibra + PU<\/li>\n<li><span class=\"param-name\">Color:<\/span> Negro, gris, beige (colores personalizados disponibles)<\/li>\n<li><span class=\"param-name\">Grosor:<\/span> 0,6 mm, 0,7 mm, 0,8 mm, 1 mm<\/li>\n<li><span class=\"param-name\">Cantidad m\u00ednima de pedido:<\/span> 300 metros lineales<\/li>\n<li><span class=\"param-name\">Longitud del rollo:<\/span> 20-30 m\/rollo<\/li>\n<li><span class=\"param-name\">Plazo de entrega:<\/span> 15-20 d\u00edas<\/li>\n<li><span class=\"param-name\">Anchura:<\/span> 54\u2033, 137cm<\/li>\n<li><span class=\"param-name\">Capacidad de producci\u00f3n:<\/span> 1.000.000 de metros mensuales<\/li>\n<\/ul>\n<\/section>\n<section id=\"features\">\n<h2>Caracter\u00edsticas del producto<\/h2>\n<div class=\"feature-item\">\n<img decoding=\"async\" class=\"feature-image left\" src=\"\/wp-content\/uploads\/2025\/08\/16-bright-appearance-synthetic-microfiber-material-for-back-to-school-shoes-30103.jpg\"\/>\" alt=\"WINIW <strong>Servicio de material de cuero impermeable<\/strong> Company Factory Wholesale Vegan Leather ManufacturersBright Appearance El material de microfibra sint\u00e9tica est\u00e1 dise\u00f1ado para que el calzado escolar destaque con colores vibrantes y resistentes a la decoloraci\u00f3n\"&gt;<\/p>\n<h3>WINIW <strong>Servicio de material de cuero impermeable<\/strong> Company Factory Wholesale Vegan Leather ManufacturersBright Appearance Material de microfibra sint\u00e9tica est\u00e1 dise\u00f1ado para hacer que los zapatos de la escuela se destacan con colores vibrantes, resistentes a la decoloraci\u00f3n<\/h3>\n<p>WINIW <strong>Servicio de material de cuero impermeable<\/strong> Company Factory Wholesale Vegan Leather ManufacturersBright Appearance El material de microfibra sint\u00e9tica est\u00e1 dise\u00f1ado para hacer que los zapatos escolares destaquen con colores vibrantes y resistentes a la decoloraci\u00f3n.<\/p>\n<div class=\"clear\"><\/div>\n<\/div>\n<div class=\"feature-item\">\n<img decoding=\"async\" alt=\"Esta mezcla de microfibras de alto brillo utiliza pigmentos de realce \u00f3ptico para crear un acabado llamativo y atrevido, al tiempo que mantiene la durabilidad de los materiales sint\u00e9ticos.\" class=\"feature-image left\" src=\"\/wp-content\/uploads\/2025\/08\/16-bright-appearance-synthetic-microfiber-material-for-back-to-school-shoes-30104.jpg\"\/><\/p>\n<h3>Esta mezcla de microfibras de alto brillo utiliza pigmentos de realce \u00f3ptico para crear un acabado llamativo y atrevido, al tiempo que mantiene la durabilidad de los materiales sint\u00e9ticos.<\/h3>\n<p>Esta mezcla de microfibras de alto brillo utiliza pigmentos que mejoran la \u00f3ptica para crear un acabado llamativo y atrevido, al tiempo que mantiene la durabilidad de los materiales sint\u00e9ticos. Perfecto <strong>Material impermeable para sof\u00e1s Cerca<\/strong> para los estudiantes que quieren expresar su estilo, el material resiste a la decoloraci\u00f3n por la luz solar y los lavados, garantizando que los colores se mantengan vivos durante todo el curso escolar.<\/p>\n<div class=\"clear\"><\/div>\n<\/div>\n<div class=\"feature-item\">\n<img decoding=\"async\" class=\"feature-image left\" src=\"\/wp-content\/uploads\/2025\/08\/16-bright-appearance-synthetic-microfiber-material-for-back-to-school-shoes-30105.jpg\">\" alt=\"Su construcci\u00f3n ligera mejora la agilidad, por lo que es ideal para calzado deportivo o zapatillas informales\"&gt;<\/p>\n<h3>Su construcci\u00f3n ligera mejora la agilidad, por lo que es ideal para calzado deportivo o zapatillas informales<\/h3>\n<p>Su construcci\u00f3n ligera mejora la agilidad, por lo que es ideal para calzado deportivo o zapatillas informales. Material <strong>Sof\u00e1 impermeable Material personalizado<\/strong> MicrofibraPiel Marca WINIW Empresa F\u00e1brica Fabricantes al por mayor de cuero veganoAncho 54\u2033;<\/p>\n<div class=\"clear\"><\/div>\n<p><\/img><\/div>\n<div class=\"feature-item\">\n<img decoding=\"async\" alt=\"1\" class=\"feature-image left\" src=\"\/wp-content\/uploads\/2025\/08\/16-bright-appearance-synthetic-microfiber-material-for-back-to-school-shoes-30106.jpg\"\/><\/p>\n<h3>1<\/h3>\n<p>1.37m Color Rojo, Negro, Marr\u00f3n, Verde, aceptar personalizar Caracter\u00edstica Resistente al desgaste, Impermeable, Anti-Mildew, Flexible Espesor 0.6mm-2.0mm Lugar de Origen China Personalizado S\u00ed Plazo de entrega Generalmente dentro de 15 - 25 d\u00edas.<\/p>\n<div class=\"clear\"><\/div>\n<\/div>\n<div class=\"feature-item\">\n<img decoding=\"async\" alt=\"MOQ 300 metros Detalles de embalaje 30\/50 metros por rollo\" class=\"feature-image left\" src=\"\/wp-content\/uploads\/2025\/08\/16-bright-appearance-synthetic-microfiber-material-for-back-to-school-shoes-30107.jpg\"\/><\/p>\n<h3>MOQ 300 metros Detalles de embalaje 30\/50 metros por rollo<\/h3>\n<p>MOQ 300 metros Detalles del embalaje 30\/50 metros por rollo. O personalizado Capacidad de producci\u00f3n 1.000.000 metros mensuales Caracter\u00edsticas del producto<\/p>\n<div class=\"clear\"><\/div>\n<\/div>\n<div class=\"feature-item\">\n<img decoding=\"async\" alt=\"Alta resistencia al desgarro - Ultrasuede Microfibra Faux Leather para guantes de ciclismo\" class=\"feature-image left\" src=\"\/wp-content\/uploads\/2025\/08\/07mm-ultrasuede-microfiber-faux-leather-for-cycling-gloves--37882.jpg\"\/><\/p>\n<h3>Alta resistencia al desgarro<\/h3>\n<p>Nuestra piel de microfibra Ultrasuede presenta una excepcional resistencia al desgarro, lo que garantiza que no se romper\u00e1 ni deformar\u00e1 f\u00e1cilmente bajo tensi\u00f3n. Esto la hace ideal para productos que requieren durabilidad y rendimiento a largo plazo.<\/p>\n<div class=\"clear\"><\/div>\n<\/div>\n<div class=\"feature-item\">\n<img decoding=\"async\" alt=\"Retenci\u00f3n de la forma - Piel sint\u00e9tica de microfibra Ultrasuede para guantes de ciclismo\" class=\"feature-image right\" src=\"\/wp-content\/uploads\/2025\/08\/07mm-ultrasuede-microfiber-faux-leather-for-cycling-gloves--37883.jpg\"\/><\/p>\n<h3>No es f\u00e1cil de deformar<\/h3>\n<p>Especialmente tratado para mantener su forma original, este material ofrece una excelente elasticidad y estabilidad. Resiste la deformaci\u00f3n por presi\u00f3n externa o estiramiento, manteniendo los productos intactos y atractivos a lo largo del tiempo.<\/p>\n<div class=\"clear\"><\/div>\n<\/div>\n<div class=\"feature-item\">\n<img decoding=\"async\" alt=\"Durabilidad - Piel sint\u00e9tica de microfibra Ultrasuede para guantes de ciclismo\" class=\"feature-image left\" src=\"\/wp-content\/uploads\/2025\/08\/07mm-ultrasuede-microfiber-faux-leather-for-cycling-gloves--37884.jpg\"\/><\/p>\n<h3>Durabilidad<\/h3>\n<p>Extremadamente resistente a la abrasi\u00f3n, los desgarros y los pinchazos, este material garantiza que los guantes se mantengan en \u00f3ptimas condiciones incluso con un uso prolongado. Tambi\u00e9n mantiene una excelente destreza y resistencia para art\u00edculos de piel de alta calidad.<\/p>\n<div class=\"clear\"><\/div>\n<\/div>\n<\/section>\n<p><\/main><\/p>\n<section id=\"inquiry\">\n<h2 style=\"text-align: center;\">Esperamos su consulta.<\/h2>\n<p style=\"text-align: center;\">P\u00f3ngase en contacto con nosotros hoy mismo para obtener m\u00e1s informaci\u00f3n sobre nuestros productos y realizar su pedido.<\/p>\n<\/section>\n\n    <div class=\"xs_social_share_widget xs_share_url after_content \t\tmain_content  wslu-style-1 wslu-share-box-shaped wslu-fill-colored wslu-none wslu-share-horizontal wslu-theme-font-no wslu-main_content\">\n\n\t\t\n        <ul>\n\t\t\t        <\/ul>\n    <\/div>","protected":false},"excerpt":{"rendered":"<div class=\"product-short-description\">Zapato de cuero 1.6 Aspecto brillante Material sint\u00e9tico de microfibra para zapatos de vuelta a la escuela WINIW 1.6 Aspecto brillante Material sint\u00e9tico de microfibra para zapatos de vuelta a la escuela Las caracter\u00edsticas clave incluyen MicrofibraPiel, WINIW, Ancho.Ideal para aquellos que buscan calidad y fiabilidad.<\/p>\n<p>Como f\u00e1brica directa, fabricante y mayorista, podemos controlar estrictamente el proceso de producci\u00f3n para garantizar la calidad del producto y, al mismo tiempo, ofrecerle los precios m\u00e1s favorables. Contamos con equipos de producci\u00f3n avanzados y un equipo t\u00e9cnico profesional para satisfacer sus necesidades de pedidos a gran escala y garantizar una entrega puntual.<\/p>\n<\/div>","protected":false},"featured_media":3351,"template":"","meta":[],"product_brand":[],"product_cat":[204],"product_tag":[],"class_list":{"0":"post-28950","1":"product","2":"type-product","3":"status-publish","4":"has-post-thumbnail","6":"product_cat-shoe-leather","8":"first","9":"instock","10":"product-type-simple"},"_links":{"self":[{"href":"https:\/\/www.eco-leather.com\/es\/wp-json\/wp\/v2\/product\/28950","targetHints":{"allow":["GET"]}}],"collection":[{"href":"https:\/\/www.eco-leather.com\/es\/wp-json\/wp\/v2\/product"}],"about":[{"href":"https:\/\/www.eco-leather.com\/es\/wp-json\/wp\/v2\/types\/product"}],"wp:featuredmedia":[{"embeddable":true,"href":"https:\/\/www.eco-leather.com\/es\/wp-json\/wp\/v2\/media\/3351"}],"wp:attachment":[{"href":"https:\/\/www.eco-leather.com\/es\/wp-json\/wp\/v2\/media?parent=28950"}],"wp:term":[{"taxonomy":"product_brand","embeddable":true,"href":"https:\/\/www.eco-leather.com\/es\/wp-json\/wp\/v2\/product_brand?post=28950"},{"taxonomy":"product_cat","embeddable":true,"href":"https:\/\/www.eco-leather.com\/es\/wp-json\/wp\/v2\/product_cat?post=28950"},{"taxonomy":"product_tag","embeddable":true,"href":"https:\/\/www.eco-leather.com\/es\/wp-json\/wp\/v2\/product_tag?post=28950"}],"curies":[{"name":"wp","href":"https:\/\/api.w.org\/{rel}","templated":true}]}}