{"id":28904,"date":"2025-09-07T10:58:46","date_gmt":"2025-09-07T02:58:46","guid":{"rendered":"https:\/\/www.eco-leather.com\/product\/neutral-colors-durable-artificial-leather-for-furniture-manufacturing\/"},"modified":"2025-09-07T10:58:49","modified_gmt":"2025-09-07T02:58:49","slug":"cuero-artificial-duradero-de-colores-neutros-para-la-fabricacion-de-muebles","status":"publish","type":"product","link":"https:\/\/www.eco-leather.com\/es\/cuero-artificial-duradero-de-colores-neutros-para-la-fabricacion-de-muebles\/","title":{"rendered":"Piel artificial duradera de colores neutros para la fabricaci\u00f3n de muebles"},"content":{"rendered":"<h2>C\u00f3modo Material Artificial Micro Fibra PU Tapicer\u00eda Sof\u00e1 Fabricaci\u00f3n de cuero<\/h2>\n<p><main><\/p>\n<section id=\"product-overview\">\n<h2>Descripci\u00f3n del producto<\/h2>\n<p>Neutro <strong>Fabricante de cuero artificial<\/strong> Colores Piel artificial duradera para la fabricaci\u00f3n de muebles<\/p>\n<p>&#8212; <strong>Piel importada<\/strong> Sofisticada paleta de neutros Nuestros tonos neutros cuidadosamente seleccionados, beiges suaves, grises c\u00e1lidos y tostados fr\u00edos, combinan a la perfecci\u00f3n con cualquier estilo de dise\u00f1o, desde el minimalista al cl\u00e1sico.<\/p>\n<p>Ya no tendr\u00e1s que preocuparte de que los colores desentonen o de que las tendencias se desvanezcan.<\/p>\n<p>Fabricados con materiales de microfibra de alta calidad, nuestros guantes de piel sint\u00e9tica de microfibra Ultrasuede de 0,7 mm son la elecci\u00f3n perfecta para el ciclismo. Equilibra flexibilidad y resistencia, y ofrece una transpirabilidad excepcional y propiedades de evacuaci\u00f3n de la humedad para mantener las manos frescas y secas durante salidas intensas.<\/p>\n<p>Tanto si eres un ciclista profesional como si te dedicas al ocio, la piel de microfibra este material proporciona una comodidad y una protecci\u00f3n insuperables. Su gran resistencia a las abrasiones y los desgarros garantiza un rendimiento duradero, mientras que su elegante dise\u00f1o a\u00f1ade un toque sofisticado a cualquier conjunto ciclista.<\/p>\n<\/section>\n<section id=\"features\">\n<h2>Caracter\u00edsticas del producto<\/h2>\n<div class=\"feature-item\">\n<img decoding=\"async\" alt=\"Caracter\u00edstica principal\" class=\"feature-image left\" src=\"\/wp-content\/uploads\/2025\/08\/neutral-colors-durable-artificial-leather-for-furniture-manufacturing-29772.jpg\"\/><\/p>\n<h3>Caracter\u00edstica principal<\/h3>\n<p>&#8212; <strong>Leatherman de imitaci\u00f3n impermeable<\/strong> Durabilidad sin igual<\/p>\n<div class=\"clear\"><\/div>\n<\/div>\n<div class=\"feature-item\">\n<img decoding=\"async\" alt=\"Alta resistencia al desgarro - Ultrasuede Microfibra Faux Leather para guantes de ciclismo\" class=\"feature-image left\" src=\"\/wp-content\/uploads\/2025\/08\/07mm-ultrasuede-microfiber-faux-leather-for-cycling-gloves--37882.jpg\"\/><\/p>\n<h3>Alta resistencia al desgarro<\/h3>\n<p>Nuestra piel de microfibra Ultrasuede presenta una excepcional resistencia al desgarro, lo que garantiza que no se romper\u00e1 ni deformar\u00e1 f\u00e1cilmente bajo tensi\u00f3n. Esto la hace ideal para productos que requieren durabilidad y rendimiento a largo plazo.<\/p>\n<div class=\"clear\"><\/div>\n<\/div>\n<div class=\"feature-item\">\n<img decoding=\"async\" alt=\"Retenci\u00f3n de la forma - Piel sint\u00e9tica de microfibra Ultrasuede para guantes de ciclismo\" class=\"feature-image right\" src=\"\/wp-content\/uploads\/2025\/08\/07mm-ultrasuede-microfiber-faux-leather-for-cycling-gloves--37883.jpg\"\/><\/p>\n<h3>No es f\u00e1cil de deformar<\/h3>\n<p>Especialmente tratado para mantener su forma original, este material ofrece una excelente elasticidad y estabilidad. Resiste la deformaci\u00f3n por presi\u00f3n externa o estiramiento, manteniendo los productos intactos y atractivos a lo largo del tiempo.<\/p>\n<div class=\"clear\"><\/div>\n<\/div>\n<div class=\"feature-item\">\n<img decoding=\"async\" alt=\"Durabilidad - Piel sint\u00e9tica de microfibra Ultrasuede para guantes de ciclismo\" class=\"feature-image left\" src=\"\/wp-content\/uploads\/2025\/08\/07mm-ultrasuede-microfiber-faux-leather-for-cycling-gloves--37884.jpg\"\/><\/p>\n<h3>Durabilidad<\/h3>\n<p>Extremadamente resistente a la abrasi\u00f3n, los desgarros y los pinchazos, este material garantiza que los guantes se mantengan en \u00f3ptimas condiciones incluso con un uso prolongado. Tambi\u00e9n mantiene una excelente destreza y resistencia para art\u00edculos de piel de alta calidad.<\/p>\n<div class=\"clear\"><\/div>\n<\/div>\n<\/section>\n<section id=\"usage\">\n<h2>Uso y aplicaciones<\/h2>\n<p><img decoding=\"async\" alt=\"C\u00f3modo Material Artificial Micro Fibra PU Tapicer\u00eda Sof\u00e1 Piel detalles\" data-mce-file-size=\"NaN\" data-mce-file-status=\"1\" height=\"auto\" src=\"\/wp-content\/uploads\/2025\/08\/neutral-colors-durable-artificial-leather-for-furniture-manufacturing-29773.jpg\" width=\"auto\"\/><\/p>\n<div class=\"usage-point\">\n<h3>Dise\u00f1ado <strong>Importadores de zapatos de piel vegana<\/strong> para un uso diario intensivo, nuestra piel artificial resiste los ara\u00f1azos, las manchas y el desgaste, por lo que es perfecta para sof\u00e1s, sillas y otomanas que necesitan conservar su belleza durante a\u00f1os<\/h3>\n<p>Dise\u00f1ado <strong>Importadores de zapatos de piel vegana<\/strong> para un uso diario intensivo, nuestra piel artificial resiste ara\u00f1azos, manchas y desgaste, por lo que es perfecta para sof\u00e1s, sillas y otomanas que necesitan conservar su belleza durante a\u00f1os.<\/p>\n<\/div>\n<div class=\"usage-point\">\n<h3>C\u00f3modo y transpirable<\/h3>\n<p>Suave, c\u00f3modo y muy transpirable, este material es perfecto para guantes de ciclismo y otros productos que se utilizan durante periodos prolongados. Mantiene las manos frescas y secas durante actividades extenuantes.<\/p>\n<\/div>\n<div class=\"usage-point\">\n<h3>Ecol\u00f3gico y sostenible<\/h3>\n<p>Nuestra piel sint\u00e9tica de microfibra Ultrasuede incluye opciones respetuosas con el medio ambiente, como las variantes fabricadas con PET reciclado y materiales de origen vegetal, que reducen el impacto medioambiental a la vez que ofrecen diversas texturas.<\/p>\n<\/div>\n<div class=\"usage-point\">\n<h3>Protecci\u00f3n antibacterias y antipolvo<\/h3>\n<p>Las variantes seleccionadas presentan propiedades antibacterianas y resistentes al polvo, por lo que cumplen elevadas normas de higiene ideales para guantes que requieren estrictos controles de calidad y seguridad.<\/p>\n<\/div>\n<div class=\"usage-point\">\n<h3>Diversos escenarios de aplicaci\u00f3n<\/h3>\n<p>Adem\u00e1s de guantes de ciclismo, es adecuado para guantes de dedos, guantes de seguridad y otros tipos de guantes, as\u00ed como calzado, ropa y accesorios.<\/p>\n<\/div>\n<p><img decoding=\"async\" alt=\"Aplicaciones de la piel sint\u00e9tica de microfibra Ultrasuede de 0,7 mm en diversos productos\" class=\"product-image\" src=\"\/wp-content\/uploads\/2025\/08\/07mm-ultrasuede-microfiber-faux-leather-for-cycling-gloves--37885.jpg\"\/><br \/>\n<img decoding=\"async\" alt=\"Guantes de ciclismo de piel de microfibra Ultrasuede - ejemplo de producto\" class=\"product-image\" src=\"\/wp-content\/uploads\/2025\/08\/07mm-ultrasuede-microfiber-faux-leather-for-cycling-gloves--37886.jpg\"\/><br \/>\n<\/section>\n<section id=\"why-choose-us\">\n<h2>Por qu\u00e9 elegir WINIW<\/h2>\n<div class=\"advantage-item\">\n<h3>Nuestras ventajas<\/h3>\n<p>WINIW Company Factory Wholesale Micro Suede ManufacturersNeutral Colors Durable Artificial Leather \u00a1La elecci\u00f3n perfecta para los fabricantes de muebles!<\/p>\n<\/div>\n<div class=\"advantage-item\">\n<h3>En WINIW Company Factory Wholesale Micro Suede Manufacturers, entendemos que los fabricantes de muebles necesitan materiales de alta calidad, vers\u00e1tiles y duraderos para crear piezas impresionantes.<\/h3>\n<p>En WINIW Company Factory Wholesale Micro Suede Manufacturers, entendemos que los fabricantes de muebles necesitan materiales de alta calidad, vers\u00e1tiles y duraderos para crear piezas impresionantes. Es por eso que estamos orgullosos de presentar nuestra Neutral Colors Durable Artificial Leather dise\u00f1ado para satisfacer las demandas de la producci\u00f3n de muebles modernos al tiempo que ofrece una elegancia atemporal.<\/p>\n<\/div>\n<div class=\"advantage-item\">\n<h3>Nuestras ventajas<\/h3>\n<p>\u00bfPor qu\u00e9 elegir la empresa WINIW f\u00e1brica al por mayor de micro gamuza ManufacturersArtificial de cuero<\/p>\n<\/div>\n<div class=\"advantage-item\">\n<h3>Garant\u00eda de calidad<\/h3>\n<p>Aplicamos un estricto control de calidad en toda la cadena de producci\u00f3n y suministro, cumpliendo las normas ISO9001. Desde la selecci\u00f3n de materias primas hasta la inspecci\u00f3n final, damos prioridad a los intereses del cliente.<\/p>\n<\/div>\n<div class=\"advantage-item\">\n<h3>Equipo t\u00e9cnico profesional<\/h3>\n<p>Nuestro equipo t\u00e9cnico especializado est\u00e1 formado por profesionales con experiencia en diversos campos, dedicados a suministrar productos de alta calidad y soluciones a medida.<\/p>\n<\/div>\n<div class=\"advantage-item\">\n<h3>Amplia gama de aplicaciones<\/h3>\n<p>Nuestros materiales se utilizan ampliamente en calzado, ropa, maletas, interiores de autom\u00f3viles, muebles de sof\u00e1, etc.<\/p>\n<\/div>\n<div class=\"advantage-item\">\n<h3>Una rica experiencia<\/h3>\n<p>Quanzhou WINIW Import &amp; Export Co., Ltd. cuenta con m\u00e1s de 20 a\u00f1os de experiencia en producci\u00f3n, ofreciendo soluciones perfectas para clientes de todo el mundo.<\/p>\n<\/div>\n<div class=\"advantage-item\">\n<h3>Precio asequible<\/h3>\n<p>Ofrecemos precios competitivos y un excelente servicio de atenci\u00f3n al cliente. Solicite un cat\u00e1logo o visite nuestra f\u00e1brica para explorar nuestros productos.<\/p>\n<\/div>\n<div class=\"advantage-item\">\n<h3>Servicio de atenci\u00f3n al cliente en l\u00ednea 24 horas<\/h3>\n<p>Nuestro equipo est\u00e1 disponible 24 horas al d\u00eda, 7 d\u00edas a la semana, para responder a las consultas y atender los comentarios con prontitud.<\/p>\n<\/div>\n<p><img decoding=\"async\" alt=\"Planta de producci\u00f3n WINIW - Proceso de fabricaci\u00f3n de piel de microfibra Ultrasuede\" class=\"product-image\" src=\"\/wp-content\/uploads\/2025\/08\/07mm-ultrasuede-microfiber-faux-leather-for-cycling-gloves--37888.jpg\"\/><br \/>\n<\/section>\n<p><\/main><\/p>\n<section id=\"inquiry\">\n<h2 style=\"text-align: center;\">Esperamos su consulta.<\/h2>\n<p style=\"text-align: center;\">P\u00f3ngase en contacto con nosotros hoy mismo para obtener m\u00e1s informaci\u00f3n sobre nuestros productos y realizar su pedido.<\/p>\n<\/section>\n\n    <div class=\"xs_social_share_widget xs_share_url after_content \t\tmain_content  wslu-style-1 wslu-share-box-shaped wslu-fill-colored wslu-none wslu-share-horizontal wslu-theme-font-no wslu-main_content\">\n\n\t\t\n        <ul>\n\t\t\t        <\/ul>\n    <\/div>","protected":false},"excerpt":{"rendered":"<div class=\"product-short-description\">Tapicer\u00eda de cuero dom\u00e9stico colores neutros de cuero artificial duradero para la fabricaci\u00f3n de muebles WINIW colores neutros de cuero artificial duradero para la fabricaci\u00f3n de muebles Las caracter\u00edsticas clave incluyen.Ideal para aquellos que buscan calidad y fiabilidad.<\/p>\n<p>Como f\u00e1brica directa, fabricante y mayorista, podemos controlar estrictamente el proceso de producci\u00f3n para garantizar la calidad del producto y, al mismo tiempo, ofrecerle los precios m\u00e1s favorables. Contamos con equipos de producci\u00f3n avanzados y un equipo t\u00e9cnico profesional para satisfacer sus necesidades de pedidos a gran escala y garantizar una entrega puntual.<\/p>\n<\/div>","protected":false},"featured_media":5052,"template":"","meta":[],"product_brand":[],"product_cat":[284],"product_tag":[18926],"class_list":{"0":"post-28904","1":"product","2":"type-product","3":"status-publish","4":"has-post-thumbnail","6":"product_cat-domestic-upholstery-leather","7":"product_tag-artificial-leather-factoryartificial-leather-handbagsartificial-leather-meansartificial-leather-pricebest-artificial-leathercolourlock-artificial-leather","9":"first","10":"instock","11":"product-type-simple"},"_links":{"self":[{"href":"https:\/\/www.eco-leather.com\/es\/wp-json\/wp\/v2\/product\/28904","targetHints":{"allow":["GET"]}}],"collection":[{"href":"https:\/\/www.eco-leather.com\/es\/wp-json\/wp\/v2\/product"}],"about":[{"href":"https:\/\/www.eco-leather.com\/es\/wp-json\/wp\/v2\/types\/product"}],"wp:featuredmedia":[{"embeddable":true,"href":"https:\/\/www.eco-leather.com\/es\/wp-json\/wp\/v2\/media\/5052"}],"wp:attachment":[{"href":"https:\/\/www.eco-leather.com\/es\/wp-json\/wp\/v2\/media?parent=28904"}],"wp:term":[{"taxonomy":"product_brand","embeddable":true,"href":"https:\/\/www.eco-leather.com\/es\/wp-json\/wp\/v2\/product_brand?post=28904"},{"taxonomy":"product_cat","embeddable":true,"href":"https:\/\/www.eco-leather.com\/es\/wp-json\/wp\/v2\/product_cat?post=28904"},{"taxonomy":"product_tag","embeddable":true,"href":"https:\/\/www.eco-leather.com\/es\/wp-json\/wp\/v2\/product_tag?post=28904"}],"curies":[{"name":"wp","href":"https:\/\/api.w.org\/{rel}","templated":true}]}}