{"id":28898,"date":"2025-09-07T10:58:46","date_gmt":"2025-09-07T02:58:46","guid":{"rendered":"https:\/\/www.eco-leather.com\/product\/strong-stain-resistance-making-sofa-artificial-leather-sheet\/"},"modified":"2025-09-07T10:58:47","modified_gmt":"2025-09-07T02:58:47","slug":"fuerte-resistencia-a-las-manchas-haciendo-sofa-de-cuero-artificial-hoja","status":"publish","type":"product","link":"https:\/\/www.eco-leather.com\/es\/fuerte-resistencia-a-las-manchas-haciendo-sofa-de-cuero-artificial-hoja\/","title":{"rendered":"Fuerte resistencia a las manchas haciendo sof\u00e1 de cuero artificial de la hoja"},"content":{"rendered":"<h2>Aplicaci\u00f3n de material de calidad - Automotive LeatherSeats Service Dog<\/h2>\n<p><main><\/p>\n<section id=\"product-overview\">\n<h2>Descripci\u00f3n del producto<\/h2>\n<p>R\u00e1pido <strong>Fabricante de cuero artificial<\/strong> Detalle: Descripci\u00f3n:<\/p>\n<p>Fuerte <strong>Cajas de piel sint\u00e9tica China<\/strong> La tecnolog\u00eda Strong Stain Resistance empleada en esta l\u00e1mina la hace pr\u00e1cticamente inmune a las salpicaduras y las manchas.<\/p>\n<p>Si tiene mascotas, ni\u00f1os o simplemente un amigo torpe, puede estar tranquilo sabiendo que esta piel sint\u00e9tica resistir\u00e1 las manchas y tendr\u00e1 un aspecto estupendo durante a\u00f1os. Es perfecta para proteger tu sof\u00e1 del desgaste diario, garantizando que se mantenga como nuevo durante mucho tiempo.<\/p>\n<p>De <strong>Bolsos de piel de segunda mano<\/strong> Por supuesto, no son s\u00f3lo las ventajas funcionales las que hacen que esta s\u00e1bana de piel artificial destaque. Tambi\u00e9n es un material bonito y elegante, perfecto para cualquier estilo de decoraci\u00f3n.<\/p>\n<p>Tanto si prefiere el estilo minimalista moderno como el cl\u00e1sico tradicional, esta plancha es lo bastante vers\u00e1til como para integrarse a la perfecci\u00f3n en cualquier est\u00e9tica de dise\u00f1o. Adem\u00e1s, est\u00e1 disponible en varios colores y acabados, para que encuentres el que mejor se adapte a tus gustos.<\/p>\n<p>Fabricados con materiales de microfibra de alta calidad, nuestros guantes de piel sint\u00e9tica de microfibra Ultrasuede de 0,7 mm son la elecci\u00f3n perfecta para el ciclismo. Equilibra flexibilidad y resistencia, y ofrece una transpirabilidad excepcional y propiedades de evacuaci\u00f3n de la humedad para mantener las manos frescas y secas durante salidas intensas.<\/p>\n<p>Tanto si eres un ciclista profesional como si te dedicas al ocio, la piel de microfibra este material proporciona una comodidad y una protecci\u00f3n insuperables. Su gran resistencia a las abrasiones y los desgarros garantiza un rendimiento duradero, mientras que su elegante dise\u00f1o a\u00f1ade un toque sofisticado a cualquier conjunto ciclista.<\/p>\n<\/section>\n<section id=\"usage\">\n<h2>Uso y aplicaciones<\/h2>\n<p><img decoding=\"async\" _src=\"\/wp-content\/uploads\/2025\/08\/strong-stain-resistance-making-sofa-artificial-leather-sheet-29736.png\" alt=\"Aplicaci\u00f3n de material de calidad - Automotive LeatherSeats Service Dog\" src=\"\/wp-content\/uploads\/2025\/08\/strong-stain-resistance-making-sofa-artificial-leather-sheet-29736.png\"\/><\/p>\n<div class=\"usage-point\">\n<h3>En <strong>Limpiador de zapatos de piel de pu<\/strong> para una soluci\u00f3n duradera y con estilo para los muebles de su casa \u00a1No busque m\u00e1s all\u00e1 de la Hoja de Cuero Artificial para Sof\u00e1 con Fuerte Resistencia a las Manchas! Con su avanzada tecnolog\u00eda de materiales, esta s\u00e1bana de cuero artificial ofrece una excepcional resistencia a las manchas y una f\u00e1cil limpieza, por lo que es una opci\u00f3n ideal para cualquier hogar con ni\u00f1os o mascotas<\/h3>\n<p>En <strong>Limpiador de zapatos de piel de pu<\/strong> Si busca una soluci\u00f3n duradera y elegante para sus muebles de hogar, \u00a1no busque m\u00e1s all\u00e1 de la S\u00e1bana de Piel Artificial para Sof\u00e1, resistente a las manchas! Con su avanzada tecnolog\u00eda de materiales, esta l\u00e1mina de cuero artificial ofrece una excepcional resistencia a las manchas y una f\u00e1cil limpieza, por lo que es una opci\u00f3n ideal para cualquier hogar con ni\u00f1os o mascotas.<\/p>\n<\/div>\n<div class=\"usage-point\">\n<h3>Adem\u00e1s, su elegante dise\u00f1o y sus vers\u00e1tiles opciones de color lo convierten en un elegante complemento para cualquier habitaci\u00f3n.<\/h3>\n<p>Adem\u00e1s, su elegante dise\u00f1o y sus vers\u00e1tiles opciones de color lo convierten en un elegante complemento para cualquier habitaci\u00f3n. Invierta en <strong>Zapatos de piel suave al por mayor<\/strong> \u00a1en Fuerte resistencia a las manchas haciendo sof\u00e1 de cuero artificial de la hoja para una comodidad duradera y el estilo en su hogar!<\/p>\n<\/div>\n<div class=\"usage-point\">\n<h3>\u00bfEst\u00e1 cansado de preocuparse constantemente por los derrames y las manchas en su sof\u00e1 No busque m\u00e1s all\u00e1 de nuestra fuerte resistencia a las manchas haciendo Sof\u00e1 de cuero artificial de la hoja<\/h3>\n<p>\u00bfEst\u00e1 cansado de preocuparse constantemente por los derrames y las manchas en su sof\u00e1 No busque m\u00e1s all\u00e1 de nuestra fuerte resistencia a las manchas haciendo Sof\u00e1 hoja de cuero artificial. Nuestra empresa est\u00e1 comprometida con la entrega de alta calidad, materiales duraderos y hermosos para una variedad de aplicaciones, y esta hoja de cuero artificial no es una excepci\u00f3n.<\/p>\n<\/div>\n<div class=\"usage-point\">\n<h3>Nuestra <strong>Bolsos de piel vegana de primera calidad<\/strong> Adem\u00e1s, la l\u00e1mina de cuero artificial requiere muy poco mantenimiento, por lo que es perfecta para hogares ocupados<\/h3>\n<p>Nuestra <strong>Bolsos de piel vegana de primera calidad<\/strong> Adem\u00e1s, la l\u00e1mina de cuero artificial requiere muy poco mantenimiento, por lo que es perfecta para hogares ajetreados. Una de las principales ventajas de este material es que es incre\u00edblemente f\u00e1cil de limpiar.<\/p>\n<\/div>\n<div class=\"usage-point\">\n<h3>Todo lo que necesita es un pa\u00f1o h\u00famedo y un detergente suave para eliminar r\u00e1pida y f\u00e1cilmente cualquier derrame o mancha<\/h3>\n<p>Todo lo que necesita es un pa\u00f1o h\u00famedo y un detergente suave para eliminar r\u00e1pida y f\u00e1cilmente cualquier derrame o mancha. Esto lo convierte en un material pr\u00e1ctico y funcional, perfecto para familias, profesionales ocupados y cualquiera que desee mantener su hogar con un aspecto estupendo sin demasiado esfuerzo.<\/p>\n<\/div>\n<div class=\"usage-point\">\n<h3>C\u00f3modo y transpirable<\/h3>\n<p>Suave, c\u00f3modo y muy transpirable, este material es perfecto para guantes de ciclismo y otros productos que se utilizan durante periodos prolongados. Mantiene las manos frescas y secas durante actividades extenuantes.<\/p>\n<\/div>\n<div class=\"usage-point\">\n<h3>Ecol\u00f3gico y sostenible<\/h3>\n<p>Nuestra piel sint\u00e9tica de microfibra Ultrasuede incluye opciones respetuosas con el medio ambiente, como las variantes fabricadas con PET reciclado y materiales de origen vegetal, que reducen el impacto medioambiental a la vez que ofrecen diversas texturas.<\/p>\n<\/div>\n<div class=\"usage-point\">\n<h3>Protecci\u00f3n antibacterias y antipolvo<\/h3>\n<p>Las variantes seleccionadas presentan propiedades antibacterianas y resistentes al polvo, por lo que cumplen elevadas normas de higiene ideales para guantes que requieren estrictos controles de calidad y seguridad.<\/p>\n<\/div>\n<div class=\"usage-point\">\n<h3>Diversos escenarios de aplicaci\u00f3n<\/h3>\n<p>Adem\u00e1s de guantes de ciclismo, es adecuado para guantes de dedos, guantes de seguridad y otros tipos de guantes, as\u00ed como calzado, ropa y accesorios.<\/p>\n<\/div>\n<p><img decoding=\"async\" alt=\"Aplicaciones de la piel sint\u00e9tica de microfibra Ultrasuede de 0,7 mm en diversos productos\" class=\"product-image\" src=\"\/wp-content\/uploads\/2025\/08\/07mm-ultrasuede-microfiber-faux-leather-for-cycling-gloves--37885.jpg\"\/><br \/>\n<img decoding=\"async\" alt=\"Guantes de ciclismo de piel de microfibra Ultrasuede - ejemplo de producto\" class=\"product-image\" src=\"\/wp-content\/uploads\/2025\/08\/07mm-ultrasuede-microfiber-faux-leather-for-cycling-gloves--37886.jpg\"\/><br \/>\n<\/section>\n<p><\/main><\/p>\n<section id=\"inquiry\">\n<h2 style=\"text-align: center;\">Esperamos su consulta.<\/h2>\n<p style=\"text-align: center;\">P\u00f3ngase en contacto con nosotros hoy mismo para obtener m\u00e1s informaci\u00f3n sobre nuestros productos y realizar su pedido.<\/p>\n<\/section>\n\n    <div class=\"xs_social_share_widget xs_share_url after_content \t\tmain_content  wslu-style-1 wslu-share-box-shaped wslu-fill-colored wslu-none wslu-share-horizontal wslu-theme-font-no wslu-main_content\">\n\n\t\t\n        <ul>\n\t\t\t        <\/ul>\n    <\/div>","protected":false},"excerpt":{"rendered":"<div class=\"product-short-description\">Tapicer\u00eda de cuero dom\u00e9stico fuerte resistencia a las manchas de fabricaci\u00f3n de sof\u00e1s de cuero artificial Hoja WINIW fuerte resistencia a las manchas de fabricaci\u00f3n de sof\u00e1s de cuero artificial Hoja de caracter\u00edsticas clave include.Ideal para aquellos que buscan calidad y fiabilidad.<\/p>\n<p>Como f\u00e1brica directa, fabricante y mayorista, podemos controlar estrictamente el proceso de producci\u00f3n para garantizar la calidad del producto y, al mismo tiempo, ofrecerle los precios m\u00e1s favorables. Contamos con equipos de producci\u00f3n avanzados y un equipo t\u00e9cnico profesional para satisfacer sus necesidades de pedidos a gran escala y garantizar una entrega puntual.<\/p>\n<\/div>","protected":false},"featured_media":4898,"template":"","meta":[],"product_brand":[],"product_cat":[284],"product_tag":[18922],"class_list":{"0":"post-28898","1":"product","2":"type-product","3":"status-publish","4":"has-post-thumbnail","6":"product_cat-domestic-upholstery-leather","7":"product_tag-artificial-leather-wallettypes-of-artificial-leatherartificial-leather-cleanerartificial-leather-durabilityartificial-leather-marketartificial-leather-protector","9":"first","10":"instock","11":"product-type-simple"},"_links":{"self":[{"href":"https:\/\/www.eco-leather.com\/es\/wp-json\/wp\/v2\/product\/28898","targetHints":{"allow":["GET"]}}],"collection":[{"href":"https:\/\/www.eco-leather.com\/es\/wp-json\/wp\/v2\/product"}],"about":[{"href":"https:\/\/www.eco-leather.com\/es\/wp-json\/wp\/v2\/types\/product"}],"wp:featuredmedia":[{"embeddable":true,"href":"https:\/\/www.eco-leather.com\/es\/wp-json\/wp\/v2\/media\/4898"}],"wp:attachment":[{"href":"https:\/\/www.eco-leather.com\/es\/wp-json\/wp\/v2\/media?parent=28898"}],"wp:term":[{"taxonomy":"product_brand","embeddable":true,"href":"https:\/\/www.eco-leather.com\/es\/wp-json\/wp\/v2\/product_brand?post=28898"},{"taxonomy":"product_cat","embeddable":true,"href":"https:\/\/www.eco-leather.com\/es\/wp-json\/wp\/v2\/product_cat?post=28898"},{"taxonomy":"product_tag","embeddable":true,"href":"https:\/\/www.eco-leather.com\/es\/wp-json\/wp\/v2\/product_tag?post=28898"}],"curies":[{"name":"wp","href":"https:\/\/api.w.org\/{rel}","templated":true}]}}