{"id":28868,"date":"2025-09-07T10:58:25","date_gmt":"2025-09-07T02:58:25","guid":{"rendered":"https:\/\/www.eco-leather.com\/product\/1-0mm-design-and-style-automotive-interior-synthetic-full-grain-pu-microfiber-leathe\/"},"modified":"2025-09-07T10:58:29","modified_gmt":"2025-09-07T02:58:29","slug":"1-0mm-diseno-y-estilo-interior-del-automovil-sintetico-plena-flor-pu-microfibra-cuero","status":"publish","type":"product","link":"https:\/\/www.eco-leather.com\/es\/1-0mm-diseno-y-estilo-interior-del-automovil-sintetico-plena-flor-pu-microfibra-cuero\/","title":{"rendered":"1.0mm Dise\u00f1o Y Estilo Interior Automotriz Sint\u00e9tico De Grano Completo Pu Microfibra Cuero"},"content":{"rendered":"<h2>1.0mm Dise\u00f1o Y Estilo Interior Del Autom\u00f3vil Sint\u00e9tico De Grano Completo PU Microfibra De Cuero Proveedor<\/h2>\n<p><main><\/p>\n<section id=\"product-overview\">\n<h2>Descripci\u00f3n del producto<\/h2>\n<p>producto <strong>China Pu Microfibra al por mayor<\/strong> descripci\u00f3n<\/p>\n<p>Delgado <strong>Pu Microfibra Cuero Odm<\/strong> Y el\u00e1stica Su textura fina y suave facilita el corte y la costura para dise\u00f1os que requieren un alto grado de flexi\u00f3n y estiramiento. Al mismo tiempo, la elasticidad y flexibilidad f\u00edsicas de la piel le permiten adaptarse a una gran variedad de formas y movimientos y mantener un ajuste c\u00f3modo.<\/p>\n<p>Fabricados con materiales de microfibra de alta calidad, nuestros guantes de piel sint\u00e9tica de microfibra Ultrasuede de 0,7 mm son la elecci\u00f3n perfecta para el ciclismo. Equilibra flexibilidad y resistencia, y ofrece una transpirabilidad excepcional y propiedades de evacuaci\u00f3n de la humedad para mantener las manos frescas y secas durante salidas intensas.<\/p>\n<p>Tanto si eres un ciclista profesional como si te dedicas al ocio, la piel de microfibra este material proporciona una comodidad y una protecci\u00f3n insuperables. Su gran resistencia a las abrasiones y los desgarros garantiza un rendimiento duradero, mientras que su elegante dise\u00f1o a\u00f1ade un toque sofisticado a cualquier conjunto ciclista.<\/p>\n<\/section>\n<section id=\"specifications\">\n<h2>Par\u00e1metros t\u00e9cnicos<\/h2>\n<ul class_=\"parameters-list\">\n<li><span class=\"param-name\">par\u00e1metro <strong>Proveedores de microfibra de pu italiana<\/strong> Material:<\/span> Microfibra de cuero. color: blanco, azul, rosa, colores personalizados. Espesor 0.6-2.0mm Cantidad m\u00ednima de pedido: 300 metros lineales.<\/li>\n<li><span class=\"param-name\">Longitud del rollo:<\/span> 20-30m\/rollo plazo de entrega: 15-20 d\u00edas. anchura: 54 , 137cm capacidad de producci\u00f3n: 1.000.000 metros mensuales.<\/li>\n<\/ul>\n<p><img decoding=\"async\" alt=\"Piel sint\u00e9tica de microfibra de 0,7 mm Ultrasuede para guantes de ciclismo - Especificaci\u00f3n del material\" class=\"product-image\" src=\"\/wp-content\/uploads\/2025\/08\/07mm-ultrasuede-microfiber-faux-leather-for-cycling-gloves--37881.jpg\"\/><\/p>\n<h3>Par\u00e1metros del producto<\/h3>\n<ul class=\"parameters-list\">\n<li><span class=\"param-name\">Material:<\/span> Microfibra + PU<\/li>\n<li><span class=\"param-name\">Color:<\/span> Negro, gris, beige (colores personalizados disponibles)<\/li>\n<li><span class=\"param-name\">Grosor:<\/span> 0,6 mm, 0,7 mm, 0,8 mm, 1 mm<\/li>\n<li><span class=\"param-name\">Cantidad m\u00ednima de pedido:<\/span> 300 metros lineales<\/li>\n<li><span class=\"param-name\">Longitud del rollo:<\/span> 20-30 m\/rollo<\/li>\n<li><span class=\"param-name\">Plazo de entrega:<\/span> 15-20 d\u00edas<\/li>\n<li><span class=\"param-name\">Anchura:<\/span> 54\u2033, 137cm<\/li>\n<li><span class=\"param-name\">Capacidad de producci\u00f3n:<\/span> 1.000.000 de metros mensuales<\/li>\n<\/ul>\n<\/section>\n<section id=\"features\">\n<h2>Caracter\u00edsticas del producto<\/h2>\n<div class=\"feature-item\">\n<h3>Eleve su interior del autom\u00f3vil o accesorios de cuero dise\u00f1os con WINIW empresa de f\u00e1brica al por mayor de cuero de silicona Fabricantes<\/h3>\n<p>Eleve su interior del autom\u00f3vil o dise\u00f1os de accesorios de cuero con WINIW empresa de f\u00e1brica al por mayor de cuero de silicona Manufacturers.0mm sint\u00e9tica de grano completo de cuero de microfibra PU. Este innovador material imita la rica textura y profundidad de cuero genuino de grano completo, pero con los beneficios a\u00f1adidos de la construcci\u00f3n sint\u00e9tica. El espesor de 1,0 mm garantiza una \u00f3ptima durabilidad y comodidad, por lo que es la elecci\u00f3n perfecta para aplicaciones de gama alta.<\/p>\n<div class=\"clear\"><\/div>\n<\/div>\n<div class=\"feature-item\">\n<h3>Fabricada con una meticulosa atenci\u00f3n al detalle, nuestra piel de microfibra de poliuretano presenta un patr\u00f3n de grano incre\u00edblemente realista que captura la esencia del lujo.<\/h3>\n<p>Fabricada con meticulosa atenci\u00f3n al detalle, nuestra piel de microfibra de poliuretano presenta un veteado asombrosamente realista que captura la esencia del lujo. Su superficie suave y flexible es lujosa al tacto, mientras que el soporte sint\u00e9tico proporciona una excelente estabilidad y resistencia al desgarro, la decoloraci\u00f3n y la humedad. Esto lo convierte en un material ideal para su uso en entornos exigentes, como los interiores de autom\u00f3viles, donde la durabilidad y el confort son primordiales.<\/p>\n<div class=\"clear\"><\/div>\n<\/div>\n<div class=\"feature-item\">\n<h3>Caracter\u00edstica principal<\/h3>\n<p>Detalles y caracter\u00edsticas del producto<\/p>\n<div class=\"clear\"><\/div>\n<\/div>\n<div class=\"feature-item\">\n<img decoding=\"async\" alt=\"Alta resistencia al desgarro - Ultrasuede Microfibra Faux Leather para guantes de ciclismo\" class=\"feature-image left\" src=\"\/wp-content\/uploads\/2025\/08\/07mm-ultrasuede-microfiber-faux-leather-for-cycling-gloves--37882.jpg\"\/><\/p>\n<h3>Alta resistencia al desgarro<\/h3>\n<p>Nuestra piel de microfibra Ultrasuede presenta una excepcional resistencia al desgarro, lo que garantiza que no se romper\u00e1 ni deformar\u00e1 f\u00e1cilmente bajo tensi\u00f3n. Esto la hace ideal para productos que requieren durabilidad y rendimiento a largo plazo.<\/p>\n<div class=\"clear\"><\/div>\n<\/div>\n<div class=\"feature-item\">\n<img decoding=\"async\" alt=\"Retenci\u00f3n de la forma - Piel sint\u00e9tica de microfibra Ultrasuede para guantes de ciclismo\" class=\"feature-image right\" src=\"\/wp-content\/uploads\/2025\/08\/07mm-ultrasuede-microfiber-faux-leather-for-cycling-gloves--37883.jpg\"\/><\/p>\n<h3>No es f\u00e1cil de deformar<\/h3>\n<p>Especialmente tratado para mantener su forma original, este material ofrece una excelente elasticidad y estabilidad. Resiste la deformaci\u00f3n por presi\u00f3n externa o estiramiento, manteniendo los productos intactos y atractivos a lo largo del tiempo.<\/p>\n<div class=\"clear\"><\/div>\n<\/div>\n<div class=\"feature-item\">\n<img decoding=\"async\" alt=\"Durabilidad - Piel sint\u00e9tica de microfibra Ultrasuede para guantes de ciclismo\" class=\"feature-image left\" src=\"\/wp-content\/uploads\/2025\/08\/07mm-ultrasuede-microfiber-faux-leather-for-cycling-gloves--37884.jpg\"\/><\/p>\n<h3>Durabilidad<\/h3>\n<p>Extremadamente resistente a la abrasi\u00f3n, los desgarros y los pinchazos, este material garantiza que los guantes se mantengan en \u00f3ptimas condiciones incluso con un uso prolongado. Tambi\u00e9n mantiene una excelente destreza y resistencia para art\u00edculos de piel de alta calidad.<\/p>\n<div class=\"clear\"><\/div>\n<\/div>\n<\/section>\n<p><\/main><\/p>\n<section id=\"inquiry\">\n<h2 style=\"text-align: center;\">Esperamos su consulta.<\/h2>\n<p style=\"text-align: center;\">P\u00f3ngase en contacto con nosotros hoy mismo para obtener m\u00e1s informaci\u00f3n sobre nuestros productos y realizar su pedido.<\/p>\n<\/section>\n\n    <div class=\"xs_social_share_widget xs_share_url after_content \t\tmain_content  wslu-style-1 wslu-share-box-shaped wslu-fill-colored wslu-none wslu-share-horizontal wslu-theme-font-no wslu-main_content\">\n\n\t\t\n        <ul>\n\t\t\t        <\/ul>\n    <\/div>","protected":false},"excerpt":{"rendered":"<div class=\"product-short-description\">Automotriz de cuero de 1,0 mm de dise\u00f1o y estilo de interiores de autom\u00f3viles sint\u00e9ticos de grano completo Pu Microfibra Leathe WINIW 1,0 mm de dise\u00f1o y estilo de interiores de autom\u00f3viles sint\u00e9ticos de grano completo Pu Microfibra Leathe Las caracter\u00edsticas clave incluyen.Ideal para aquellos que buscan calidad y fiabilidad.<\/p>\n<p>Como f\u00e1brica directa, fabricante y mayorista, podemos controlar estrictamente el proceso de producci\u00f3n para garantizar la calidad del producto y, al mismo tiempo, ofrecerle los precios m\u00e1s favorables. Contamos con equipos de producci\u00f3n avanzados y un equipo t\u00e9cnico profesional para satisfacer sus necesidades de pedidos a gran escala y garantizar una entrega puntual.<\/p>\n<\/div>","protected":false},"featured_media":5314,"template":"","meta":[],"product_brand":[],"product_cat":[50],"product_tag":[18908],"class_list":{"0":"post-28868","1":"product","2":"type-product","3":"status-publish","4":"has-post-thumbnail","6":"product_cat-automotive-leather","7":"product_tag-faux-leather-interiornappa-leather-interiorvegan-leather-interiorvegan-leather-interior-red-leather-interior-for-carsred-leather-interior-car","9":"first","10":"instock","11":"product-type-simple"},"_links":{"self":[{"href":"https:\/\/www.eco-leather.com\/es\/wp-json\/wp\/v2\/product\/28868","targetHints":{"allow":["GET"]}}],"collection":[{"href":"https:\/\/www.eco-leather.com\/es\/wp-json\/wp\/v2\/product"}],"about":[{"href":"https:\/\/www.eco-leather.com\/es\/wp-json\/wp\/v2\/types\/product"}],"wp:featuredmedia":[{"embeddable":true,"href":"https:\/\/www.eco-leather.com\/es\/wp-json\/wp\/v2\/media\/5314"}],"wp:attachment":[{"href":"https:\/\/www.eco-leather.com\/es\/wp-json\/wp\/v2\/media?parent=28868"}],"wp:term":[{"taxonomy":"product_brand","embeddable":true,"href":"https:\/\/www.eco-leather.com\/es\/wp-json\/wp\/v2\/product_brand?post=28868"},{"taxonomy":"product_cat","embeddable":true,"href":"https:\/\/www.eco-leather.com\/es\/wp-json\/wp\/v2\/product_cat?post=28868"},{"taxonomy":"product_tag","embeddable":true,"href":"https:\/\/www.eco-leather.com\/es\/wp-json\/wp\/v2\/product_tag?post=28868"}],"curies":[{"name":"wp","href":"https:\/\/api.w.org\/{rel}","templated":true}]}}