{"id":28724,"date":"2025-09-07T10:57:10","date_gmt":"2025-09-07T02:57:10","guid":{"rendered":"https:\/\/www.eco-leather.com\/product\/fade-resistant-synthetic-auto-upholstery-leather-for-steering-wheels\/"},"modified":"2025-09-07T10:57:13","modified_gmt":"2025-09-07T02:57:13","slug":"cuero-sintetico-resistente-a-la-decoloracion-para-volantes-de-automoviles","status":"publish","type":"product","link":"https:\/\/www.eco-leather.com\/es\/cuero-sintetico-resistente-a-la-decoloracion-para-volantes-de-automoviles\/","title":{"rendered":"Tapicer\u00eda de cuero sint\u00e9tico resistente a la decoloraci\u00f3n para volantes de autom\u00f3viles"},"content":{"rendered":"<h2>Material de automoci\u00f3n ecol\u00f3gico<\/h2>\n<p><main><\/p>\n<section id=\"product-overview\">\n<h2>Descripci\u00f3n del producto<\/h2>\n<p>Material <strong>Piel sint\u00e9tica Spandex<\/strong> Introducci\u00f3n<\/p>\n<p>Nuestros materiales ofrecen opciones personalizables en cuanto a grosor, color y mucho m\u00e1s. Haga clic a continuaci\u00f3n y p\u00f3ngase en contacto con nosotros inmediatamente para explorar las infinitas posibilidades.<\/p>\n<p>  Contacto  <\/p>\n<p>Fabricados con materiales de microfibra de alta calidad, nuestros guantes de piel sint\u00e9tica de microfibra Ultrasuede de 0,7 mm son la elecci\u00f3n perfecta para el ciclismo. Equilibra flexibilidad y resistencia, y ofrece una transpirabilidad excepcional y propiedades de evacuaci\u00f3n de la humedad para mantener las manos frescas y secas durante salidas intensas.<\/p>\n<p>Tanto si eres un ciclista profesional como si te dedicas al ocio, la piel de microfibra este material proporciona una comodidad y una protecci\u00f3n insuperables. Su gran resistencia a las abrasiones y los desgarros garantiza un rendimiento duradero, mientras que su elegante dise\u00f1o a\u00f1ade un toque sofisticado a cualquier conjunto ciclista.<\/p>\n<\/section>\n<section id=\"specifications\">\n<h2>Par\u00e1metros t\u00e9cnicos<\/h2>\n<p>Material <strong>Cajas de piel sint\u00e9tica China<\/strong> Especificaci\u00f3n<\/p>\n<p><img decoding=\"async\" alt=\"Piel sint\u00e9tica de microfibra de 0,7 mm Ultrasuede para guantes de ciclismo - Especificaci\u00f3n del material\" class=\"product-image\" src=\"\/wp-content\/uploads\/2025\/08\/07mm-ultrasuede-microfiber-faux-leather-for-cycling-gloves--37881.jpg\"\/><\/p>\n<h3>Par\u00e1metros del producto<\/h3>\n<ul class=\"parameters-list\">\n<li><span class=\"param-name\">Material:<\/span> Microfibra + PU<\/li>\n<li><span class=\"param-name\">Color:<\/span> Negro, gris, beige (colores personalizados disponibles)<\/li>\n<li><span class=\"param-name\">Grosor:<\/span> 0,6 mm, 0,7 mm, 0,8 mm, 1 mm<\/li>\n<li><span class=\"param-name\">Cantidad m\u00ednima de pedido:<\/span> 300 metros lineales<\/li>\n<li><span class=\"param-name\">Longitud del rollo:<\/span> 20-30 m\/rollo<\/li>\n<li><span class=\"param-name\">Plazo de entrega:<\/span> 15-20 d\u00edas<\/li>\n<li><span class=\"param-name\">Anchura:<\/span> 54\u2033, 137cm<\/li>\n<li><span class=\"param-name\">Capacidad de producci\u00f3n:<\/span> 1.000.000 de metros mensuales<\/li>\n<\/ul>\n<\/section>\n<section id=\"features\">\n<h2>Caracter\u00edsticas del producto<\/h2>\n<div class=\"feature-item\">\n<img decoding=\"async\" alt=\"Hecho a manoImitaci\u00f3n de cuero impermeableCon tecnolog\u00eda avanzada de estabilizaci\u00f3n UV, resiste la decoloraci\u00f3n a la vez que ofrece la textura afelpada y la durabilidad que exigen los conductores modernos.\" class=\"feature-image left\" src=\"\/wp-content\/uploads\/2025\/08\/fade-resistant-synthetic-auto-upholstery-leather-for-steering-wheels-27745.jpg\"\/><\/p>\n<h3>Elaborado <strong>Leatherman de imitaci\u00f3n impermeable<\/strong> con tecnolog\u00eda avanzada de estabilizaci\u00f3n UV, resiste la decoloraci\u00f3n a la vez que ofrece la textura afelpada y la durabilidad que exigen los conductores modernos.<\/h3>\n<p>Elaborado <strong>Leatherman de imitaci\u00f3n impermeable<\/strong> con tecnolog\u00eda avanzada estabilizada frente a los rayos UV, resiste la decoloraci\u00f3n al tiempo que ofrece la textura afelpada y la durabilidad que exigen los conductores modernos. Fabricado con m\u00e9todos respetuosos con el medio ambiente, este material cumple las estrictas normas medioambientales y de seguridad, por lo que resulta atractivo tanto para los fabricantes de autom\u00f3viles que se centran en la longevidad como para los clientes del mercado de recambios que dan prioridad a la est\u00e9tica.<\/p>\n<div class=\"clear\"><\/div>\n<\/div>\n<div class=\"feature-item\">\n<img decoding=\"async\" alt=\"Ya sea para los desplazamientos diarios o para veh\u00edculos de lujo, la piel de ante impermeable ofrece un acabado impecable que resiste los rigores del uso frecuente sin comprometer el estilo. \" class=\"feature-image left\" src=\"\/wp-content\/uploads\/2025\/08\/fade-resistant-synthetic-auto-upholstery-leather-for-steering-wheels-27746.jpg\"\/><\/p>\n<h3>Si <strong>Ante Piel Impermeable Importaci\u00f3n<\/strong> para desplazamientos diarios o veh\u00edculos de lujo, ofrece un acabado impecable que resiste los rigores del uso frecuente sin comprometer el estilo <\/h3>\n<p>Si <strong>Ante Piel Impermeable Importaci\u00f3n<\/strong> para los desplazamientos diarios o veh\u00edculos de lujo, que ofrece un acabado impecable que resiste los rigores del uso frecuente sin comprometer el estilo . Material Microfibra PU Cuero Marca WINIW Empresa F\u00e1brica Mayorista de Microfibra de Cuero FabricantesAncho 54\u2033;<\/p>\n<div class=\"clear\"><\/div>\n<\/div>\n<div class=\"feature-item\">\n<img decoding=\"async\" alt=\"1\" class=\"feature-image left\" src=\"\/wp-content\/uploads\/2025\/08\/fade-resistant-synthetic-auto-upholstery-leather-for-steering-wheels-27747.jpg\"\/><\/p>\n<h3>1<\/h3>\n<p>1.37m <strong>Piel Impermeable Tejido Odmhsas<\/strong> Color Rojo, Negro, Marr\u00f3n, Verde, aceptar personalizar Caracter\u00edstica Resistente al desgaste, Impermeable, Anti-Mildew, Flexible Espesor 0,6 mm-2,4 mm, aceptar personalizar Lugar de Origen China Personalizado S\u00ed Plazo de entrega Por lo general dentro de 15 - 25 d\u00edas.<\/p>\n<div class=\"clear\"><\/div>\n<\/div>\n<div class=\"feature-item\">\n<img decoding=\"async\" alt=\"MOQ 300 metros Detalles de embalaje 30\/50 metros por rollo\" class=\"feature-image left\" src=\"\/wp-content\/uploads\/2025\/08\/fade-resistant-synthetic-auto-upholstery-leather-for-steering-wheels-27748.jpg\"\/><\/p>\n<h3>MOQ 300 metros Detalles de embalaje 30\/50 metros por rollo<\/h3>\n<p>MOQ 300 metros Detalles de embalaje 30\/50 metros por rollo. O personalizado Capacidad de producci\u00f3n 1.000.000 metros mensuales Caracter\u00edsticas del material<\/p>\n<div class=\"clear\"><\/div>\n<\/div>\n<div class=\"feature-item\">\n<img decoding=\"async\" alt=\"Alta resistencia al desgarro - Ultrasuede Microfibra Faux Leather para guantes de ciclismo\" class=\"feature-image left\" src=\"\/wp-content\/uploads\/2025\/08\/07mm-ultrasuede-microfiber-faux-leather-for-cycling-gloves--37882.jpg\"\/><\/p>\n<h3>Alta resistencia al desgarro<\/h3>\n<p>Nuestra piel de microfibra Ultrasuede presenta una excepcional resistencia al desgarro, lo que garantiza que no se romper\u00e1 ni deformar\u00e1 f\u00e1cilmente bajo tensi\u00f3n. Esto la hace ideal para productos que requieren durabilidad y rendimiento a largo plazo.<\/p>\n<div class=\"clear\"><\/div>\n<\/div>\n<div class=\"feature-item\">\n<img decoding=\"async\" alt=\"Retenci\u00f3n de la forma - Piel sint\u00e9tica de microfibra Ultrasuede para guantes de ciclismo\" class=\"feature-image right\" src=\"\/wp-content\/uploads\/2025\/08\/07mm-ultrasuede-microfiber-faux-leather-for-cycling-gloves--37883.jpg\"\/><\/p>\n<h3>No es f\u00e1cil de deformar<\/h3>\n<p>Especialmente tratado para mantener su forma original, este material ofrece una excelente elasticidad y estabilidad. Resiste la deformaci\u00f3n por presi\u00f3n externa o estiramiento, manteniendo los productos intactos y atractivos a lo largo del tiempo.<\/p>\n<div class=\"clear\"><\/div>\n<\/div>\n<div class=\"feature-item\">\n<img decoding=\"async\" alt=\"Durabilidad - Piel sint\u00e9tica de microfibra Ultrasuede para guantes de ciclismo\" class=\"feature-image left\" src=\"\/wp-content\/uploads\/2025\/08\/07mm-ultrasuede-microfiber-faux-leather-for-cycling-gloves--37884.jpg\"\/><\/p>\n<h3>Durabilidad<\/h3>\n<p>Extremadamente resistente a la abrasi\u00f3n, los desgarros y los pinchazos, este material garantiza que los guantes se mantengan en \u00f3ptimas condiciones incluso con un uso prolongado. Tambi\u00e9n mantiene una excelente destreza y resistencia para art\u00edculos de piel de alta calidad.<\/p>\n<div class=\"clear\"><\/div>\n<\/div>\n<\/section>\n<section id=\"usage\">\n<h2>Uso y aplicaciones<\/h2>\n<p><img fetchpriority=\"high\" decoding=\"async\" alt=\"Material de automoci\u00f3n ecol\u00f3gico\" height=\"1079\" src=\"\/wp-content\/uploads\/2025\/08\/fade-resistant-synthetic-auto-upholstery-leather-for-steering-wheels-27744.jpg\" width=\"750\"\/><\/p>\n<div class=\"usage-point\">\n<h3>WINIW <strong>Piel importada<\/strong> Empresa de f\u00e1brica al por mayor de cuero de microfibra Manufacturersfade resistente a la decoloraci\u00f3n de cuero sint\u00e9tico de tapicer\u00eda de autom\u00f3viles est\u00e1 dise\u00f1ado para mantener su aspecto vibrante, incluso bajo la luz solar implacable, por lo que es la mejor opci\u00f3n para aplicaciones de volante<\/h3>\n<p>WINIW <strong>Piel importada<\/strong> Empresa de f\u00e1brica al por mayor de cuero de microfibra Manufacturersfade resistente a la decoloraci\u00f3n de cuero sint\u00e9tico de tapicer\u00eda de autom\u00f3viles est\u00e1 dise\u00f1ado para mantener su aspecto vibrante, incluso bajo la luz solar implacable, por lo que es la mejor opci\u00f3n para aplicaciones de volante.<\/p>\n<\/div>\n<div class=\"usage-point\">\n<h3>A diferencia de los materiales convencionales que se degradan con el paso del tiempo, este cuero de calidad automovil\u00edstica conserva la integridad de su color, garantizando que el interior de su veh\u00edculo luzca como nuevo durante a\u00f1os.<\/h3>\n<p>A diferencia de los materiales convencionales que se degradan con el tiempo, este cuero de calidad automovil\u00edstica conserva la integridad de su color, garantizando que el interior de su veh\u00edculo luzca como nuevo durante a\u00f1os.<\/p>\n<\/div>\n<div class=\"usage-point\">\n<h3>C\u00f3modo y transpirable<\/h3>\n<p>Suave, c\u00f3modo y muy transpirable, este material es perfecto para guantes de ciclismo y otros productos que se utilizan durante periodos prolongados. Mantiene las manos frescas y secas durante actividades extenuantes.<\/p>\n<\/div>\n<div class=\"usage-point\">\n<h3>Ecol\u00f3gico y sostenible<\/h3>\n<p>Nuestra piel sint\u00e9tica de microfibra Ultrasuede incluye opciones respetuosas con el medio ambiente, como las variantes fabricadas con PET reciclado y materiales de origen vegetal, que reducen el impacto medioambiental a la vez que ofrecen diversas texturas.<\/p>\n<\/div>\n<div class=\"usage-point\">\n<h3>Protecci\u00f3n antibacterias y antipolvo<\/h3>\n<p>Las variantes seleccionadas presentan propiedades antibacterianas y resistentes al polvo, por lo que cumplen elevadas normas de higiene ideales para guantes que requieren estrictos controles de calidad y seguridad.<\/p>\n<\/div>\n<div class=\"usage-point\">\n<h3>Diversos escenarios de aplicaci\u00f3n<\/h3>\n<p>Adem\u00e1s de guantes de ciclismo, es adecuado para guantes de dedos, guantes de seguridad y otros tipos de guantes, as\u00ed como calzado, ropa y accesorios.<\/p>\n<\/div>\n<p><img decoding=\"async\" alt=\"Aplicaciones de la piel sint\u00e9tica de microfibra Ultrasuede de 0,7 mm en diversos productos\" class=\"product-image\" src=\"\/wp-content\/uploads\/2025\/08\/07mm-ultrasuede-microfiber-faux-leather-for-cycling-gloves--37885.jpg\"\/><br \/>\n<img decoding=\"async\" alt=\"Guantes de ciclismo de piel de microfibra Ultrasuede - ejemplo de producto\" class=\"product-image\" src=\"\/wp-content\/uploads\/2025\/08\/07mm-ultrasuede-microfiber-faux-leather-for-cycling-gloves--37886.jpg\"\/><br \/>\n<\/section>\n<p><\/main><\/p>\n<section id=\"inquiry\">\n<h2 style=\"text-align: center;\">Esperamos su consulta.<\/h2>\n<p style=\"text-align: center;\">P\u00f3ngase en contacto con nosotros hoy mismo para obtener m\u00e1s informaci\u00f3n sobre nuestros productos y realizar su pedido.<\/p>\n<\/section>\n\n    <div class=\"xs_social_share_widget xs_share_url after_content \t\tmain_content  wslu-style-1 wslu-share-box-shaped wslu-fill-colored wslu-none wslu-share-horizontal wslu-theme-font-no wslu-main_content\">\n\n\t\t\n        <ul>\n\t\t\t        <\/ul>\n    <\/div>","protected":false},"excerpt":{"rendered":"<div class=\"product-short-description\">Automotriz de cuero resistente a la decoloraci\u00f3n de cuero sint\u00e9tico de tapicer\u00eda de autom\u00f3viles para volantes WINIW resistente a la decoloraci\u00f3n de cuero sint\u00e9tico de tapicer\u00eda de autom\u00f3viles para volantes Las caracter\u00edsticas clave incluyen microfibra de cuero de la PU, WINIW, Width.Ideal para aquellos que buscan calidad y fiabilidad.<\/p>\n<p>Como f\u00e1brica directa, fabricante y mayorista, podemos controlar estrictamente el proceso de producci\u00f3n para garantizar la calidad del producto y, al mismo tiempo, ofrecerle los precios m\u00e1s favorables. Contamos con equipos de producci\u00f3n avanzados y un equipo t\u00e9cnico profesional para satisfacer sus necesidades de pedidos a gran escala y garantizar una entrega puntual.<\/p>\n<\/div>","protected":false},"featured_media":2238,"template":"","meta":[],"product_brand":[],"product_cat":[50],"product_tag":[18830],"class_list":{"0":"post-28724","1":"product","2":"type-product","3":"status-publish","4":"has-post-thumbnail","6":"product_cat-automotive-leather","7":"product_tag-vehicle-upholstery-leatherauto-upholstery-leather-hidesauto-upholstery-leathercar-upholstery-leatherauto-upholstery-leather-fabricsofa-upholstery-leather","9":"first","10":"instock","11":"product-type-simple"},"_links":{"self":[{"href":"https:\/\/www.eco-leather.com\/es\/wp-json\/wp\/v2\/product\/28724","targetHints":{"allow":["GET"]}}],"collection":[{"href":"https:\/\/www.eco-leather.com\/es\/wp-json\/wp\/v2\/product"}],"about":[{"href":"https:\/\/www.eco-leather.com\/es\/wp-json\/wp\/v2\/types\/product"}],"wp:featuredmedia":[{"embeddable":true,"href":"https:\/\/www.eco-leather.com\/es\/wp-json\/wp\/v2\/media\/2238"}],"wp:attachment":[{"href":"https:\/\/www.eco-leather.com\/es\/wp-json\/wp\/v2\/media?parent=28724"}],"wp:term":[{"taxonomy":"product_brand","embeddable":true,"href":"https:\/\/www.eco-leather.com\/es\/wp-json\/wp\/v2\/product_brand?post=28724"},{"taxonomy":"product_cat","embeddable":true,"href":"https:\/\/www.eco-leather.com\/es\/wp-json\/wp\/v2\/product_cat?post=28724"},{"taxonomy":"product_tag","embeddable":true,"href":"https:\/\/www.eco-leather.com\/es\/wp-json\/wp\/v2\/product_tag?post=28724"}],"curies":[{"name":"wp","href":"https:\/\/api.w.org\/{rel}","templated":true}]}}