{"id":28723,"date":"2025-09-07T10:57:10","date_gmt":"2025-09-07T02:57:10","guid":{"rendered":"https:\/\/www.eco-leather.com\/product\/1-3mm-breathable-and-stable-microfiber-synthetic-material-for-car-leather\/"},"modified":"2025-09-07T10:57:13","modified_gmt":"2025-09-07T02:57:13","slug":"1-material-sintetico-de-microfibra-transpirable-y-estable-de-3-mm-para-piel-de-automovil","status":"publish","type":"product","link":"https:\/\/www.eco-leather.com\/es\/1-material-sintetico-de-microfibra-transpirable-y-estable-de-3-mm-para-piel-de-automovil\/","title":{"rendered":"Material sint\u00e9tico de microfibra transpirable y estable de 1,3 mm para el cuero del autom\u00f3vil"},"content":{"rendered":"<h2>Material de automoci\u00f3n ecol\u00f3gico<\/h2>\n<p><main><\/p>\n<section id=\"product-overview\">\n<h2>Descripci\u00f3n del producto<\/h2>\n<p>Material <strong>Soluci\u00f3n material para asientos de coche<\/strong> Introducci\u00f3n<\/p>\n<p>Nuestra <strong>Piel importada<\/strong> Los materiales ofrecen opciones personalizables en cuanto a grosor, color y mucho m\u00e1s. Haga clic a continuaci\u00f3n y p\u00f3ngase en contacto con nosotros inmediatamente para explorar las infinitas posibilidades.<\/p>\n<p>  Contacto  <\/p>\n<p>Fabricados con materiales de microfibra de alta calidad, nuestros guantes de piel sint\u00e9tica de microfibra Ultrasuede de 0,7 mm son la elecci\u00f3n perfecta para el ciclismo. Equilibra flexibilidad y resistencia, y ofrece una transpirabilidad excepcional y propiedades de evacuaci\u00f3n de la humedad para mantener las manos frescas y secas durante salidas intensas.<\/p>\n<p>Tanto si eres un ciclista profesional como si te dedicas al ocio, la piel de microfibra este material proporciona una comodidad y una protecci\u00f3n insuperables. Su gran resistencia a las abrasiones y los desgarros garantiza un rendimiento duradero, mientras que su elegante dise\u00f1o a\u00f1ade un toque sofisticado a cualquier conjunto ciclista.<\/p>\n<\/section>\n<section id=\"specifications\">\n<h2>Par\u00e1metros t\u00e9cnicos<\/h2>\n<p>Material <strong>Cajas de piel sint\u00e9tica China<\/strong> Especificaci\u00f3n<\/p>\n<p><img decoding=\"async\" alt=\"Piel sint\u00e9tica de microfibra de 0,7 mm Ultrasuede para guantes de ciclismo - Especificaci\u00f3n del material\" class=\"product-image\" src=\"\/wp-content\/uploads\/2025\/08\/07mm-ultrasuede-microfiber-faux-leather-for-cycling-gloves--37881.jpg\"\/><\/p>\n<h3>Par\u00e1metros del producto<\/h3>\n<ul class=\"parameters-list\">\n<li><span class=\"param-name\">Material:<\/span> Microfibra + PU<\/li>\n<li><span class=\"param-name\">Color:<\/span> Negro, gris, beige (colores personalizados disponibles)<\/li>\n<li><span class=\"param-name\">Grosor:<\/span> 0,6 mm, 0,7 mm, 0,8 mm, 1 mm<\/li>\n<li><span class=\"param-name\">Cantidad m\u00ednima de pedido:<\/span> 300 metros lineales<\/li>\n<li><span class=\"param-name\">Longitud del rollo:<\/span> 20-30 m\/rollo<\/li>\n<li><span class=\"param-name\">Plazo de entrega:<\/span> 15-20 d\u00edas<\/li>\n<li><span class=\"param-name\">Anchura:<\/span> 54\u2033, 137cm<\/li>\n<li><span class=\"param-name\">Capacidad de producci\u00f3n:<\/span> 1.000.000 de metros mensuales<\/li>\n<\/ul>\n<\/section>\n<section id=\"features\">\n<h2>Caracter\u00edsticas del producto<\/h2>\n<div class=\"feature-item\">\n<img decoding=\"async\" alt=\"WINIWaterproof Tela de cuero OdmhsasCompany F\u00e1brica al por mayor de microfibra ManufacturersBreathable Microfibra PU est\u00e1 dise\u00f1ado para los conductores priorizar la comodidad y durabilidad\" class=\"feature-image left\" src=\"\/wp-content\/uploads\/2025\/08\/13mm-breathable-and-stable-microfiber-synthetic-material-for-car-leather-27731.jpg\"\/><\/p>\n<h3>WINIW <strong>Piel Impermeable Tejido Odmhsas<\/strong> Empresa F\u00e1brica Mayorista de Microfibra FabricantesMicrofibra transpirable PU est\u00e1 dise\u00f1ado para los conductores priorizar la comodidad y durabilidad<\/h3>\n<p>WINIW <strong>Piel Impermeable Tejido Odmhsas<\/strong> Empresa F\u00e1brica Mayorista de Microfibra FabricantesLa microfibra transpirable PU est\u00e1 dise\u00f1ada para conductores que priorizan la comodidad y la durabilidad. La textura hexagonal promueve el flujo de aire, reduciendo la acumulaci\u00f3n de sudor durante los viajes largos, mientras que los bordes reforzados evitar el deshilachado, incluso con la instalaci\u00f3n frecuente.<\/p>\n<div class=\"clear\"><\/div>\n<\/div>\n<div class=\"feature-item\">\n<img decoding=\"async\" alt=\"Probado para m\u00e1s de 10.000 ciclos de fricci\u00f3n, mantiene su integridad en climas h\u00famedos y resiste la decoloraci\u00f3n inducida por los rayos UV.\" class=\"feature-image left\" src=\"\/wp-content\/uploads\/2025\/08\/13mm-breathable-and-stable-microfiber-synthetic-material-for-car-leather-27732.jpg\"\/><\/p>\n<h3>Probado para m\u00e1s de 10.000 ciclos de fricci\u00f3n, mantiene su integridad en climas h\u00famedos y resiste la decoloraci\u00f3n inducida por los rayos UV.<\/h3>\n<p>Probado para m\u00e1s de 10.000 ciclos de fricci\u00f3n, mantiene su integridad en climas h\u00famedos y resiste la decoloraci\u00f3n inducida por los rayos UV. Ideal <strong>Servicio de material de cuero impermeable<\/strong> para interiores veganos, su superficie no porosa repele el polvo y los derrames sin esfuerzo.<\/p>\n<div class=\"clear\"><\/div>\n<\/div>\n<div class=\"feature-item\">\n<img decoding=\"async\" alt=\"El PU de microfibra transpirable combina la gesti\u00f3n del flujo de aire con la estabilidad estructural\" class=\"feature-image left\" src=\"\/wp-content\/uploads\/2025\/08\/13mm-breathable-and-stable-microfiber-synthetic-material-for-car-leather-27733.jpg\"\/><\/p>\n<h3>El PU de microfibra transpirable combina la gesti\u00f3n del flujo de aire con la estabilidad estructural<\/h3>\n<p>El PU de microfibra transpirable combina la gesti\u00f3n del flujo de aire con la estabilidad estructural. Su dise\u00f1o de celdas abiertas evacua la humedad, mientras que la base densa resiste los pliegues por compresi\u00f3n. Dise\u00f1o <strong>Piel sint\u00e9tica impermeable Personalizar<\/strong> para zonas muy transitadas, este material equilibra la durabilidad con una textura flexible, garantizando la conservaci\u00f3n de la forma a largo plazo incluso con un uso constante.<\/p>\n<div class=\"clear\"><\/div>\n<\/div>\n<div class=\"feature-item\">\n<img decoding=\"async\" alt=\"Material Microfibra PU Cuero Marca WINIW Empresa F\u00e1brica Mayorista de Microfibra FabricantesAncho 54\" class=\"feature-image left\" src=\"\/wp-content\/uploads\/2025\/08\/13mm-breathable-and-stable-microfiber-synthetic-material-for-car-leather-27734.jpg\"\/><\/p>\n<h3>Material Microfibra PU Cuero Marca WINIW Empresa F\u00e1brica Mayorista de Microfibra FabricantesAncho 54\u2033; 1<\/h3>\n<p>Material Microfibra PU Cuero Marca WINIW Empresa F\u00e1brica Mayorista de Microfibra FabricantesAncho 54\u2033; 1.37m Color Rojo, Negro, Marr\u00f3n, Verde, aceptar personalizar Caracter\u00edstica Resistente al desgaste, Impermeable, Antimoho, Flexible Espesor 0.6mm-2.4mm, aceptar personalizar Lugar de Origen China Personalizado S\u00ed Plazo de entrega Generalmente dentro de 15 - 25 d\u00edas.<\/p>\n<div class=\"clear\"><\/div>\n<\/div>\n<div class=\"feature-item\">\n<img decoding=\"async\" alt=\"MOQ 300 metros Detalles de embalaje 30\/50 metros por rollo\" class=\"feature-image left\" src=\"\/wp-content\/uploads\/2025\/08\/13mm-breathable-and-stable-microfiber-synthetic-material-for-car-leather-27735.jpg\"\/><\/p>\n<h3>MOQ 300 metros Detalles de embalaje 30\/50 metros por rollo<\/h3>\n<p>MOQ 300 metros Detalles de embalaje 30\/50 metros por rollo. O personalizado Capacidad de producci\u00f3n 1.000.000 metros mensuales Caracter\u00edsticas del material<\/p>\n<div class=\"clear\"><\/div>\n<\/div>\n<div class=\"feature-item\">\n<img decoding=\"async\" alt=\"Alta resistencia al desgarro - Ultrasuede Microfibra Faux Leather para guantes de ciclismo\" class=\"feature-image left\" src=\"\/wp-content\/uploads\/2025\/08\/07mm-ultrasuede-microfiber-faux-leather-for-cycling-gloves--37882.jpg\"\/><\/p>\n<h3>Alta resistencia al desgarro<\/h3>\n<p>Nuestra piel de microfibra Ultrasuede presenta una excepcional resistencia al desgarro, lo que garantiza que no se romper\u00e1 ni deformar\u00e1 f\u00e1cilmente bajo tensi\u00f3n. Esto la hace ideal para productos que requieren durabilidad y rendimiento a largo plazo.<\/p>\n<div class=\"clear\"><\/div>\n<\/div>\n<div class=\"feature-item\">\n<img decoding=\"async\" alt=\"Retenci\u00f3n de la forma - Piel sint\u00e9tica de microfibra Ultrasuede para guantes de ciclismo\" class=\"feature-image right\" src=\"\/wp-content\/uploads\/2025\/08\/07mm-ultrasuede-microfiber-faux-leather-for-cycling-gloves--37883.jpg\"\/><\/p>\n<h3>No es f\u00e1cil de deformar<\/h3>\n<p>Especialmente tratado para mantener su forma original, este material ofrece una excelente elasticidad y estabilidad. Resiste la deformaci\u00f3n por presi\u00f3n externa o estiramiento, manteniendo los productos intactos y atractivos a lo largo del tiempo.<\/p>\n<div class=\"clear\"><\/div>\n<\/div>\n<div class=\"feature-item\">\n<img decoding=\"async\" alt=\"Durabilidad - Piel sint\u00e9tica de microfibra Ultrasuede para guantes de ciclismo\" class=\"feature-image left\" src=\"\/wp-content\/uploads\/2025\/08\/07mm-ultrasuede-microfiber-faux-leather-for-cycling-gloves--37884.jpg\"\/><\/p>\n<h3>Durabilidad<\/h3>\n<p>Extremadamente resistente a la abrasi\u00f3n, los desgarros y los pinchazos, este material garantiza que los guantes se mantengan en \u00f3ptimas condiciones incluso con un uso prolongado. Tambi\u00e9n mantiene una excelente destreza y resistencia para art\u00edculos de piel de alta calidad.<\/p>\n<div class=\"clear\"><\/div>\n<\/div>\n<\/section>\n<p><\/main><\/p>\n<section id=\"inquiry\">\n<h2 style=\"text-align: center;\">Esperamos su consulta.<\/h2>\n<p style=\"text-align: center;\">P\u00f3ngase en contacto con nosotros hoy mismo para obtener m\u00e1s informaci\u00f3n sobre nuestros productos y realizar su pedido.<\/p>\n<\/section>\n\n    <div class=\"xs_social_share_widget xs_share_url after_content \t\tmain_content  wslu-style-1 wslu-share-box-shaped wslu-fill-colored wslu-none wslu-share-horizontal wslu-theme-font-no wslu-main_content\">\n\n\t\t\n        <ul>\n\t\t\t        <\/ul>\n    <\/div>","protected":false},"excerpt":{"rendered":"<div class=\"product-short-description\">Cuero del autom\u00f3vil 1,3 mm transpirable y estable de microfibra Material sint\u00e9tico para el cuero del coche WINIW 1,3 mm transpirable y estable de microfibra Material sint\u00e9tico para el cuero del autom\u00f3vil Las caracter\u00edsticas clave incluyen microfibra de cuero de la PU, WINIW, Width.Ideal para aquellos que buscan calidad y fiabilidad.<\/p>\n<p>Como f\u00e1brica directa, fabricante y mayorista, podemos controlar estrictamente el proceso de producci\u00f3n para garantizar la calidad del producto y, al mismo tiempo, ofrecerle los precios m\u00e1s favorables. Contamos con equipos de producci\u00f3n avanzados y un equipo t\u00e9cnico profesional para satisfacer sus necesidades de pedidos a gran escala y garantizar una entrega puntual.<\/p>\n<\/div>","protected":false},"featured_media":2236,"template":"","meta":[],"product_brand":[],"product_cat":[50],"product_tag":[18829],"class_list":{"0":"post-28723","1":"product","2":"type-product","3":"status-publish","4":"has-post-thumbnail","6":"product_cat-automotive-leather","7":"product_tag-synthetic-material-shoes-wholesalesynthetic-material-shoes-factorysynthetic-material-shoes-oemsynthetic-material-shoes-private-labelsynthetic-material-shoes-bulksynthetic-material-shoes-solution","9":"first","10":"instock","11":"product-type-simple"},"_links":{"self":[{"href":"https:\/\/www.eco-leather.com\/es\/wp-json\/wp\/v2\/product\/28723","targetHints":{"allow":["GET"]}}],"collection":[{"href":"https:\/\/www.eco-leather.com\/es\/wp-json\/wp\/v2\/product"}],"about":[{"href":"https:\/\/www.eco-leather.com\/es\/wp-json\/wp\/v2\/types\/product"}],"wp:featuredmedia":[{"embeddable":true,"href":"https:\/\/www.eco-leather.com\/es\/wp-json\/wp\/v2\/media\/2236"}],"wp:attachment":[{"href":"https:\/\/www.eco-leather.com\/es\/wp-json\/wp\/v2\/media?parent=28723"}],"wp:term":[{"taxonomy":"product_brand","embeddable":true,"href":"https:\/\/www.eco-leather.com\/es\/wp-json\/wp\/v2\/product_brand?post=28723"},{"taxonomy":"product_cat","embeddable":true,"href":"https:\/\/www.eco-leather.com\/es\/wp-json\/wp\/v2\/product_cat?post=28723"},{"taxonomy":"product_tag","embeddable":true,"href":"https:\/\/www.eco-leather.com\/es\/wp-json\/wp\/v2\/product_tag?post=28723"}],"curies":[{"name":"wp","href":"https:\/\/api.w.org\/{rel}","templated":true}]}}