{"id":28720,"date":"2025-09-07T10:57:10","date_gmt":"2025-09-07T02:57:10","guid":{"rendered":"https:\/\/www.eco-leather.com\/product\/easy-to-customize-pu-microfiber-material-for-car-leather\/"},"modified":"2025-09-07T10:57:12","modified_gmt":"2025-09-07T02:57:12","slug":"facil-de-personalizar-pu-material-de-microfibra-para-el-cuero-del-coche","status":"publish","type":"product","link":"https:\/\/www.eco-leather.com\/es\/facil-de-personalizar-pu-material-de-microfibra-para-el-cuero-del-coche\/","title":{"rendered":"Material de microfibra de PU f\u00e1cil de personalizar para el cuero del coche"},"content":{"rendered":"<h2>Piel resistente a las manchas<\/h2>\n<p><main><\/p>\n<section id=\"product-overview\">\n<h2>Descripci\u00f3n del producto<\/h2>\n<p>Material <strong>Empresa de material para asientos de coche<\/strong> Introducci\u00f3n<\/p>\n<p>Este <strong>Piel importada<\/strong> La microfibra PU personalizable admite modificaciones de tinte, impresi\u00f3n y textura. Su veteado no direccional garantiza una perfecta combinaci\u00f3n de patrones para dise\u00f1os de marca.<\/p>\n<p>Ligera pero duradera, se adapta a los complejos contornos tridimensionales sin comprometer la flexibilidad. El sitio <strong>Vestido Blanco Material Meesho<\/strong> La resistencia del material a los cambios de temperatura lo hace perfecto para veh\u00edculos en climas soleados o h\u00famedos, donde el cuero tradicional suele fallar.<\/p>\n<p>Los talleres personalizados valorar\u00e1n su f\u00e1cil instalaci\u00f3n y su compatibilidad con los sistemas de direcci\u00f3n calefactados. Desde coches urbanos compactos hasta todoterrenos robustos, esta piel transforma los volantes en piezas centrales duraderas y elegantes que reflejan tanto practicidad como sofisticaci\u00f3n.<\/p>\n<p>Fabricados con materiales de microfibra de alta calidad, nuestros guantes de piel sint\u00e9tica de microfibra Ultrasuede de 0,7 mm son la elecci\u00f3n perfecta para el ciclismo. Equilibra flexibilidad y resistencia, y ofrece una transpirabilidad excepcional y propiedades de evacuaci\u00f3n de la humedad para mantener las manos frescas y secas durante salidas intensas.<\/p>\n<p>Tanto si eres un ciclista profesional como si te dedicas al ocio, la piel de microfibra este material proporciona una comodidad y una protecci\u00f3n insuperables. Su gran resistencia a las abrasiones y los desgarros garantiza un rendimiento duradero, mientras que su elegante dise\u00f1o a\u00f1ade un toque sofisticado a cualquier conjunto ciclista.<\/p>\n<\/section>\n<section id=\"specifications\">\n<h2>Par\u00e1metros t\u00e9cnicos<\/h2>\n<ul class_=\"parameters-list\">\n<li><span class=\"param-name\">WINIW <strong>Automotive LeatherSeats Service Dog<\/strong> Empresa Fabricantes de cuero de silicona al por mayorF\u00e1brica:<\/span> Fabricante y proveedor l\u00edder de soluciones de cuero artificial de primera calidad<\/li>\n<\/ul>\n<p><img decoding=\"async\" alt=\"Piel sint\u00e9tica de microfibra de 0,7 mm Ultrasuede para guantes de ciclismo - Especificaci\u00f3n del material\" class=\"product-image\" src=\"\/wp-content\/uploads\/2025\/08\/07mm-ultrasuede-microfiber-faux-leather-for-cycling-gloves--37881.jpg\"\/><\/p>\n<h3>Par\u00e1metros del producto<\/h3>\n<ul class=\"parameters-list\">\n<li><span class=\"param-name\">Material:<\/span> Microfibra + PU<\/li>\n<li><span class=\"param-name\">Color:<\/span> Negro, gris, beige (colores personalizados disponibles)<\/li>\n<li><span class=\"param-name\">Grosor:<\/span> 0,6 mm, 0,7 mm, 0,8 mm, 1 mm<\/li>\n<li><span class=\"param-name\">Cantidad m\u00ednima de pedido:<\/span> 300 metros lineales<\/li>\n<li><span class=\"param-name\">Longitud del rollo:<\/span> 20-30 m\/rollo<\/li>\n<li><span class=\"param-name\">Plazo de entrega:<\/span> 15-20 d\u00edas<\/li>\n<li><span class=\"param-name\">Anchura:<\/span> 54\u2033, 137cm<\/li>\n<li><span class=\"param-name\">Capacidad de producci\u00f3n:<\/span> 1.000.000 de metros mensuales<\/li>\n<\/ul>\n<\/section>\n<section id=\"usage\">\n<h2>Uso y aplicaciones<\/h2>\n<p><img fetchpriority=\"high\" decoding=\"async\" alt=\"Piel resistente a las manchas\" height=\"674\" src=\"\/wp-content\/uploads\/2025\/08\/easy-to-customize-pu-microfiber-material-for-car-leather-27702.jpg\" width=\"750\"\/><\/p>\n<div class=\"usage-point\">\n<h3>Aplicaci\u00f3n<\/h3>\n<p>Aplicaci\u00f3n <strong>Bolsos de piel de segunda mano<\/strong> Escenarios<\/p>\n<\/div>\n<div class=\"usage-point\">\n<h3>C\u00f3modo y transpirable<\/h3>\n<p>Suave, c\u00f3modo y muy transpirable, este material es perfecto para guantes de ciclismo y otros productos que se utilizan durante periodos prolongados. Mantiene las manos frescas y secas durante actividades extenuantes.<\/p>\n<\/div>\n<div class=\"usage-point\">\n<h3>Ecol\u00f3gico y sostenible<\/h3>\n<p>Nuestra piel sint\u00e9tica de microfibra Ultrasuede incluye opciones respetuosas con el medio ambiente, como las variantes fabricadas con PET reciclado y materiales de origen vegetal, que reducen el impacto medioambiental a la vez que ofrecen diversas texturas.<\/p>\n<\/div>\n<div class=\"usage-point\">\n<h3>Protecci\u00f3n antibacterias y antipolvo<\/h3>\n<p>Las variantes seleccionadas presentan propiedades antibacterianas y resistentes al polvo, por lo que cumplen elevadas normas de higiene ideales para guantes que requieren estrictos controles de calidad y seguridad.<\/p>\n<\/div>\n<div class=\"usage-point\">\n<h3>Diversos escenarios de aplicaci\u00f3n<\/h3>\n<p>Adem\u00e1s de guantes de ciclismo, es adecuado para guantes de dedos, guantes de seguridad y otros tipos de guantes, as\u00ed como calzado, ropa y accesorios.<\/p>\n<\/div>\n<p><img decoding=\"async\" alt=\"Aplicaciones de la piel sint\u00e9tica de microfibra Ultrasuede de 0,7 mm en diversos productos\" class=\"product-image\" src=\"\/wp-content\/uploads\/2025\/08\/07mm-ultrasuede-microfiber-faux-leather-for-cycling-gloves--37885.jpg\"\/><br \/>\n<img decoding=\"async\" alt=\"Guantes de ciclismo de piel de microfibra Ultrasuede - ejemplo de producto\" class=\"product-image\" src=\"\/wp-content\/uploads\/2025\/08\/07mm-ultrasuede-microfiber-faux-leather-for-cycling-gloves--37886.jpg\"\/><br \/>\n<\/section>\n<section id=\"why-choose-us\">\n<h2>Por qu\u00e9 elegir WINIW<\/h2>\n<div class=\"advantage-item\">\n<h3>WINIW Company F\u00e1brica al por mayor de cuero de silicona ManufacturersCustom-Ready PU faculta a las marcas para personalizar los interiores de autom\u00f3viles<\/h3>\n<p>WINIW Company Factory Wholesale Silicone Leather ManufacturersCustom-Ready PU permite a las marcas personalizar el interior de los coches. La superficie termotransferible acepta logotipos de vinilo e impresi\u00f3n DTG, mientras que la base el\u00e1stica se estira hasta 200% sin desgarrarse. Las superficies pretratadas reducen el tiempo de producci\u00f3n en 30%, lo que resulta ideal para fabricantes de equipos originales y talleres personalizados.<\/p>\n<\/div>\n<div class=\"advantage-item\">\n<h3>Nuestras ventajas<\/h3>\n<p>WINIW Company F\u00e1brica al por mayor de cuero de silicona ManufacturersFactory Material Showcase<\/p>\n<\/div>\n<div class=\"advantage-item\">\n<h3>Ideal para volantes en los coches personales, veh\u00edculos el\u00e9ctricos, y las flotas comerciales, WINIW empresa de f\u00e1brica al por mayor de cuero de silicona Manufacturersfade cuero resistente asegura interiores permanecen visualmente atractivo a pesar de la constante exposici\u00f3n al sol<\/h3>\n<p>Ideal para volantes en los coches personales, veh\u00edculos el\u00e9ctricos, y las flotas comerciales, WINIW empresa de f\u00e1brica al por mayor de cuero de silicona Manufacturersfade cuero resistente asegura interiores permanecen visualmente atractivo a pesar de la constante exposici\u00f3n al sol. Ride-hailing conductores apreciar\u00e1n su superficie resistente al sudor, mientras que los fabricantes de autom\u00f3viles de lujo pueden aprovechar su elegancia duradera para atraer a los compradores m\u00e1s exigentes.<\/p>\n<\/div>\n<div class=\"advantage-item\">\n<h3>Garant\u00eda de calidad<\/h3>\n<p>Aplicamos un estricto control de calidad en toda la cadena de producci\u00f3n y suministro, cumpliendo las normas ISO9001. Desde la selecci\u00f3n de materias primas hasta la inspecci\u00f3n final, damos prioridad a los intereses del cliente.<\/p>\n<\/div>\n<div class=\"advantage-item\">\n<h3>Equipo t\u00e9cnico profesional<\/h3>\n<p>Nuestro equipo t\u00e9cnico especializado est\u00e1 formado por profesionales con experiencia en diversos campos, dedicados a suministrar productos de alta calidad y soluciones a medida.<\/p>\n<\/div>\n<div class=\"advantage-item\">\n<h3>Amplia gama de aplicaciones<\/h3>\n<p>Nuestros materiales se utilizan ampliamente en calzado, ropa, maletas, interiores de autom\u00f3viles, muebles de sof\u00e1, etc.<\/p>\n<\/div>\n<div class=\"advantage-item\">\n<h3>Una rica experiencia<\/h3>\n<p>Quanzhou WINIW Import &amp; Export Co., Ltd. cuenta con m\u00e1s de 20 a\u00f1os de experiencia en producci\u00f3n, ofreciendo soluciones perfectas para clientes de todo el mundo.<\/p>\n<\/div>\n<div class=\"advantage-item\">\n<h3>Precio asequible<\/h3>\n<p>Ofrecemos precios competitivos y un excelente servicio de atenci\u00f3n al cliente. Solicite un cat\u00e1logo o visite nuestra f\u00e1brica para explorar nuestros productos.<\/p>\n<\/div>\n<div class=\"advantage-item\">\n<h3>Servicio de atenci\u00f3n al cliente en l\u00ednea 24 horas<\/h3>\n<p>Nuestro equipo est\u00e1 disponible 24 horas al d\u00eda, 7 d\u00edas a la semana, para responder a las consultas y atender los comentarios con prontitud.<\/p>\n<\/div>\n<p><img decoding=\"async\" alt=\"Planta de producci\u00f3n WINIW - Proceso de fabricaci\u00f3n de piel de microfibra Ultrasuede\" class=\"product-image\" src=\"\/wp-content\/uploads\/2025\/08\/07mm-ultrasuede-microfiber-faux-leather-for-cycling-gloves--37888.jpg\"\/><br \/>\n<\/section>\n<p><\/main><\/p>\n<section id=\"inquiry\">\n<h2 style=\"text-align: center;\">Esperamos su consulta.<\/h2>\n<p style=\"text-align: center;\">P\u00f3ngase en contacto con nosotros hoy mismo para obtener m\u00e1s informaci\u00f3n sobre nuestros productos y realizar su pedido.<\/p>\n<\/section>\n\n    <div class=\"xs_social_share_widget xs_share_url after_content \t\tmain_content  wslu-style-1 wslu-share-box-shaped wslu-fill-colored wslu-none wslu-share-horizontal wslu-theme-font-no wslu-main_content\">\n\n\t\t\n        <ul>\n\t\t\t        <\/ul>\n    <\/div>","protected":false},"excerpt":{"rendered":"<div class=\"product-short-description\">Cuero Automotriz F\u00e1cil de Personalizar Material de microfibra de PU para el cuero del coche WINIW F\u00e1cil de Personalizar Material de microfibra de PU para el cuero del coche Las caracter\u00edsticas clave incluyen.Ideal para aquellos que buscan calidad y fiabilidad.<\/p>\n<p>Como f\u00e1brica directa, fabricante y mayorista, podemos controlar estrictamente el proceso de producci\u00f3n para garantizar la calidad del producto y, al mismo tiempo, ofrecerle los precios m\u00e1s favorables. Contamos con equipos de producci\u00f3n avanzados y un equipo t\u00e9cnico profesional para satisfacer sus necesidades de pedidos a gran escala y garantizar una entrega puntual.<\/p>\n<\/div>","protected":false},"featured_media":2230,"template":"","meta":[],"product_brand":[],"product_cat":[50],"product_tag":[18826],"class_list":{"0":"post-28720","1":"product","2":"type-product","3":"status-publish","4":"has-post-thumbnail","6":"product_cat-automotive-leather","7":"product_tag-synthetic-car-leathercar-leather-upholstery-fabriccar-leather-upholsterycar-leather-interior-seatcar-leather-interiorcar-leather-mats","9":"first","10":"instock","11":"product-type-simple"},"_links":{"self":[{"href":"https:\/\/www.eco-leather.com\/es\/wp-json\/wp\/v2\/product\/28720","targetHints":{"allow":["GET"]}}],"collection":[{"href":"https:\/\/www.eco-leather.com\/es\/wp-json\/wp\/v2\/product"}],"about":[{"href":"https:\/\/www.eco-leather.com\/es\/wp-json\/wp\/v2\/types\/product"}],"wp:featuredmedia":[{"embeddable":true,"href":"https:\/\/www.eco-leather.com\/es\/wp-json\/wp\/v2\/media\/2230"}],"wp:attachment":[{"href":"https:\/\/www.eco-leather.com\/es\/wp-json\/wp\/v2\/media?parent=28720"}],"wp:term":[{"taxonomy":"product_brand","embeddable":true,"href":"https:\/\/www.eco-leather.com\/es\/wp-json\/wp\/v2\/product_brand?post=28720"},{"taxonomy":"product_cat","embeddable":true,"href":"https:\/\/www.eco-leather.com\/es\/wp-json\/wp\/v2\/product_cat?post=28720"},{"taxonomy":"product_tag","embeddable":true,"href":"https:\/\/www.eco-leather.com\/es\/wp-json\/wp\/v2\/product_tag?post=28720"}],"curies":[{"name":"wp","href":"https:\/\/api.w.org\/{rel}","templated":true}]}}