{"id":28712,"date":"2025-09-07T10:57:00","date_gmt":"2025-09-07T02:57:00","guid":{"rendered":"https:\/\/www.eco-leather.com\/product\/easy-maintain-car-upholstery-fabric-for-car-seats\/"},"modified":"2025-09-07T10:57:05","modified_gmt":"2025-09-07T02:57:05","slug":"tela-de-tapiceria-de-facil-mantenimiento-para-asientos-de-coche","status":"publish","type":"product","link":"https:\/\/www.eco-leather.com\/es\/tela-de-tapiceria-de-facil-mantenimiento-para-asientos-de-coche\/","title":{"rendered":"Tela de tapicer\u00eda de f\u00e1cil mantenimiento para asientos de coche"},"content":{"rendered":"<h2>Material de automoci\u00f3n ecol\u00f3gico<\/h2>\n<p><main><\/p>\n<section id=\"product-overview\">\n<h2>Descripci\u00f3n del producto<\/h2>\n<p>Material <strong>Tela de sof\u00e1 floral<\/strong> Introducci\u00f3n<\/p>\n<p>Perfecto <strong>Minoristas de tejidos de piel con textura<\/strong> para:<\/p>\n<p>Fabricados con materiales de microfibra de alta calidad, nuestros guantes de piel sint\u00e9tica de microfibra Ultrasuede de 0,7 mm son la elecci\u00f3n perfecta para el ciclismo. Equilibra flexibilidad y resistencia, y ofrece una transpirabilidad excepcional y propiedades de evacuaci\u00f3n de la humedad para mantener las manos frescas y secas durante salidas intensas.<\/p>\n<p>Tanto si eres un ciclista profesional como si te dedicas al ocio, la piel de microfibra este material proporciona una comodidad y una protecci\u00f3n insuperables. Su gran resistencia a las abrasiones y los desgarros garantiza un rendimiento duradero, mientras que su elegante dise\u00f1o a\u00f1ade un toque sofisticado a cualquier conjunto ciclista.<\/p>\n<\/section>\n<section id=\"specifications\">\n<h2>Par\u00e1metros t\u00e9cnicos<\/h2>\n<ul class_=\"parameters-list\">\n<li><span class=\"param-name\">Por qu\u00e9 <strong>Exportador de tejidos para interiores de autom\u00f3viles<\/strong> WINIW empresa de f\u00e1brica al por mayor de microfibra de gamuza ManufacturersFabric Wins:<\/span> Mancha lo que mancha Los derrames se disuelven como por arte de magia: \u00a1limpiar y listo! A prueba de ni\u00f1os y mascotas Sobrevive a explosiones de zumo y aventuras caninas.<\/li>\n<li><span class=\"param-name\">No necesita limpiadores sofisticados Jab\u00f3n + agua = impecable (incluso despu\u00e9s de viajes por carretera). En <strong>Tela de sof\u00e1 antimanchas<\/strong> Suave como tu sudadera favorita, resistente como tu bolsa del gimnasio. Superpoderes extra:<\/span> Transpirable \u00a1Sin el s\u00edndrome de la espalda pegajosa en verano!<\/li>\n<p>El color se mantiene vibrante Sin decoloraci\u00f3n incluso despu\u00e9s de 100 viajes a la playa. Especificaci\u00f3n del material<\/p>\n<\/ul>\n<p><img decoding=\"async\" alt=\"Piel sint\u00e9tica de microfibra de 0,7 mm Ultrasuede para guantes de ciclismo - Especificaci\u00f3n del material\" class=\"product-image\" src=\"\/wp-content\/uploads\/2025\/08\/07mm-ultrasuede-microfiber-faux-leather-for-cycling-gloves--37881.jpg\"\/><\/p>\n<h3>Par\u00e1metros del producto<\/h3>\n<ul class=\"parameters-list\">\n<li><span class=\"param-name\">Material:<\/span> Microfibra + PU<\/li>\n<li><span class=\"param-name\">Color:<\/span> Negro, gris, beige (colores personalizados disponibles)<\/li>\n<li><span class=\"param-name\">Grosor:<\/span> 0,6 mm, 0,7 mm, 0,8 mm, 1 mm<\/li>\n<li><span class=\"param-name\">Cantidad m\u00ednima de pedido:<\/span> 300 metros lineales<\/li>\n<li><span class=\"param-name\">Longitud del rollo:<\/span> 20-30 m\/rollo<\/li>\n<li><span class=\"param-name\">Plazo de entrega:<\/span> 15-20 d\u00edas<\/li>\n<li><span class=\"param-name\">Anchura:<\/span> 54\u2033, 137cm<\/li>\n<li><span class=\"param-name\">Capacidad de producci\u00f3n:<\/span> 1.000.000 de metros mensuales<\/li>\n<\/ul>\n<\/section>\n<section id=\"features\">\n<h2>Caracter\u00edsticas del producto<\/h2>\n<div class=\"feature-item\">\n<img decoding=\"async\" alt=\"MaterialTela de Sof\u00e1 Impermeable ImportMicrofibra PU Cuero Marca WINIW Empresa F\u00e1brica Mayorista de Microfibra de Ante FabricantesAncho 54\" class=\"feature-image left\" src=\"\/wp-content\/uploads\/2025\/08\/easy-maintain-car-upholstery-fabric-for-car-seats-27599.jpg\"\/><\/p>\n<h3>Material <strong>Sof\u00e1 Tela Impermeable Import<\/strong> Microfibra PU cuero marca WINIW empresa f\u00e1brica venta por mayor fabricantes de microfibra de anteAncho 54\u2033; 1<\/h3>\n<p>Material <strong>Sof\u00e1 Tela Impermeable Import<\/strong> Microfibra de cuero de la PU Marca WINIW Empresa F\u00e1brica al por mayor de microfibra de gamuza FabricantesAncho 54\u2033; 1.37m Color Rojo, Negro, Marr\u00f3n, Verde, aceptar personalizar Caracter\u00edstica Resistente al desgaste, Impermeable, Anti-Mildew, Flexible Espesor 0.6mm-2.4mm, aceptar personalizar Lugar de Origen China Personalizado S\u00ed Plazo de entrega Generalmente dentro de 15 - 25 d\u00edas.<\/p>\n<div class=\"clear\"><\/div>\n<\/div>\n<div class=\"feature-item\">\n<img decoding=\"async\" alt=\"MOQ 300 metros Detalles de embalaje 30\/50 metros por rollo\" class=\"feature-image left\" src=\"\/wp-content\/uploads\/2025\/08\/easy-maintain-car-upholstery-fabric-for-car-seats-27600.jpg\"\/><\/p>\n<h3>MOQ 300 metros Detalles de embalaje 30\/50 metros por rollo<\/h3>\n<p>MOQ 300 metros Detalles de embalaje 30\/50 metros por rollo. O personalizado Capacidad de producci\u00f3n 1.000.000 metros mensuales<\/p>\n<div class=\"clear\"><\/div>\n<\/div>\n<div class=\"feature-item\">\n<img decoding=\"async\" alt=\"Alta resistencia al desgarro - Ultrasuede Microfibra Faux Leather para guantes de ciclismo\" class=\"feature-image left\" src=\"\/wp-content\/uploads\/2025\/08\/07mm-ultrasuede-microfiber-faux-leather-for-cycling-gloves--37882.jpg\"\/><\/p>\n<h3>Alta resistencia al desgarro<\/h3>\n<p>Nuestra piel de microfibra Ultrasuede presenta una excepcional resistencia al desgarro, lo que garantiza que no se romper\u00e1 ni deformar\u00e1 f\u00e1cilmente bajo tensi\u00f3n. Esto la hace ideal para productos que requieren durabilidad y rendimiento a largo plazo.<\/p>\n<div class=\"clear\"><\/div>\n<\/div>\n<div class=\"feature-item\">\n<img decoding=\"async\" alt=\"Retenci\u00f3n de la forma - Piel sint\u00e9tica de microfibra Ultrasuede para guantes de ciclismo\" class=\"feature-image right\" src=\"\/wp-content\/uploads\/2025\/08\/07mm-ultrasuede-microfiber-faux-leather-for-cycling-gloves--37883.jpg\"\/><\/p>\n<h3>No es f\u00e1cil de deformar<\/h3>\n<p>Especialmente tratado para mantener su forma original, este material ofrece una excelente elasticidad y estabilidad. Resiste la deformaci\u00f3n por presi\u00f3n externa o estiramiento, manteniendo los productos intactos y atractivos a lo largo del tiempo.<\/p>\n<div class=\"clear\"><\/div>\n<\/div>\n<div class=\"feature-item\">\n<img decoding=\"async\" alt=\"Durabilidad - Piel sint\u00e9tica de microfibra Ultrasuede para guantes de ciclismo\" class=\"feature-image left\" src=\"\/wp-content\/uploads\/2025\/08\/07mm-ultrasuede-microfiber-faux-leather-for-cycling-gloves--37884.jpg\"\/><\/p>\n<h3>Durabilidad<\/h3>\n<p>Extremadamente resistente a la abrasi\u00f3n, los desgarros y los pinchazos, este material garantiza que los guantes se mantengan en \u00f3ptimas condiciones incluso con un uso prolongado. Tambi\u00e9n mantiene una excelente destreza y resistencia para art\u00edculos de piel de alta calidad.<\/p>\n<div class=\"clear\"><\/div>\n<\/div>\n<\/section>\n<section id=\"usage\">\n<h2>Uso y aplicaciones<\/h2>\n<p><img fetchpriority=\"high\" decoding=\"async\" alt=\"Material de automoci\u00f3n ecol\u00f3gico\" height=\"1079\" src=\"\/wp-content\/uploads\/2025\/08\/easy-maintain-car-upholstery-fabric-for-car-seats-27598.jpg\" width=\"750\"\/><\/p>\n<div class=\"usage-point\">\n<h3>Aplicaci\u00f3n<\/h3>\n<p>F\u00e1cil de mantener <strong>Distribuidores de tejidos para bolsas<\/strong> Tela de tapicer\u00eda para asientos de coche \u00a1Porque la vida es demasiado corta para las manchas de fregado!<\/p>\n<\/div>\n<div class=\"usage-point\">\n<h3>C\u00f3modo y transpirable<\/h3>\n<p>Suave, c\u00f3modo y muy transpirable, este material es perfecto para guantes de ciclismo y otros productos que se utilizan durante periodos prolongados. Mantiene las manos frescas y secas durante actividades extenuantes.<\/p>\n<\/div>\n<div class=\"usage-point\">\n<h3>Ecol\u00f3gico y sostenible<\/h3>\n<p>Nuestra piel sint\u00e9tica de microfibra Ultrasuede incluye opciones respetuosas con el medio ambiente, como las variantes fabricadas con PET reciclado y materiales de origen vegetal, que reducen el impacto medioambiental a la vez que ofrecen diversas texturas.<\/p>\n<\/div>\n<div class=\"usage-point\">\n<h3>Protecci\u00f3n antibacterias y antipolvo<\/h3>\n<p>Las variantes seleccionadas presentan propiedades antibacterianas y resistentes al polvo, por lo que cumplen elevadas normas de higiene ideales para guantes que requieren estrictos controles de calidad y seguridad.<\/p>\n<\/div>\n<div class=\"usage-point\">\n<h3>Diversos escenarios de aplicaci\u00f3n<\/h3>\n<p>Adem\u00e1s de guantes de ciclismo, es adecuado para guantes de dedos, guantes de seguridad y otros tipos de guantes, as\u00ed como calzado, ropa y accesorios.<\/p>\n<\/div>\n<p><img decoding=\"async\" alt=\"Aplicaciones de la piel sint\u00e9tica de microfibra Ultrasuede de 0,7 mm en diversos productos\" class=\"product-image\" src=\"\/wp-content\/uploads\/2025\/08\/07mm-ultrasuede-microfiber-faux-leather-for-cycling-gloves--37885.jpg\"\/><br \/>\n<img decoding=\"async\" alt=\"Guantes de ciclismo de piel de microfibra Ultrasuede - ejemplo de producto\" class=\"product-image\" src=\"\/wp-content\/uploads\/2025\/08\/07mm-ultrasuede-microfiber-faux-leather-for-cycling-gloves--37886.jpg\"\/><br \/>\n<\/section>\n<section id=\"why-choose-us\">\n<h2>Por qu\u00e9 elegir WINIW<\/h2>\n<div class=\"advantage-item\">\n<h3>Admit\u00e1moslo: entre derrames de caf\u00e9, migas de bocadillos y huellas de barro, los asientos de tu coche tienen m\u00e1s acci\u00f3n que una pel\u00edcula de superh\u00e9roes.<\/h3>\n<p>Seamos realistas entre los derrames de caf\u00e9, migas de aperitivos, y las huellas de barro pata, sus asientos de coche ver m\u00e1s acci\u00f3n que una pel\u00edcula de superh\u00e9roes. \u00a1Por eso WINIW empresa f\u00e1brica por mayor gamuza microfibra fabricantesF\u00e1cil de mantener la tela est\u00e1 aqu\u00ed para salvar su cordura (y sus asientos)!<\/p>\n<\/div>\n<div class=\"advantage-item\">\n<h3>Garant\u00eda de calidad<\/h3>\n<p>Aplicamos un estricto control de calidad en toda la cadena de producci\u00f3n y suministro, cumpliendo las normas ISO9001. Desde la selecci\u00f3n de materias primas hasta la inspecci\u00f3n final, damos prioridad a los intereses del cliente.<\/p>\n<\/div>\n<div class=\"advantage-item\">\n<h3>Equipo t\u00e9cnico profesional<\/h3>\n<p>Nuestro equipo t\u00e9cnico especializado est\u00e1 formado por profesionales con experiencia en diversos campos, dedicados a suministrar productos de alta calidad y soluciones a medida.<\/p>\n<\/div>\n<div class=\"advantage-item\">\n<h3>Amplia gama de aplicaciones<\/h3>\n<p>Nuestros materiales se utilizan ampliamente en calzado, ropa, maletas, interiores de autom\u00f3viles, muebles de sof\u00e1, etc.<\/p>\n<\/div>\n<div class=\"advantage-item\">\n<h3>Una rica experiencia<\/h3>\n<p>Quanzhou WINIW Import &amp; Export Co., Ltd. cuenta con m\u00e1s de 20 a\u00f1os de experiencia en producci\u00f3n, ofreciendo soluciones perfectas para clientes de todo el mundo.<\/p>\n<\/div>\n<div class=\"advantage-item\">\n<h3>Precio asequible<\/h3>\n<p>Ofrecemos precios competitivos y un excelente servicio de atenci\u00f3n al cliente. Solicite un cat\u00e1logo o visite nuestra f\u00e1brica para explorar nuestros productos.<\/p>\n<\/div>\n<div class=\"advantage-item\">\n<h3>Servicio de atenci\u00f3n al cliente en l\u00ednea 24 horas<\/h3>\n<p>Nuestro equipo est\u00e1 disponible 24 horas al d\u00eda, 7 d\u00edas a la semana, para responder a las consultas y atender los comentarios con prontitud.<\/p>\n<\/div>\n<p><img decoding=\"async\" alt=\"Planta de producci\u00f3n WINIW - Proceso de fabricaci\u00f3n de piel de microfibra Ultrasuede\" class=\"product-image\" src=\"\/wp-content\/uploads\/2025\/08\/07mm-ultrasuede-microfiber-faux-leather-for-cycling-gloves--37888.jpg\"\/><br \/>\n<\/section>\n<p><\/main><\/p>\n<section id=\"inquiry\">\n<h2 style=\"text-align: center;\">Esperamos su consulta.<\/h2>\n<p style=\"text-align: center;\">P\u00f3ngase en contacto con nosotros hoy mismo para obtener m\u00e1s informaci\u00f3n sobre nuestros productos y realizar su pedido.<\/p>\n<\/section>\n\n    <div class=\"xs_social_share_widget xs_share_url after_content \t\tmain_content  wslu-style-1 wslu-share-box-shaped wslu-fill-colored wslu-none wslu-share-horizontal wslu-theme-font-no wslu-main_content\">\n\n\t\t\n        <ul>\n\t\t\t        <\/ul>\n    <\/div>","protected":false},"excerpt":{"rendered":"<div class=\"product-short-description\">Cuero automotriz F\u00e1cil de mantener la tela de tapicer\u00eda para asientos de coche WINIW F\u00e1cil de mantener la tela de tapicer\u00eda para asientos de coche Las caracter\u00edsticas clave incluyen microfibra de cuero de la PU, WINIW, Width.Ideal para aquellos que buscan calidad y fiabilidad.<\/p>\n<p>Como f\u00e1brica directa, fabricante y mayorista, podemos controlar estrictamente el proceso de producci\u00f3n para garantizar la calidad del producto y, al mismo tiempo, ofrecerle los precios m\u00e1s favorables. Contamos con equipos de producci\u00f3n avanzados y un equipo t\u00e9cnico profesional para satisfacer sus necesidades de pedidos a gran escala y garantizar una entrega puntual.<\/p>\n<\/div>","protected":false},"featured_media":2214,"template":"","meta":[],"product_brand":[],"product_cat":[50],"product_tag":[18821],"class_list":{"0":"post-28712","1":"product","2":"type-product","3":"status-publish","4":"has-post-thumbnail","6":"product_cat-automotive-leather","7":"product_tag-pleather-upholstery-fabricpolyurethane-upholstery-fabricpu-upholstery-fabricupholstery-fabric-microsuedemicrosuede-upholstery-fabricupholstery-fabric-manufacturer","9":"first","10":"instock","11":"product-type-simple"},"_links":{"self":[{"href":"https:\/\/www.eco-leather.com\/es\/wp-json\/wp\/v2\/product\/28712","targetHints":{"allow":["GET"]}}],"collection":[{"href":"https:\/\/www.eco-leather.com\/es\/wp-json\/wp\/v2\/product"}],"about":[{"href":"https:\/\/www.eco-leather.com\/es\/wp-json\/wp\/v2\/types\/product"}],"wp:featuredmedia":[{"embeddable":true,"href":"https:\/\/www.eco-leather.com\/es\/wp-json\/wp\/v2\/media\/2214"}],"wp:attachment":[{"href":"https:\/\/www.eco-leather.com\/es\/wp-json\/wp\/v2\/media?parent=28712"}],"wp:term":[{"taxonomy":"product_brand","embeddable":true,"href":"https:\/\/www.eco-leather.com\/es\/wp-json\/wp\/v2\/product_brand?post=28712"},{"taxonomy":"product_cat","embeddable":true,"href":"https:\/\/www.eco-leather.com\/es\/wp-json\/wp\/v2\/product_cat?post=28712"},{"taxonomy":"product_tag","embeddable":true,"href":"https:\/\/www.eco-leather.com\/es\/wp-json\/wp\/v2\/product_tag?post=28712"}],"curies":[{"name":"wp","href":"https:\/\/api.w.org\/{rel}","templated":true}]}}