{"id":28680,"date":"2025-09-07T10:56:49","date_gmt":"2025-09-07T02:56:49","guid":{"rendered":"https:\/\/www.eco-leather.com\/product\/can-be-embossed-artificial-pvc-leather-leatherette-fabric\/"},"modified":"2025-09-07T10:56:51","modified_gmt":"2025-09-07T02:56:51","slug":"puede-ser-en-relieve-de-cuero-artificial-de-pvc-tela-de-cuero-sintetico","status":"publish","type":"product","link":"https:\/\/www.eco-leather.com\/es\/puede-ser-en-relieve-de-cuero-artificial-de-pvc-tela-de-cuero-sintetico\/","title":{"rendered":"Puede ser en relieve PVC Artificial Cuero Tela de cuero sint\u00e9tico"},"content":{"rendered":"<h2>Tejido de PVC de imitaci\u00f3n<\/h2>\n<p><main><\/p>\n<section id=\"product-overview\">\n<h2>Descripci\u00f3n del producto<\/h2>\n<p>Material <strong>Tapicer\u00eda de polipiel a medida<\/strong> Introducci\u00f3n<\/p>\n<p>Elaborado <strong>Cajas de piel sint\u00e9tica China<\/strong> Fabricado con los mejores materiales sint\u00e9ticos, nuestro tejido de polipiel de PVC no s\u00f3lo imita el aspecto y el tacto de la piel aut\u00e9ntica, sino que la supera en versatilidad y rentabilidad.<\/p>\n<p>Adecuado para suministros al por mayor a fabricantes de diversas industrias, este tejido est\u00e1 dise\u00f1ado para satisfacer las estrictas exigencias de los procesos de producci\u00f3n modernos. Ya sea en <strong>Distribuidores de tejidos para bolsas<\/strong> Si es usted fabricante de muebles, proveedor de calzado o fabricante de accesorios de lujo, nuestro tejido de polipiel de PVC le ofrece una alternativa sostenible y elegante al cuero tradicional.<\/p>\n<p>Resistente al desgaste, Impermeable, Antimoho, Flexible , Resistencia al fuego, Resistencia al fr\u00edo, Resistencia al moho, Resistencia a la intemperie,<\/p>\n<p>Fabricados con materiales de microfibra de alta calidad, nuestros guantes de piel sint\u00e9tica de microfibra Ultrasuede de 0,7 mm son la elecci\u00f3n perfecta para el ciclismo. Equilibra flexibilidad y resistencia, y ofrece una transpirabilidad excepcional y propiedades de evacuaci\u00f3n de la humedad para mantener las manos frescas y secas durante salidas intensas.<\/p>\n<p>Tanto si eres un ciclista profesional como si te dedicas al ocio, la piel de microfibra este material proporciona una comodidad y una protecci\u00f3n insuperables. Su gran resistencia a las abrasiones y los desgarros garantiza un rendimiento duradero, mientras que su elegante dise\u00f1o a\u00f1ade un toque sofisticado a cualquier conjunto ciclista.<\/p>\n<\/section>\n<section id=\"specifications\">\n<h2>Par\u00e1metros t\u00e9cnicos<\/h2>\n<p>Especificaci\u00f3n del material<\/p>\n<p><img decoding=\"async\" alt=\"Piel sint\u00e9tica de microfibra de 0,7 mm Ultrasuede para guantes de ciclismo - Especificaci\u00f3n del material\" class=\"product-image\" src=\"\/wp-content\/uploads\/2025\/08\/07mm-ultrasuede-microfiber-faux-leather-for-cycling-gloves--37881.jpg\"\/><\/p>\n<h3>Par\u00e1metros del producto<\/h3>\n<ul class=\"parameters-list\">\n<li><span class=\"param-name\">Material:<\/span> Microfibra + PU<\/li>\n<li><span class=\"param-name\">Color:<\/span> Negro, gris, beige (colores personalizados disponibles)<\/li>\n<li><span class=\"param-name\">Grosor:<\/span> 0,6 mm, 0,7 mm, 0,8 mm, 1 mm<\/li>\n<li><span class=\"param-name\">Cantidad m\u00ednima de pedido:<\/span> 300 metros lineales<\/li>\n<li><span class=\"param-name\">Longitud del rollo:<\/span> 20-30 m\/rollo<\/li>\n<li><span class=\"param-name\">Plazo de entrega:<\/span> 15-20 d\u00edas<\/li>\n<li><span class=\"param-name\">Anchura:<\/span> 54\u2033, 137cm<\/li>\n<li><span class=\"param-name\">Capacidad de producci\u00f3n:<\/span> 1.000.000 de metros mensuales<\/li>\n<\/ul>\n<\/section>\n<section id=\"features\">\n<h2>Caracter\u00edsticas del producto<\/h2>\n<div class=\"feature-item\">\n<img decoding=\"async\" alt=\"NuestroDurable Sof\u00e1 Tela ComerciantePuede ser en relieve PVC artificial Tela de cuero artificial se destaca como una opci\u00f3n de primera calidad para los fabricantes que buscan de alta calidad, materiales respetuosos con los veganos para sus productos\" class=\"feature-image left\" src=\"\/wp-content\/uploads\/2025\/08\/can-be-embossed-artificial-pvc-leather-leatherette-fabric-27320.jpg\"\/><\/p>\n<h3>Nuestra <strong>Durable Sof\u00e1 Tela Trader<\/strong> El tejido de polipiel de PVC artificial con relieve es una opci\u00f3n excelente para los fabricantes que buscan materiales de alta calidad y respetuosos con el medio ambiente para sus productos.<\/h3>\n<p>Nuestra <strong>Durable Sof\u00e1 Tela Trader<\/strong> Can Be Embossed Artificial PVC Leatherette Fabric destaca como una opci\u00f3n de primera calidad para los fabricantes que buscan materiales de alta calidad y respetuosos con el medio ambiente vegano para sus productos.<\/p>\n<div class=\"clear\"><\/div>\n<\/div>\n<div class=\"feature-item\">\n<img decoding=\"async\" alt=\"Como una f\u00e1brica l\u00edder en la producci\u00f3n de pieles sint\u00e9ticas, WINIW Company F\u00e1brica al por mayor de cuero artificial Manufacturersoffers este notable PVC polipiel que combina elegancia con durabilidad\" class=\"feature-image left\" src=\"\/wp-content\/uploads\/2025\/08\/can-be-embossed-artificial-pvc-leather-leatherette-fabric-27321.jpg\"\/><\/p>\n<h3>Como una f\u00e1brica l\u00edder en la producci\u00f3n de pieles sint\u00e9ticas, WINIW Company F\u00e1brica al por mayor de cuero artificial Manufacturersoffers este notable PVC polipiel que combina elegancia con durabilidad<\/h3>\n<p>Como una f\u00e1brica l\u00edder en la producci\u00f3n de pieles sint\u00e9ticas, WINIW Company F\u00e1brica al por mayor de cuero artificial Manufacturersoffers este notable PVC polipiel que combina elegancia con durabilidad.<\/p>\n<div class=\"clear\"><\/div>\n<\/div>\n<div class=\"feature-item\">\n<img decoding=\"async\" alt=\"MaterialPiel de gamuza Impermeable SprayPVC Cuero Marca WINIW Empresa F\u00e1brica de venta al por mayor de cuero artificial FabricantesAncho 54\" class=\"feature-image left\" src=\"\/wp-content\/uploads\/2025\/08\/can-be-embossed-artificial-pvc-leather-leatherette-fabric-27322.jpg\"\/><\/p>\n<h3>Material <strong>Spray Impermeable Piel de Ante<\/strong> Cuero del PVC Marca de f\u00e1brica de la compa\u00f1\u00eda WINIW Fabricantes de cuero artificial al por mayorAncho 54\u2033; 1<\/h3>\n<p>Material <strong>Spray Impermeable Piel de Ante<\/strong> PVC Cuero Marca WINIW Empresa F\u00e1brica al por mayor de cuero artificial ManufacturersWidth 54\u2033; 1.37m Color Rojo, Negro, Marr\u00f3n, Verde, aceptar personalizar Caracter\u00edstica Resistente al desgaste, Impermeable, Anti-Mildew, Flexible , Resistencia al fuego, Resistencia al fr\u00edo, Resistencia al moho, Resistencia a la intemperie, Resistencia a la luz, Resistencia Crocking Espesor 0.6mm-2.4mm, aceptar personalizar Lugar de Origen China Personalizado S\u00ed Plazo de entrega Generalmente dentro de 15 - 25 d\u00edas.<\/p>\n<div class=\"clear\"><\/div>\n<\/div>\n<div class=\"feature-item\">\n<img decoding=\"async\" alt=\"MOQWaterproof Sof\u00e1 Tela Exportador300 metros Detalles de Embalaje 30\/50 Metros por Rollo\" class=\"feature-image left\" src=\"\/wp-content\/uploads\/2025\/08\/can-be-embossed-artificial-pvc-leather-leatherette-fabric-27323.jpg\"\/><\/p>\n<h3>MOQ <strong>Exportador de telas impermeables para sof\u00e1s<\/strong> 300 metros Detalles de embalaje 30\/50 metros por rollo<\/h3>\n<p>MOQ <strong>Exportador de telas impermeables para sof\u00e1s<\/strong> 300 metros Detalles de embalaje 30\/50 metros por rollo. O personalizado Capacidad de producci\u00f3n 1.000.000 metros mensuales<\/p>\n<div class=\"clear\"><\/div>\n<\/div>\n<div class=\"feature-item\">\n<img decoding=\"async\" alt=\"Alta resistencia al desgarro - Ultrasuede Microfibra Faux Leather para guantes de ciclismo\" class=\"feature-image left\" src=\"\/wp-content\/uploads\/2025\/08\/07mm-ultrasuede-microfiber-faux-leather-for-cycling-gloves--37882.jpg\"\/><\/p>\n<h3>Alta resistencia al desgarro<\/h3>\n<p>Nuestra piel de microfibra Ultrasuede presenta una excepcional resistencia al desgarro, lo que garantiza que no se romper\u00e1 ni deformar\u00e1 f\u00e1cilmente bajo tensi\u00f3n. Esto la hace ideal para productos que requieren durabilidad y rendimiento a largo plazo.<\/p>\n<div class=\"clear\"><\/div>\n<\/div>\n<div class=\"feature-item\">\n<img decoding=\"async\" alt=\"Retenci\u00f3n de la forma - Piel sint\u00e9tica de microfibra Ultrasuede para guantes de ciclismo\" class=\"feature-image right\" src=\"\/wp-content\/uploads\/2025\/08\/07mm-ultrasuede-microfiber-faux-leather-for-cycling-gloves--37883.jpg\"\/><\/p>\n<h3>No es f\u00e1cil de deformar<\/h3>\n<p>Especialmente tratado para mantener su forma original, este material ofrece una excelente elasticidad y estabilidad. Resiste la deformaci\u00f3n por presi\u00f3n externa o estiramiento, manteniendo los productos intactos y atractivos a lo largo del tiempo.<\/p>\n<div class=\"clear\"><\/div>\n<\/div>\n<div class=\"feature-item\">\n<img decoding=\"async\" alt=\"Durabilidad - Piel sint\u00e9tica de microfibra Ultrasuede para guantes de ciclismo\" class=\"feature-image left\" src=\"\/wp-content\/uploads\/2025\/08\/07mm-ultrasuede-microfiber-faux-leather-for-cycling-gloves--37884.jpg\"\/><\/p>\n<h3>Durabilidad<\/h3>\n<p>Extremadamente resistente a la abrasi\u00f3n, los desgarros y los pinchazos, este material garantiza que los guantes se mantengan en \u00f3ptimas condiciones incluso con un uso prolongado. Tambi\u00e9n mantiene una excelente destreza y resistencia para art\u00edculos de piel de alta calidad.<\/p>\n<div class=\"clear\"><\/div>\n<\/div>\n<\/section>\n<p><\/main><\/p>\n<section id=\"inquiry\">\n<h2 style=\"text-align: center;\">Esperamos su consulta.<\/h2>\n<p style=\"text-align: center;\">P\u00f3ngase en contacto con nosotros hoy mismo para obtener m\u00e1s informaci\u00f3n sobre nuestros productos y realizar su pedido.<\/p>\n<\/section>\n\n    <div class=\"xs_social_share_widget xs_share_url after_content \t\tmain_content  wslu-style-1 wslu-share-box-shaped wslu-fill-colored wslu-none wslu-share-horizontal wslu-theme-font-no wslu-main_content\">\n\n\t\t\n        <ul>\n\t\t\t        <\/ul>\n    <\/div>","protected":false},"excerpt":{"rendered":"<div class=\"product-short-description\">PVC de cuero puede ser en relieve de cuero artificial de cuero sint\u00e9tico de tela WINIW puede ser en relieve de cuero artificial de cuero sint\u00e9tico de tela Las caracter\u00edsticas clave incluyen cuero de PVC, WINIW, Width.Ideal para aquellos que buscan calidad y fiabilidad.<\/p>\n<p>Como f\u00e1brica directa, fabricante y mayorista, podemos controlar estrictamente el proceso de producci\u00f3n para garantizar la calidad del producto y, al mismo tiempo, ofrecerle los precios m\u00e1s favorables. Contamos con equipos de producci\u00f3n avanzados y un equipo t\u00e9cnico profesional para satisfacer sus necesidades de pedidos a gran escala y garantizar una entrega puntual.<\/p>\n<\/div>","protected":false},"featured_media":2707,"template":"","meta":[],"product_brand":[],"product_cat":[129],"product_tag":[18798],"class_list":{"0":"post-28680","1":"product","2":"type-product","3":"status-publish","4":"has-post-thumbnail","6":"product_cat-pvc-leather","7":"product_tag-automotive-pvc-leather-importerautomotive-pvc-leather-customautomotive-pvc-leather-factoryautomotive-pvc-leather-makerautomotive-pvc-leather-wholesalerautomotive-pvc-leather-traders","9":"first","10":"instock","11":"product-type-simple"},"_links":{"self":[{"href":"https:\/\/www.eco-leather.com\/es\/wp-json\/wp\/v2\/product\/28680","targetHints":{"allow":["GET"]}}],"collection":[{"href":"https:\/\/www.eco-leather.com\/es\/wp-json\/wp\/v2\/product"}],"about":[{"href":"https:\/\/www.eco-leather.com\/es\/wp-json\/wp\/v2\/types\/product"}],"wp:featuredmedia":[{"embeddable":true,"href":"https:\/\/www.eco-leather.com\/es\/wp-json\/wp\/v2\/media\/2707"}],"wp:attachment":[{"href":"https:\/\/www.eco-leather.com\/es\/wp-json\/wp\/v2\/media?parent=28680"}],"wp:term":[{"taxonomy":"product_brand","embeddable":true,"href":"https:\/\/www.eco-leather.com\/es\/wp-json\/wp\/v2\/product_brand?post=28680"},{"taxonomy":"product_cat","embeddable":true,"href":"https:\/\/www.eco-leather.com\/es\/wp-json\/wp\/v2\/product_cat?post=28680"},{"taxonomy":"product_tag","embeddable":true,"href":"https:\/\/www.eco-leather.com\/es\/wp-json\/wp\/v2\/product_tag?post=28680"}],"curies":[{"name":"wp","href":"https:\/\/api.w.org\/{rel}","templated":true}]}}