{"id":28664,"date":"2025-09-07T10:56:39","date_gmt":"2025-09-07T02:56:39","guid":{"rendered":"https:\/\/www.eco-leather.com\/product\/1-5mm-black-faux-leather-synthetic-pvc-polished-high-gloss-surface\/"},"modified":"2025-09-07T10:56:42","modified_gmt":"2025-09-07T02:56:42","slug":"1-5mm-negro-de-imitacion-de-cuero-sintetico-de-pvc-pulido-de-alto-brillo-de-superficie","status":"publish","type":"product","link":"https:\/\/www.eco-leather.com\/es\/1-5mm-negro-de-imitacion-de-cuero-sintetico-de-pvc-pulido-de-alto-brillo-de-superficie\/","title":{"rendered":"Piel sint\u00e9tica negra de 1,5 mm Superficie pulida de alto brillo de PVC sint\u00e9tico"},"content":{"rendered":"<h2>Tejido de PVC de imitaci\u00f3n<\/h2>\n<p><main><\/p>\n<section id=\"product-overview\">\n<h2>Descripci\u00f3n del producto<\/h2>\n<p>Material <strong>Piel sint\u00e9tica Spandex<\/strong> Introducci\u00f3n<\/p>\n<p>P\u00f3ngase <strong>Automotive LeatherSeats Service Dog<\/strong> Resistente, Impermeable, Antimoho, Flexible , Resistencia al fuego, Resistencia al fr\u00edo, Resistencia al moho, Resistencia a la intemperie, Resistencia a la luz, Resistencia a las grietas<\/p>\n<p>Fabricados con materiales de microfibra de alta calidad, nuestros guantes de piel sint\u00e9tica de microfibra Ultrasuede de 0,7 mm son la elecci\u00f3n perfecta para el ciclismo. Equilibra flexibilidad y resistencia, y ofrece una transpirabilidad excepcional y propiedades de evacuaci\u00f3n de la humedad para mantener las manos frescas y secas durante salidas intensas.<\/p>\n<p>Tanto si eres un ciclista profesional como si te dedicas al ocio, la piel de microfibra este material proporciona una comodidad y una protecci\u00f3n insuperables. Su gran resistencia a las abrasiones y los desgarros garantiza un rendimiento duradero, mientras que su elegante dise\u00f1o a\u00f1ade un toque sofisticado a cualquier conjunto ciclista.<\/p>\n<\/section>\n<section id=\"specifications\">\n<h2>Par\u00e1metros t\u00e9cnicos<\/h2>\n<p>Material <strong>Cajas de piel sint\u00e9tica China<\/strong> Especificaci\u00f3n<\/p>\n<p><img decoding=\"async\" alt=\"Piel sint\u00e9tica de microfibra de 0,7 mm Ultrasuede para guantes de ciclismo - Especificaci\u00f3n del material\" class=\"product-image\" src=\"\/wp-content\/uploads\/2025\/08\/07mm-ultrasuede-microfiber-faux-leather-for-cycling-gloves--37881.jpg\"\/><\/p>\n<h3>Par\u00e1metros del producto<\/h3>\n<ul class=\"parameters-list\">\n<li><span class=\"param-name\">Material:<\/span> Microfibra + PU<\/li>\n<li><span class=\"param-name\">Color:<\/span> Negro, gris, beige (colores personalizados disponibles)<\/li>\n<li><span class=\"param-name\">Grosor:<\/span> 0,6 mm, 0,7 mm, 0,8 mm, 1 mm<\/li>\n<li><span class=\"param-name\">Cantidad m\u00ednima de pedido:<\/span> 300 metros lineales<\/li>\n<li><span class=\"param-name\">Longitud del rollo:<\/span> 20-30 m\/rollo<\/li>\n<li><span class=\"param-name\">Plazo de entrega:<\/span> 15-20 d\u00edas<\/li>\n<li><span class=\"param-name\">Anchura:<\/span> 54\u2033, 137cm<\/li>\n<li><span class=\"param-name\">Capacidad de producci\u00f3n:<\/span> 1.000.000 de metros mensuales<\/li>\n<\/ul>\n<\/section>\n<section id=\"features\">\n<h2>Caracter\u00edsticas del producto<\/h2>\n<div class=\"feature-item\">\n<img decoding=\"async\" alt=\"DiscoverWaterproof Faux Leathermana salto revolucionario en cuero artificial con nuestra superficie pulida de alto brillo de cuero compuesto de PVC sint\u00e9tico, meticulosamente elaborado por WINIW Company F\u00e1brica de fabricantes de imitaci\u00f3n de cuero al por mayor, una f\u00e1brica l\u00edder y proveedor al por mayor en la fabricaci\u00f3n de materiales de cuero de imitaci\u00f3n\" class=\"feature-image left\" src=\"\/wp-content\/uploads\/2025\/08\/15mm-black-faux-leather-synthetic-pvc-polished-high-gloss-surface--27176.jpg\"\/><\/p>\n<h3>Descubra <strong>Leatherman de imitaci\u00f3n impermeable<\/strong> un salto revolucionario en el cuero artificial con nuestro pulido de alto brillo de superficie de PVC sint\u00e9tico compuesto de cuero, meticulosamente elaborado por WINIW empresa de f\u00e1brica al por mayor de imitaci\u00f3n de cuero Fabricantes, una f\u00e1brica l\u00edder y proveedor al por mayor en la fabricaci\u00f3n de materiales de imitaci\u00f3n de cuero<\/h3>\n<p>Descubra <strong>Leatherman de imitaci\u00f3n impermeable<\/strong> un salto revolucionario en el cuero artificial con nuestro pulido de alto brillo de superficie de PVC sint\u00e9tico compuesto de cuero, meticulosamente elaborado por la empresa WINIW f\u00e1brica de fabricantes de imitaci\u00f3n de cuero al por mayor, una f\u00e1brica l\u00edder y proveedor al por mayor en la fabricaci\u00f3n de materiales de cuero de imitaci\u00f3n.<\/p>\n<div class=\"clear\"><\/div>\n<\/div>\n<div class=\"feature-item\">\n<img decoding=\"async\" alt=\"Dise\u00f1ado para fabricantes y proveedores que buscan alternativas de alta calidad y respetuosas con el medio ambiente a la piel tradicional, este compuesto sint\u00e9tico ofrece una combinaci\u00f3n inigualable de est\u00e9tica y durabilidad.\" class=\"feature-image left\" src=\"\/wp-content\/uploads\/2025\/08\/15mm-black-faux-leather-synthetic-pvc-polished-high-gloss-surface--27177.jpg\"\/><\/p>\n<h3>Dise\u00f1ado para fabricantes y proveedores que buscan alternativas de alta calidad y respetuosas con el medio ambiente a la piel tradicional, este compuesto sint\u00e9tico ofrece una combinaci\u00f3n inigualable de est\u00e9tica y durabilidad.<\/h3>\n<p>Dise\u00f1ado para fabricantes y proveedores que buscan alternativas de alta calidad y respetuosas con el medio ambiente a la piel tradicional, este compuesto sint\u00e9tico ofrece una combinaci\u00f3n inigualable de est\u00e9tica y durabilidad. A medida <strong>Ante Piel Impermeable Importaci\u00f3n<\/strong> espec\u00edficamente para industrias que exigen excelencia tanto en apariencia como en rendimiento, es un testimonio de nuestro compromiso con la innovaci\u00f3n y la sostenibilidad .<\/p>\n<div class=\"clear\"><\/div>\n<\/div>\n<div class=\"feature-item\">\n<img decoding=\"async\" alt=\"Material PVC Cuero Marca WINIW Empresa F\u00e1brica Fabricantes al por mayor de imitaci\u00f3n de cueroAncho 54\" class=\"feature-image left\" src=\"\/wp-content\/uploads\/2025\/08\/15mm-black-faux-leather-synthetic-pvc-polished-high-gloss-surface--27178.jpg\"\/><\/p>\n<h3>Material PVC cuero Marca de f\u00e1brica WINIW empresa fabricantes de cuero de imitaci\u00f3n al por mayorAncho 54\u2033; 1<\/h3>\n<p>Material PVC Cuero Nombre de marca WINIW Empresa F\u00e1brica de fabricantes de cuero de imitaci\u00f3n al por mayorAncho 54\u2033; 1.37m <strong>Servicio de material de cuero impermeable<\/strong> Color Rojo, Negro, Marr\u00f3n, Verde, aceptar personalizar Caracter\u00edstica Resistente al desgaste, Impermeable, Antimoho, Flexible, Resistencia al fuego, Resistencia al fr\u00edo, Resistencia al moho, Resistencia a la intemperie, Resistencia a la luz, Resistencia a la rotura Grosor 0,6mm-2,4mm, aceptar personalizar Lugar de Origen China Personalizado S\u00ed Plazo de entrega Normalmente en 15 - 25 d\u00edas.<\/p>\n<div class=\"clear\"><\/div>\n<\/div>\n<div class=\"feature-item\">\n<img decoding=\"async\" alt=\"MOQ 300 metros Detalles de embalaje 30\/50 metros por rollo\" class=\"feature-image left\" src=\"\/wp-content\/uploads\/2025\/08\/15mm-black-faux-leather-synthetic-pvc-polished-high-gloss-surface--27179.jpg\"\/><\/p>\n<h3>MOQ 300 metros Detalles de embalaje 30\/50 metros por rollo<\/h3>\n<p>MOQ 300 metros Detalles de embalaje 30\/50 metros por rollo. O personalizado Capacidad de producci\u00f3n 1.000.000 metros mensuales<\/p>\n<div class=\"clear\"><\/div>\n<\/div>\n<div class=\"feature-item\">\n<img decoding=\"async\" alt=\"Alta resistencia al desgarro - Ultrasuede Microfibra Faux Leather para guantes de ciclismo\" class=\"feature-image left\" src=\"\/wp-content\/uploads\/2025\/08\/07mm-ultrasuede-microfiber-faux-leather-for-cycling-gloves--37882.jpg\"\/><\/p>\n<h3>Alta resistencia al desgarro<\/h3>\n<p>Nuestra piel de microfibra Ultrasuede presenta una excepcional resistencia al desgarro, lo que garantiza que no se romper\u00e1 ni deformar\u00e1 f\u00e1cilmente bajo tensi\u00f3n. Esto la hace ideal para productos que requieren durabilidad y rendimiento a largo plazo.<\/p>\n<div class=\"clear\"><\/div>\n<\/div>\n<div class=\"feature-item\">\n<img decoding=\"async\" alt=\"Retenci\u00f3n de la forma - Piel sint\u00e9tica de microfibra Ultrasuede para guantes de ciclismo\" class=\"feature-image right\" src=\"\/wp-content\/uploads\/2025\/08\/07mm-ultrasuede-microfiber-faux-leather-for-cycling-gloves--37883.jpg\"\/><\/p>\n<h3>No es f\u00e1cil de deformar<\/h3>\n<p>Especialmente tratado para mantener su forma original, este material ofrece una excelente elasticidad y estabilidad. Resiste la deformaci\u00f3n por presi\u00f3n externa o estiramiento, manteniendo los productos intactos y atractivos a lo largo del tiempo.<\/p>\n<div class=\"clear\"><\/div>\n<\/div>\n<div class=\"feature-item\">\n<img decoding=\"async\" alt=\"Durabilidad - Piel sint\u00e9tica de microfibra Ultrasuede para guantes de ciclismo\" class=\"feature-image left\" src=\"\/wp-content\/uploads\/2025\/08\/07mm-ultrasuede-microfiber-faux-leather-for-cycling-gloves--37884.jpg\"\/><\/p>\n<h3>Durabilidad<\/h3>\n<p>Extremadamente resistente a la abrasi\u00f3n, los desgarros y los pinchazos, este material garantiza que los guantes se mantengan en \u00f3ptimas condiciones incluso con un uso prolongado. Tambi\u00e9n mantiene una excelente destreza y resistencia para art\u00edculos de piel de alta calidad.<\/p>\n<div class=\"clear\"><\/div>\n<\/div>\n<\/section>\n<p><\/main><\/p>\n<section id=\"inquiry\">\n<h2 style=\"text-align: center;\">Esperamos su consulta.<\/h2>\n<p style=\"text-align: center;\">P\u00f3ngase en contacto con nosotros hoy mismo para obtener m\u00e1s informaci\u00f3n sobre nuestros productos y realizar su pedido.<\/p>\n<\/section>\n\n    <div class=\"xs_social_share_widget xs_share_url after_content \t\tmain_content  wslu-style-1 wslu-share-box-shaped wslu-fill-colored wslu-none wslu-share-horizontal wslu-theme-font-no wslu-main_content\">\n\n\t\t\n        <ul>\n\t\t\t        <\/ul>\n    <\/div>","protected":false},"excerpt":{"rendered":"<div class=\"product-short-description\">Piel de PVC 1,5 mm Piel sint\u00e9tica de imitaci\u00f3n negra Superficie pulida de alto brillo WINIW Piel sint\u00e9tica de imitaci\u00f3n negra de 1,5 mm Superficie pulida de alto brillo Las caracter\u00edsticas principales incluyen Piel de PVC, WINIW, Ancho.Ideal para aquellos que buscan calidad y fiabilidad.<\/p>\n<p>Como f\u00e1brica directa, fabricante y mayorista, podemos controlar estrictamente el proceso de producci\u00f3n para garantizar la calidad del producto y, al mismo tiempo, ofrecerle los precios m\u00e1s favorables. Contamos con equipos de producci\u00f3n avanzados y un equipo t\u00e9cnico profesional para satisfacer sus necesidades de pedidos a gran escala y garantizar una entrega puntual.<\/p>\n<\/div>","protected":false},"featured_media":2579,"template":"","meta":[],"product_brand":[],"product_cat":[129],"product_tag":[],"class_list":{"0":"post-28664","1":"product","2":"type-product","3":"status-publish","4":"has-post-thumbnail","6":"product_cat-pvc-leather","8":"first","9":"instock","10":"product-type-simple"},"_links":{"self":[{"href":"https:\/\/www.eco-leather.com\/es\/wp-json\/wp\/v2\/product\/28664","targetHints":{"allow":["GET"]}}],"collection":[{"href":"https:\/\/www.eco-leather.com\/es\/wp-json\/wp\/v2\/product"}],"about":[{"href":"https:\/\/www.eco-leather.com\/es\/wp-json\/wp\/v2\/types\/product"}],"wp:featuredmedia":[{"embeddable":true,"href":"https:\/\/www.eco-leather.com\/es\/wp-json\/wp\/v2\/media\/2579"}],"wp:attachment":[{"href":"https:\/\/www.eco-leather.com\/es\/wp-json\/wp\/v2\/media?parent=28664"}],"wp:term":[{"taxonomy":"product_brand","embeddable":true,"href":"https:\/\/www.eco-leather.com\/es\/wp-json\/wp\/v2\/product_brand?post=28664"},{"taxonomy":"product_cat","embeddable":true,"href":"https:\/\/www.eco-leather.com\/es\/wp-json\/wp\/v2\/product_cat?post=28664"},{"taxonomy":"product_tag","embeddable":true,"href":"https:\/\/www.eco-leather.com\/es\/wp-json\/wp\/v2\/product_tag?post=28664"}],"curies":[{"name":"wp","href":"https:\/\/api.w.org\/{rel}","templated":true}]}}