{"id":28536,"date":"2025-09-07T10:55:23","date_gmt":"2025-09-07T02:55:23","guid":{"rendered":"https:\/\/www.eco-leather.com\/product\/1-8mm-heat-and-cold-resistance-microfiber-base-leather-for-clothing\/"},"modified":"2025-09-07T10:55:30","modified_gmt":"2025-09-07T02:55:30","slug":"1-cuero-base-de-microfibra-de-8-mm-de-resistencia-al-calor-y-al-frio-para-prendas-de-vestir","status":"publish","type":"product","link":"https:\/\/www.eco-leather.com\/es\/1-cuero-base-de-microfibra-de-8-mm-de-resistencia-al-calor-y-al-frio-para-prendas-de-vestir\/","title":{"rendered":"1.8mm Resistencia al calor y al fr\u00edo Microfibra Base de cuero para la ropa"},"content":{"rendered":"<h2>Base de microfibra de cuero<\/h2>\n<p><main><\/p>\n<section id=\"product-overview\">\n<h2>Descripci\u00f3n del producto<\/h2>\n<p>producto <strong>Piel sint\u00e9tica Spandex<\/strong> descripci\u00f3n<\/p>\n<p>Calor <strong>Automotive LeatherSeats Service Dog<\/strong> Y Resistencia al fr\u00edo Resistencia al envejecimiento<\/p>\n<p>Fabricados con materiales de microfibra de alta calidad, nuestros guantes de piel sint\u00e9tica de microfibra Ultrasuede de 0,7 mm son la elecci\u00f3n perfecta para el ciclismo. Equilibra flexibilidad y resistencia, y ofrece una transpirabilidad excepcional y propiedades de evacuaci\u00f3n de la humedad para mantener las manos frescas y secas durante salidas intensas.<\/p>\n<p>Tanto si eres un ciclista profesional como si te dedicas al ocio, la piel de microfibra este material proporciona una comodidad y una protecci\u00f3n insuperables. Su gran resistencia a las abrasiones y los desgarros garantiza un rendimiento duradero, mientras que su elegante dise\u00f1o a\u00f1ade un toque sofisticado a cualquier conjunto ciclista.<\/p>\n<\/section>\n<section id=\"specifications\">\n<h2>Par\u00e1metros t\u00e9cnicos<\/h2>\n<ul class_=\"parameters-list\">\n<li><span class=\"param-name\">par\u00e1metro <strong>Piel importada<\/strong> Material:<\/span> microfibra + PU. color: referencia de color Pantone O Muestra Espesor Normal 0.5mm-2.0mm O Espesor Personalizado Cantidad m\u00ednima de pedido: 300 metros lineales.<\/li>\n<li><span class=\"param-name\">Longitud del rollo:<\/span> 20-30m\/rollo plazo de entrega: 15-20 d\u00edas. anchura: 54 , 137cm capacidad de producci\u00f3n: 1.000.000 metros mensuales.<\/li>\n<\/ul>\n<p><img decoding=\"async\" alt=\"Piel sint\u00e9tica de microfibra de 0,7 mm Ultrasuede para guantes de ciclismo - Especificaci\u00f3n del material\" class=\"product-image\" src=\"\/wp-content\/uploads\/2025\/08\/07mm-ultrasuede-microfiber-faux-leather-for-cycling-gloves--37881.jpg\"\/><\/p>\n<h3>Par\u00e1metros del producto<\/h3>\n<ul class=\"parameters-list\">\n<li><span class=\"param-name\">Material:<\/span> Microfibra + PU<\/li>\n<li><span class=\"param-name\">Color:<\/span> Negro, gris, beige (colores personalizados disponibles)<\/li>\n<li><span class=\"param-name\">Grosor:<\/span> 0,6 mm, 0,7 mm, 0,8 mm, 1 mm<\/li>\n<li><span class=\"param-name\">Cantidad m\u00ednima de pedido:<\/span> 300 metros lineales<\/li>\n<li><span class=\"param-name\">Longitud del rollo:<\/span> 20-30 m\/rollo<\/li>\n<li><span class=\"param-name\">Plazo de entrega:<\/span> 15-20 d\u00edas<\/li>\n<li><span class=\"param-name\">Anchura:<\/span> 54\u2033, 137cm<\/li>\n<li><span class=\"param-name\">Capacidad de producci\u00f3n:<\/span> 1.000.000 de metros mensuales<\/li>\n<\/ul>\n<\/section>\n<section id=\"features\">\n<h2>Caracter\u00edsticas del producto<\/h2>\n<div class=\"feature-item\">\n<img decoding=\"async\" alt=\"WINIWaterproof Faux Leather PersonalizarEmpresa F\u00e1brica de venta al por mayor de cuero sint\u00e9tico Fabricantes\" class=\"feature-image left\" src=\"\/wp-content\/uploads\/2025\/08\/18mm-heat-and-cold-resistance-microfiber-base-leather-for-clothing-25898.jpg\"\/><\/p>\n<h3>WINIW <strong>Piel sint\u00e9tica impermeable Personalizar<\/strong> Empresa Fabricantes de cuero sint\u00e9tico al por mayor<\/h3>\n<p>WINIW <strong>Piel sint\u00e9tica impermeable Personalizar<\/strong> Empresa F\u00e1brica de venta al por mayor de cuero sint\u00e9tico Manufacturers.8mm de calor y la resistencia al fr\u00edo de cuero base de microfibra para la ropa, especialmente dise\u00f1ado para las f\u00e1bricas de gama B, incorpora tecnolog\u00eda avanzada para mezclar a la perfecci\u00f3n microfibra con materiales especiales de base, lo que resulta en el calor excepcional y resistencia al fr\u00edo.<\/p>\n<div class=\"clear\"><\/div>\n<\/div>\n<div class=\"feature-item\">\n<img decoding=\"async\" class=\"feature-image left\" src=\"\/wp-content\/uploads\/2025\/08\/18mm-heat-and-cold-resistance-microfiber-base-leather-for-clothing-25899.jpg\">\" alt=\"Este <strong>Spray Impermeable Piel de Ante<\/strong> La piel tiene una textura suave, un tacto c\u00f3modo y una resistencia a la abrasi\u00f3n, resistencia al desgarro y transpirabilidad superiores, por lo que satisface los elevados requisitos de rendimiento de los materiales para la confecci\u00f3n de prendas de alta calidad.\"&gt;<\/p>\n<h3>Este <strong>Spray Impermeable Piel de Ante<\/strong> La piel tiene una textura suave, un tacto confortable y una resistencia a la abrasi\u00f3n, resistencia al desgarro y transpirabilidad superiores, por lo que satisface los elevados requisitos de rendimiento de los materiales para la confecci\u00f3n de prendas de alta calidad.<\/h3>\n<p>Este <strong>Spray Impermeable Piel de Ante<\/strong> tiene una textura suave, un tacto confortable y una resistencia a la abrasi\u00f3n, resistencia al desgarro y transpirabilidad superiores, por lo que satisface los elevados requisitos de rendimiento de los materiales para la confecci\u00f3n de prendas de alta calidad.<\/p>\n<div class=\"clear\"><\/div>\n<p><\/img><\/div>\n<div class=\"feature-item\">\n<img decoding=\"async\" class=\"feature-image left\" src=\"\/wp-content\/uploads\/2025\/08\/18mm-heat-and-cold-resistance-microfiber-base-leather-for-clothing-25900.jpg\"\/>\" alt=\"Adem\u00e1s, <strong>Leatherman de imitaci\u00f3n impermeable<\/strong> su proceso de producci\u00f3n respetuoso con el medio ambiente y su calidad constante lo convierten en la opci\u00f3n ideal para las f\u00e1bricas de gama B\"&gt;.<\/p>\n<h3>Adem\u00e1s, <strong>Leatherman de imitaci\u00f3n impermeable<\/strong> su proceso de producci\u00f3n respetuoso con el medio ambiente y su calidad constante lo convierten en la opci\u00f3n ideal para las f\u00e1bricas de gama B<\/h3>\n<p>Adem\u00e1s, <strong>Leatherman de imitaci\u00f3n impermeable<\/strong> Su proceso de producci\u00f3n respetuoso con el medio ambiente y su calidad constante lo convierten en la opci\u00f3n ideal para las f\u00e1bricas de gama B. Detalles y caracter\u00edsticas del producto<\/p>\n<div class=\"clear\"><\/div>\n<\/div>\n<div class=\"feature-item\">\n<img decoding=\"async\" alt=\"Alta resistencia al desgarro - Ultrasuede Microfibra Faux Leather para guantes de ciclismo\" class=\"feature-image left\" src=\"\/wp-content\/uploads\/2025\/08\/07mm-ultrasuede-microfiber-faux-leather-for-cycling-gloves--37882.jpg\"\/><\/p>\n<h3>Alta resistencia al desgarro<\/h3>\n<p>Nuestra piel de microfibra Ultrasuede presenta una excepcional resistencia al desgarro, lo que garantiza que no se romper\u00e1 ni deformar\u00e1 f\u00e1cilmente bajo tensi\u00f3n. Esto la hace ideal para productos que requieren durabilidad y rendimiento a largo plazo.<\/p>\n<div class=\"clear\"><\/div>\n<\/div>\n<div class=\"feature-item\">\n<img decoding=\"async\" alt=\"Retenci\u00f3n de la forma - Piel sint\u00e9tica de microfibra Ultrasuede para guantes de ciclismo\" class=\"feature-image right\" src=\"\/wp-content\/uploads\/2025\/08\/07mm-ultrasuede-microfiber-faux-leather-for-cycling-gloves--37883.jpg\"\/><\/p>\n<h3>No es f\u00e1cil de deformar<\/h3>\n<p>Especialmente tratado para mantener su forma original, este material ofrece una excelente elasticidad y estabilidad. Resiste la deformaci\u00f3n por presi\u00f3n externa o estiramiento, manteniendo los productos intactos y atractivos a lo largo del tiempo.<\/p>\n<div class=\"clear\"><\/div>\n<\/div>\n<div class=\"feature-item\">\n<img decoding=\"async\" alt=\"Durabilidad - Piel sint\u00e9tica de microfibra Ultrasuede para guantes de ciclismo\" class=\"feature-image left\" src=\"\/wp-content\/uploads\/2025\/08\/07mm-ultrasuede-microfiber-faux-leather-for-cycling-gloves--37884.jpg\"\/><\/p>\n<h3>Durabilidad<\/h3>\n<p>Extremadamente resistente a la abrasi\u00f3n, los desgarros y los pinchazos, este material garantiza que los guantes se mantengan en \u00f3ptimas condiciones incluso con un uso prolongado. Tambi\u00e9n mantiene una excelente destreza y resistencia para art\u00edculos de piel de alta calidad.<\/p>\n<div class=\"clear\"><\/div>\n<\/div>\n<\/section>\n<section id=\"usage\">\n<h2>Uso y aplicaciones<\/h2>\n<div class=\"usage-point\">\n<h3>Este material de cuero no se deforma ni agrieta f\u00e1cilmente a altas temperaturas, al tiempo que mantiene su suavidad y dureza a bajas temperaturas, lo que lo hace adaptable a su uso en diversos entornos clim\u00e1ticos.<\/h3>\n<p>Este material de cuero no se deforma ni agrieta f\u00e1cilmente a altas temperaturas, al tiempo que mantiene su suavidad y dureza a bajas temperaturas, lo que lo hace adaptable a su uso en diversos entornos clim\u00e1ticos.<\/p>\n<\/div>\n<div class=\"usage-point\">\n<h3>C\u00f3modo y transpirable<\/h3>\n<p>Suave, c\u00f3modo y muy transpirable, este material es perfecto para guantes de ciclismo y otros productos que se utilizan durante periodos prolongados. Mantiene las manos frescas y secas durante actividades extenuantes.<\/p>\n<\/div>\n<div class=\"usage-point\">\n<h3>Ecol\u00f3gico y sostenible<\/h3>\n<p>Nuestra piel sint\u00e9tica de microfibra Ultrasuede incluye opciones respetuosas con el medio ambiente, como las variantes fabricadas con PET reciclado y materiales de origen vegetal, que reducen el impacto medioambiental a la vez que ofrecen diversas texturas.<\/p>\n<\/div>\n<div class=\"usage-point\">\n<h3>Protecci\u00f3n antibacterias y antipolvo<\/h3>\n<p>Las variantes seleccionadas presentan propiedades antibacterianas y resistentes al polvo, por lo que cumplen elevadas normas de higiene ideales para guantes que requieren estrictos controles de calidad y seguridad.<\/p>\n<\/div>\n<div class=\"usage-point\">\n<h3>Diversos escenarios de aplicaci\u00f3n<\/h3>\n<p>Adem\u00e1s de guantes de ciclismo, es adecuado para guantes de dedos, guantes de seguridad y otros tipos de guantes, as\u00ed como calzado, ropa y accesorios.<\/p>\n<\/div>\n<p><img decoding=\"async\" alt=\"Aplicaciones de la piel sint\u00e9tica de microfibra Ultrasuede de 0,7 mm en diversos productos\" class=\"product-image\" src=\"\/wp-content\/uploads\/2025\/08\/07mm-ultrasuede-microfiber-faux-leather-for-cycling-gloves--37885.jpg\"\/><br \/>\n<img decoding=\"async\" alt=\"Guantes de ciclismo de piel de microfibra Ultrasuede - ejemplo de producto\" class=\"product-image\" src=\"\/wp-content\/uploads\/2025\/08\/07mm-ultrasuede-microfiber-faux-leather-for-cycling-gloves--37886.jpg\"\/><br \/>\n<\/section>\n<p><\/main><\/p>\n<section id=\"inquiry\">\n<h2 style=\"text-align: center;\">Esperamos su consulta.<\/h2>\n<p style=\"text-align: center;\">P\u00f3ngase en contacto con nosotros hoy mismo para obtener m\u00e1s informaci\u00f3n sobre nuestros productos y realizar su pedido.<\/p>\n<\/section>\n\n    <div class=\"xs_social_share_widget xs_share_url after_content \t\tmain_content  wslu-style-1 wslu-share-box-shaped wslu-fill-colored wslu-none wslu-share-horizontal wslu-theme-font-no wslu-main_content\">\n\n\t\t\n        <ul>\n\t\t\t        <\/ul>\n    <\/div>","protected":false},"excerpt":{"rendered":"<div class=\"product-short-description\">Base de microfibra de cuero de 1,8 mm de calor y resistencia al fr\u00edo base de microfibra de cuero para la ropa WINIW 1,8 mm de calor y resistencia al fr\u00edo base de microfibra de cuero para la ropa Las caracter\u00edsticas clave incluyen microfibra + PU., color:, referencia de color Pantone O Sample.Ideal para aquellos que buscan calidad y fiabilidad.<\/p>\n<p>Como f\u00e1brica directa, fabricante y mayorista, podemos controlar estrictamente el proceso de producci\u00f3n para garantizar la calidad del producto y, al mismo tiempo, ofrecerle los precios m\u00e1s favorables. Contamos con equipos de producci\u00f3n avanzados y un equipo t\u00e9cnico profesional para satisfacer sus necesidades de pedidos a gran escala y garantizar una entrega puntual.<\/p>\n<\/div>","protected":false},"featured_media":4565,"template":"","meta":[],"product_brand":[],"product_cat":[267],"product_tag":[18717],"class_list":{"0":"post-28536","1":"product","2":"type-product","3":"status-publish","4":"has-post-thumbnail","6":"product_cat-microfiber-base-leather","7":"product_tag-faux-leather-clothingpu-leather-clothingleather-clothing-fabricvegan-leather-clothingcactus-leather-clothingvegan-leather-for-clothing","9":"first","10":"instock","11":"product-type-simple"},"_links":{"self":[{"href":"https:\/\/www.eco-leather.com\/es\/wp-json\/wp\/v2\/product\/28536","targetHints":{"allow":["GET"]}}],"collection":[{"href":"https:\/\/www.eco-leather.com\/es\/wp-json\/wp\/v2\/product"}],"about":[{"href":"https:\/\/www.eco-leather.com\/es\/wp-json\/wp\/v2\/types\/product"}],"wp:featuredmedia":[{"embeddable":true,"href":"https:\/\/www.eco-leather.com\/es\/wp-json\/wp\/v2\/media\/4565"}],"wp:attachment":[{"href":"https:\/\/www.eco-leather.com\/es\/wp-json\/wp\/v2\/media?parent=28536"}],"wp:term":[{"taxonomy":"product_brand","embeddable":true,"href":"https:\/\/www.eco-leather.com\/es\/wp-json\/wp\/v2\/product_brand?post=28536"},{"taxonomy":"product_cat","embeddable":true,"href":"https:\/\/www.eco-leather.com\/es\/wp-json\/wp\/v2\/product_cat?post=28536"},{"taxonomy":"product_tag","embeddable":true,"href":"https:\/\/www.eco-leather.com\/es\/wp-json\/wp\/v2\/product_tag?post=28536"}],"curies":[{"name":"wp","href":"https:\/\/api.w.org\/{rel}","templated":true}]}}