{"id":28526,"date":"2025-09-07T10:55:23","date_gmt":"2025-09-07T02:55:23","guid":{"rendered":"https:\/\/www.eco-leather.com\/product\/0-5mm-excellent-flexibility-and-crease-resistance-apparel-microfiber-base-leather\/"},"modified":"2025-09-07T10:55:27","modified_gmt":"2025-09-07T02:55:27","slug":"0-5mm-excellent-flexibility-and-crease-resistance-apparel-microfiber-base-leather","status":"publish","type":"product","link":"https:\/\/www.eco-leather.com\/es\/0-5mm-excellent-flexibility-and-crease-resistance-apparel-microfiber-base-leather\/","title":{"rendered":"0.5mm Excellent Flexibility and Crease Resistance Apparel Microfiber Base Leather"},"content":{"rendered":"<h2>Base de microfibra de cuero<\/h2>\n<p><main><\/p>\n<section id=\"product-overview\">\n<h2>Descripci\u00f3n del producto<\/h2>\n<p>producto <strong>Piel sint\u00e9tica Spandex<\/strong> descripci\u00f3n<\/p>\n<p>Excellent <strong>Automotive LeatherSeats Service Dog<\/strong> Flexibility and Crease Resistance<\/p>\n<p>Fabricados con materiales de microfibra de alta calidad, nuestros guantes de piel sint\u00e9tica de microfibra Ultrasuede de 0,7 mm son la elecci\u00f3n perfecta para el ciclismo. Equilibra flexibilidad y resistencia, y ofrece una transpirabilidad excepcional y propiedades de evacuaci\u00f3n de la humedad para mantener las manos frescas y secas durante salidas intensas.<\/p>\n<p>Tanto si eres un ciclista profesional como si te dedicas al ocio, la piel de microfibra este material proporciona una comodidad y una protecci\u00f3n insuperables. Su gran resistencia a las abrasiones y los desgarros garantiza un rendimiento duradero, mientras que su elegante dise\u00f1o a\u00f1ade un toque sofisticado a cualquier conjunto ciclista.<\/p>\n<\/section>\n<section id=\"specifications\">\n<h2>Par\u00e1metros t\u00e9cnicos<\/h2>\n<ul class_=\"parameters-list\">\n<li><span class=\"param-name\">par\u00e1metro <strong>Cajas de piel sint\u00e9tica China<\/strong> Material:<\/span> microfibra + PU. color: referencia de color Pantone O Muestra Espesor Normal 0.5mm-2.0mm O Espesor Personalizado Cantidad m\u00ednima de pedido: 300 metros lineales.<\/li>\n<li><span class=\"param-name\">Longitud del rollo:<\/span> 20-30m\/rollo plazo de entrega: 15-20 d\u00edas. anchura: 54 , 137cm capacidad de producci\u00f3n: 1.000.000 metros mensuales.<\/li>\n<\/ul>\n<p><img decoding=\"async\" alt=\"Piel sint\u00e9tica de microfibra de 0,7 mm Ultrasuede para guantes de ciclismo - Especificaci\u00f3n del material\" class=\"product-image\" src=\"\/wp-content\/uploads\/2025\/08\/07mm-ultrasuede-microfiber-faux-leather-for-cycling-gloves--37881.jpg\"\/><\/p>\n<h3>Par\u00e1metros del producto<\/h3>\n<ul class=\"parameters-list\">\n<li><span class=\"param-name\">Material:<\/span> Microfibra + PU<\/li>\n<li><span class=\"param-name\">Color:<\/span> Negro, gris, beige (colores personalizados disponibles)<\/li>\n<li><span class=\"param-name\">Grosor:<\/span> 0,6 mm, 0,7 mm, 0,8 mm, 1 mm<\/li>\n<li><span class=\"param-name\">Cantidad m\u00ednima de pedido:<\/span> 300 metros lineales<\/li>\n<li><span class=\"param-name\">Longitud del rollo:<\/span> 20-30 m\/rollo<\/li>\n<li><span class=\"param-name\">Plazo de entrega:<\/span> 15-20 d\u00edas<\/li>\n<li><span class=\"param-name\">Anchura:<\/span> 54\u2033, 137cm<\/li>\n<li><span class=\"param-name\">Capacidad de producci\u00f3n:<\/span> 1.000.000 de metros mensuales<\/li>\n<\/ul>\n<\/section>\n<section id=\"features\">\n<h2>Caracter\u00edsticas del producto<\/h2>\n<div class=\"feature-item\">\n<img decoding=\"async\" alt=\"PresentamosWaterproof Faux Leathermanour 0\" class=\"feature-image left\" src=\"\/wp-content\/uploads\/2025\/08\/05mm-excellent-flexibility-and-crease-resistance-apparel-microfiber-base-leather-25784.jpg\"\/><\/p>\n<h3>Presentaci\u00f3n de <strong>Leatherman de imitaci\u00f3n impermeable<\/strong> nuestro 0<\/h3>\n<p>Presentaci\u00f3n de <strong>Leatherman de imitaci\u00f3n impermeable<\/strong> our 0.5mm Excellent Flexibility and Crease Resistance Apparel Microfiber Base Leather, specifically engineered for B-end factories seeking premium materials for high-performance apparel production.<\/p>\n<div class=\"clear\"><\/div>\n<\/div>\n<div class=\"feature-item\">\n<img decoding=\"async\" alt=\"ThisWaterproof Faux Leather Customizemicrofiber leather boasts exceptional durability and flexibility, making it an ideal choice for manufacturing a variety of garments that require both aesthetic appeal and robust functionality\" class=\"feature-image left\" src=\"\/wp-content\/uploads\/2025\/08\/05mm-excellent-flexibility-and-crease-resistance-apparel-microfiber-base-leather-25785.JPG\"\/><\/p>\n<h3>Este <strong>Piel sint\u00e9tica impermeable Personalizar<\/strong> microfiber leather boasts exceptional durability and flexibility, making it an ideal choice for manufacturing a variety of garments that require both aesthetic appeal and robust functionality<\/h3>\n<p>Este <strong>Piel sint\u00e9tica impermeable Personalizar<\/strong> microfiber leather boasts exceptional durability and flexibility, making it an ideal choice for manufacturing a variety of garments that require both aesthetic appeal and robust functionality.<\/p>\n<div class=\"clear\"><\/div>\n<\/div>\n<div class=\"feature-item\">\n<img decoding=\"async\" alt=\"ItsWaterproof Leather Fabric Odmhsasadvanced crease resistance ensures that finished products retain their shape and elegance over time, enhancing the overall quality and marketability of your apparel lines\" class=\"feature-image left\" src=\"\/wp-content\/uploads\/2025\/08\/05mm-excellent-flexibility-and-crease-resistance-apparel-microfiber-base-leather-25786.JPG\"\/><\/p>\n<h3>Su <strong>Piel Impermeable Tejido Odmhsas<\/strong> advanced crease resistance ensures that finished products retain their shape and elegance over time, enhancing the overall quality and marketability of your apparel lines<\/h3>\n<p>Su <strong>Piel Impermeable Tejido Odmhsas<\/strong> advanced crease resistance ensures that finished products retain their shape and elegance over time, enhancing the overall quality and marketability of your apparel lines.<\/p>\n<div class=\"clear\"><\/div>\n<\/div>\n<div class=\"feature-item\">\n<img decoding=\"async\" alt=\"Product details and features High Strength Microfiber leather exhibits high durability and resistance to scratching, wear, or tearing\" class=\"feature-image left\" src=\"\/wp-content\/uploads\/2025\/08\/05mm-excellent-flexibility-and-crease-resistance-apparel-microfiber-base-leather-25787.JPG\"\/><\/p>\n<h3>Product details and features High Strength Microfiber leather exhibits high durability and resistance to scratching, wear, or tearing<\/h3>\n<p>Product details and features High Strength Microfiber leather exhibits high durability and resistance to scratching, wear, or tearing.<\/p>\n<div class=\"clear\"><\/div>\n<\/div>\n<div class=\"feature-item\">\n<img decoding=\"async\" alt=\"Alta resistencia al desgarro - Ultrasuede Microfibra Faux Leather para guantes de ciclismo\" class=\"feature-image left\" src=\"\/wp-content\/uploads\/2025\/08\/07mm-ultrasuede-microfiber-faux-leather-for-cycling-gloves--37882.jpg\"\/><\/p>\n<h3>Alta resistencia al desgarro<\/h3>\n<p>Nuestra piel de microfibra Ultrasuede presenta una excepcional resistencia al desgarro, lo que garantiza que no se romper\u00e1 ni deformar\u00e1 f\u00e1cilmente bajo tensi\u00f3n. Esto la hace ideal para productos que requieren durabilidad y rendimiento a largo plazo.<\/p>\n<div class=\"clear\"><\/div>\n<\/div>\n<div class=\"feature-item\">\n<img decoding=\"async\" alt=\"Retenci\u00f3n de la forma - Piel sint\u00e9tica de microfibra Ultrasuede para guantes de ciclismo\" class=\"feature-image right\" src=\"\/wp-content\/uploads\/2025\/08\/07mm-ultrasuede-microfiber-faux-leather-for-cycling-gloves--37883.jpg\"\/><\/p>\n<h3>No es f\u00e1cil de deformar<\/h3>\n<p>Especialmente tratado para mantener su forma original, este material ofrece una excelente elasticidad y estabilidad. Resiste la deformaci\u00f3n por presi\u00f3n externa o estiramiento, manteniendo los productos intactos y atractivos a lo largo del tiempo.<\/p>\n<div class=\"clear\"><\/div>\n<\/div>\n<div class=\"feature-item\">\n<img decoding=\"async\" alt=\"Durabilidad - Piel sint\u00e9tica de microfibra Ultrasuede para guantes de ciclismo\" class=\"feature-image left\" src=\"\/wp-content\/uploads\/2025\/08\/07mm-ultrasuede-microfiber-faux-leather-for-cycling-gloves--37884.jpg\"\/><\/p>\n<h3>Durabilidad<\/h3>\n<p>Extremadamente resistente a la abrasi\u00f3n, los desgarros y los pinchazos, este material garantiza que los guantes se mantengan en \u00f3ptimas condiciones incluso con un uso prolongado. Tambi\u00e9n mantiene una excelente destreza y resistencia para art\u00edculos de piel de alta calidad.<\/p>\n<div class=\"clear\"><\/div>\n<\/div>\n<\/section>\n<p><\/main><\/p>\n<section id=\"inquiry\">\n<h2 style=\"text-align: center;\">Esperamos su consulta.<\/h2>\n<p style=\"text-align: center;\">P\u00f3ngase en contacto con nosotros hoy mismo para obtener m\u00e1s informaci\u00f3n sobre nuestros productos y realizar su pedido.<\/p>\n<\/section>\n\n    <div class=\"xs_social_share_widget xs_share_url after_content \t\tmain_content  wslu-style-1 wslu-share-box-shaped wslu-fill-colored wslu-none wslu-share-horizontal wslu-theme-font-no wslu-main_content\">\n\n\t\t\n        <ul>\n\t\t\t        <\/ul>\n    <\/div>","protected":false},"excerpt":{"rendered":"<div class=\"product-short-description\">Microfiber Base Leather 0.5mm Excellent Flexibility and Crease Resistance Apparel Microfiber Base Leather WINIW 0.5mm Excellent Flexibility and Crease Resistance Apparel Microfiber Base Leather Key features include microfiber + PU., color:, Pantone color reference Or Sample.Ideal for those seeking quality and reliability.<\/p>\n<p>Como f\u00e1brica directa, fabricante y mayorista, podemos controlar estrictamente el proceso de producci\u00f3n para garantizar la calidad del producto y, al mismo tiempo, ofrecerle los precios m\u00e1s favorables. Contamos con equipos de producci\u00f3n avanzados y un equipo t\u00e9cnico profesional para satisfacer sus necesidades de pedidos a gran escala y garantizar una entrega puntual.<\/p>\n<\/div>","protected":false},"featured_media":4545,"template":"","meta":[],"product_brand":[],"product_cat":[267],"product_tag":[],"class_list":{"0":"post-28526","1":"product","2":"type-product","3":"status-publish","4":"has-post-thumbnail","6":"product_cat-microfiber-base-leather","8":"first","9":"instock","10":"product-type-simple"},"_links":{"self":[{"href":"https:\/\/www.eco-leather.com\/es\/wp-json\/wp\/v2\/product\/28526","targetHints":{"allow":["GET"]}}],"collection":[{"href":"https:\/\/www.eco-leather.com\/es\/wp-json\/wp\/v2\/product"}],"about":[{"href":"https:\/\/www.eco-leather.com\/es\/wp-json\/wp\/v2\/types\/product"}],"wp:featuredmedia":[{"embeddable":true,"href":"https:\/\/www.eco-leather.com\/es\/wp-json\/wp\/v2\/media\/4545"}],"wp:attachment":[{"href":"https:\/\/www.eco-leather.com\/es\/wp-json\/wp\/v2\/media?parent=28526"}],"wp:term":[{"taxonomy":"product_brand","embeddable":true,"href":"https:\/\/www.eco-leather.com\/es\/wp-json\/wp\/v2\/product_brand?post=28526"},{"taxonomy":"product_cat","embeddable":true,"href":"https:\/\/www.eco-leather.com\/es\/wp-json\/wp\/v2\/product_cat?post=28526"},{"taxonomy":"product_tag","embeddable":true,"href":"https:\/\/www.eco-leather.com\/es\/wp-json\/wp\/v2\/product_tag?post=28526"}],"curies":[{"name":"wp","href":"https:\/\/api.w.org\/{rel}","templated":true}]}}