{"id":28461,"date":"2025-09-07T10:54:49","date_gmt":"2025-09-07T02:54:49","guid":{"rendered":"https:\/\/www.eco-leather.com\/product\/1-0mm-pink-color-stunning-finish-vegan-microfiber-suede-leather\/"},"modified":"2025-09-07T10:54:51","modified_gmt":"2025-09-07T02:54:51","slug":"1-0mm-pink-color-stunning-finish-vegan-microfiber-suede-leather","status":"publish","type":"product","link":"https:\/\/www.eco-leather.com\/es\/1-0mm-pink-color-stunning-finish-vegan-microfiber-suede-leather\/","title":{"rendered":"1.0mm Pink Color Stunning Finish Vegan Microfiber Suede Leather"},"content":{"rendered":"<h2>Microfibra Piel Ante Producto<\/h2>\n<p><main><\/p>\n<section id=\"product-overview\">\n<h2>Descripci\u00f3n del producto<\/h2>\n<p>Producto <strong>Piel sint\u00e9tica Spandex<\/strong> Introducci\u00f3n<\/p>\n<p>Fabricados con materiales de microfibra de alta calidad, nuestros guantes de piel sint\u00e9tica de microfibra Ultrasuede de 0,7 mm son la elecci\u00f3n perfecta para el ciclismo. Equilibra flexibilidad y resistencia, y ofrece una transpirabilidad excepcional y propiedades de evacuaci\u00f3n de la humedad para mantener las manos frescas y secas durante salidas intensas.<\/p>\n<p>Tanto si eres un ciclista profesional como si te dedicas al ocio, la piel de microfibra este material proporciona una comodidad y una protecci\u00f3n insuperables. Su gran resistencia a las abrasiones y los desgarros garantiza un rendimiento duradero, mientras que su elegante dise\u00f1o a\u00f1ade un toque sofisticado a cualquier conjunto ciclista.<\/p>\n<\/section>\n<section id=\"specifications\">\n<h2>Par\u00e1metros t\u00e9cnicos<\/h2>\n<ul class_=\"parameters-list\">\n<li><span class=\"param-name\">Producto <strong>Cajas de piel sint\u00e9tica China<\/strong> Especificaci\u00f3n WINIW Company F\u00e1brica de cuero sint\u00e9tico al por mayor ManufacturersCustomizable:<\/span> Elegancia, durabilidad y variedad de colores.<\/li>\n<\/ul>\n<p><img decoding=\"async\" alt=\"Piel sint\u00e9tica de microfibra de 0,7 mm Ultrasuede para guantes de ciclismo - Especificaci\u00f3n del material\" class=\"product-image\" src=\"\/wp-content\/uploads\/2025\/08\/07mm-ultrasuede-microfiber-faux-leather-for-cycling-gloves--37881.jpg\"\/><\/p>\n<h3>Par\u00e1metros del producto<\/h3>\n<ul class=\"parameters-list\">\n<li><span class=\"param-name\">Material:<\/span> Microfibra + PU<\/li>\n<li><span class=\"param-name\">Color:<\/span> Negro, gris, beige (colores personalizados disponibles)<\/li>\n<li><span class=\"param-name\">Grosor:<\/span> 0,6 mm, 0,7 mm, 0,8 mm, 1 mm<\/li>\n<li><span class=\"param-name\">Cantidad m\u00ednima de pedido:<\/span> 300 metros lineales<\/li>\n<li><span class=\"param-name\">Longitud del rollo:<\/span> 20-30 m\/rollo<\/li>\n<li><span class=\"param-name\">Plazo de entrega:<\/span> 15-20 d\u00edas<\/li>\n<li><span class=\"param-name\">Anchura:<\/span> 54\u2033, 137cm<\/li>\n<li><span class=\"param-name\">Capacidad de producci\u00f3n:<\/span> 1.000.000 de metros mensuales<\/li>\n<\/ul>\n<\/section>\n<section id=\"features\">\n<h2>Caracter\u00edsticas del producto<\/h2>\n<div class=\"feature-item\">\n<img decoding=\"async\" alt=\"MaterialWaterproof Leather Fabric OdmhsasMicrofiber Suede Leather Brand Name WINIW Company Factory Wholesale Leatherette ManufacturersWidth 54\" class=\"feature-image left\" src=\"\/wp-content\/uploads\/2025\/08\/10mm-pink-color-stunning-finish-vegan-microfiber-suede-leather-25215.jpg\"\/><\/p>\n<h3>Material <strong>Piel Impermeable Tejido Odmhsas<\/strong> Microfiber Suede Leather Brand Name WINIW Company Factory Wholesale Leatherette ManufacturersWidth 54&#8243;; 1<\/h3>\n<p>Material <strong>Piel Impermeable Tejido Odmhsas<\/strong> Microfiber Suede Leather Brand Name WINIW Company Factory Wholesale Leatherette ManufacturersWidth 54&#8243;; 1.37m Color Red, Black,Brown, Green,accept customize Feature Wear resistant, Waterproof, Anti-Mildew, Flexible Thickness 0.6mm-2.4mm Place of Origin China Customized Yes Delivery time Usually within 15 &#8211; 25 days.<\/p>\n<div class=\"clear\"><\/div>\n<\/div>\n<div class=\"feature-item\">\n<img decoding=\"async\" alt=\"MOQ 300 metros Detalles de embalaje 30\/50 metros por rollo\" class=\"feature-image left\" src=\"\/wp-content\/uploads\/2025\/08\/10mm-pink-color-stunning-finish-vegan-microfiber-suede-leather-25216.jpg\"\/><\/p>\n<h3>MOQ 300 metros Detalles de embalaje 30\/50 metros por rollo<\/h3>\n<p>MOQ 300 meters Packaging Details 30\/50 Meters per Roll. Or customized Production Capacity 1,000,000 meters monthly Product Feature Our Stunning Finish Vegan Microfiber Suede Leather stands out for its exceptional features that set it apart from other artificial leathers in the market.<\/p>\n<div class=\"clear\"><\/div>\n<\/div>\n<div class=\"feature-item\">\n<img decoding=\"async\" alt=\"AsWaterproof Faux Leathermana WINIW Company Factory Wholesale Leatherette Manufacturersmanufacturer, we prioritize innovation and quality, ensuring that our faux suede is both durable and versatile\" class=\"feature-image left\" src=\"\/wp-content\/uploads\/2025\/08\/10mm-pink-color-stunning-finish-vegan-microfiber-suede-leather-25217.jpg\"\/><\/p>\n<h3>En <strong>Leatherman de imitaci\u00f3n impermeable<\/strong> a WINIW Company Factory Wholesale Leatherette Manufacturersmanufacturer, we prioritize innovation and quality, ensuring that our faux suede is both durable and versatile<\/h3>\n<p>En <strong>Leatherman de imitaci\u00f3n impermeable<\/strong> a WINIW Company Factory Wholesale Leatherette Manufacturersmanufacturer, we prioritize innovation and quality, ensuring that our faux suede is both durable and versatile.<\/p>\n<div class=\"clear\"><\/div>\n<\/div>\n<div class=\"feature-item\">\n<img decoding=\"async\" alt=\"This synthetic suede is known for its incredible softness and flexibility, making it ideal for creating a variety of products, from delicate jewelry boxes to comfortable shoes and stylish sofas\" class=\"feature-image left\" src=\"\/wp-content\/uploads\/2025\/08\/10mm-pink-color-stunning-finish-vegan-microfiber-suede-leather-25218.jpg\"\/><\/p>\n<h3>This synthetic suede is known for its incredible softness and flexibility, making it ideal for creating a variety of products, from delicate jewelry boxes to comfortable shoes and stylish sofas<\/h3>\n<p>This synthetic suede is known for its incredible softness and flexibility, making it ideal for creating a variety of products, from delicate jewelry boxes to comfortable shoes and stylish sofas. Its microfiber composition ensures superior strength and resilience, while the suede finish adds a touch of elegance and sophistication.<\/p>\n<div class=\"clear\"><\/div>\n<\/div>\n<div class=\"feature-item\">\n<h3>Additionally, our vegan suede leather is easy to clean and maintain, retaining its stunning appearance over time<\/h3>\n<p>Additionally, our vegan suede leather is easy to clean and maintain, retaining its stunning appearance over time. Its faux nature also aligns with the growing trend of vegan fashion, appealing to consumers who prioritize sustainability and ethical sourcing .<\/p>\n<div class=\"clear\"><\/div>\n<\/div>\n<div class=\"feature-item\">\n<img decoding=\"async\" alt=\"Alta resistencia al desgarro - Ultrasuede Microfibra Faux Leather para guantes de ciclismo\" class=\"feature-image left\" src=\"\/wp-content\/uploads\/2025\/08\/07mm-ultrasuede-microfiber-faux-leather-for-cycling-gloves--37882.jpg\"\/><\/p>\n<h3>Alta resistencia al desgarro<\/h3>\n<p>Nuestra piel de microfibra Ultrasuede presenta una excepcional resistencia al desgarro, lo que garantiza que no se romper\u00e1 ni deformar\u00e1 f\u00e1cilmente bajo tensi\u00f3n. Esto la hace ideal para productos que requieren durabilidad y rendimiento a largo plazo.<\/p>\n<div class=\"clear\"><\/div>\n<\/div>\n<div class=\"feature-item\">\n<img decoding=\"async\" alt=\"Retenci\u00f3n de la forma - Piel sint\u00e9tica de microfibra Ultrasuede para guantes de ciclismo\" class=\"feature-image right\" src=\"\/wp-content\/uploads\/2025\/08\/07mm-ultrasuede-microfiber-faux-leather-for-cycling-gloves--37883.jpg\"\/><\/p>\n<h3>No es f\u00e1cil de deformar<\/h3>\n<p>Especialmente tratado para mantener su forma original, este material ofrece una excelente elasticidad y estabilidad. Resiste la deformaci\u00f3n por presi\u00f3n externa o estiramiento, manteniendo los productos intactos y atractivos a lo largo del tiempo.<\/p>\n<div class=\"clear\"><\/div>\n<\/div>\n<div class=\"feature-item\">\n<img decoding=\"async\" alt=\"Durabilidad - Piel sint\u00e9tica de microfibra Ultrasuede para guantes de ciclismo\" class=\"feature-image left\" src=\"\/wp-content\/uploads\/2025\/08\/07mm-ultrasuede-microfiber-faux-leather-for-cycling-gloves--37884.jpg\"\/><\/p>\n<h3>Durabilidad<\/h3>\n<p>Extremadamente resistente a la abrasi\u00f3n, los desgarros y los pinchazos, este material garantiza que los guantes se mantengan en \u00f3ptimas condiciones incluso con un uso prolongado. Tambi\u00e9n mantiene una excelente destreza y resistencia para art\u00edculos de piel de alta calidad.<\/p>\n<div class=\"clear\"><\/div>\n<\/div>\n<\/section>\n<section id=\"usage\">\n<h2>Uso y aplicaciones<\/h2>\n<p><img fetchpriority=\"high\" decoding=\"async\" alt=\"Microfibra Piel Ante Producto\" height=\"421\" src=\"\/wp-content\/uploads\/2025\/08\/10mm-pink-color-stunning-finish-vegan-microfiber-suede-leather-25214.jpg\" width=\"1411\"\/><\/p>\n<div class=\"usage-point\">\n<h3>Descubra <strong>Bolsos de piel de segunda mano<\/strong> the elegance and sophistication of our Stunning Finish Vegan Microfiber Suede Leather, meticulously crafted by the expert hands at WINIW Company Factory Wholesale Leatherette Manufacturersfactory<\/h3>\n<p>Descubra <strong>Bolsos de piel de segunda mano<\/strong> the elegance and sophistication of our Stunning Finish Vegan Microfiber Suede Leather, meticulously crafted by the expert hands at WINIW Company Factory Wholesale Leatherette Manufacturersfactory.<\/p>\n<\/div>\n<div class=\"usage-point\">\n<h3>As a leading WINIW Company Factory Wholesale Leatherette Manufacturersmanufacturer of premium artificial leathers, we are proud to introduce this faux suede that offers an unparalleled blend of luxury and sustainability<\/h3>\n<p>As a leading WINIW Company Factory Wholesale Leatherette Manufacturersmanufacturer of premium artificial leathers, we are proud to introduce this faux suede that offers an unparalleled blend of luxury and sustainability.<\/p>\n<\/div>\n<div class=\"usage-point\">\n<h3>Hecho <strong>Bolsos de piel vegana de primera calidad<\/strong> from high-quality microfiber, our vegan suede leather boasts a stunningly soft touch and a rich, velvety finish that rivals even the finest genuine leathers<\/h3>\n<p>Hecho <strong>Bolsos de piel vegana de primera calidad<\/strong> from high-quality microfiber, our vegan suede leather boasts a stunningly soft touch and a rich, velvety finish that rivals even the finest genuine leathers.<\/p>\n<\/div>\n<div class=\"usage-point\">\n<h3>Designed to cater to the discerning tastes of modern consumers, this synthetic suede is not only aesthetically pleasing but also eco-friendly, as it eschews the use of animal products<\/h3>\n<p>Designed to cater to the discerning tastes of modern consumers, this synthetic suede is not only aesthetically pleasing but also eco-friendly, as it eschews the use of animal products. Perfect for a wide range of applications, our microfiber suede leather ensures a stylish and ethical choice for all your leather goods needs .<\/p>\n<\/div>\n<div class=\"usage-point\">\n<h3>C\u00f3modo y transpirable<\/h3>\n<p>Suave, c\u00f3modo y muy transpirable, este material es perfecto para guantes de ciclismo y otros productos que se utilizan durante periodos prolongados. Mantiene las manos frescas y secas durante actividades extenuantes.<\/p>\n<\/div>\n<div class=\"usage-point\">\n<h3>Ecol\u00f3gico y sostenible<\/h3>\n<p>Nuestra piel sint\u00e9tica de microfibra Ultrasuede incluye opciones respetuosas con el medio ambiente, como las variantes fabricadas con PET reciclado y materiales de origen vegetal, que reducen el impacto medioambiental a la vez que ofrecen diversas texturas.<\/p>\n<\/div>\n<div class=\"usage-point\">\n<h3>Protecci\u00f3n antibacterias y antipolvo<\/h3>\n<p>Las variantes seleccionadas presentan propiedades antibacterianas y resistentes al polvo, por lo que cumplen elevadas normas de higiene ideales para guantes que requieren estrictos controles de calidad y seguridad.<\/p>\n<\/div>\n<div class=\"usage-point\">\n<h3>Diversos escenarios de aplicaci\u00f3n<\/h3>\n<p>Adem\u00e1s de guantes de ciclismo, es adecuado para guantes de dedos, guantes de seguridad y otros tipos de guantes, as\u00ed como calzado, ropa y accesorios.<\/p>\n<\/div>\n<p><img decoding=\"async\" alt=\"Aplicaciones de la piel sint\u00e9tica de microfibra Ultrasuede de 0,7 mm en diversos productos\" class=\"product-image\" src=\"\/wp-content\/uploads\/2025\/08\/07mm-ultrasuede-microfiber-faux-leather-for-cycling-gloves--37885.jpg\"\/><br \/>\n<img decoding=\"async\" alt=\"Guantes de ciclismo de piel de microfibra Ultrasuede - ejemplo de producto\" class=\"product-image\" src=\"\/wp-content\/uploads\/2025\/08\/07mm-ultrasuede-microfiber-faux-leather-for-cycling-gloves--37886.jpg\"\/><br \/>\n<\/section>\n<section id=\"why-choose-us\">\n<h2>Por qu\u00e9 elegir WINIW<\/h2>\n<div class=\"advantage-item\">\n<h3>Nuestras ventajas<\/h3>\n<p>WINIW Company Fabricantes al por mayor de cuero sint\u00e9ticoF\u00e1brica Escaparate de productos<\/p>\n<\/div>\n<div class=\"advantage-item\">\n<h3>Garant\u00eda de calidad<\/h3>\n<p>Aplicamos un estricto control de calidad en toda la cadena de producci\u00f3n y suministro, cumpliendo las normas ISO9001. Desde la selecci\u00f3n de materias primas hasta la inspecci\u00f3n final, damos prioridad a los intereses del cliente.<\/p>\n<\/div>\n<div class=\"advantage-item\">\n<h3>Equipo t\u00e9cnico profesional<\/h3>\n<p>Nuestro equipo t\u00e9cnico especializado est\u00e1 formado por profesionales con experiencia en diversos campos, dedicados a suministrar productos de alta calidad y soluciones a medida.<\/p>\n<\/div>\n<div class=\"advantage-item\">\n<h3>Amplia gama de aplicaciones<\/h3>\n<p>Nuestros materiales se utilizan ampliamente en calzado, ropa, maletas, interiores de autom\u00f3viles, muebles de sof\u00e1, etc.<\/p>\n<\/div>\n<div class=\"advantage-item\">\n<h3>Una rica experiencia<\/h3>\n<p>Quanzhou WINIW Import &amp; Export Co., Ltd. cuenta con m\u00e1s de 20 a\u00f1os de experiencia en producci\u00f3n, ofreciendo soluciones perfectas para clientes de todo el mundo.<\/p>\n<\/div>\n<div class=\"advantage-item\">\n<h3>Precio asequible<\/h3>\n<p>Ofrecemos precios competitivos y un excelente servicio de atenci\u00f3n al cliente. Solicite un cat\u00e1logo o visite nuestra f\u00e1brica para explorar nuestros productos.<\/p>\n<\/div>\n<div class=\"advantage-item\">\n<h3>Servicio de atenci\u00f3n al cliente en l\u00ednea 24 horas<\/h3>\n<p>Nuestro equipo est\u00e1 disponible 24 horas al d\u00eda, 7 d\u00edas a la semana, para responder a las consultas y atender los comentarios con prontitud.<\/p>\n<\/div>\n<p><img decoding=\"async\" alt=\"Planta de producci\u00f3n WINIW - Proceso de fabricaci\u00f3n de piel de microfibra Ultrasuede\" class=\"product-image\" src=\"\/wp-content\/uploads\/2025\/08\/07mm-ultrasuede-microfiber-faux-leather-for-cycling-gloves--37888.jpg\"\/><br \/>\n<\/section>\n<p><\/main><\/p>\n<section id=\"inquiry\">\n<h2 style=\"text-align: center;\">Esperamos su consulta.<\/h2>\n<p style=\"text-align: center;\">P\u00f3ngase en contacto con nosotros hoy mismo para obtener m\u00e1s informaci\u00f3n sobre nuestros productos y realizar su pedido.<\/p>\n<\/section>\n\n    <div class=\"xs_social_share_widget xs_share_url after_content \t\tmain_content  wslu-style-1 wslu-share-box-shaped wslu-fill-colored wslu-none wslu-share-horizontal wslu-theme-font-no wslu-main_content\">\n\n\t\t\n        <ul>\n\t\t\t        <\/ul>\n    <\/div>","protected":false},"excerpt":{"rendered":"<div class=\"product-short-description\">Microfiber Suede Leather 1.0mm Pink Color Stunning Finish Vegan Microfiber Suede Leather WINIW 1.0mm Pink Color Stunning Finish Vegan Microfiber Suede Leather Key features include Microfiber Suede Leather, WINIW, Width.Ideal for those seeking quality and reliability.<\/p>\n<p>Como f\u00e1brica directa, fabricante y mayorista, podemos controlar estrictamente el proceso de producci\u00f3n para garantizar la calidad del producto y, al mismo tiempo, ofrecerle los precios m\u00e1s favorables. Contamos con equipos de producci\u00f3n avanzados y un equipo t\u00e9cnico profesional para satisfacer sus necesidades de pedidos a gran escala y garantizar una entrega puntual.<\/p>\n<\/div>","protected":false},"featured_media":4379,"template":"","meta":[],"product_brand":[],"product_cat":[126],"product_tag":[18680],"class_list":{"0":"post-28461","1":"product","2":"type-product","3":"status-publish","4":"has-post-thumbnail","6":"product_cat-microfiber-suede-leather","7":"product_tag-suede-leather-fabric-factorysuede-leather-fabric-chinasuede-leather-fabric-manufacturerssuede-leather-material-wholesalesuede-leather-fabric-companiessuede-leather-fabric-wholesaler","9":"first","10":"instock","11":"product-type-simple"},"_links":{"self":[{"href":"https:\/\/www.eco-leather.com\/es\/wp-json\/wp\/v2\/product\/28461","targetHints":{"allow":["GET"]}}],"collection":[{"href":"https:\/\/www.eco-leather.com\/es\/wp-json\/wp\/v2\/product"}],"about":[{"href":"https:\/\/www.eco-leather.com\/es\/wp-json\/wp\/v2\/types\/product"}],"wp:featuredmedia":[{"embeddable":true,"href":"https:\/\/www.eco-leather.com\/es\/wp-json\/wp\/v2\/media\/4379"}],"wp:attachment":[{"href":"https:\/\/www.eco-leather.com\/es\/wp-json\/wp\/v2\/media?parent=28461"}],"wp:term":[{"taxonomy":"product_brand","embeddable":true,"href":"https:\/\/www.eco-leather.com\/es\/wp-json\/wp\/v2\/product_brand?post=28461"},{"taxonomy":"product_cat","embeddable":true,"href":"https:\/\/www.eco-leather.com\/es\/wp-json\/wp\/v2\/product_cat?post=28461"},{"taxonomy":"product_tag","embeddable":true,"href":"https:\/\/www.eco-leather.com\/es\/wp-json\/wp\/v2\/product_tag?post=28461"}],"curies":[{"name":"wp","href":"https:\/\/api.w.org\/{rel}","templated":true}]}}