{"id":28239,"date":"2025-09-07T10:52:47","date_gmt":"2025-09-07T02:52:47","guid":{"rendered":"https:\/\/www.eco-leather.com\/product\/0-6mm-black-good-drapeability-faux-microfiber-suede-fabric-leather\/"},"modified":"2025-09-07T10:52:48","modified_gmt":"2025-09-07T02:52:48","slug":"0-6mm-black-good-drapeability-faux-microfiber-suede-fabric-leather","status":"publish","type":"product","link":"https:\/\/www.eco-leather.com\/es\/0-6mm-black-good-drapeability-faux-microfiber-suede-fabric-leather\/","title":{"rendered":"0.6mm Black Good Drapeability Faux Microfiber Suede Fabric Leather"},"content":{"rendered":"<h2>Gamuza de microfibra con tacto textil<\/h2>\n<p><main><\/p>\n<section id=\"product-overview\">\n<h2>Descripci\u00f3n del producto<\/h2>\n<p>Material <strong>Suela de piel sint\u00e9tica<\/strong> Introducci\u00f3n<\/p>\n<p>Fabricados con materiales de microfibra de alta calidad, nuestros guantes de piel sint\u00e9tica de microfibra Ultrasuede de 0,7 mm son la elecci\u00f3n perfecta para el ciclismo. Equilibra flexibilidad y resistencia, y ofrece una transpirabilidad excepcional y propiedades de evacuaci\u00f3n de la humedad para mantener las manos frescas y secas durante salidas intensas.<\/p>\n<p>Tanto si eres un ciclista profesional como si te dedicas al ocio, la piel de microfibra este material proporciona una comodidad y una protecci\u00f3n insuperables. Su gran resistencia a las abrasiones y los desgarros garantiza un rendimiento duradero, mientras que su elegante dise\u00f1o a\u00f1ade un toque sofisticado a cualquier conjunto ciclista.<\/p>\n<\/section>\n<section id=\"specifications\">\n<h2>Par\u00e1metros t\u00e9cnicos<\/h2>\n<p>Especificaci\u00f3n del material<\/p>\n<p><img decoding=\"async\" alt=\"Piel sint\u00e9tica de microfibra de 0,7 mm Ultrasuede para guantes de ciclismo - Especificaci\u00f3n del material\" class=\"product-image\" src=\"\/wp-content\/uploads\/2025\/08\/07mm-ultrasuede-microfiber-faux-leather-for-cycling-gloves--37881.jpg\"\/><\/p>\n<h3>Par\u00e1metros del producto<\/h3>\n<ul class=\"parameters-list\">\n<li><span class=\"param-name\">Material:<\/span> Microfibra + PU<\/li>\n<li><span class=\"param-name\">Color:<\/span> Negro, gris, beige (colores personalizados disponibles)<\/li>\n<li><span class=\"param-name\">Grosor:<\/span> 0,6 mm, 0,7 mm, 0,8 mm, 1 mm<\/li>\n<li><span class=\"param-name\">Cantidad m\u00ednima de pedido:<\/span> 300 metros lineales<\/li>\n<li><span class=\"param-name\">Longitud del rollo:<\/span> 20-30 m\/rollo<\/li>\n<li><span class=\"param-name\">Plazo de entrega:<\/span> 15-20 d\u00edas<\/li>\n<li><span class=\"param-name\">Anchura:<\/span> 54\u2033, 137cm<\/li>\n<li><span class=\"param-name\">Capacidad de producci\u00f3n:<\/span> 1.000.000 de metros mensuales<\/li>\n<\/ul>\n<\/section>\n<section id=\"features\">\n<h2>Caracter\u00edsticas del producto<\/h2>\n<div class=\"feature-item\">\n<img decoding=\"async\" alt=\"DiscoverWaterproof Leather Fabric Odmhsasthe elegance and versatility of the Good Drapeability Faux Microfiber Suede Fabric, a meticulously crafted synthetic leather from WINIW Company Factory Wholesale Patent Leather Manufacturersfactory, a leading manufacturer of vegan artificial leathers\" class=\"feature-image left\" src=\"\/wp-content\/uploads\/2025\/08\/06mm-black-good-drapeability-faux-microfiber-suede-fabric-leather-23343.jpg\"\/><\/p>\n<h3>Descubra <strong>Piel Impermeable Tejido Odmhsas<\/strong> the elegance and versatility of the Good Drapeability Faux Microfiber Suede Fabric, a meticulously crafted synthetic leather from WINIW Company Factory Wholesale Patent Leather Manufacturersfactory, a leading manufacturer of vegan artificial leathers<\/h3>\n<p>Descubra <strong>Piel Impermeable Tejido Odmhsas<\/strong> the elegance and versatility of the Good Drapeability Faux Microfiber Suede Fabric, a meticulously crafted synthetic leather from WINIW Company Factory Wholesale Patent Leather Manufacturersfactory, a leading manufacturer of vegan artificial leathers.<\/p>\n<div class=\"clear\"><\/div>\n<\/div>\n<div class=\"feature-item\">\n<img decoding=\"async\" alt=\"This faux suede fabric combines the luxury touch of genuine suede with the durability and eco-friendly benefits of microfiber technology\" class=\"feature-image left\" src=\"\/wp-content\/uploads\/2025\/08\/06mm-black-good-drapeability-faux-microfiber-suede-fabric-leather-23344.jpg\"\/><\/p>\n<h3>This faux suede fabric combines the luxury touch of genuine suede with the durability and eco-friendly benefits of microfiber technology<\/h3>\n<p>This faux suede fabric combines the luxury touch of genuine suede with the durability and eco-friendly benefits of microfiber technology. Material <strong>Durable Sof\u00e1 Tela Trader<\/strong> Microfibra de gamuza de cuero Marca WINIW empresa de f\u00e1brica al por mayor de charol FabricantesAncho 54\u2033;<\/p>\n<div class=\"clear\"><\/div>\n<\/div>\n<div class=\"feature-item\">\n<img decoding=\"async\" alt=\"1\" class=\"feature-image left\" src=\"\/wp-content\/uploads\/2025\/08\/06mm-black-good-drapeability-faux-microfiber-suede-fabric-leather-23345.jpg\"\/><\/p>\n<h3>1<\/h3>\n<p>1.37m Color Red, Black,Brown, Green,accept customize Feature Wear resistant, Waterproof, Anti-Mildew, Flexible Thickness 0.6mm-2.4mm Place of Origin China Customized Yes Delivery time Usually within 15 &#8211; 25 days.<\/p>\n<div class=\"clear\"><\/div>\n<\/div>\n<div class=\"feature-item\">\n<img decoding=\"async\" alt=\"MOQWaterproof Sof\u00e1 Tela Exportador300 metros Detalles de Embalaje 30\/50 Metros por Rollo\" class=\"feature-image left\" src=\"\/wp-content\/uploads\/2025\/08\/06mm-black-good-drapeability-faux-microfiber-suede-fabric-leather-23346.jpg\"\/><\/p>\n<h3>MOQ <strong>Exportador de telas impermeables para sof\u00e1s<\/strong> 300 metros Detalles de embalaje 30\/50 metros por rollo<\/h3>\n<p>MOQ <strong>Exportador de telas impermeables para sof\u00e1s<\/strong> 300 meters Packaging Details 30\/50 Meters per Roll. Or customized Production Capacity 1,000,000 meters monthly Material Feature The Good Drapeability Faux Microfiber Suede Fabric stands out with its impressive array of characteristics that set it apart in the world of synthetic materials.<\/p>\n<div class=\"clear\"><\/div>\n<\/div>\n<div class=\"feature-item\">\n<img decoding=\"async\" alt=\"Its microfiber composition ensures a plush, velvety texture that feels both luxurious and comfortable to the touch\" class=\"feature-image left\" src=\"\/wp-content\/uploads\/2025\/08\/06mm-black-good-drapeability-faux-microfiber-suede-fabric-leather-23347.jpg\"\/><\/p>\n<h3>Its microfiber composition ensures a plush, velvety texture that feels both luxurious and comfortable to the touch<\/h3>\n<p>Its microfiber composition ensures a plush, velvety texture that feels both luxurious and comfortable to the touch. The fabric&#8217;s exceptional drapeability allows for seamless molding around curves and edges, making it perfect for intricate designs.<\/p>\n<div class=\"clear\"><\/div>\n<\/div>\n<div class=\"feature-item\">\n<img decoding=\"async\" alt=\"Alta resistencia al desgarro - Ultrasuede Microfibra Faux Leather para guantes de ciclismo\" class=\"feature-image left\" src=\"\/wp-content\/uploads\/2025\/08\/07mm-ultrasuede-microfiber-faux-leather-for-cycling-gloves--37882.jpg\"\/><\/p>\n<h3>Alta resistencia al desgarro<\/h3>\n<p>Nuestra piel de microfibra Ultrasuede presenta una excepcional resistencia al desgarro, lo que garantiza que no se romper\u00e1 ni deformar\u00e1 f\u00e1cilmente bajo tensi\u00f3n. Esto la hace ideal para productos que requieren durabilidad y rendimiento a largo plazo.<\/p>\n<div class=\"clear\"><\/div>\n<\/div>\n<div class=\"feature-item\">\n<img decoding=\"async\" alt=\"Retenci\u00f3n de la forma - Piel sint\u00e9tica de microfibra Ultrasuede para guantes de ciclismo\" class=\"feature-image right\" src=\"\/wp-content\/uploads\/2025\/08\/07mm-ultrasuede-microfiber-faux-leather-for-cycling-gloves--37883.jpg\"\/><\/p>\n<h3>No es f\u00e1cil de deformar<\/h3>\n<p>Especialmente tratado para mantener su forma original, este material ofrece una excelente elasticidad y estabilidad. Resiste la deformaci\u00f3n por presi\u00f3n externa o estiramiento, manteniendo los productos intactos y atractivos a lo largo del tiempo.<\/p>\n<div class=\"clear\"><\/div>\n<\/div>\n<div class=\"feature-item\">\n<img decoding=\"async\" alt=\"Durabilidad - Piel sint\u00e9tica de microfibra Ultrasuede para guantes de ciclismo\" class=\"feature-image left\" src=\"\/wp-content\/uploads\/2025\/08\/07mm-ultrasuede-microfiber-faux-leather-for-cycling-gloves--37884.jpg\"\/><\/p>\n<h3>Durabilidad<\/h3>\n<p>Extremadamente resistente a la abrasi\u00f3n, los desgarros y los pinchazos, este material garantiza que los guantes se mantengan en \u00f3ptimas condiciones incluso con un uso prolongado. Tambi\u00e9n mantiene una excelente destreza y resistencia para art\u00edculos de piel de alta calidad.<\/p>\n<div class=\"clear\"><\/div>\n<\/div>\n<\/section>\n<section id=\"usage\">\n<h2>Uso y aplicaciones<\/h2>\n<div class=\"usage-point\">\n<h3>Dise\u00f1ado <strong>Piel importada<\/strong> to mimic the softness and appearance of real suede, our product offers a superior drape that makes it ideal for a wide range of applications<\/h3>\n<p>Dise\u00f1ado <strong>Piel importada<\/strong> to mimic the softness and appearance of real suede, our product offers a superior drape that makes it ideal for a wide range of applications. WINIW Company Factory Wholesale Patent Leather Manufacturersmanufacturer ensures that every batch meets the highest standards of quality, delivering a consistent finish that enhances the aesthetic appeal of any project .<\/p>\n<\/div>\n<div class=\"usage-point\">\n<h3>Adem\u00e1s, <strong>Distribuidores de tejidos para bolsas<\/strong> our faux suede is highly resistant to wear and tear, maintaining its elegance even with extensive use<\/h3>\n<p>Adem\u00e1s, <strong>Distribuidores de tejidos para bolsas<\/strong> our faux suede is highly resistant to wear and tear, maintaining its elegance even with extensive use. As a vegan-friendly alternative to genuine leather, it offers an ethical choice without compromising on style or performance.<\/p>\n<\/div>\n<div class=\"usage-point\">\n<h3>WINIW Company Factory Wholesale Patent Leather Manufacturersfactory&#8217;s commitment to innovation ensures that this fabric remains at the forefront of artificial leather technology <\/h3>\n<p>WINIW Company Factory Wholesale Patent Leather Manufacturersfactory&#8217;s commitment to innovation ensures that this fabric remains at the forefront of artificial leather technology .<\/p>\n<\/div>\n<div class=\"usage-point\">\n<h3>C\u00f3modo y transpirable<\/h3>\n<p>Suave, c\u00f3modo y muy transpirable, este material es perfecto para guantes de ciclismo y otros productos que se utilizan durante periodos prolongados. Mantiene las manos frescas y secas durante actividades extenuantes.<\/p>\n<\/div>\n<div class=\"usage-point\">\n<h3>Ecol\u00f3gico y sostenible<\/h3>\n<p>Nuestra piel sint\u00e9tica de microfibra Ultrasuede incluye opciones respetuosas con el medio ambiente, como las variantes fabricadas con PET reciclado y materiales de origen vegetal, que reducen el impacto medioambiental a la vez que ofrecen diversas texturas.<\/p>\n<\/div>\n<div class=\"usage-point\">\n<h3>Protecci\u00f3n antibacterias y antipolvo<\/h3>\n<p>Las variantes seleccionadas presentan propiedades antibacterianas y resistentes al polvo, por lo que cumplen elevadas normas de higiene ideales para guantes que requieren estrictos controles de calidad y seguridad.<\/p>\n<\/div>\n<div class=\"usage-point\">\n<h3>Diversos escenarios de aplicaci\u00f3n<\/h3>\n<p>Adem\u00e1s de guantes de ciclismo, es adecuado para guantes de dedos, guantes de seguridad y otros tipos de guantes, as\u00ed como calzado, ropa y accesorios.<\/p>\n<\/div>\n<p><img decoding=\"async\" alt=\"Aplicaciones de la piel sint\u00e9tica de microfibra Ultrasuede de 0,7 mm en diversos productos\" class=\"product-image\" src=\"\/wp-content\/uploads\/2025\/08\/07mm-ultrasuede-microfiber-faux-leather-for-cycling-gloves--37885.jpg\"\/><br \/>\n<img decoding=\"async\" alt=\"Guantes de ciclismo de piel de microfibra Ultrasuede - ejemplo de producto\" class=\"product-image\" src=\"\/wp-content\/uploads\/2025\/08\/07mm-ultrasuede-microfiber-faux-leather-for-cycling-gloves--37886.jpg\"\/><br \/>\n<\/section>\n<p><\/main><\/p>\n<section id=\"inquiry\">\n<h2 style=\"text-align: center;\">Esperamos su consulta.<\/h2>\n<p style=\"text-align: center;\">P\u00f3ngase en contacto con nosotros hoy mismo para obtener m\u00e1s informaci\u00f3n sobre nuestros productos y realizar su pedido.<\/p>\n<\/section>\n\n    <div class=\"xs_social_share_widget xs_share_url after_content \t\tmain_content  wslu-style-1 wslu-share-box-shaped wslu-fill-colored wslu-none wslu-share-horizontal wslu-theme-font-no wslu-main_content\">\n\n\t\t\n        <ul>\n\t\t\t        <\/ul>\n    <\/div>","protected":false},"excerpt":{"rendered":"<div class=\"product-short-description\">Microfiber Suede Leather 0.6mm Black Good Drapeability Faux Microfiber Suede Fabric Leather WINIW 0.6mm Black Good Drapeability Faux Microfiber Suede Fabric Leather Key features include Microfiber Suede Leather, WINIW, Width.Ideal for those seeking quality and reliability.<\/p>\n<p>Como f\u00e1brica directa, fabricante y mayorista, podemos controlar estrictamente el proceso de producci\u00f3n para garantizar la calidad del producto y, al mismo tiempo, ofrecerle los precios m\u00e1s favorables. Contamos con equipos de producci\u00f3n avanzados y un equipo t\u00e9cnico profesional para satisfacer sus necesidades de pedidos a gran escala y garantizar una entrega puntual.<\/p>\n<\/div>","protected":false},"featured_media":3787,"template":"","meta":[],"product_brand":[],"product_cat":[126],"product_tag":[],"class_list":{"0":"post-28239","1":"product","2":"type-product","3":"status-publish","4":"has-post-thumbnail","6":"product_cat-microfiber-suede-leather","8":"first","9":"instock","10":"product-type-simple"},"_links":{"self":[{"href":"https:\/\/www.eco-leather.com\/es\/wp-json\/wp\/v2\/product\/28239","targetHints":{"allow":["GET"]}}],"collection":[{"href":"https:\/\/www.eco-leather.com\/es\/wp-json\/wp\/v2\/product"}],"about":[{"href":"https:\/\/www.eco-leather.com\/es\/wp-json\/wp\/v2\/types\/product"}],"wp:featuredmedia":[{"embeddable":true,"href":"https:\/\/www.eco-leather.com\/es\/wp-json\/wp\/v2\/media\/3787"}],"wp:attachment":[{"href":"https:\/\/www.eco-leather.com\/es\/wp-json\/wp\/v2\/media?parent=28239"}],"wp:term":[{"taxonomy":"product_brand","embeddable":true,"href":"https:\/\/www.eco-leather.com\/es\/wp-json\/wp\/v2\/product_brand?post=28239"},{"taxonomy":"product_cat","embeddable":true,"href":"https:\/\/www.eco-leather.com\/es\/wp-json\/wp\/v2\/product_cat?post=28239"},{"taxonomy":"product_tag","embeddable":true,"href":"https:\/\/www.eco-leather.com\/es\/wp-json\/wp\/v2\/product_tag?post=28239"}],"curies":[{"name":"wp","href":"https:\/\/api.w.org\/{rel}","templated":true}]}}