{"id":28045,"date":"2025-09-07T10:50:55","date_gmt":"2025-09-07T02:50:55","guid":{"rendered":"https:\/\/www.eco-leather.com\/product\/1-2mm-durable-reliable-brogues-shoes-imitation-microfiber-leather\/"},"modified":"2025-09-07T10:50:59","modified_gmt":"2025-09-07T02:50:59","slug":"1-2mm-durable-confiable-zapatos-brogues-imitacion-microfibra-cuero","status":"publish","type":"product","link":"https:\/\/www.eco-leather.com\/es\/1-2mm-durable-confiable-zapatos-brogues-imitacion-microfibra-cuero\/","title":{"rendered":"1.2mm Durable Fiable Zapatos Brogues Imitaci\u00f3n Microfibra Cuero"},"content":{"rendered":"<h2>Microfibra sint\u00e9tica resistente a las costuras<\/h2>\n<p><main><\/p>\n<section id=\"product-overview\">\n<h2>Descripci\u00f3n del producto<\/h2>\n<p>Producto <strong>Piel sint\u00e9tica Spandex<\/strong> Introducci\u00f3n<\/p>\n<p>Fabricados con materiales de microfibra de alta calidad, nuestros guantes de piel sint\u00e9tica de microfibra Ultrasuede de 0,7 mm son la elecci\u00f3n perfecta para el ciclismo. Equilibra flexibilidad y resistencia, y ofrece una transpirabilidad excepcional y propiedades de evacuaci\u00f3n de la humedad para mantener las manos frescas y secas durante salidas intensas.<\/p>\n<p>Tanto si eres un ciclista profesional como si te dedicas al ocio, la piel de microfibra este material proporciona una comodidad y una protecci\u00f3n insuperables. Su gran resistencia a las abrasiones y los desgarros garantiza un rendimiento duradero, mientras que su elegante dise\u00f1o a\u00f1ade un toque sofisticado a cualquier conjunto ciclista.<\/p>\n<\/section>\n<section id=\"specifications\">\n<h2>Par\u00e1metros t\u00e9cnicos<\/h2>\n<ul class_=\"parameters-list\">\n<li><span class=\"param-name\">Producto <strong>Piel importada<\/strong> Especificaci\u00f3n WINIW Company Factory Wholesale Synthetic Leather ManufacturersCustomizable Synthetic Leather:<\/span> Elegancia, durabilidad y variedad de colores.<\/li>\n<\/ul>\n<p><img decoding=\"async\" alt=\"Piel sint\u00e9tica de microfibra de 0,7 mm Ultrasuede para guantes de ciclismo - Especificaci\u00f3n del material\" class=\"product-image\" src=\"\/wp-content\/uploads\/2025\/08\/07mm-ultrasuede-microfiber-faux-leather-for-cycling-gloves--37881.jpg\"\/><\/p>\n<h3>Par\u00e1metros del producto<\/h3>\n<ul class=\"parameters-list\">\n<li><span class=\"param-name\">Material:<\/span> Microfibra + PU<\/li>\n<li><span class=\"param-name\">Color:<\/span> Negro, gris, beige (colores personalizados disponibles)<\/li>\n<li><span class=\"param-name\">Grosor:<\/span> 0,6 mm, 0,7 mm, 0,8 mm, 1 mm<\/li>\n<li><span class=\"param-name\">Cantidad m\u00ednima de pedido:<\/span> 300 metros lineales<\/li>\n<li><span class=\"param-name\">Longitud del rollo:<\/span> 20-30 m\/rollo<\/li>\n<li><span class=\"param-name\">Plazo de entrega:<\/span> 15-20 d\u00edas<\/li>\n<li><span class=\"param-name\">Anchura:<\/span> 54\u2033, 137cm<\/li>\n<li><span class=\"param-name\">Capacidad de producci\u00f3n:<\/span> 1.000.000 de metros mensuales<\/li>\n<\/ul>\n<\/section>\n<section id=\"features\">\n<h2>Caracter\u00edsticas del producto<\/h2>\n<div class=\"feature-item\">\n<img decoding=\"async\" alt=\"DurableImpermeable de imitaci\u00f3n de cuero Customizeand fiable imitaci\u00f3n de microfibra de cuero para zapatos Brogues, hecho a mano con precisi\u00f3n por WINIW f\u00e1brica de la empresa al por mayor de cuero sint\u00e9tico Manufacturersfactory, es un testimonio de nuestro compromiso con la excelencia en la fabricaci\u00f3n de cuero\" class=\"feature-image left\" src=\"\/wp-content\/uploads\/2025\/08\/12mm-durable-reliable-brogues-shoes-imitation-microfiber-leather-21701.jpg\"\/><\/p>\n<h3>Duradero <strong>Piel sint\u00e9tica impermeable Personalizar<\/strong> y fiable imitaci\u00f3n de cuero de microfibra para zapatos Brogues, hecho a mano con precisi\u00f3n por WINIW empresa f\u00e1brica de venta al por mayor de cuero sint\u00e9tico Manufacturersfactory, es un testimonio de nuestro compromiso con la excelencia en la fabricaci\u00f3n de cuero<\/h3>\n<p>Duradero <strong>Piel sint\u00e9tica impermeable Personalizar<\/strong> y fiable imitaci\u00f3n de microfibra de cuero para zapatos Brogues, hecho a mano con precisi\u00f3n por WINIW empresa f\u00e1brica de venta al por mayor de cuero sint\u00e9tico Manufacturersfactory, es un testimonio de nuestro compromiso con la excelencia en la fabricaci\u00f3n de cuero.<\/p>\n<div class=\"clear\"><\/div>\n<\/div>\n<div class=\"feature-item\">\n<img decoding=\"async\" alt=\"Como empresa l\u00edder WINIW F\u00e1brica de cuero sint\u00e9tico al por mayor Manufacturersmanufacturer, nos hemos dedicado a desarrollar materiales que no s\u00f3lo imitan la elegancia y la sofisticaci\u00f3n de cuero genuino, pero tambi\u00e9n superan en t\u00e9rminos de durabilidad y asequibilidad\" class=\"feature-image left\" src=\"\/wp-content\/uploads\/2025\/08\/12mm-durable-reliable-brogues-shoes-imitation-microfiber-leather-21702.jpg\"\/><\/p>\n<h3>Como empresa l\u00edder WINIW F\u00e1brica de cuero sint\u00e9tico al por mayor Manufacturersmanufacturer, nos hemos dedicado a desarrollar materiales que no s\u00f3lo imitan la elegancia y la sofisticaci\u00f3n de cuero genuino, pero tambi\u00e9n superan en t\u00e9rminos de durabilidad y asequibilidad<\/h3>\n<p>Como empresa l\u00edder WINIW F\u00e1brica de cuero sint\u00e9tico al por mayor Manufacturersmanufacturer, nos hemos dedicado a desarrollar materiales que no s\u00f3lo imitan la elegancia y la sofisticaci\u00f3n de cuero genuino, pero tambi\u00e9n lo superan en t\u00e9rminos de durabilidad y asequibilidad.<\/p>\n<div class=\"clear\"><\/div>\n<\/div>\n<div class=\"feature-item\">\n<img decoding=\"async\" alt=\"Esta piel de microfibra ha sido meticulosamente dise\u00f1ada para satisfacer los m\u00e1s altos est\u00e1ndares de la industria del calzado, ofreciendo una soluci\u00f3n vers\u00e1til para los dise\u00f1adores y fabricantes de calzado que buscan elevar la calidad de sus zapatos brogues sin comprometer el estilo o el presupuesto.\" class=\"feature-image left\" src=\"\/wp-content\/uploads\/2025\/08\/12mm-durable-reliable-brogues-shoes-imitation-microfiber-leather-21703.jpg\"\/><\/p>\n<h3>Esta piel de microfibra ha sido meticulosamente dise\u00f1ada para satisfacer los m\u00e1s altos est\u00e1ndares de la industria del calzado, ofreciendo una soluci\u00f3n vers\u00e1til para los dise\u00f1adores y fabricantes de calzado que buscan elevar la calidad de sus zapatos brogues sin comprometer el estilo o el presupuesto.<\/h3>\n<p>Esta piel de microfibra est\u00e1 meticulosamente dise\u00f1ada para satisfacer los m\u00e1s altos est\u00e1ndares de la industria del calzado, ofreciendo una soluci\u00f3n vers\u00e1til para los dise\u00f1adores y fabricantes de calzado que buscan elevar la calidad de sus zapatos brogues sin comprometer el estilo ni el presupuesto.<\/p>\n<div class=\"clear\"><\/div>\n<\/div>\n<div class=\"feature-item\">\n<img decoding=\"async\" class=\"feature-image left\" src=\"\/wp-content\/uploads\/2025\/08\/12mm-durable-reliable-brogues-shoes-imitation-microfiber-leather-21704.jpg\">\" alt=\"Nuestra piel de microfibra est\u00e1 dise\u00f1ada para resistir los rigores del uso diario manteniendo al mismo tiempo un aspecto lujoso, lo que la convierte en la opci\u00f3n ideal para los clientes exigentes \"&gt;<\/p>\n<h3>Nuestra piel de microfibra est\u00e1 dise\u00f1ada para soportar los rigores del uso diario sin perder su aspecto lujoso, lo que la convierte en la opci\u00f3n ideal para los clientes m\u00e1s exigentes. <\/h3>\n<p>Nuestra piel de microfibra est\u00e1 dise\u00f1ada para soportar los rigores del uso diario y mantener al mismo tiempo un aspecto lujoso, lo que la convierte en la opci\u00f3n ideal para los clientes m\u00e1s exigentes. Material <strong>Leatherman de imitaci\u00f3n impermeable<\/strong> MicrofibraPiel Marca WINIW Company F\u00e1brica de fabricantes de cuero sint\u00e9tico al por mayorAncho 54\u2033;<\/p>\n<div class=\"clear\"><\/div>\n<p><\/img><\/div>\n<div class=\"feature-item\">\n<img decoding=\"async\" alt=\"1\" class=\"feature-image left\" src=\"\/wp-content\/uploads\/2025\/08\/12mm-durable-reliable-brogues-shoes-imitation-microfiber-leather-21705.jpg\"\/><\/p>\n<h3>1<\/h3>\n<p>1.37m Color Rojo, Negro, Marr\u00f3n, Verde, aceptar personalizar Caracter\u00edstica Resistente al desgaste, Impermeable, Anti-Mildew, Flexible Espesor 0.6mm-2.0mm Lugar de Origen China Personalizado S\u00ed Plazo de entrega Generalmente dentro de 15 - 25 d\u00edas.<\/p>\n<div class=\"clear\"><\/div>\n<\/div>\n<div class=\"feature-item\">\n<h3>MOQ 300 metros Detalles de embalaje 30\/50 metros por rollo<\/h3>\n<p>MOQ 300 metros Detalles de embalaje 30\/50 metros por rollo. O personalizado Capacidad de producci\u00f3n 1.000.000 metros mensuales Caracter\u00edstica del producto La imitaci\u00f3n de cuero de microfibra duradera y fiable para zapatos Brogues cuenta con una serie de caracter\u00edsticas impresionantes que lo distinguen en el mercado.<\/p>\n<div class=\"clear\"><\/div>\n<\/div>\n<div class=\"feature-item\">\n<h3>Producido <strong>Ante Piel Impermeable Importaci\u00f3n<\/strong> por WINIW Empresa F\u00e1brica al por mayor de cuero sint\u00e9tico Manufacturersfactory utilizando t\u00e9cnicas avanzadas de fabricaci\u00f3n, este cuero de microfibra se destaca en t\u00e9rminos de su resistencia y longevidad<\/h3>\n<p>Producido <strong>Ante Piel Impermeable Importaci\u00f3n<\/strong> por WINIW Empresa F\u00e1brica de venta al por mayor de cuero sint\u00e9tico Manufacturersfactory utilizando t\u00e9cnicas avanzadas de fabricaci\u00f3n, este cuero de microfibra se destaca en t\u00e9rminos de su resistencia y longevidad.<\/p>\n<div class=\"clear\"><\/div>\n<\/div>\n<div class=\"feature-item\">\n<h3>Es muy resistente al desgaste, lo que garantiza que los zapatos fabricados con este material conserven su forma y aspecto durante largos periodos de uso.<\/h3>\n<p>Es muy resistente al desgaste, lo que garantiza que los zapatos fabricados con este material conserven su forma y aspecto durante largos periodos de uso. Adem\u00e1s, nuestra piel de microfibra est\u00e1 dise\u00f1ada para ser transpirable, lo que permite una mejor circulaci\u00f3n del aire y una experiencia de uso m\u00e1s c\u00f3moda.<\/p>\n<div class=\"clear\"><\/div>\n<\/div>\n<div class=\"feature-item\">\n<h3>Su flexibilidad superior garantiza que se adapte a la forma del pie, proporcionando una mayor sujeci\u00f3n y reduciendo la probabilidad de fatiga.<\/h3>\n<p>Su flexibilidad superior asegura que se ajusta a la forma del pie, proporcionando un mayor apoyo y reducir la probabilidad de fatiga. Adem\u00e1s, la empresa WINIW f\u00e1brica de cuero sint\u00e9tico al por mayor Fabricantesmicrofibra de cuero es f\u00e1cil de limpiar y mantener, preservando su apariencia pr\u00edstina con el m\u00ednimo esfuerzo.<\/p>\n<div class=\"clear\"><\/div>\n<\/div>\n<div class=\"feature-item\">\n<h3>Estas caracter\u00edsticas, combinadas con el compromiso de nuestra f\u00e1brica con la sostenibilidad y las pr\u00e1cticas respetuosas con el medio ambiente, hacen de nuestra piel de microfibra una opci\u00f3n excepcional para los fabricantes de calzado que buscan crear zapatos de brogue de alta calidad, duraderos y con estilo. <\/h3>\n<p>Estas caracter\u00edsticas, combinadas con el compromiso de nuestra f\u00e1brica con la sostenibilidad y las pr\u00e1cticas respetuosas con el medio ambiente, hacen de nuestra piel de microfibra una opci\u00f3n excepcional para los fabricantes de calzado que buscan crear zapatos brogues de alta calidad, duraderos y con estilo .<\/p>\n<div class=\"clear\"><\/div>\n<\/div>\n<div class=\"feature-item\">\n<img decoding=\"async\" alt=\"Alta resistencia al desgarro - Ultrasuede Microfibra Faux Leather para guantes de ciclismo\" class=\"feature-image left\" src=\"\/wp-content\/uploads\/2025\/08\/07mm-ultrasuede-microfiber-faux-leather-for-cycling-gloves--37882.jpg\"\/><\/p>\n<h3>Alta resistencia al desgarro<\/h3>\n<p>Nuestra piel de microfibra Ultrasuede presenta una excepcional resistencia al desgarro, lo que garantiza que no se romper\u00e1 ni deformar\u00e1 f\u00e1cilmente bajo tensi\u00f3n. Esto la hace ideal para productos que requieren durabilidad y rendimiento a largo plazo.<\/p>\n<div class=\"clear\"><\/div>\n<\/div>\n<div class=\"feature-item\">\n<img decoding=\"async\" alt=\"Retenci\u00f3n de la forma - Piel sint\u00e9tica de microfibra Ultrasuede para guantes de ciclismo\" class=\"feature-image right\" src=\"\/wp-content\/uploads\/2025\/08\/07mm-ultrasuede-microfiber-faux-leather-for-cycling-gloves--37883.jpg\"\/><\/p>\n<h3>No es f\u00e1cil de deformar<\/h3>\n<p>Especialmente tratado para mantener su forma original, este material ofrece una excelente elasticidad y estabilidad. Resiste la deformaci\u00f3n por presi\u00f3n externa o estiramiento, manteniendo los productos intactos y atractivos a lo largo del tiempo.<\/p>\n<div class=\"clear\"><\/div>\n<\/div>\n<div class=\"feature-item\">\n<img decoding=\"async\" alt=\"Durabilidad - Piel sint\u00e9tica de microfibra Ultrasuede para guantes de ciclismo\" class=\"feature-image left\" src=\"\/wp-content\/uploads\/2025\/08\/07mm-ultrasuede-microfiber-faux-leather-for-cycling-gloves--37884.jpg\"\/><\/p>\n<h3>Durabilidad<\/h3>\n<p>Extremadamente resistente a la abrasi\u00f3n, los desgarros y los pinchazos, este material garantiza que los guantes se mantengan en \u00f3ptimas condiciones incluso con un uso prolongado. Tambi\u00e9n mantiene una excelente destreza y resistencia para art\u00edculos de piel de alta calidad.<\/p>\n<div class=\"clear\"><\/div>\n<\/div>\n<\/section>\n<section id=\"why-choose-us\">\n<h2>Por qu\u00e9 elegir WINIW<\/h2>\n<div class=\"advantage-item\">\n<h3>Nuestras ventajas<\/h3>\n<p>WINIW Company F\u00e1brica de venta al por mayor de cuero sint\u00e9tico ManufacturersFactory escaparate de productos<\/p>\n<\/div>\n<div class=\"advantage-item\">\n<h3>Garant\u00eda de calidad<\/h3>\n<p>Aplicamos un estricto control de calidad en toda la cadena de producci\u00f3n y suministro, cumpliendo las normas ISO9001. Desde la selecci\u00f3n de materias primas hasta la inspecci\u00f3n final, damos prioridad a los intereses del cliente.<\/p>\n<\/div>\n<div class=\"advantage-item\">\n<h3>Equipo t\u00e9cnico profesional<\/h3>\n<p>Nuestro equipo t\u00e9cnico especializado est\u00e1 formado por profesionales con experiencia en diversos campos, dedicados a suministrar productos de alta calidad y soluciones a medida.<\/p>\n<\/div>\n<div class=\"advantage-item\">\n<h3>Amplia gama de aplicaciones<\/h3>\n<p>Nuestros materiales se utilizan ampliamente en calzado, ropa, maletas, interiores de autom\u00f3viles, muebles de sof\u00e1, etc.<\/p>\n<\/div>\n<div class=\"advantage-item\">\n<h3>Una rica experiencia<\/h3>\n<p>Quanzhou WINIW Import &amp; Export Co., Ltd. cuenta con m\u00e1s de 20 a\u00f1os de experiencia en producci\u00f3n, ofreciendo soluciones perfectas para clientes de todo el mundo.<\/p>\n<\/div>\n<div class=\"advantage-item\">\n<h3>Precio asequible<\/h3>\n<p>Ofrecemos precios competitivos y un excelente servicio de atenci\u00f3n al cliente. Solicite un cat\u00e1logo o visite nuestra f\u00e1brica para explorar nuestros productos.<\/p>\n<\/div>\n<div class=\"advantage-item\">\n<h3>Servicio de atenci\u00f3n al cliente en l\u00ednea 24 horas<\/h3>\n<p>Nuestro equipo est\u00e1 disponible 24 horas al d\u00eda, 7 d\u00edas a la semana, para responder a las consultas y atender los comentarios con prontitud.<\/p>\n<\/div>\n<p><img decoding=\"async\" alt=\"Planta de producci\u00f3n WINIW - Proceso de fabricaci\u00f3n de piel de microfibra Ultrasuede\" class=\"product-image\" src=\"\/wp-content\/uploads\/2025\/08\/07mm-ultrasuede-microfiber-faux-leather-for-cycling-gloves--37888.jpg\"\/><br \/>\n<\/section>\n<p><\/main><\/p>\n<section id=\"inquiry\">\n<h2 style=\"text-align: center;\">Esperamos su consulta.<\/h2>\n<p style=\"text-align: center;\">P\u00f3ngase en contacto con nosotros hoy mismo para obtener m\u00e1s informaci\u00f3n sobre nuestros productos y realizar su pedido.<\/p>\n<\/section>\n\n    <div class=\"xs_social_share_widget xs_share_url after_content \t\tmain_content  wslu-style-1 wslu-share-box-shaped wslu-fill-colored wslu-none wslu-share-horizontal wslu-theme-font-no wslu-main_content\">\n\n\t\t\n        <ul>\n\t\t\t        <\/ul>\n    <\/div>","protected":false},"excerpt":{"rendered":"<div class=\"product-short-description\">Microfibra de cuero de 1,2 mm Durable Reliable Brogues Zapatos de imitaci\u00f3n de microfibra de cuero WINIW 1,2 mm Durable Reliable Brogues Zapatos de imitaci\u00f3n de microfibra de cuero Las caracter\u00edsticas principales incluyen MicrofibraPiel, WINIW, Width.Ideal para aquellos que buscan calidad y fiabilidad.<\/p>\n<p>Como f\u00e1brica directa, fabricante y mayorista, podemos controlar estrictamente el proceso de producci\u00f3n para garantizar la calidad del producto y, al mismo tiempo, ofrecerle los precios m\u00e1s favorables. Contamos con equipos de producci\u00f3n avanzados y un equipo t\u00e9cnico profesional para satisfacer sus necesidades de pedidos a gran escala y garantizar una entrega puntual.<\/p>\n<\/div>","protected":false},"featured_media":2917,"template":"","meta":[],"product_brand":[],"product_cat":[111],"product_tag":[],"class_list":{"0":"post-28045","1":"product","2":"type-product","3":"status-publish","4":"has-post-thumbnail","6":"product_cat-microfiber-leather","8":"first","9":"instock","10":"product-type-simple"},"_links":{"self":[{"href":"https:\/\/www.eco-leather.com\/es\/wp-json\/wp\/v2\/product\/28045","targetHints":{"allow":["GET"]}}],"collection":[{"href":"https:\/\/www.eco-leather.com\/es\/wp-json\/wp\/v2\/product"}],"about":[{"href":"https:\/\/www.eco-leather.com\/es\/wp-json\/wp\/v2\/types\/product"}],"wp:featuredmedia":[{"embeddable":true,"href":"https:\/\/www.eco-leather.com\/es\/wp-json\/wp\/v2\/media\/2917"}],"wp:attachment":[{"href":"https:\/\/www.eco-leather.com\/es\/wp-json\/wp\/v2\/media?parent=28045"}],"wp:term":[{"taxonomy":"product_brand","embeddable":true,"href":"https:\/\/www.eco-leather.com\/es\/wp-json\/wp\/v2\/product_brand?post=28045"},{"taxonomy":"product_cat","embeddable":true,"href":"https:\/\/www.eco-leather.com\/es\/wp-json\/wp\/v2\/product_cat?post=28045"},{"taxonomy":"product_tag","embeddable":true,"href":"https:\/\/www.eco-leather.com\/es\/wp-json\/wp\/v2\/product_tag?post=28045"}],"curies":[{"name":"wp","href":"https:\/\/api.w.org\/{rel}","templated":true}]}}