{"id":28028,"date":"2025-09-07T10:50:43","date_gmt":"2025-09-07T02:50:43","guid":{"rendered":"https:\/\/www.eco-leather.com\/product\/nonfading-print-fabric-microfiber-leather-for-making-storage-sofa\/"},"modified":"2025-09-07T10:50:48","modified_gmt":"2025-09-07T02:50:48","slug":"nonfading-impresion-de-tela-de-microfibra-de-cuero-para-hacer-sofa-de-almacenamiento","status":"publish","type":"product","link":"https:\/\/www.eco-leather.com\/es\/nonfading-impresion-de-tela-de-microfibra-de-cuero-para-hacer-sofa-de-almacenamiento\/","title":{"rendered":"Nonfading impresi\u00f3n de la tela de cuero de microfibra para hacer sof\u00e1 de almacenamiento"},"content":{"rendered":"<h2>Piel sint\u00e9tica de microfibra impermeable<\/h2>\n<p><main><\/p>\n<section id=\"product-overview\">\n<h2>Descripci\u00f3n del producto<\/h2>\n<p>Producto <strong>Suela de piel sint\u00e9tica<\/strong> Introducci\u00f3n<\/p>\n<p>Fabricados con materiales de microfibra de alta calidad, nuestros guantes de piel sint\u00e9tica de microfibra Ultrasuede de 0,7 mm son la elecci\u00f3n perfecta para el ciclismo. Equilibra flexibilidad y resistencia, y ofrece una transpirabilidad excepcional y propiedades de evacuaci\u00f3n de la humedad para mantener las manos frescas y secas durante salidas intensas.<\/p>\n<p>Tanto si eres un ciclista profesional como si te dedicas al ocio, la piel de microfibra este material proporciona una comodidad y una protecci\u00f3n insuperables. Su gran resistencia a las abrasiones y los desgarros garantiza un rendimiento duradero, mientras que su elegante dise\u00f1o a\u00f1ade un toque sofisticado a cualquier conjunto ciclista.<\/p>\n<\/section>\n<section id=\"specifications\">\n<h2>Par\u00e1metros t\u00e9cnicos<\/h2>\n<ul class_=\"parameters-list\">\n<li><span class=\"param-name\">Producto <strong>Cajas de piel sint\u00e9tica China<\/strong> Especificaci\u00f3n WINIW Company F\u00e1brica de venta al por mayor de charol ManufacturersCustomizable cuero sint\u00e9tico:<\/span> Elegancia, durabilidad y variedad de colores.<\/li>\n<\/ul>\n<p><img decoding=\"async\" alt=\"Piel sint\u00e9tica de microfibra de 0,7 mm Ultrasuede para guantes de ciclismo - Especificaci\u00f3n del material\" class=\"product-image\" src=\"\/wp-content\/uploads\/2025\/08\/07mm-ultrasuede-microfiber-faux-leather-for-cycling-gloves--37881.jpg\"\/><\/p>\n<h3>Par\u00e1metros del producto<\/h3>\n<ul class=\"parameters-list\">\n<li><span class=\"param-name\">Material:<\/span> Microfibra + PU<\/li>\n<li><span class=\"param-name\">Color:<\/span> Negro, gris, beige (colores personalizados disponibles)<\/li>\n<li><span class=\"param-name\">Grosor:<\/span> 0,6 mm, 0,7 mm, 0,8 mm, 1 mm<\/li>\n<li><span class=\"param-name\">Cantidad m\u00ednima de pedido:<\/span> 300 metros lineales<\/li>\n<li><span class=\"param-name\">Longitud del rollo:<\/span> 20-30 m\/rollo<\/li>\n<li><span class=\"param-name\">Plazo de entrega:<\/span> 15-20 d\u00edas<\/li>\n<li><span class=\"param-name\">Anchura:<\/span> 54\u2033, 137cm<\/li>\n<li><span class=\"param-name\">Capacidad de producci\u00f3n:<\/span> 1.000.000 de metros mensuales<\/li>\n<\/ul>\n<\/section>\n<section id=\"features\">\n<h2>Caracter\u00edsticas del producto<\/h2>\n<div class=\"feature-item\">\n<img decoding=\"async\" alt=\"MaterialTela de Sof\u00e1 Impermeable ImportadoresMicrofibraPiel Marca WINIW Empresa F\u00e1brica Mayorista de charol FabricantesAncho 54\" class=\"feature-image left\" src=\"\/wp-content\/uploads\/2025\/08\/nonfading-print-fabric-microfiber-leather-for-making-storage-sofa-21560.jpg\"\/><\/p>\n<h3>Material <strong>Sofa Fabric Waterproof Importadores<\/strong> MicrofibraPiel Marca de f\u00e1brica de la empresa WINIW Fabricantes de charol al por mayorAncho 54\u2033; 1<\/h3>\n<p>Material <strong>Sofa Fabric Waterproof Importadores<\/strong> MicrofibraPiel Marca WINIW Empresa F\u00e1brica Mayorista de charol FabricantesAncho 54\u2033; 1.37m Color Rojo, Negro, Marr\u00f3n, Verde, aceptar personalizar Caracter\u00edstica Resistente al desgaste, Impermeable, Antimoho, Flexible Espesor 0.6mm-2.0mm Lugar de Origen China Personalizado S\u00ed Plazo de entrega Generalmente dentro de 15 - 25 d\u00edas.<\/p>\n<div class=\"clear\"><\/div>\n<\/div>\n<div class=\"feature-item\">\n<img decoding=\"async\" alt=\"MOQ 300 metros Detalles de embalaje 30\/50 metros por rollo\" class=\"feature-image left\" src=\"\/wp-content\/uploads\/2025\/08\/nonfading-print-fabric-microfiber-leather-for-making-storage-sofa-21561.jpg\"\/><\/p>\n<h3>MOQ 300 metros Detalles de embalaje 30\/50 metros por rollo<\/h3>\n<p>MOQ 300 metros Detalles de embalaje 30\/50 metros por rollo. O modificado para requisitos particulares Capacidad de producci\u00f3n 1.000.000 metros mensuales Caracter\u00edstica de producto El no desvanecimiento de impresi\u00f3n de tela de microfibra de cuero de la empresa WINIW f\u00e1brica de venta al por mayor de charol Manufacturersmanufacturer destaca por su excepcional durabilidad y resistencia a la decoloraci\u00f3n.<\/p>\n<div class=\"clear\"><\/div>\n<\/div>\n<div class=\"feature-item\">\n<img decoding=\"async\" alt=\"La composici\u00f3n de microfibra garantiza un tacto suave y flexible que imita el tacto de la piel aut\u00e9ntica, al tiempo que proporciona una transpirabilidad y un confort superiores.\" class=\"feature-image left\" src=\"\/wp-content\/uploads\/2025\/08\/nonfading-print-fabric-microfiber-leather-for-making-storage-sofa-21562.jpg\"\/><\/p>\n<h3>La composici\u00f3n de microfibra garantiza un tacto suave y flexible que imita el tacto de la piel aut\u00e9ntica, al tiempo que proporciona una transpirabilidad y un confort superiores.<\/h3>\n<p>La composici\u00f3n de microfibra garantiza un tacto suave y flexible que imita el tacto de la piel aut\u00e9ntica, al tiempo que proporciona una transpirabilidad y un confort superiores. El sitio <strong>Exportador de telas impermeables para sof\u00e1s<\/strong> El estampado de tejido integrado a\u00f1ade una capa de textura e inter\u00e9s visual, haciendo de cada sof\u00e1 tapizado con este material una verdadera obra de arte.<\/p>\n<div class=\"clear\"><\/div>\n<\/div>\n<div class=\"feature-item\">\n<img decoding=\"async\" alt=\"WINIW Company F\u00e1brica al por mayor de charol Manufacturersadvanced tecnolog\u00eda de impresi\u00f3n garantiza que las impresiones no se desvanecen o se desgastan con el tiempo, manteniendo la apariencia fresca y vibrante del sof\u00e1\" class=\"feature-image left\" src=\"\/wp-content\/uploads\/2025\/08\/nonfading-print-fabric-microfiber-leather-for-making-storage-sofa-21563.jpg\"\/><\/p>\n<h3>WINIW Company F\u00e1brica al por mayor de charol Manufacturersadvanced tecnolog\u00eda de impresi\u00f3n garantiza que las impresiones no se desvanecen o se desgastan con el tiempo, manteniendo el sof\u00e1 fresco y vibrante apariencia<\/h3>\n<p>WINIW Company F\u00e1brica de venta al por mayor de charol Manufacturersadvanced tecnolog\u00eda de impresi\u00f3n garantiza que las impresiones no se desvanecen o se desgastan con el tiempo, manteniendo el sof\u00e1 fresco y vibrante apariencia.<\/p>\n<div class=\"clear\"><\/div>\n<\/div>\n<div class=\"feature-item\">\n<h3>Adem\u00e1s, esta piel de microfibra es f\u00e1cil de limpiar y mantener, y requiere un esfuerzo m\u00ednimo para mantenerla como nueva.<\/h3>\n<p>Adem\u00e1s, esta piel de microfibra es f\u00e1cil de limpiar y mantener, y requiere un esfuerzo m\u00ednimo para mantenerla como nueva. Su resistencia a las manchas, los ara\u00f1azos y el desgaste diario la convierten en una opci\u00f3n pr\u00e1ctica para zonas de mucho tr\u00e1nsito y familias con mascotas o ni\u00f1os.<\/p>\n<div class=\"clear\"><\/div>\n<\/div>\n<div class=\"feature-item\">\n<h3>WINIW Company Factory Wholesale Patent Leather Manufacturersdedicaci\u00f3n a la sostenibilidad tambi\u00e9n se refleja en este producto, ya que est\u00e1 hecho de materiales ecol\u00f3gicos que reducen el impacto ambiental de la producci\u00f3n de sof\u00e1s <\/h3>\n<p>WINIW Company Factory Wholesale Patent Leather Manufacturersdedicaci\u00f3n a la sostenibilidad tambi\u00e9n se refleja en este producto, ya que est\u00e1 hecho de materiales ecol\u00f3gicos que reducen el impacto ambiental de la producci\u00f3n de sof\u00e1s .<\/p>\n<div class=\"clear\"><\/div>\n<\/div>\n<div class=\"feature-item\">\n<img decoding=\"async\" alt=\"Alta resistencia al desgarro - Ultrasuede Microfibra Faux Leather para guantes de ciclismo\" class=\"feature-image left\" src=\"\/wp-content\/uploads\/2025\/08\/07mm-ultrasuede-microfiber-faux-leather-for-cycling-gloves--37882.jpg\"\/><\/p>\n<h3>Alta resistencia al desgarro<\/h3>\n<p>Nuestra piel de microfibra Ultrasuede presenta una excepcional resistencia al desgarro, lo que garantiza que no se romper\u00e1 ni deformar\u00e1 f\u00e1cilmente bajo tensi\u00f3n. Esto la hace ideal para productos que requieren durabilidad y rendimiento a largo plazo.<\/p>\n<div class=\"clear\"><\/div>\n<\/div>\n<div class=\"feature-item\">\n<img decoding=\"async\" alt=\"Retenci\u00f3n de la forma - Piel sint\u00e9tica de microfibra Ultrasuede para guantes de ciclismo\" class=\"feature-image right\" src=\"\/wp-content\/uploads\/2025\/08\/07mm-ultrasuede-microfiber-faux-leather-for-cycling-gloves--37883.jpg\"\/><\/p>\n<h3>No es f\u00e1cil de deformar<\/h3>\n<p>Especialmente tratado para mantener su forma original, este material ofrece una excelente elasticidad y estabilidad. Resiste la deformaci\u00f3n por presi\u00f3n externa o estiramiento, manteniendo los productos intactos y atractivos a lo largo del tiempo.<\/p>\n<div class=\"clear\"><\/div>\n<\/div>\n<div class=\"feature-item\">\n<img decoding=\"async\" alt=\"Durabilidad - Piel sint\u00e9tica de microfibra Ultrasuede para guantes de ciclismo\" class=\"feature-image left\" src=\"\/wp-content\/uploads\/2025\/08\/07mm-ultrasuede-microfiber-faux-leather-for-cycling-gloves--37884.jpg\"\/><\/p>\n<h3>Durabilidad<\/h3>\n<p>Extremadamente resistente a la abrasi\u00f3n, los desgarros y los pinchazos, este material garantiza que los guantes se mantengan en \u00f3ptimas condiciones incluso con un uso prolongado. Tambi\u00e9n mantiene una excelente destreza y resistencia para art\u00edculos de piel de alta calidad.<\/p>\n<div class=\"clear\"><\/div>\n<\/div>\n<\/section>\n<section id=\"usage\">\n<h2>Uso y aplicaciones<\/h2>\n<p><img fetchpriority=\"high\" decoding=\"async\" alt=\"Piel sint\u00e9tica de microfibra impermeable\" height=\"424\" src=\"\/wp-content\/uploads\/2025\/08\/nonfading-print-fabric-microfiber-leather-for-making-storage-sofa-21559.jpg\" width=\"1420\"\/><\/p>\n<div class=\"usage-point\">\n<h3>En <strong>Importadores de zapatos de piel vegana<\/strong> Nonfading Imprimir Tela de microfibra de cuero, hecho a mano por los profesionales experimentados en WINIW empresa de f\u00e1brica al por mayor de charol Manufacturersfactory, representa un salto revolucionario en el mundo de la tapicer\u00eda del sof\u00e1<\/h3>\n<p>En <strong>Importadores de zapatos de piel vegana<\/strong> Nonfading Imprimir Tela de Microfibra de cuero, hecho a mano por los profesionales experimentados en WINIW empresa de f\u00e1brica al por mayor de charol Manufacturersfactory, representa un salto revolucionario en el mundo de la tapicer\u00eda sof\u00e1.<\/p>\n<\/div>\n<div class=\"usage-point\">\n<h3>Como fabricante l\u00edder en la industria del cuero, WINIW empresa de f\u00e1brica al por mayor de charol Manufacturershas meticulosamente dise\u00f1ado este cuero de microfibra para satisfacer la creciente demanda de materiales duraderos, con estilo, y el sof\u00e1 ecol\u00f3gico<\/h3>\n<p>Como fabricante l\u00edder en la industria del cuero, WINIW Company F\u00e1brica de venta al por mayor de charol Manufacturershas meticulosamente dise\u00f1ado este cuero de microfibra para satisfacer la creciente demanda de materiales duraderos, con estilo, y el sof\u00e1 ecol\u00f3gico.<\/p>\n<\/div>\n<div class=\"usage-point\">\n<h3>Este <strong>Distribuidores de tejidos para bolsas<\/strong> la exclusiva mezcla de microfibra y tejido integra un estampado que no desti\u00f1e y conserva sus vivos colores e intrincados dise\u00f1os incluso tras un uso prolongado y la exposici\u00f3n a la luz solar<\/h3>\n<p>Este <strong>Distribuidores de tejidos para bolsas<\/strong> mezcla \u00fanica de microfibra y tejido integra un estampado que no se desti\u00f1e y que conserva sus vibrantes colores e intrincados dise\u00f1os incluso despu\u00e9s de un uso prolongado y de la exposici\u00f3n a la luz solar.<\/p>\n<\/div>\n<div class=\"usage-point\">\n<h3>El resultado es un material que no s\u00f3lo realza el atractivo est\u00e9tico de cualquier sof\u00e1, sino que tambi\u00e9n garantiza un rendimiento y un confort duraderos.<\/h3>\n<p>El resultado es un material que no s\u00f3lo mejora el atractivo est\u00e9tico de cualquier sof\u00e1, sino que tambi\u00e9n garantiza un rendimiento duradero y comodidad. WINIW empresa f\u00e1brica de venta al por mayor de charol Manufacturerscommitment a la calidad y la innovaci\u00f3n brilla a trav\u00e9s de cada rollo de este cuero de microfibra, por lo que es una opci\u00f3n ideal para los fabricantes de muebles y dise\u00f1adores que buscan elevar sus creaciones sof\u00e1...<\/p>\n<\/div>\n<div class=\"usage-point\">\n<h3>C\u00f3modo y transpirable<\/h3>\n<p>Suave, c\u00f3modo y muy transpirable, este material es perfecto para guantes de ciclismo y otros productos que se utilizan durante periodos prolongados. Mantiene las manos frescas y secas durante actividades extenuantes.<\/p>\n<\/div>\n<div class=\"usage-point\">\n<h3>Ecol\u00f3gico y sostenible<\/h3>\n<p>Nuestra piel sint\u00e9tica de microfibra Ultrasuede incluye opciones respetuosas con el medio ambiente, como las variantes fabricadas con PET reciclado y materiales de origen vegetal, que reducen el impacto medioambiental a la vez que ofrecen diversas texturas.<\/p>\n<\/div>\n<div class=\"usage-point\">\n<h3>Protecci\u00f3n antibacterias y antipolvo<\/h3>\n<p>Las variantes seleccionadas presentan propiedades antibacterianas y resistentes al polvo, por lo que cumplen elevadas normas de higiene ideales para guantes que requieren estrictos controles de calidad y seguridad.<\/p>\n<\/div>\n<div class=\"usage-point\">\n<h3>Diversos escenarios de aplicaci\u00f3n<\/h3>\n<p>Adem\u00e1s de guantes de ciclismo, es adecuado para guantes de dedos, guantes de seguridad y otros tipos de guantes, as\u00ed como calzado, ropa y accesorios.<\/p>\n<\/div>\n<p><img decoding=\"async\" alt=\"Aplicaciones de la piel sint\u00e9tica de microfibra Ultrasuede de 0,7 mm en diversos productos\" class=\"product-image\" src=\"\/wp-content\/uploads\/2025\/08\/07mm-ultrasuede-microfiber-faux-leather-for-cycling-gloves--37885.jpg\"\/><br \/>\n<img decoding=\"async\" alt=\"Guantes de ciclismo de piel de microfibra Ultrasuede - ejemplo de producto\" class=\"product-image\" src=\"\/wp-content\/uploads\/2025\/08\/07mm-ultrasuede-microfiber-faux-leather-for-cycling-gloves--37886.jpg\"\/><br \/>\n<\/section>\n<section id=\"why-choose-us\">\n<h2>Por qu\u00e9 elegir WINIW<\/h2>\n<div class=\"advantage-item\">\n<h3>Nuestras ventajas<\/h3>\n<p>WINIW Company Fabricantes al por mayor de charolF\u00e1brica escaparate de productos<\/p>\n<\/div>\n<div class=\"advantage-item\">\n<h3>Garant\u00eda de calidad<\/h3>\n<p>Aplicamos un estricto control de calidad en toda la cadena de producci\u00f3n y suministro, cumpliendo las normas ISO9001. Desde la selecci\u00f3n de materias primas hasta la inspecci\u00f3n final, damos prioridad a los intereses del cliente.<\/p>\n<\/div>\n<div class=\"advantage-item\">\n<h3>Equipo t\u00e9cnico profesional<\/h3>\n<p>Nuestro equipo t\u00e9cnico especializado est\u00e1 formado por profesionales con experiencia en diversos campos, dedicados a suministrar productos de alta calidad y soluciones a medida.<\/p>\n<\/div>\n<div class=\"advantage-item\">\n<h3>Amplia gama de aplicaciones<\/h3>\n<p>Nuestros materiales se utilizan ampliamente en calzado, ropa, maletas, interiores de autom\u00f3viles, muebles de sof\u00e1, etc.<\/p>\n<\/div>\n<div class=\"advantage-item\">\n<h3>Una rica experiencia<\/h3>\n<p>Quanzhou WINIW Import &amp; Export Co., Ltd. cuenta con m\u00e1s de 20 a\u00f1os de experiencia en producci\u00f3n, ofreciendo soluciones perfectas para clientes de todo el mundo.<\/p>\n<\/div>\n<div class=\"advantage-item\">\n<h3>Precio asequible<\/h3>\n<p>Ofrecemos precios competitivos y un excelente servicio de atenci\u00f3n al cliente. Solicite un cat\u00e1logo o visite nuestra f\u00e1brica para explorar nuestros productos.<\/p>\n<\/div>\n<div class=\"advantage-item\">\n<h3>Servicio de atenci\u00f3n al cliente en l\u00ednea 24 horas<\/h3>\n<p>Nuestro equipo est\u00e1 disponible 24 horas al d\u00eda, 7 d\u00edas a la semana, para responder a las consultas y atender los comentarios con prontitud.<\/p>\n<\/div>\n<p><img decoding=\"async\" alt=\"Planta de producci\u00f3n WINIW - Proceso de fabricaci\u00f3n de piel de microfibra Ultrasuede\" class=\"product-image\" src=\"\/wp-content\/uploads\/2025\/08\/07mm-ultrasuede-microfiber-faux-leather-for-cycling-gloves--37888.jpg\"\/><br \/>\n<\/section>\n<p><\/main><\/p>\n<section id=\"inquiry\">\n<h2 style=\"text-align: center;\">Esperamos su consulta.<\/h2>\n<p style=\"text-align: center;\">P\u00f3ngase en contacto con nosotros hoy mismo para obtener m\u00e1s informaci\u00f3n sobre nuestros productos y realizar su pedido.<\/p>\n<\/section>\n\n    <div class=\"xs_social_share_widget xs_share_url after_content \t\tmain_content  wslu-style-1 wslu-share-box-shaped wslu-fill-colored wslu-none wslu-share-horizontal wslu-theme-font-no wslu-main_content\">\n\n\t\t\n        <ul>\n\t\t\t        <\/ul>\n    <\/div>","protected":false},"excerpt":{"rendered":"<div class=\"product-short-description\">Microfibra de cuero Nonfading Imprimir tela de microfibra de cuero para la fabricaci\u00f3n de sof\u00e1s de almacenamiento WINIW Nonfading Imprimir tela de microfibra de cuero para la fabricaci\u00f3n de sof\u00e1s de almacenamiento Las caracter\u00edsticas clave incluyen MicrofiberLeather, WINIW, Width.Ideal para aquellos que buscan calidad y fiabilidad.<\/p>\n<p>Como f\u00e1brica directa, fabricante y mayorista, podemos controlar estrictamente el proceso de producci\u00f3n para garantizar la calidad del producto y, al mismo tiempo, ofrecerle los precios m\u00e1s favorables. Contamos con equipos de producci\u00f3n avanzados y un equipo t\u00e9cnico profesional para satisfacer sus necesidades de pedidos a gran escala y garantizar una entrega puntual.<\/p>\n<\/div>","protected":false},"featured_media":2859,"template":"","meta":[],"product_brand":[],"product_cat":[111],"product_tag":[],"class_list":{"0":"post-28028","1":"product","2":"type-product","3":"status-publish","4":"has-post-thumbnail","6":"product_cat-microfiber-leather","8":"first","9":"instock","10":"product-type-simple"},"_links":{"self":[{"href":"https:\/\/www.eco-leather.com\/es\/wp-json\/wp\/v2\/product\/28028","targetHints":{"allow":["GET"]}}],"collection":[{"href":"https:\/\/www.eco-leather.com\/es\/wp-json\/wp\/v2\/product"}],"about":[{"href":"https:\/\/www.eco-leather.com\/es\/wp-json\/wp\/v2\/types\/product"}],"wp:featuredmedia":[{"embeddable":true,"href":"https:\/\/www.eco-leather.com\/es\/wp-json\/wp\/v2\/media\/2859"}],"wp:attachment":[{"href":"https:\/\/www.eco-leather.com\/es\/wp-json\/wp\/v2\/media?parent=28028"}],"wp:term":[{"taxonomy":"product_brand","embeddable":true,"href":"https:\/\/www.eco-leather.com\/es\/wp-json\/wp\/v2\/product_brand?post=28028"},{"taxonomy":"product_cat","embeddable":true,"href":"https:\/\/www.eco-leather.com\/es\/wp-json\/wp\/v2\/product_cat?post=28028"},{"taxonomy":"product_tag","embeddable":true,"href":"https:\/\/www.eco-leather.com\/es\/wp-json\/wp\/v2\/product_tag?post=28028"}],"curies":[{"name":"wp","href":"https:\/\/api.w.org\/{rel}","templated":true}]}}