{"id":28013,"date":"2025-09-07T10:50:33","date_gmt":"2025-09-07T02:50:33","guid":{"rendered":"https:\/\/www.eco-leather.com\/product\/brown-nonfading-print-fabric-storage-sofa-faux-microfiber-leather\/"},"modified":"2025-09-07T10:50:39","modified_gmt":"2025-09-07T02:50:39","slug":"brown-nonfading-print-fabric-storage-sofa-faux-microfiber-leather","status":"publish","type":"product","link":"https:\/\/www.eco-leather.com\/es\/brown-nonfading-print-fabric-storage-sofa-faux-microfiber-leather\/","title":{"rendered":"Marr\u00f3n Nonfading Imprimir Tela Almacenamiento Sof\u00e1 de imitaci\u00f3n de microfibra de cuero"},"content":{"rendered":"<h2>Piel sint\u00e9tica de microfibra impermeable<\/h2>\n<p><main><\/p>\n<section id=\"product-overview\">\n<h2>Descripci\u00f3n del producto<\/h2>\n<p>Producto <strong>Tela de sof\u00e1 floral<\/strong> Introducci\u00f3n<\/p>\n<p>Fabricados con materiales de microfibra de alta calidad, nuestros guantes de piel sint\u00e9tica de microfibra Ultrasuede de 0,7 mm son la elecci\u00f3n perfecta para el ciclismo. Equilibra flexibilidad y resistencia, y ofrece una transpirabilidad excepcional y propiedades de evacuaci\u00f3n de la humedad para mantener las manos frescas y secas durante salidas intensas.<\/p>\n<p>Tanto si eres un ciclista profesional como si te dedicas al ocio, la piel de microfibra este material proporciona una comodidad y una protecci\u00f3n insuperables. Su gran resistencia a las abrasiones y los desgarros garantiza un rendimiento duradero, mientras que su elegante dise\u00f1o a\u00f1ade un toque sofisticado a cualquier conjunto ciclista.<\/p>\n<\/section>\n<section id=\"specifications\">\n<h2>Par\u00e1metros t\u00e9cnicos<\/h2>\n<ul class_=\"parameters-list\">\n<li><span class=\"param-name\">Producto <strong>Piel importada<\/strong> Specification WINIW Company Factory Wholesale Leatherette Material ManufacturersCustomizable Synthetic Leather:<\/span> Elegancia, durabilidad y variedad de colores.<\/li>\n<\/ul>\n<p><img decoding=\"async\" alt=\"Piel sint\u00e9tica de microfibra de 0,7 mm Ultrasuede para guantes de ciclismo - Especificaci\u00f3n del material\" class=\"product-image\" src=\"\/wp-content\/uploads\/2025\/08\/07mm-ultrasuede-microfiber-faux-leather-for-cycling-gloves--37881.jpg\"\/><\/p>\n<h3>Par\u00e1metros del producto<\/h3>\n<ul class=\"parameters-list\">\n<li><span class=\"param-name\">Material:<\/span> Microfibra + PU<\/li>\n<li><span class=\"param-name\">Color:<\/span> Negro, gris, beige (colores personalizados disponibles)<\/li>\n<li><span class=\"param-name\">Grosor:<\/span> 0,6 mm, 0,7 mm, 0,8 mm, 1 mm<\/li>\n<li><span class=\"param-name\">Cantidad m\u00ednima de pedido:<\/span> 300 metros lineales<\/li>\n<li><span class=\"param-name\">Longitud del rollo:<\/span> 20-30 m\/rollo<\/li>\n<li><span class=\"param-name\">Plazo de entrega:<\/span> 15-20 d\u00edas<\/li>\n<li><span class=\"param-name\">Anchura:<\/span> 54\u2033, 137cm<\/li>\n<li><span class=\"param-name\">Capacidad de producci\u00f3n:<\/span> 1.000.000 de metros mensuales<\/li>\n<\/ul>\n<\/section>\n<section id=\"features\">\n<h2>Caracter\u00edsticas del producto<\/h2>\n<div class=\"feature-item\">\n<img decoding=\"async\" alt=\"WINIWSofa Fabric Waterproof ImportersCompany Factory Wholesale Leatherette Material Manufacturersfactory proudly presents the Nonfading Print Fabric Microfiber Leather, a revolutionary material tailored for the manufacturing of storage sofas\" class=\"feature-image left\" src=\"\/wp-content\/uploads\/2025\/08\/brown-nonfading-print-fabric-storage-sofa-faux-microfiber-leather-21433.jpg\"\/><\/p>\n<h3>WINIW <strong>Sofa Fabric Waterproof Importadores<\/strong> Company Factory Wholesale Leatherette Material Manufacturersfactory proudly presents the Nonfading Print Fabric Microfiber Leather, a revolutionary material tailored for the manufacturing of storage sofas<\/h3>\n<p>WINIW <strong>Sofa Fabric Waterproof Importadores<\/strong> Company Factory Wholesale Leatherette Material Manufacturersfactory proudly presents the Nonfading Print Fabric Microfiber Leather, a revolutionary material tailored for the manufacturing of storage sofas.<\/p>\n<div class=\"clear\"><\/div>\n<\/div>\n<div class=\"feature-item\">\n<img decoding=\"async\" alt=\"As a pioneering WINIW Company Factory Wholesale Leatherette Material Manufacturersmanufacturer, we have meticulously engineered this microfiber leather to combine the elegance of printed fabrics with the durability and practicality of microfiber\" class=\"feature-image left\" src=\"\/wp-content\/uploads\/2025\/08\/brown-nonfading-print-fabric-storage-sofa-faux-microfiber-leather-21434.jpg\"\/><\/p>\n<h3>As a pioneering WINIW Company Factory Wholesale Leatherette Material Manufacturersmanufacturer, we have meticulously engineered this microfiber leather to combine the elegance of printed fabrics with the durability and practicality of microfiber<\/h3>\n<p>As a pioneering WINIW Company Factory Wholesale Leatherette Material Manufacturersmanufacturer, we have meticulously engineered this microfiber leather to combine the elegance of printed fabrics with the durability and practicality of microfiber.<\/p>\n<div class=\"clear\"><\/div>\n<\/div>\n<div class=\"feature-item\">\n<img decoding=\"async\" alt=\"The intricate designs, embedded deep within the material's surface, are guaranteed to retain their vibrancy and clarity, even after extensive use and repeated cleaning\" class=\"feature-image left\" src=\"\/wp-content\/uploads\/2025\/08\/brown-nonfading-print-fabric-storage-sofa-faux-microfiber-leather-21435.jpg\"\/><\/p>\n<h3>The intricate designs, embedded deep within the material&#8217;s surface, are guaranteed to retain their vibrancy and clarity, even after extensive use and repeated cleaning<\/h3>\n<p>The intricate designs, embedded deep within the material&#8217;s surface, are guaranteed to retain their vibrancy and clarity, even after extensive use and repeated cleaning. This Nonfading Print Fabric Microfiber Leather is a testament to WINIW Company Factory Wholesale Leatherette Material Manufacturerscommitment to innovation and quality, offering furniture makers a superior alternative to traditional leather and fabric options .<\/p>\n<div class=\"clear\"><\/div>\n<\/div>\n<div class=\"feature-item\">\n<img decoding=\"async\" alt=\"MaterialDurable Sofa Fabric TraderMicrofiberLeather Brand Name WINIW Company Factory Wholesale Leatherette Material ManufacturersWidth 54\" class=\"feature-image left\" src=\"\/wp-content\/uploads\/2025\/08\/brown-nonfading-print-fabric-storage-sofa-faux-microfiber-leather-21436.jpg\"\/><\/p>\n<h3>Material <strong>Durable Sof\u00e1 Tela Trader<\/strong> MicrofiberLeather Brand Name WINIW Company Factory Wholesale Leatherette Material ManufacturersWidth 54&#8243;; 1<\/h3>\n<p>Material <strong>Durable Sof\u00e1 Tela Trader<\/strong> MicrofiberLeather Brand Name WINIW Company Factory Wholesale Leatherette Material ManufacturersWidth 54&#8243;; 1.37m Color Red, Black,Brown, Green,accept customize Feature Wear resistant, Waterproof, Anti-Mildew, Flexible Thickness 0.6mm-2.0mm Place of Origin China Customized Yes Delivery time Usually within 15 &#8211; 25 days.<\/p>\n<div class=\"clear\"><\/div>\n<\/div>\n<div class=\"feature-item\">\n<img decoding=\"async\" alt=\"MOQ 300 metros Detalles de embalaje 30\/50 metros por rollo\" class=\"feature-image left\" src=\"\/wp-content\/uploads\/2025\/08\/brown-nonfading-print-fabric-storage-sofa-faux-microfiber-leather-21437.jpg\"\/><\/p>\n<h3>MOQ 300 metros Detalles de embalaje 30\/50 metros por rollo<\/h3>\n<p>MOQ 300 meters Packaging Details 30\/50 Meters per Roll. Or customized Production Capacity 1,000,000 meters monthly Product Feature Our Nonfading Print Fabric Microfiber Leather stands out in the market due to its unique blend of aesthetic appeal and functional prowess.<\/p>\n<div class=\"clear\"><\/div>\n<\/div>\n<div class=\"feature-item\">\n<h3>Elaborado <strong>Leatherman de imitaci\u00f3n impermeable<\/strong> using advanced printing techniques, the vibrant patterns and colors are embedded into the microfiber&#8217;s fibers, ensuring they never fade or wear off over time<\/h3>\n<p>Elaborado <strong>Leatherman de imitaci\u00f3n impermeable<\/strong> using advanced printing techniques, the vibrant patterns and colors are embedded into the microfiber&#8217;s fibers, ensuring they never fade or wear off over time.<\/p>\n<div class=\"clear\"><\/div>\n<\/div>\n<div class=\"feature-item\">\n<h3>The material&#8217;s microfiber composition grants it exceptional softness and comfort, rivaling the touch of genuine leather while maintaining a fraction of its weight<\/h3>\n<p>The material&#8217;s microfiber composition grants it exceptional softness and comfort, rivaling the touch of genuine leather while maintaining a fraction of its weight. Additionally, it is highly resilient to stains and scratches, making it an ideal choice for high-traffic areas such as living rooms and offices.<\/p>\n<div class=\"clear\"><\/div>\n<\/div>\n<div class=\"feature-item\">\n<h3>WINIW Company Factory Wholesale Leatherette Material Manufacturersmanufacturer ensures that each batch undergoes rigorous testing to meet international standards for durability, environmental friendliness, and safety<\/h3>\n<p>WINIW Company Factory Wholesale Leatherette Material Manufacturersmanufacturer ensures that each batch undergoes rigorous testing to meet international standards for durability, environmental friendliness, and safety.<\/p>\n<div class=\"clear\"><\/div>\n<\/div>\n<div class=\"feature-item\">\n<h3>The result is a versatile, stylish, and sustainable microfiber leather that is perfect for crafting storage sofas that not only look great but also stand the test of time <\/h3>\n<p>The result is a versatile, stylish, and sustainable microfiber leather that is perfect for crafting storage sofas that not only look great but also stand the test of time .<\/p>\n<div class=\"clear\"><\/div>\n<\/div>\n<div class=\"feature-item\">\n<img decoding=\"async\" alt=\"Alta resistencia al desgarro - Ultrasuede Microfibra Faux Leather para guantes de ciclismo\" class=\"feature-image left\" src=\"\/wp-content\/uploads\/2025\/08\/07mm-ultrasuede-microfiber-faux-leather-for-cycling-gloves--37882.jpg\"\/><\/p>\n<h3>Alta resistencia al desgarro<\/h3>\n<p>Nuestra piel de microfibra Ultrasuede presenta una excepcional resistencia al desgarro, lo que garantiza que no se romper\u00e1 ni deformar\u00e1 f\u00e1cilmente bajo tensi\u00f3n. Esto la hace ideal para productos que requieren durabilidad y rendimiento a largo plazo.<\/p>\n<div class=\"clear\"><\/div>\n<\/div>\n<div class=\"feature-item\">\n<img decoding=\"async\" alt=\"Retenci\u00f3n de la forma - Piel sint\u00e9tica de microfibra Ultrasuede para guantes de ciclismo\" class=\"feature-image right\" src=\"\/wp-content\/uploads\/2025\/08\/07mm-ultrasuede-microfiber-faux-leather-for-cycling-gloves--37883.jpg\"\/><\/p>\n<h3>No es f\u00e1cil de deformar<\/h3>\n<p>Especialmente tratado para mantener su forma original, este material ofrece una excelente elasticidad y estabilidad. Resiste la deformaci\u00f3n por presi\u00f3n externa o estiramiento, manteniendo los productos intactos y atractivos a lo largo del tiempo.<\/p>\n<div class=\"clear\"><\/div>\n<\/div>\n<div class=\"feature-item\">\n<img decoding=\"async\" alt=\"Durabilidad - Piel sint\u00e9tica de microfibra Ultrasuede para guantes de ciclismo\" class=\"feature-image left\" src=\"\/wp-content\/uploads\/2025\/08\/07mm-ultrasuede-microfiber-faux-leather-for-cycling-gloves--37884.jpg\"\/><\/p>\n<h3>Durabilidad<\/h3>\n<p>Extremadamente resistente a la abrasi\u00f3n, los desgarros y los pinchazos, este material garantiza que los guantes se mantengan en \u00f3ptimas condiciones incluso con un uso prolongado. Tambi\u00e9n mantiene una excelente destreza y resistencia para art\u00edculos de piel de alta calidad.<\/p>\n<div class=\"clear\"><\/div>\n<\/div>\n<\/section>\n<section id=\"why-choose-us\">\n<h2>Por qu\u00e9 elegir WINIW<\/h2>\n<div class=\"advantage-item\">\n<h3>Nuestras ventajas<\/h3>\n<p>WINIW Company Factory Wholesale Leatherette Material ManufacturersFactory Product Showcase<\/p>\n<\/div>\n<div class=\"advantage-item\">\n<h3>Garant\u00eda de calidad<\/h3>\n<p>Aplicamos un estricto control de calidad en toda la cadena de producci\u00f3n y suministro, cumpliendo las normas ISO9001. Desde la selecci\u00f3n de materias primas hasta la inspecci\u00f3n final, damos prioridad a los intereses del cliente.<\/p>\n<\/div>\n<div class=\"advantage-item\">\n<h3>Equipo t\u00e9cnico profesional<\/h3>\n<p>Nuestro equipo t\u00e9cnico especializado est\u00e1 formado por profesionales con experiencia en diversos campos, dedicados a suministrar productos de alta calidad y soluciones a medida.<\/p>\n<\/div>\n<div class=\"advantage-item\">\n<h3>Amplia gama de aplicaciones<\/h3>\n<p>Nuestros materiales se utilizan ampliamente en calzado, ropa, maletas, interiores de autom\u00f3viles, muebles de sof\u00e1, etc.<\/p>\n<\/div>\n<div class=\"advantage-item\">\n<h3>Una rica experiencia<\/h3>\n<p>Quanzhou WINIW Import &amp; Export Co., Ltd. cuenta con m\u00e1s de 20 a\u00f1os de experiencia en producci\u00f3n, ofreciendo soluciones perfectas para clientes de todo el mundo.<\/p>\n<\/div>\n<div class=\"advantage-item\">\n<h3>Precio asequible<\/h3>\n<p>Ofrecemos precios competitivos y un excelente servicio de atenci\u00f3n al cliente. Solicite un cat\u00e1logo o visite nuestra f\u00e1brica para explorar nuestros productos.<\/p>\n<\/div>\n<div class=\"advantage-item\">\n<h3>Servicio de atenci\u00f3n al cliente en l\u00ednea 24 horas<\/h3>\n<p>Nuestro equipo est\u00e1 disponible 24 horas al d\u00eda, 7 d\u00edas a la semana, para responder a las consultas y atender los comentarios con prontitud.<\/p>\n<\/div>\n<p><img decoding=\"async\" alt=\"Planta de producci\u00f3n WINIW - Proceso de fabricaci\u00f3n de piel de microfibra Ultrasuede\" class=\"product-image\" src=\"\/wp-content\/uploads\/2025\/08\/07mm-ultrasuede-microfiber-faux-leather-for-cycling-gloves--37888.jpg\"\/><br \/>\n<\/section>\n<p><\/main><\/p>\n<section id=\"inquiry\">\n<h2 style=\"text-align: center;\">Esperamos su consulta.<\/h2>\n<p style=\"text-align: center;\">P\u00f3ngase en contacto con nosotros hoy mismo para obtener m\u00e1s informaci\u00f3n sobre nuestros productos y realizar su pedido.<\/p>\n<\/section>\n\n    <div class=\"xs_social_share_widget xs_share_url after_content \t\tmain_content  wslu-style-1 wslu-share-box-shaped wslu-fill-colored wslu-none wslu-share-horizontal wslu-theme-font-no wslu-main_content\">\n\n\t\t\n        <ul>\n\t\t\t        <\/ul>\n    <\/div>","protected":false},"excerpt":{"rendered":"<div class=\"product-short-description\">Microfiber Leather Brown Nonfading Print Fabric Storage Sofa Faux Microfiber Leather WINIW Brown Nonfading Print Fabric Storage Sofa Faux Microfiber Leather Key features include MicrofiberLeather, WINIW, Width.Ideal for those seeking quality and reliability.<\/p>\n<p>Como f\u00e1brica directa, fabricante y mayorista, podemos controlar estrictamente el proceso de producci\u00f3n para garantizar la calidad del producto y, al mismo tiempo, ofrecerle los precios m\u00e1s favorables. Contamos con equipos de producci\u00f3n avanzados y un equipo t\u00e9cnico profesional para satisfacer sus necesidades de pedidos a gran escala y garantizar una entrega puntual.<\/p>\n<\/div>","protected":false},"featured_media":2809,"template":"","meta":[],"product_brand":[],"product_cat":[111],"product_tag":[],"class_list":{"0":"post-28013","1":"product","2":"type-product","3":"status-publish","4":"has-post-thumbnail","6":"product_cat-microfiber-leather","8":"first","9":"instock","10":"product-type-simple"},"_links":{"self":[{"href":"https:\/\/www.eco-leather.com\/es\/wp-json\/wp\/v2\/product\/28013","targetHints":{"allow":["GET"]}}],"collection":[{"href":"https:\/\/www.eco-leather.com\/es\/wp-json\/wp\/v2\/product"}],"about":[{"href":"https:\/\/www.eco-leather.com\/es\/wp-json\/wp\/v2\/types\/product"}],"wp:featuredmedia":[{"embeddable":true,"href":"https:\/\/www.eco-leather.com\/es\/wp-json\/wp\/v2\/media\/2809"}],"wp:attachment":[{"href":"https:\/\/www.eco-leather.com\/es\/wp-json\/wp\/v2\/media?parent=28013"}],"wp:term":[{"taxonomy":"product_brand","embeddable":true,"href":"https:\/\/www.eco-leather.com\/es\/wp-json\/wp\/v2\/product_brand?post=28013"},{"taxonomy":"product_cat","embeddable":true,"href":"https:\/\/www.eco-leather.com\/es\/wp-json\/wp\/v2\/product_cat?post=28013"},{"taxonomy":"product_tag","embeddable":true,"href":"https:\/\/www.eco-leather.com\/es\/wp-json\/wp\/v2\/product_tag?post=28013"}],"curies":[{"name":"wp","href":"https:\/\/api.w.org\/{rel}","templated":true}]}}