{"id":27911,"date":"2025-09-07T10:49:40","date_gmt":"2025-09-07T02:49:40","guid":{"rendered":"https:\/\/www.eco-leather.com\/product\/1-0mm-vegan-elegant-timeless-look-suede-imitation-micro-fiber-leather\/"},"modified":"2025-09-07T10:49:46","modified_gmt":"2025-09-07T02:49:46","slug":"1-0mm-vegan-elegant-timeless-look-suede-imitation-micro-fiber-leather","status":"publish","type":"product","link":"https:\/\/www.eco-leather.com\/es\/1-0mm-vegan-elegant-timeless-look-suede-imitation-micro-fiber-leather\/","title":{"rendered":"1.0mm Vegano Elegante Aspecto Intemporal Ante Imitaci\u00f3n Micro Fibra Piel"},"content":{"rendered":"<h2>Tejido de microfibra imitaci\u00f3n ante<\/h2>\n<p><main><\/p>\n<section id=\"product-overview\">\n<h2>Descripci\u00f3n del producto<\/h2>\n<p>Material <strong>Suela de piel sint\u00e9tica<\/strong> Introducci\u00f3n<\/p>\n<p>Nuestra <strong>Automotive LeatherSeats Service Dog<\/strong> Los materiales ofrecen opciones personalizables en cuanto a grosor, color y mucho m\u00e1s. Haga clic a continuaci\u00f3n y p\u00f3ngase en contacto con nosotros inmediatamente para explorar las infinitas posibilidades.<\/p>\n<p>  Contacto  <\/p>\n<p>Fabricados con materiales de microfibra de alta calidad, nuestros guantes de piel sint\u00e9tica de microfibra Ultrasuede de 0,7 mm son la elecci\u00f3n perfecta para el ciclismo. Equilibra flexibilidad y resistencia, y ofrece una transpirabilidad excepcional y propiedades de evacuaci\u00f3n de la humedad para mantener las manos frescas y secas durante salidas intensas.<\/p>\n<p>Tanto si eres un ciclista profesional como si te dedicas al ocio, la piel de microfibra este material proporciona una comodidad y una protecci\u00f3n insuperables. Su gran resistencia a las abrasiones y los desgarros garantiza un rendimiento duradero, mientras que su elegante dise\u00f1o a\u00f1ade un toque sofisticado a cualquier conjunto ciclista.<\/p>\n<\/section>\n<section id=\"specifications\">\n<h2>Par\u00e1metros t\u00e9cnicos<\/h2>\n<p>Material <strong>Piel importada<\/strong> Especificaci\u00f3n<\/p>\n<p><img decoding=\"async\" alt=\"Piel sint\u00e9tica de microfibra de 0,7 mm Ultrasuede para guantes de ciclismo - Especificaci\u00f3n del material\" class=\"product-image\" src=\"\/wp-content\/uploads\/2025\/08\/07mm-ultrasuede-microfiber-faux-leather-for-cycling-gloves--37881.jpg\"\/><\/p>\n<h3>Par\u00e1metros del producto<\/h3>\n<ul class=\"parameters-list\">\n<li><span class=\"param-name\">Material:<\/span> Microfibra + PU<\/li>\n<li><span class=\"param-name\">Color:<\/span> Negro, gris, beige (colores personalizados disponibles)<\/li>\n<li><span class=\"param-name\">Grosor:<\/span> 0,6 mm, 0,7 mm, 0,8 mm, 1 mm<\/li>\n<li><span class=\"param-name\">Cantidad m\u00ednima de pedido:<\/span> 300 metros lineales<\/li>\n<li><span class=\"param-name\">Longitud del rollo:<\/span> 20-30 m\/rollo<\/li>\n<li><span class=\"param-name\">Plazo de entrega:<\/span> 15-20 d\u00edas<\/li>\n<li><span class=\"param-name\">Anchura:<\/span> 54\u2033, 137cm<\/li>\n<li><span class=\"param-name\">Capacidad de producci\u00f3n:<\/span> 1.000.000 de metros mensuales<\/li>\n<\/ul>\n<\/section>\n<section id=\"features\">\n<h2>Caracter\u00edsticas del producto<\/h2>\n<div class=\"feature-item\">\n<img decoding=\"async\" alt=\"ElegantWaterproof Leather Fabric Odmhsasand Timeless Look Faux Suede Microfiber Leather by WINIW Company Factory Wholesale Vegan Leather ManufacturersManufacturer is a premium vegan leather option that combines the softness and elegance of suede with the durability and versatility of microfiber\" class=\"feature-image left\" src=\"\/wp-content\/uploads\/2025\/08\/10mm-vegan-elegant-timeless-look-suede-imitation-micro-fiber-leather-20537.jpg\"\/><\/p>\n<h3>Elegante <strong>Piel Impermeable Tejido Odmhsas<\/strong> and Timeless Look Faux Suede Microfiber Leather by WINIW Company Factory Wholesale Vegan Leather ManufacturersManufacturer is a premium vegan leather option that combines the softness and elegance of suede with the durability and versatility of microfiber<\/h3>\n<p>Elegante <strong>Piel Impermeable Tejido Odmhsas<\/strong> and Timeless Look Faux Suede Microfiber Leather by WINIW Company Factory Wholesale Vegan Leather ManufacturersManufacturer is a premium vegan leather option that combines the softness and elegance of suede with the durability and versatility of microfiber.<\/p>\n<div class=\"clear\"><\/div>\n<\/div>\n<div class=\"feature-item\">\n<img decoding=\"async\" alt=\"Crafted with precision and expertise, this artificial leather offers a luxurious finish that rivals genuine leather while adhering to sustainable practices\" class=\"feature-image left\" src=\"\/wp-content\/uploads\/2025\/08\/10mm-vegan-elegant-timeless-look-suede-imitation-micro-fiber-leather-20538.jpg\"\/><\/p>\n<h3>Crafted with precision and expertise, this artificial leather offers a luxurious finish that rivals genuine leather while adhering to sustainable practices<\/h3>\n<p>Crafted with precision and expertise, this artificial leather offers a luxurious finish that rivals genuine leather while adhering to sustainable practices. It features a rich, velvety texture that enhances the aesthetic appeal of any product it&#8217;s used in.<\/p>\n<div class=\"clear\"><\/div>\n<\/div>\n<div class=\"feature-item\">\n<img decoding=\"async\" alt=\"SuitableWaterproof Faux Leather Customizefor a wide range of applications, this synthetic suede leather is a favorite among designers and manufacturers looking to incorporate vegan materials into their creations\" class=\"feature-image left\" src=\"\/wp-content\/uploads\/2025\/08\/10mm-vegan-elegant-timeless-look-suede-imitation-micro-fiber-leather-20539.jpg\"\/><\/p>\n<h3>Adecuado <strong>Piel sint\u00e9tica impermeable Personalizar<\/strong> for a wide range of applications, this synthetic suede leather is a favorite among designers and manufacturers looking to incorporate vegan materials into their creations<\/h3>\n<p>Adecuado <strong>Piel sint\u00e9tica impermeable Personalizar<\/strong> for a wide range of applications, this synthetic suede leather is a favorite among designers and manufacturers looking to incorporate vegan materials into their creations.<\/p>\n<div class=\"clear\"><\/div>\n<\/div>\n<div class=\"feature-item\">\n<img decoding=\"async\" alt=\"WINIW Company Factory Wholesale Vegan Leather ManufacturersWholesale provides bulk options, making it an ideal choice for businesses seeking high-quality faux suede leather at competitive prices \" class=\"feature-image left\" src=\"\/wp-content\/uploads\/2025\/08\/10mm-vegan-elegant-timeless-look-suede-imitation-micro-fiber-leather-20540.jpg\"\/><\/p>\n<h3>WINIW Company Factory Wholesale Vegan Leather ManufacturersWholesale provides bulk options, making it an ideal choice for businesses seeking high-quality faux suede leather at competitive prices <\/h3>\n<p>WINIW Company Factory Wholesale Vegan Leather ManufacturersWholesale provides bulk options, making it an ideal choice for businesses seeking high-quality faux suede leather at competitive prices . Material Microfiber Suede Leather Brand Name WINIW Company Factory Wholesale Vegan Leather ManufacturersWidth 54&#8243;;<\/p>\n<div class=\"clear\"><\/div>\n<\/div>\n<div class=\"feature-item\">\n<img decoding=\"async\" alt=\"1\" class=\"feature-image left\" src=\"\/wp-content\/uploads\/2025\/08\/10mm-vegan-elegant-timeless-look-suede-imitation-micro-fiber-leather-20541.jpg\"\/><\/p>\n<h3>1<\/h3>\n<p>1.37m <strong>Leatherman de imitaci\u00f3n impermeable<\/strong> Color Rojo, Negro, Marr\u00f3n, Verde, aceptar personalizar Caracter\u00edstica Resistente al desgaste, Impermeable, Anti-Mildew, Flexible Espesor 0,6 mm-2,4 mm, aceptar personalizar Lugar de Origen China Personalizado S\u00ed Plazo de entrega Por lo general dentro de 15 - 25 d\u00edas.<\/p>\n<div class=\"clear\"><\/div>\n<\/div>\n<div class=\"feature-item\">\n<h3>MOQ 300 metros Detalles de embalaje 30\/50 metros por rollo<\/h3>\n<p>MOQ 300 metros Detalles de embalaje 30\/50 metros por rollo. O personalizado Capacidad de producci\u00f3n 1.000.000 metros mensuales Caracter\u00edsticas del material<\/p>\n<div class=\"clear\"><\/div>\n<\/div>\n<div class=\"feature-item\">\n<img decoding=\"async\" alt=\"Alta resistencia al desgarro - Ultrasuede Microfibra Faux Leather para guantes de ciclismo\" class=\"feature-image left\" src=\"\/wp-content\/uploads\/2025\/08\/07mm-ultrasuede-microfiber-faux-leather-for-cycling-gloves--37882.jpg\"\/><\/p>\n<h3>Alta resistencia al desgarro<\/h3>\n<p>Nuestra piel de microfibra Ultrasuede presenta una excepcional resistencia al desgarro, lo que garantiza que no se romper\u00e1 ni deformar\u00e1 f\u00e1cilmente bajo tensi\u00f3n. Esto la hace ideal para productos que requieren durabilidad y rendimiento a largo plazo.<\/p>\n<div class=\"clear\"><\/div>\n<\/div>\n<div class=\"feature-item\">\n<img decoding=\"async\" alt=\"Retenci\u00f3n de la forma - Piel sint\u00e9tica de microfibra Ultrasuede para guantes de ciclismo\" class=\"feature-image right\" src=\"\/wp-content\/uploads\/2025\/08\/07mm-ultrasuede-microfiber-faux-leather-for-cycling-gloves--37883.jpg\"\/><\/p>\n<h3>No es f\u00e1cil de deformar<\/h3>\n<p>Especialmente tratado para mantener su forma original, este material ofrece una excelente elasticidad y estabilidad. Resiste la deformaci\u00f3n por presi\u00f3n externa o estiramiento, manteniendo los productos intactos y atractivos a lo largo del tiempo.<\/p>\n<div class=\"clear\"><\/div>\n<\/div>\n<div class=\"feature-item\">\n<img decoding=\"async\" alt=\"Durabilidad - Piel sint\u00e9tica de microfibra Ultrasuede para guantes de ciclismo\" class=\"feature-image left\" src=\"\/wp-content\/uploads\/2025\/08\/07mm-ultrasuede-microfiber-faux-leather-for-cycling-gloves--37884.jpg\"\/><\/p>\n<h3>Durabilidad<\/h3>\n<p>Extremadamente resistente a la abrasi\u00f3n, los desgarros y los pinchazos, este material garantiza que los guantes se mantengan en \u00f3ptimas condiciones incluso con un uso prolongado. Tambi\u00e9n mantiene una excelente destreza y resistencia para art\u00edculos de piel de alta calidad.<\/p>\n<div class=\"clear\"><\/div>\n<\/div>\n<\/section>\n<p><\/main><\/p>\n<section id=\"inquiry\">\n<h2 style=\"text-align: center;\">Esperamos su consulta.<\/h2>\n<p style=\"text-align: center;\">P\u00f3ngase en contacto con nosotros hoy mismo para obtener m\u00e1s informaci\u00f3n sobre nuestros productos y realizar su pedido.<\/p>\n<\/section>\n\n    <div class=\"xs_social_share_widget xs_share_url after_content \t\tmain_content  wslu-style-1 wslu-share-box-shaped wslu-fill-colored wslu-none wslu-share-horizontal wslu-theme-font-no wslu-main_content\">\n\n\t\t\n        <ul>\n\t\t\t        <\/ul>\n    <\/div>","protected":false},"excerpt":{"rendered":"<div class=\"product-short-description\">Microfiber Suede Leather 1.0mm Vegan Elegant Timeless Look Suede Imitation Micro Fiber Leather WINIW 1.0mm Vegan Elegant Timeless Look Suede Imitation Micro Fiber Leather Key features include Microfiber Suede Leather, WINIW, Width.Ideal for those seeking quality and reliability.<\/p>\n<p>Como f\u00e1brica directa, fabricante y mayorista, podemos controlar estrictamente el proceso de producci\u00f3n para garantizar la calidad del producto y, al mismo tiempo, ofrecerle los precios m\u00e1s favorables. Contamos con equipos de producci\u00f3n avanzados y un equipo t\u00e9cnico profesional para satisfacer sus necesidades de pedidos a gran escala y garantizar una entrega puntual.<\/p>\n<\/div>","protected":false},"featured_media":2391,"template":"","meta":[],"product_brand":[],"product_cat":[126],"product_tag":[18421],"class_list":{"0":"post-27911","1":"product","2":"type-product","3":"status-publish","4":"has-post-thumbnail","6":"product_cat-microfiber-suede-leather","7":"product_tag-micro-fiber-leathermicro-fiber-leather-manufacturermicro-fiber-leather-manufacturersmicro-fiber-leather-suppliermicro-fiber-leather-suppliersmicro-fiber-leather-factory","9":"first","10":"instock","11":"product-type-simple"},"_links":{"self":[{"href":"https:\/\/www.eco-leather.com\/es\/wp-json\/wp\/v2\/product\/27911","targetHints":{"allow":["GET"]}}],"collection":[{"href":"https:\/\/www.eco-leather.com\/es\/wp-json\/wp\/v2\/product"}],"about":[{"href":"https:\/\/www.eco-leather.com\/es\/wp-json\/wp\/v2\/types\/product"}],"wp:featuredmedia":[{"embeddable":true,"href":"https:\/\/www.eco-leather.com\/es\/wp-json\/wp\/v2\/media\/2391"}],"wp:attachment":[{"href":"https:\/\/www.eco-leather.com\/es\/wp-json\/wp\/v2\/media?parent=27911"}],"wp:term":[{"taxonomy":"product_brand","embeddable":true,"href":"https:\/\/www.eco-leather.com\/es\/wp-json\/wp\/v2\/product_brand?post=27911"},{"taxonomy":"product_cat","embeddable":true,"href":"https:\/\/www.eco-leather.com\/es\/wp-json\/wp\/v2\/product_cat?post=27911"},{"taxonomy":"product_tag","embeddable":true,"href":"https:\/\/www.eco-leather.com\/es\/wp-json\/wp\/v2\/product_tag?post=27911"}],"curies":[{"name":"wp","href":"https:\/\/api.w.org\/{rel}","templated":true}]}}