{"id":27907,"date":"2025-09-07T10:49:40","date_gmt":"2025-09-07T02:49:40","guid":{"rendered":"https:\/\/www.eco-leather.com\/product\/1-0mm-seam-strength-artificial-synthetic-microfiber-suede-leather\/"},"modified":"2025-09-07T10:49:44","modified_gmt":"2025-09-07T02:49:44","slug":"piel-de-ante-sintetica-de-microfibra-artificial-con-costuras-de-1-0-mm-de-grosor","status":"publish","type":"product","link":"https:\/\/www.eco-leather.com\/es\/piel-de-ante-sintetica-de-microfibra-artificial-con-costuras-de-1-0-mm-de-grosor\/","title":{"rendered":"Piel sint\u00e9tica de ante con microfibra de 1,0 mm de grosor"},"content":{"rendered":"<h2>Tejido de microfibra imitaci\u00f3n ante<\/h2>\n<p><main><\/p>\n<section id=\"product-overview\">\n<h2>Descripci\u00f3n del producto<\/h2>\n<p>Material <strong>Suela de piel sint\u00e9tica<\/strong> Introducci\u00f3n<\/p>\n<p>Nuestra <strong>Automotive LeatherSeats Service Dog<\/strong> Los materiales ofrecen opciones personalizables en cuanto a grosor, color y mucho m\u00e1s. Haga clic a continuaci\u00f3n y p\u00f3ngase en contacto con nosotros inmediatamente para explorar las infinitas posibilidades.<\/p>\n<p>  Contacto  <\/p>\n<p>Fabricados con materiales de microfibra de alta calidad, nuestros guantes de piel sint\u00e9tica de microfibra Ultrasuede de 0,7 mm son la elecci\u00f3n perfecta para el ciclismo. Equilibra flexibilidad y resistencia, y ofrece una transpirabilidad excepcional y propiedades de evacuaci\u00f3n de la humedad para mantener las manos frescas y secas durante salidas intensas.<\/p>\n<p>Tanto si eres un ciclista profesional como si te dedicas al ocio, la piel de microfibra este material proporciona una comodidad y una protecci\u00f3n insuperables. Su gran resistencia a las abrasiones y los desgarros garantiza un rendimiento duradero, mientras que su elegante dise\u00f1o a\u00f1ade un toque sofisticado a cualquier conjunto ciclista.<\/p>\n<\/section>\n<section id=\"specifications\">\n<h2>Par\u00e1metros t\u00e9cnicos<\/h2>\n<p>Material <strong>Cajas de piel sint\u00e9tica China<\/strong> Especificaci\u00f3n<\/p>\n<p><img decoding=\"async\" alt=\"Piel sint\u00e9tica de microfibra de 0,7 mm Ultrasuede para guantes de ciclismo - Especificaci\u00f3n del material\" class=\"product-image\" src=\"\/wp-content\/uploads\/2025\/08\/07mm-ultrasuede-microfiber-faux-leather-for-cycling-gloves--37881.jpg\"\/><\/p>\n<h3>Par\u00e1metros del producto<\/h3>\n<ul class=\"parameters-list\">\n<li><span class=\"param-name\">Material:<\/span> Microfibra + PU<\/li>\n<li><span class=\"param-name\">Color:<\/span> Negro, gris, beige (colores personalizados disponibles)<\/li>\n<li><span class=\"param-name\">Grosor:<\/span> 0,6 mm, 0,7 mm, 0,8 mm, 1 mm<\/li>\n<li><span class=\"param-name\">Cantidad m\u00ednima de pedido:<\/span> 300 metros lineales<\/li>\n<li><span class=\"param-name\">Longitud del rollo:<\/span> 20-30 m\/rollo<\/li>\n<li><span class=\"param-name\">Plazo de entrega:<\/span> 15-20 d\u00edas<\/li>\n<li><span class=\"param-name\">Anchura:<\/span> 54\u2033, 137cm<\/li>\n<li><span class=\"param-name\">Capacidad de producci\u00f3n:<\/span> 1.000.000 de metros mensuales<\/li>\n<\/ul>\n<\/section>\n<section id=\"features\">\n<h2>Caracter\u00edsticas del producto<\/h2>\n<div class=\"feature-item\">\n<img decoding=\"async\" alt=\"SeamSuede cuero impermeable ImportStrength sint\u00e9tico de microfibra de gamuza de cuero, hecho a mano por WINIW empresa de f\u00e1brica al por mayor de tela de cuero Manufacturersfactory, es una opci\u00f3n de cuero artificial de primera calidad a medida para los fabricantes que buscan alternativas vegetariana y respetuosa del medio ambiente de cuero genuino\" class=\"feature-image left\" src=\"\/wp-content\/uploads\/2025\/08\/10mm-seam-strength-artificial-synthetic-microfiber-suede-leather-20501.jpg\"\/><\/p>\n<h3>Costura <strong>Ante Piel Impermeable Importaci\u00f3n<\/strong> Fuerza sint\u00e9tica microfibra de gamuza de cuero, hecho a mano por la empresa WINIW f\u00e1brica de venta al por mayor de tela de cuero Manufacturersfactory, es una opci\u00f3n de cuero artificial de alta calidad a medida para los fabricantes que buscan alternativas veganas y respetuosos del medio ambiente de cuero genuino<\/h3>\n<p>Costura <strong>Ante Piel Impermeable Importaci\u00f3n<\/strong> Fuerza sint\u00e9tica de microfibra de gamuza de cuero, hecho a mano por WINIW empresa de f\u00e1brica al por mayor de tela de cuero Manufacturersfactory, es una opci\u00f3n de cuero artificial de alta calidad a medida para los fabricantes que buscan alternativas veganas y ecol\u00f3gicas de cuero genuino.<\/p>\n<div class=\"clear\"><\/div>\n<\/div>\n<div class=\"feature-item\">\n<img decoding=\"async\" alt=\"Como una de las principales WINIW empresa de f\u00e1brica al por mayor de tela de cuero sint\u00e9tico Manufacturersmanufacturer, nos especializamos en la producci\u00f3n de alta calidad de imitaci\u00f3n de gamuza que combina la elegancia de gamuza tradicional con la durabilidad y versatilidad de los materiales sint\u00e9ticos modernos\" class=\"feature-image left\" src=\"\/wp-content\/uploads\/2025\/08\/10mm-seam-strength-artificial-synthetic-microfiber-suede-leather-20502.jpg\"\/><\/p>\n<h3>Como una de las principales WINIW empresa de f\u00e1brica al por mayor de tela de cuero sint\u00e9tico Manufacturersmanufacturer, nos especializamos en la producci\u00f3n de alta calidad de imitaci\u00f3n de gamuza que combina la elegancia de gamuza tradicional con la durabilidad y versatilidad de los materiales sint\u00e9ticos modernos<\/h3>\n<p>Como una de las principales WINIW Company F\u00e1brica al por mayor de tela de cuero sint\u00e9tico Manufacturersmanufacturer, nos especializamos en la producci\u00f3n de alta calidad de imitaci\u00f3n de gamuza que combina la elegancia de gamuza tradicional con la durabilidad y versatilidad de los materiales sint\u00e9ticos modernos.<\/p>\n<div class=\"clear\"><\/div>\n<\/div>\n<div class=\"feature-item\">\n<img decoding=\"async\" alt=\"IdealMaterial de cuero a prueba de agua Servicefor compras al por mayor a trav\u00e9s de WINIW Compa\u00f1\u00eda F\u00e1brica al por mayor de tela de cuero Manufacturerswholesale, nuestro cuero de gamuza microfibra ofrece un toque de lujo, manteniendo al mismo tiempo la fuerza de costura robusta, por lo que es uno de los favoritos entre los clientes B2B\" class=\"feature-image left\" src=\"\/wp-content\/uploads\/2025\/08\/10mm-seam-strength-artificial-synthetic-microfiber-suede-leather-20503.jpg\"\/><\/p>\n<h3>Ideal <strong>Servicio de material de cuero impermeable<\/strong> para compras al por mayor a trav\u00e9s de la empresa WINIW f\u00e1brica de tela de cuero sint\u00e9tico al por mayor Manufacturerswholesale, nuestro cuero de gamuza microfibra ofrece un toque de lujo, manteniendo al mismo tiempo la fuerza de costura robusta, por lo que es uno de los favoritos entre los clientes B2B<\/h3>\n<p>Ideal <strong>Servicio de material de cuero impermeable<\/strong> para compras al por mayor a trav\u00e9s de WINIW Company F\u00e1brica de tela de cuero sint\u00e9tico al por mayor Manufacturerswholesale, nuestro cuero de gamuza microfibra ofrece un toque de lujo, manteniendo al mismo tiempo la fuerza de costura robusta, por lo que es uno de los favoritos entre los clientes B2B.<\/p>\n<div class=\"clear\"><\/div>\n<\/div>\n<div class=\"feature-item\">\n<img decoding=\"async\" alt=\"WINIW Company F\u00e1brica al por mayor de tela de cuero sint\u00e9tico Manufacturersupplier de elecci\u00f3n para numerosos productores de art\u00edculos de cuero, este material es un testimonio de nuestro compromiso con la excelencia en la fabricaci\u00f3n de cuero artificial \" class=\"feature-image left\" src=\"\/wp-content\/uploads\/2025\/08\/10mm-seam-strength-artificial-synthetic-microfiber-suede-leather-20504.jpg\"\/><\/p>\n<h3>WINIW Company F\u00e1brica al por mayor de tela de cuero sint\u00e9tico Manufacturersupplier de elecci\u00f3n para numerosos productores de art\u00edculos de cuero, este material es un testimonio de nuestro compromiso con la excelencia en la fabricaci\u00f3n de cuero artificial <\/h3>\n<p>WINIW Company F\u00e1brica al por mayor de tela de cuero sint\u00e9tico Manufacturersupplier de elecci\u00f3n para numerosos productores de art\u00edculos de cuero, este material es un testimonio de nuestro compromiso con la excelencia en la fabricaci\u00f3n de cuero artificial .<\/p>\n<div class=\"clear\"><\/div>\n<\/div>\n<div class=\"feature-item\">\n<img decoding=\"async\" alt=\"MaterialImpermeable de imitaci\u00f3n de cuero PersonalizarMicrofibra de gamuza de cuero Nombre de la marca WINIW empresa de f\u00e1brica al por mayor de tela de cuero FabricantesAncho 54\" class=\"feature-image left\" src=\"\/wp-content\/uploads\/2025\/08\/10mm-seam-strength-artificial-synthetic-microfiber-suede-leather-20505.jpg\"\/><\/p>\n<h3>Material <strong>Piel sint\u00e9tica impermeable Personalizar<\/strong> Microfibra de gamuza de cuero Marca WINIW empresa de f\u00e1brica al por mayor de tela de cuero sint\u00e9tico ManufacturersWidth 54\u2033; 1<\/h3>\n<p>Material <strong>Piel sint\u00e9tica impermeable Personalizar<\/strong> Microfibra de cuero de gamuza Marca WINIW Empresa F\u00e1brica al por mayor de tela de cuero sint\u00e9tico FabricantesAncho 54\u2033; 1.37m Color Rojo, Negro, Marr\u00f3n, Verde, aceptar personalizar Caracter\u00edstica Resistente al desgaste, Impermeable, Anti-Mildew, Flexible Espesor 0.6mm-2.4mm, aceptar personalizar Lugar de Origen China Personalizado S\u00ed Plazo de entrega Generalmente dentro de 15 - 25 d\u00edas.<\/p>\n<div class=\"clear\"><\/div>\n<\/div>\n<div class=\"feature-item\">\n<h3>MOQ 300 metros Detalles de embalaje 30\/50 metros por rollo<\/h3>\n<p>MOQ 300 metros Detalles de embalaje 30\/50 metros por rollo. O personalizado Capacidad de producci\u00f3n 1.000.000 metros mensuales Caracter\u00edsticas del material<\/p>\n<div class=\"clear\"><\/div>\n<\/div>\n<div class=\"feature-item\">\n<img decoding=\"async\" alt=\"Alta resistencia al desgarro - Ultrasuede Microfibra Faux Leather para guantes de ciclismo\" class=\"feature-image left\" src=\"\/wp-content\/uploads\/2025\/08\/07mm-ultrasuede-microfiber-faux-leather-for-cycling-gloves--37882.jpg\"\/><\/p>\n<h3>Alta resistencia al desgarro<\/h3>\n<p>Nuestra piel de microfibra Ultrasuede presenta una excepcional resistencia al desgarro, lo que garantiza que no se romper\u00e1 ni deformar\u00e1 f\u00e1cilmente bajo tensi\u00f3n. Esto la hace ideal para productos que requieren durabilidad y rendimiento a largo plazo.<\/p>\n<div class=\"clear\"><\/div>\n<\/div>\n<div class=\"feature-item\">\n<img decoding=\"async\" alt=\"Retenci\u00f3n de la forma - Piel sint\u00e9tica de microfibra Ultrasuede para guantes de ciclismo\" class=\"feature-image right\" src=\"\/wp-content\/uploads\/2025\/08\/07mm-ultrasuede-microfiber-faux-leather-for-cycling-gloves--37883.jpg\"\/><\/p>\n<h3>No es f\u00e1cil de deformar<\/h3>\n<p>Especialmente tratado para mantener su forma original, este material ofrece una excelente elasticidad y estabilidad. Resiste la deformaci\u00f3n por presi\u00f3n externa o estiramiento, manteniendo los productos intactos y atractivos a lo largo del tiempo.<\/p>\n<div class=\"clear\"><\/div>\n<\/div>\n<div class=\"feature-item\">\n<img decoding=\"async\" alt=\"Durabilidad - Piel sint\u00e9tica de microfibra Ultrasuede para guantes de ciclismo\" class=\"feature-image left\" src=\"\/wp-content\/uploads\/2025\/08\/07mm-ultrasuede-microfiber-faux-leather-for-cycling-gloves--37884.jpg\"\/><\/p>\n<h3>Durabilidad<\/h3>\n<p>Extremadamente resistente a la abrasi\u00f3n, los desgarros y los pinchazos, este material garantiza que los guantes se mantengan en \u00f3ptimas condiciones incluso con un uso prolongado. Tambi\u00e9n mantiene una excelente destreza y resistencia para art\u00edculos de piel de alta calidad.<\/p>\n<div class=\"clear\"><\/div>\n<\/div>\n<\/section>\n<p><\/main><\/p>\n<section id=\"inquiry\">\n<h2 style=\"text-align: center;\">Esperamos su consulta.<\/h2>\n<p style=\"text-align: center;\">P\u00f3ngase en contacto con nosotros hoy mismo para obtener m\u00e1s informaci\u00f3n sobre nuestros productos y realizar su pedido.<\/p>\n<\/section>\n\n    <div class=\"xs_social_share_widget xs_share_url after_content \t\tmain_content  wslu-style-1 wslu-share-box-shaped wslu-fill-colored wslu-none wslu-share-horizontal wslu-theme-font-no wslu-main_content\">\n\n\t\t\n        <ul>\n\t\t\t        <\/ul>\n    <\/div>","protected":false},"excerpt":{"rendered":"<div class=\"product-short-description\">Microfibra de gamuza de cuero 1.0mm Fuerza de la costura sint\u00e9tico artificial de microfibra de gamuza de cuero WINIW 1.0mm Fuerza de la costura sint\u00e9tico artificial de microfibra de gamuza de cuero Las caracter\u00edsticas incluyen microfibra de gamuza de cuero, WINIW, Width.Ideal para aquellos que buscan calidad y fiabilidad.<\/p>\n<p>Como f\u00e1brica directa, fabricante y mayorista, podemos controlar estrictamente el proceso de producci\u00f3n para garantizar la calidad del producto y, al mismo tiempo, ofrecerle los precios m\u00e1s favorables. Contamos con equipos de producci\u00f3n avanzados y un equipo t\u00e9cnico profesional para satisfacer sus necesidades de pedidos a gran escala y garantizar una entrega puntual.<\/p>\n<\/div>","protected":false},"featured_media":2383,"template":"","meta":[],"product_brand":[],"product_cat":[126],"product_tag":[18417],"class_list":{"0":"post-27907","1":"product","2":"type-product","3":"status-publish","4":"has-post-thumbnail","6":"product_cat-microfiber-suede-leather","7":"product_tag-suede-leather-waterprooffaux-suede-leather-fabricsuede-leather-sheetblack-suede-leather-materialultra-suede-leathersuede-leather-upholstery-fabric","9":"first","10":"instock","11":"product-type-simple"},"_links":{"self":[{"href":"https:\/\/www.eco-leather.com\/es\/wp-json\/wp\/v2\/product\/27907","targetHints":{"allow":["GET"]}}],"collection":[{"href":"https:\/\/www.eco-leather.com\/es\/wp-json\/wp\/v2\/product"}],"about":[{"href":"https:\/\/www.eco-leather.com\/es\/wp-json\/wp\/v2\/types\/product"}],"wp:featuredmedia":[{"embeddable":true,"href":"https:\/\/www.eco-leather.com\/es\/wp-json\/wp\/v2\/media\/2383"}],"wp:attachment":[{"href":"https:\/\/www.eco-leather.com\/es\/wp-json\/wp\/v2\/media?parent=27907"}],"wp:term":[{"taxonomy":"product_brand","embeddable":true,"href":"https:\/\/www.eco-leather.com\/es\/wp-json\/wp\/v2\/product_brand?post=27907"},{"taxonomy":"product_cat","embeddable":true,"href":"https:\/\/www.eco-leather.com\/es\/wp-json\/wp\/v2\/product_cat?post=27907"},{"taxonomy":"product_tag","embeddable":true,"href":"https:\/\/www.eco-leather.com\/es\/wp-json\/wp\/v2\/product_tag?post=27907"}],"curies":[{"name":"wp","href":"https:\/\/api.w.org\/{rel}","templated":true}]}}