{"id":58900,"date":"2026-01-07T17:29:16","date_gmt":"2026-01-07T09:29:16","guid":{"rendered":"https:\/\/www.eco-leather.com\/?post_type=product&#038;p=58900"},"modified":"2026-01-07T17:30:26","modified_gmt":"2026-01-07T09:30:26","slug":"elastic-and-smooth-pu-leather-for-soccer-ball","status":"publish","type":"product","link":"https:\/\/www.eco-leather.com\/de\/elastic-and-smooth-pu-leather-for-soccer-ball\/","title":{"rendered":"Elastic And Smooth PU Leather For Soccer Ball"},"content":{"rendered":"<div data-page-id=\"JZZWfQX8ddLpSic15glcvrNwn0c\" data-lark-html-role=\"root\" data-docx-has-block-data=\"false\">\n<div class=\"old-record-id-UanLf8eXldsISDcgMu8cpypInLd\"><\/div>\n<\/div>\n<section id=\"product-overview\">\n<h2>Beschreibung des Produkts<\/h2>\n<div class=\"auto-hide-last-sibling-br paragraph-pP9ZLC paragraph-element br-paragraph-space\">\n<div class=\"auto-hide-last-sibling-br paragraph-pP9ZLC paragraph-element br-paragraph-space\">\n<div data-page-id=\"JZZWfQX8ddLpSic15glcvrNwn0c\" data-lark-html-role=\"root\" data-docx-has-block-data=\"false\">\n<div class=\"ace-line ace-line old-record-id-EGs5fzMTyd445jc19GAcERkFnBf\">\n<div data-page-id=\"JZZWfQX8ddLpSic15glcvrNwn0c\" data-lark-html-role=\"root\" data-docx-has-block-data=\"false\">\n<div class=\"ace-line ace-line old-record-id-FeTJfG89BdDz9Xc3PTxcayxjnWg\">\n<div data-page-id=\"JZZWfQX8ddLpSic15glcvrNwn0c\" data-lark-html-role=\"root\" data-docx-has-block-data=\"false\">\n<div class=\"ace-line ace-line old-record-id-JbNzfBLPgdrVBgcPnqccHnuSnid\">\n<div data-page-id=\"JZZWfQX8ddLpSic15glcvrNwn0c\" data-lark-html-role=\"root\" data-docx-has-block-data=\"false\">\n<div class=\"ace-line ace-line old-record-id-MGsafqXyrdXzO9cenWCc1h4Dnkf\">\n<div data-page-id=\"B3HSfDWG5dzMGcch6PScRLXgn4e\" data-lark-html-role=\"root\" data-docx-has-block-data=\"false\">\n<div class=\"ace-line ace-line old-record-id-QqPxfGcvLdvG8XcNGSfc2LhUnvc\">\n<div data-page-id=\"B3HSfDWG5dzMGcch6PScRLXgn4e\" data-lark-html-role=\"root\" data-docx-has-block-data=\"false\">\n<div class=\"ace-line ace-line old-record-id-RaV1fovcgd1Y5zcXzHzc30M7nqc\">\n<div data-page-id=\"B3HSfDWG5dzMGcch6PScRLXgn4e\" data-lark-html-role=\"root\" data-docx-has-block-data=\"false\">\n<div class=\"ace-line ace-line old-record-id-VSmQfWE2RdZFKNcbAeLcYjTrnic\">\n<div data-page-id=\"B3HSfDWG5dzMGcch6PScRLXgn4e\" data-lark-html-role=\"root\" data-docx-has-block-data=\"false\">\n<div class=\"ace-line ace-line old-record-id-OSorfRJhKdyaAfcKFAmco616nKd\">WINIW&#8217;s Elastic and Smooth PU Leather for Soccer Ball is meticulously engineered to deliver superior flexibility and a sleek surface, optimizing the ball&#8217;s flight performance and player experience. This premium PU material features excellent elasticity, allowing it to stretch and recover quickly without losing shape, ensuring consistent bounce characteristics.<\/div>\n<div class=\"ace-line ace-line old-record-id-ILCZf8nzEdlx6FcXLLwcep3anIe\">The ultra-smooth surface reduces air resistance, enabling more predictable flight trajectories, which is essential for precise passing and shooting. As a trusted supplier of sports materials, WINIW controls the material&#8217;s density and texture with strict quality standards, ensuring a consistent feel across every product. This leather is also lightweight and water-resistant, making it suitable for all levels of soccer games, from amateur training to professional matches.<\/div>\n<\/div>\n<\/div>\n<\/div>\n<\/div>\n<\/div>\n<\/div>\n<\/div>\n<\/div>\n<\/div>\n<\/div>\n<\/div>\n<\/div>\n<\/div>\n<\/div>\n<\/div>\n<\/div>\n<\/div>\n<\/section>\n<section id=\"features\">\n<h2>Produktmerkmale<\/h2>\n<div data-page-id=\"JZZWfQX8ddLpSic15glcvrNwn0c\" data-lark-html-role=\"root\" data-docx-has-block-data=\"false\">\n<div class=\"ace-line ace-line old-record-id-He5ufcENjdhDgDcHxuvcgDsKngd\">\n<div data-page-id=\"JZZWfQX8ddLpSic15glcvrNwn0c\" data-lark-html-role=\"root\" data-docx-has-block-data=\"false\">\n<div data-page-id=\"JZZWfQX8ddLpSic15glcvrNwn0c\" data-lark-html-role=\"root\" data-docx-has-block-data=\"false\">\n<div class=\"ace-line ace-line old-record-id-ZZb5fXGvbdlNO5cV0vIcBNd6nd6\">\n<div data-page-id=\"JZZWfQX8ddLpSic15glcvrNwn0c\" data-lark-html-role=\"root\" data-docx-has-block-data=\"false\">\n<div data-page-id=\"B3HSfDWG5dzMGcch6PScRLXgn4e\" data-lark-html-role=\"root\" data-docx-has-block-data=\"false\">\n<div class=\"ace-line ace-line old-record-id-SsUxfuw47dNCT2cVpCncMfatnFK\">\n<div data-page-id=\"B3HSfDWG5dzMGcch6PScRLXgn4e\" data-lark-html-role=\"root\" data-docx-has-block-data=\"false\">\n<div class=\"ace-line ace-line old-record-id-YgcNfywiedXmuicEjo7cL1aDnRh\">\n<div data-page-id=\"B3HSfDWG5dzMGcch6PScRLXgn4e\" data-lark-html-role=\"root\" data-docx-has-block-data=\"false\">\n<div class=\"ace-line ace-line old-record-id-LCtofXS36dfsAYc16O8cYHytn3c\">\n<div data-page-id=\"B3HSfDWG5dzMGcch6PScRLXgn4e\" data-lark-html-role=\"root\" data-docx-has-block-data=\"false\">\n<div class=\"ace-line ace-line old-record-id-R8qMfGzyqd4jaScxesXcIfaQnTg\"><strong>Optimal Elasticity &amp; Shape Recovery<\/strong>: Exhibits excellent stretchability and instant recovery, maintaining the soccer ball&#8217;s shape even after repeated kicks and impacts, ensuring consistent bounce performance.<\/div>\n<div class=\"ace-line ace-line old-record-id-QmczfK7fFdUL0TcM28jcht7UnvX\"><strong>Smooth Surface for Precise Flight<\/strong>: Reduces air resistance during movement, enabling predictable flight paths that enhance the accuracy of passes and shots, meeting the performance needs of elite players.<\/div>\n<div class=\"ace-line ace-line old-record-id-BgLJfeenYdIiFice78zcS6Q1nvc\"><strong>Comfortable Tactile Feel<\/strong>: The smooth and soft surface provides a premium touch experience, reducing hand and foot fatigue during prolonged play, while its lightweight property improves the ball&#8217;s maneuverability.<\/div>\n<\/div>\n<\/div>\n<\/div>\n<\/div>\n<\/div>\n<\/div>\n<\/div>\n<\/div>\n<\/div>\n<\/div>\n<\/div>\n<\/div>\n<div><\/div>\n<\/div>\n<div class=\"feature-item\"><img fetchpriority=\"high\" decoding=\"async\" class=\"wp-image-54446 aligncenter\" src=\"https:\/\/www.eco-leather.com\/wp-content\/uploads\/2025\/11\/\u901a\u7528\u7403\u9769_07-300x244.jpg\" alt=\"\" width=\"584\" height=\"475\" srcset=\"https:\/\/www.eco-leather.com\/wp-content\/uploads\/2025\/11\/\u901a\u7528\u7403\u9769_07-300x244.jpg 300w, https:\/\/www.eco-leather.com\/wp-content\/uploads\/2025\/11\/\u901a\u7528\u7403\u9769_07-15x12.jpg 15w, https:\/\/www.eco-leather.com\/wp-content\/uploads\/2025\/11\/\u901a\u7528\u7403\u9769_07-600x487.jpg 600w, https:\/\/www.eco-leather.com\/wp-content\/uploads\/2025\/11\/\u901a\u7528\u7403\u9769_07.jpg 750w\" sizes=\"(max-width: 584px) 100vw, 584px\" \/><\/div>\n<div class=\"feature-item\">\n<p><img decoding=\"async\" class=\"wp-image-54442 aligncenter\" src=\"https:\/\/www.eco-leather.com\/wp-content\/uploads\/2025\/11\/\u901a\u7528\u7403\u9769_01-206x300.jpg\" alt=\"\" width=\"587\" height=\"854\" srcset=\"https:\/\/www.eco-leather.com\/wp-content\/uploads\/2025\/11\/\u901a\u7528\u7403\u9769_01-206x300.jpg 206w, https:\/\/www.eco-leather.com\/wp-content\/uploads\/2025\/11\/\u901a\u7528\u7403\u9769_01-8x12.jpg 8w\" sizes=\"(max-width: 587px) 100vw, 587px\" \/> <img decoding=\"async\" class=\"wp-image-54445 aligncenter\" src=\"https:\/\/www.eco-leather.com\/wp-content\/uploads\/2025\/11\/\u901a\u7528\u7403\u9769_06-177x300.jpg\" alt=\"\" width=\"587\" height=\"995\" srcset=\"https:\/\/www.eco-leather.com\/wp-content\/uploads\/2025\/11\/\u901a\u7528\u7403\u9769_06-177x300.jpg 177w, https:\/\/www.eco-leather.com\/wp-content\/uploads\/2025\/11\/\u901a\u7528\u7403\u9769_06-7x12.jpg 7w\" sizes=\"(max-width: 587px) 100vw, 587px\" \/> <img loading=\"lazy\" decoding=\"async\" class=\"wp-image-54448 aligncenter\" src=\"https:\/\/www.eco-leather.com\/wp-content\/uploads\/2025\/11\/\u901a\u7528\u7403\u9769_11-232x300.jpg\" alt=\"\" width=\"590\" height=\"763\" srcset=\"https:\/\/www.eco-leather.com\/wp-content\/uploads\/2025\/11\/\u901a\u7528\u7403\u9769_11-232x300.jpg 232w, https:\/\/www.eco-leather.com\/wp-content\/uploads\/2025\/11\/\u901a\u7528\u7403\u9769_11-9x12.jpg 9w, https:\/\/www.eco-leather.com\/wp-content\/uploads\/2025\/11\/\u901a\u7528\u7403\u9769_11-600x776.jpg 600w, https:\/\/www.eco-leather.com\/wp-content\/uploads\/2025\/11\/\u901a\u7528\u7403\u9769_11.jpg 750w\" sizes=\"(max-width: 590px) 100vw, 590px\" \/><\/p>\n<div class=\"clear\"><\/div>\n<\/div>\n<\/section>\n<section id=\"why-choose-us\">\n<h2>Warum WINIW w\u00e4hlen<\/h2>\n<div class=\"advantage-item\">\n<h3>Crafted from high-quality PU microfiber, our imitation leather is incredibly soft and supple, providing maximum comfort and ease of movement on the field<\/h3>\n<p>Crafted from high-quality PU microfiber, our imitation leather is incredibly soft and supple, providing maximum comfort and ease of movement on the field. At just 1.6mm thick, it is also ultra-lightweight and incredibly elastic, allowing for effortless ball control and precision.<\/p>\n<\/div>\n<div class=\"advantage-item\">\n<h3>Qualit\u00e4tssicherung<\/h3>\n<p>Wir f\u00fchren w\u00e4hrend der gesamten Produktions- und Lieferkette strenge Qualit\u00e4tskontrollen durch und halten uns an die ISO9001-Normen. Von der Auswahl der Rohstoffe bis zur Endkontrolle stehen die Interessen unserer Kunden an erster Stelle.<\/p>\n<\/div>\n<div class=\"advantage-item\">\n<h3>Professionelles technisches Team<\/h3>\n<p>Unser spezialisiertes technisches Team besteht aus erfahrenen Fachleuten aus verschiedenen Bereichen, die sich der Lieferung hochwertiger Produkte und ma\u00dfgeschneiderter L\u00f6sungen verschrieben haben.<\/p>\n<\/div>\n<div class=\"advantage-item\">\n<h3>Breite Palette von Anwendungen<\/h3>\n<p>Unsere Materialien finden breite Anwendung in Schuhen, Kleidung, Gep\u00e4ck, Autoinnenr\u00e4umen, Sofam\u00f6beln und vielem mehr.<\/p>\n<\/div>\n<div class=\"advantage-item\">\n<h3>Reiche Erfahrung<\/h3>\n<p>Quanzhou WINIW Import &amp; Export Co, Ltd. verf\u00fcgt \u00fcber mehr als 20 Jahre Produktionserfahrung und bietet perfekte L\u00f6sungen f\u00fcr Kunden weltweit.<\/p>\n<\/div>\n<div class=\"advantage-item\">\n<h3>Erschwinglicher Preis<\/h3>\n<p>Wir bieten wettbewerbsf\u00e4hige Preise und einen hervorragenden Kundenservice. Fordern Sie einen Katalog an oder besuchen Sie unser Werk, um unsere Produkte kennenzulernen.<\/p>\n<\/div>\n<div class=\"advantage-item\">\n<h3>24-Stunden-Online-Kundendienst<\/h3>\n<p>Unser Team steht rund um die Uhr zur Verf\u00fcgung, um Anfragen zu beantworten und R\u00fcckmeldungen zeitnah zu bearbeiten.<\/p>\n<\/div>\n<p>&nbsp;<\/p>\n<\/section>\n<section id=\"inquiry\">\n<h2 style=\"text-align: center;\">Mit freundlichen Gr\u00fc\u00dfen erwarten wir Ihre Anfrage!<\/h2>\n<p style=\"text-align: center;\">Kontaktieren Sie uns noch heute, um mehr \u00fcber unsere Produkte zu erfahren und Ihre Bestellung aufzugeben.<\/p>\n<\/section>\n\n    <div class=\"xs_social_share_widget xs_share_url after_content \t\tmain_content  wslu-style-1 wslu-share-box-shaped wslu-fill-colored wslu-none wslu-share-horizontal wslu-theme-font-no wslu-main_content\">\n\n\t\t\n        <ul>\n\t\t\t        <\/ul>\n    <\/div>","protected":false},"excerpt":{"rendered":"<p>WINIW presents its premium Thin And Elastic PVC Faux Leather, specifically engineered for football manufacturing.<\/p>","protected":false},"featured_media":58888,"template":"","meta":[],"product_brand":[],"product_cat":[271,111],"product_tag":[],"class_list":{"0":"post-58900","1":"product","2":"type-product","3":"status-publish","4":"has-post-thumbnail","6":"product_cat-balls-leather","7":"product_cat-microfiber-leather","9":"first","10":"instock","11":"product-type-simple"},"_links":{"self":[{"href":"https:\/\/www.eco-leather.com\/de\/wp-json\/wp\/v2\/product\/58900","targetHints":{"allow":["GET"]}}],"collection":[{"href":"https:\/\/www.eco-leather.com\/de\/wp-json\/wp\/v2\/product"}],"about":[{"href":"https:\/\/www.eco-leather.com\/de\/wp-json\/wp\/v2\/types\/product"}],"wp:featuredmedia":[{"embeddable":true,"href":"https:\/\/www.eco-leather.com\/de\/wp-json\/wp\/v2\/media\/58888"}],"wp:attachment":[{"href":"https:\/\/www.eco-leather.com\/de\/wp-json\/wp\/v2\/media?parent=58900"}],"wp:term":[{"taxonomy":"product_brand","embeddable":true,"href":"https:\/\/www.eco-leather.com\/de\/wp-json\/wp\/v2\/product_brand?post=58900"},{"taxonomy":"product_cat","embeddable":true,"href":"https:\/\/www.eco-leather.com\/de\/wp-json\/wp\/v2\/product_cat?post=58900"},{"taxonomy":"product_tag","embeddable":true,"href":"https:\/\/www.eco-leather.com\/de\/wp-json\/wp\/v2\/product_tag?post=58900"}],"curies":[{"name":"wp","href":"https:\/\/api.w.org\/{rel}","templated":true}]}}