{"id":29793,"date":"2025-09-07T11:06:33","date_gmt":"2025-09-07T03:06:33","guid":{"rendered":"https:\/\/www.eco-leather.com\/product\/0-7mm-synthetic-ultra-suede-leather-material-for-making-safety-gloves\/"},"modified":"2025-09-07T11:06:39","modified_gmt":"2025-09-07T03:06:39","slug":"0-7mm-synthetisches-ultra-wildleder-fur-die-herstellung-von-sicherheitshandschuhen","status":"publish","type":"product","link":"https:\/\/www.eco-leather.com\/de\/0-7mm-synthetisches-ultra-wildleder-fur-die-herstellung-von-sicherheitshandschuhen\/","title":{"rendered":"0.7mm Synthetisches Ultra-Wildleder Material f\u00fcr die Herstellung von Sicherheitshandschuhen"},"content":{"rendered":"<h2>0.7mm Synthetisches Ultra-Wildleder Material f\u00fcr die Herstellung von Sicherheitshandschuhen Details<\/h2>\n<p><main><\/p>\n<section id=\"product-overview\">\n<h2>Beschreibung des Produkts<\/h2>\n<p>Produkt <strong>Kunstleder-Sohle<\/strong> Beschreibung<\/p>\n<p>Synthetisch <strong>Wei\u00dfes Kleid Material Meesho<\/strong> Ultra-Suede-Ledermaterial f\u00fcr Sicherheitshandschuhe Die ultimative L\u00f6sung f\u00fcr den Handschutz Sicherheit hat in allen Bereichen, in denen Handschutz erforderlich ist, oberste Priorit\u00e4t.<\/p>\n<p>Deshalb stellen wir Ihnen unser hochwertiges synthetisches Ultra-Wildleder-Material f\u00fcr Sicherheitshandschuhe vor. Unser <strong>Automobil LederSitze Service Hund<\/strong> Das 0,7 mm dicke Material ist die perfekte L\u00f6sung, um Ihre H\u00e4nde bestm\u00f6glich zu sch\u00fctzen.<\/p>\n<p>Unser synthetisches Ultra-Wildleder bietet nicht nur einen unschlagbaren Schutz, sondern auch einen hohen Tragekomfort. Seine weiche und geschmeidige Haptik bietet hervorragende Fingerfertigkeit und sorgt daf\u00fcr, dass Ihre H\u00e4nde<\/p>\n<p>Unser 0,7 mm starkes Ultrasuede Microfiber Faux Leather wird aus hochwertigen Mikrofasermaterialien hergestellt und ist die perfekte Wahl f\u00fcr Fahrradhandschuhe. Es bietet ein ausgewogenes Verh\u00e4ltnis zwischen Flexibilit\u00e4t und St\u00e4rke, au\u00dfergew\u00f6hnliche Atmungsaktivit\u00e4t und feuchtigkeitsableitende Eigenschaften, damit die H\u00e4nde bei intensiven Fahrten k\u00fchl und trocken bleiben.<\/p>\n<p>Ob Sie nun ein professioneller Radfahrer oder ein Freizeitradler sind, Microfiber Leather bietet unschlagbaren Komfort und Schutz. Seine hohe Widerstandsf\u00e4higkeit gegen Abrieb und Risse sorgt f\u00fcr eine lang anhaltende Leistung, w\u00e4hrend das elegante Design einen raffinierten Touch zu jedem Biker-Ensemble hinzuf\u00fcgt.<\/p>\n<\/section>\n<section id=\"specifications\">\n<h2>Technische Parameter<\/h2>\n<ul class_=\"parameters-list\">\n<li><span class=\"param-name\">Parameter <strong>Kunstlederboxen China<\/strong> Material:<\/span> Mikrofaser + PU. Farbe: Schwarz, Grau, Beige. Dicke 0,6mm, 0,7mm, 0,8mm, 1mm.<\/li>\n<li><span class=\"param-name\">Mindestbestellmenge:<\/span> 300 laufende Meter. Rollenl\u00e4nge: 20-30m\/Rolle Lieferzeit: 15-20 Tage. Breite: 54, 137cm Produktionskapazit\u00e4t: 1.000.000 Meter monatlich.<\/li>\n<\/ul>\n<p><img decoding=\"async\" alt=\"0.7mm Ultrasuede Mikrofaser Kunstleder f\u00fcr Radsporthandschuhe - Materialspezifikation\" class=\"product-image\" src=\"\/wp-content\/uploads\/2025\/08\/07mm-ultrasuede-microfiber-faux-leather-for-cycling-gloves--37881.jpg\"\/><\/p>\n<h3>Produkt-Parameter<\/h3>\n<ul class=\"parameters-list\">\n<li><span class=\"param-name\">Material:<\/span> Mikrofaser + PU<\/li>\n<li><span class=\"param-name\">Farbe:<\/span> Schwarz, Grau, Beige (benutzerdefinierte Farben verf\u00fcgbar)<\/li>\n<li><span class=\"param-name\">Die Dicke:<\/span> 0,6 mm, 0,7 mm, 0,8 mm, 1 mm<\/li>\n<li><span class=\"param-name\">Mindestbestellmenge:<\/span> 300 laufende Meter<\/li>\n<li><span class=\"param-name\">L\u00e4nge der Rolle:<\/span> 20-30m\/Rolle<\/li>\n<li><span class=\"param-name\">Lieferzeiten:<\/span> 15-20 Tage<\/li>\n<li><span class=\"param-name\">Breite:<\/span> 54\u2033, 137cm<\/li>\n<li><span class=\"param-name\">Produktionskapazit\u00e4t:<\/span> 1.000.000 Meter monatlich<\/li>\n<\/ul>\n<\/section>\n<section id=\"features\">\n<h2>Produktmerkmale<\/h2>\n<div class=\"feature-item\">\n<img decoding=\"async\" alt=\"Unser wasserdichtes Spraysynthetik-Ultra-Wildleder bietet un\u00fcbertroffene Haltbarkeit, Durchsto\u00dffestigkeit und ausgezeichnete Griffigkeit, um Ihre H\u00e4nde vor sch\u00e4dlichen Chemikalien und scharfen Kanten zu sch\u00fctzen.\" class=\"feature-image left\" src=\"\/wp-content\/uploads\/2025\/08\/07mm-synthetic-ultra-suede-leather-material-for-making-safety-gloves--37826.jpg\"\/><\/p>\n<h3>Unser <strong>Wildleder Impr\u00e4gnierspray<\/strong> Synthetisches Ultra-Wildleder bietet un\u00fcbertroffene Strapazierf\u00e4higkeit, Durchsto\u00dffestigkeit und hervorragende Griffigkeit, um Ihre H\u00e4nde vor sch\u00e4dlichen Chemikalien und scharfen Kanten zu sch\u00fctzen<\/h3>\n<p>Unser <strong>Wildleder Impr\u00e4gnierspray<\/strong> Synthetisches Ultra-Wildleder bietet un\u00fcbertroffene Strapazierf\u00e4higkeit, Durchsto\u00dffestigkeit und hervorragende Griffigkeit, um Ihre H\u00e4nde vor sch\u00e4dlichen Chemikalien und scharfen Kanten zu sch\u00fctzen.<\/p>\n<div class=\"clear\"><\/div>\n<\/div>\n<div class=\"feature-item\">\n<img decoding=\"async\" alt=\"Das Material schafft eine Barriere zwischen Ihrer Haut und der gef\u00e4hrlichen Umgebung und gibt Ihnen die Sicherheit, effizient und produktiv zu arbeiten.\" class=\"feature-image left\" src=\"\/wp-content\/uploads\/2025\/08\/07mm-synthetic-ultra-suede-leather-material-for-making-safety-gloves--37827.jpg\"\/><\/p>\n<h3>Das Material schafft eine Barriere zwischen Ihrer Haut und der gef\u00e4hrlichen Umgebung und gibt Ihnen die Sicherheit, effizient und produktiv zu arbeiten.<\/h3>\n<p>Das Material schafft eine Barriere zwischen Ihrer Haut und der gef\u00e4hrlichen Umgebung und gibt Ihnen die Sicherheit, effizient und produktiv zu arbeiten. Unser <strong>Wasserdichtes Leder Material Service<\/strong> Das synthetische Ultra-Wildledermaterial ist \u00e4u\u00dferst vielseitig und eignet sich ideal f\u00fcr eine Vielzahl von Einsatzbereichen, z. B. auf Baustellen, in Labors, im Automobilbau, beim Schwei\u00dfen und in vielen anderen Bereichen.<\/p>\n<div class=\"clear\"><\/div>\n<\/div>\n<div class=\"feature-item\">\n<img decoding=\"async\" alt=\"Seine ausgezeichnete Hitzebest\u00e4ndigkeit und Langlebigkeit machen ihn perfekt f\u00fcr anspruchsvolle Anwendungen, bei denen die Sicherheit der H\u00e4nde an erster Stelle steht.\" class=\"feature-image left\" src=\"\/wp-content\/uploads\/2025\/08\/07mm-synthetic-ultra-suede-leather-material-for-making-safety-gloves--37828.jpg\"\/><\/p>\n<h3>Seine ausgezeichnete Hitzebest\u00e4ndigkeit und Langlebigkeit machen ihn perfekt f\u00fcr anspruchsvolle Anwendungen, bei denen die Sicherheit der H\u00e4nde an erster Stelle steht.<\/h3>\n<p>Seine ausgezeichnete Hitzebest\u00e4ndigkeit und Haltbarkeit machen ihn perfekt f\u00fcr anspruchsvolle Anwendungen, bei denen die Sicherheit der H\u00e4nde an erster Stelle steht.<\/p>\n<div class=\"clear\"><\/div>\n<\/div>\n<div class=\"feature-item\">\n<img decoding=\"async\" alt=\"Hohe Rei\u00dffestigkeit - Ultrasuede Mikrofaser-Kunstleder f\u00fcr Fahrradhandschuhe\" class=\"feature-image left\" src=\"\/wp-content\/uploads\/2025\/08\/07mm-ultrasuede-microfiber-faux-leather-for-cycling-gloves--37882.jpg\"\/><\/p>\n<h3>Hohe Rei\u00dffestigkeit<\/h3>\n<p>Unser Ultrasuede-Mikrofaserleder zeichnet sich durch eine au\u00dfergew\u00f6hnliche Rei\u00dffestigkeit aus, so dass es unter Belastung nicht bricht oder sich leicht verformt. Dies macht es ideal f\u00fcr Produkte, die Haltbarkeit und langfristige Leistung erfordern.<\/p>\n<div class=\"clear\"><\/div>\n<\/div>\n<div class=\"feature-item\">\n<img decoding=\"async\" alt=\"Formstabilit\u00e4t - Ultrasuede Mikrofaser-Kunstleder f\u00fcr Fahrradhandschuhe\" class=\"feature-image right\" src=\"\/wp-content\/uploads\/2025\/08\/07mm-ultrasuede-microfiber-faux-leather-for-cycling-gloves--37883.jpg\"\/><\/p>\n<h3>Nicht leicht zu verformen<\/h3>\n<p>Dieses Material wurde speziell behandelt, um seine urspr\u00fcngliche Form zu erhalten, und bietet eine hervorragende Elastizit\u00e4t und Stabilit\u00e4t. Es widersteht Verformungen durch \u00e4u\u00dferen Druck oder Dehnung, so dass die Produkte langfristig intakt und attraktiv bleiben.<\/p>\n<div class=\"clear\"><\/div>\n<\/div>\n<div class=\"feature-item\">\n<img decoding=\"async\" alt=\"Strapazierf\u00e4higkeit - Ultrasuede Microfiber Faux Leather f\u00fcr Fahrradhandschuhe\" class=\"feature-image left\" src=\"\/wp-content\/uploads\/2025\/08\/07mm-ultrasuede-microfiber-faux-leather-for-cycling-gloves--37884.jpg\"\/><\/p>\n<h3>Dauerhaftigkeit<\/h3>\n<p>Dieses Material ist extrem widerstandsf\u00e4hig gegen Abrieb, Risse und Einstiche und sorgt daf\u00fcr, dass die Handschuhe auch bei l\u00e4ngerem Gebrauch in bestem Zustand bleiben. Au\u00dferdem bietet es eine hervorragende Fingerfertigkeit und Festigkeit f\u00fcr hochwertige Lederwaren.<\/p>\n<div class=\"clear\"><\/div>\n<\/div>\n<\/section>\n<p><\/main><\/p>\n<section id=\"inquiry\">\n<h2 style=\"text-align: center;\">Mit freundlichen Gr\u00fc\u00dfen erwarten wir Ihre Anfrage!<\/h2>\n<p style=\"text-align: center;\">Kontaktieren Sie uns noch heute, um mehr \u00fcber unsere Produkte zu erfahren und Ihre Bestellung aufzugeben.<\/p>\n<\/section>\n\n    <div class=\"xs_social_share_widget xs_share_url after_content \t\tmain_content  wslu-style-1 wslu-share-box-shaped wslu-fill-colored wslu-none wslu-share-horizontal wslu-theme-font-no wslu-main_content\">\n\n\t\t\n        <ul>\n\t\t\t        <\/ul>\n    <\/div>","protected":false},"excerpt":{"rendered":"<div class=\"product-short-description\">Handschuhe Leder 0.7mm Synthetisches Ultra-Wildleder Material f\u00fcr die Herstellung von Sicherheitshandschuhen WINIW 0.7mm Synthetisches Ultra-Wildleder Material f\u00fcr die Herstellung von Sicherheitshandschuhen Die wichtigsten Merkmale sind Ideal f\u00fcr diejenigen, die Qualit\u00e4t und Zuverl\u00e4ssigkeit suchen.<\/p>\n<p>Als direkte Fabrik, Hersteller und Gro\u00dfh\u00e4ndler k\u00f6nnen wir den Produktionsprozess streng kontrollieren, um die Produktqualit\u00e4t zu gew\u00e4hrleisten und Ihnen die g\u00fcnstigsten Preise zu bieten. Wir verf\u00fcgen \u00fcber fortschrittliche Produktionsanlagen und ein professionelles technisches Team, um Ihren Bedarf an Gro\u00dfauftr\u00e4gen zu decken und eine p\u00fcnktliche Lieferung zu gew\u00e4hrleisten.<\/p>\n<\/div>","protected":false},"featured_media":6065,"template":"","meta":[],"product_brand":[],"product_cat":[308],"product_tag":[19363],"class_list":{"0":"post-29793","1":"product","2":"type-product","3":"status-publish","4":"has-post-thumbnail","6":"product_cat-gloves-leather","7":"product_tag-nappa-leather-material-customnappa-leather-material-makernappa-leather-material-vendornappa-leather-material-chinanappa-leather-material-sourcingnappa-leather-material-companies","9":"first","10":"instock","11":"product-type-simple"},"_links":{"self":[{"href":"https:\/\/www.eco-leather.com\/de\/wp-json\/wp\/v2\/product\/29793","targetHints":{"allow":["GET"]}}],"collection":[{"href":"https:\/\/www.eco-leather.com\/de\/wp-json\/wp\/v2\/product"}],"about":[{"href":"https:\/\/www.eco-leather.com\/de\/wp-json\/wp\/v2\/types\/product"}],"wp:featuredmedia":[{"embeddable":true,"href":"https:\/\/www.eco-leather.com\/de\/wp-json\/wp\/v2\/media\/6065"}],"wp:attachment":[{"href":"https:\/\/www.eco-leather.com\/de\/wp-json\/wp\/v2\/media?parent=29793"}],"wp:term":[{"taxonomy":"product_brand","embeddable":true,"href":"https:\/\/www.eco-leather.com\/de\/wp-json\/wp\/v2\/product_brand?post=29793"},{"taxonomy":"product_cat","embeddable":true,"href":"https:\/\/www.eco-leather.com\/de\/wp-json\/wp\/v2\/product_cat?post=29793"},{"taxonomy":"product_tag","embeddable":true,"href":"https:\/\/www.eco-leather.com\/de\/wp-json\/wp\/v2\/product_tag?post=29793"}],"curies":[{"name":"wp","href":"https:\/\/api.w.org\/{rel}","templated":true}]}}