{"id":29792,"date":"2025-09-07T11:06:33","date_gmt":"2025-09-07T03:06:33","guid":{"rendered":"https:\/\/www.eco-leather.com\/product\/0-8mm-microsuede-faux-leather-sheet-for-sports-gloves\/"},"modified":"2025-09-07T11:06:38","modified_gmt":"2025-09-07T03:06:38","slug":"0-8mm-microsuede-kunstleder-fur-sporthandschuhe","status":"publish","type":"product","link":"https:\/\/www.eco-leather.com\/de\/0-8mm-microsuede-kunstleder-fur-sporthandschuhe\/","title":{"rendered":"0.8mm Microsuede Kunstlederblatt f\u00fcr Sporthandschuhe"},"content":{"rendered":"<h2>0,8mm Microsuede Kunstleder Blatt f\u00fcr Sporthandschuhe Details<\/h2>\n<p><main><\/p>\n<section id=\"product-overview\">\n<h2>Beschreibung des Produkts<\/h2>\n<p>Produkt <strong>Kunstleder-Sohle<\/strong> Beschreibung<\/p>\n<p>Unser 0,7 mm starkes Ultrasuede Microfiber Faux Leather wird aus hochwertigen Mikrofasermaterialien hergestellt und ist die perfekte Wahl f\u00fcr Fahrradhandschuhe. Es bietet ein ausgewogenes Verh\u00e4ltnis zwischen Flexibilit\u00e4t und St\u00e4rke, au\u00dfergew\u00f6hnliche Atmungsaktivit\u00e4t und feuchtigkeitsableitende Eigenschaften, damit die H\u00e4nde bei intensiven Fahrten k\u00fchl und trocken bleiben.<\/p>\n<p>Ob Sie nun ein professioneller Radfahrer oder ein Freizeitradler sind, Microfiber Leather bietet unschlagbaren Komfort und Schutz. Seine hohe Widerstandsf\u00e4higkeit gegen Abrieb und Risse sorgt f\u00fcr eine lang anhaltende Leistung, w\u00e4hrend das elegante Design einen raffinierten Touch zu jedem Biker-Ensemble hinzuf\u00fcgt.<\/p>\n<\/section>\n<section id=\"specifications\">\n<h2>Technische Parameter<\/h2>\n<ul class_=\"parameters-list\">\n<p>Parameter<\/p>\n<li><span class=\"param-name\">Material:<\/span> Mikrofaser + PU. Farbe: Schwarz, Grau, Beige. Dicke: 0,6mm, 0,7mm, 0,8mm, 1mm. Mindestbestellmenge: 300 laufende Meter. Rollenl\u00e4nge: 20-30m\/Rolle Lieferzeit: 15-20 Tage. Breite: 54, 137cm Produktionskapazit\u00e4t: 1.000.000 Meter monatlich.<\/li>\n<\/ul>\n<p><img decoding=\"async\" alt=\"0.7mm Ultrasuede Mikrofaser Kunstleder f\u00fcr Radsporthandschuhe - Materialspezifikation\" class=\"product-image\" src=\"\/wp-content\/uploads\/2025\/08\/07mm-ultrasuede-microfiber-faux-leather-for-cycling-gloves--37881.jpg\"\/><\/p>\n<h3>Produkt-Parameter<\/h3>\n<ul class=\"parameters-list\">\n<li><span class=\"param-name\">Material:<\/span> Mikrofaser + PU<\/li>\n<li><span class=\"param-name\">Farbe:<\/span> Schwarz, Grau, Beige (benutzerdefinierte Farben verf\u00fcgbar)<\/li>\n<li><span class=\"param-name\">Die Dicke:<\/span> 0,6 mm, 0,7 mm, 0,8 mm, 1 mm<\/li>\n<li><span class=\"param-name\">Mindestbestellmenge:<\/span> 300 laufende Meter<\/li>\n<li><span class=\"param-name\">L\u00e4nge der Rolle:<\/span> 20-30m\/Rolle<\/li>\n<li><span class=\"param-name\">Lieferzeiten:<\/span> 15-20 Tage<\/li>\n<li><span class=\"param-name\">Breite:<\/span> 54\u2033, 137cm<\/li>\n<li><span class=\"param-name\">Produktionskapazit\u00e4t:<\/span> 1.000.000 Meter monatlich<\/li>\n<\/ul>\n<\/section>\n<section id=\"features\">\n<h2>Produktmerkmale<\/h2>\n<div class=\"feature-item\">\n<img decoding=\"async\" alt=\"TheSuede Leder Wasserdichtes Spray0\" class=\"feature-image left\" src=\"\/wp-content\/uploads\/2025\/08\/08mm-microsuede-faux-leather-sheet-for-sports-gloves-37815.jpg\"\/><\/p>\n<h3>Die <strong>Wildleder Impr\u00e4gnierspray<\/strong> 0<\/h3>\n<p>Die <strong>Wildleder Impr\u00e4gnierspray<\/strong> Das 0,8 mm dicke Microsuede-Kunstlederblatt ist das perfekte Material f\u00fcr Sporthandschuhe, die einer starken Beanspruchung standhalten und sich gleichzeitig angenehm auf der Haut anf\u00fchlen m\u00fcssen.<\/p>\n<div class=\"clear\"><\/div>\n<\/div>\n<div class=\"feature-item\">\n<img decoding=\"async\" alt=\"Dieses innovative Produkt wird aus hochwertigen synthetischen Materialien hergestellt, die das Aussehen und die Haptik von echtem Wildleder imitieren\" class=\"feature-image left\" src=\"\/wp-content\/uploads\/2025\/08\/08mm-microsuede-faux-leather-sheet-for-sports-gloves-37816.jpg\"\/><\/p>\n<h3>Dieses innovative Produkt wird aus hochwertigen synthetischen Materialien hergestellt, die das Aussehen und die Haptik von echtem Wildleder imitieren<\/h3>\n<p>Dieses innovative Produkt wird aus hochwertigen synthetischen Materialien hergestellt, die das Aussehen und die Haptik von echtem Wildleder imitieren. Es ist so konzipiert, dass es \u00fcberragende Haltbarkeit, Flexibilit\u00e4t und Abriebfestigkeit bietet, was es ideal f\u00fcr den Einsatz in Sportger\u00e4ten macht.<\/p>\n<div class=\"clear\"><\/div>\n<\/div>\n<div class=\"feature-item\">\n<img decoding=\"async\" alt=\"Overall,Wasserdichtes Leder Material Servicethe 0\" class=\"feature-image left\" src=\"\/wp-content\/uploads\/2025\/08\/08mm-microsuede-faux-leather-sheet-for-sports-gloves-37817.jpg\"\/><\/p>\n<h3>Insgesamt, <strong>Wasserdichtes Leder Material Service<\/strong> die 0<\/h3>\n<p>Insgesamt, <strong>Wasserdichtes Leder Material Service<\/strong> Das 0,8 mm dicke Microsuede-Kunstlederblatt ist eine hervorragende Wahl f\u00fcr Sporthandschuhe, die Haltbarkeit, Flexibilit\u00e4t, Komfort und Stil erfordern. Es handelt sich um ein hochwertiges synthetisches Material, das sich wie echtes Wildleder anf\u00fchlt, ohne die hohen Kosten oder den hohen Pflegeaufwand.<\/p>\n<div class=\"clear\"><\/div>\n<\/div>\n<div class=\"feature-item\">\n<img decoding=\"async\" alt=\"Egal, ob Sie ein professioneller Sportler sind oder gerade erst anfangen, dieses innovative Produkt wird Ihre Erwartungen \u00fcbertreffen und Ihnen helfen, Ihre Ziele zu erreichen\" class=\"feature-image left\" src=\"\/wp-content\/uploads\/2025\/08\/08mm-microsuede-faux-leather-sheet-for-sports-gloves-37818.jpg\"\/><\/p>\n<h3>Egal, ob Sie ein professioneller Sportler sind oder gerade erst anfangen, dieses innovative Produkt wird Ihre Erwartungen \u00fcbertreffen und Ihnen helfen, Ihre Ziele zu erreichen<\/h3>\n<p>Ganz gleich, ob Sie Profisportler sind oder gerade erst anfangen, dieses innovative Produkt wird Ihre Erwartungen sicher \u00fcbertreffen und Ihnen helfen, Ihre Ziele zu erreichen.<\/p>\n<div class=\"clear\"><\/div>\n<\/div>\n<div class=\"feature-item\">\n<img decoding=\"async\" alt=\"Hohe Rei\u00dffestigkeit - Ultrasuede Mikrofaser-Kunstleder f\u00fcr Fahrradhandschuhe\" class=\"feature-image left\" src=\"\/wp-content\/uploads\/2025\/08\/07mm-ultrasuede-microfiber-faux-leather-for-cycling-gloves--37882.jpg\"\/><\/p>\n<h3>Hohe Rei\u00dffestigkeit<\/h3>\n<p>Unser Ultrasuede-Mikrofaserleder zeichnet sich durch eine au\u00dfergew\u00f6hnliche Rei\u00dffestigkeit aus, so dass es unter Belastung nicht bricht oder sich leicht verformt. Dies macht es ideal f\u00fcr Produkte, die Haltbarkeit und langfristige Leistung erfordern.<\/p>\n<div class=\"clear\"><\/div>\n<\/div>\n<div class=\"feature-item\">\n<img decoding=\"async\" alt=\"Formstabilit\u00e4t - Ultrasuede Mikrofaser-Kunstleder f\u00fcr Fahrradhandschuhe\" class=\"feature-image right\" src=\"\/wp-content\/uploads\/2025\/08\/07mm-ultrasuede-microfiber-faux-leather-for-cycling-gloves--37883.jpg\"\/><\/p>\n<h3>Nicht leicht zu verformen<\/h3>\n<p>Dieses Material wurde speziell behandelt, um seine urspr\u00fcngliche Form zu erhalten, und bietet eine hervorragende Elastizit\u00e4t und Stabilit\u00e4t. Es widersteht Verformungen durch \u00e4u\u00dferen Druck oder Dehnung, so dass die Produkte langfristig intakt und attraktiv bleiben.<\/p>\n<div class=\"clear\"><\/div>\n<\/div>\n<div class=\"feature-item\">\n<img decoding=\"async\" alt=\"Strapazierf\u00e4higkeit - Ultrasuede Microfiber Faux Leather f\u00fcr Fahrradhandschuhe\" class=\"feature-image left\" src=\"\/wp-content\/uploads\/2025\/08\/07mm-ultrasuede-microfiber-faux-leather-for-cycling-gloves--37884.jpg\"\/><\/p>\n<h3>Dauerhaftigkeit<\/h3>\n<p>Dieses Material ist extrem widerstandsf\u00e4hig gegen Abrieb, Risse und Einstiche und sorgt daf\u00fcr, dass die Handschuhe auch bei l\u00e4ngerem Gebrauch in bestem Zustand bleiben. Au\u00dferdem bietet es eine hervorragende Fingerfertigkeit und Festigkeit f\u00fcr hochwertige Lederwaren.<\/p>\n<div class=\"clear\"><\/div>\n<\/div>\n<\/section>\n<section id=\"usage\">\n<h2>Verwendung und Anwendungen<\/h2>\n<p><img fetchpriority=\"high\" decoding=\"async\" alt=\"0.8mm Microsuede Kunstleder Blatt f\u00fcr Sporthandschuhe Fabrik\" height=\"675\" src=\"\/wp-content\/uploads\/2025\/08\/08mm-microsuede-faux-leather-sheet-for-sports-gloves-37819.jpg\" width=\"675\"\/><\/p>\n<div class=\"usage-point\">\n<h3>Die <strong>Premium-Taschen aus veganem Leder<\/strong> Das Material hat eine feinere Struktur als echtes Wildleder und ist viel g\u00fcnstiger und pflegeleichter.<\/h3>\n<p>Die <strong>Premium-Taschen aus veganem Leder<\/strong> Material hat eine feinere Struktur als echtes Wildleder und ist viel preiswerter und pflegeleichter. Au\u00dferdem ist es sehr vielseitig und in einer breiten Palette von Farben erh\u00e4ltlich, die jedem Geschmack gerecht werden.<\/p>\n<\/div>\n<div class=\"usage-point\">\n<h3>Die <strong>Second Hand Ledertaschen<\/strong> glatte Oberfl\u00e4che der 0<\/h3>\n<p>Die <strong>Second Hand Ledertaschen<\/strong> Die glatte Oberfl\u00e4che des 0,8 mm dicken Microsuede-Kunstlederbezugs macht es leicht zu reinigen und in einem Top-Zustand zu halten. Damit ist es ideal f\u00fcr Sportger\u00e4te, die h\u00e4ufig Schwei\u00df, Schmutz und anderen Elementen ausgesetzt sind.<\/p>\n<\/div>\n<div class=\"usage-point\">\n<h3>Das Material ist au\u00dferdem atmungsaktiv, so dass die Luft frei zirkulieren kann und der Tr\u00e4ger k\u00fchl und bequem bleibt.<\/h3>\n<p>Das Material ist au\u00dferdem atmungsaktiv, so dass die Luft ungehindert zirkulieren kann und die Tr\u00e4gerin k\u00fchl und bequem bleibt. Diese <strong>Kleidungsst\u00fcck Leder Importiert<\/strong> ist besonders wichtig f\u00fcr Sporthandschuhe, die bei hochintensiven Aktivit\u00e4ten wie Gewichtheben, Boxen oder MMA-Training verwendet werden.<\/p>\n<\/div>\n<div class=\"usage-point\">\n<h3>Die Handschuhe aus diesem Material bieten einen ausgezeichneten Grip, so dass die Athleten ihr Bestes geben k\u00f6nnen, ohne sich Sorgen machen zu m\u00fcssen, auszurutschen oder die Kontrolle \u00fcber ihre Ausr\u00fcstung zu verlieren.<\/h3>\n<p>Die Handschuhe aus diesem Material bieten einen ausgezeichneten Grip, so dass die Athleten ihr Bestes geben k\u00f6nnen, ohne sich Sorgen machen zu m\u00fcssen, auszurutschen oder die Kontrolle \u00fcber ihre Ausr\u00fcstung zu verlieren. Trotz seines synthetischen Ursprungs ist das 0,8 mm dicke Microsuede Faux Leather Sheet ein hochwertiges, umweltfreundliches Material, das die Umwelt schont.<\/p>\n<\/div>\n<div class=\"usage-point\">\n<h3>Es ist wasser- und schmutzabweisend, was bedeutet, dass es nicht nur f\u00fcr Sporthandschuhe, sondern auch f\u00fcr Polster, Taschen, Schuhe und vieles mehr verwendet werden kann.<\/h3>\n<p>Es ist wasser- und schmutzabweisend und kann daher nicht nur f\u00fcr Sporthandschuhe, sondern auch f\u00fcr Polsterm\u00f6bel, Taschen, Schuhe und vieles mehr verwendet werden.<\/p>\n<\/div>\n<div class=\"usage-point\">\n<h3>Bequem und atmungsaktiv<\/h3>\n<p>Dieses weiche, bequeme und hoch atmungsaktive Material eignet sich perfekt f\u00fcr Fahrradhandschuhe und andere Produkte, die \u00fcber einen l\u00e4ngeren Zeitraum getragen werden. Es h\u00e4lt die H\u00e4nde bei anstrengenden Aktivit\u00e4ten k\u00fchl und trocken.<\/p>\n<\/div>\n<div class=\"usage-point\">\n<h3>Umweltvertr\u00e4glich und nachhaltig<\/h3>\n<p>Unser Ultrasuede-Mikrofaser-Kunstleder umfasst umweltfreundliche Optionen, wie z. B. Varianten aus recyceltem PET und Materialien auf Pflanzenbasis, die die Umweltbelastung verringern und gleichzeitig verschiedene Texturen bieten.<\/p>\n<\/div>\n<div class=\"usage-point\">\n<h3>Antibakterieller Schutz und Schutz vor Staub<\/h3>\n<p>Ausgew\u00e4hlte Varianten verf\u00fcgen \u00fcber antibakterielle und staubabweisende Eigenschaften und erf\u00fcllen hohe Hygienestandards - ideal f\u00fcr Handschuhe, die strenge Qualit\u00e4ts- und Sicherheitskontrollen erfordern.<\/p>\n<\/div>\n<div class=\"usage-point\">\n<h3>Vielf\u00e4ltige Anwendungsszenarien<\/h3>\n<p>Neben Fahrradhandschuhen eignet es sich auch f\u00fcr Fingerhandschuhe, Sicherheitshandschuhe und verschiedene andere Handschuhtypen sowie f\u00fcr Schuhe, Kleidung und Zubeh\u00f6r.<\/p>\n<\/div>\n<p><img decoding=\"async\" alt=\"Anwendungen von 0,7mm Ultrasuede Mikrofaser-Kunstleder in verschiedenen Produkten\" class=\"product-image\" src=\"\/wp-content\/uploads\/2025\/08\/07mm-ultrasuede-microfiber-faux-leather-for-cycling-gloves--37885.jpg\"\/><br \/>\n<img decoding=\"async\" alt=\"Radsporthandschuhe aus Ultrasuede-Mikrofaserleder - Produktbeispiel\" class=\"product-image\" src=\"\/wp-content\/uploads\/2025\/08\/07mm-ultrasuede-microfiber-faux-leather-for-cycling-gloves--37886.jpg\"\/><br \/>\n<\/section>\n<p><\/main><\/p>\n<section id=\"inquiry\">\n<h2 style=\"text-align: center;\">Mit freundlichen Gr\u00fc\u00dfen erwarten wir Ihre Anfrage!<\/h2>\n<p style=\"text-align: center;\">Kontaktieren Sie uns noch heute, um mehr \u00fcber unsere Produkte zu erfahren und Ihre Bestellung aufzugeben.<\/p>\n<\/section>\n\n    <div class=\"xs_social_share_widget xs_share_url after_content \t\tmain_content  wslu-style-1 wslu-share-box-shaped wslu-fill-colored wslu-none wslu-share-horizontal wslu-theme-font-no wslu-main_content\">\n\n\t\t\n        <ul>\n\t\t\t        <\/ul>\n    <\/div>","protected":false},"excerpt":{"rendered":"<div class=\"product-short-description\">Handschuhe Leder 0.8mm Microsuede Kunstleder Blatt f\u00fcr Sporthandschuhe WINIW 0.8mm Microsuede Kunstleder Blatt f\u00fcr Sporthandschuhe Key Features include.Ideal f\u00fcr diejenigen, die Qualit\u00e4t und Zuverl\u00e4ssigkeit.<\/p>\n<p>Als direkte Fabrik, Hersteller und Gro\u00dfh\u00e4ndler k\u00f6nnen wir den Produktionsprozess streng kontrollieren, um die Produktqualit\u00e4t zu gew\u00e4hrleisten und Ihnen die g\u00fcnstigsten Preise zu bieten. Wir verf\u00fcgen \u00fcber fortschrittliche Produktionsanlagen und ein professionelles technisches Team, um Ihren Bedarf an Gro\u00dfauftr\u00e4gen zu decken und eine p\u00fcnktliche Lieferung zu gew\u00e4hrleisten.<\/p>\n<\/div>","protected":false},"featured_media":6063,"template":"","meta":[],"product_brand":[],"product_cat":[308],"product_tag":[19362],"class_list":{"0":"post-29792","1":"product","2":"type-product","3":"status-publish","4":"has-post-thumbnail","6":"product_cat-gloves-leather","7":"product_tag-leather-sheet-for-car-manufacturerleather-sheet-for-car-suppliersleather-sheet-for-car-customizeleather-sheet-for-car-distributorleather-sheet-for-car-retailerleather-sheet-for-car-sourcing","9":"first","10":"instock","11":"product-type-simple"},"_links":{"self":[{"href":"https:\/\/www.eco-leather.com\/de\/wp-json\/wp\/v2\/product\/29792","targetHints":{"allow":["GET"]}}],"collection":[{"href":"https:\/\/www.eco-leather.com\/de\/wp-json\/wp\/v2\/product"}],"about":[{"href":"https:\/\/www.eco-leather.com\/de\/wp-json\/wp\/v2\/types\/product"}],"wp:featuredmedia":[{"embeddable":true,"href":"https:\/\/www.eco-leather.com\/de\/wp-json\/wp\/v2\/media\/6063"}],"wp:attachment":[{"href":"https:\/\/www.eco-leather.com\/de\/wp-json\/wp\/v2\/media?parent=29792"}],"wp:term":[{"taxonomy":"product_brand","embeddable":true,"href":"https:\/\/www.eco-leather.com\/de\/wp-json\/wp\/v2\/product_brand?post=29792"},{"taxonomy":"product_cat","embeddable":true,"href":"https:\/\/www.eco-leather.com\/de\/wp-json\/wp\/v2\/product_cat?post=29792"},{"taxonomy":"product_tag","embeddable":true,"href":"https:\/\/www.eco-leather.com\/de\/wp-json\/wp\/v2\/product_tag?post=29792"}],"curies":[{"name":"wp","href":"https:\/\/api.w.org\/{rel}","templated":true}]}}