{"id":29766,"date":"2025-09-07T11:06:23","date_gmt":"2025-09-07T03:06:23","guid":{"rendered":"https:\/\/www.eco-leather.com\/product\/waterproof-pu-artificial-leather-material-for-sports-bags\/"},"modified":"2025-09-07T11:06:26","modified_gmt":"2025-09-07T03:06:26","slug":"wasserdichtes-pu-kunstleder-fur-sporttaschen","status":"publish","type":"product","link":"https:\/\/www.eco-leather.com\/de\/wasserdichtes-pu-kunstleder-fur-sporttaschen\/","title":{"rendered":"Wasserdichtes PU-Kunstledermaterial f\u00fcr Sporttaschen"},"content":{"rendered":"<h2>Wasserdichtes PU-Kunstleder Material f\u00fcr Sporttaschen Lieferant<\/h2>\n<p><main><\/p>\n<section id=\"product-overview\">\n<h2>Beschreibung des Produkts<\/h2>\n<p>Produkt <strong>Kunstleder-Elasthan<\/strong> Beschreibung<\/p>\n<p>Material<\/p>\n<p>PU Le ather<\/p>\n<p>Markenname<\/p>\n<p>Unser 0,7 mm starkes Ultrasuede Microfiber Faux Leather wird aus hochwertigen Mikrofasermaterialien hergestellt und ist die perfekte Wahl f\u00fcr Fahrradhandschuhe. Es bietet ein ausgewogenes Verh\u00e4ltnis zwischen Flexibilit\u00e4t und St\u00e4rke, au\u00dfergew\u00f6hnliche Atmungsaktivit\u00e4t und feuchtigkeitsableitende Eigenschaften, damit die H\u00e4nde bei intensiven Fahrten k\u00fchl und trocken bleiben.<\/p>\n<p>Ob Sie nun ein professioneller Radfahrer oder ein Freizeitradler sind, Microfiber Leather bietet unschlagbaren Komfort und Schutz. Seine hohe Widerstandsf\u00e4higkeit gegen Abrieb und Risse sorgt f\u00fcr eine lang anhaltende Leistung, w\u00e4hrend das elegante Design einen raffinierten Touch zu jedem Biker-Ensemble hinzuf\u00fcgt.<\/p>\n<\/section>\n<section id=\"specifications\">\n<h2>Technische Parameter<\/h2>\n<p>Produkt-Spezifikation<\/p>\n<p><img decoding=\"async\" alt=\"0.7mm Ultrasuede Mikrofaser Kunstleder f\u00fcr Radsporthandschuhe - Materialspezifikation\" class=\"product-image\" src=\"\/wp-content\/uploads\/2025\/08\/07mm-ultrasuede-microfiber-faux-leather-for-cycling-gloves--37881.jpg\"\/><\/p>\n<h3>Produkt-Parameter<\/h3>\n<ul class=\"parameters-list\">\n<li><span class=\"param-name\">Material:<\/span> Mikrofaser + PU<\/li>\n<li><span class=\"param-name\">Farbe:<\/span> Schwarz, Grau, Beige (benutzerdefinierte Farben verf\u00fcgbar)<\/li>\n<li><span class=\"param-name\">Die Dicke:<\/span> 0,6 mm, 0,7 mm, 0,8 mm, 1 mm<\/li>\n<li><span class=\"param-name\">Mindestbestellmenge:<\/span> 300 laufende Meter<\/li>\n<li><span class=\"param-name\">L\u00e4nge der Rolle:<\/span> 20-30m\/Rolle<\/li>\n<li><span class=\"param-name\">Lieferzeiten:<\/span> 15-20 Tage<\/li>\n<li><span class=\"param-name\">Breite:<\/span> 54\u2033, 137cm<\/li>\n<li><span class=\"param-name\">Produktionskapazit\u00e4t:<\/span> 1.000.000 Meter monatlich<\/li>\n<\/ul>\n<\/section>\n<section id=\"features\">\n<h2>Produktmerkmale<\/h2>\n<div class=\"feature-item\">\n<img decoding=\"async\" alt=\"WasserdichtWasserdichtes Sofa Material Gro\u00dfh\u00e4ndlerPU Kunstleder Material ist eine ausgezeichnete Wahl f\u00fcr Sporttaschen\" class=\"feature-image left\" src=\"\/wp-content\/uploads\/2025\/08\/waterproof-pu-artificial-leather-material-for-sports-bags-37546.jpg\"\/><\/p>\n<h3>Wasserdicht <strong>Wasserdichtes Sofa Material Gro\u00dfh\u00e4ndler<\/strong> PU-Kunstledermaterial ist eine ausgezeichnete Wahl f\u00fcr Sporttaschen<\/h3>\n<p>Wasserdicht <strong>Wasserdichtes Sofa Material Gro\u00dfh\u00e4ndler<\/strong> Das Material PU-Kunstleder ist eine ausgezeichnete Wahl f\u00fcr Sporttaschen. Es <strong>Wasserdichtes Leder Material Service<\/strong> kombiniert die Strapazierf\u00e4higkeit und St\u00e4rke von echtem Leder mit den niedrigen Kosten und der einfachen Pflege von synthetischen Materialien.<\/p>\n<div class=\"clear\"><\/div>\n<\/div>\n<div class=\"feature-item\">\n<img decoding=\"async\" alt=\"Mit diesem wasserfesten Spray f\u00fcr Wildleder k\u00f6nnen Sportbegeisterte eine hochwertige Tasche genie\u00dfen, die der Abnutzung durch regelm\u00e4\u00dfigen Gebrauch standh\u00e4lt.\" class=\"feature-image left\" src=\"\/wp-content\/uploads\/2025\/08\/waterproof-pu-artificial-leather-material-for-sports-bags-37547.jpg\"\/><\/p>\n<h3>Diese <strong>Wildleder Impr\u00e4gnierspray<\/strong> bedeutet, dass Sportbegeisterte eine qualitativ hochwertige Tasche genie\u00dfen k\u00f6nnen, die der Abnutzung durch regelm\u00e4\u00dfigen Gebrauch standh\u00e4lt<\/h3>\n<p>Diese <strong>Wildleder Impr\u00e4gnierspray<\/strong> bedeutet, dass Sportbegeisterte eine hochwertige Tasche genie\u00dfen k\u00f6nnen, die den Verschlei\u00df der regelm\u00e4\u00dfigen Nutzung standhalten kann. Material PU Kunstleder Markenname WINIW Firma Fabrik Gro\u00dfhandel Kunstleder HerstellerDicke 0,6mm - 2mm Breite 54\u2033, 137cm Farbe Grau, Blau, Rosa, Schwarz, kundenspezifische Farben M OQ 1000 lineare Meter Vorlaufzeit 15-20 Tage Produktionskapazit\u00e4t 1.000.000 Meter monatlich Feature Anti-Schimmel, kratzfest, kein Peeling Herkunftsort China Customized Ja Anwendung Arten von Taschen<\/p>\n<div class=\"clear\"><\/div>\n<\/div>\n<div class=\"feature-item\">\n<img decoding=\"async\" alt=\"Hohe Rei\u00dffestigkeit - Ultrasuede Mikrofaser-Kunstleder f\u00fcr Fahrradhandschuhe\" class=\"feature-image left\" src=\"\/wp-content\/uploads\/2025\/08\/07mm-ultrasuede-microfiber-faux-leather-for-cycling-gloves--37882.jpg\"\/><\/p>\n<h3>Hohe Rei\u00dffestigkeit<\/h3>\n<p>Unser Ultrasuede-Mikrofaserleder zeichnet sich durch eine au\u00dfergew\u00f6hnliche Rei\u00dffestigkeit aus, so dass es unter Belastung nicht bricht oder sich leicht verformt. Dies macht es ideal f\u00fcr Produkte, die Haltbarkeit und langfristige Leistung erfordern.<\/p>\n<div class=\"clear\"><\/div>\n<\/div>\n<div class=\"feature-item\">\n<img decoding=\"async\" alt=\"Formstabilit\u00e4t - Ultrasuede Mikrofaser-Kunstleder f\u00fcr Fahrradhandschuhe\" class=\"feature-image right\" src=\"\/wp-content\/uploads\/2025\/08\/07mm-ultrasuede-microfiber-faux-leather-for-cycling-gloves--37883.jpg\"\/><\/p>\n<h3>Nicht leicht zu verformen<\/h3>\n<p>Dieses Material wurde speziell behandelt, um seine urspr\u00fcngliche Form zu erhalten, und bietet eine hervorragende Elastizit\u00e4t und Stabilit\u00e4t. Es widersteht Verformungen durch \u00e4u\u00dferen Druck oder Dehnung, so dass die Produkte langfristig intakt und attraktiv bleiben.<\/p>\n<div class=\"clear\"><\/div>\n<\/div>\n<div class=\"feature-item\">\n<img decoding=\"async\" alt=\"Strapazierf\u00e4higkeit - Ultrasuede Microfiber Faux Leather f\u00fcr Fahrradhandschuhe\" class=\"feature-image left\" src=\"\/wp-content\/uploads\/2025\/08\/07mm-ultrasuede-microfiber-faux-leather-for-cycling-gloves--37884.jpg\"\/><\/p>\n<h3>Dauerhaftigkeit<\/h3>\n<p>Dieses Material ist extrem widerstandsf\u00e4hig gegen Abrieb, Risse und Einstiche und sorgt daf\u00fcr, dass die Handschuhe auch bei l\u00e4ngerem Gebrauch in bestem Zustand bleiben. Au\u00dferdem bietet es eine hervorragende Fingerfertigkeit und Festigkeit f\u00fcr hochwertige Lederwaren.<\/p>\n<div class=\"clear\"><\/div>\n<\/div>\n<\/section>\n<section id=\"usage\">\n<h2>Verwendung und Anwendungen<\/h2>\n<p><img fetchpriority=\"high\" decoding=\"async\" alt=\"Wasserdichtes PU-Kunstleder Material f\u00fcr Sporttaschen Fabrik\" data-mce-file-size=\"NaN\" data-mce-file-status=\"1\" height=\"250\" src=\"\/wp-content\/uploads\/2025\/08\/waterproof-pu-artificial-leather-material-for-sports-bags-37548.jpg\" width=\"250\"\/><\/p>\n<div class=\"usage-point\">\n<h3>Dort <strong>Kleidungsst\u00fcck Leder Importiert<\/strong> Die Verwendung von wasserfestem PU-Kunstleder f\u00fcr Sporttaschen bietet mehrere Vorteile<\/h3>\n<p>Dort <strong>Kleidungsst\u00fcck Leder Importiert<\/strong> Die Verwendung von wasserfestem PU-Kunstleder f\u00fcr Sporttaschen hat mehrere Vorteile. Erstens ist es wasserdicht, was bedeutet, dass die Tasche bei jeder Wetterlage verwendet werden kann, ohne dass man sich Sorgen um Wassersch\u00e4den machen muss.<\/p>\n<\/div>\n<div class=\"usage-point\">\n<h3>Zweitens, <strong>Premium-Taschen aus veganem Leder<\/strong> es ist sehr leicht zu reinigen und daher ideal f\u00fcr Sporttaschen, die schnell verschmutzen<\/h3>\n<p>Zweitens, <strong>Premium-Taschen aus veganem Leder<\/strong> Es ist sehr leicht zu reinigen und daher ideal f\u00fcr Sporttaschen, die schnell schmutzig werden k\u00f6nnen. Drittens ist es sehr strapazierf\u00e4hig, was bedeutet, dass es den rauen Bedingungen bei sportlichen Aktivit\u00e4ten standhalten kann.<\/p>\n<\/div>\n<div class=\"usage-point\">\n<h3>Bequem und atmungsaktiv<\/h3>\n<p>Dieses weiche, bequeme und hoch atmungsaktive Material eignet sich perfekt f\u00fcr Fahrradhandschuhe und andere Produkte, die \u00fcber einen l\u00e4ngeren Zeitraum getragen werden. Es h\u00e4lt die H\u00e4nde bei anstrengenden Aktivit\u00e4ten k\u00fchl und trocken.<\/p>\n<\/div>\n<div class=\"usage-point\">\n<h3>Umweltvertr\u00e4glich und nachhaltig<\/h3>\n<p>Unser Ultrasuede-Mikrofaser-Kunstleder umfasst umweltfreundliche Optionen, wie z. B. Varianten aus recyceltem PET und Materialien auf Pflanzenbasis, die die Umweltbelastung verringern und gleichzeitig verschiedene Texturen bieten.<\/p>\n<\/div>\n<div class=\"usage-point\">\n<h3>Antibakterieller Schutz und Schutz vor Staub<\/h3>\n<p>Ausgew\u00e4hlte Varianten verf\u00fcgen \u00fcber antibakterielle und staubabweisende Eigenschaften und erf\u00fcllen hohe Hygienestandards - ideal f\u00fcr Handschuhe, die strenge Qualit\u00e4ts- und Sicherheitskontrollen erfordern.<\/p>\n<\/div>\n<div class=\"usage-point\">\n<h3>Vielf\u00e4ltige Anwendungsszenarien<\/h3>\n<p>Neben Fahrradhandschuhen eignet es sich auch f\u00fcr Fingerhandschuhe, Sicherheitshandschuhe und verschiedene andere Handschuhtypen sowie f\u00fcr Schuhe, Kleidung und Zubeh\u00f6r.<\/p>\n<\/div>\n<p><img decoding=\"async\" alt=\"Anwendungen von 0,7mm Ultrasuede Mikrofaser-Kunstleder in verschiedenen Produkten\" class=\"product-image\" src=\"\/wp-content\/uploads\/2025\/08\/07mm-ultrasuede-microfiber-faux-leather-for-cycling-gloves--37885.jpg\"\/><br \/>\n<img decoding=\"async\" alt=\"Radsporthandschuhe aus Ultrasuede-Mikrofaserleder - Produktbeispiel\" class=\"product-image\" src=\"\/wp-content\/uploads\/2025\/08\/07mm-ultrasuede-microfiber-faux-leather-for-cycling-gloves--37886.jpg\"\/><br \/>\n<\/section>\n<p><\/main><\/p>\n<section id=\"inquiry\">\n<h2 style=\"text-align: center;\">Mit freundlichen Gr\u00fc\u00dfen erwarten wir Ihre Anfrage!<\/h2>\n<p style=\"text-align: center;\">Kontaktieren Sie uns noch heute, um mehr \u00fcber unsere Produkte zu erfahren und Ihre Bestellung aufzugeben.<\/p>\n<\/section>\n\n    <div class=\"xs_social_share_widget xs_share_url after_content \t\tmain_content  wslu-style-1 wslu-share-box-shaped wslu-fill-colored wslu-none wslu-share-horizontal wslu-theme-font-no wslu-main_content\">\n\n\t\t\n        <ul>\n\t\t\t        <\/ul>\n    <\/div>","protected":false},"excerpt":{"rendered":"<div class=\"product-short-description\">Taschen Leder Wasserdichtes PU-Kunstleder Material f\u00fcr Sporttaschen WINIW Wasserdichtes PU-Kunstleder Material f\u00fcr Sporttaschen Hauptmerkmale sind Reiche Farben und Muster: PU-Leder kann eine Vielzahl von Mustern und Farben dr\u00fccken, um verschiedene Design-Bed\u00fcrfnisse zu erf\u00fcllen, mit einem stilvollen und sch\u00f6nen Aussehen, geringes Gewicht: PU-Leder ist leicht, weich in der Textur, einfach zu tragen und zu verwenden., Gute Formbest\u00e4ndigkeit und Stabilit\u00e4t: PU-Leder hat eine gute Formbest\u00e4ndigkeit und Stabilit\u00e4t, ist lange haltbar und verschlechtert sich nicht leicht, ideal f\u00fcr alle, die Qualit\u00e4t und Zuverl\u00e4ssigkeit suchen.<\/p>\n<p>Als direkte Fabrik, Hersteller und Gro\u00dfh\u00e4ndler k\u00f6nnen wir den Produktionsprozess streng kontrollieren, um die Produktqualit\u00e4t zu gew\u00e4hrleisten und Ihnen die g\u00fcnstigsten Preise zu bieten. Wir verf\u00fcgen \u00fcber fortschrittliche Produktionsanlagen und ein professionelles technisches Team, um Ihren Bedarf an Gro\u00dfauftr\u00e4gen zu decken und eine p\u00fcnktliche Lieferung zu gew\u00e4hrleisten.<\/p>\n<\/div>","protected":false},"featured_media":6007,"template":"","meta":[],"product_brand":[],"product_cat":[335],"product_tag":[],"class_list":{"0":"post-29766","1":"product","2":"type-product","3":"status-publish","4":"has-post-thumbnail","6":"product_cat-bags-leather","8":"first","9":"instock","10":"product-type-simple"},"_links":{"self":[{"href":"https:\/\/www.eco-leather.com\/de\/wp-json\/wp\/v2\/product\/29766","targetHints":{"allow":["GET"]}}],"collection":[{"href":"https:\/\/www.eco-leather.com\/de\/wp-json\/wp\/v2\/product"}],"about":[{"href":"https:\/\/www.eco-leather.com\/de\/wp-json\/wp\/v2\/types\/product"}],"wp:featuredmedia":[{"embeddable":true,"href":"https:\/\/www.eco-leather.com\/de\/wp-json\/wp\/v2\/media\/6007"}],"wp:attachment":[{"href":"https:\/\/www.eco-leather.com\/de\/wp-json\/wp\/v2\/media?parent=29766"}],"wp:term":[{"taxonomy":"product_brand","embeddable":true,"href":"https:\/\/www.eco-leather.com\/de\/wp-json\/wp\/v2\/product_brand?post=29766"},{"taxonomy":"product_cat","embeddable":true,"href":"https:\/\/www.eco-leather.com\/de\/wp-json\/wp\/v2\/product_cat?post=29766"},{"taxonomy":"product_tag","embeddable":true,"href":"https:\/\/www.eco-leather.com\/de\/wp-json\/wp\/v2\/product_tag?post=29766"}],"curies":[{"name":"wp","href":"https:\/\/api.w.org\/{rel}","templated":true}]}}