{"id":29729,"date":"2025-09-07T11:06:01","date_gmt":"2025-09-07T03:06:01","guid":{"rendered":"https:\/\/www.eco-leather.com\/product\/0-6mm-microsuede-suede-faux-leather-textile-material-for-safety-gloves\/"},"modified":"2025-09-07T11:06:06","modified_gmt":"2025-09-07T03:06:06","slug":"0-6-mm-microsuede-wildleder-kunstleder-textilmaterial-fur-sicherheitshandschuhe","status":"publish","type":"product","link":"https:\/\/www.eco-leather.com\/de\/0-6-mm-microsuede-wildleder-kunstleder-textilmaterial-fur-sicherheitshandschuhe\/","title":{"rendered":"0,6mm Microsuede Wildleder Kunstleder Textilmaterial f\u00fcr Sicherheitshandschuhe"},"content":{"rendered":"<h2>0,6mm Microsuede Wildleder Kunstleder Textilmaterial f\u00fcr Sicherheitshandschuhe Details<\/h2>\n<p><main><\/p>\n<section id=\"product-overview\">\n<h2>Beschreibung des Produkts<\/h2>\n<p>Produkt <strong>Materiall\u00f6sung f\u00fcr Autositze<\/strong> Beschreibung<\/p>\n<p>Unser 0,7 mm starkes Ultrasuede Microfiber Faux Leather wird aus hochwertigen Mikrofasermaterialien hergestellt und ist die perfekte Wahl f\u00fcr Fahrradhandschuhe. Es bietet ein ausgewogenes Verh\u00e4ltnis zwischen Flexibilit\u00e4t und St\u00e4rke, au\u00dfergew\u00f6hnliche Atmungsaktivit\u00e4t und feuchtigkeitsableitende Eigenschaften, damit die H\u00e4nde bei intensiven Fahrten k\u00fchl und trocken bleiben.<\/p>\n<p>Ob Sie nun ein professioneller Radfahrer oder ein Freizeitradler sind, Microfiber Leather bietet unschlagbaren Komfort und Schutz. Seine hohe Widerstandsf\u00e4higkeit gegen Abrieb und Risse sorgt f\u00fcr eine lang anhaltende Leistung, w\u00e4hrend das elegante Design einen raffinierten Touch zu jedem Biker-Ensemble hinzuf\u00fcgt.<\/p>\n<\/section>\n<section id=\"specifications\">\n<h2>Technische Parameter<\/h2>\n<ul class_=\"parameters-list\">\n<li><span class=\"param-name\">Parameter <strong>Kunstlederboxen China<\/strong> Material:<\/span> Mikrofaser + PU. Farbe: Schwarz, Grau, Beige. Dicke 0,6mm, 0,7mm, 0,8mm, 1mm.<\/li>\n<li><span class=\"param-name\">Mindestbestellmenge:<\/span> 300 laufende Meter. Rollenl\u00e4nge: 20-30m\/Rolle Lieferzeit: 15-20 Tage. Breite: 54, 137cm Produktionskapazit\u00e4t: 1.000.000 Meter monatlich.<\/li>\n<\/ul>\n<p><img decoding=\"async\" alt=\"0.7mm Ultrasuede Mikrofaser Kunstleder f\u00fcr Radsporthandschuhe - Materialspezifikation\" class=\"product-image\" src=\"\/wp-content\/uploads\/2025\/08\/07mm-ultrasuede-microfiber-faux-leather-for-cycling-gloves--37881.jpg\"\/><\/p>\n<h3>Produkt-Parameter<\/h3>\n<ul class=\"parameters-list\">\n<li><span class=\"param-name\">Material:<\/span> Mikrofaser + PU<\/li>\n<li><span class=\"param-name\">Farbe:<\/span> Schwarz, Grau, Beige (benutzerdefinierte Farben verf\u00fcgbar)<\/li>\n<li><span class=\"param-name\">Die Dicke:<\/span> 0,6 mm, 0,7 mm, 0,8 mm, 1 mm<\/li>\n<li><span class=\"param-name\">Mindestbestellmenge:<\/span> 300 laufende Meter<\/li>\n<li><span class=\"param-name\">L\u00e4nge der Rolle:<\/span> 20-30m\/Rolle<\/li>\n<li><span class=\"param-name\">Lieferzeiten:<\/span> 15-20 Tage<\/li>\n<li><span class=\"param-name\">Breite:<\/span> 54\u2033, 137cm<\/li>\n<li><span class=\"param-name\">Produktionskapazit\u00e4t:<\/span> 1.000.000 Meter monatlich<\/li>\n<\/ul>\n<\/section>\n<section id=\"features\">\n<h2>Produktmerkmale<\/h2>\n<div class=\"feature-item\">\n<img decoding=\"async\" alt=\"CraftedWaterproof Leather Material ServiceAus den feinsten und modernsten Materialien gefertigt, bietet unser Microsuede-Wildleder-Kunstleder unvergleichliche St\u00e4rke und Schutz\" class=\"feature-image left\" src=\"\/wp-content\/uploads\/2025\/08\/06mm-microsuede-suede-faux-leather-textile-material-for-safety-gloves-37237.jpg\"\/><\/p>\n<h3>Gekonnt <strong>Wasserdichtes Leder Material Service<\/strong> Aus den feinsten und fortschrittlichsten Materialien gefertigt, bietet unser Microsuede-Wildleder-Kunstleder unvergleichliche St\u00e4rke und Schutz<\/h3>\n<p>Gekonnt <strong>Wasserdichtes Leder Material Service<\/strong> Aus den feinsten und fortschrittlichsten Materialien gefertigt, bietet unser Microsuede-Wildleder-Kunstleder unvergleichliche St\u00e4rke und Schutz. Mit einer Dicke von 0,6 mm ist dieses Material perfekt f\u00fcr Handschuhe, die Robustheit und Strapazierf\u00e4higkeit erfordern.<\/p>\n<div class=\"clear\"><\/div>\n<\/div>\n<div class=\"feature-item\">\n<img decoding=\"async\" alt=\"Sie k\u00f6nnen sich darauf verlassen, dass er Ihre H\u00e4nde vor gef\u00e4hrlichen Materialien, scharfen Gegenst\u00e4nden und sch\u00e4dlichen Chemikalien sch\u00fctzt.\" class=\"feature-image left\" src=\"\/wp-content\/uploads\/2025\/08\/06mm-microsuede-suede-faux-leather-textile-material-for-safety-gloves-37238.jpg\"\/><\/p>\n<h3>Sie k\u00f6nnen sich darauf verlassen, dass er Ihre H\u00e4nde vor gef\u00e4hrlichen Materialien, scharfen Gegenst\u00e4nden und sch\u00e4dlichen Chemikalien sch\u00fctzt.<\/h3>\n<p>Sie k\u00f6nnen sich darauf verlassen, dass er Ihre H\u00e4nde vor gef\u00e4hrlichen Materialien, scharfen Gegenst\u00e4nden und sch\u00e4dlichen Chemikalien sch\u00fctzt. Eine <strong>Wasserdichtes Kunstleder Anpassen<\/strong> Einzigartig an diesem Material ist seine weiche, luxuri\u00f6se Textur, die zu seiner Gesamt\u00e4sthetik beitr\u00e4gt.<\/p>\n<div class=\"clear\"><\/div>\n<\/div>\n<div class=\"feature-item\">\n<img decoding=\"async\" alt=\"Das Microsuede-Wildleder-Kunstleder ist perfekt f\u00fcr Sicherheitshandschuhe, die sowohl Funktionalit\u00e4t als auch Stil erfordern\" class=\"feature-image left\" src=\"\/wp-content\/uploads\/2025\/08\/06mm-microsuede-suede-faux-leather-textile-material-for-safety-gloves-37239.jpg\"\/><\/p>\n<h3>Das Microsuede-Wildleder-Kunstleder ist perfekt f\u00fcr Sicherheitshandschuhe, die sowohl Funktionalit\u00e4t als auch Stil erfordern<\/h3>\n<p>Das Microsuede-Wildleder-Kunstleder ist perfekt f\u00fcr Sicherheitshandschuhe, die sowohl Funktionalit\u00e4t als auch Stil erfordern. Ganz gleich, ob Sie in einer gef\u00e4hrlichen Umgebung arbeiten oder an Outdoor-Aktivit\u00e4ten teilnehmen, unser Material sorgt daf\u00fcr, dass Sie gut aussehen und sich gut f\u00fchlen.<\/p>\n<div class=\"clear\"><\/div>\n<\/div>\n<div class=\"feature-item\">\n<img decoding=\"async\" alt=\"InWaterproof Leather Fabric OdmhsalsAbschluss, der 0\" class=\"feature-image left\" src=\"\/wp-content\/uploads\/2025\/08\/06mm-microsuede-suede-faux-leather-textile-material-for-safety-gloves-37240.jpg\"\/><\/p>\n<h3>Unter <strong>Wasserdichtes Leder Stoff Odmhsas<\/strong> Schlussfolgerung, die 0<\/h3>\n<p>Unter <strong>Wasserdichtes Leder Stoff Odmhsas<\/strong> Abschlie\u00dfend l\u00e4sst sich sagen, dass das 0,6mm Microsuede Suede Faux Leather Textile Material f\u00fcr Sicherheitshandschuhe eine hervorragende Wahl f\u00fcr jeden ist, der Schutzhandschuhe ben\u00f6tigt.<\/p>\n<div class=\"clear\"><\/div>\n<\/div>\n<div class=\"feature-item\">\n<img decoding=\"async\" alt=\"Das Material bietet eine unglaubliche Festigkeit, Komfort und Stil, was es zu einem erstklassigen Produkt macht, das Ihre Erwartungen erf\u00fcllen und \u00fcbertreffen wird.\" class=\"feature-image left\" src=\"\/wp-content\/uploads\/2025\/08\/06mm-microsuede-suede-faux-leather-textile-material-for-safety-gloves-37241.jpg\"\/><\/p>\n<h3>Das Material bietet eine unglaubliche Festigkeit, Komfort und Stil, was es zu einem erstklassigen Produkt macht, das Ihre Erwartungen erf\u00fcllen und \u00fcbertreffen wird.<\/h3>\n<p>Das Material bietet unglaubliche Festigkeit, Komfort und Stil, was es zu einem erstklassigen Produkt macht, das Ihre Erwartungen erf\u00fcllt und \u00fcbertrifft. Investieren Sie noch heute in unsere und genie\u00dfen Sie die Vorteile f\u00fcr die kommenden Jahre!<\/p>\n<div class=\"clear\"><\/div>\n<\/div>\n<div class=\"feature-item\">\n<img decoding=\"async\" alt=\"Hohe Rei\u00dffestigkeit - Ultrasuede Mikrofaser-Kunstleder f\u00fcr Fahrradhandschuhe\" class=\"feature-image left\" src=\"\/wp-content\/uploads\/2025\/08\/07mm-ultrasuede-microfiber-faux-leather-for-cycling-gloves--37882.jpg\"\/><\/p>\n<h3>Hohe Rei\u00dffestigkeit<\/h3>\n<p>Unser Ultrasuede-Mikrofaserleder zeichnet sich durch eine au\u00dfergew\u00f6hnliche Rei\u00dffestigkeit aus, so dass es unter Belastung nicht bricht oder sich leicht verformt. Dies macht es ideal f\u00fcr Produkte, die Haltbarkeit und langfristige Leistung erfordern.<\/p>\n<div class=\"clear\"><\/div>\n<\/div>\n<div class=\"feature-item\">\n<img decoding=\"async\" alt=\"Formstabilit\u00e4t - Ultrasuede Mikrofaser-Kunstleder f\u00fcr Fahrradhandschuhe\" class=\"feature-image right\" src=\"\/wp-content\/uploads\/2025\/08\/07mm-ultrasuede-microfiber-faux-leather-for-cycling-gloves--37883.jpg\"\/><\/p>\n<h3>Nicht leicht zu verformen<\/h3>\n<p>Dieses Material wurde speziell behandelt, um seine urspr\u00fcngliche Form zu erhalten, und bietet eine hervorragende Elastizit\u00e4t und Stabilit\u00e4t. Es widersteht Verformungen durch \u00e4u\u00dferen Druck oder Dehnung, so dass die Produkte langfristig intakt und attraktiv bleiben.<\/p>\n<div class=\"clear\"><\/div>\n<\/div>\n<div class=\"feature-item\">\n<img decoding=\"async\" alt=\"Strapazierf\u00e4higkeit - Ultrasuede Microfiber Faux Leather f\u00fcr Fahrradhandschuhe\" class=\"feature-image left\" src=\"\/wp-content\/uploads\/2025\/08\/07mm-ultrasuede-microfiber-faux-leather-for-cycling-gloves--37884.jpg\"\/><\/p>\n<h3>Dauerhaftigkeit<\/h3>\n<p>Dieses Material ist extrem widerstandsf\u00e4hig gegen Abrieb, Risse und Einstiche und sorgt daf\u00fcr, dass die Handschuhe auch bei l\u00e4ngerem Gebrauch in bestem Zustand bleiben. Au\u00dferdem bietet es eine hervorragende Fingerfertigkeit und Festigkeit f\u00fcr hochwertige Lederwaren.<\/p>\n<div class=\"clear\"><\/div>\n<\/div>\n<\/section>\n<section id=\"why-choose-us\">\n<h2>Warum WINIW w\u00e4hlen<\/h2>\n<div class=\"advantage-item\">\n<h3>Wir stellen unser neuestes Produkt vor - die 0<\/h3>\n<p>Wir stellen Ihnen unser neuestes Produkt vor - das 0,6 mm Microsuede Wildlederimitat-Textilmaterial f\u00fcr Sicherheitshandschuhe! Wir freuen uns, Ihnen ein hochwertiges, langlebiges und hochfunktionales Material anbieten zu k\u00f6nnen, das sich perfekt f\u00fcr eine breite Palette von Sicherheitshandschuhen eignet.<\/p>\n<\/div>\n<div class=\"advantage-item\">\n<h3>Unser Microsuede-Wildleder-Kunstleder ist au\u00dferdem leicht zu reinigen und zu pflegen, was es auf lange Sicht zu einer zuverl\u00e4ssigen und kosteng\u00fcnstigen Wahl macht<\/h3>\n<p>Unser Microsuede-Wildleder-Kunstleder ist au\u00dferdem leicht zu reinigen und zu pflegen, was es auf lange Sicht zu einer zuverl\u00e4ssigen und kosteng\u00fcnstigen Wahl macht. Sie m\u00fcssen sich keine Sorgen \u00fcber Abnutzung machen, denn es beh\u00e4lt seine Qualit\u00e4t auch nach mehreren W\u00e4schen.<\/p>\n<\/div>\n<div class=\"advantage-item\">\n<h3>Qualit\u00e4tssicherung<\/h3>\n<p>Wir f\u00fchren w\u00e4hrend der gesamten Produktions- und Lieferkette strenge Qualit\u00e4tskontrollen durch und halten uns an die ISO9001-Normen. Von der Auswahl der Rohstoffe bis zur Endkontrolle stehen die Interessen unserer Kunden an erster Stelle.<\/p>\n<\/div>\n<div class=\"advantage-item\">\n<h3>Professionelles technisches Team<\/h3>\n<p>Unser spezialisiertes technisches Team besteht aus erfahrenen Fachleuten aus verschiedenen Bereichen, die sich der Lieferung hochwertiger Produkte und ma\u00dfgeschneiderter L\u00f6sungen verschrieben haben.<\/p>\n<\/div>\n<div class=\"advantage-item\">\n<h3>Breite Palette von Anwendungen<\/h3>\n<p>Unsere Materialien finden breite Anwendung in Schuhen, Kleidung, Gep\u00e4ck, Autoinnenr\u00e4umen, Sofam\u00f6beln und vielem mehr.<\/p>\n<\/div>\n<div class=\"advantage-item\">\n<h3>Reiche Erfahrung<\/h3>\n<p>Quanzhou WINIW Import &amp; Export Co, Ltd. verf\u00fcgt \u00fcber mehr als 20 Jahre Produktionserfahrung und bietet perfekte L\u00f6sungen f\u00fcr Kunden weltweit.<\/p>\n<\/div>\n<div class=\"advantage-item\">\n<h3>Erschwinglicher Preis<\/h3>\n<p>Wir bieten wettbewerbsf\u00e4hige Preise und einen hervorragenden Kundenservice. Fordern Sie einen Katalog an oder besuchen Sie unser Werk, um unsere Produkte kennenzulernen.<\/p>\n<\/div>\n<div class=\"advantage-item\">\n<h3>24-Stunden-Online-Kundendienst<\/h3>\n<p>Unser Team steht rund um die Uhr zur Verf\u00fcgung, um Anfragen zu beantworten und R\u00fcckmeldungen zeitnah zu bearbeiten.<\/p>\n<\/div>\n<p><img decoding=\"async\" alt=\"WINIW Produktionsst\u00e4tte - Herstellungsprozess von Ultrasuede-Mikrofaserleder\" class=\"product-image\" src=\"\/wp-content\/uploads\/2025\/08\/07mm-ultrasuede-microfiber-faux-leather-for-cycling-gloves--37888.jpg\"\/><br \/>\n<\/section>\n<p><\/main><\/p>\n<section id=\"inquiry\">\n<h2 style=\"text-align: center;\">Mit freundlichen Gr\u00fc\u00dfen erwarten wir Ihre Anfrage!<\/h2>\n<p style=\"text-align: center;\">Kontaktieren Sie uns noch heute, um mehr \u00fcber unsere Produkte zu erfahren und Ihre Bestellung aufzugeben.<\/p>\n<\/section>\n\n    <div class=\"xs_social_share_widget xs_share_url after_content \t\tmain_content  wslu-style-1 wslu-share-box-shaped wslu-fill-colored wslu-none wslu-share-horizontal wslu-theme-font-no wslu-main_content\">\n\n\t\t\n        <ul>\n\t\t\t        <\/ul>\n    <\/div>","protected":false},"excerpt":{"rendered":"<div class=\"product-short-description\">Handschuhe Leder 0.6mm Microsuede Wildleder Kunstleder Textil Material f\u00fcr Sicherheitshandschuhe WINIW 0.6mm Microsuede Wildleder Kunstleder Textil Material f\u00fcr Sicherheitshandschuhe Key Features include.Ideal f\u00fcr diejenigen, die Qualit\u00e4t und Zuverl\u00e4ssigkeit.<\/p>\n<p>Als direkte Fabrik, Hersteller und Gro\u00dfh\u00e4ndler k\u00f6nnen wir den Produktionsprozess streng kontrollieren, um die Produktqualit\u00e4t zu gew\u00e4hrleisten und Ihnen die g\u00fcnstigsten Preise zu bieten. Wir verf\u00fcgen \u00fcber fortschrittliche Produktionsanlagen und ein professionelles technisches Team, um Ihren Bedarf an Gro\u00dfauftr\u00e4gen zu decken und eine p\u00fcnktliche Lieferung zu gew\u00e4hrleisten.<\/p>\n<\/div>","protected":false},"featured_media":5933,"template":"","meta":[],"product_brand":[],"product_cat":[308],"product_tag":[19327],"class_list":{"0":"post-29729","1":"product","2":"type-product","3":"status-publish","4":"has-post-thumbnail","6":"product_cat-gloves-leather","7":"product_tag-faux-leather-bikinifaux-leather-binfaux-leather-binderfaux-leather-bootfaux-leather-briefcasefaux-leather-chaise","9":"first","10":"instock","11":"product-type-simple"},"_links":{"self":[{"href":"https:\/\/www.eco-leather.com\/de\/wp-json\/wp\/v2\/product\/29729","targetHints":{"allow":["GET"]}}],"collection":[{"href":"https:\/\/www.eco-leather.com\/de\/wp-json\/wp\/v2\/product"}],"about":[{"href":"https:\/\/www.eco-leather.com\/de\/wp-json\/wp\/v2\/types\/product"}],"wp:featuredmedia":[{"embeddable":true,"href":"https:\/\/www.eco-leather.com\/de\/wp-json\/wp\/v2\/media\/5933"}],"wp:attachment":[{"href":"https:\/\/www.eco-leather.com\/de\/wp-json\/wp\/v2\/media?parent=29729"}],"wp:term":[{"taxonomy":"product_brand","embeddable":true,"href":"https:\/\/www.eco-leather.com\/de\/wp-json\/wp\/v2\/product_brand?post=29729"},{"taxonomy":"product_cat","embeddable":true,"href":"https:\/\/www.eco-leather.com\/de\/wp-json\/wp\/v2\/product_cat?post=29729"},{"taxonomy":"product_tag","embeddable":true,"href":"https:\/\/www.eco-leather.com\/de\/wp-json\/wp\/v2\/product_tag?post=29729"}],"curies":[{"name":"wp","href":"https:\/\/api.w.org\/{rel}","templated":true}]}}