{"id":29599,"date":"2025-09-07T11:04:58","date_gmt":"2025-09-07T03:04:58","guid":{"rendered":"https:\/\/www.eco-leather.com\/product\/0-4mm-suitability-making-car-washcloth-artificial-chamois-leather-material\/"},"modified":"2025-09-07T11:04:59","modified_gmt":"2025-09-07T03:04:59","slug":"0-4mm-suitability-making-car-washcloth-artificial-chamois-leather-material","status":"publish","type":"product","link":"https:\/\/www.eco-leather.com\/de\/0-4mm-suitability-making-car-washcloth-artificial-chamois-leather-material\/","title":{"rendered":"0,4mm Eignung Auto Waschlappen Kunstleder Material Chamois"},"content":{"rendered":"<h2>0.4mm Suitability Making Car Washcloth Artificial Chamois Leather Material manufacture<\/h2>\n<p><main><\/p>\n<section id=\"product-overview\">\n<h2>Beschreibung des Produkts<\/h2>\n<p>Produkt <strong>Autositz Material Unternehmen<\/strong> Beschreibung<\/p>\n<p>Unser 0,7 mm starkes Ultrasuede Microfiber Faux Leather wird aus hochwertigen Mikrofasermaterialien hergestellt und ist die perfekte Wahl f\u00fcr Fahrradhandschuhe. Es bietet ein ausgewogenes Verh\u00e4ltnis zwischen Flexibilit\u00e4t und St\u00e4rke, au\u00dfergew\u00f6hnliche Atmungsaktivit\u00e4t und feuchtigkeitsableitende Eigenschaften, damit die H\u00e4nde bei intensiven Fahrten k\u00fchl und trocken bleiben.<\/p>\n<p>Ob Sie nun ein professioneller Radfahrer oder ein Freizeitradler sind, Microfiber Leather bietet unschlagbaren Komfort und Schutz. Seine hohe Widerstandsf\u00e4higkeit gegen Abrieb und Risse sorgt f\u00fcr eine lang anhaltende Leistung, w\u00e4hrend das elegante Design einen raffinierten Touch zu jedem Biker-Ensemble hinzuf\u00fcgt.<\/p>\n<\/section>\n<section id=\"specifications\">\n<h2>Technische Parameter<\/h2>\n<ul class_=\"parameters-list\">\n<li><span class=\"param-name\">Parameter <strong>Kunstlederboxen China<\/strong> Material:<\/span> Fensterleder Mikrofaser. Farbe: wei\u00df, blau, rosa, kundenspezifische Farben. Dicke 0,2-0,6mm Mindestbestellmenge: 300 laufende Meter.<\/li>\n<li><span class=\"param-name\">L\u00e4nge der Rolle:<\/span> 20-30m\/Rolle Lieferzeit: 15-20 Tage. Breite: 54 , 137cm Produktionskapazit\u00e4t: 1.000.000 Meter monatlich.<\/li>\n<\/ul>\n<p><img decoding=\"async\" alt=\"0.7mm Ultrasuede Mikrofaser Kunstleder f\u00fcr Radsporthandschuhe - Materialspezifikation\" class=\"product-image\" src=\"\/wp-content\/uploads\/2025\/08\/07mm-ultrasuede-microfiber-faux-leather-for-cycling-gloves--37881.jpg\"\/><\/p>\n<h3>Produkt-Parameter<\/h3>\n<ul class=\"parameters-list\">\n<li><span class=\"param-name\">Material:<\/span> Mikrofaser + PU<\/li>\n<li><span class=\"param-name\">Farbe:<\/span> Schwarz, Grau, Beige (benutzerdefinierte Farben verf\u00fcgbar)<\/li>\n<li><span class=\"param-name\">Die Dicke:<\/span> 0,6 mm, 0,7 mm, 0,8 mm, 1 mm<\/li>\n<li><span class=\"param-name\">Mindestbestellmenge:<\/span> 300 laufende Meter<\/li>\n<li><span class=\"param-name\">L\u00e4nge der Rolle:<\/span> 20-30m\/Rolle<\/li>\n<li><span class=\"param-name\">Lieferzeiten:<\/span> 15-20 Tage<\/li>\n<li><span class=\"param-name\">Breite:<\/span> 54\u2033, 137cm<\/li>\n<li><span class=\"param-name\">Produktionskapazit\u00e4t:<\/span> 1.000.000 Meter monatlich<\/li>\n<\/ul>\n<\/section>\n<section id=\"usage\">\n<h2>Verwendung und Anwendungen<\/h2>\n<p><img fetchpriority=\"high\" decoding=\"async\" alt=\"0.4mm Suitability Making Car Washcloth Artificial Chamois Leather Material manufacture\" height=\"350\" src=\"\/wp-content\/uploads\/2025\/08\/04mm-suitability-making-car-washcloth-artificial-chamois-leather-material-35934.jpg\" width=\"350\"\/><\/p>\n<div class=\"usage-point\">\n<h3>Unter <strong>Sofa Samt Material Gro\u00dfh\u00e4ndler<\/strong> just 0<\/h3>\n<p>Unter <strong>Sofa Samt Material Gro\u00dfh\u00e4ndler<\/strong> just 0.4mm thick, this car washcloth is incredibly lightweight and easy to use. It&#8217;s <strong>Second Hand Ledertaschen<\/strong> designed to be highly absorbent, so you can use it to quickly and efficiently dry your car without leaving any streaks or water spots behind.<\/p>\n<\/div>\n<div class=\"usage-point\">\n<h3>Gemacht <strong>Kleidungsst\u00fcck Leder Importiert<\/strong> from superior quality artificial chamois leather material, this car washcloth is durable and long-lasting, ensuring it will provide you with reliable use time after time<\/h3>\n<p>Gemacht <strong>Kleidungsst\u00fcck Leder Importiert<\/strong> from superior quality artificial chamois leather material, this car washcloth is durable and long-lasting, ensuring it will provide you with reliable use time after time.<\/p>\n<\/div>\n<div class=\"usage-point\">\n<h3>It&#8217;s also incredibly soft and gentle on your car&#8217;s paintwork, so you don&#8217;t have to worry about causing any damage or scratches<\/h3>\n<p>It&#8217;s also incredibly soft and gentle on your car&#8217;s paintwork, so you don&#8217;t have to worry about causing any damage or scratches. In addition, this car washcloth is machine washable and easy to care for, so you can easily keep it clean and ready for use whenever you need it.<\/p>\n<\/div>\n<div class=\"usage-point\">\n<h3>Bequem und atmungsaktiv<\/h3>\n<p>Dieses weiche, bequeme und hoch atmungsaktive Material eignet sich perfekt f\u00fcr Fahrradhandschuhe und andere Produkte, die \u00fcber einen l\u00e4ngeren Zeitraum getragen werden. Es h\u00e4lt die H\u00e4nde bei anstrengenden Aktivit\u00e4ten k\u00fchl und trocken.<\/p>\n<\/div>\n<div class=\"usage-point\">\n<h3>Umweltvertr\u00e4glich und nachhaltig<\/h3>\n<p>Unser Ultrasuede-Mikrofaser-Kunstleder umfasst umweltfreundliche Optionen, wie z. B. Varianten aus recyceltem PET und Materialien auf Pflanzenbasis, die die Umweltbelastung verringern und gleichzeitig verschiedene Texturen bieten.<\/p>\n<\/div>\n<div class=\"usage-point\">\n<h3>Antibakterieller Schutz und Schutz vor Staub<\/h3>\n<p>Ausgew\u00e4hlte Varianten verf\u00fcgen \u00fcber antibakterielle und staubabweisende Eigenschaften und erf\u00fcllen hohe Hygienestandards - ideal f\u00fcr Handschuhe, die strenge Qualit\u00e4ts- und Sicherheitskontrollen erfordern.<\/p>\n<\/div>\n<div class=\"usage-point\">\n<h3>Vielf\u00e4ltige Anwendungsszenarien<\/h3>\n<p>Neben Fahrradhandschuhen eignet es sich auch f\u00fcr Fingerhandschuhe, Sicherheitshandschuhe und verschiedene andere Handschuhtypen sowie f\u00fcr Schuhe, Kleidung und Zubeh\u00f6r.<\/p>\n<\/div>\n<p><img decoding=\"async\" alt=\"Anwendungen von 0,7mm Ultrasuede Mikrofaser-Kunstleder in verschiedenen Produkten\" class=\"product-image\" src=\"\/wp-content\/uploads\/2025\/08\/07mm-ultrasuede-microfiber-faux-leather-for-cycling-gloves--37885.jpg\"\/><br \/>\n<img decoding=\"async\" alt=\"Radsporthandschuhe aus Ultrasuede-Mikrofaserleder - Produktbeispiel\" class=\"product-image\" src=\"\/wp-content\/uploads\/2025\/08\/07mm-ultrasuede-microfiber-faux-leather-for-cycling-gloves--37886.jpg\"\/><br \/>\n<\/section>\n<section id=\"why-choose-us\">\n<h2>Warum WINIW w\u00e4hlen<\/h2>\n<div class=\"advantage-item\">\n<h3>Unser Vorteil<\/h3>\n<p>Introducing our high-quality artificial chamois leather material car washcloth, perfect for all your car cleaning needs!<\/p>\n<\/div>\n<div class=\"advantage-item\">\n<h3>Overall, if you&#8217;re looking for a high-quality car washcloth that provides great results every time, look no further than our artificial chamois leather material car washcloth<\/h3>\n<p>Overall, if you&#8217;re looking for a high-quality car washcloth that provides great results every time, look no further than our artificial chamois leather material car washcloth. It&#8217;s the perfect choice for all your car cleaning needs!<\/p>\n<\/div>\n<div class=\"advantage-item\">\n<h3>Qualit\u00e4tssicherung<\/h3>\n<p>Wir f\u00fchren w\u00e4hrend der gesamten Produktions- und Lieferkette strenge Qualit\u00e4tskontrollen durch und halten uns an die ISO9001-Normen. Von der Auswahl der Rohstoffe bis zur Endkontrolle stehen die Interessen unserer Kunden an erster Stelle.<\/p>\n<\/div>\n<div class=\"advantage-item\">\n<h3>Professionelles technisches Team<\/h3>\n<p>Unser spezialisiertes technisches Team besteht aus erfahrenen Fachleuten aus verschiedenen Bereichen, die sich der Lieferung hochwertiger Produkte und ma\u00dfgeschneiderter L\u00f6sungen verschrieben haben.<\/p>\n<\/div>\n<div class=\"advantage-item\">\n<h3>Breite Palette von Anwendungen<\/h3>\n<p>Unsere Materialien finden breite Anwendung in Schuhen, Kleidung, Gep\u00e4ck, Autoinnenr\u00e4umen, Sofam\u00f6beln und vielem mehr.<\/p>\n<\/div>\n<div class=\"advantage-item\">\n<h3>Reiche Erfahrung<\/h3>\n<p>Quanzhou WINIW Import &amp; Export Co, Ltd. verf\u00fcgt \u00fcber mehr als 20 Jahre Produktionserfahrung und bietet perfekte L\u00f6sungen f\u00fcr Kunden weltweit.<\/p>\n<\/div>\n<div class=\"advantage-item\">\n<h3>Erschwinglicher Preis<\/h3>\n<p>Wir bieten wettbewerbsf\u00e4hige Preise und einen hervorragenden Kundenservice. Fordern Sie einen Katalog an oder besuchen Sie unser Werk, um unsere Produkte kennenzulernen.<\/p>\n<\/div>\n<div class=\"advantage-item\">\n<h3>24-Stunden-Online-Kundendienst<\/h3>\n<p>Unser Team steht rund um die Uhr zur Verf\u00fcgung, um Anfragen zu beantworten und R\u00fcckmeldungen zeitnah zu bearbeiten.<\/p>\n<\/div>\n<p><img decoding=\"async\" alt=\"WINIW Produktionsst\u00e4tte - Herstellungsprozess von Ultrasuede-Mikrofaserleder\" class=\"product-image\" src=\"\/wp-content\/uploads\/2025\/08\/07mm-ultrasuede-microfiber-faux-leather-for-cycling-gloves--37888.jpg\"\/><br \/>\n<\/section>\n<p><\/main><\/p>\n<section id=\"inquiry\">\n<h2 style=\"text-align: center;\">Mit freundlichen Gr\u00fc\u00dfen erwarten wir Ihre Anfrage!<\/h2>\n<p style=\"text-align: center;\">Kontaktieren Sie uns noch heute, um mehr \u00fcber unsere Produkte zu erfahren und Ihre Bestellung aufzugeben.<\/p>\n<\/section>\n\n    <div class=\"xs_social_share_widget xs_share_url after_content \t\tmain_content  wslu-style-1 wslu-share-box-shaped wslu-fill-colored wslu-none wslu-share-horizontal wslu-theme-font-no wslu-main_content\">\n\n\t\t\n        <ul>\n\t\t\t        <\/ul>\n    <\/div>","protected":false},"excerpt":{"rendered":"<div class=\"product-short-description\">Cleaning Wipe Microfiber (Synthetic Chamois) 0.4mm Suitability Making Car Washcloth Artificial Chamois Leather Material WINIW 0.4mm Suitability Making Car Washcloth Artificial Chamois Leather Material Key features include.Ideal for those seeking quality and reliability.<\/p>\n<p>Als direkte Fabrik, Hersteller und Gro\u00dfh\u00e4ndler k\u00f6nnen wir den Produktionsprozess streng kontrollieren, um die Produktqualit\u00e4t zu gew\u00e4hrleisten und Ihnen die g\u00fcnstigsten Preise zu bieten. Wir verf\u00fcgen \u00fcber fortschrittliche Produktionsanlagen und ein professionelles technisches Team, um Ihren Bedarf an Gro\u00dfauftr\u00e4gen zu decken und eine p\u00fcnktliche Lieferung zu gew\u00e4hrleisten.<\/p>\n<\/div>","protected":false},"featured_media":5544,"template":"","meta":[],"product_brand":[],"product_cat":[291],"product_tag":[],"class_list":{"0":"post-29599","1":"product","2":"type-product","3":"status-publish","4":"has-post-thumbnail","6":"product_cat-cleaning-wipe-microfiber-synthetic-chamois","8":"first","9":"instock","10":"product-type-simple"},"_links":{"self":[{"href":"https:\/\/www.eco-leather.com\/de\/wp-json\/wp\/v2\/product\/29599","targetHints":{"allow":["GET"]}}],"collection":[{"href":"https:\/\/www.eco-leather.com\/de\/wp-json\/wp\/v2\/product"}],"about":[{"href":"https:\/\/www.eco-leather.com\/de\/wp-json\/wp\/v2\/types\/product"}],"wp:featuredmedia":[{"embeddable":true,"href":"https:\/\/www.eco-leather.com\/de\/wp-json\/wp\/v2\/media\/5544"}],"wp:attachment":[{"href":"https:\/\/www.eco-leather.com\/de\/wp-json\/wp\/v2\/media?parent=29599"}],"wp:term":[{"taxonomy":"product_brand","embeddable":true,"href":"https:\/\/www.eco-leather.com\/de\/wp-json\/wp\/v2\/product_brand?post=29599"},{"taxonomy":"product_cat","embeddable":true,"href":"https:\/\/www.eco-leather.com\/de\/wp-json\/wp\/v2\/product_cat?post=29599"},{"taxonomy":"product_tag","embeddable":true,"href":"https:\/\/www.eco-leather.com\/de\/wp-json\/wp\/v2\/product_tag?post=29599"}],"curies":[{"name":"wp","href":"https:\/\/api.w.org\/{rel}","templated":true}]}}