{"id":29543,"date":"2025-09-07T11:04:27","date_gmt":"2025-09-07T03:04:27","guid":{"rendered":"https:\/\/www.eco-leather.com\/product\/0-8mm-environmentally-friendly-making-clothes-pu-microfiber-leather-material\/"},"modified":"2025-09-07T11:04:29","modified_gmt":"2025-09-07T03:04:29","slug":"0-8mm-umweltfreundliche-herstellung-von-kleidung-pu-mikrofaser-leder-material","status":"publish","type":"product","link":"https:\/\/www.eco-leather.com\/de\/0-8mm-umweltfreundliche-herstellung-von-kleidung-pu-mikrofaser-leder-material\/","title":{"rendered":"0.8mm Umweltfreundliche Herstellung von Kleidung Pu Mikrofaser Leder Material"},"content":{"rendered":"<h2>0.8mm Umweltfreundliche Herstellung von Kleidung PU Mikrofaser Leder Material Lieferant<\/h2>\n<p><main><\/p>\n<section id=\"product-overview\">\n<h2>Beschreibung des Produkts<\/h2>\n<p>Produkt <strong>Ledermaterialhersteller<\/strong> Beschreibung<\/p>\n<p>Unter <strong>Kunstlederboxen China<\/strong> Das Herzst\u00fcck seiner Attraktivit\u00e4t liegt in seiner Umweltfreundlichkeit. Das Material wird mit einer fortschrittlichen Technologie hergestellt, die Abf\u00e4lle und sch\u00e4dliche Emissionen auf ein Minimum reduziert und so den CO2-Fu\u00dfabdruck, der mit der traditionellen Lederproduktion verbunden ist, erheblich verringert.<\/p>\n<p>Es ist ein Beweis f\u00fcr unser Engagement, die nat\u00fcrlichen Ressourcen unseres Planeten zu erhalten und eine gr\u00fcnere, nachhaltigere Zukunft f\u00fcr die Mode zu f\u00f6rdern. Erleben Sie den Luxus nachhaltiger Mode mit unserem 0,8 mm umweltfreundlichen PU-Mikrofaser-Ledermaterial f\u00fcr Kleidung.<\/p>\n<p>Freuen Sie sich auf eine Zukunft, in der Stil und Nachhaltigkeit Hand in Hand gehen, und setzen Sie mit jedem Outfit ein Zeichen.<\/p>\n<p>Unser 0,7 mm starkes Ultrasuede Microfiber Faux Leather wird aus hochwertigen Mikrofasermaterialien hergestellt und ist die perfekte Wahl f\u00fcr Fahrradhandschuhe. Es bietet ein ausgewogenes Verh\u00e4ltnis zwischen Flexibilit\u00e4t und St\u00e4rke, au\u00dfergew\u00f6hnliche Atmungsaktivit\u00e4t und feuchtigkeitsableitende Eigenschaften, damit die H\u00e4nde bei intensiven Fahrten k\u00fchl und trocken bleiben.<\/p>\n<p>Ob Sie nun ein professioneller Radfahrer oder ein Freizeitradler sind, Microfiber Leather bietet unschlagbaren Komfort und Schutz. Seine hohe Widerstandsf\u00e4higkeit gegen Abrieb und Risse sorgt f\u00fcr eine lang anhaltende Leistung, w\u00e4hrend das elegante Design einen raffinierten Touch zu jedem Biker-Ensemble hinzuf\u00fcgt.<\/p>\n<\/section>\n<section id=\"specifications\">\n<h2>Technische Parameter<\/h2>\n<ul class_=\"parameters-list\">\n<li><span class=\"param-name\">Parameter <strong>Kleidungsst\u00fcck Leder Importiert<\/strong> Material:<\/span> Mikrofaser Leder. Farbe: wei\u00df, blau, rosa, kundenspezifische Farben. Dicke 0,6-2,0mm Mindestbestellmenge: 300 laufende Meter.<\/li>\n<li><span class=\"param-name\">L\u00e4nge der Rolle:<\/span> 20-30m\/Rolle Lieferzeit: 15-20 Tage. Breite: 54 , 137cm Produktionskapazit\u00e4t: 1.000.000 Meter monatlich.<\/li>\n<\/ul>\n<p><img decoding=\"async\" alt=\"0.7mm Ultrasuede Mikrofaser Kunstleder f\u00fcr Radsporthandschuhe - Materialspezifikation\" class=\"product-image\" src=\"\/wp-content\/uploads\/2025\/08\/07mm-ultrasuede-microfiber-faux-leather-for-cycling-gloves--37881.jpg\"\/><\/p>\n<h3>Produkt-Parameter<\/h3>\n<ul class=\"parameters-list\">\n<li><span class=\"param-name\">Material:<\/span> Mikrofaser + PU<\/li>\n<li><span class=\"param-name\">Farbe:<\/span> Schwarz, Grau, Beige (benutzerdefinierte Farben verf\u00fcgbar)<\/li>\n<li><span class=\"param-name\">Die Dicke:<\/span> 0,6 mm, 0,7 mm, 0,8 mm, 1 mm<\/li>\n<li><span class=\"param-name\">Mindestbestellmenge:<\/span> 300 laufende Meter<\/li>\n<li><span class=\"param-name\">L\u00e4nge der Rolle:<\/span> 20-30m\/Rolle<\/li>\n<li><span class=\"param-name\">Lieferzeiten:<\/span> 15-20 Tage<\/li>\n<li><span class=\"param-name\">Breite:<\/span> 54\u2033, 137cm<\/li>\n<li><span class=\"param-name\">Produktionskapazit\u00e4t:<\/span> 1.000.000 Meter monatlich<\/li>\n<\/ul>\n<\/section>\n<section id=\"features\">\n<h2>Produktmerkmale<\/h2>\n<div class=\"feature-item\">\n<img decoding=\"async\" alt=\"Mit wasserfestem Ledermaterial und einer Dicke von 0\" class=\"feature-image left\" src=\"\/wp-content\/uploads\/2025\/08\/super-leather-feeling-vegan-leather-for-making-garment-material679-35390.jpg\"\/><\/p>\n<h3>Angeberei <strong>Wasserdichtes Leder Material Service<\/strong> einer Dicke von 0<\/h3>\n<p>Angeberei <strong>Wasserdichtes Leder Material Service<\/strong> Mit einer Dicke von 0,8 mm gew\u00e4hrleistet unser PU-Mikrofaserleder nicht nur Haltbarkeit und Widerstandsf\u00e4higkeit, sondern bietet auch einen weichen, geschmeidigen Griff, der mit herk\u00f6mmlichem Leder mithalten kann, ohne die Umwelt zu belasten.<\/p>\n<div class=\"clear\"><\/div>\n<\/div>\n<div class=\"feature-item\">\n<img decoding=\"async\" alt=\"Es ist so konzipiert, dass es den Strapazen des t\u00e4glichen Gebrauchs standh\u00e4lt und dabei sein elegantes Aussehen und sein luxuri\u00f6ses Gef\u00fchl bewahrt.\" class=\"feature-image left\" src=\"\/wp-content\/uploads\/2025\/08\/super-leather-feeling-vegan-leather-for-making-garment-material679-35391.jpg\"\/><\/p>\n<h3>Es ist so konzipiert, dass es den Strapazen des t\u00e4glichen Gebrauchs standh\u00e4lt und dabei sein elegantes Aussehen und sein luxuri\u00f6ses Gef\u00fchl bewahrt.<\/h3>\n<p>Es ist so konzipiert, dass es den Strapazen des t\u00e4glichen Gebrauchs standh\u00e4lt und dabei sein elegantes Aussehen und seine luxuri\u00f6se Haptik bewahrt. Vielseitig <strong>Wasserdichtes Leder Stoff Odmhsas<\/strong> Unser 0,8 mm starkes PU-Mikrofaserleder ist die perfekte Wahl f\u00fcr eine Vielzahl von Bekleidungsanwendungen, von eleganten Jacken und trendigen Handtaschen bis hin zu anspruchsvollen Schuhen und schicken Accessoires.<\/p>\n<div class=\"clear\"><\/div>\n<\/div>\n<div class=\"feature-item\">\n<img decoding=\"async\" class=\"feature-image left\" src=\"\/wp-content\/uploads\/2025\/08\/super-leather-feeling-vegan-leather-for-making-garment-material679-35392.jpg\">\" alt=\"Seine glatte Oberfl\u00e4che und tadellose Haltbarkeit machen es zu einem idealen Ersatz f\u00fcr tierisches Leder und sprechen sowohl umweltbewusste Verbraucher als auch Modefans an\"&gt;.<\/p>\n<h3>Seine glatte Oberfl\u00e4che und tadellose Haltbarkeit machen es zu einem idealen Ersatz f\u00fcr Leder tierischen Ursprungs und sprechen sowohl umweltbewusste Verbraucher als auch Modefans an.<\/h3>\n<p>Seine glatte Oberfl\u00e4che und tadellose Haltbarkeit machen es zu einem idealen Ersatz f\u00fcr Leder tierischer Herkunft und sprechen sowohl umweltbewusste Verbraucher als auch Modebegeisterte an.<\/p>\n<div class=\"clear\"><\/div>\n<p><\/img><\/div>\n<div class=\"feature-item\">\n<img decoding=\"async\" alt=\"Hohe Rei\u00dffestigkeit - Ultrasuede Mikrofaser-Kunstleder f\u00fcr Fahrradhandschuhe\" class=\"feature-image left\" src=\"\/wp-content\/uploads\/2025\/08\/07mm-ultrasuede-microfiber-faux-leather-for-cycling-gloves--37882.jpg\"\/><\/p>\n<h3>Hohe Rei\u00dffestigkeit<\/h3>\n<p>Unser Ultrasuede-Mikrofaserleder zeichnet sich durch eine au\u00dfergew\u00f6hnliche Rei\u00dffestigkeit aus, so dass es unter Belastung nicht bricht oder sich leicht verformt. Dies macht es ideal f\u00fcr Produkte, die Haltbarkeit und langfristige Leistung erfordern.<\/p>\n<div class=\"clear\"><\/div>\n<\/div>\n<div class=\"feature-item\">\n<img decoding=\"async\" alt=\"Formstabilit\u00e4t - Ultrasuede Mikrofaser-Kunstleder f\u00fcr Fahrradhandschuhe\" class=\"feature-image right\" src=\"\/wp-content\/uploads\/2025\/08\/07mm-ultrasuede-microfiber-faux-leather-for-cycling-gloves--37883.jpg\"\/><\/p>\n<h3>Nicht leicht zu verformen<\/h3>\n<p>Dieses Material wurde speziell behandelt, um seine urspr\u00fcngliche Form zu erhalten, und bietet eine hervorragende Elastizit\u00e4t und Stabilit\u00e4t. Es widersteht Verformungen durch \u00e4u\u00dferen Druck oder Dehnung, so dass die Produkte langfristig intakt und attraktiv bleiben.<\/p>\n<div class=\"clear\"><\/div>\n<\/div>\n<div class=\"feature-item\">\n<img decoding=\"async\" alt=\"Strapazierf\u00e4higkeit - Ultrasuede Microfiber Faux Leather f\u00fcr Fahrradhandschuhe\" class=\"feature-image left\" src=\"\/wp-content\/uploads\/2025\/08\/07mm-ultrasuede-microfiber-faux-leather-for-cycling-gloves--37884.jpg\"\/><\/p>\n<h3>Dauerhaftigkeit<\/h3>\n<p>Dieses Material ist extrem widerstandsf\u00e4hig gegen Abrieb, Risse und Einstiche und sorgt daf\u00fcr, dass die Handschuhe auch bei l\u00e4ngerem Gebrauch in bestem Zustand bleiben. Au\u00dferdem bietet es eine hervorragende Fingerfertigkeit und Festigkeit f\u00fcr hochwertige Lederwaren.<\/p>\n<div class=\"clear\"><\/div>\n<\/div>\n<\/section>\n<section id=\"why-choose-us\">\n<h2>Warum WINIW w\u00e4hlen<\/h2>\n<div class=\"advantage-item\">\n<h3>Wir stellen unser Premium 0<\/h3>\n<p>Wir stellen Ihnen unser hochwertiges 0,8 mm starkes umweltfreundliches PU-Mikrofaser-Ledermaterial f\u00fcr die Bekleidungsherstellung vor, eine revolution\u00e4re Innovation in der Welt der nachhaltigen Mode. Mit viel Liebe zum Detail und einem unerm\u00fcdlichen Engagement f\u00fcr Umweltbewusstsein hergestellt, repr\u00e4sentiert dieses Material die Zukunft der hochwertigen, umweltfreundlichen Bekleidungsproduktion.<\/p>\n<\/div>\n<div class=\"advantage-item\">\n<h3>Qualit\u00e4tssicherung<\/h3>\n<p>Wir f\u00fchren w\u00e4hrend der gesamten Produktions- und Lieferkette strenge Qualit\u00e4tskontrollen durch und halten uns an die ISO9001-Normen. Von der Auswahl der Rohstoffe bis zur Endkontrolle stehen die Interessen unserer Kunden an erster Stelle.<\/p>\n<\/div>\n<div class=\"advantage-item\">\n<h3>Professionelles technisches Team<\/h3>\n<p>Unser spezialisiertes technisches Team besteht aus erfahrenen Fachleuten aus verschiedenen Bereichen, die sich der Lieferung hochwertiger Produkte und ma\u00dfgeschneiderter L\u00f6sungen verschrieben haben.<\/p>\n<\/div>\n<div class=\"advantage-item\">\n<h3>Breite Palette von Anwendungen<\/h3>\n<p>Unsere Materialien finden breite Anwendung in Schuhen, Kleidung, Gep\u00e4ck, Autoinnenr\u00e4umen, Sofam\u00f6beln und vielem mehr.<\/p>\n<\/div>\n<div class=\"advantage-item\">\n<h3>Reiche Erfahrung<\/h3>\n<p>Quanzhou WINIW Import &amp; Export Co, Ltd. verf\u00fcgt \u00fcber mehr als 20 Jahre Produktionserfahrung und bietet perfekte L\u00f6sungen f\u00fcr Kunden weltweit.<\/p>\n<\/div>\n<div class=\"advantage-item\">\n<h3>Erschwinglicher Preis<\/h3>\n<p>Wir bieten wettbewerbsf\u00e4hige Preise und einen hervorragenden Kundenservice. Fordern Sie einen Katalog an oder besuchen Sie unser Werk, um unsere Produkte kennenzulernen.<\/p>\n<\/div>\n<div class=\"advantage-item\">\n<h3>24-Stunden-Online-Kundendienst<\/h3>\n<p>Unser Team steht rund um die Uhr zur Verf\u00fcgung, um Anfragen zu beantworten und R\u00fcckmeldungen zeitnah zu bearbeiten.<\/p>\n<\/div>\n<p><img decoding=\"async\" alt=\"WINIW Produktionsst\u00e4tte - Herstellungsprozess von Ultrasuede-Mikrofaserleder\" class=\"product-image\" src=\"\/wp-content\/uploads\/2025\/08\/07mm-ultrasuede-microfiber-faux-leather-for-cycling-gloves--37888.jpg\"\/><br \/>\n<\/section>\n<p><\/main><\/p>\n<section id=\"inquiry\">\n<h2 style=\"text-align: center;\">Mit freundlichen Gr\u00fc\u00dfen erwarten wir Ihre Anfrage!<\/h2>\n<p style=\"text-align: center;\">Kontaktieren Sie uns noch heute, um mehr \u00fcber unsere Produkte zu erfahren und Ihre Bestellung aufzugeben.<\/p>\n<\/section>\n\n    <div class=\"xs_social_share_widget xs_share_url after_content \t\tmain_content  wslu-style-1 wslu-share-box-shaped wslu-fill-colored wslu-none wslu-share-horizontal wslu-theme-font-no wslu-main_content\">\n\n\t\t\n        <ul>\n\t\t\t        <\/ul>\n    <\/div>","protected":false},"excerpt":{"rendered":"<div class=\"product-short-description\">Garments Leather 0.8mm Umweltfreundliche Herstellung von Kleidung Pu Microfiber Leather Material WINIW 0.8mm Umweltfreundliche Herstellung von Kleidung Pu Microfiber Leather Material Key features include.Ideal f\u00fcr diejenigen, die Qualit\u00e4t und Zuverl\u00e4ssigkeit.<\/p>\n<p>Als direkte Fabrik, Hersteller und Gro\u00dfh\u00e4ndler k\u00f6nnen wir den Produktionsprozess streng kontrollieren, um die Produktqualit\u00e4t zu gew\u00e4hrleisten und Ihnen die g\u00fcnstigsten Preise zu bieten. Wir verf\u00fcgen \u00fcber fortschrittliche Produktionsanlagen und ein professionelles technisches Team, um Ihren Bedarf an Gro\u00dfauftr\u00e4gen zu decken und eine p\u00fcnktliche Lieferung zu gew\u00e4hrleisten.<\/p>\n<\/div>","protected":false},"featured_media":5390,"template":"","meta":[],"product_brand":[],"product_cat":[180],"product_tag":[],"class_list":{"0":"post-29543","1":"product","2":"type-product","3":"status-publish","4":"has-post-thumbnail","6":"product_cat-garments-leather","8":"first","9":"instock","10":"product-type-simple"},"_links":{"self":[{"href":"https:\/\/www.eco-leather.com\/de\/wp-json\/wp\/v2\/product\/29543","targetHints":{"allow":["GET"]}}],"collection":[{"href":"https:\/\/www.eco-leather.com\/de\/wp-json\/wp\/v2\/product"}],"about":[{"href":"https:\/\/www.eco-leather.com\/de\/wp-json\/wp\/v2\/types\/product"}],"wp:featuredmedia":[{"embeddable":true,"href":"https:\/\/www.eco-leather.com\/de\/wp-json\/wp\/v2\/media\/5390"}],"wp:attachment":[{"href":"https:\/\/www.eco-leather.com\/de\/wp-json\/wp\/v2\/media?parent=29543"}],"wp:term":[{"taxonomy":"product_brand","embeddable":true,"href":"https:\/\/www.eco-leather.com\/de\/wp-json\/wp\/v2\/product_brand?post=29543"},{"taxonomy":"product_cat","embeddable":true,"href":"https:\/\/www.eco-leather.com\/de\/wp-json\/wp\/v2\/product_cat?post=29543"},{"taxonomy":"product_tag","embeddable":true,"href":"https:\/\/www.eco-leather.com\/de\/wp-json\/wp\/v2\/product_tag?post=29543"}],"curies":[{"name":"wp","href":"https:\/\/api.w.org\/{rel}","templated":true}]}}