{"id":29513,"date":"2025-09-07T11:04:07","date_gmt":"2025-09-07T03:04:07","guid":{"rendered":"https:\/\/www.eco-leather.com\/product\/anti-mildew-and-yellow-synthetic-leather-cloth-for-sofa\/"},"modified":"2025-09-07T11:04:12","modified_gmt":"2025-09-07T03:04:12","slug":"schimmelresistenter-und-gelber-kunstledertuch-fur-sofa","status":"publish","type":"product","link":"https:\/\/www.eco-leather.com\/de\/schimmelresistenter-und-gelber-kunstledertuch-fur-sofa\/","title":{"rendered":"Anti-Schimmel und Gelb Kunstleder Stoff f\u00fcr Sofa"},"content":{"rendered":"<h2>Hochwertiges Material - Bekleidungsleder Importiert<\/h2>\n<p><main><\/p>\n<section id=\"product-overview\">\n<h2>Beschreibung des Produkts<\/h2>\n<p>Schnell <strong>Synthetisches Leder f\u00fcr B\u00e4lle<\/strong> Einzelheiten: Beschreibung:<\/p>\n<p>Unter <strong>Automobil LederSitze Service Hund<\/strong> Zus\u00e4tzlich zu seinen funktionalen Vorteilen ist der Anti-Schimmel und Gelbe Kunstlederstoff f\u00fcr Sofa auch eine stilvolle und vielseitige Option f\u00fcr Ihr Zuhause.<\/p>\n<p>Es ist in einer Reihe von Farben und Strukturen erh\u00e4ltlich, so dass es sich leicht mit verschiedenen Einrichtungsstilen und Vorlieben kombinieren l\u00e4sst. Ob Sie einen klassischen oder modernen Look bevorzugen, dieses Material ist die perfekte Wahl f\u00fcr Ihr Sofa.<\/p>\n<p>Unser 0,7 mm starkes Ultrasuede Microfiber Faux Leather wird aus hochwertigen Mikrofasermaterialien hergestellt und ist die perfekte Wahl f\u00fcr Fahrradhandschuhe. Es bietet ein ausgewogenes Verh\u00e4ltnis zwischen Flexibilit\u00e4t und St\u00e4rke, au\u00dfergew\u00f6hnliche Atmungsaktivit\u00e4t und feuchtigkeitsableitende Eigenschaften, damit die H\u00e4nde bei intensiven Fahrten k\u00fchl und trocken bleiben.<\/p>\n<p>Ob Sie nun ein professioneller Radfahrer oder ein Freizeitradler sind, Microfiber Leather bietet unschlagbaren Komfort und Schutz. Seine hohe Widerstandsf\u00e4higkeit gegen Abrieb und Risse sorgt f\u00fcr eine lang anhaltende Leistung, w\u00e4hrend das elegante Design einen raffinierten Touch zu jedem Biker-Ensemble hinzuf\u00fcgt.<\/p>\n<\/section>\n<section id=\"features\">\n<h2>Produktmerkmale<\/h2>\n<div class=\"feature-item\">\n<img decoding=\"async\" alt=\"OneWaterproof Faux Leathermander besten Eigenschaften des Anti-Schimmel Und Gelb Synthetisches Leder Tuch F\u00fcr Sofa ist seine F\u00e4higkeit, Schimmel zu widerstehen\" class=\"feature-image left\" src=\"\/wp-content\/uploads\/2025\/08\/anti-mildew-and-yellow-synthetic-leather-cloth-for-sofa-35112.png\"\/><\/p>\n<h3>Eine <strong>Wasserdichtes Faux Leatherman<\/strong> Eines der besten Merkmale des Anti-Schimmel und Gelb Kunstleder Stoff f\u00fcr Sofa ist seine F\u00e4higkeit, Schimmel zu widerstehen<\/h3>\n<p>Eine <strong>Wasserdichtes Faux Leatherman<\/strong> Eine der besten Eigenschaften des Antischimmel- und gelben Kunstledertuchs f\u00fcr Sofas ist seine F\u00e4higkeit, Schimmel zu widerstehen. Schimmel ist ein h\u00e4ufiges Problem in feuchten Gebieten, das einen unangenehmen Geruch und Verf\u00e4rbungen auf Ihren M\u00f6beln verursachen kann.<\/p>\n<div class=\"clear\"><\/div>\n<\/div>\n<div class=\"feature-item\">\n<img decoding=\"async\" alt=\"Dieses Material ist speziell behandelt, um Schimmelbildung zu verhindern, so dass Ihr Sofa immer frisch aussieht und riecht.\" class=\"feature-image left\" src=\"\/wp-content\/uploads\/2025\/08\/anti-mildew-and-yellow-synthetic-leather-cloth-for-sofa-35113.png\"\/><\/p>\n<h3>Dieses Material ist speziell behandelt, um Schimmelbildung zu verhindern, so dass Ihr Sofa immer frisch aussieht und riecht.<\/h3>\n<p>Dieses Material ist speziell behandelt, um Schimmelbildung zu verhindern, damit Ihr Sofa immer frisch aussieht und riecht. Eine weitere gro\u00dfartige Eigenschaft dieses Kunstleders ist seine Vergilbungsbest\u00e4ndigkeit.<\/p>\n<div class=\"clear\"><\/div>\n<\/div>\n<div class=\"feature-item\">\n<img decoding=\"async\" alt=\"Mit der Zeit kann nat\u00fcrliches Leder vergilben und sich verf\u00e4rben, insbesondere wenn es Sonnenlicht und Luft ausgesetzt ist.\" class=\"feature-image left\" src=\"\/wp-content\/uploads\/2025\/08\/anti-mildew-and-yellow-synthetic-leather-cloth-for-sofa-35114.png\"\/><\/p>\n<h3>Mit der Zeit kann nat\u00fcrliches Leder vergilben und sich verf\u00e4rben, insbesondere wenn es Sonnenlicht und Luft ausgesetzt ist.<\/h3>\n<p>Mit der Zeit kann nat\u00fcrliches Leder vergilben und sich verf\u00e4rben, vor allem wenn es Sonnenlicht und Luft ausgesetzt ist. Das Anti-Schimmel und Gelbe Kunstledertuch f\u00fcr Sofa ist so konzipiert, dass es diesen Faktoren standh\u00e4lt und daf\u00fcr sorgt, dass Ihr Sofa seine urspr\u00fcngliche Farbe und sein Aussehen \u00fcber Jahre hinweg beibeh\u00e4lt.<\/p>\n<div class=\"clear\"><\/div>\n<\/div>\n<div class=\"feature-item\">\n<img decoding=\"async\" alt=\"Hohe Rei\u00dffestigkeit - Ultrasuede Mikrofaser-Kunstleder f\u00fcr Fahrradhandschuhe\" class=\"feature-image left\" src=\"\/wp-content\/uploads\/2025\/08\/07mm-ultrasuede-microfiber-faux-leather-for-cycling-gloves--37882.jpg\"\/><\/p>\n<h3>Hohe Rei\u00dffestigkeit<\/h3>\n<p>Unser Ultrasuede-Mikrofaserleder zeichnet sich durch eine au\u00dfergew\u00f6hnliche Rei\u00dffestigkeit aus, so dass es unter Belastung nicht bricht oder sich leicht verformt. Dies macht es ideal f\u00fcr Produkte, die Haltbarkeit und langfristige Leistung erfordern.<\/p>\n<div class=\"clear\"><\/div>\n<\/div>\n<div class=\"feature-item\">\n<img decoding=\"async\" alt=\"Formstabilit\u00e4t - Ultrasuede Mikrofaser-Kunstleder f\u00fcr Fahrradhandschuhe\" class=\"feature-image right\" src=\"\/wp-content\/uploads\/2025\/08\/07mm-ultrasuede-microfiber-faux-leather-for-cycling-gloves--37883.jpg\"\/><\/p>\n<h3>Nicht leicht zu verformen<\/h3>\n<p>Dieses Material wurde speziell behandelt, um seine urspr\u00fcngliche Form zu erhalten, und bietet eine hervorragende Elastizit\u00e4t und Stabilit\u00e4t. Es widersteht Verformungen durch \u00e4u\u00dferen Druck oder Dehnung, so dass die Produkte langfristig intakt und attraktiv bleiben.<\/p>\n<div class=\"clear\"><\/div>\n<\/div>\n<div class=\"feature-item\">\n<img decoding=\"async\" alt=\"Strapazierf\u00e4higkeit - Ultrasuede Microfiber Faux Leather f\u00fcr Fahrradhandschuhe\" class=\"feature-image left\" src=\"\/wp-content\/uploads\/2025\/08\/07mm-ultrasuede-microfiber-faux-leather-for-cycling-gloves--37884.jpg\"\/><\/p>\n<h3>Dauerhaftigkeit<\/h3>\n<p>Dieses Material ist extrem widerstandsf\u00e4hig gegen Abrieb, Risse und Einstiche und sorgt daf\u00fcr, dass die Handschuhe auch bei l\u00e4ngerem Gebrauch in bestem Zustand bleiben. Au\u00dferdem bietet es eine hervorragende Fingerfertigkeit und Festigkeit f\u00fcr hochwertige Lederwaren.<\/p>\n<div class=\"clear\"><\/div>\n<\/div>\n<\/section>\n<section id=\"usage\">\n<h2>Verwendung und Anwendungen<\/h2>\n<p><img decoding=\"async\" _src=\"\/wp-content\/uploads\/2025\/08\/anti-mildew-and-yellow-synthetic-leather-cloth-for-sofa-35111.png\" alt=\"Hochwertiges Material - Bekleidungsleder Importiert\" src=\"\/wp-content\/uploads\/2025\/08\/anti-mildew-and-yellow-synthetic-leather-cloth-for-sofa-35111.png\"\/><\/p>\n<div class=\"usage-point\">\n<h3>Die <strong>Kleidungsst\u00fcck Leder Importiert<\/strong> Anti-Schimmel und gelber Kunstlederstoff f\u00fcr Sofa ist eine komfortable und stilvolle Option f\u00fcr Ihren Lebensraum<\/h3>\n<p>Die <strong>Kleidungsst\u00fcck Leder Importiert<\/strong> Anti-Schimmel und Gelb Kunstleder Stoff f\u00fcr Sofa ist entworfen, um eine komfortable und stilvolle Option f\u00fcr Ihren Lebensraum zu bieten. Es hat eine glatte und weiche Textur, die perfekt zum Entspannen und Faulenzen auf Ihrer Couch ist.<\/p>\n<\/div>\n<div class=\"usage-point\">\n<h3>Das Material ist feuchtigkeitsbest\u00e4ndig und daher ideal f\u00fcr Haushalte mit Haustieren und Kindern geeignet.<\/h3>\n<p>Das Material ist feuchtigkeitsbest\u00e4ndig und eignet sich daher ideal f\u00fcr Haushalte mit Haustieren und Kindern.<\/p>\n<\/div>\n<div class=\"usage-point\">\n<h3>Bequem und atmungsaktiv<\/h3>\n<p>Dieses weiche, bequeme und hoch atmungsaktive Material eignet sich perfekt f\u00fcr Fahrradhandschuhe und andere Produkte, die \u00fcber einen l\u00e4ngeren Zeitraum getragen werden. Es h\u00e4lt die H\u00e4nde bei anstrengenden Aktivit\u00e4ten k\u00fchl und trocken.<\/p>\n<\/div>\n<div class=\"usage-point\">\n<h3>Umweltvertr\u00e4glich und nachhaltig<\/h3>\n<p>Unser Ultrasuede-Mikrofaser-Kunstleder umfasst umweltfreundliche Optionen, wie z. B. Varianten aus recyceltem PET und Materialien auf Pflanzenbasis, die die Umweltbelastung verringern und gleichzeitig verschiedene Texturen bieten.<\/p>\n<\/div>\n<div class=\"usage-point\">\n<h3>Antibakterieller Schutz und Schutz vor Staub<\/h3>\n<p>Ausgew\u00e4hlte Varianten verf\u00fcgen \u00fcber antibakterielle und staubabweisende Eigenschaften und erf\u00fcllen hohe Hygienestandards - ideal f\u00fcr Handschuhe, die strenge Qualit\u00e4ts- und Sicherheitskontrollen erfordern.<\/p>\n<\/div>\n<div class=\"usage-point\">\n<h3>Vielf\u00e4ltige Anwendungsszenarien<\/h3>\n<p>Neben Fahrradhandschuhen eignet es sich auch f\u00fcr Fingerhandschuhe, Sicherheitshandschuhe und verschiedene andere Handschuhtypen sowie f\u00fcr Schuhe, Kleidung und Zubeh\u00f6r.<\/p>\n<\/div>\n<p><img decoding=\"async\" alt=\"Anwendungen von 0,7mm Ultrasuede Mikrofaser-Kunstleder in verschiedenen Produkten\" class=\"product-image\" src=\"\/wp-content\/uploads\/2025\/08\/07mm-ultrasuede-microfiber-faux-leather-for-cycling-gloves--37885.jpg\"\/><br \/>\n<img decoding=\"async\" alt=\"Radsporthandschuhe aus Ultrasuede-Mikrofaserleder - Produktbeispiel\" class=\"product-image\" src=\"\/wp-content\/uploads\/2025\/08\/07mm-ultrasuede-microfiber-faux-leather-for-cycling-gloves--37886.jpg\"\/><br \/>\n<\/section>\n<section id=\"why-choose-us\">\n<h2>Warum WINIW w\u00e4hlen<\/h2>\n<div class=\"advantage-item\">\n<h3>Anti-Schimmel und gelber Kunstlederbezug f\u00fcr Sofa ist die ideale Wahl f\u00fcr alle, die einen langlebigen und attraktiven Sofabezug w\u00fcnschen<\/h3>\n<p>Der schimmelresistente und gelbe Kunstlederbezug f\u00fcr Sofas ist die ideale Wahl f\u00fcr alle, die sich einen langlebigen und attraktiven Sofabezug w\u00fcnschen. Dieses innovative Material wurde entwickelt, um dem Wachstum von Schimmel zu widerstehen und zu verhindern, dass der Stoff mit der Zeit gelb wird. Die schimmelhemmenden und vergilbenden Eigenschaften machen diesen Stoff perfekt f\u00fcr Sofas, die in feuchten und nassen Umgebungen stehen. Dieser Kunstlederstoff ist leicht zu reinigen und zu pflegen, so dass Ihr Sofa auch nach Jahren noch gut aussieht. Mit seinen langlebigen und zuverl\u00e4ssigen Eigenschaften ist der schimmelresistente und gelbe Kunstlederstoff eine hervorragende Investition, die sowohl Komfort als auch Stil bietet. W\u00e4hlen Sie dieses Material f\u00fcr Ihr Sofa und werten Sie die \u00c4sthetik Ihres Zuhauses m\u00fchelos auf!<\/p>\n<\/div>\n<div class=\"advantage-item\">\n<h3>Anti-Schimmel und gelbes Kunstleder f\u00fcr Sofas ist ein hochwertiges Material, das sich perfekt f\u00fcr diejenigen eignet, die nach einer haltbaren und langlebigen Option f\u00fcr ihre Sofas suchen.<\/h3>\n<p>Anti-Schimmel und gelbes Kunstleder f\u00fcr Sofas ist ein hochwertiges Material, das sich perfekt f\u00fcr diejenigen eignet, die nach einer haltbaren und langlebigen Option f\u00fcr ihre Sofas suchen. Dieses Kunstleder wurde speziell entwickelt, um Schimmelbildung und Vergilbung zu verhindern, was es zu einer zuverl\u00e4ssigen und stressfreien Wahl f\u00fcr Ihr Zuhause macht.<\/p>\n<\/div>\n<div class=\"advantage-item\">\n<h3>Qualit\u00e4tssicherung<\/h3>\n<p>Wir f\u00fchren w\u00e4hrend der gesamten Produktions- und Lieferkette strenge Qualit\u00e4tskontrollen durch und halten uns an die ISO9001-Normen. Von der Auswahl der Rohstoffe bis zur Endkontrolle stehen die Interessen unserer Kunden an erster Stelle.<\/p>\n<\/div>\n<div class=\"advantage-item\">\n<h3>Professionelles technisches Team<\/h3>\n<p>Unser spezialisiertes technisches Team besteht aus erfahrenen Fachleuten aus verschiedenen Bereichen, die sich der Lieferung hochwertiger Produkte und ma\u00dfgeschneiderter L\u00f6sungen verschrieben haben.<\/p>\n<\/div>\n<div class=\"advantage-item\">\n<h3>Breite Palette von Anwendungen<\/h3>\n<p>Unsere Materialien finden breite Anwendung in Schuhen, Kleidung, Gep\u00e4ck, Autoinnenr\u00e4umen, Sofam\u00f6beln und vielem mehr.<\/p>\n<\/div>\n<div class=\"advantage-item\">\n<h3>Reiche Erfahrung<\/h3>\n<p>Quanzhou WINIW Import &amp; Export Co, Ltd. verf\u00fcgt \u00fcber mehr als 20 Jahre Produktionserfahrung und bietet perfekte L\u00f6sungen f\u00fcr Kunden weltweit.<\/p>\n<\/div>\n<div class=\"advantage-item\">\n<h3>Erschwinglicher Preis<\/h3>\n<p>Wir bieten wettbewerbsf\u00e4hige Preise und einen hervorragenden Kundenservice. Fordern Sie einen Katalog an oder besuchen Sie unser Werk, um unsere Produkte kennenzulernen.<\/p>\n<\/div>\n<div class=\"advantage-item\">\n<h3>24-Stunden-Online-Kundendienst<\/h3>\n<p>Unser Team steht rund um die Uhr zur Verf\u00fcgung, um Anfragen zu beantworten und R\u00fcckmeldungen zeitnah zu bearbeiten.<\/p>\n<\/div>\n<p><img decoding=\"async\" alt=\"WINIW Produktionsst\u00e4tte - Herstellungsprozess von Ultrasuede-Mikrofaserleder\" class=\"product-image\" src=\"\/wp-content\/uploads\/2025\/08\/07mm-ultrasuede-microfiber-faux-leather-for-cycling-gloves--37888.jpg\"\/><br \/>\n<\/section>\n<p><\/main><\/p>\n<section id=\"inquiry\">\n<h2 style=\"text-align: center;\">Mit freundlichen Gr\u00fc\u00dfen erwarten wir Ihre Anfrage!<\/h2>\n<p style=\"text-align: center;\">Kontaktieren Sie uns noch heute, um mehr \u00fcber unsere Produkte zu erfahren und Ihre Bestellung aufzugeben.<\/p>\n<\/section>\n\n    <div class=\"xs_social_share_widget xs_share_url after_content \t\tmain_content  wslu-style-1 wslu-share-box-shaped wslu-fill-colored wslu-none wslu-share-horizontal wslu-theme-font-no wslu-main_content\">\n\n\t\t\n        <ul>\n\t\t\t        <\/ul>\n    <\/div>","protected":false},"excerpt":{"rendered":"<div class=\"product-short-description\">Produkte Anti-Schimmel und gelbes Kunstledertuch f\u00fcr Sofa WINIW Anti-Schimmel und gelbes Kunstledertuch f\u00fcr Sofa Die wichtigsten Merkmale sind: Ideal f\u00fcr diejenigen, die Qualit\u00e4t und Zuverl\u00e4ssigkeit suchen.<\/p>\n<p>Als direkte Fabrik, Hersteller und Gro\u00dfh\u00e4ndler k\u00f6nnen wir den Produktionsprozess streng kontrollieren, um die Produktqualit\u00e4t zu gew\u00e4hrleisten und Ihnen die g\u00fcnstigsten Preise zu bieten. Wir verf\u00fcgen \u00fcber fortschrittliche Produktionsanlagen und ein professionelles technisches Team, um Ihren Bedarf an Gro\u00dfauftr\u00e4gen zu decken und eine p\u00fcnktliche Lieferung zu gew\u00e4hrleisten.<\/p>\n<\/div>","protected":false},"featured_media":4904,"template":"","meta":[],"product_brand":[],"product_cat":[293],"product_tag":[],"class_list":{"0":"post-29513","1":"product","2":"type-product","3":"status-publish","4":"has-post-thumbnail","6":"product_cat-products","8":"first","9":"instock","10":"product-type-simple"},"_links":{"self":[{"href":"https:\/\/www.eco-leather.com\/de\/wp-json\/wp\/v2\/product\/29513","targetHints":{"allow":["GET"]}}],"collection":[{"href":"https:\/\/www.eco-leather.com\/de\/wp-json\/wp\/v2\/product"}],"about":[{"href":"https:\/\/www.eco-leather.com\/de\/wp-json\/wp\/v2\/types\/product"}],"wp:featuredmedia":[{"embeddable":true,"href":"https:\/\/www.eco-leather.com\/de\/wp-json\/wp\/v2\/media\/4904"}],"wp:attachment":[{"href":"https:\/\/www.eco-leather.com\/de\/wp-json\/wp\/v2\/media?parent=29513"}],"wp:term":[{"taxonomy":"product_brand","embeddable":true,"href":"https:\/\/www.eco-leather.com\/de\/wp-json\/wp\/v2\/product_brand?post=29513"},{"taxonomy":"product_cat","embeddable":true,"href":"https:\/\/www.eco-leather.com\/de\/wp-json\/wp\/v2\/product_cat?post=29513"},{"taxonomy":"product_tag","embeddable":true,"href":"https:\/\/www.eco-leather.com\/de\/wp-json\/wp\/v2\/product_tag?post=29513"}],"curies":[{"name":"wp","href":"https:\/\/api.w.org\/{rel}","templated":true}]}}