{"id":29491,"date":"2025-09-07T11:03:56","date_gmt":"2025-09-07T03:03:56","guid":{"rendered":"https:\/\/www.eco-leather.com\/product\/durability-synthetic-chamois-leather-fabric-for-car-cleaning-cloth-2\/"},"modified":"2025-09-07T11:04:01","modified_gmt":"2025-09-07T03:04:01","slug":"strapazierfahiges-synthetisches-fensterleder-fur-auto-reinigungstuch-2","status":"publish","type":"product","link":"https:\/\/www.eco-leather.com\/de\/strapazierfahiges-synthetisches-fensterleder-fur-auto-reinigungstuch-2\/","title":{"rendered":"Strapazierf\u00e4higes synthetisches Chamoisleder f\u00fcr Auto-Reinigungst\u00fccher"},"content":{"rendered":"<h2>Hochwertiges Material - Automotive LederSitze Service Hund, Tasche Stoff H\u00e4ndler<\/h2>\n<p><main><\/p>\n<section id=\"product-overview\">\n<h2>Beschreibung des Produkts<\/h2>\n<p><strong>Floraler Sofa-Stoff<\/strong> Beschreibung:<\/p>\n<p>Unser 0,7 mm starkes Ultrasuede Microfiber Faux Leather wird aus hochwertigen Mikrofasermaterialien hergestellt und ist die perfekte Wahl f\u00fcr Fahrradhandschuhe. Es bietet ein ausgewogenes Verh\u00e4ltnis zwischen Flexibilit\u00e4t und St\u00e4rke, au\u00dfergew\u00f6hnliche Atmungsaktivit\u00e4t und feuchtigkeitsableitende Eigenschaften, damit die H\u00e4nde bei intensiven Fahrten k\u00fchl und trocken bleiben.<\/p>\n<p>Ob Sie nun ein professioneller Radfahrer oder ein Freizeitradler sind, Microfiber Leather bietet unschlagbaren Komfort und Schutz. Seine hohe Widerstandsf\u00e4higkeit gegen Abrieb und Risse sorgt f\u00fcr eine lang anhaltende Leistung, w\u00e4hrend das elegante Design einen raffinierten Touch zu jedem Biker-Ensemble hinzuf\u00fcgt.<\/p>\n<\/section>\n<section id=\"specifications\">\n<h2>Technische Parameter<\/h2>\n<ul class_=\"parameters-list\">\n<li><span class=\"param-name\"><strong>Kunstlederboxen China<\/strong> Spezifikationen:<\/span> <\/li>\n<\/ul>\n<p><img decoding=\"async\" alt=\"0.7mm Ultrasuede Mikrofaser Kunstleder f\u00fcr Radsporthandschuhe - Materialspezifikation\" class=\"product-image\" src=\"\/wp-content\/uploads\/2025\/08\/07mm-ultrasuede-microfiber-faux-leather-for-cycling-gloves--37881.jpg\"\/><\/p>\n<h3>Produkt-Parameter<\/h3>\n<ul class=\"parameters-list\">\n<li><span class=\"param-name\">Material:<\/span> Mikrofaser + PU<\/li>\n<li><span class=\"param-name\">Farbe:<\/span> Schwarz, Grau, Beige (benutzerdefinierte Farben verf\u00fcgbar)<\/li>\n<li><span class=\"param-name\">Die Dicke:<\/span> 0,6 mm, 0,7 mm, 0,8 mm, 1 mm<\/li>\n<li><span class=\"param-name\">Mindestbestellmenge:<\/span> 300 laufende Meter<\/li>\n<li><span class=\"param-name\">L\u00e4nge der Rolle:<\/span> 20-30m\/Rolle<\/li>\n<li><span class=\"param-name\">Lieferzeiten:<\/span> 15-20 Tage<\/li>\n<li><span class=\"param-name\">Breite:<\/span> 54\u2033, 137cm<\/li>\n<li><span class=\"param-name\">Produktionskapazit\u00e4t:<\/span> 1.000.000 Meter monatlich<\/li>\n<\/ul>\n<\/section>\n<section id=\"features\">\n<h2>Produktmerkmale<\/h2>\n<div class=\"feature-item\">\n<img decoding=\"async\" alt=\"HaveDurable Sofa Fabric Traderyou jemals mit Reinigungst\u00fcchern, die auseinander fallen nach nur ein paar Anwendungen oder dass Kratzer auf Ihrem Auto s sch\u00f6ne Oberfl\u00e4che Geben Sie WINIW Company Factory Gro\u00dfhandel Nappa Leder ManufacturersDurability Synthetic Artificial Chamois Leder Fabric die ultimative L\u00f6sung f\u00fcr die Erhaltung Ihres Autos makellos, ohne die M\u00fche\" class=\"feature-image left\" src=\"\/wp-content\/uploads\/2025\/08\/durability-synthetic-chamois-leather-fabric-for-car-cleaning-cloth-35035.png\"\/><\/p>\n<h3>Haben <strong>Strapazierf\u00e4higer Sofa-Stoff Trader<\/strong> Haben Sie sich jemals mit Reinigungst\u00fcchern herumgeschlagen, die schon nach wenigen Eins\u00e4tzen auseinanderfallen oder Kratzer auf der sch\u00f6nen Oberfl\u00e4che Ihres Autos hinterlassen? Geben Sie WINIW Company Factory Wholesale Nappa Leather ManufacturersDurability Synthetic Artificial Chamois Leather Fabric die ultimative L\u00f6sung, um Ihr Auto makellos zu halten, ohne dass Sie sich darum k\u00fcmmern m\u00fcssen<\/h3>\n<p>Haben <strong>Strapazierf\u00e4higer Sofa-Stoff Trader<\/strong> Sie jemals mit Reinigungst\u00fcchern, die auseinander fallen nach nur ein paar Anwendungen oder dass Kratzer auf Ihrem Auto s sch\u00f6ne Oberfl\u00e4che Geben WINIW Company Factory Gro\u00dfhandel Nappaleder ManufacturersDurability Synthetic Artificial Chamois Leder Fabric die ultimative L\u00f6sung f\u00fcr Ihr Auto makellos, ohne die M\u00fche.<\/p>\n<div class=\"clear\"><\/div>\n<\/div>\n<div class=\"feature-item\">\n<img decoding=\"async\" alt=\"Eines der besten Dinge an diesem Stoff ist seine Haltbarkeit\" class=\"feature-image left\" src=\"\/wp-content\/uploads\/2025\/08\/durability-synthetic-chamois-leather-fabric-for-car-cleaning-cloth-35036.png\"\/><\/p>\n<h3>Eines der besten Dinge an diesem Stoff ist seine Haltbarkeit<\/h3>\n<p>Eines der besten Merkmale dieses Gewebes ist seine Langlebigkeit. Im Gegensatz zu herk\u00f6mmlichen Reinigungst\u00fcchern, die sich schnell abnutzen, h\u00e4lt dieses Tuch einer starken Beanspruchung stand. Ganz gleich, ob Sie den Innenraum abwischen, das Armaturenbrett reinigen oder die Fenster polieren, es franst nicht aus, rei\u00dft nicht und verliert nicht seine Form.<\/p>\n<div class=\"clear\"><\/div>\n<\/div>\n<div class=\"feature-item\">\n<h3>Und weil es synthetisch ist, ist es resistent gegen Schimmel und Mehltau, so dass Sie sich keine Sorgen \u00fcber unangenehme Ger\u00fcche oder Bakterienansammlungen machen m\u00fcssen.<\/h3>\n<p>Und weil es synthetisch ist, ist es resistent gegen Schimmel und Mehltau, so dass Sie sich keine Sorgen \u00fcber unangenehme Ger\u00fcche oder Bakterienbildung machen m\u00fcssen. Eine weitere <strong>Wildleder Impr\u00e4gnierspray<\/strong> Die gro\u00dfe Besonderheit ist die Wasseraufnahme.<\/p>\n<div class=\"clear\"><\/div>\n<\/div>\n<div class=\"feature-item\">\n<h3>Es saugt Fl\u00fcssigkeiten auf wie ein Schwamm und l\u00e4sst die Oberfl\u00e4chen Ihres Autos trocken und streifenfrei.<\/h3>\n<p>Es saugt Fl\u00fcssigkeiten auf wie ein Schwamm und l\u00e4sst die Oberfl\u00e4chen Ihres Autos trocken und streifenfrei. Au\u00dferdem trocknet es schnell, so dass Sie es sofort wiederverwenden k\u00f6nnen, ohne dass es feucht bleibt. Egal, ob Sie ein professioneller Autoreiniger sind oder einfach nur ein Liebhaber eines sauberen Fahrzeugs, dieses Tuch wird Ihnen das Leben leichter machen.<\/p>\n<div class=\"clear\"><\/div>\n<\/div>\n<div class=\"feature-item\">\n<h3>Bei WINIW Company Factory Gro\u00dfhandel Nappaleder Hersteller, wir sind leidenschaftlich \u00fcber Qualit\u00e4t<\/h3>\n<p>Bei WINIW Company Factory Gro\u00dfhandel Nappaleder Hersteller, sind wir leidenschaftlich \u00fcber Qualit\u00e4t. Das s <strong>Wasserdichtes Sofa Stoff Exporter<\/strong> warum unser S\u00e4mischleder-Stoff preisg\u00fcnstig ist und in individuellen Gr\u00f6\u00dfen und Farben erh\u00e4ltlich ist, um Ihren Anforderungen an das Branding zu entsprechen.<\/p>\n<div class=\"clear\"><\/div>\n<\/div>\n<div class=\"feature-item\">\n<h3>Sind Sie bereit, Ihre Autoreinigungsroutine zu verbessern? Testen Sie noch heute unser strapazierf\u00e4higes synthetisches Kunsts\u00e4mischleder-Gewebe! Material MikrofaserS\u00e4mischledergewebe Zusammensetzung 55 Nylon + 45% Polyurethan<\/h3>\n<p>Sind Sie bereit, Ihre Autoreinigungsroutine zu verbessern? Testen Sie noch heute unser strapazierf\u00e4higes synthetisches Kunsts\u00e4mischledergewebe! Material MikrofaserChamois Stoff Zusammensetzung 55 Nylon + 45% Polyurethan. Markenname WINIW Company Factory Wholesale Nappa Leder ManufacturersThickness 0.8mm, 1mm, 1.2mm, 1.4mm, 1.6mm, 1.8mm, 2mm Width 54\u2033, 137cm Color Yellow,Black, Grey,Blue, Green, accept customize Feature Breathable, Absorbent, Anti-Mildew, Durable Place of Origin China Customized Yes Delivery time Usually within 15-20 days.<\/p>\n<div class=\"clear\"><\/div>\n<\/div>\n<div class=\"feature-item\">\n<h3>MOQ 300 Meter Verpackungsdetails 30\/50 Meter pro Rolle<\/h3>\n<p>MOQ 300 Meter Verpackungsdetails 30\/50 Meter pro Rolle. Oder kundenspezifisch Produktionskapazit\u00e4t 1.000.000 Meter monatlich<\/p>\n<div class=\"clear\"><\/div>\n<\/div>\n<div class=\"feature-item\">\n<img decoding=\"async\" alt=\"Hohe Rei\u00dffestigkeit - Ultrasuede Mikrofaser-Kunstleder f\u00fcr Fahrradhandschuhe\" class=\"feature-image left\" src=\"\/wp-content\/uploads\/2025\/08\/07mm-ultrasuede-microfiber-faux-leather-for-cycling-gloves--37882.jpg\"\/><\/p>\n<h3>Hohe Rei\u00dffestigkeit<\/h3>\n<p>Unser Ultrasuede-Mikrofaserleder zeichnet sich durch eine au\u00dfergew\u00f6hnliche Rei\u00dffestigkeit aus, so dass es unter Belastung nicht bricht oder sich leicht verformt. Dies macht es ideal f\u00fcr Produkte, die Haltbarkeit und langfristige Leistung erfordern.<\/p>\n<div class=\"clear\"><\/div>\n<\/div>\n<div class=\"feature-item\">\n<img decoding=\"async\" alt=\"Formstabilit\u00e4t - Ultrasuede Mikrofaser-Kunstleder f\u00fcr Fahrradhandschuhe\" class=\"feature-image right\" src=\"\/wp-content\/uploads\/2025\/08\/07mm-ultrasuede-microfiber-faux-leather-for-cycling-gloves--37883.jpg\"\/><\/p>\n<h3>Nicht leicht zu verformen<\/h3>\n<p>Dieses Material wurde speziell behandelt, um seine urspr\u00fcngliche Form zu erhalten, und bietet eine hervorragende Elastizit\u00e4t und Stabilit\u00e4t. Es widersteht Verformungen durch \u00e4u\u00dferen Druck oder Dehnung, so dass die Produkte langfristig intakt und attraktiv bleiben.<\/p>\n<div class=\"clear\"><\/div>\n<\/div>\n<div class=\"feature-item\">\n<img decoding=\"async\" alt=\"Strapazierf\u00e4higkeit - Ultrasuede Microfiber Faux Leather f\u00fcr Fahrradhandschuhe\" class=\"feature-image left\" src=\"\/wp-content\/uploads\/2025\/08\/07mm-ultrasuede-microfiber-faux-leather-for-cycling-gloves--37884.jpg\"\/><\/p>\n<h3>Dauerhaftigkeit<\/h3>\n<p>Dieses Material ist extrem widerstandsf\u00e4hig gegen Abrieb, Risse und Einstiche und sorgt daf\u00fcr, dass die Handschuhe auch bei l\u00e4ngerem Gebrauch in bestem Zustand bleiben. Au\u00dferdem bietet es eine hervorragende Fingerfertigkeit und Festigkeit f\u00fcr hochwertige Lederwaren.<\/p>\n<div class=\"clear\"><\/div>\n<\/div>\n<\/section>\n<section id=\"why-choose-us\">\n<h2>Warum WINIW w\u00e4hlen<\/h2>\n<div class=\"advantage-item\">\n<h3>Dieser Stoff ist ein Wendepunkt f\u00fcr jeden, der die Autoreinigung ernst nimmt<\/h3>\n<p>Dieser Stoff ist eine echte Alternative f\u00fcr alle, die die Fahrzeugreinigung ernst nehmen. Es besteht aus hochwertigen synthetischen Materialien, die die Weichheit von echtem S\u00e4mischleder imitieren, aber nur einen Bruchteil des Pflegeaufwands erfordern. Stellen Sie sich ein Tuch vor, das robust genug ist, um den t\u00e4glichen Schmutz und Dreck zu beseitigen, aber sanft genug, um den Lack und die Polsterung Ihres Autos zu sch\u00fctzen. Das ist genau das, was Sie mit diesem Produkt erhalten.<\/p>\n<\/div>\n<div class=\"advantage-item\">\n<h3>Qualit\u00e4tssicherung<\/h3>\n<p>Wir f\u00fchren w\u00e4hrend der gesamten Produktions- und Lieferkette strenge Qualit\u00e4tskontrollen durch und halten uns an die ISO9001-Normen. Von der Auswahl der Rohstoffe bis zur Endkontrolle stehen die Interessen unserer Kunden an erster Stelle.<\/p>\n<\/div>\n<div class=\"advantage-item\">\n<h3>Professionelles technisches Team<\/h3>\n<p>Unser spezialisiertes technisches Team besteht aus erfahrenen Fachleuten aus verschiedenen Bereichen, die sich der Lieferung hochwertiger Produkte und ma\u00dfgeschneiderter L\u00f6sungen verschrieben haben.<\/p>\n<\/div>\n<div class=\"advantage-item\">\n<h3>Breite Palette von Anwendungen<\/h3>\n<p>Unsere Materialien finden breite Anwendung in Schuhen, Kleidung, Gep\u00e4ck, Autoinnenr\u00e4umen, Sofam\u00f6beln und vielem mehr.<\/p>\n<\/div>\n<div class=\"advantage-item\">\n<h3>Reiche Erfahrung<\/h3>\n<p>Quanzhou WINIW Import &amp; Export Co, Ltd. verf\u00fcgt \u00fcber mehr als 20 Jahre Produktionserfahrung und bietet perfekte L\u00f6sungen f\u00fcr Kunden weltweit.<\/p>\n<\/div>\n<div class=\"advantage-item\">\n<h3>Erschwinglicher Preis<\/h3>\n<p>Wir bieten wettbewerbsf\u00e4hige Preise und einen hervorragenden Kundenservice. Fordern Sie einen Katalog an oder besuchen Sie unser Werk, um unsere Produkte kennenzulernen.<\/p>\n<\/div>\n<div class=\"advantage-item\">\n<h3>24-Stunden-Online-Kundendienst<\/h3>\n<p>Unser Team steht rund um die Uhr zur Verf\u00fcgung, um Anfragen zu beantworten und R\u00fcckmeldungen zeitnah zu bearbeiten.<\/p>\n<\/div>\n<p><img decoding=\"async\" alt=\"WINIW Produktionsst\u00e4tte - Herstellungsprozess von Ultrasuede-Mikrofaserleder\" class=\"product-image\" src=\"\/wp-content\/uploads\/2025\/08\/07mm-ultrasuede-microfiber-faux-leather-for-cycling-gloves--37888.jpg\"\/><br \/>\n<\/section>\n<p><\/main><\/p>\n<section id=\"inquiry\">\n<h2 style=\"text-align: center;\">Mit freundlichen Gr\u00fc\u00dfen erwarten wir Ihre Anfrage!<\/h2>\n<p style=\"text-align: center;\">Kontaktieren Sie uns noch heute, um mehr \u00fcber unsere Produkte zu erfahren und Ihre Bestellung aufzugeben.<\/p>\n<\/section>\n\n    <div class=\"xs_social_share_widget xs_share_url after_content \t\tmain_content  wslu-style-1 wslu-share-box-shaped wslu-fill-colored wslu-none wslu-share-horizontal wslu-theme-font-no wslu-main_content\">\n\n\t\t\n        <ul>\n\t\t\t        <\/ul>\n    <\/div>","protected":false},"excerpt":{"rendered":"<div class=\"product-short-description\">Reinigungstuch Mikrofaser (Synthetische Chamois) Langlebigkeit Synthetische Chamois Leder Stoff f\u00fcr Auto Reinigungstuch WINIW Langlebigkeit Synthetische Chamois Leder Stoff f\u00fcr Auto Reinigungstuch Key Features include.Ideal f\u00fcr diejenigen, die Qualit\u00e4t und Zuverl\u00e4ssigkeit.<\/p>\n<p>Als direkte Fabrik, Hersteller und Gro\u00dfh\u00e4ndler k\u00f6nnen wir den Produktionsprozess streng kontrollieren, um die Produktqualit\u00e4t zu gew\u00e4hrleisten und Ihnen die g\u00fcnstigsten Preise zu bieten. Wir verf\u00fcgen \u00fcber fortschrittliche Produktionsanlagen und ein professionelles technisches Team, um Ihren Bedarf an Gro\u00dfauftr\u00e4gen zu decken und eine p\u00fcnktliche Lieferung zu gew\u00e4hrleisten.<\/p>\n<\/div>","protected":false},"featured_media":4836,"template":"","meta":[],"product_brand":[],"product_cat":[291],"product_tag":[],"class_list":{"0":"post-29491","1":"product","2":"type-product","3":"status-publish","4":"has-post-thumbnail","6":"product_cat-cleaning-wipe-microfiber-synthetic-chamois","8":"first","9":"instock","10":"product-type-simple"},"_links":{"self":[{"href":"https:\/\/www.eco-leather.com\/de\/wp-json\/wp\/v2\/product\/29491","targetHints":{"allow":["GET"]}}],"collection":[{"href":"https:\/\/www.eco-leather.com\/de\/wp-json\/wp\/v2\/product"}],"about":[{"href":"https:\/\/www.eco-leather.com\/de\/wp-json\/wp\/v2\/types\/product"}],"wp:featuredmedia":[{"embeddable":true,"href":"https:\/\/www.eco-leather.com\/de\/wp-json\/wp\/v2\/media\/4836"}],"wp:attachment":[{"href":"https:\/\/www.eco-leather.com\/de\/wp-json\/wp\/v2\/media?parent=29491"}],"wp:term":[{"taxonomy":"product_brand","embeddable":true,"href":"https:\/\/www.eco-leather.com\/de\/wp-json\/wp\/v2\/product_brand?post=29491"},{"taxonomy":"product_cat","embeddable":true,"href":"https:\/\/www.eco-leather.com\/de\/wp-json\/wp\/v2\/product_cat?post=29491"},{"taxonomy":"product_tag","embeddable":true,"href":"https:\/\/www.eco-leather.com\/de\/wp-json\/wp\/v2\/product_tag?post=29491"}],"curies":[{"name":"wp","href":"https:\/\/api.w.org\/{rel}","templated":true}]}}