{"id":29478,"date":"2025-09-07T11:03:56","date_gmt":"2025-09-07T03:03:56","guid":{"rendered":"https:\/\/www.eco-leather.com\/product\/high-tear-strength-basketball-faux-leather-artificial-leather\/"},"modified":"2025-09-07T11:03:57","modified_gmt":"2025-09-07T03:03:57","slug":"hochreisfestes-basketball-kunstleder-kunstleder","status":"publish","type":"product","link":"https:\/\/www.eco-leather.com\/de\/hochreisfestes-basketball-kunstleder-kunstleder\/","title":{"rendered":"Hohe Rei\u00dffestigkeit Basketball Kunstleder Kunstleder"},"content":{"rendered":"<h2>Hochwertiges Material - Second Hand Ledertaschen, Kunstleder Boxen China<\/h2>\n<p><main><\/p>\n<section id=\"product-overview\">\n<h2>Beschreibung des Produkts<\/h2>\n<p>Schnell <strong>Kunstleder-Elasthan<\/strong> Einzelheiten:<\/p>\n<p>Unser 0,7 mm starkes Ultrasuede Microfiber Faux Leather wird aus hochwertigen Mikrofasermaterialien hergestellt und ist die perfekte Wahl f\u00fcr Fahrradhandschuhe. Es bietet ein ausgewogenes Verh\u00e4ltnis zwischen Flexibilit\u00e4t und St\u00e4rke, au\u00dfergew\u00f6hnliche Atmungsaktivit\u00e4t und feuchtigkeitsableitende Eigenschaften, damit die H\u00e4nde bei intensiven Fahrten k\u00fchl und trocken bleiben.<\/p>\n<p>Ob Sie nun ein professioneller Radfahrer oder ein Freizeitradler sind, Microfiber Leather bietet unschlagbaren Komfort und Schutz. Seine hohe Widerstandsf\u00e4higkeit gegen Abrieb und Risse sorgt f\u00fcr eine lang anhaltende Leistung, w\u00e4hrend das elegante Design einen raffinierten Touch zu jedem Biker-Ensemble hinzuf\u00fcgt.<\/p>\n<\/section>\n<section id=\"features\">\n<h2>Produktmerkmale<\/h2>\n<div class=\"feature-item\">\n<img decoding=\"async\" alt=\"HighSuede Leather Waterproof SprayTear Strength Basketball Faux Leather Kunstleder ist ein Spitzenprodukt, das au\u00dfergew\u00f6hnliche Haltbarkeit und Langlebigkeit bietet.\" class=\"feature-image left\" src=\"\/wp-content\/uploads\/2025\/08\/high-tear-strength-basketball-faux-leather-artificial-leather-34977.png\"\/><\/p>\n<h3>Hoch <strong>Wildleder Impr\u00e4gnierspray<\/strong> Rei\u00dffestigkeit Basketball-Kunstleder Kunstleder ist ein Spitzenprodukt, das sich durch au\u00dfergew\u00f6hnliche Haltbarkeit und Langlebigkeit auszeichnet<\/h3>\n<p>Hoch <strong>Wildleder Impr\u00e4gnierspray<\/strong> Das rei\u00dffeste Basketball-Kunstleder ist ein Spitzenprodukt, das sich durch au\u00dfergew\u00f6hnliche Haltbarkeit und Langlebigkeit auszeichnet. Das aus hochwertigen Materialien hergestellte Kunstleder wurde speziell daf\u00fcr entwickelt, den intensiven Anforderungen auf Basketballpl\u00e4tzen standzuhalten, so dass es viele Saisons lang halten wird.<\/p>\n<div class=\"clear\"><\/div>\n<\/div>\n<div class=\"feature-item\">\n<img decoding=\"async\" alt=\"Egal, ob Sie ein professioneller Sportler oder nur ein Gelegenheitsspieler sind, das rei\u00dffeste Basketball-Kunstleder ist die perfekte Wahl, um Ihre Leistung auf dem Platz zu verbessern.\" class=\"feature-image left\" src=\"\/wp-content\/uploads\/2025\/08\/high-tear-strength-basketball-faux-leather-artificial-leather-34978.png\"\/><\/p>\n<h3>Egal, ob Sie ein professioneller Sportler oder nur ein Gelegenheitsspieler sind, das rei\u00dffeste Basketball-Kunstleder ist die perfekte Wahl, um Ihre Leistung auf dem Platz zu verbessern.<\/h3>\n<p>Egal, ob Sie ein Profisportler oder nur ein Gelegenheitsspieler sind, das rei\u00dffeste Basketball-Kunstleder ist die perfekte Wahl, um Ihre Leistung auf dem Spielfeld zu verbessern. So <strong>Wasserdichtes Leder Material Service<\/strong> Warum warten? Investieren Sie noch heute in dieses unglaubliche Produkt und bringen Sie Ihr Spiel auf die n\u00e4chste Stufe!<\/p>\n<div class=\"clear\"><\/div>\n<\/div>\n<div class=\"feature-item\">\n<h3>Hohe Rei\u00dffestigkeit Basketball-Kunstleder Kunstleder ist ein vielseitiges Material, das eine breite Palette von Anwendungen hat<\/h3>\n<p>Hochrei\u00dffestes Basketball-Kunstleder Kunstleder ist ein vielseitiges Material, das eine breite Palette von Anwendungen bietet. Das Material zeichnet sich durch seine hohe Festigkeit und Haltbarkeit aus und ist daher ideal f\u00fcr den Einsatz in verschiedenen Branchen.<\/p>\n<div class=\"clear\"><\/div>\n<\/div>\n<div class=\"feature-item\">\n<h3>Eine <strong>Wasserdichtes Leder Stoff Odmhsas<\/strong> Eine der Hauptanwendungen f\u00fcr hochrei\u00dffestes Basketball-Kunstleder ist die Herstellung von Basketb\u00e4llen.<\/h3>\n<p>Eine <strong>Wasserdichtes Leder Stoff Odmhsas<\/strong> Eine der Hauptanwendungen von hochrei\u00dffestem Basketball-Kunstleder ist die Herstellung von Basketb\u00e4llen. Das Material ist strapazierf\u00e4hig, hat einen ausgezeichneten Grip und h\u00e4lt den Belastungen stand, die durch wiederholtes Springen und Herumschleudern auf dem Basketballplatz entstehen.<\/p>\n<div class=\"clear\"><\/div>\n<\/div>\n<div class=\"feature-item\">\n<h3>Ein weiterer Wirtschaftszweig, der stark auf dieses Material angewiesen ist, ist die Modeindustrie.<\/h3>\n<p>Eine weitere Branche, die stark auf dieses Material angewiesen ist, ist die Modeindustrie. Hochrei\u00dffestes Basketball-Kunstleder Kunstleder ist wegen seiner Vielseitigkeit und einfachen Verwendung eine beliebte Wahl f\u00fcr Designer.<\/p>\n<div class=\"clear\"><\/div>\n<\/div>\n<div class=\"feature-item\">\n<h3>Das Material kann f\u00fcr die Herstellung von Taschen, Schuhen, G\u00fcrteln und anderen Modeaccessoires verwendet werden und ist somit ein Muss f\u00fcr Modebegeisterte.<\/h3>\n<p>Das Material kann f\u00fcr die Herstellung von Taschen, Schuhen, G\u00fcrteln und anderen Modeaccessoires verwendet werden und ist damit ein Muss f\u00fcr Modebegeisterte.<\/p>\n<div class=\"clear\"><\/div>\n<\/div>\n<div class=\"feature-item\">\n<img decoding=\"async\" alt=\"Hohe Rei\u00dffestigkeit - Ultrasuede Mikrofaser-Kunstleder f\u00fcr Fahrradhandschuhe\" class=\"feature-image left\" src=\"\/wp-content\/uploads\/2025\/08\/07mm-ultrasuede-microfiber-faux-leather-for-cycling-gloves--37882.jpg\"\/><\/p>\n<h3>Hohe Rei\u00dffestigkeit<\/h3>\n<p>Unser Ultrasuede-Mikrofaserleder zeichnet sich durch eine au\u00dfergew\u00f6hnliche Rei\u00dffestigkeit aus, so dass es unter Belastung nicht bricht oder sich leicht verformt. Dies macht es ideal f\u00fcr Produkte, die Haltbarkeit und langfristige Leistung erfordern.<\/p>\n<div class=\"clear\"><\/div>\n<\/div>\n<div class=\"feature-item\">\n<img decoding=\"async\" alt=\"Formstabilit\u00e4t - Ultrasuede Mikrofaser-Kunstleder f\u00fcr Fahrradhandschuhe\" class=\"feature-image right\" src=\"\/wp-content\/uploads\/2025\/08\/07mm-ultrasuede-microfiber-faux-leather-for-cycling-gloves--37883.jpg\"\/><\/p>\n<h3>Nicht leicht zu verformen<\/h3>\n<p>Dieses Material wurde speziell behandelt, um seine urspr\u00fcngliche Form zu erhalten, und bietet eine hervorragende Elastizit\u00e4t und Stabilit\u00e4t. Es widersteht Verformungen durch \u00e4u\u00dferen Druck oder Dehnung, so dass die Produkte langfristig intakt und attraktiv bleiben.<\/p>\n<div class=\"clear\"><\/div>\n<\/div>\n<div class=\"feature-item\">\n<img decoding=\"async\" alt=\"Strapazierf\u00e4higkeit - Ultrasuede Microfiber Faux Leather f\u00fcr Fahrradhandschuhe\" class=\"feature-image left\" src=\"\/wp-content\/uploads\/2025\/08\/07mm-ultrasuede-microfiber-faux-leather-for-cycling-gloves--37884.jpg\"\/><\/p>\n<h3>Dauerhaftigkeit<\/h3>\n<p>Dieses Material ist extrem widerstandsf\u00e4hig gegen Abrieb, Risse und Einstiche und sorgt daf\u00fcr, dass die Handschuhe auch bei l\u00e4ngerem Gebrauch in bestem Zustand bleiben. Au\u00dferdem bietet es eine hervorragende Fingerfertigkeit und Festigkeit f\u00fcr hochwertige Lederwaren.<\/p>\n<div class=\"clear\"><\/div>\n<\/div>\n<\/section>\n<section id=\"usage\">\n<h2>Verwendung und Anwendungen<\/h2>\n<div class=\"usage-point\">\n<h3>Mit <strong>Kleidungsst\u00fcck Leder Importiert<\/strong> eine rei\u00dffeste Oberfl\u00e4che, so dass dieses Kunstleder der Abnutzung durch regelm\u00e4\u00dfigen Gebrauch standh\u00e4lt<\/h3>\n<p>Mit <strong>Kleidungsst\u00fcck Leder Importiert<\/strong> Dank seiner rei\u00dffesten Oberfl\u00e4che h\u00e4lt dieses Kunstleder dem Verschlei\u00df bei regelm\u00e4\u00dfigem Gebrauch stand. Au\u00dferdem bietet es eine hervorragende Griffigkeit und Kontrolle, was es ideal f\u00fcr die Verwendung in Basketb\u00e4llen und anderen Sportger\u00e4ten macht.<\/p>\n<\/div>\n<div class=\"usage-point\">\n<h3>Anmeldung<\/h3>\n<p>Anwendungen:<\/p>\n<\/div>\n<div class=\"usage-point\">\n<h3>Bequem und atmungsaktiv<\/h3>\n<p>Dieses weiche, bequeme und hoch atmungsaktive Material eignet sich perfekt f\u00fcr Fahrradhandschuhe und andere Produkte, die \u00fcber einen l\u00e4ngeren Zeitraum getragen werden. Es h\u00e4lt die H\u00e4nde bei anstrengenden Aktivit\u00e4ten k\u00fchl und trocken.<\/p>\n<\/div>\n<div class=\"usage-point\">\n<h3>Umweltvertr\u00e4glich und nachhaltig<\/h3>\n<p>Unser Ultrasuede-Mikrofaser-Kunstleder umfasst umweltfreundliche Optionen, wie z. B. Varianten aus recyceltem PET und Materialien auf Pflanzenbasis, die die Umweltbelastung verringern und gleichzeitig verschiedene Texturen bieten.<\/p>\n<\/div>\n<div class=\"usage-point\">\n<h3>Antibakterieller Schutz und Schutz vor Staub<\/h3>\n<p>Ausgew\u00e4hlte Varianten verf\u00fcgen \u00fcber antibakterielle und staubabweisende Eigenschaften und erf\u00fcllen hohe Hygienestandards - ideal f\u00fcr Handschuhe, die strenge Qualit\u00e4ts- und Sicherheitskontrollen erfordern.<\/p>\n<\/div>\n<div class=\"usage-point\">\n<h3>Vielf\u00e4ltige Anwendungsszenarien<\/h3>\n<p>Neben Fahrradhandschuhen eignet es sich auch f\u00fcr Fingerhandschuhe, Sicherheitshandschuhe und verschiedene andere Handschuhtypen sowie f\u00fcr Schuhe, Kleidung und Zubeh\u00f6r.<\/p>\n<\/div>\n<p><img decoding=\"async\" alt=\"Anwendungen von 0,7mm Ultrasuede Mikrofaser-Kunstleder in verschiedenen Produkten\" class=\"product-image\" src=\"\/wp-content\/uploads\/2025\/08\/07mm-ultrasuede-microfiber-faux-leather-for-cycling-gloves--37885.jpg\"\/><br \/>\n<img decoding=\"async\" alt=\"Radsporthandschuhe aus Ultrasuede-Mikrofaserleder - Produktbeispiel\" class=\"product-image\" src=\"\/wp-content\/uploads\/2025\/08\/07mm-ultrasuede-microfiber-faux-leather-for-cycling-gloves--37886.jpg\"\/><br \/>\n<\/section>\n<p><\/main><\/p>\n<section id=\"inquiry\">\n<h2 style=\"text-align: center;\">Mit freundlichen Gr\u00fc\u00dfen erwarten wir Ihre Anfrage!<\/h2>\n<p style=\"text-align: center;\">Kontaktieren Sie uns noch heute, um mehr \u00fcber unsere Produkte zu erfahren und Ihre Bestellung aufzugeben.<\/p>\n<\/section>\n\n    <div class=\"xs_social_share_widget xs_share_url after_content \t\tmain_content  wslu-style-1 wslu-share-box-shaped wslu-fill-colored wslu-none wslu-share-horizontal wslu-theme-font-no wslu-main_content\">\n\n\t\t\n        <ul>\n\t\t\t        <\/ul>\n    <\/div>","protected":false},"excerpt":{"rendered":"<div class=\"product-short-description\">B\u00e4lle Leder hohe Rei\u00dffestigkeit Basketball Kunstleder Kunstleder WINIW hohe Rei\u00dffestigkeit Basketball Kunstleder Kunstleder Die wichtigsten Merkmale umfassen.Ideal f\u00fcr diejenigen, die Qualit\u00e4t und Zuverl\u00e4ssigkeit.<\/p>\n<p>Als direkte Fabrik, Hersteller und Gro\u00dfh\u00e4ndler k\u00f6nnen wir den Produktionsprozess streng kontrollieren, um die Produktqualit\u00e4t zu gew\u00e4hrleisten und Ihnen die g\u00fcnstigsten Preise zu bieten. Wir verf\u00fcgen \u00fcber fortschrittliche Produktionsanlagen und ein professionelles technisches Team, um Ihren Bedarf an Gro\u00dfauftr\u00e4gen zu decken und eine p\u00fcnktliche Lieferung zu gew\u00e4hrleisten.<\/p>\n<\/div>","protected":false},"featured_media":4795,"template":"","meta":[],"product_brand":[],"product_cat":[271],"product_tag":[],"class_list":{"0":"post-29478","1":"product","2":"type-product","3":"status-publish","4":"has-post-thumbnail","6":"product_cat-balls-leather","8":"first","9":"instock","10":"product-type-simple"},"_links":{"self":[{"href":"https:\/\/www.eco-leather.com\/de\/wp-json\/wp\/v2\/product\/29478","targetHints":{"allow":["GET"]}}],"collection":[{"href":"https:\/\/www.eco-leather.com\/de\/wp-json\/wp\/v2\/product"}],"about":[{"href":"https:\/\/www.eco-leather.com\/de\/wp-json\/wp\/v2\/types\/product"}],"wp:featuredmedia":[{"embeddable":true,"href":"https:\/\/www.eco-leather.com\/de\/wp-json\/wp\/v2\/media\/4795"}],"wp:attachment":[{"href":"https:\/\/www.eco-leather.com\/de\/wp-json\/wp\/v2\/media?parent=29478"}],"wp:term":[{"taxonomy":"product_brand","embeddable":true,"href":"https:\/\/www.eco-leather.com\/de\/wp-json\/wp\/v2\/product_brand?post=29478"},{"taxonomy":"product_cat","embeddable":true,"href":"https:\/\/www.eco-leather.com\/de\/wp-json\/wp\/v2\/product_cat?post=29478"},{"taxonomy":"product_tag","embeddable":true,"href":"https:\/\/www.eco-leather.com\/de\/wp-json\/wp\/v2\/product_tag?post=29478"}],"curies":[{"name":"wp","href":"https:\/\/api.w.org\/{rel}","templated":true}]}}