{"id":29476,"date":"2025-09-07T11:03:44","date_gmt":"2025-09-07T03:03:44","guid":{"rendered":"https:\/\/www.eco-leather.com\/product\/resistant-to-wear-and-tear-pu-synthetic-leather-for-fistball\/"},"modified":"2025-09-07T11:03:51","modified_gmt":"2025-09-07T03:03:51","slug":"verschleisfestes-pu-kunstleder-fur-faustball","status":"publish","type":"product","link":"https:\/\/www.eco-leather.com\/de\/verschleisfestes-pu-kunstleder-fur-faustball\/","title":{"rendered":"Verschlei\u00dffestes PU-Kunstleder f\u00fcr Faustball"},"content":{"rendered":"<h2>Premium Stoff Produkt - Kunstleder Boxen China, Eco Auto Lederjacke<\/h2>\n<p><main><\/p>\n<section id=\"product-overview\">\n<h2>Beschreibung des Produkts<\/h2>\n<p>Schnell <strong>Kunstleder-Elasthan<\/strong> Einzelheiten:<\/p>\n<p>Unser 0,7 mm starkes Ultrasuede Microfiber Faux Leather wird aus hochwertigen Mikrofasermaterialien hergestellt und ist die perfekte Wahl f\u00fcr Fahrradhandschuhe. Es bietet ein ausgewogenes Verh\u00e4ltnis zwischen Flexibilit\u00e4t und St\u00e4rke, au\u00dfergew\u00f6hnliche Atmungsaktivit\u00e4t und feuchtigkeitsableitende Eigenschaften, damit die H\u00e4nde bei intensiven Fahrten k\u00fchl und trocken bleiben.<\/p>\n<p>Ob Sie nun ein professioneller Radfahrer oder ein Freizeitradler sind, Microfiber Leather bietet unschlagbaren Komfort und Schutz. Seine hohe Widerstandsf\u00e4higkeit gegen Abrieb und Risse sorgt f\u00fcr eine lang anhaltende Leistung, w\u00e4hrend das elegante Design einen raffinierten Touch zu jedem Biker-Ensemble hinzuf\u00fcgt.<\/p>\n<\/section>\n<section id=\"specifications\">\n<h2>Technische Parameter<\/h2>\n<ul class_=\"parameters-list\">\n<li><span class=\"param-name\"><strong>Kunstlederboxen China<\/strong> Spezifikationen:<\/span> <\/li>\n<\/ul>\n<p><img decoding=\"async\" alt=\"0.7mm Ultrasuede Mikrofaser Kunstleder f\u00fcr Radsporthandschuhe - Materialspezifikation\" class=\"product-image\" src=\"\/wp-content\/uploads\/2025\/08\/07mm-ultrasuede-microfiber-faux-leather-for-cycling-gloves--37881.jpg\"\/><\/p>\n<h3>Produkt-Parameter<\/h3>\n<ul class=\"parameters-list\">\n<li><span class=\"param-name\">Material:<\/span> Mikrofaser + PU<\/li>\n<li><span class=\"param-name\">Farbe:<\/span> Schwarz, Grau, Beige (benutzerdefinierte Farben verf\u00fcgbar)<\/li>\n<li><span class=\"param-name\">Die Dicke:<\/span> 0,6 mm, 0,7 mm, 0,8 mm, 1 mm<\/li>\n<li><span class=\"param-name\">Mindestbestellmenge:<\/span> 300 laufende Meter<\/li>\n<li><span class=\"param-name\">L\u00e4nge der Rolle:<\/span> 20-30m\/Rolle<\/li>\n<li><span class=\"param-name\">Lieferzeiten:<\/span> 15-20 Tage<\/li>\n<li><span class=\"param-name\">Breite:<\/span> 54\u2033, 137cm<\/li>\n<li><span class=\"param-name\">Produktionskapazit\u00e4t:<\/span> 1.000.000 Meter monatlich<\/li>\n<\/ul>\n<\/section>\n<section id=\"features\">\n<h2>Produktmerkmale<\/h2>\n<div class=\"feature-item\">\n<img decoding=\"async\" alt=\"WINIWWasserdichtes Kunstleder CustomizeCompany Factory Gro\u00dfhandel Synthetisches Leder ManufacturersResistant to Wear and Tear PU Synthetisches Leder ist f\u00fcr die High-Impact-Welt der Faustball gebaut\" class=\"feature-image left\" src=\"\/wp-content\/uploads\/2025\/08\/resistant-to-wear-and-tear-pu-synthetic-leather-for-fistball-34972.png\"\/><\/p>\n<h3>WINIW <strong>Wasserdichtes Kunstleder Anpassen<\/strong> Unternehmen Fabrik Gro\u00dfhandel Kunstleder HerstellerWiderstandsf\u00e4hig zu tragen und rei\u00dfen PU Kunstleder ist f\u00fcr die High-Impact-Welt der Faustball gebaut<\/h3>\n<p>WINIW <strong>Wasserdichtes Kunstleder Anpassen<\/strong> Company Factory Gro\u00dfhandel Kunstleder ManufacturersResistant to Wear and Tear PU-Kunstleder ist f\u00fcr die High-Impact-Welt der Faustball gebaut.<\/p>\n<div class=\"clear\"><\/div>\n<\/div>\n<div class=\"feature-item\">\n<img decoding=\"async\" alt=\"Die Kombination einer robusten PU-Au\u00dfenschicht mit einem verst\u00e4rkten Mikrofaserkern macht dieses Material widerstandsf\u00e4hig gegen st\u00e4ndiges Schlagen, Kratzen und Aussetzen an die Elemente im Freien.\" class=\"feature-image left\" src=\"\/wp-content\/uploads\/2025\/08\/resistant-to-wear-and-tear-pu-synthetic-leather-for-fistball-34973.png\"\/><\/p>\n<h3>Die Kombination einer robusten PU-Au\u00dfenschicht mit einem verst\u00e4rkten Mikrofaserkern macht dieses Material widerstandsf\u00e4hig gegen st\u00e4ndiges Schlagen, Kratzen und Aussetzen an die Elemente im Freien.<\/h3>\n<p>Durch die Kombination einer robusten PU-Au\u00dfenschicht mit einem verst\u00e4rkten Mikrofaserkern widersteht dieses Material st\u00e4ndigen St\u00f6\u00dfen, Kratzern und der Einwirkung von Elementen im Freien. Die PU-Beschichtung ist feuchtigkeitsabweisend und verhindert ein Aufquellen und eine Gewichtszunahme bei nassen Spielen, w\u00e4hrend die Mikrofaserbasis die strukturelle Integrit\u00e4t bei wiederholten St\u00f6\u00dfen aufrechterh\u00e4lt.<\/p>\n<div class=\"clear\"><\/div>\n<\/div>\n<div class=\"feature-item\">\n<h3>Es ist ideal f\u00fcr den Innen- und Au\u00dfenbereich, reduziert die Wartungskosten und verl\u00e4ngert die Produktlebensdauer, was es zu einer zuverl\u00e4ssigen Wahl f\u00fcr Sportler und Hersteller gleicherma\u00dfen macht.<\/h3>\n<p>Es ist sowohl f\u00fcr den Innen- als auch f\u00fcr den Au\u00dfenbereich geeignet, senkt die Wartungskosten und verl\u00e4ngert die Lebensdauer der Produkte, was es zu einer zuverl\u00e4ssigen Wahl f\u00fcr Sportler und Hersteller macht. WINIW Company Factory Wholesale Synthetic Leather Manufacturersfocus on durability ensures this leather performs consistently, game after game.<\/p>\n<div class=\"clear\"><\/div>\n<\/div>\n<div class=\"feature-item\">\n<h3>Super <strong>Wildleder Impr\u00e4gnierspray<\/strong> Leather Feeling Bezieht sich auf die Haptik der Lederoberfl\u00e4che, in der Regel auf einen weichen, glatten und angenehmen Griff<\/h3>\n<p>Super <strong>Wildleder Impr\u00e4gnierspray<\/strong> Leather Feeling Bezieht sich auf die Haptik der Lederoberfl\u00e4che, die sich in der Regel weich, glatt und angenehm anf\u00fchlt. Diese Art von Leder vermittelt in der Regel ein luxuri\u00f6ses, gehobenes Gef\u00fchl und ist au\u00dferdem sehr bequem.<\/p>\n<div class=\"clear\"><\/div>\n<\/div>\n<div class=\"feature-item\">\n<h3>Super Leather Feeling-Leder wird h\u00e4ufig f\u00fcr High-End-Produkte verwendet, um die Gesamtqualit\u00e4t des Produkts zu verbessern.<\/h3>\n<p>Super Leather Feeling-Leder wird h\u00e4ufig f\u00fcr hochwertige Produkte verwendet, um die Gesamtqualit\u00e4t des Produkts zu verbessern. Starke Strapazierf\u00e4higkeit Lederprodukte k\u00f6nnen lange Zeitr\u00e4ume des Gebrauchs und der t\u00e4glichen Abnutzung ohne \u00fcberm\u00e4\u00dfige Sch\u00e4den oder Abnutzung \u00fcberstehen.<\/p>\n<div class=\"clear\"><\/div>\n<\/div>\n<div class=\"feature-item\">\n<h3>Diese Eigenschaft macht Lederprodukte zu einer hochwertigen, langlebigen und lohnenden Investition, insbesondere in Bereichen wie Schuhe, Taschen und M\u00f6bel.<\/h3>\n<p>Diese Eigenschaft macht Lederprodukte zu einer hochwertigen, langlebigen und lohnenden Investition, insbesondere in Bereichen wie Schuhe, Taschen und M\u00f6bel. Alterung <strong>Wasserdichtes Faux Leatherman<\/strong> Widerstandsf\u00e4higkeit Das bedeutet, dass Leder seine Struktur und sein Aussehen auch bei langfristiger Verwendung und Lagerung beibeh\u00e4lt und nicht zu Verh\u00e4rtungen, Rissen, Verblassen der Farbe und anderen Ph\u00e4nomenen neigt.<\/p>\n<div class=\"clear\"><\/div>\n<\/div>\n<div class=\"feature-item\">\n<h3>Diese Eigenschaft macht Lederprodukte langlebig und wird h\u00e4ufig bei der Herstellung von hochwertigen Lederwaren, M\u00f6beln und anderen Produkten verwendet, wobei das gute Aussehen und die Qualit\u00e4t erhalten bleiben.<\/h3>\n<p>Diese Eigenschaft macht Lederprodukte langlebig, die h\u00e4ufig bei der Herstellung von hochwertigen Lederwaren, M\u00f6beln und anderen Produkten verwendet werden, und kann das gute Aussehen und die Qualit\u00e4t bewahren. Unser hochrei\u00dffestes Basketball-Kunstleder bietet eine Reihe von Wettbewerbsvorteilen, die es zur idealen Wahl f\u00fcr Basketb\u00e4lle machen.<\/p>\n<div class=\"clear\"><\/div>\n<\/div>\n<div class=\"feature-item\">\n<h3>Dieses innovative Material wurde entwickelt, um den Strapazen eines intensiven Spiels standzuhalten und bietet im Vergleich zu herk\u00f6mmlichen Ledermaterialien eine h\u00f6here Festigkeit und Haltbarkeit.<\/h3>\n<p>Dieses innovative Material wurde entwickelt, um den Strapazen eines intensiven Spiels standzuhalten und bietet im Vergleich zu herk\u00f6mmlichen Ledermaterialien eine h\u00f6here Festigkeit und Haltbarkeit. Einer der gr\u00f6\u00dften Vorteile dieses Materials ist seine hohe Rei\u00dffestigkeit, was bedeutet, dass es weniger anf\u00e4llig f\u00fcr Sch\u00e4den durch St\u00f6\u00dfe und Absch\u00fcrfungen ist.<\/p>\n<div class=\"clear\"><\/div>\n<\/div>\n<div class=\"feature-item\">\n<h3>Dies macht ihn zur idealen Wahl f\u00fcr Basketb\u00e4lle, die h\u00e4ufig benutzt werden und rauen Spielbedingungen ausgesetzt sind.<\/h3>\n<p>Dies macht ihn zur idealen Wahl f\u00fcr Basketb\u00e4lle, die h\u00e4ufig benutzt werden und rauen Spielbedingungen ausgesetzt sind.<\/p>\n<div class=\"clear\"><\/div>\n<\/div>\n<div class=\"feature-item\">\n<img decoding=\"async\" alt=\"Hohe Rei\u00dffestigkeit - Ultrasuede Mikrofaser-Kunstleder f\u00fcr Fahrradhandschuhe\" class=\"feature-image left\" src=\"\/wp-content\/uploads\/2025\/08\/07mm-ultrasuede-microfiber-faux-leather-for-cycling-gloves--37882.jpg\"\/><\/p>\n<h3>Hohe Rei\u00dffestigkeit<\/h3>\n<p>Unser Ultrasuede-Mikrofaserleder zeichnet sich durch eine au\u00dfergew\u00f6hnliche Rei\u00dffestigkeit aus, so dass es unter Belastung nicht bricht oder sich leicht verformt. Dies macht es ideal f\u00fcr Produkte, die Haltbarkeit und langfristige Leistung erfordern.<\/p>\n<div class=\"clear\"><\/div>\n<\/div>\n<div class=\"feature-item\">\n<img decoding=\"async\" alt=\"Formstabilit\u00e4t - Ultrasuede Mikrofaser-Kunstleder f\u00fcr Fahrradhandschuhe\" class=\"feature-image right\" src=\"\/wp-content\/uploads\/2025\/08\/07mm-ultrasuede-microfiber-faux-leather-for-cycling-gloves--37883.jpg\"\/><\/p>\n<h3>Nicht leicht zu verformen<\/h3>\n<p>Dieses Material wurde speziell behandelt, um seine urspr\u00fcngliche Form zu erhalten, und bietet eine hervorragende Elastizit\u00e4t und Stabilit\u00e4t. Es widersteht Verformungen durch \u00e4u\u00dferen Druck oder Dehnung, so dass die Produkte langfristig intakt und attraktiv bleiben.<\/p>\n<div class=\"clear\"><\/div>\n<\/div>\n<div class=\"feature-item\">\n<img decoding=\"async\" alt=\"Strapazierf\u00e4higkeit - Ultrasuede Microfiber Faux Leather f\u00fcr Fahrradhandschuhe\" class=\"feature-image left\" src=\"\/wp-content\/uploads\/2025\/08\/07mm-ultrasuede-microfiber-faux-leather-for-cycling-gloves--37884.jpg\"\/><\/p>\n<h3>Dauerhaftigkeit<\/h3>\n<p>Dieses Material ist extrem widerstandsf\u00e4hig gegen Abrieb, Risse und Einstiche und sorgt daf\u00fcr, dass die Handschuhe auch bei l\u00e4ngerem Gebrauch in bestem Zustand bleiben. Au\u00dferdem bietet es eine hervorragende Fingerfertigkeit und Festigkeit f\u00fcr hochwertige Lederwaren.<\/p>\n<div class=\"clear\"><\/div>\n<\/div>\n<\/section>\n<section id=\"usage\">\n<h2>Verwendung und Anwendungen<\/h2>\n<div class=\"usage-point\">\n<h3>Anmeldung<\/h3>\n<p><strong>Second Hand Ledertaschen<\/strong> Anwendungen:<\/p>\n<\/div>\n<div class=\"usage-point\">\n<h3>Bequem und atmungsaktiv<\/h3>\n<p>Dieses weiche, bequeme und hoch atmungsaktive Material eignet sich perfekt f\u00fcr Fahrradhandschuhe und andere Produkte, die \u00fcber einen l\u00e4ngeren Zeitraum getragen werden. Es h\u00e4lt die H\u00e4nde bei anstrengenden Aktivit\u00e4ten k\u00fchl und trocken.<\/p>\n<\/div>\n<div class=\"usage-point\">\n<h3>Umweltvertr\u00e4glich und nachhaltig<\/h3>\n<p>Unser Ultrasuede-Mikrofaser-Kunstleder umfasst umweltfreundliche Optionen, wie z. B. Varianten aus recyceltem PET und Materialien auf Pflanzenbasis, die die Umweltbelastung verringern und gleichzeitig verschiedene Texturen bieten.<\/p>\n<\/div>\n<div class=\"usage-point\">\n<h3>Antibakterieller Schutz und Schutz vor Staub<\/h3>\n<p>Ausgew\u00e4hlte Varianten verf\u00fcgen \u00fcber antibakterielle und staubabweisende Eigenschaften und erf\u00fcllen hohe Hygienestandards - ideal f\u00fcr Handschuhe, die strenge Qualit\u00e4ts- und Sicherheitskontrollen erfordern.<\/p>\n<\/div>\n<div class=\"usage-point\">\n<h3>Vielf\u00e4ltige Anwendungsszenarien<\/h3>\n<p>Neben Fahrradhandschuhen eignet es sich auch f\u00fcr Fingerhandschuhe, Sicherheitshandschuhe und verschiedene andere Handschuhtypen sowie f\u00fcr Schuhe, Kleidung und Zubeh\u00f6r.<\/p>\n<\/div>\n<p><img decoding=\"async\" alt=\"Anwendungen von 0,7mm Ultrasuede Mikrofaser-Kunstleder in verschiedenen Produkten\" class=\"product-image\" src=\"\/wp-content\/uploads\/2025\/08\/07mm-ultrasuede-microfiber-faux-leather-for-cycling-gloves--37885.jpg\"\/><br \/>\n<img decoding=\"async\" alt=\"Radsporthandschuhe aus Ultrasuede-Mikrofaserleder - Produktbeispiel\" class=\"product-image\" src=\"\/wp-content\/uploads\/2025\/08\/07mm-ultrasuede-microfiber-faux-leather-for-cycling-gloves--37886.jpg\"\/><br \/>\n<\/section>\n<section id=\"why-choose-us\">\n<h2>Warum WINIW w\u00e4hlen<\/h2>\n<div class=\"advantage-item\">\n<h3>Unser Vorteil<\/h3>\n<p>Wettbewerbsvorteil:<\/p>\n<\/div>\n<div class=\"advantage-item\">\n<h3>Qualit\u00e4tssicherung<\/h3>\n<p>Wir f\u00fchren w\u00e4hrend der gesamten Produktions- und Lieferkette strenge Qualit\u00e4tskontrollen durch und halten uns an die ISO9001-Normen. Von der Auswahl der Rohstoffe bis zur Endkontrolle stehen die Interessen unserer Kunden an erster Stelle.<\/p>\n<\/div>\n<div class=\"advantage-item\">\n<h3>Professionelles technisches Team<\/h3>\n<p>Unser spezialisiertes technisches Team besteht aus erfahrenen Fachleuten aus verschiedenen Bereichen, die sich der Lieferung hochwertiger Produkte und ma\u00dfgeschneiderter L\u00f6sungen verschrieben haben.<\/p>\n<\/div>\n<div class=\"advantage-item\">\n<h3>Breite Palette von Anwendungen<\/h3>\n<p>Unsere Materialien finden breite Anwendung in Schuhen, Kleidung, Gep\u00e4ck, Autoinnenr\u00e4umen, Sofam\u00f6beln und vielem mehr.<\/p>\n<\/div>\n<div class=\"advantage-item\">\n<h3>Reiche Erfahrung<\/h3>\n<p>Quanzhou WINIW Import &amp; Export Co, Ltd. verf\u00fcgt \u00fcber mehr als 20 Jahre Produktionserfahrung und bietet perfekte L\u00f6sungen f\u00fcr Kunden weltweit.<\/p>\n<\/div>\n<div class=\"advantage-item\">\n<h3>Erschwinglicher Preis<\/h3>\n<p>Wir bieten wettbewerbsf\u00e4hige Preise und einen hervorragenden Kundenservice. Fordern Sie einen Katalog an oder besuchen Sie unser Werk, um unsere Produkte kennenzulernen.<\/p>\n<\/div>\n<div class=\"advantage-item\">\n<h3>24-Stunden-Online-Kundendienst<\/h3>\n<p>Unser Team steht rund um die Uhr zur Verf\u00fcgung, um Anfragen zu beantworten und R\u00fcckmeldungen zeitnah zu bearbeiten.<\/p>\n<\/div>\n<p><img decoding=\"async\" alt=\"WINIW Produktionsst\u00e4tte - Herstellungsprozess von Ultrasuede-Mikrofaserleder\" class=\"product-image\" src=\"\/wp-content\/uploads\/2025\/08\/07mm-ultrasuede-microfiber-faux-leather-for-cycling-gloves--37888.jpg\"\/><br \/>\n<\/section>\n<p><\/main><\/p>\n<section id=\"inquiry\">\n<h2 style=\"text-align: center;\">Mit freundlichen Gr\u00fc\u00dfen erwarten wir Ihre Anfrage!<\/h2>\n<p style=\"text-align: center;\">Kontaktieren Sie uns noch heute, um mehr \u00fcber unsere Produkte zu erfahren und Ihre Bestellung aufzugeben.<\/p>\n<\/section>\n\n    <div class=\"xs_social_share_widget xs_share_url after_content \t\tmain_content  wslu-style-1 wslu-share-box-shaped wslu-fill-colored wslu-none wslu-share-horizontal wslu-theme-font-no wslu-main_content\">\n\n\t\t\n        <ul>\n\t\t\t        <\/ul>\n    <\/div>","protected":false},"excerpt":{"rendered":"<div class=\"product-short-description\">B\u00e4lle Leder Resistant to Wear and Tear PU Synthetikleder f\u00fcr Faustball WINIW Resistant to Wear and Tear PU Synthetikleder f\u00fcr Faustball Key features include.Ideal f\u00fcr diejenigen, die Qualit\u00e4t und Zuverl\u00e4ssigkeit.<\/p>\n<p>Als direkte Fabrik, Hersteller und Gro\u00dfh\u00e4ndler k\u00f6nnen wir den Produktionsprozess streng kontrollieren, um die Produktqualit\u00e4t zu gew\u00e4hrleisten und Ihnen die g\u00fcnstigsten Preise zu bieten. Wir verf\u00fcgen \u00fcber fortschrittliche Produktionsanlagen und ein professionelles technisches Team, um Ihren Bedarf an Gro\u00dfauftr\u00e4gen zu decken und eine p\u00fcnktliche Lieferung zu gew\u00e4hrleisten.<\/p>\n<\/div>","protected":false},"featured_media":4779,"template":"","meta":[],"product_brand":[],"product_cat":[271],"product_tag":[],"class_list":{"0":"post-29476","1":"product","2":"type-product","3":"status-publish","4":"has-post-thumbnail","6":"product_cat-balls-leather","8":"first","9":"instock","10":"product-type-simple"},"_links":{"self":[{"href":"https:\/\/www.eco-leather.com\/de\/wp-json\/wp\/v2\/product\/29476","targetHints":{"allow":["GET"]}}],"collection":[{"href":"https:\/\/www.eco-leather.com\/de\/wp-json\/wp\/v2\/product"}],"about":[{"href":"https:\/\/www.eco-leather.com\/de\/wp-json\/wp\/v2\/types\/product"}],"wp:featuredmedia":[{"embeddable":true,"href":"https:\/\/www.eco-leather.com\/de\/wp-json\/wp\/v2\/media\/4779"}],"wp:attachment":[{"href":"https:\/\/www.eco-leather.com\/de\/wp-json\/wp\/v2\/media?parent=29476"}],"wp:term":[{"taxonomy":"product_brand","embeddable":true,"href":"https:\/\/www.eco-leather.com\/de\/wp-json\/wp\/v2\/product_brand?post=29476"},{"taxonomy":"product_cat","embeddable":true,"href":"https:\/\/www.eco-leather.com\/de\/wp-json\/wp\/v2\/product_cat?post=29476"},{"taxonomy":"product_tag","embeddable":true,"href":"https:\/\/www.eco-leather.com\/de\/wp-json\/wp\/v2\/product_tag?post=29476"}],"curies":[{"name":"wp","href":"https:\/\/api.w.org\/{rel}","templated":true}]}}