{"id":29471,"date":"2025-09-07T11:03:44","date_gmt":"2025-09-07T03:03:44","guid":{"rendered":"https:\/\/www.eco-leather.com\/product\/texture-vegan-artificial-fabric-for-ball-leather\/"},"modified":"2025-09-07T11:03:50","modified_gmt":"2025-09-07T03:03:50","slug":"texture-vegan-artificial-fabric-for-ball-leather","status":"publish","type":"product","link":"https:\/\/www.eco-leather.com\/de\/texture-vegan-artificial-fabric-for-ball-leather\/","title":{"rendered":"Textur Veganer Kunstfaserstoff f\u00fcr Ball-Leder"},"content":{"rendered":"<h2>Hochwertiges Material - Bekleidungsleder Importiert<\/h2>\n<p><main><\/p>\n<section id=\"product-overview\">\n<h2>Beschreibung des Produkts<\/h2>\n<p>Schnell <strong>Floraler Sofa-Stoff<\/strong> Einzelheiten: Beschreibung:<\/p>\n<p>That <strong>Kleidungsst\u00fcck Leder Importiert<\/strong> &#8220;Wow&#8221; Texture Ever touched something and just gone, &#8220;Whoa, that feels amazing &#8221; Yeah, that&#8217;s our fabric  It has this perfect textured feel that makes people want to reach out and touch it.<\/p>\n<p>Whether it&#8217;s a basketball or a handbag, customers will be drawn to your products just from the feel. Built to Last This fabric doesn&#8217;t just look good   it&#8217;s tough as nails  It resists wear and tear, so your products will stay looking fresh and new for ages.<\/p>\n<p>No flaking, no fading, no worries. It&#8217;s <strong>H\u00e4ndler f\u00fcr Sackleinen<\/strong> like giving your customers a product that can go the distance . Eco-Friendly &amp; Animal-Loving Love animals  Care about the planet  Then you&#8217;ll LOVE our fabric  It&#8217;s 100% vegan and made with sustainable practices.<\/p>\n<p>No harm to animals, no damage to the earth. Just happy customers and a happy planet.<\/p>\n<p>Unser 0,7 mm starkes Ultrasuede Microfiber Faux Leather wird aus hochwertigen Mikrofasermaterialien hergestellt und ist die perfekte Wahl f\u00fcr Fahrradhandschuhe. Es bietet ein ausgewogenes Verh\u00e4ltnis zwischen Flexibilit\u00e4t und St\u00e4rke, au\u00dfergew\u00f6hnliche Atmungsaktivit\u00e4t und feuchtigkeitsableitende Eigenschaften, damit die H\u00e4nde bei intensiven Fahrten k\u00fchl und trocken bleiben.<\/p>\n<p>Ob Sie nun ein professioneller Radfahrer oder ein Freizeitradler sind, Microfiber Leather bietet unschlagbaren Komfort und Schutz. Seine hohe Widerstandsf\u00e4higkeit gegen Abrieb und Risse sorgt f\u00fcr eine lang anhaltende Leistung, w\u00e4hrend das elegante Design einen raffinierten Touch zu jedem Biker-Ensemble hinzuf\u00fcgt.<\/p>\n<\/section>\n<section id=\"features\">\n<h2>Produktmerkmale<\/h2>\n<div class=\"feature-item\">\n<img decoding=\"async\" alt=\"NotSuede Leather Waterproof SprayEasy To Deform PU Material Microfiber Leather is an excellent choice for football applications\" class=\"feature-image left\" src=\"\/wp-content\/uploads\/2025\/08\/texture-vegan-artificial-fabric-for-ball-leather-34958.png\"\/><\/p>\n<h3>Nicht <strong>Wildleder Impr\u00e4gnierspray<\/strong> Leicht verformbares PU-Material Mikrofaserleder ist eine ausgezeichnete Wahl f\u00fcr Fu\u00dfballanwendungen<\/h3>\n<p>Nicht <strong>Wildleder Impr\u00e4gnierspray<\/strong> Leicht verformbares PU-Material Mikrofaserleder ist eine ausgezeichnete Wahl f\u00fcr Fu\u00dfballanwendungen. Dieses Material bietet eine Kombination aus Haltbarkeit, Komfort und Stil, die in anderen Materialien nur schwer zu finden ist.<\/p>\n<div class=\"clear\"><\/div>\n<\/div>\n<div class=\"feature-item\">\n<img decoding=\"async\" alt=\"Es ist \u00e4u\u00dferst verschlei\u00dffest und eignet sich daher ideal f\u00fcr den Einsatz in Stresssituationen, wie sie bei Fu\u00dfballspielen vorkommen.\" class=\"feature-image left\" src=\"\/wp-content\/uploads\/2025\/08\/texture-vegan-artificial-fabric-for-ball-leather-34959.png\"\/><\/p>\n<h3>Es ist \u00e4u\u00dferst verschlei\u00dffest und eignet sich daher ideal f\u00fcr den Einsatz in Stresssituationen, wie sie bei Fu\u00dfballspielen vorkommen.<\/h3>\n<p>It is highly resistant to wear and tear, making it ideal for use in high-stress situations like those encountered during football games. Additionally, it is designed to be breathable and moisture-wicking, which helps to keep players cool and dry during intense physical activity.<\/p>\n<div class=\"clear\"><\/div>\n<\/div>\n<div class=\"feature-item\">\n<img decoding=\"async\" alt=\"Hohe Rei\u00dffestigkeit - Ultrasuede Mikrofaser-Kunstleder f\u00fcr Fahrradhandschuhe\" class=\"feature-image left\" src=\"\/wp-content\/uploads\/2025\/08\/07mm-ultrasuede-microfiber-faux-leather-for-cycling-gloves--37882.jpg\"\/><\/p>\n<h3>Hohe Rei\u00dffestigkeit<\/h3>\n<p>Unser Ultrasuede-Mikrofaserleder zeichnet sich durch eine au\u00dfergew\u00f6hnliche Rei\u00dffestigkeit aus, so dass es unter Belastung nicht bricht oder sich leicht verformt. Dies macht es ideal f\u00fcr Produkte, die Haltbarkeit und langfristige Leistung erfordern.<\/p>\n<div class=\"clear\"><\/div>\n<\/div>\n<div class=\"feature-item\">\n<img decoding=\"async\" alt=\"Formstabilit\u00e4t - Ultrasuede Mikrofaser-Kunstleder f\u00fcr Fahrradhandschuhe\" class=\"feature-image right\" src=\"\/wp-content\/uploads\/2025\/08\/07mm-ultrasuede-microfiber-faux-leather-for-cycling-gloves--37883.jpg\"\/><\/p>\n<h3>Nicht leicht zu verformen<\/h3>\n<p>Dieses Material wurde speziell behandelt, um seine urspr\u00fcngliche Form zu erhalten, und bietet eine hervorragende Elastizit\u00e4t und Stabilit\u00e4t. Es widersteht Verformungen durch \u00e4u\u00dferen Druck oder Dehnung, so dass die Produkte langfristig intakt und attraktiv bleiben.<\/p>\n<div class=\"clear\"><\/div>\n<\/div>\n<div class=\"feature-item\">\n<img decoding=\"async\" alt=\"Strapazierf\u00e4higkeit - Ultrasuede Microfiber Faux Leather f\u00fcr Fahrradhandschuhe\" class=\"feature-image left\" src=\"\/wp-content\/uploads\/2025\/08\/07mm-ultrasuede-microfiber-faux-leather-for-cycling-gloves--37884.jpg\"\/><\/p>\n<h3>Dauerhaftigkeit<\/h3>\n<p>Dieses Material ist extrem widerstandsf\u00e4hig gegen Abrieb, Risse und Einstiche und sorgt daf\u00fcr, dass die Handschuhe auch bei l\u00e4ngerem Gebrauch in bestem Zustand bleiben. Au\u00dferdem bietet es eine hervorragende Fingerfertigkeit und Festigkeit f\u00fcr hochwertige Lederwaren.<\/p>\n<div class=\"clear\"><\/div>\n<\/div>\n<\/section>\n<section id=\"usage\">\n<h2>Verwendung und Anwendungen<\/h2>\n<p><img decoding=\"async\" _src=\"\/wp-content\/uploads\/2025\/08\/texture-vegan-artificial-fabric-for-ball-leather-34957.png\" alt=\"Hochwertiges Material - Bekleidungsleder Importiert\" src=\"\/wp-content\/uploads\/2025\/08\/texture-vegan-artificial-fabric-for-ball-leather-34957.png\"\/><\/p>\n<div class=\"usage-point\">\n<h3>Anwendungen: <strong>Second Hand Ledertaschen<\/strong> Ein weiterer Vorteil des nicht leicht zu verformenden PU-Mikrofaserleders ist seine F\u00e4higkeit, Verformungen zu widerstehen<\/h3>\n<p>Anwendungen: <strong>Second Hand Ledertaschen<\/strong> Ein weiterer Vorteil von Mikrofaserleder aus PU-Material, das sich nicht so leicht verformen l\u00e4sst, ist seine Formbest\u00e4ndigkeit. Das bedeutet, dass es auch bei starkem Druck seine Form beibeh\u00e4lt, was es ideal f\u00fcr die Verwendung als Abdeckung f\u00fcr Fu\u00dfb\u00e4lle macht.<\/p>\n<\/div>\n<div class=\"usage-point\">\n<h3>Die Spieler k\u00f6nnen sich darauf verlassen, dass dieses Material w\u00e4hrend des Trainings und der Spiele ein gleichm\u00e4\u00dfiges Gef\u00fchl und eine gleichm\u00e4\u00dfige Sprungkraft bietet, was zu einer Verbesserung der Leistung auf dem Spielfeld beitragen kann.<\/h3>\n<p>Die Spieler k\u00f6nnen sich darauf verlassen, dass dieses Material w\u00e4hrend des Trainings und der Spiele ein gleichm\u00e4\u00dfiges Gef\u00fchl und eine gleichm\u00e4\u00dfige Sprungkraft bietet, was zu einer Verbesserung der Leistung auf dem Spielfeld beitragen kann.<\/p>\n<\/div>\n<div class=\"usage-point\">\n<h3>Bequem und atmungsaktiv<\/h3>\n<p>Dieses weiche, bequeme und hoch atmungsaktive Material eignet sich perfekt f\u00fcr Fahrradhandschuhe und andere Produkte, die \u00fcber einen l\u00e4ngeren Zeitraum getragen werden. Es h\u00e4lt die H\u00e4nde bei anstrengenden Aktivit\u00e4ten k\u00fchl und trocken.<\/p>\n<\/div>\n<div class=\"usage-point\">\n<h3>Umweltvertr\u00e4glich und nachhaltig<\/h3>\n<p>Unser Ultrasuede-Mikrofaser-Kunstleder umfasst umweltfreundliche Optionen, wie z. B. Varianten aus recyceltem PET und Materialien auf Pflanzenbasis, die die Umweltbelastung verringern und gleichzeitig verschiedene Texturen bieten.<\/p>\n<\/div>\n<div class=\"usage-point\">\n<h3>Antibakterieller Schutz und Schutz vor Staub<\/h3>\n<p>Ausgew\u00e4hlte Varianten verf\u00fcgen \u00fcber antibakterielle und staubabweisende Eigenschaften und erf\u00fcllen hohe Hygienestandards - ideal f\u00fcr Handschuhe, die strenge Qualit\u00e4ts- und Sicherheitskontrollen erfordern.<\/p>\n<\/div>\n<div class=\"usage-point\">\n<h3>Vielf\u00e4ltige Anwendungsszenarien<\/h3>\n<p>Neben Fahrradhandschuhen eignet es sich auch f\u00fcr Fingerhandschuhe, Sicherheitshandschuhe und verschiedene andere Handschuhtypen sowie f\u00fcr Schuhe, Kleidung und Zubeh\u00f6r.<\/p>\n<\/div>\n<p><img decoding=\"async\" alt=\"Anwendungen von 0,7mm Ultrasuede Mikrofaser-Kunstleder in verschiedenen Produkten\" class=\"product-image\" src=\"\/wp-content\/uploads\/2025\/08\/07mm-ultrasuede-microfiber-faux-leather-for-cycling-gloves--37885.jpg\"\/><br \/>\n<img decoding=\"async\" alt=\"Radsporthandschuhe aus Ultrasuede-Mikrofaserleder - Produktbeispiel\" class=\"product-image\" src=\"\/wp-content\/uploads\/2025\/08\/07mm-ultrasuede-microfiber-faux-leather-for-cycling-gloves--37886.jpg\"\/><br \/>\n<\/section>\n<p><\/main><\/p>\n<section id=\"inquiry\">\n<h2 style=\"text-align: center;\">Mit freundlichen Gr\u00fc\u00dfen erwarten wir Ihre Anfrage!<\/h2>\n<p style=\"text-align: center;\">Kontaktieren Sie uns noch heute, um mehr \u00fcber unsere Produkte zu erfahren und Ihre Bestellung aufzugeben.<\/p>\n<\/section>\n\n    <div class=\"xs_social_share_widget xs_share_url after_content \t\tmain_content  wslu-style-1 wslu-share-box-shaped wslu-fill-colored wslu-none wslu-share-horizontal wslu-theme-font-no wslu-main_content\">\n\n\t\t\n        <ul>\n\t\t\t        <\/ul>\n    <\/div>","protected":false},"excerpt":{"rendered":"<div class=\"product-short-description\">Balls Leather Texture Vegan Artificial Fabric for Ball Leather WINIW Texture Vegan Artificial Fabric for Ball Leather Key features include.Ideal for those seeking quality and reliability.<\/p>\n<p>Als direkte Fabrik, Hersteller und Gro\u00dfh\u00e4ndler k\u00f6nnen wir den Produktionsprozess streng kontrollieren, um die Produktqualit\u00e4t zu gew\u00e4hrleisten und Ihnen die g\u00fcnstigsten Preise zu bieten. Wir verf\u00fcgen \u00fcber fortschrittliche Produktionsanlagen und ein professionelles technisches Team, um Ihren Bedarf an Gro\u00dfauftr\u00e4gen zu decken und eine p\u00fcnktliche Lieferung zu gew\u00e4hrleisten.<\/p>\n<\/div>","protected":false},"featured_media":4719,"template":"","meta":[],"product_brand":[],"product_cat":[271],"product_tag":[],"class_list":{"0":"post-29471","1":"product","2":"type-product","3":"status-publish","4":"has-post-thumbnail","6":"product_cat-balls-leather","8":"first","9":"instock","10":"product-type-simple"},"_links":{"self":[{"href":"https:\/\/www.eco-leather.com\/de\/wp-json\/wp\/v2\/product\/29471","targetHints":{"allow":["GET"]}}],"collection":[{"href":"https:\/\/www.eco-leather.com\/de\/wp-json\/wp\/v2\/product"}],"about":[{"href":"https:\/\/www.eco-leather.com\/de\/wp-json\/wp\/v2\/types\/product"}],"wp:featuredmedia":[{"embeddable":true,"href":"https:\/\/www.eco-leather.com\/de\/wp-json\/wp\/v2\/media\/4719"}],"wp:attachment":[{"href":"https:\/\/www.eco-leather.com\/de\/wp-json\/wp\/v2\/media?parent=29471"}],"wp:term":[{"taxonomy":"product_brand","embeddable":true,"href":"https:\/\/www.eco-leather.com\/de\/wp-json\/wp\/v2\/product_brand?post=29471"},{"taxonomy":"product_cat","embeddable":true,"href":"https:\/\/www.eco-leather.com\/de\/wp-json\/wp\/v2\/product_cat?post=29471"},{"taxonomy":"product_tag","embeddable":true,"href":"https:\/\/www.eco-leather.com\/de\/wp-json\/wp\/v2\/product_tag?post=29471"}],"curies":[{"name":"wp","href":"https:\/\/api.w.org\/{rel}","templated":true}]}}