{"id":29468,"date":"2025-09-07T11:03:44","date_gmt":"2025-09-07T03:03:44","guid":{"rendered":"https:\/\/www.eco-leather.com\/product\/white-environmentally-friendly-natural-pvc-leather-for-mikasa-balls\/"},"modified":"2025-09-07T11:03:49","modified_gmt":"2025-09-07T03:03:49","slug":"weises-umweltfreundliches-naturliches-pvc-leder-fur-mikasa-balle","status":"publish","type":"product","link":"https:\/\/www.eco-leather.com\/de\/weises-umweltfreundliches-naturliches-pvc-leder-fur-mikasa-balle\/","title":{"rendered":"Wei\u00dfes umweltfreundliches nat\u00fcrliches PVC-Leder f\u00fcr MIKASA-B\u00e4lle"},"content":{"rendered":"<h2>Langlebiges Material zum Verkauf - Bekleidungsleder importiert, Kunstleder Boxen China<\/h2>\n<p><main><\/p>\n<section id=\"product-overview\">\n<h2>Beschreibung des Produkts<\/h2>\n<p>Schnell <strong>Kunstleder-Elasthan<\/strong> Einzelheiten: Beschreibung:<\/p>\n<p>Langlebig <strong>Automobil LederSitze Service Hund<\/strong> Leistung Die spezielle Zusammensetzung macht dieses Leder besonders widerstandsf\u00e4hig gegen Kratzer und Schrammen. Die Volleyb\u00e4lle bleiben viel l\u00e4nger in wettkampftauglichem Zustand, was Geld f\u00fcr Ersatzb\u00e4lle spart.<\/p>\n<p>Das Material eignet sich auch f\u00fcr unterschiedliche Wetterbedingungen, von hei\u00dfen Hallenpl\u00e4tzen bis hin zu Spielen im Freien. \u00dcberlegenes Spielerlebnis Athleten werden den best\u00e4ndigen Grip und die Sprungkraft dieses Leders zu sch\u00e4tzen wissen.<\/p>\n<p>Die Oberfl\u00e4chentextur ist f\u00fcr optimalen Handkontakt ausgelegt und erm\u00f6glicht den Spielern eine bessere Kontrolle bei schnellen Spielen. Im Gegensatz zu einigen synthetischen Materialien wird es nicht rutschig, wenn Spieler schwitzen.<\/p>\n<p>Unser 0,7 mm starkes Ultrasuede Microfiber Faux Leather wird aus hochwertigen Mikrofasermaterialien hergestellt und ist die perfekte Wahl f\u00fcr Fahrradhandschuhe. Es bietet ein ausgewogenes Verh\u00e4ltnis zwischen Flexibilit\u00e4t und St\u00e4rke, au\u00dfergew\u00f6hnliche Atmungsaktivit\u00e4t und feuchtigkeitsableitende Eigenschaften, damit die H\u00e4nde bei intensiven Fahrten k\u00fchl und trocken bleiben.<\/p>\n<p>Ob Sie nun ein professioneller Radfahrer oder ein Freizeitradler sind, Microfiber Leather bietet unschlagbaren Komfort und Schutz. Seine hohe Widerstandsf\u00e4higkeit gegen Abrieb und Risse sorgt f\u00fcr eine lang anhaltende Leistung, w\u00e4hrend das elegante Design einen raffinierten Touch zu jedem Biker-Ensemble hinzuf\u00fcgt.<\/p>\n<\/section>\n<section id=\"features\">\n<h2>Produktmerkmale<\/h2>\n<div class=\"feature-item\">\n<img decoding=\"async\" alt=\"UnserSuede Leather Waterproof SprayPVC Leder zeichnet sich dadurch aus, dass es mit nat\u00fcrlichen Inhaltsstoffen und umweltfreundlichen Verfahren hergestellt wird\" class=\"feature-image left\" src=\"\/wp-content\/uploads\/2025\/08\/white-environmentally-friendly-natural-pvc-leather-for-mikasa-balls-34948.png\"\/><\/p>\n<h3>Unser <strong>Wildleder Impr\u00e4gnierspray<\/strong> PVC-Leder zeichnet sich dadurch aus, dass es mit nat\u00fcrlichen Inhaltsstoffen und umweltfreundlichen Verfahren hergestellt wird.<\/h3>\n<p>Unser <strong>Wildleder Impr\u00e4gnierspray<\/strong> PVC-Leder zeichnet sich dadurch aus, dass es mit nat\u00fcrlichen Inhaltsstoffen und umweltfreundlichen Verfahren hergestellt wird. Im Gegensatz zu herk\u00f6mmlichen synthetischen Ledern vermeiden wir sch\u00e4dliche Chemikalien und bieten dennoch eine hervorragende Haltbarkeit.<\/p>\n<div class=\"clear\"><\/div>\n<\/div>\n<div class=\"feature-item\">\n<img decoding=\"async\" alt=\"Die strahlend wei\u00dfe Farbe sieht auch nach unz\u00e4hligen Spielen noch frisch aus, und die glatte Oberfl\u00e4che erm\u00f6glicht den Spielern eine perfekte Ballkontrolle.\" class=\"feature-image left\" src=\"\/wp-content\/uploads\/2025\/08\/white-environmentally-friendly-natural-pvc-leather-for-mikasa-balls-34949.png\"\/><\/p>\n<h3>Die strahlend wei\u00dfe Farbe sieht auch nach unz\u00e4hligen Spielen noch frisch aus, und die glatte Oberfl\u00e4che erm\u00f6glicht den Spielern eine perfekte Ballkontrolle.<\/h3>\n<p>Die strahlend wei\u00dfe Farbe sieht auch nach unz\u00e4hligen Spielen noch frisch aus, und die glatte Oberfl\u00e4che erm\u00f6glicht den Spielern eine perfekte Ballkontrolle. Ob bei Profispielen oder im Schulsport - dieses Leder bietet eine hervorragende Leistung und schont die Umwelt.<\/p>\n<div class=\"clear\"><\/div>\n<\/div>\n<div class=\"feature-item\">\n<img decoding=\"async\" alt=\"Hohe Rei\u00dffestigkeit - Ultrasuede Mikrofaser-Kunstleder f\u00fcr Fahrradhandschuhe\" class=\"feature-image left\" src=\"\/wp-content\/uploads\/2025\/08\/07mm-ultrasuede-microfiber-faux-leather-for-cycling-gloves--37882.jpg\"\/><\/p>\n<h3>Hohe Rei\u00dffestigkeit<\/h3>\n<p>Unser Ultrasuede-Mikrofaserleder zeichnet sich durch eine au\u00dfergew\u00f6hnliche Rei\u00dffestigkeit aus, so dass es unter Belastung nicht bricht oder sich leicht verformt. Dies macht es ideal f\u00fcr Produkte, die Haltbarkeit und langfristige Leistung erfordern.<\/p>\n<div class=\"clear\"><\/div>\n<\/div>\n<div class=\"feature-item\">\n<img decoding=\"async\" alt=\"Formstabilit\u00e4t - Ultrasuede Mikrofaser-Kunstleder f\u00fcr Fahrradhandschuhe\" class=\"feature-image right\" src=\"\/wp-content\/uploads\/2025\/08\/07mm-ultrasuede-microfiber-faux-leather-for-cycling-gloves--37883.jpg\"\/><\/p>\n<h3>Nicht leicht zu verformen<\/h3>\n<p>Dieses Material wurde speziell behandelt, um seine urspr\u00fcngliche Form zu erhalten, und bietet eine hervorragende Elastizit\u00e4t und Stabilit\u00e4t. Es widersteht Verformungen durch \u00e4u\u00dferen Druck oder Dehnung, so dass die Produkte langfristig intakt und attraktiv bleiben.<\/p>\n<div class=\"clear\"><\/div>\n<\/div>\n<div class=\"feature-item\">\n<img decoding=\"async\" alt=\"Strapazierf\u00e4higkeit - Ultrasuede Microfiber Faux Leather f\u00fcr Fahrradhandschuhe\" class=\"feature-image left\" src=\"\/wp-content\/uploads\/2025\/08\/07mm-ultrasuede-microfiber-faux-leather-for-cycling-gloves--37884.jpg\"\/><\/p>\n<h3>Dauerhaftigkeit<\/h3>\n<p>Dieses Material ist extrem widerstandsf\u00e4hig gegen Abrieb, Risse und Einstiche und sorgt daf\u00fcr, dass die Handschuhe auch bei l\u00e4ngerem Gebrauch in bestem Zustand bleiben. Au\u00dferdem bietet es eine hervorragende Fingerfertigkeit und Festigkeit f\u00fcr hochwertige Lederwaren.<\/p>\n<div class=\"clear\"><\/div>\n<\/div>\n<\/section>\n<section id=\"usage\">\n<h2>Verwendung und Anwendungen<\/h2>\n<p><img decoding=\"async\" _src=\"\/wp-content\/uploads\/2025\/08\/white-environmentally-friendly-natural-pvc-leather-for-mikasa-balls-34950.png\" alt=\"Langlebiges Material zum Verkauf - Eco Car Lederjacke, Bekleidungsleder Importiert\" src=\"\/wp-content\/uploads\/2025\/08\/white-environmentally-friendly-natural-pvc-leather-for-mikasa-balls-34950.png\"\/><\/p>\n<div class=\"usage-point\">\n<h3>Die <strong>Kleidungsst\u00fcck Leder Importiert<\/strong> Das Material ist speziell behandelt, um Abnutzungserscheinungen bei rauem Spiel und h\u00e4ufigem Gebrauch zu widerstehen.<\/h3>\n<p>Die <strong>Kleidungsst\u00fcck Leder Importiert<\/strong> Das Material ist speziell behandelt, um Abnutzungserscheinungen bei rauem Spiel und h\u00e4ufigem Gebrauch zu widerstehen. Sie werden feststellen, dass es auch nach vielen Spielen seine Form und Textur beibeh\u00e4lt.<\/p>\n<\/div>\n<div class=\"usage-point\">\n<h3>Auch die Reinigung ist einfach: mit einem feuchten Tuch abwischen, damit es wie neu aussieht.<\/h3>\n<p>Die Reinigung ist einfach, wischen Sie einfach mit einem feuchten Tuch, um es wie neu aussehen zu halten. WINIW Company Factory Wholesale Leatherette Material Manufacturerstakes stolz auf die Schaffung von Produkten, die Athleten helfen, ihr Bestes zu geben, w\u00e4hrend sie freundlicher zu unserem Planeten.<\/p>\n<\/div>\n<div class=\"usage-point\">\n<h3>Besser f\u00fcr die Umwelt Unsere nat\u00fcrliche PVC-Formel verwendet pflanzliche Materialien anstelle von aggressiven Chemikalien<\/h3>\n<p>Besser f\u00fcr die Umwelt Unsere nat\u00fcrliche PVC-Formel verwendet pflanzliche Materialien anstelle von aggressiven Chemikalien. Das bedeutet weniger Umweltverschmutzung w\u00e4hrend der Produktion und eine sicherere Entsorgung nach Ablauf der Lebensdauer des Produkts. Sportteams k\u00f6nnen sich mit gutem Gewissen f\u00fcr Ausr\u00fcstung entscheiden, die ihren \u00f6kologischen Werten entspricht.<\/p>\n<\/div>\n<div class=\"usage-point\">\n<h3>Bequem und atmungsaktiv<\/h3>\n<p>Dieses weiche, bequeme und hoch atmungsaktive Material eignet sich perfekt f\u00fcr Fahrradhandschuhe und andere Produkte, die \u00fcber einen l\u00e4ngeren Zeitraum getragen werden. Es h\u00e4lt die H\u00e4nde bei anstrengenden Aktivit\u00e4ten k\u00fchl und trocken.<\/p>\n<\/div>\n<div class=\"usage-point\">\n<h3>Umweltvertr\u00e4glich und nachhaltig<\/h3>\n<p>Unser Ultrasuede-Mikrofaser-Kunstleder umfasst umweltfreundliche Optionen, wie z. B. Varianten aus recyceltem PET und Materialien auf Pflanzenbasis, die die Umweltbelastung verringern und gleichzeitig verschiedene Texturen bieten.<\/p>\n<\/div>\n<div class=\"usage-point\">\n<h3>Antibakterieller Schutz und Schutz vor Staub<\/h3>\n<p>Ausgew\u00e4hlte Varianten verf\u00fcgen \u00fcber antibakterielle und staubabweisende Eigenschaften und erf\u00fcllen hohe Hygienestandards - ideal f\u00fcr Handschuhe, die strenge Qualit\u00e4ts- und Sicherheitskontrollen erfordern.<\/p>\n<\/div>\n<div class=\"usage-point\">\n<h3>Vielf\u00e4ltige Anwendungsszenarien<\/h3>\n<p>Neben Fahrradhandschuhen eignet es sich auch f\u00fcr Fingerhandschuhe, Sicherheitshandschuhe und verschiedene andere Handschuhtypen sowie f\u00fcr Schuhe, Kleidung und Zubeh\u00f6r.<\/p>\n<\/div>\n<p><img decoding=\"async\" alt=\"Anwendungen von 0,7mm Ultrasuede Mikrofaser-Kunstleder in verschiedenen Produkten\" class=\"product-image\" src=\"\/wp-content\/uploads\/2025\/08\/07mm-ultrasuede-microfiber-faux-leather-for-cycling-gloves--37885.jpg\"\/><br \/>\n<img decoding=\"async\" alt=\"Radsporthandschuhe aus Ultrasuede-Mikrofaserleder - Produktbeispiel\" class=\"product-image\" src=\"\/wp-content\/uploads\/2025\/08\/07mm-ultrasuede-microfiber-faux-leather-for-cycling-gloves--37886.jpg\"\/><br \/>\n<\/section>\n<section id=\"why-choose-us\">\n<h2>Warum WINIW w\u00e4hlen<\/h2>\n<div class=\"advantage-item\">\n<h3>WINIW Company Factory Gro\u00dfhandel Kunstleder Material Manufacturersis aufgeregt, um unsere neuen wei\u00dfen umweltfreundlichen nat\u00fcrlichen PVC-Leder, speziell f\u00fcr MIKASA Volleyb\u00e4lle und Sportger\u00e4te konzipiert einzuf\u00fchren<\/h3>\n<p>WINIW Company Factory Wholesale Leatherette Material Manufacturers freut sich, unser neues wei\u00dfes umweltfreundliches nat\u00fcrliches PVC-Leder vorzustellen, das speziell f\u00fcr MIKASA Volleyb\u00e4lle und Sportger\u00e4te entwickelt wurde. Dieses innovative Material vereint Top-Leistung und umweltbewusste Herstellung, so dass es perfekt f\u00fcr Sportler und Sportmarken, die \u00fcber Qualit\u00e4t und die Umwelt zu k\u00fcmmern.<\/p>\n<\/div>\n<div class=\"advantage-item\">\n<h3>Qualit\u00e4tssicherung<\/h3>\n<p>Wir f\u00fchren w\u00e4hrend der gesamten Produktions- und Lieferkette strenge Qualit\u00e4tskontrollen durch und halten uns an die ISO9001-Normen. Von der Auswahl der Rohstoffe bis zur Endkontrolle stehen die Interessen unserer Kunden an erster Stelle.<\/p>\n<\/div>\n<div class=\"advantage-item\">\n<h3>Professionelles technisches Team<\/h3>\n<p>Unser spezialisiertes technisches Team besteht aus erfahrenen Fachleuten aus verschiedenen Bereichen, die sich der Lieferung hochwertiger Produkte und ma\u00dfgeschneiderter L\u00f6sungen verschrieben haben.<\/p>\n<\/div>\n<div class=\"advantage-item\">\n<h3>Breite Palette von Anwendungen<\/h3>\n<p>Unsere Materialien finden breite Anwendung in Schuhen, Kleidung, Gep\u00e4ck, Autoinnenr\u00e4umen, Sofam\u00f6beln und vielem mehr.<\/p>\n<\/div>\n<div class=\"advantage-item\">\n<h3>Reiche Erfahrung<\/h3>\n<p>Quanzhou WINIW Import &amp; Export Co, Ltd. verf\u00fcgt \u00fcber mehr als 20 Jahre Produktionserfahrung und bietet perfekte L\u00f6sungen f\u00fcr Kunden weltweit.<\/p>\n<\/div>\n<div class=\"advantage-item\">\n<h3>Erschwinglicher Preis<\/h3>\n<p>Wir bieten wettbewerbsf\u00e4hige Preise und einen hervorragenden Kundenservice. Fordern Sie einen Katalog an oder besuchen Sie unser Werk, um unsere Produkte kennenzulernen.<\/p>\n<\/div>\n<div class=\"advantage-item\">\n<h3>24-Stunden-Online-Kundendienst<\/h3>\n<p>Unser Team steht rund um die Uhr zur Verf\u00fcgung, um Anfragen zu beantworten und R\u00fcckmeldungen zeitnah zu bearbeiten.<\/p>\n<\/div>\n<p><img decoding=\"async\" alt=\"WINIW Produktionsst\u00e4tte - Herstellungsprozess von Ultrasuede-Mikrofaserleder\" class=\"product-image\" src=\"\/wp-content\/uploads\/2025\/08\/07mm-ultrasuede-microfiber-faux-leather-for-cycling-gloves--37888.jpg\"\/><br \/>\n<\/section>\n<p><\/main><\/p>\n<section id=\"inquiry\">\n<h2 style=\"text-align: center;\">Mit freundlichen Gr\u00fc\u00dfen erwarten wir Ihre Anfrage!<\/h2>\n<p style=\"text-align: center;\">Kontaktieren Sie uns noch heute, um mehr \u00fcber unsere Produkte zu erfahren und Ihre Bestellung aufzugeben.<\/p>\n<\/section>\n\n    <div class=\"xs_social_share_widget xs_share_url after_content \t\tmain_content  wslu-style-1 wslu-share-box-shaped wslu-fill-colored wslu-none wslu-share-horizontal wslu-theme-font-no wslu-main_content\">\n\n\t\t\n        <ul>\n\t\t\t        <\/ul>\n    <\/div>","protected":false},"excerpt":{"rendered":"<div class=\"product-short-description\">B\u00e4lle Leder Wei\u00df Umweltfreundliches nat\u00fcrliches PVC-Leder f\u00fcr MIKASA B\u00e4lle WINIW Wei\u00dfes umweltfreundliches nat\u00fcrliches PVC-Leder f\u00fcr MIKASA B\u00e4lle Hauptmerkmale sind Ideal f\u00fcr diejenigen, die Qualit\u00e4t und Zuverl\u00e4ssigkeit suchen.<\/p>\n<p>Als direkte Fabrik, Hersteller und Gro\u00dfh\u00e4ndler k\u00f6nnen wir den Produktionsprozess streng kontrollieren, um die Produktqualit\u00e4t zu gew\u00e4hrleisten und Ihnen die g\u00fcnstigsten Preise zu bieten. Wir verf\u00fcgen \u00fcber fortschrittliche Produktionsanlagen und ein professionelles technisches Team, um Ihren Bedarf an Gro\u00dfauftr\u00e4gen zu decken und eine p\u00fcnktliche Lieferung zu gew\u00e4hrleisten.<\/p>\n<\/div>","protected":false},"featured_media":4713,"template":"","meta":[],"product_brand":[],"product_cat":[271],"product_tag":[19201],"class_list":{"0":"post-29468","1":"product","2":"type-product","3":"status-publish","4":"has-post-thumbnail","6":"product_cat-balls-leather","7":"product_tag-pvc-leather-fabric-customizepvc-leather-fabric-wholesalerpvc-leather-fabric-odmpvc-leather-fabric-exportpvc-leather-fabric-providerpvc-leather-fabric-private-label","9":"first","10":"instock","11":"product-type-simple"},"_links":{"self":[{"href":"https:\/\/www.eco-leather.com\/de\/wp-json\/wp\/v2\/product\/29468","targetHints":{"allow":["GET"]}}],"collection":[{"href":"https:\/\/www.eco-leather.com\/de\/wp-json\/wp\/v2\/product"}],"about":[{"href":"https:\/\/www.eco-leather.com\/de\/wp-json\/wp\/v2\/types\/product"}],"wp:featuredmedia":[{"embeddable":true,"href":"https:\/\/www.eco-leather.com\/de\/wp-json\/wp\/v2\/media\/4713"}],"wp:attachment":[{"href":"https:\/\/www.eco-leather.com\/de\/wp-json\/wp\/v2\/media?parent=29468"}],"wp:term":[{"taxonomy":"product_brand","embeddable":true,"href":"https:\/\/www.eco-leather.com\/de\/wp-json\/wp\/v2\/product_brand?post=29468"},{"taxonomy":"product_cat","embeddable":true,"href":"https:\/\/www.eco-leather.com\/de\/wp-json\/wp\/v2\/product_cat?post=29468"},{"taxonomy":"product_tag","embeddable":true,"href":"https:\/\/www.eco-leather.com\/de\/wp-json\/wp\/v2\/product_tag?post=29468"}],"curies":[{"name":"wp","href":"https:\/\/api.w.org\/{rel}","templated":true}]}}