{"id":29467,"date":"2025-09-07T11:03:44","date_gmt":"2025-09-07T03:03:44","guid":{"rendered":"https:\/\/www.eco-leather.com\/product\/colored-elastic-pu-microfiber-leather-for-mikasa-balls\/"},"modified":"2025-09-07T11:03:48","modified_gmt":"2025-09-07T03:03:48","slug":"colored-elastic-pu-microfiber-leather-for-mikasa-balls","status":"publish","type":"product","link":"https:\/\/www.eco-leather.com\/de\/colored-elastic-pu-microfiber-leather-for-mikasa-balls\/","title":{"rendered":"Farbiges elastisches PU-Mikrofaserleder f\u00fcr MIKASA-B\u00e4lle"},"content":{"rendered":"<h2>Premium fabric product &#8211; Second Hand Leather Bags, Faux Leather Boxes China<\/h2>\n<p><main><\/p>\n<section id=\"product-overview\">\n<h2>Beschreibung des Produkts<\/h2>\n<p>Schnell <strong>Italian Pu Microfiber Manufacturer<\/strong> Einzelheiten: Beschreibung:<\/p>\n<p>Unser 0,7 mm starkes Ultrasuede Microfiber Faux Leather wird aus hochwertigen Mikrofasermaterialien hergestellt und ist die perfekte Wahl f\u00fcr Fahrradhandschuhe. Es bietet ein ausgewogenes Verh\u00e4ltnis zwischen Flexibilit\u00e4t und St\u00e4rke, au\u00dfergew\u00f6hnliche Atmungsaktivit\u00e4t und feuchtigkeitsableitende Eigenschaften, damit die H\u00e4nde bei intensiven Fahrten k\u00fchl und trocken bleiben.<\/p>\n<p>Ob Sie nun ein professioneller Radfahrer oder ein Freizeitradler sind, Microfiber Leather bietet unschlagbaren Komfort und Schutz. Seine hohe Widerstandsf\u00e4higkeit gegen Abrieb und Risse sorgt f\u00fcr eine lang anhaltende Leistung, w\u00e4hrend das elegante Design einen raffinierten Touch zu jedem Biker-Ensemble hinzuf\u00fcgt.<\/p>\n<\/section>\n<section id=\"specifications\">\n<h2>Technische Parameter<\/h2>\n<ul class_=\"parameters-list\">\n<li><span class=\"param-name\">Great <strong>Kleidungsst\u00fcck Leder Importiert<\/strong> Elasticity:<\/span> Our leather has excellent elasticity. That means when the ball is hit, it can bounce back really well. Just like a little energetic bunny!<\/li>\n<li><span class=\"param-name\">It helps the ball keep its shape and gives a lively bounce every time, making the game more exciting for players. Colorful Options:<\/span> There are many colors available. You can choose the ones that match your team&#8217;s colors or just pick the ones that look the coolest.<\/li>\n<li><span class=\"param-name\">It&#8217;s <strong>Automobil LederSitze Service Hund<\/strong> like having a rainbow of choices for your MIKASA Balls. You can make your balls unique and show off your style on the court. Durable Quality:<\/span> WINIW Company Factory Wholesale Silicone Leather Manufacturersensures the quality is top-notch.<\/li>\n<p>This leather is made to last. It won&#8217;t easily get torn or damaged even after lots of intense games. So you don&#8217;t have to worry about replacing the leather on your balls too often.<\/p>\n<p>It&#8217;s like having a tough little armor for your MIKASA Balls.<\/p>\n<\/ul>\n<p><img decoding=\"async\" alt=\"0.7mm Ultrasuede Mikrofaser Kunstleder f\u00fcr Radsporthandschuhe - Materialspezifikation\" class=\"product-image\" src=\"\/wp-content\/uploads\/2025\/08\/07mm-ultrasuede-microfiber-faux-leather-for-cycling-gloves--37881.jpg\"\/><\/p>\n<h3>Produkt-Parameter<\/h3>\n<ul class=\"parameters-list\">\n<li><span class=\"param-name\">Material:<\/span> Mikrofaser + PU<\/li>\n<li><span class=\"param-name\">Farbe:<\/span> Schwarz, Grau, Beige (benutzerdefinierte Farben verf\u00fcgbar)<\/li>\n<li><span class=\"param-name\">Die Dicke:<\/span> 0,6 mm, 0,7 mm, 0,8 mm, 1 mm<\/li>\n<li><span class=\"param-name\">Mindestbestellmenge:<\/span> 300 laufende Meter<\/li>\n<li><span class=\"param-name\">L\u00e4nge der Rolle:<\/span> 20-30m\/Rolle<\/li>\n<li><span class=\"param-name\">Lieferzeiten:<\/span> 15-20 Tage<\/li>\n<li><span class=\"param-name\">Breite:<\/span> 54\u2033, 137cm<\/li>\n<li><span class=\"param-name\">Produktionskapazit\u00e4t:<\/span> 1.000.000 Meter monatlich<\/li>\n<\/ul>\n<\/section>\n<section id=\"features\">\n<h2>Produktmerkmale<\/h2>\n<div class=\"feature-item\">\n<img decoding=\"async\" alt=\"NotWaterproof Faux LeathermanEasy To Deform PU Material Microfiber Leather is an excellent choice for football applications\" class=\"feature-image left\" src=\"\/wp-content\/uploads\/2025\/08\/colored-elastic-pu-microfiber-leather-for-mikasa-balls-34946.png\"\/><\/p>\n<h3>Nicht <strong>Wasserdichtes Faux Leatherman<\/strong> Leicht verformbares PU-Material Mikrofaserleder ist eine ausgezeichnete Wahl f\u00fcr Fu\u00dfballanwendungen<\/h3>\n<p>Nicht <strong>Wasserdichtes Faux Leatherman<\/strong> Leicht verformbares PU-Material Mikrofaserleder ist eine ausgezeichnete Wahl f\u00fcr Fu\u00dfballanwendungen. Dieses Material bietet eine Kombination aus Haltbarkeit, Komfort und Stil, die in anderen Materialien nur schwer zu finden ist.<\/p>\n<div class=\"clear\"><\/div>\n<\/div>\n<div class=\"feature-item\">\n<img decoding=\"async\" alt=\"Es ist \u00e4u\u00dferst verschlei\u00dffest und eignet sich daher ideal f\u00fcr den Einsatz in Stresssituationen, wie sie bei Fu\u00dfballspielen vorkommen.\" class=\"feature-image left\" src=\"\/wp-content\/uploads\/2025\/08\/colored-elastic-pu-microfiber-leather-for-mikasa-balls-34947.png\"\/><\/p>\n<h3>Es ist \u00e4u\u00dferst verschlei\u00dffest und eignet sich daher ideal f\u00fcr den Einsatz in Stresssituationen, wie sie bei Fu\u00dfballspielen vorkommen.<\/h3>\n<p>It is highly resistant to wear and tear, making it ideal for use in high-stress situations like those encountered during football games. Additionally, it is designed to be breathable and moisture-wicking, which helps to keep players cool and dry during intense physical activity.<\/p>\n<div class=\"clear\"><\/div>\n<\/div>\n<div class=\"feature-item\">\n<img decoding=\"async\" alt=\"Hohe Rei\u00dffestigkeit - Ultrasuede Mikrofaser-Kunstleder f\u00fcr Fahrradhandschuhe\" class=\"feature-image left\" src=\"\/wp-content\/uploads\/2025\/08\/07mm-ultrasuede-microfiber-faux-leather-for-cycling-gloves--37882.jpg\"\/><\/p>\n<h3>Hohe Rei\u00dffestigkeit<\/h3>\n<p>Unser Ultrasuede-Mikrofaserleder zeichnet sich durch eine au\u00dfergew\u00f6hnliche Rei\u00dffestigkeit aus, so dass es unter Belastung nicht bricht oder sich leicht verformt. Dies macht es ideal f\u00fcr Produkte, die Haltbarkeit und langfristige Leistung erfordern.<\/p>\n<div class=\"clear\"><\/div>\n<\/div>\n<div class=\"feature-item\">\n<img decoding=\"async\" alt=\"Formstabilit\u00e4t - Ultrasuede Mikrofaser-Kunstleder f\u00fcr Fahrradhandschuhe\" class=\"feature-image right\" src=\"\/wp-content\/uploads\/2025\/08\/07mm-ultrasuede-microfiber-faux-leather-for-cycling-gloves--37883.jpg\"\/><\/p>\n<h3>Nicht leicht zu verformen<\/h3>\n<p>Dieses Material wurde speziell behandelt, um seine urspr\u00fcngliche Form zu erhalten, und bietet eine hervorragende Elastizit\u00e4t und Stabilit\u00e4t. Es widersteht Verformungen durch \u00e4u\u00dferen Druck oder Dehnung, so dass die Produkte langfristig intakt und attraktiv bleiben.<\/p>\n<div class=\"clear\"><\/div>\n<\/div>\n<div class=\"feature-item\">\n<img decoding=\"async\" alt=\"Strapazierf\u00e4higkeit - Ultrasuede Microfiber Faux Leather f\u00fcr Fahrradhandschuhe\" class=\"feature-image left\" src=\"\/wp-content\/uploads\/2025\/08\/07mm-ultrasuede-microfiber-faux-leather-for-cycling-gloves--37884.jpg\"\/><\/p>\n<h3>Dauerhaftigkeit<\/h3>\n<p>Dieses Material ist extrem widerstandsf\u00e4hig gegen Abrieb, Risse und Einstiche und sorgt daf\u00fcr, dass die Handschuhe auch bei l\u00e4ngerem Gebrauch in bestem Zustand bleiben. Au\u00dferdem bietet es eine hervorragende Fingerfertigkeit und Festigkeit f\u00fcr hochwertige Lederwaren.<\/p>\n<div class=\"clear\"><\/div>\n<\/div>\n<\/section>\n<section id=\"usage\">\n<h2>Verwendung und Anwendungen<\/h2>\n<p><img decoding=\"async\" _src=\"\/wp-content\/uploads\/2025\/08\/colored-elastic-pu-microfiber-leather-for-mikasa-balls-34945.png\" alt=\"Premium fabric product - Second Hand Leather Bags, Faux Leather Boxes China\" src=\"\/wp-content\/uploads\/2025\/08\/colored-elastic-pu-microfiber-leather-for-mikasa-balls-34945.png\"\/><\/p>\n<div class=\"usage-point\">\n<h3>Anwendungen: <strong>Second Hand Ledertaschen<\/strong> Ein weiterer Vorteil des nicht leicht zu verformenden PU-Mikrofaserleders ist seine F\u00e4higkeit, Verformungen zu widerstehen<\/h3>\n<p>Anwendungen: <strong>Second Hand Ledertaschen<\/strong> Ein weiterer Vorteil von Mikrofaserleder aus PU-Material, das sich nicht so leicht verformen l\u00e4sst, ist seine Formbest\u00e4ndigkeit. Das bedeutet, dass es auch bei starkem Druck seine Form beibeh\u00e4lt, was es ideal f\u00fcr die Verwendung als Abdeckung f\u00fcr Fu\u00dfb\u00e4lle macht.<\/p>\n<\/div>\n<div class=\"usage-point\">\n<h3>Die Spieler k\u00f6nnen sich darauf verlassen, dass dieses Material w\u00e4hrend des Trainings und der Spiele ein gleichm\u00e4\u00dfiges Gef\u00fchl und eine gleichm\u00e4\u00dfige Sprungkraft bietet, was zu einer Verbesserung der Leistung auf dem Spielfeld beitragen kann.<\/h3>\n<p>Die Spieler k\u00f6nnen sich darauf verlassen, dass dieses Material w\u00e4hrend des Trainings und der Spiele ein gleichm\u00e4\u00dfiges Gef\u00fchl und eine gleichm\u00e4\u00dfige Sprungkraft bietet, was zu einer Verbesserung der Leistung auf dem Spielfeld beitragen kann.<\/p>\n<\/div>\n<div class=\"usage-point\">\n<h3>Bequem und atmungsaktiv<\/h3>\n<p>Dieses weiche, bequeme und hoch atmungsaktive Material eignet sich perfekt f\u00fcr Fahrradhandschuhe und andere Produkte, die \u00fcber einen l\u00e4ngeren Zeitraum getragen werden. Es h\u00e4lt die H\u00e4nde bei anstrengenden Aktivit\u00e4ten k\u00fchl und trocken.<\/p>\n<\/div>\n<div class=\"usage-point\">\n<h3>Umweltvertr\u00e4glich und nachhaltig<\/h3>\n<p>Unser Ultrasuede-Mikrofaser-Kunstleder umfasst umweltfreundliche Optionen, wie z. B. Varianten aus recyceltem PET und Materialien auf Pflanzenbasis, die die Umweltbelastung verringern und gleichzeitig verschiedene Texturen bieten.<\/p>\n<\/div>\n<div class=\"usage-point\">\n<h3>Antibakterieller Schutz und Schutz vor Staub<\/h3>\n<p>Ausgew\u00e4hlte Varianten verf\u00fcgen \u00fcber antibakterielle und staubabweisende Eigenschaften und erf\u00fcllen hohe Hygienestandards - ideal f\u00fcr Handschuhe, die strenge Qualit\u00e4ts- und Sicherheitskontrollen erfordern.<\/p>\n<\/div>\n<div class=\"usage-point\">\n<h3>Vielf\u00e4ltige Anwendungsszenarien<\/h3>\n<p>Neben Fahrradhandschuhen eignet es sich auch f\u00fcr Fingerhandschuhe, Sicherheitshandschuhe und verschiedene andere Handschuhtypen sowie f\u00fcr Schuhe, Kleidung und Zubeh\u00f6r.<\/p>\n<\/div>\n<p><img decoding=\"async\" alt=\"Anwendungen von 0,7mm Ultrasuede Mikrofaser-Kunstleder in verschiedenen Produkten\" class=\"product-image\" src=\"\/wp-content\/uploads\/2025\/08\/07mm-ultrasuede-microfiber-faux-leather-for-cycling-gloves--37885.jpg\"\/><br \/>\n<img decoding=\"async\" alt=\"Radsporthandschuhe aus Ultrasuede-Mikrofaserleder - Produktbeispiel\" class=\"product-image\" src=\"\/wp-content\/uploads\/2025\/08\/07mm-ultrasuede-microfiber-faux-leather-for-cycling-gloves--37886.jpg\"\/><br \/>\n<\/section>\n<p><\/main><\/p>\n<section id=\"inquiry\">\n<h2 style=\"text-align: center;\">Mit freundlichen Gr\u00fc\u00dfen erwarten wir Ihre Anfrage!<\/h2>\n<p style=\"text-align: center;\">Kontaktieren Sie uns noch heute, um mehr \u00fcber unsere Produkte zu erfahren und Ihre Bestellung aufzugeben.<\/p>\n<\/section>\n\n    <div class=\"xs_social_share_widget xs_share_url after_content \t\tmain_content  wslu-style-1 wslu-share-box-shaped wslu-fill-colored wslu-none wslu-share-horizontal wslu-theme-font-no wslu-main_content\">\n\n\t\t\n        <ul>\n\t\t\t        <\/ul>\n    <\/div>","protected":false},"excerpt":{"rendered":"<div class=\"product-short-description\">Balls Leather Colored Elastic PU Microfiber leather for MIKASA Balls WINIW Colored Elastic PU Microfiber leather for MIKASA Balls Key features include.Ideal for those seeking quality and reliability.<\/p>\n<p>Als direkte Fabrik, Hersteller und Gro\u00dfh\u00e4ndler k\u00f6nnen wir den Produktionsprozess streng kontrollieren, um die Produktqualit\u00e4t zu gew\u00e4hrleisten und Ihnen die g\u00fcnstigsten Preise zu bieten. Wir verf\u00fcgen \u00fcber fortschrittliche Produktionsanlagen und ein professionelles technisches Team, um Ihren Bedarf an Gro\u00dfauftr\u00e4gen zu decken und eine p\u00fcnktliche Lieferung zu gew\u00e4hrleisten.<\/p>\n<\/div>","protected":false},"featured_media":4711,"template":"","meta":[],"product_brand":[],"product_cat":[271],"product_tag":[],"class_list":{"0":"post-29467","1":"product","2":"type-product","3":"status-publish","4":"has-post-thumbnail","6":"product_cat-balls-leather","8":"first","9":"instock","10":"product-type-simple"},"_links":{"self":[{"href":"https:\/\/www.eco-leather.com\/de\/wp-json\/wp\/v2\/product\/29467","targetHints":{"allow":["GET"]}}],"collection":[{"href":"https:\/\/www.eco-leather.com\/de\/wp-json\/wp\/v2\/product"}],"about":[{"href":"https:\/\/www.eco-leather.com\/de\/wp-json\/wp\/v2\/types\/product"}],"wp:featuredmedia":[{"embeddable":true,"href":"https:\/\/www.eco-leather.com\/de\/wp-json\/wp\/v2\/media\/4711"}],"wp:attachment":[{"href":"https:\/\/www.eco-leather.com\/de\/wp-json\/wp\/v2\/media?parent=29467"}],"wp:term":[{"taxonomy":"product_brand","embeddable":true,"href":"https:\/\/www.eco-leather.com\/de\/wp-json\/wp\/v2\/product_brand?post=29467"},{"taxonomy":"product_cat","embeddable":true,"href":"https:\/\/www.eco-leather.com\/de\/wp-json\/wp\/v2\/product_cat?post=29467"},{"taxonomy":"product_tag","embeddable":true,"href":"https:\/\/www.eco-leather.com\/de\/wp-json\/wp\/v2\/product_tag?post=29467"}],"curies":[{"name":"wp","href":"https:\/\/api.w.org\/{rel}","templated":true}]}}