{"id":29459,"date":"2025-09-07T11:03:44","date_gmt":"2025-09-07T03:03:44","guid":{"rendered":"https:\/\/www.eco-leather.com\/product\/1-2-mm-cream-white-resistant-to-fading-microfiber-pu-leather-for-soccer-ball\/"},"modified":"2025-09-07T11:03:45","modified_gmt":"2025-09-07T03:03:45","slug":"1-2-mm-cream-white-resistant-to-fading-microfiber-pu-leather-for-soccer-ball","status":"publish","type":"product","link":"https:\/\/www.eco-leather.com\/de\/1-2-mm-cream-white-resistant-to-fading-microfiber-pu-leather-for-soccer-ball\/","title":{"rendered":"1,2 mm Creme Wei\u00df Resistant To Fading Microfiber PU Leder f\u00fcr Fu\u00dfball"},"content":{"rendered":"<h2>Quality material application &#8211; Automotive LeatherSeats Service Dog<\/h2>\n<p><main><\/p>\n<section id=\"product-overview\">\n<h2>Beschreibung des Produkts<\/h2>\n<p>Schnell <strong>Bedrucktes Pu-Leder<\/strong> Einzelheiten: Beschreibung:<\/p>\n<p>Mit <strong>Kleidungsst\u00fcck Leder Importiert<\/strong> Aufgrund seiner vielen Vorteile ist es kein Wunder, dass das nicht leicht verformbare PU-Material Mikrofaserleder eine beliebte Wahl f\u00fcr Hersteller von Fu\u00dfballausr\u00fcstung ist. Ganz gleich, ob Sie Profisportler sind oder das Spiel nur als Hobby betreiben, dieses Material ist eine \u00dcberlegung wert f\u00fcr Ihren n\u00e4chsten fu\u00dfballbezogenen Kauf.<\/p>\n<p>Warum also warten? Testen Sie noch heute das nicht leicht zu verformende PU-Mikrofaserleder und \u00fcberzeugen Sie sich selbst von seinen Vorteilen!<\/p>\n<p>Unser 0,7 mm starkes Ultrasuede Microfiber Faux Leather wird aus hochwertigen Mikrofasermaterialien hergestellt und ist die perfekte Wahl f\u00fcr Fahrradhandschuhe. Es bietet ein ausgewogenes Verh\u00e4ltnis zwischen Flexibilit\u00e4t und St\u00e4rke, au\u00dfergew\u00f6hnliche Atmungsaktivit\u00e4t und feuchtigkeitsableitende Eigenschaften, damit die H\u00e4nde bei intensiven Fahrten k\u00fchl und trocken bleiben.<\/p>\n<p>Ob Sie nun ein professioneller Radfahrer oder ein Freizeitradler sind, Microfiber Leather bietet unschlagbaren Komfort und Schutz. Seine hohe Widerstandsf\u00e4higkeit gegen Abrieb und Risse sorgt f\u00fcr eine lang anhaltende Leistung, w\u00e4hrend das elegante Design einen raffinierten Touch zu jedem Biker-Ensemble hinzuf\u00fcgt.<\/p>\n<\/section>\n<section id=\"specifications\">\n<h2>Technische Parameter<\/h2>\n<ul class_=\"parameters-list\">\n<li><span class=\"param-name\">Spezifikationen:<\/span> <\/li>\n<\/ul>\n<p><img decoding=\"async\" alt=\"0.7mm Ultrasuede Mikrofaser Kunstleder f\u00fcr Radsporthandschuhe - Materialspezifikation\" class=\"product-image\" src=\"\/wp-content\/uploads\/2025\/08\/07mm-ultrasuede-microfiber-faux-leather-for-cycling-gloves--37881.jpg\"\/><\/p>\n<h3>Produkt-Parameter<\/h3>\n<ul class=\"parameters-list\">\n<li><span class=\"param-name\">Material:<\/span> Mikrofaser + PU<\/li>\n<li><span class=\"param-name\">Farbe:<\/span> Schwarz, Grau, Beige (benutzerdefinierte Farben verf\u00fcgbar)<\/li>\n<li><span class=\"param-name\">Die Dicke:<\/span> 0,6 mm, 0,7 mm, 0,8 mm, 1 mm<\/li>\n<li><span class=\"param-name\">Mindestbestellmenge:<\/span> 300 laufende Meter<\/li>\n<li><span class=\"param-name\">L\u00e4nge der Rolle:<\/span> 20-30m\/Rolle<\/li>\n<li><span class=\"param-name\">Lieferzeiten:<\/span> 15-20 Tage<\/li>\n<li><span class=\"param-name\">Breite:<\/span> 54\u2033, 137cm<\/li>\n<li><span class=\"param-name\">Produktionskapazit\u00e4t:<\/span> 1.000.000 Meter monatlich<\/li>\n<\/ul>\n<\/section>\n<section id=\"features\">\n<h2>Produktmerkmale<\/h2>\n<div class=\"feature-item\">\n<img decoding=\"async\" alt=\"NotWaterproof Leather Material ServiceEasy To Deform PU Material Microfiber Leather is an excellent choice for football applications\" class=\"feature-image left\" src=\"\/wp-content\/uploads\/2025\/08\/12-mm-cream-white-resistant-to-fading-microfiber-pu-leather-for-soccer-ball-34922.png\"\/><\/p>\n<h3>Nicht <strong>Wasserdichtes Leder Material Service<\/strong> Leicht verformbares PU-Material Mikrofaserleder ist eine ausgezeichnete Wahl f\u00fcr Fu\u00dfballanwendungen<\/h3>\n<p>Nicht <strong>Wasserdichtes Leder Material Service<\/strong> Leicht verformbares PU-Material Mikrofaserleder ist eine ausgezeichnete Wahl f\u00fcr Fu\u00dfballanwendungen. Dieses Material bietet eine Kombination aus Haltbarkeit, Komfort und Stil, die in anderen Materialien nur schwer zu finden ist.<\/p>\n<div class=\"clear\"><\/div>\n<\/div>\n<div class=\"feature-item\">\n<img decoding=\"async\" alt=\"Es ist \u00e4u\u00dferst verschlei\u00dffest und eignet sich daher ideal f\u00fcr den Einsatz in Stresssituationen, wie sie bei Fu\u00dfballspielen vorkommen.\" class=\"feature-image left\" src=\"\/wp-content\/uploads\/2025\/08\/12-mm-cream-white-resistant-to-fading-microfiber-pu-leather-for-soccer-ball-34923.png\"\/><\/p>\n<h3>Es ist \u00e4u\u00dferst verschlei\u00dffest und eignet sich daher ideal f\u00fcr den Einsatz in Stresssituationen, wie sie bei Fu\u00dfballspielen vorkommen.<\/h3>\n<p>Es ist \u00e4u\u00dferst verschlei\u00dffest und eignet sich daher ideal f\u00fcr den Einsatz in Stresssituationen, wie sie bei Fu\u00dfballspielen vorkommen. Zus\u00e4tzlich, <strong>Wasserdichtes Faux Leatherman<\/strong> Es ist atmungsaktiv und feuchtigkeitsableitend, was dazu beitr\u00e4gt, dass die Spieler bei intensiver k\u00f6rperlicher Bet\u00e4tigung k\u00fchl und trocken bleiben.<\/p>\n<div class=\"clear\"><\/div>\n<\/div>\n<div class=\"feature-item\">\n<h3>Nicht leicht verformbar Bezieht sich auf die F\u00e4higkeit, die urspr\u00fcngliche Form und Struktur w\u00e4hrend des Gebrauchs beizubehalten.<\/h3>\n<p>Nicht leicht verformbar Bezieht sich auf die F\u00e4higkeit des Leders, seine urspr\u00fcngliche Form und Struktur w\u00e4hrend des Gebrauchs beizubehalten. Das Leder kann speziell behandelt worden sein, um ihm ein gewisses Ma\u00df an Elastizit\u00e4t und Stabilit\u00e4t zu verleihen, so dass es sich durch \u00e4u\u00dferen Druck oder Dehnung nicht leicht verformt oder zusammenbricht.<\/p>\n<div class=\"clear\"><\/div>\n<\/div>\n<div class=\"feature-item\">\n<h3>Diese <strong>Wildleder Impr\u00e4gnierspray<\/strong> die Eigenschaft, dass die daraus hergestellten Produkte lange Zeit intakt und sch\u00f6n bleiben<\/h3>\n<p>Diese <strong>Wildleder Impr\u00e4gnierspray<\/strong> Dank dieser Eigenschaft bleiben die daraus hergestellten Produkte lange Zeit intakt und sch\u00f6n. Starke Haltbarkeit Lederprodukte k\u00f6nnen lange Zeitr\u00e4ume des Gebrauchs und der t\u00e4glichen Abnutzung \u00fcberstehen, ohne \u00fcberm\u00e4\u00dfig besch\u00e4digt oder abgenutzt zu werden.<\/p>\n<div class=\"clear\"><\/div>\n<\/div>\n<div class=\"feature-item\">\n<h3>Diese Eigenschaft macht Lederprodukte zu einer hochwertigen, langlebigen und lohnenden Investition, insbesondere in Bereichen wie Schuhe, Taschen und M\u00f6bel.<\/h3>\n<p>Diese Eigenschaft macht Lederprodukte zu einer hochwertigen, langlebigen und lohnenden Investition, insbesondere in Bereichen wie Schuhe, Taschen und M\u00f6bel. Alterungsbest\u00e4ndigkeit Dies bedeutet, dass Leder seine Beschaffenheit und sein Aussehen auch bei langfristiger Nutzung und Lagerung beibeh\u00e4lt und nicht zu Verh\u00e4rtungen, Rissen, Farbausbleichungen und anderen Ph\u00e4nomenen neigt.<\/p>\n<div class=\"clear\"><\/div>\n<\/div>\n<div class=\"feature-item\">\n<h3>Diese Eigenschaft macht Lederprodukte langlebig und wird h\u00e4ufig bei der Herstellung von hochwertigen Lederwaren, M\u00f6beln und anderen Produkten verwendet, wobei das gute Aussehen und die Qualit\u00e4t erhalten bleiben.<\/h3>\n<p>Diese Eigenschaft macht Lederprodukte langlebig und wird h\u00e4ufig bei der Herstellung von hochwertigen Lederwaren, M\u00f6beln und anderen Produkten verwendet, wobei das gute Aussehen und die Qualit\u00e4t erhalten bleiben.<\/p>\n<div class=\"clear\"><\/div>\n<\/div>\n<div class=\"feature-item\">\n<img decoding=\"async\" alt=\"Hohe Rei\u00dffestigkeit - Ultrasuede Mikrofaser-Kunstleder f\u00fcr Fahrradhandschuhe\" class=\"feature-image left\" src=\"\/wp-content\/uploads\/2025\/08\/07mm-ultrasuede-microfiber-faux-leather-for-cycling-gloves--37882.jpg\"\/><\/p>\n<h3>Hohe Rei\u00dffestigkeit<\/h3>\n<p>Unser Ultrasuede-Mikrofaserleder zeichnet sich durch eine au\u00dfergew\u00f6hnliche Rei\u00dffestigkeit aus, so dass es unter Belastung nicht bricht oder sich leicht verformt. Dies macht es ideal f\u00fcr Produkte, die Haltbarkeit und langfristige Leistung erfordern.<\/p>\n<div class=\"clear\"><\/div>\n<\/div>\n<div class=\"feature-item\">\n<img decoding=\"async\" alt=\"Formstabilit\u00e4t - Ultrasuede Mikrofaser-Kunstleder f\u00fcr Fahrradhandschuhe\" class=\"feature-image right\" src=\"\/wp-content\/uploads\/2025\/08\/07mm-ultrasuede-microfiber-faux-leather-for-cycling-gloves--37883.jpg\"\/><\/p>\n<h3>Nicht leicht zu verformen<\/h3>\n<p>Dieses Material wurde speziell behandelt, um seine urspr\u00fcngliche Form zu erhalten, und bietet eine hervorragende Elastizit\u00e4t und Stabilit\u00e4t. Es widersteht Verformungen durch \u00e4u\u00dferen Druck oder Dehnung, so dass die Produkte langfristig intakt und attraktiv bleiben.<\/p>\n<div class=\"clear\"><\/div>\n<\/div>\n<div class=\"feature-item\">\n<img decoding=\"async\" alt=\"Strapazierf\u00e4higkeit - Ultrasuede Microfiber Faux Leather f\u00fcr Fahrradhandschuhe\" class=\"feature-image left\" src=\"\/wp-content\/uploads\/2025\/08\/07mm-ultrasuede-microfiber-faux-leather-for-cycling-gloves--37884.jpg\"\/><\/p>\n<h3>Dauerhaftigkeit<\/h3>\n<p>Dieses Material ist extrem widerstandsf\u00e4hig gegen Abrieb, Risse und Einstiche und sorgt daf\u00fcr, dass die Handschuhe auch bei l\u00e4ngerem Gebrauch in bestem Zustand bleiben. Au\u00dferdem bietet es eine hervorragende Fingerfertigkeit und Festigkeit f\u00fcr hochwertige Lederwaren.<\/p>\n<div class=\"clear\"><\/div>\n<\/div>\n<\/section>\n<section id=\"usage\">\n<h2>Verwendung und Anwendungen<\/h2>\n<p><img decoding=\"async\" _src=\"\/wp-content\/uploads\/2025\/08\/12-mm-cream-white-resistant-to-fading-microfiber-pu-leather-for-soccer-ball-34921.png\" alt=\"Qualit\u00e4tsmaterial Anwendung - Automotive LeatherSeats Service Dog\" src=\"\/wp-content\/uploads\/2025\/08\/12-mm-cream-white-resistant-to-fading-microfiber-pu-leather-for-soccer-ball-34921.png\"\/><\/p>\n<div class=\"usage-point\">\n<h3>Anwendungen: <strong>Second Hand Ledertaschen<\/strong> Ein weiterer Vorteil des nicht leicht zu verformenden PU-Mikrofaserleders ist seine F\u00e4higkeit, Verformungen zu widerstehen<\/h3>\n<p>Anwendungen: <strong>Second Hand Ledertaschen<\/strong> Ein weiterer Vorteil von Mikrofaserleder aus PU-Material, das sich nicht so leicht verformen l\u00e4sst, ist seine Formbest\u00e4ndigkeit. Das bedeutet, dass es auch bei starkem Druck seine Form beibeh\u00e4lt, was es ideal f\u00fcr die Verwendung als Abdeckung f\u00fcr Fu\u00dfb\u00e4lle macht.<\/p>\n<\/div>\n<div class=\"usage-point\">\n<h3>Die Spieler k\u00f6nnen sich darauf verlassen, dass dieses Material w\u00e4hrend des Trainings und der Spiele ein gleichm\u00e4\u00dfiges Gef\u00fchl und eine gleichm\u00e4\u00dfige Sprungkraft bietet, was zu einer Verbesserung der Leistung auf dem Spielfeld beitragen kann.<\/h3>\n<p>Die Spieler k\u00f6nnen sich darauf verlassen, dass dieses Material w\u00e4hrend des Trainings und der Spiele ein gleichm\u00e4\u00dfiges Gef\u00fchl und eine gleichm\u00e4\u00dfige Sprungkraft bietet, was zu einer Verbesserung der Leistung auf dem Spielfeld beitragen kann.<\/p>\n<\/div>\n<div class=\"usage-point\">\n<h3>Bequem und atmungsaktiv<\/h3>\n<p>Dieses weiche, bequeme und hoch atmungsaktive Material eignet sich perfekt f\u00fcr Fahrradhandschuhe und andere Produkte, die \u00fcber einen l\u00e4ngeren Zeitraum getragen werden. Es h\u00e4lt die H\u00e4nde bei anstrengenden Aktivit\u00e4ten k\u00fchl und trocken.<\/p>\n<\/div>\n<div class=\"usage-point\">\n<h3>Umweltvertr\u00e4glich und nachhaltig<\/h3>\n<p>Unser Ultrasuede-Mikrofaser-Kunstleder umfasst umweltfreundliche Optionen, wie z. B. Varianten aus recyceltem PET und Materialien auf Pflanzenbasis, die die Umweltbelastung verringern und gleichzeitig verschiedene Texturen bieten.<\/p>\n<\/div>\n<div class=\"usage-point\">\n<h3>Antibakterieller Schutz und Schutz vor Staub<\/h3>\n<p>Ausgew\u00e4hlte Varianten verf\u00fcgen \u00fcber antibakterielle und staubabweisende Eigenschaften und erf\u00fcllen hohe Hygienestandards - ideal f\u00fcr Handschuhe, die strenge Qualit\u00e4ts- und Sicherheitskontrollen erfordern.<\/p>\n<\/div>\n<div class=\"usage-point\">\n<h3>Vielf\u00e4ltige Anwendungsszenarien<\/h3>\n<p>Neben Fahrradhandschuhen eignet es sich auch f\u00fcr Fingerhandschuhe, Sicherheitshandschuhe und verschiedene andere Handschuhtypen sowie f\u00fcr Schuhe, Kleidung und Zubeh\u00f6r.<\/p>\n<\/div>\n<p><img decoding=\"async\" alt=\"Anwendungen von 0,7mm Ultrasuede Mikrofaser-Kunstleder in verschiedenen Produkten\" class=\"product-image\" src=\"\/wp-content\/uploads\/2025\/08\/07mm-ultrasuede-microfiber-faux-leather-for-cycling-gloves--37885.jpg\"\/><br \/>\n<img decoding=\"async\" alt=\"Radsporthandschuhe aus Ultrasuede-Mikrofaserleder - Produktbeispiel\" class=\"product-image\" src=\"\/wp-content\/uploads\/2025\/08\/07mm-ultrasuede-microfiber-faux-leather-for-cycling-gloves--37886.jpg\"\/><br \/>\n<\/section>\n<p><\/main><\/p>\n<section id=\"inquiry\">\n<h2 style=\"text-align: center;\">Mit freundlichen Gr\u00fc\u00dfen erwarten wir Ihre Anfrage!<\/h2>\n<p style=\"text-align: center;\">Kontaktieren Sie uns noch heute, um mehr \u00fcber unsere Produkte zu erfahren und Ihre Bestellung aufzugeben.<\/p>\n<\/section>\n\n    <div class=\"xs_social_share_widget xs_share_url after_content \t\tmain_content  wslu-style-1 wslu-share-box-shaped wslu-fill-colored wslu-none wslu-share-horizontal wslu-theme-font-no wslu-main_content\">\n\n\t\t\n        <ul>\n\t\t\t        <\/ul>\n    <\/div>","protected":false},"excerpt":{"rendered":"<div class=\"product-short-description\">Balls Leather 1.2 mm Cream White Resistant To Fading Microfiber PU Leather for Soccer Ball WINIW 1.2 mm Cream White Resistant To Fading Microfiber PU Leather for Soccer Ball Key features include.Ideal for those seeking quality and reliability.<\/p>\n<p>Als direkte Fabrik, Hersteller und Gro\u00dfh\u00e4ndler k\u00f6nnen wir den Produktionsprozess streng kontrollieren, um die Produktqualit\u00e4t zu gew\u00e4hrleisten und Ihnen die g\u00fcnstigsten Preise zu bieten. Wir verf\u00fcgen \u00fcber fortschrittliche Produktionsanlagen und ein professionelles technisches Team, um Ihren Bedarf an Gro\u00dfauftr\u00e4gen zu decken und eine p\u00fcnktliche Lieferung zu gew\u00e4hrleisten.<\/p>\n<\/div>","protected":false},"featured_media":4695,"template":"","meta":[],"product_brand":[],"product_cat":[271],"product_tag":[],"class_list":{"0":"post-29459","1":"product","2":"type-product","3":"status-publish","4":"has-post-thumbnail","6":"product_cat-balls-leather","8":"first","9":"instock","10":"product-type-simple"},"_links":{"self":[{"href":"https:\/\/www.eco-leather.com\/de\/wp-json\/wp\/v2\/product\/29459","targetHints":{"allow":["GET"]}}],"collection":[{"href":"https:\/\/www.eco-leather.com\/de\/wp-json\/wp\/v2\/product"}],"about":[{"href":"https:\/\/www.eco-leather.com\/de\/wp-json\/wp\/v2\/types\/product"}],"wp:featuredmedia":[{"embeddable":true,"href":"https:\/\/www.eco-leather.com\/de\/wp-json\/wp\/v2\/media\/4695"}],"wp:attachment":[{"href":"https:\/\/www.eco-leather.com\/de\/wp-json\/wp\/v2\/media?parent=29459"}],"wp:term":[{"taxonomy":"product_brand","embeddable":true,"href":"https:\/\/www.eco-leather.com\/de\/wp-json\/wp\/v2\/product_brand?post=29459"},{"taxonomy":"product_cat","embeddable":true,"href":"https:\/\/www.eco-leather.com\/de\/wp-json\/wp\/v2\/product_cat?post=29459"},{"taxonomy":"product_tag","embeddable":true,"href":"https:\/\/www.eco-leather.com\/de\/wp-json\/wp\/v2\/product_tag?post=29459"}],"curies":[{"name":"wp","href":"https:\/\/api.w.org\/{rel}","templated":true}]}}