{"id":29387,"date":"2025-09-07T11:03:02","date_gmt":"2025-09-07T03:03:02","guid":{"rendered":"https:\/\/www.eco-leather.com\/product\/faux-leather-abrasion-resistant-microfiber-pu-leather-for-garment\/"},"modified":"2025-09-07T11:03:06","modified_gmt":"2025-09-07T03:03:06","slug":"kunstleder-abriebfestes-mikrofaser-pu-leder-fur-kleidungsstucke","status":"publish","type":"product","link":"https:\/\/www.eco-leather.com\/de\/kunstleder-abriebfestes-mikrofaser-pu-leder-fur-kleidungsstucke\/","title":{"rendered":"Kunstleder Abriebfestes Mikrofaser-PU-Leder f\u00fcr Kleidungsst\u00fccke"},"content":{"rendered":"<h2>Premium-Kunstleder-Lieferant<\/h2>\n<p><main><\/p>\n<section id=\"product-overview\">\n<h2>Beschreibung des Produkts<\/h2>\n<p>Material <strong>Kunstleder-Sohle<\/strong> Einf\u00fchrung<\/p>\n<p>Unser <strong>Kleidungsst\u00fcck Leder Importiert<\/strong> Materialien bieten anpassbare Optionen in Bezug auf Dicke, Farbe und mehr. Klicken Sie unten und kontaktieren Sie uns sofort, um die endlosen M\u00f6glichkeiten zu erkunden.<\/p>\n<p>  Kontaktieren Sie uns  <\/p>\n<p>Unser 0,7 mm starkes Ultrasuede Microfiber Faux Leather wird aus hochwertigen Mikrofasermaterialien hergestellt und ist die perfekte Wahl f\u00fcr Fahrradhandschuhe. Es bietet ein ausgewogenes Verh\u00e4ltnis zwischen Flexibilit\u00e4t und St\u00e4rke, au\u00dfergew\u00f6hnliche Atmungsaktivit\u00e4t und feuchtigkeitsableitende Eigenschaften, damit die H\u00e4nde bei intensiven Fahrten k\u00fchl und trocken bleiben.<\/p>\n<p>Ob Sie nun ein professioneller Radfahrer oder ein Freizeitradler sind, Microfiber Leather bietet unschlagbaren Komfort und Schutz. Seine hohe Widerstandsf\u00e4higkeit gegen Abrieb und Risse sorgt f\u00fcr eine lang anhaltende Leistung, w\u00e4hrend das elegante Design einen raffinierten Touch zu jedem Biker-Ensemble hinzuf\u00fcgt.<\/p>\n<\/section>\n<section id=\"specifications\">\n<h2>Technische Parameter<\/h2>\n<p>Material <strong>Kunstlederboxen China<\/strong> Spezifikation<\/p>\n<p><img decoding=\"async\" alt=\"0.7mm Ultrasuede Mikrofaser Kunstleder f\u00fcr Radsporthandschuhe - Materialspezifikation\" class=\"product-image\" src=\"\/wp-content\/uploads\/2025\/08\/07mm-ultrasuede-microfiber-faux-leather-for-cycling-gloves--37881.jpg\"\/><\/p>\n<h3>Produkt-Parameter<\/h3>\n<ul class=\"parameters-list\">\n<li><span class=\"param-name\">Material:<\/span> Mikrofaser + PU<\/li>\n<li><span class=\"param-name\">Farbe:<\/span> Schwarz, Grau, Beige (benutzerdefinierte Farben verf\u00fcgbar)<\/li>\n<li><span class=\"param-name\">Die Dicke:<\/span> 0,6 mm, 0,7 mm, 0,8 mm, 1 mm<\/li>\n<li><span class=\"param-name\">Mindestbestellmenge:<\/span> 300 laufende Meter<\/li>\n<li><span class=\"param-name\">L\u00e4nge der Rolle:<\/span> 20-30m\/Rolle<\/li>\n<li><span class=\"param-name\">Lieferzeiten:<\/span> 15-20 Tage<\/li>\n<li><span class=\"param-name\">Breite:<\/span> 54\u2033, 137cm<\/li>\n<li><span class=\"param-name\">Produktionskapazit\u00e4t:<\/span> 1.000.000 Meter monatlich<\/li>\n<\/ul>\n<\/section>\n<section id=\"features\">\n<h2>Produktmerkmale<\/h2>\n<div class=\"feature-item\">\n<img decoding=\"async\" alt=\"WINIWWasserfestes Kunstleder CustomizeCompany Factory Wholesale Leather Fabric ManufacturersAbrasions Resistant Microfiber PU Leather definiert Robustheit in nachhaltiger Mode neu und bietet eine synthetische Alternative, die Reibung, Verschlei\u00df und t\u00e4glichem Stress standh\u00e4lt und gleichzeitig ethische Integrit\u00e4t bewahrt\" class=\"feature-image left\" src=\"\/wp-content\/uploads\/2025\/08\/faux-leather-abrasion-resistant-microfiber-pu-leather-for-garment-34117.jpg\"\/><\/p>\n<h3>WINIW <strong>Wasserdichtes Kunstleder Anpassen<\/strong> Company Factory Wholesale Leather Fabric ManufacturersAbrasionsresistentes Mikrofaser-PU-Leder definiert Robustheit in nachhaltiger Mode neu und bietet eine synthetische Alternative, die Reibung, Verschlei\u00df und t\u00e4glichem Stress standh\u00e4lt und gleichzeitig ethische Integrit\u00e4t bewahrt.<\/h3>\n<p>WINIW <strong>Wasserdichtes Kunstleder Anpassen<\/strong> Company Factory Wholesale Leather Fabric ManufacturersAbrasionsresistentes Mikrofaser-PU-Leder definiert Robustheit in nachhaltiger Mode neu und bietet eine synthetische Alternative, die Reibung, Verschlei\u00df und t\u00e4glichem Stress standh\u00e4lt und gleichzeitig ethische Integrit\u00e4t bewahrt.<\/p>\n<div class=\"clear\"><\/div>\n<\/div>\n<div class=\"feature-item\">\n<img decoding=\"async\" alt=\"Dieses Material ist ideal f\u00fcr Kleidungsst\u00fccke, die eine hohe Strapazierf\u00e4higkeit erfordern, wie z. B. Motorrad-, Arbeits- und Outdoor-Bekleidung, und verbindet grausam-freie Innovation mit industrieller Widerstandsf\u00e4higkeit.\" class=\"feature-image left\" src=\"\/wp-content\/uploads\/2025\/08\/faux-leather-abrasion-resistant-microfiber-pu-leather-for-garment-34118.jpg\"\/><\/p>\n<h3>Dieses Material ist ideal f\u00fcr Kleidungsst\u00fccke, die eine hohe Strapazierf\u00e4higkeit erfordern, wie z. B. Motorrad-, Arbeits- und Outdoor-Bekleidung, und verbindet grausam-freie Innovation mit industrieller Widerstandsf\u00e4higkeit.<\/h3>\n<p>Dieses Material ist ideal f\u00fcr Kleidungsst\u00fccke, die eine hohe Strapazierf\u00e4higkeit erfordern, wie z. B. Motorrad-, Arbeits- und Outdoor-Bekleidung, und verbindet grausamkeitsfreie Innovation mit industrieller Widerstandsf\u00e4higkeit. Mit einem hochdichten Mikrofaserkern und einer verst\u00e4rkten Oberfl\u00e4chenschicht ist es selbst in stark beanspruchten Bereichen wie Ellbogen, Knien und N\u00e4hten widerstandsf\u00e4hig gegen Schrammen, Kratzer und Abbl\u00e4ttern.<\/p>\n<div class=\"clear\"><\/div>\n<\/div>\n<div class=\"feature-item\">\n<img decoding=\"async\" alt=\"CertifiedSuede Leather Waterproof Sprayf\u00fcr eine umweltfreundliche Produktion entspricht es den globalen Nachhaltigkeitsstandards und ist damit eine verantwortungsvolle Wahl f\u00fcr Marken, die sich f\u00fcr die Reduzierung von Textilabf\u00e4llen einsetzen\" class=\"feature-image left\" src=\"\/wp-content\/uploads\/2025\/08\/faux-leather-abrasion-resistant-microfiber-pu-leather-for-garment-34119.jpg\"\/><\/p>\n<h3>Zertifiziert <strong>Wildleder Impr\u00e4gnierspray<\/strong> f\u00fcr eine umweltfreundliche Produktion entspricht es den weltweiten Nachhaltigkeitsstandards und ist damit eine verantwortungsvolle Wahl f\u00fcr Marken, die sich f\u00fcr die Reduzierung von Textilabf\u00e4llen einsetzen<\/h3>\n<p>Zertifiziert <strong>Wildleder Impr\u00e4gnierspray<\/strong> f\u00fcr eine umweltfreundliche Produktion und entspricht den globalen Nachhaltigkeitsstandards, was es zu einer verantwortungsvollen Wahl f\u00fcr Marken macht, die sich f\u00fcr die Reduzierung von Textilabf\u00e4llen einsetzen.<\/p>\n<div class=\"clear\"><\/div>\n<\/div>\n<div class=\"feature-item\">\n<img decoding=\"async\" alt=\"Das wasserabweisende und UV-stabilisierte Gewebe beh\u00e4lt seine leuchtenden Farben und seine strukturelle Integrit\u00e4t auch bei rauem Wetter und wiederholtem Gebrauch.\" class=\"feature-image left\" src=\"\/wp-content\/uploads\/2025\/08\/faux-leather-abrasion-resistant-microfiber-pu-leather-for-garment-34120.jpg\"\/><\/p>\n<h3>Das wasserabweisende und UV-stabilisierte Gewebe beh\u00e4lt seine leuchtenden Farben und seine strukturelle Integrit\u00e4t auch bei rauem Wetter und wiederholtem Gebrauch.<\/h3>\n<p>Der wasserabweisende und UV-stabilisierte Stoff beh\u00e4lt seine leuchtenden Farben und seine strukturelle Integrit\u00e4t auch bei rauem Wetter und wiederholtem Gebrauch. Das leichte und dennoch robuste Material erm\u00f6glicht es Designern, Kleidung zu entwerfen, die kompromisslose Strapazierf\u00e4higkeit mit moderner \u00c4sthetik verbindet und sowohl praktische Verbraucher als auch umweltbewusste K\u00e4ufer anspricht.<\/p>\n<div class=\"clear\"><\/div>\n<\/div>\n<div class=\"feature-item\">\n<img decoding=\"async\" alt=\"MaterialWasserdichtes Leder Stoff OdmhsasMicrofiber PU Leder Markenname WINIW Company Factory Gro\u00dfhandel Leder Stoff HerstellerBreite 54\" class=\"feature-image left\" src=\"\/wp-content\/uploads\/2025\/08\/faux-leather-abrasion-resistant-microfiber-pu-leather-for-garment-34121.jpg\"\/><\/p>\n<h3>Material <strong>Wasserdichtes Leder Stoff Odmhsas<\/strong> Mikrofaser PU Leder Markenname WINIW Firma Fabrik Gro\u00dfhandel Leder Stoff HerstellerBreite 54\u2033; 1<\/h3>\n<p>Material <strong>Wasserdichtes Leder Stoff Odmhsas<\/strong> Mikrofaser-PU-Leder Markenname WINIW Company Factory Gro\u00dfhandel Ledergewebe HerstellerBreite 54\u2033; 1.37m Farbe Rot, Schwarz, Braun, Gr\u00fcn, akzeptieren Sie anpassen Feature Verschlei\u00dffest, wasserdicht, Anti-Schimmel, flexibel Dicke 0,6mm-2,4mm, akzeptieren Sie anpassen Herkunftsort China Customized Ja Lieferzeit In der Regel innerhalb von 15 - 25 Tagen.<\/p>\n<div class=\"clear\"><\/div>\n<\/div>\n<div class=\"feature-item\">\n<h3>MOQ 300 Meter Verpackungsdetails 30\/50 Meter pro Rolle<\/h3>\n<p>MOQ 300 Meter Verpackungsdetails 30\/50 Meter pro Rolle. Oder kundenspezifisch Produktionskapazit\u00e4t 1.000.000 Meter monatlich Material Eigenschaft<\/p>\n<div class=\"clear\"><\/div>\n<\/div>\n<div class=\"feature-item\">\n<img decoding=\"async\" alt=\"Hohe Rei\u00dffestigkeit - Ultrasuede Mikrofaser-Kunstleder f\u00fcr Fahrradhandschuhe\" class=\"feature-image left\" src=\"\/wp-content\/uploads\/2025\/08\/07mm-ultrasuede-microfiber-faux-leather-for-cycling-gloves--37882.jpg\"\/><\/p>\n<h3>Hohe Rei\u00dffestigkeit<\/h3>\n<p>Unser Ultrasuede-Mikrofaserleder zeichnet sich durch eine au\u00dfergew\u00f6hnliche Rei\u00dffestigkeit aus, so dass es unter Belastung nicht bricht oder sich leicht verformt. Dies macht es ideal f\u00fcr Produkte, die Haltbarkeit und langfristige Leistung erfordern.<\/p>\n<div class=\"clear\"><\/div>\n<\/div>\n<div class=\"feature-item\">\n<img decoding=\"async\" alt=\"Formstabilit\u00e4t - Ultrasuede Mikrofaser-Kunstleder f\u00fcr Fahrradhandschuhe\" class=\"feature-image right\" src=\"\/wp-content\/uploads\/2025\/08\/07mm-ultrasuede-microfiber-faux-leather-for-cycling-gloves--37883.jpg\"\/><\/p>\n<h3>Nicht leicht zu verformen<\/h3>\n<p>Dieses Material wurde speziell behandelt, um seine urspr\u00fcngliche Form zu erhalten, und bietet eine hervorragende Elastizit\u00e4t und Stabilit\u00e4t. Es widersteht Verformungen durch \u00e4u\u00dferen Druck oder Dehnung, so dass die Produkte langfristig intakt und attraktiv bleiben.<\/p>\n<div class=\"clear\"><\/div>\n<\/div>\n<div class=\"feature-item\">\n<img decoding=\"async\" alt=\"Strapazierf\u00e4higkeit - Ultrasuede Microfiber Faux Leather f\u00fcr Fahrradhandschuhe\" class=\"feature-image left\" src=\"\/wp-content\/uploads\/2025\/08\/07mm-ultrasuede-microfiber-faux-leather-for-cycling-gloves--37884.jpg\"\/><\/p>\n<h3>Dauerhaftigkeit<\/h3>\n<p>Dieses Material ist extrem widerstandsf\u00e4hig gegen Abrieb, Risse und Einstiche und sorgt daf\u00fcr, dass die Handschuhe auch bei l\u00e4ngerem Gebrauch in bestem Zustand bleiben. Au\u00dferdem bietet es eine hervorragende Fingerfertigkeit und Festigkeit f\u00fcr hochwertige Lederwaren.<\/p>\n<div class=\"clear\"><\/div>\n<\/div>\n<\/section>\n<p><\/main><\/p>\n<section id=\"inquiry\">\n<h2 style=\"text-align: center;\">Mit freundlichen Gr\u00fc\u00dfen erwarten wir Ihre Anfrage!<\/h2>\n<p style=\"text-align: center;\">Kontaktieren Sie uns noch heute, um mehr \u00fcber unsere Produkte zu erfahren und Ihre Bestellung aufzugeben.<\/p>\n<\/section>\n\n    <div class=\"xs_social_share_widget xs_share_url after_content \t\tmain_content  wslu-style-1 wslu-share-box-shaped wslu-fill-colored wslu-none wslu-share-horizontal wslu-theme-font-no wslu-main_content\">\n\n\t\t\n        <ul>\n\t\t\t        <\/ul>\n    <\/div>","protected":false},"excerpt":{"rendered":"<div class=\"product-short-description\">Garments Leather Faux Leather Abrasion Resistant Microfiber PU Leather for Garment WINIW Faux Leather Abrasion Resistant Microfiber PU Leather for Garment Key features include Microfiber PU Leather, WINIW, Width.Ideal f\u00fcr alle, die Qualit\u00e4t und Zuverl\u00e4ssigkeit suchen.<\/p>\n<p>Als direkte Fabrik, Hersteller und Gro\u00dfh\u00e4ndler k\u00f6nnen wir den Produktionsprozess streng kontrollieren, um die Produktqualit\u00e4t zu gew\u00e4hrleisten und Ihnen die g\u00fcnstigsten Preise zu bieten. Wir verf\u00fcgen \u00fcber fortschrittliche Produktionsanlagen und ein professionelles technisches Team, um Ihren Bedarf an Gro\u00dfauftr\u00e4gen zu decken und eine p\u00fcnktliche Lieferung zu gew\u00e4hrleisten.<\/p>\n<\/div>","protected":false},"featured_media":3161,"template":"","meta":[],"product_brand":[],"product_cat":[180],"product_tag":[],"class_list":{"0":"post-29387","1":"product","2":"type-product","3":"status-publish","4":"has-post-thumbnail","6":"product_cat-garments-leather","8":"first","9":"instock","10":"product-type-simple"},"_links":{"self":[{"href":"https:\/\/www.eco-leather.com\/de\/wp-json\/wp\/v2\/product\/29387","targetHints":{"allow":["GET"]}}],"collection":[{"href":"https:\/\/www.eco-leather.com\/de\/wp-json\/wp\/v2\/product"}],"about":[{"href":"https:\/\/www.eco-leather.com\/de\/wp-json\/wp\/v2\/types\/product"}],"wp:featuredmedia":[{"embeddable":true,"href":"https:\/\/www.eco-leather.com\/de\/wp-json\/wp\/v2\/media\/3161"}],"wp:attachment":[{"href":"https:\/\/www.eco-leather.com\/de\/wp-json\/wp\/v2\/media?parent=29387"}],"wp:term":[{"taxonomy":"product_brand","embeddable":true,"href":"https:\/\/www.eco-leather.com\/de\/wp-json\/wp\/v2\/product_brand?post=29387"},{"taxonomy":"product_cat","embeddable":true,"href":"https:\/\/www.eco-leather.com\/de\/wp-json\/wp\/v2\/product_cat?post=29387"},{"taxonomy":"product_tag","embeddable":true,"href":"https:\/\/www.eco-leather.com\/de\/wp-json\/wp\/v2\/product_tag?post=29387"}],"curies":[{"name":"wp","href":"https:\/\/api.w.org\/{rel}","templated":true}]}}