{"id":29239,"date":"2025-09-07T11:01:48","date_gmt":"2025-09-07T03:01:48","guid":{"rendered":"https:\/\/www.eco-leather.com\/product\/high-end-micro-fiber-artificial-suede-material-for-jewelry-box\/"},"modified":"2025-09-07T11:01:49","modified_gmt":"2025-09-07T03:01:49","slug":"high-end-micro-fiber-artificial-suede-material-for-jewelry-box","status":"publish","type":"product","link":"https:\/\/www.eco-leather.com\/de\/high-end-micro-fiber-artificial-suede-material-for-jewelry-box\/","title":{"rendered":"Hochwertiges Mikrofaser-Kunstwildleder-Material f\u00fcr Schmuckk\u00e4stchen"},"content":{"rendered":"<h2>High End Micro Fiber Artificial Suede Material For Jewelry Box factory<\/h2>\n<p><main><\/p>\n<section id=\"product-overview\">\n<h2>Beschreibung des Produkts<\/h2>\n<p>Produkt <strong>Autositz Material Unternehmen<\/strong> Einf\u00fchrung<\/p>\n<p>Mikrofaser <strong>Couch Stoff Material<\/strong> Suede Leather is stain resistant and can be easily wiped clean even when dirt or stains are contaminated. This makes the daily cleaning and maintenance of your jewelry box very easy and quick, saving you time and worry.<\/p>\n<p>Material: Microfiber Suede L eather<\/p>\n<p>Unser 0,7 mm starkes Ultrasuede Microfiber Faux Leather wird aus hochwertigen Mikrofasermaterialien hergestellt und ist die perfekte Wahl f\u00fcr Fahrradhandschuhe. Es bietet ein ausgewogenes Verh\u00e4ltnis zwischen Flexibilit\u00e4t und St\u00e4rke, au\u00dfergew\u00f6hnliche Atmungsaktivit\u00e4t und feuchtigkeitsableitende Eigenschaften, damit die H\u00e4nde bei intensiven Fahrten k\u00fchl und trocken bleiben.<\/p>\n<p>Ob Sie nun ein professioneller Radfahrer oder ein Freizeitradler sind, Microfiber Leather bietet unschlagbaren Komfort und Schutz. Seine hohe Widerstandsf\u00e4higkeit gegen Abrieb und Risse sorgt f\u00fcr eine lang anhaltende Leistung, w\u00e4hrend das elegante Design einen raffinierten Touch zu jedem Biker-Ensemble hinzuf\u00fcgt.<\/p>\n<\/section>\n<section id=\"specifications\">\n<h2>Technische Parameter<\/h2>\n<ul class_=\"parameters-list\">\n<li><span class=\"param-name\">Eco-friendly <strong>Wei\u00dfes Kleid Material Meesho<\/strong> materials, health protection:<\/span> With the environmentally friendly and pollution-free Microfiber Suede Leather, we are committed to providing a green and healthy display environment for you and your jewelry.<\/li>\n<li><span class=\"param-name\">Also <strong>Hersteller von Autositzmaterial<\/strong> that you can enjoy the beauty at the same time, but also take care of nature with peace of mind. Product <strong>Schuhe Futtermaterial<\/strong> Spezifikation Material:<\/span> Microfiber Suede L eather Zusammensetzung: 55 Nylon + 45% Polyurethan Markenname WINIW Company Factory Gro\u00dfhandel Wildleder Mikrofaser HerstellerDicke: 0,4mm, 0,5mm, 0,6mm, angepasst Breite: 54\u2033, 137cm Farbe: Wei\u00df, Rot, Blau, Gr\u00fcn, Beige, kundenspezifische Farben MOQ: 300 lineare Meter Vorlaufzeit: 10 -20 Tage Produktionskapazit\u00e4t: 1.000.000 Meter monatlich Feature Anti-Schimmel, kratzfest, sehr langlebig Herkunftsland China Customized Ja Anwendung Schmuck-Box, D isplay steht, Telefonkasten, W atch-Box Material: Microfiber Suede L eather Zusammenstellung: 55 Nylon + 45% Polyurethan Markenname WINIW Company Factory Gro\u00dfhandel Wildleder Mikrofaser HerstellerDicke: 0,4mm, 0,5mm, 0,6mm, kundenspezifische Breite: 54\u2033, 137cm Farbe: Wei\u00df, Rot, Blau, Gr\u00fcn, Beige, kundenspezifische Farben MOQ: 300 lineare Meter Vorlaufzeit: 1 0 -20 Tage Produktionskapazit\u00e4t: 1.000.000 Meter monatlich Feature Anti-Schimmel, Kratzfest, sehr langlebig Herkunftsland China Customized Ja Anwendung Schmuck-Box, D isplay steht, Telefon Fall, W atch-Box<\/li>\n<\/ul>\n<p><img decoding=\"async\" alt=\"0.7mm Ultrasuede Mikrofaser Kunstleder f\u00fcr Radsporthandschuhe - Materialspezifikation\" class=\"product-image\" src=\"\/wp-content\/uploads\/2025\/08\/07mm-ultrasuede-microfiber-faux-leather-for-cycling-gloves--37881.jpg\"\/><\/p>\n<h3>Produkt-Parameter<\/h3>\n<ul class=\"parameters-list\">\n<li><span class=\"param-name\">Material:<\/span> Mikrofaser + PU<\/li>\n<li><span class=\"param-name\">Farbe:<\/span> Schwarz, Grau, Beige (benutzerdefinierte Farben verf\u00fcgbar)<\/li>\n<li><span class=\"param-name\">Die Dicke:<\/span> 0,6 mm, 0,7 mm, 0,8 mm, 1 mm<\/li>\n<li><span class=\"param-name\">Mindestbestellmenge:<\/span> 300 laufende Meter<\/li>\n<li><span class=\"param-name\">L\u00e4nge der Rolle:<\/span> 20-30m\/Rolle<\/li>\n<li><span class=\"param-name\">Lieferzeiten:<\/span> 15-20 Tage<\/li>\n<li><span class=\"param-name\">Breite:<\/span> 54\u2033, 137cm<\/li>\n<li><span class=\"param-name\">Produktionskapazit\u00e4t:<\/span> 1.000.000 Meter monatlich<\/li>\n<\/ul>\n<\/section>\n<p><\/main><\/p>\n<section id=\"inquiry\">\n<h2 style=\"text-align: center;\">Mit freundlichen Gr\u00fc\u00dfen erwarten wir Ihre Anfrage!<\/h2>\n<p style=\"text-align: center;\">Kontaktieren Sie uns noch heute, um mehr \u00fcber unsere Produkte zu erfahren und Ihre Bestellung aufzugeben.<\/p>\n<\/section>\n\n    <div class=\"xs_social_share_widget xs_share_url after_content \t\tmain_content  wslu-style-1 wslu-share-box-shaped wslu-fill-colored wslu-none wslu-share-horizontal wslu-theme-font-no wslu-main_content\">\n\n\t\t\n        <ul>\n\t\t\t        <\/ul>\n    <\/div>","protected":false},"excerpt":{"rendered":"<div class=\"product-short-description\">Microsuede for Jewelry Display High End Micro Fiber Artificial Suede Material For Jewelry Box WINIW High End Micro Fiber Artificial Suede Material For Jewelry Box Key features include.Ideal for those seeking quality and reliability.<\/p>\n<p>Als direkte Fabrik, Hersteller und Gro\u00dfh\u00e4ndler k\u00f6nnen wir den Produktionsprozess streng kontrollieren, um die Produktqualit\u00e4t zu gew\u00e4hrleisten und Ihnen die g\u00fcnstigsten Preise zu bieten. Wir verf\u00fcgen \u00fcber fortschrittliche Produktionsanlagen und ein professionelles technisches Team, um Ihren Bedarf an Gro\u00dfauftr\u00e4gen zu decken und eine p\u00fcnktliche Lieferung zu gew\u00e4hrleisten.<\/p>\n<\/div>","protected":false},"featured_media":5288,"template":"","meta":[],"product_brand":[],"product_cat":[294],"product_tag":[19067],"class_list":{"0":"post-29239","1":"product","2":"type-product","3":"status-publish","4":"has-post-thumbnail","6":"product_cat-microsuede-for-jewelry-display","7":"product_tag-artificial-suede-leather-distributorartificial-suede-leather-factoryartificial-suede-leather-exportersartificial-suede-leather-bulkartificial-suede-leather-importerartificial-suede-leather-export","9":"first","10":"instock","11":"product-type-simple"},"_links":{"self":[{"href":"https:\/\/www.eco-leather.com\/de\/wp-json\/wp\/v2\/product\/29239","targetHints":{"allow":["GET"]}}],"collection":[{"href":"https:\/\/www.eco-leather.com\/de\/wp-json\/wp\/v2\/product"}],"about":[{"href":"https:\/\/www.eco-leather.com\/de\/wp-json\/wp\/v2\/types\/product"}],"wp:featuredmedia":[{"embeddable":true,"href":"https:\/\/www.eco-leather.com\/de\/wp-json\/wp\/v2\/media\/5288"}],"wp:attachment":[{"href":"https:\/\/www.eco-leather.com\/de\/wp-json\/wp\/v2\/media?parent=29239"}],"wp:term":[{"taxonomy":"product_brand","embeddable":true,"href":"https:\/\/www.eco-leather.com\/de\/wp-json\/wp\/v2\/product_brand?post=29239"},{"taxonomy":"product_cat","embeddable":true,"href":"https:\/\/www.eco-leather.com\/de\/wp-json\/wp\/v2\/product_cat?post=29239"},{"taxonomy":"product_tag","embeddable":true,"href":"https:\/\/www.eco-leather.com\/de\/wp-json\/wp\/v2\/product_tag?post=29239"}],"curies":[{"name":"wp","href":"https:\/\/api.w.org\/{rel}","templated":true}]}}