{"id":29238,"date":"2025-09-07T11:01:48","date_gmt":"2025-09-07T03:01:48","guid":{"rendered":"https:\/\/www.eco-leather.com\/product\/blue-microfiber-artificial-micro-suede-leather-fabric-for-display-stands-2\/"},"modified":"2025-09-07T11:01:48","modified_gmt":"2025-09-07T03:01:48","slug":"blauer-mikrofaser-kunstleder-stoff-fur-display-stander-2","status":"publish","type":"product","link":"https:\/\/www.eco-leather.com\/de\/blauer-mikrofaser-kunstleder-stoff-fur-display-stander-2\/","title":{"rendered":"Blauer Mikrofaser-Kunstleder-Stoff aus Wildleder f\u00fcr Display-St\u00e4nder"},"content":{"rendered":"<h2>Blaue Mikrofaser k\u00fcnstliche Mikro Wildleder Stoff f\u00fcr Display-St\u00e4nder Fabrik<\/h2>\n<p><main><\/p>\n<section id=\"product-overview\">\n<h2>Beschreibung des Produkts<\/h2>\n<p>Produkt <strong>Floraler Sofa-Stoff<\/strong> Einf\u00fchrung<\/p>\n<p>Material: <strong>Automobil LederSitze Service Hund<\/strong> Mikrofaser Wildleder Leder<\/p>\n<p>Unser 0,7 mm starkes Ultrasuede Microfiber Faux Leather wird aus hochwertigen Mikrofasermaterialien hergestellt und ist die perfekte Wahl f\u00fcr Fahrradhandschuhe. Es bietet ein ausgewogenes Verh\u00e4ltnis zwischen Flexibilit\u00e4t und St\u00e4rke, au\u00dfergew\u00f6hnliche Atmungsaktivit\u00e4t und feuchtigkeitsableitende Eigenschaften, damit die H\u00e4nde bei intensiven Fahrten k\u00fchl und trocken bleiben.<\/p>\n<p>Ob Sie nun ein professioneller Radfahrer oder ein Freizeitradler sind, Microfiber Leather bietet unschlagbaren Komfort und Schutz. Seine hohe Widerstandsf\u00e4higkeit gegen Abrieb und Risse sorgt f\u00fcr eine lang anhaltende Leistung, w\u00e4hrend das elegante Design einen raffinierten Touch zu jedem Biker-Ensemble hinzuf\u00fcgt.<\/p>\n<\/section>\n<section id=\"specifications\">\n<h2>Technische Parameter<\/h2>\n<ul class_=\"parameters-list\">\n<li><span class=\"param-name\">Abriebfest <strong>Eco Car Lederjacke<\/strong> und langlebig:<\/span> Das speziell verarbeitete Mikrofaser-Wildleder bietet eine au\u00dfergew\u00f6hnliche Abriebfestigkeit und Haltbarkeit. Auch <strong>Kleidungsst\u00fcck Leder Importiert<\/strong> Auch nach l\u00e4ngerem Gebrauch beh\u00e4lt es seine neuwertige Beschaffenheit und begleitet Ihren Schmuck durch alle wichtigen Momente.<\/li>\n<li><span class=\"param-name\">Produkt <strong>Kunstlederboxen China<\/strong> Spezifikation Material:<\/span> Microfiber Suede L eather Zusammenstellung: 55 Nylon + 45% Polyurethan Markenname WINIW Company Factory Gro\u00dfhandel PVC Leder HerstellerDicke: 0,4mm, 0,5mm, 0,6mm, kundenspezifische Breite: 54\u2033, 137cm Farbe: Wei\u00df, Rot, Blau, Gr\u00fcn, Beige, kundenspezifische Farben MOQ: 300 lineare Meter Vorlaufzeit: 10 -20 Tage Produktionskapazit\u00e4t: 1.000.000 Meter monatlich Feature Anti-Schimmel, kratzfest, sehr langlebig Herkunftsland China Customized Ja Anwendung Schmuck-Box, D isplay steht, Telefonkoffer, W atch-Box Material: Microfiber Suede L eather Zusammenstellung: 55 Nylon + 45% Polyurethan Markenname WINIW Company Factory Gro\u00dfhandel PVC Leder HerstellerDicke: 0,4mm, 0,5mm, 0,6mm, kundenspezifische Breite: 54\u2033, 137cm Farbe: Wei\u00df, Rot, Blau, Gr\u00fcn, Beige, kundenspezifische Farben MOQ: 300 lineare Meter Vorlaufzeit: 10 -20 Tage Produktionskapazit\u00e4t: 1.000.000 Meter monatlich Feature Anti-Schimmel, Kratzfest, sehr langlebig Herkunftsland China Customized Ja Anwendung Schmuckk\u00e4stchen, D isplay steht, Telefon Fall, W atch Box<\/li>\n<\/ul>\n<p><img decoding=\"async\" alt=\"0.7mm Ultrasuede Mikrofaser Kunstleder f\u00fcr Radsporthandschuhe - Materialspezifikation\" class=\"product-image\" src=\"\/wp-content\/uploads\/2025\/08\/07mm-ultrasuede-microfiber-faux-leather-for-cycling-gloves--37881.jpg\"\/><\/p>\n<h3>Produkt-Parameter<\/h3>\n<ul class=\"parameters-list\">\n<li><span class=\"param-name\">Material:<\/span> Mikrofaser + PU<\/li>\n<li><span class=\"param-name\">Farbe:<\/span> Schwarz, Grau, Beige (benutzerdefinierte Farben verf\u00fcgbar)<\/li>\n<li><span class=\"param-name\">Die Dicke:<\/span> 0,6 mm, 0,7 mm, 0,8 mm, 1 mm<\/li>\n<li><span class=\"param-name\">Mindestbestellmenge:<\/span> 300 laufende Meter<\/li>\n<li><span class=\"param-name\">L\u00e4nge der Rolle:<\/span> 20-30m\/Rolle<\/li>\n<li><span class=\"param-name\">Lieferzeiten:<\/span> 15-20 Tage<\/li>\n<li><span class=\"param-name\">Breite:<\/span> 54\u2033, 137cm<\/li>\n<li><span class=\"param-name\">Produktionskapazit\u00e4t:<\/span> 1.000.000 Meter monatlich<\/li>\n<\/ul>\n<\/section>\n<section id=\"features\">\n<h2>Produktmerkmale<\/h2>\n<div class=\"feature-item\">\n<img decoding=\"async\" alt=\"MicrofiberSuede Leather Waterproof SpraySuede Leather wurde speziell behandelt, um ausgezeichnete Abriebfestigkeit und Haltbarkeit zu gew\u00e4hrleisten\" class=\"feature-image left\" src=\"\/wp-content\/uploads\/2025\/08\/blue-microfiber-artificial-micro-suede-leather-fabric-for-display-stands-32233.jpg\"\/><\/p>\n<h3>Mikrofaser <strong>Wildleder Impr\u00e4gnierspray<\/strong> Das Wildleder wurde speziell behandelt, um eine hervorragende Abriebfestigkeit und Haltbarkeit zu gew\u00e4hrleisten.<\/h3>\n<p>Mikrofaser <strong>Wildleder Impr\u00e4gnierspray<\/strong> Wildleder wurde speziell behandelt, um eine hervorragende Abriebfestigkeit und Haltbarkeit zu gew\u00e4hrleisten. Es widersteht der Reibung und dem Verschlei\u00df im t\u00e4glichen Gebrauch und beh\u00e4lt auch nach l\u00e4ngerem Gebrauch sein neuwertiges Aussehen und seine Haptik.<\/p>\n<div class=\"clear\"><\/div>\n<\/div>\n<div class=\"feature-item\">\n<img decoding=\"async\" alt=\"Das bedeutet, dass Ihr Schmuckk\u00e4stchen Sie durch unz\u00e4hlige kostbare Momente begleiten kann und Zeuge jedes Funkelns Ihres Schmucks wird.\" class=\"feature-image left\" src=\"\/wp-content\/uploads\/2025\/08\/blue-microfiber-artificial-micro-suede-leather-fabric-for-display-stands-32234.JPG\"\/><\/p>\n<h3>Das bedeutet, dass Ihr Schmuckk\u00e4stchen Sie durch unz\u00e4hlige kostbare Momente begleiten kann und Zeuge jedes Funkelns Ihres Schmucks wird.<\/h3>\n<p>So kann Ihr Schmuckk\u00e4stchen Sie durch unz\u00e4hlige kostbare Momente begleiten und Zeuge jedes Funkelns Ihres Schmucks werden.<\/p>\n<div class=\"clear\"><\/div>\n<\/div>\n<div class=\"feature-item\">\n<img decoding=\"async\" alt=\"Hohe Rei\u00dffestigkeit - Ultrasuede Mikrofaser-Kunstleder f\u00fcr Fahrradhandschuhe\" class=\"feature-image left\" src=\"\/wp-content\/uploads\/2025\/08\/07mm-ultrasuede-microfiber-faux-leather-for-cycling-gloves--37882.jpg\"\/><\/p>\n<h3>Hohe Rei\u00dffestigkeit<\/h3>\n<p>Unser Ultrasuede-Mikrofaserleder zeichnet sich durch eine au\u00dfergew\u00f6hnliche Rei\u00dffestigkeit aus, so dass es unter Belastung nicht bricht oder sich leicht verformt. Dies macht es ideal f\u00fcr Produkte, die Haltbarkeit und langfristige Leistung erfordern.<\/p>\n<div class=\"clear\"><\/div>\n<\/div>\n<div class=\"feature-item\">\n<img decoding=\"async\" alt=\"Formstabilit\u00e4t - Ultrasuede Mikrofaser-Kunstleder f\u00fcr Fahrradhandschuhe\" class=\"feature-image right\" src=\"\/wp-content\/uploads\/2025\/08\/07mm-ultrasuede-microfiber-faux-leather-for-cycling-gloves--37883.jpg\"\/><\/p>\n<h3>Nicht leicht zu verformen<\/h3>\n<p>Dieses Material wurde speziell behandelt, um seine urspr\u00fcngliche Form zu erhalten, und bietet eine hervorragende Elastizit\u00e4t und Stabilit\u00e4t. Es widersteht Verformungen durch \u00e4u\u00dferen Druck oder Dehnung, so dass die Produkte langfristig intakt und attraktiv bleiben.<\/p>\n<div class=\"clear\"><\/div>\n<\/div>\n<div class=\"feature-item\">\n<img decoding=\"async\" alt=\"Strapazierf\u00e4higkeit - Ultrasuede Microfiber Faux Leather f\u00fcr Fahrradhandschuhe\" class=\"feature-image left\" src=\"\/wp-content\/uploads\/2025\/08\/07mm-ultrasuede-microfiber-faux-leather-for-cycling-gloves--37884.jpg\"\/><\/p>\n<h3>Dauerhaftigkeit<\/h3>\n<p>Dieses Material ist extrem widerstandsf\u00e4hig gegen Abrieb, Risse und Einstiche und sorgt daf\u00fcr, dass die Handschuhe auch bei l\u00e4ngerem Gebrauch in bestem Zustand bleiben. Au\u00dferdem bietet es eine hervorragende Fingerfertigkeit und Festigkeit f\u00fcr hochwertige Lederwaren.<\/p>\n<div class=\"clear\"><\/div>\n<\/div>\n<\/section>\n<p><\/main><\/p>\n<section id=\"inquiry\">\n<h2 style=\"text-align: center;\">Mit freundlichen Gr\u00fc\u00dfen erwarten wir Ihre Anfrage!<\/h2>\n<p style=\"text-align: center;\">Kontaktieren Sie uns noch heute, um mehr \u00fcber unsere Produkte zu erfahren und Ihre Bestellung aufzugeben.<\/p>\n<\/section>\n\n    <div class=\"xs_social_share_widget xs_share_url after_content \t\tmain_content  wslu-style-1 wslu-share-box-shaped wslu-fill-colored wslu-none wslu-share-horizontal wslu-theme-font-no wslu-main_content\">\n\n\t\t\n        <ul>\n\t\t\t        <\/ul>\n    <\/div>","protected":false},"excerpt":{"rendered":"<div class=\"product-short-description\">Microsuede f\u00fcr Schmuck Display Blue Microfiber Artificial Micro Suede Leather Fabric For Display Stands WINIW Blue Microfiber Artificial Micro Suede Leather Fabric For Display Stands Key features include.Ideal f\u00fcr diejenigen, die Qualit\u00e4t und Zuverl\u00e4ssigkeit.<\/p>\n<p>Als direkte Fabrik, Hersteller und Gro\u00dfh\u00e4ndler k\u00f6nnen wir den Produktionsprozess streng kontrollieren, um die Produktqualit\u00e4t zu gew\u00e4hrleisten und Ihnen die g\u00fcnstigsten Preise zu bieten. Wir verf\u00fcgen \u00fcber fortschrittliche Produktionsanlagen und ein professionelles technisches Team, um Ihren Bedarf an Gro\u00dfauftr\u00e4gen zu decken und eine p\u00fcnktliche Lieferung zu gew\u00e4hrleisten.<\/p>\n<\/div>","protected":false},"featured_media":5286,"template":"","meta":[],"product_brand":[],"product_cat":[294],"product_tag":[19066],"class_list":{"0":"post-29238","1":"product","2":"type-product","3":"status-publish","4":"has-post-thumbnail","6":"product_cat-microsuede-for-jewelry-display","7":"product_tag-leather-fabric-wikipedialeather-fabric-yardlike-leather-fabriclilac-leather-fabricmermaid-leather-fabricneon-leather-fabric","9":"first","10":"instock","11":"product-type-simple"},"_links":{"self":[{"href":"https:\/\/www.eco-leather.com\/de\/wp-json\/wp\/v2\/product\/29238","targetHints":{"allow":["GET"]}}],"collection":[{"href":"https:\/\/www.eco-leather.com\/de\/wp-json\/wp\/v2\/product"}],"about":[{"href":"https:\/\/www.eco-leather.com\/de\/wp-json\/wp\/v2\/types\/product"}],"wp:featuredmedia":[{"embeddable":true,"href":"https:\/\/www.eco-leather.com\/de\/wp-json\/wp\/v2\/media\/5286"}],"wp:attachment":[{"href":"https:\/\/www.eco-leather.com\/de\/wp-json\/wp\/v2\/media?parent=29238"}],"wp:term":[{"taxonomy":"product_brand","embeddable":true,"href":"https:\/\/www.eco-leather.com\/de\/wp-json\/wp\/v2\/product_brand?post=29238"},{"taxonomy":"product_cat","embeddable":true,"href":"https:\/\/www.eco-leather.com\/de\/wp-json\/wp\/v2\/product_cat?post=29238"},{"taxonomy":"product_tag","embeddable":true,"href":"https:\/\/www.eco-leather.com\/de\/wp-json\/wp\/v2\/product_tag?post=29238"}],"curies":[{"name":"wp","href":"https:\/\/api.w.org\/{rel}","templated":true}]}}