{"id":29237,"date":"2025-09-07T11:01:48","date_gmt":"2025-09-07T03:01:48","guid":{"rendered":"https:\/\/www.eco-leather.com\/product\/wrinkle-resistant-artificial-vegan-suede-fabric-for-display-stands\/"},"modified":"2025-09-07T11:01:48","modified_gmt":"2025-09-07T03:01:48","slug":"knitterfreier-kunstlicher-veganer-wildlederstoff-fur-verkaufsstander","status":"publish","type":"product","link":"https:\/\/www.eco-leather.com\/de\/knitterfreier-kunstlicher-veganer-wildlederstoff-fur-verkaufsstander\/","title":{"rendered":"Knitterfreier k\u00fcnstlicher Wildleder-Stoff f\u00fcr Display-St\u00e4nder"},"content":{"rendered":"<h2>Knitterfreier k\u00fcnstlicher Wildleder-Stoff f\u00fcr Display-St\u00e4nder Lieferant<\/h2>\n<p><main><\/p>\n<section id=\"product-overview\">\n<h2>Beschreibung des Produkts<\/h2>\n<p>Produkt <strong>Wasserdichter Sofa-Stoff<\/strong> Einf\u00fchrung<\/p>\n<p>Material: <strong>Autoinnenraum Stoff Exporter<\/strong> Mikrofaser Veloursleder Zusammensetzung:<\/p>\n<p>Unser 0,7 mm starkes Ultrasuede Microfiber Faux Leather wird aus hochwertigen Mikrofasermaterialien hergestellt und ist die perfekte Wahl f\u00fcr Fahrradhandschuhe. Es bietet ein ausgewogenes Verh\u00e4ltnis zwischen Flexibilit\u00e4t und St\u00e4rke, au\u00dfergew\u00f6hnliche Atmungsaktivit\u00e4t und feuchtigkeitsableitende Eigenschaften, damit die H\u00e4nde bei intensiven Fahrten k\u00fchl und trocken bleiben.<\/p>\n<p>Ob Sie nun ein professioneller Radfahrer oder ein Freizeitradler sind, Microfiber Leather bietet unschlagbaren Komfort und Schutz. Seine hohe Widerstandsf\u00e4higkeit gegen Abrieb und Risse sorgt f\u00fcr eine lang anhaltende Leistung, w\u00e4hrend das elegante Design einen raffinierten Touch zu jedem Biker-Ensemble hinzuf\u00fcgt.<\/p>\n<\/section>\n<section id=\"specifications\">\n<h2>Technische Parameter<\/h2>\n<ul class_=\"parameters-list\">\n<li><span class=\"param-name\">Wildleder <strong>Fleckenunempfindlicher Couch-Stoff<\/strong> Textur, eleganter Akzent:<\/span> Das einzigartige Wildlederdesign verst\u00e4rkt nicht nur die optische Wirkung des Schmuckk\u00e4stchens, sondern bringt auch den Glanz des Schmucks wirkungsvoll zur Geltung.<\/li>\n<li><span class=\"param-name\">Es <strong>H\u00e4ndler f\u00fcr strukturierte Lederstoffe<\/strong> l\u00e4sst jedes Schmuckst\u00fcck in sanftem Licht und Schatten zur Geltung kommen und verleiht ihm unendlichen Charme. Leichtes Gewicht <strong>Sofa-Stoffe Gro\u00dfh\u00e4ndler<\/strong> und weich, leicht zu handhaben:<\/span> Die leichte und geschmeidige Beschaffenheit des Materials macht die Herstellung von Schmuckschatullen einfacher und effizienter.<\/li>\n<li><span class=\"param-name\">Designer k\u00f6nnen die Materialien flexibel einsetzen, um eine Vielzahl von sch\u00f6nen Stilen und Formen zu schaffen, die den unterschiedlichen Anforderungen an die Pr\u00e4sentation gerecht werden. Produktspezifikation Material:<\/span> Microfiber Suede L eather Zusammenstellung: 55 Nylon + 45% Polyurethan Markenname WINIW Company Factory Wholesale PU Material ManufacturersThickness: 0.4mm, 0.5mm, 0.6mm, customized Width: 54\u2033, 137cm Color: White, Red, Blue, Green, Beige, customized colors MOQ: 300 linear meters Lead time: 10 -20 days Production Capacity: 1,000,000 meters monthly Feature Anti-Mildew, Scratch resistant, Highly durable Place of Origin China Customized Yes Application Jewelry box, D isplay stands, Phone case, W atch box Material: Microfiber Suede L eather Zusammenstellung: 55 Nylon + 45% Polyurethan Markenname WINIW Company Factory Gro\u00dfhandel PU Material ManufacturersThickness: 0.4mm, 0.5mm, 0.6mm, angepasst Breite: 54\u2033, 137cm Farbe: Wei\u00df, Rot, Blau, Gr\u00fcn, Beige, kundenspezifische Farben MOQ: 300 lineare Meter Lieferzeit: 1 0 -20 Tage Produktionskapazit\u00e4t: 1.000.000 Meter monatlich Feature Anti-Schimmel, Kratzfest, sehr langlebig Herkunftsland China Customized Ja Anwendung Schmuck-Box, D isplay steht, Telefon Fall, W atch Box<\/li>\n<\/ul>\n<p><img decoding=\"async\" alt=\"0.7mm Ultrasuede Mikrofaser Kunstleder f\u00fcr Radsporthandschuhe - Materialspezifikation\" class=\"product-image\" src=\"\/wp-content\/uploads\/2025\/08\/07mm-ultrasuede-microfiber-faux-leather-for-cycling-gloves--37881.jpg\"\/><\/p>\n<h3>Produkt-Parameter<\/h3>\n<ul class=\"parameters-list\">\n<li><span class=\"param-name\">Material:<\/span> Mikrofaser + PU<\/li>\n<li><span class=\"param-name\">Farbe:<\/span> Schwarz, Grau, Beige (benutzerdefinierte Farben verf\u00fcgbar)<\/li>\n<li><span class=\"param-name\">Die Dicke:<\/span> 0,6 mm, 0,7 mm, 0,8 mm, 1 mm<\/li>\n<li><span class=\"param-name\">Mindestbestellmenge:<\/span> 300 laufende Meter<\/li>\n<li><span class=\"param-name\">L\u00e4nge der Rolle:<\/span> 20-30m\/Rolle<\/li>\n<li><span class=\"param-name\">Lieferzeiten:<\/span> 15-20 Tage<\/li>\n<li><span class=\"param-name\">Breite:<\/span> 54\u2033, 137cm<\/li>\n<li><span class=\"param-name\">Produktionskapazit\u00e4t:<\/span> 1.000.000 Meter monatlich<\/li>\n<\/ul>\n<\/section>\n<p><\/main><\/p>\n<section id=\"inquiry\">\n<h2 style=\"text-align: center;\">Mit freundlichen Gr\u00fc\u00dfen erwarten wir Ihre Anfrage!<\/h2>\n<p style=\"text-align: center;\">Kontaktieren Sie uns noch heute, um mehr \u00fcber unsere Produkte zu erfahren und Ihre Bestellung aufzugeben.<\/p>\n<\/section>\n\n    <div class=\"xs_social_share_widget xs_share_url after_content \t\tmain_content  wslu-style-1 wslu-share-box-shaped wslu-fill-colored wslu-none wslu-share-horizontal wslu-theme-font-no wslu-main_content\">\n\n\t\t\n        <ul>\n\t\t\t        <\/ul>\n    <\/div>","protected":false},"excerpt":{"rendered":"<div class=\"product-short-description\">Microsuede f\u00fcr Schmuck Display Wrinkle-resistente k\u00fcnstliche Vegan Suede Stoff f\u00fcr Display-St\u00e4nder WINIW Wrinkle-resistente k\u00fcnstliche Vegan Suede Stoff f\u00fcr Display-St\u00e4nder Key features include.ideal f\u00fcr diejenigen, die Qualit\u00e4t und Zuverl\u00e4ssigkeit.<\/p>\n<p>Als direkte Fabrik, Hersteller und Gro\u00dfh\u00e4ndler k\u00f6nnen wir den Produktionsprozess streng kontrollieren, um die Produktqualit\u00e4t zu gew\u00e4hrleisten und Ihnen die g\u00fcnstigsten Preise zu bieten. Wir verf\u00fcgen \u00fcber fortschrittliche Produktionsanlagen und ein professionelles technisches Team, um Ihren Bedarf an Gro\u00dfauftr\u00e4gen zu decken und eine p\u00fcnktliche Lieferung zu gew\u00e4hrleisten.<\/p>\n<\/div>","protected":false},"featured_media":5284,"template":"","meta":[],"product_brand":[],"product_cat":[294],"product_tag":[19065],"class_list":{"0":"post-29237","1":"product","2":"type-product","3":"status-publish","4":"has-post-thumbnail","6":"product_cat-microsuede-for-jewelry-display","7":"product_tag-vegan-suede-hatsvegan-suede-hats-wholesalevegan-suede-bag-in-greyvegan-suede-bag-in-blackvegan-suede-bag-in-brownvegan-suede-bag-with-flap","9":"first","10":"instock","11":"product-type-simple"},"_links":{"self":[{"href":"https:\/\/www.eco-leather.com\/de\/wp-json\/wp\/v2\/product\/29237","targetHints":{"allow":["GET"]}}],"collection":[{"href":"https:\/\/www.eco-leather.com\/de\/wp-json\/wp\/v2\/product"}],"about":[{"href":"https:\/\/www.eco-leather.com\/de\/wp-json\/wp\/v2\/types\/product"}],"wp:featuredmedia":[{"embeddable":true,"href":"https:\/\/www.eco-leather.com\/de\/wp-json\/wp\/v2\/media\/5284"}],"wp:attachment":[{"href":"https:\/\/www.eco-leather.com\/de\/wp-json\/wp\/v2\/media?parent=29237"}],"wp:term":[{"taxonomy":"product_brand","embeddable":true,"href":"https:\/\/www.eco-leather.com\/de\/wp-json\/wp\/v2\/product_brand?post=29237"},{"taxonomy":"product_cat","embeddable":true,"href":"https:\/\/www.eco-leather.com\/de\/wp-json\/wp\/v2\/product_cat?post=29237"},{"taxonomy":"product_tag","embeddable":true,"href":"https:\/\/www.eco-leather.com\/de\/wp-json\/wp\/v2\/product_tag?post=29237"}],"curies":[{"name":"wp","href":"https:\/\/api.w.org\/{rel}","templated":true}]}}