{"id":29236,"date":"2025-09-07T11:01:38","date_gmt":"2025-09-07T03:01:38","guid":{"rendered":"https:\/\/www.eco-leather.com\/product\/aging-resistant-microfiber-synthetic-pu-suede-for-display-equipment\/"},"modified":"2025-09-07T11:01:43","modified_gmt":"2025-09-07T03:01:43","slug":"alterungsbestandiges-mikrofaser-synthetik-pu-wildleder-fur-display-ausstattung","status":"publish","type":"product","link":"https:\/\/www.eco-leather.com\/de\/alterungsbestandiges-mikrofaser-synthetik-pu-wildleder-fur-display-ausstattung\/","title":{"rendered":"Alterungsbest\u00e4ndiges Mikrofaser-Synthetik-PU-Wildleder f\u00fcr Anzeigeger\u00e4te"},"content":{"rendered":"<h2>Alterungsbest\u00e4ndiges Mikrofaser-Synthetik-PU-Wildleder f\u00fcr Display-Ausr\u00fcstung Fabrik<\/h2>\n<p><main><\/p>\n<section id=\"product-overview\">\n<h2>Beschreibung des Produkts<\/h2>\n<p>Produkt-Einf\u00fchrung<\/p>\n<p>Material:<\/p>\n<p>Mikrofaser Wildleder Leder<\/p>\n<p>Unser 0,7 mm starkes Ultrasuede Microfiber Faux Leather wird aus hochwertigen Mikrofasermaterialien hergestellt und ist die perfekte Wahl f\u00fcr Fahrradhandschuhe. Es bietet ein ausgewogenes Verh\u00e4ltnis zwischen Flexibilit\u00e4t und St\u00e4rke, au\u00dfergew\u00f6hnliche Atmungsaktivit\u00e4t und feuchtigkeitsableitende Eigenschaften, damit die H\u00e4nde bei intensiven Fahrten k\u00fchl und trocken bleiben.<\/p>\n<p>Ob Sie nun ein professioneller Radfahrer oder ein Freizeitradler sind, Microfiber Leather bietet unschlagbaren Komfort und Schutz. Seine hohe Widerstandsf\u00e4higkeit gegen Abrieb und Risse sorgt f\u00fcr eine lang anhaltende Leistung, w\u00e4hrend das elegante Design einen raffinierten Touch zu jedem Biker-Ensemble hinzuf\u00fcgt.<\/p>\n<\/section>\n<section id=\"specifications\">\n<h2>Technische Parameter<\/h2>\n<ul class_=\"parameters-list\">\n<li><span class=\"param-name\">Bunt:<\/span> Wir bieten Ihnen eine breite Farbpalette, von klassischem Schwarz, Wei\u00df und Grau bis hin zu modischen, leuchtenden Farben, die Ihr Herz h\u00f6her schlagen lassen und Ihre W\u00fcnsche f\u00fcr die pers\u00f6nliche Gestaltung Ihres Schmuckk\u00e4stchens erf\u00fcllen.<\/li>\n<li><span class=\"param-name\">Umweltfreundliche Materialien, sicher und gesund:<\/span> Es werden umweltfreundliche und ungiftige Rohstoffe und Produktionsverfahren verwendet, um sicherzustellen, dass die Produkte w\u00e4hrend des Gebrauchs keine sch\u00e4dlichen Substanzen freisetzen und so eine umweltfreundliche und gesunde Ausstellungsumgebung f\u00fcr Sie und Ihren Schmuck schaffen.<\/li>\n<p>Produkt-Spezifikation<\/p>\n<li><span class=\"param-name\">Material:<\/span> Microfiber Suede L eather Zusammensetzung: 55 Nylon + 45% Polyurethan Markenname WINIW Firma Fabrik Gro\u00dfhandel PVC Leder HerstellerDicke: 0,4mm, 0,5mm, 0,6mm, kundenspezifische Breite: 54\u2033, 137cm Farbe: Wei\u00df, Rot, Blau, Gr\u00fcn, Beige, kundenspezifische Farben MOQ: 300 lineare Meter Vorlaufzeit: 10 -20 Tage Produktionskapazit\u00e4t: 1.000.000 Meter monatlich Merkmal Anti-Schimmel, Kratzfest, sehr langlebig Herkunftsland China Kundenspezifisch Ja Anwendung Schmuckk\u00e4stchen, D isplay steht, Handytasche, W atchbox<\/li>\n<li><span class=\"param-name\">Material:<\/span> Microfiber Suede L eather Zusammensetzung: 55 Nylon + 45% Polyurethan Markenname WINIW Firma Fabrik Gro\u00dfhandel PVC Leder HerstellerDicke: 0,4mm, 0,5mm, 0,6mm, kundenspezifische Breite: 54\u2033, 137cm Farbe: Wei\u00df, Rot, Blau, Gr\u00fcn, Beige, kundenspezifische Farben MOQ: 300 lineare Meter Vorlaufzeit: 10 -20 Tage Produktionskapazit\u00e4t: 1.000.000 Meter monatlich Merkmal Anti-Schimmel, Kratzfest, sehr langlebig Herkunftsland China Kundenspezifisch Ja Anwendung Schmuckk\u00e4stchen, D isplay steht, Handytasche, W atchbox<\/li>\n<\/ul>\n<p><img decoding=\"async\" alt=\"0.7mm Ultrasuede Mikrofaser Kunstleder f\u00fcr Radsporthandschuhe - Materialspezifikation\" class=\"product-image\" src=\"\/wp-content\/uploads\/2025\/08\/07mm-ultrasuede-microfiber-faux-leather-for-cycling-gloves--37881.jpg\"\/><\/p>\n<h3>Produkt-Parameter<\/h3>\n<ul class=\"parameters-list\">\n<li><span class=\"param-name\">Material:<\/span> Mikrofaser + PU<\/li>\n<li><span class=\"param-name\">Farbe:<\/span> Schwarz, Grau, Beige (benutzerdefinierte Farben verf\u00fcgbar)<\/li>\n<li><span class=\"param-name\">Die Dicke:<\/span> 0,6 mm, 0,7 mm, 0,8 mm, 1 mm<\/li>\n<li><span class=\"param-name\">Mindestbestellmenge:<\/span> 300 laufende Meter<\/li>\n<li><span class=\"param-name\">L\u00e4nge der Rolle:<\/span> 20-30m\/Rolle<\/li>\n<li><span class=\"param-name\">Lieferzeiten:<\/span> 15-20 Tage<\/li>\n<li><span class=\"param-name\">Breite:<\/span> 54\u2033, 137cm<\/li>\n<li><span class=\"param-name\">Produktionskapazit\u00e4t:<\/span> 1.000.000 Meter monatlich<\/li>\n<\/ul>\n<\/section>\n<p><\/main><\/p>\n<section id=\"inquiry\">\n<h2 style=\"text-align: center;\">Mit freundlichen Gr\u00fc\u00dfen erwarten wir Ihre Anfrage!<\/h2>\n<p style=\"text-align: center;\">Kontaktieren Sie uns noch heute, um mehr \u00fcber unsere Produkte zu erfahren und Ihre Bestellung aufzugeben.<\/p>\n<\/section>\n\n    <div class=\"xs_social_share_widget xs_share_url after_content \t\tmain_content  wslu-style-1 wslu-share-box-shaped wslu-fill-colored wslu-none wslu-share-horizontal wslu-theme-font-no wslu-main_content\">\n\n\t\t\n        <ul>\n\t\t\t        <\/ul>\n    <\/div>","protected":false},"excerpt":{"rendered":"<div class=\"product-short-description\">Microsuede f\u00fcr Schmuck Display Alterungsbest\u00e4ndige Mikrofaser Synthetische PU-Wildleder f\u00fcr Display-Ausr\u00fcstung WINIW Alterungsbest\u00e4ndige Mikrofaser Synthetische PU-Wildleder f\u00fcr Display-Ausr\u00fcstung Key features include.Ideal f\u00fcr diejenigen, die Qualit\u00e4t und Zuverl\u00e4ssigkeit.<\/p>\n<p>Als direkte Fabrik, Hersteller und Gro\u00dfh\u00e4ndler k\u00f6nnen wir den Produktionsprozess streng kontrollieren, um die Produktqualit\u00e4t zu gew\u00e4hrleisten und Ihnen die g\u00fcnstigsten Preise zu bieten. Wir verf\u00fcgen \u00fcber fortschrittliche Produktionsanlagen und ein professionelles technisches Team, um Ihren Bedarf an Gro\u00dfauftr\u00e4gen zu decken und eine p\u00fcnktliche Lieferung zu gew\u00e4hrleisten.<\/p>\n<\/div>","protected":false},"featured_media":5282,"template":"","meta":[],"product_brand":[],"product_cat":[294],"product_tag":[],"class_list":{"0":"post-29236","1":"product","2":"type-product","3":"status-publish","4":"has-post-thumbnail","6":"product_cat-microsuede-for-jewelry-display","8":"first","9":"instock","10":"product-type-simple"},"_links":{"self":[{"href":"https:\/\/www.eco-leather.com\/de\/wp-json\/wp\/v2\/product\/29236","targetHints":{"allow":["GET"]}}],"collection":[{"href":"https:\/\/www.eco-leather.com\/de\/wp-json\/wp\/v2\/product"}],"about":[{"href":"https:\/\/www.eco-leather.com\/de\/wp-json\/wp\/v2\/types\/product"}],"wp:featuredmedia":[{"embeddable":true,"href":"https:\/\/www.eco-leather.com\/de\/wp-json\/wp\/v2\/media\/5282"}],"wp:attachment":[{"href":"https:\/\/www.eco-leather.com\/de\/wp-json\/wp\/v2\/media?parent=29236"}],"wp:term":[{"taxonomy":"product_brand","embeddable":true,"href":"https:\/\/www.eco-leather.com\/de\/wp-json\/wp\/v2\/product_brand?post=29236"},{"taxonomy":"product_cat","embeddable":true,"href":"https:\/\/www.eco-leather.com\/de\/wp-json\/wp\/v2\/product_cat?post=29236"},{"taxonomy":"product_tag","embeddable":true,"href":"https:\/\/www.eco-leather.com\/de\/wp-json\/wp\/v2\/product_tag?post=29236"}],"curies":[{"name":"wp","href":"https:\/\/api.w.org\/{rel}","templated":true}]}}